{"id":146,"date":"2011-02-10T12:18:07","date_gmt":"2011-02-10T12:18:07","guid":{"rendered":"http:\/\/geemarc.com\/de\/2011\/02\/10\/ueber-geemarc-de\/"},"modified":"2020-10-29T10:55:19","modified_gmt":"2020-10-29T10:55:19","slug":"ueber-geemarc-de","status":"publish","type":"page","link":"https:\/\/geemarc.com\/de\/ueber-geemarc-de\/","title":{"rendered":"\u00dcber Geemarc"},"content":{"rendered":"<table border=\"0\" align=\"center\">\n<tbody>\n<tr>\n<td style=\"width: 240px;\" valign=\"top\">\n<p><span style=\"font-family: verdana, geneva;\"><img loading=\"lazy\" src=\"\/de\/wp-content\/uploads\/sites\/5\/2018\/01\/UK_office.jpg\" border=\"0\" alt=\"UK_office\" width=\"240\" height=\"180\"><\/span><\/p>\n<p><span style=\"font-family: verdana, geneva; font-size: small;\">Geemarc Telecom Gro\u00dfbritannien<\/span><\/p>\n<p><span style=\"font-family: verdana, geneva; font-size: small;\">&nbsp;<\/span><\/p>\n<p><span style=\"font-family: verdana, geneva; font-size: small;\">&nbsp;<\/span><\/p>\n<p><span style=\"color: #000000; font-family: verdana, geneva; font-size: small;\"><img loading=\"lazy\" src=\"\/de\/wp-content\/uploads\/sites\/5\/2018\/01\/France_office.jpg\" border=\"0\" alt=\"France_office\" width=\"240\" height=\"180\"><\/span><\/p>\n<p><span style=\"font-family: verdana, geneva; font-size: 1em;\"><span style=\"color: #000000; font-family: verdana, geneva; font-size: small;\">Geemarc Telecom S.A.<\/span><span style=\"line-height: 17px;\"><span style=\"font-family: verdana, geneva; font-size: small;\">&nbsp;Frankreich<\/span>&nbsp;<\/span><\/span><\/p>\n<p><span style=\"font-family: verdana, geneva; font-size: 1em;\"><span style=\"color: #000000;\">&nbsp;<\/span><\/span><\/td>\n<td>&nbsp; &nbsp; &nbsp;&nbsp;<\/td>\n<td>\n<div style=\"height: 100%; color: #000000; font-family: Verdana, Arial, Helvetica, sans-serif; font-size: 1em; background-image: initial; background-attachment: initial; background-color: #ffffff; line-height: 135%; margin: 0px;\">\n<p style=\"margin-bottom: 12pt; text-align: center;\" align=\"center\"><span style=\"font-family: verdana, geneva; font-size: small;\"><strong style=\"line-height: 135%; font-size: 1em;\"><span lang=\"DE\">Geemarc Telecom SA hat eine f\u00fcnf Jahrzehnten Erfahrung in der Herstellung und Entwicklung von Telekommunikation Ger\u00e4ten und ist die beste Auswahl f\u00fcr fachbezogene Ger\u00e4ten.<\/span><\/strong><\/span><\/p>\n<p style=\"margin-top: 5.75pt; margin-right: 0cm; margin-bottom: 8.65pt; margin-left: 0cm; text-align: center; line-height: 135%; background-image: initial; background-attachment: initial; background-color: white;\" align=\"center\"><span style=\"font-family: verdana, geneva; font-size: small;\"><strong><span lang=\"DE\">Die Geemarc Clearsound Produktpalette (Hilfsmitteln f\u00fcr H\u00f6rger\u00e4tetr\u00e4ger) verf\u00fcgt nun \u00fcber 80 Produkte und ist die gr\u00f6\u00dfte Vielfalt an Hilfsmittel zurzeit auf dem Markt. Unsere Produkte integrieren Sich nahtlos in dem Audiologie-Sektor. Weltweit sind unsere Produkte in der Akustik-Fachgesch\u00e4ften. <\/span><\/strong><\/span><\/p>\n<p style=\"margin-bottom: 12pt; text-align: center;\" align=\"center\"><span style=\"font-family: verdana, geneva; font-size: small;\"><span style=\"color: #000000;\">&nbsp;<\/span>Unsere Vertriebsb\u00fcros befinden sich in Gro\u00dfbritannien und Frankreich, wo erfahren und &nbsp;hochqualifizierte Fachleute die beste Dienstleistung jeder Zeit unseren Kunden entgegenbringen!<\/span><\/p>\n<p style=\"font-family: Verdana, Arial, Helvetica, sans-serif; font-size: 1em; text-align: center;\"><span style=\"font-family: verdana, geneva; font-size: small; color: #000000;\">&nbsp;<\/span><\/p>\n<p style=\"margin-bottom: 12pt;\"><span style=\"text-decoration: underline; color: #000000; font-family: verdana, geneva; font-size: small;\"><strong>Geschichte des Unternehmens<\/strong><\/span><\/p>\n<p style=\"font-family: Verdana, Arial, Helvetica, sans-serif; font-size: 1em; line-height: 135%;\"><span style=\"font-family: verdana, geneva; font-size: small;\"><span style=\"color: #000000;\"><span style=\"text-decoration: underline;\"><strong>Geemarc Teleco<\/strong><\/span><span style=\"text-decoration: underline;\"><strong>m&nbsp;<\/strong><\/span><\/span><span style=\"text-decoration: underline;\"><strong>Gro\u00dfbritannien<\/strong><\/span><\/span><\/p>\n<p style=\"margin-top: 5.75pt; margin-right: 0cm; margin-bottom: 12pt; margin-left: 0cm; line-height: 135%; background-image: initial; background-attachment: initial; background-color: white;\"><span style=\"font-family: verdana, geneva; font-size: small;\"><span lang=\"DE\">Das Unternehmen Geemarc wurde 1974 in England gegr\u00fcndet und schafft 1978 den Einstieg im Telekommunikationsmarkt. 1984 waren wir eines der ersten Unternehmen auf dem britischen Markt, das die Genehmigung f\u00fcr die Herstellung von schnurlosen Telefonen erhalten hat. <\/span><span style=\"color: red;\" lang=\"DE\"><\/span><\/span><\/p>\n<p> <span lang=\"DE\">Die multinationale Ausrichtung von Geemarc hat 1990 zur Verlagerung unseres Firmensitzes in den Norden Frankreichs gef\u00fchrt, Geemarc Telecom SA (GTSA) wurde gegr\u00fcndet.<\/span><\/p>\n<p style=\"font-family: Verdana, Arial, Helvetica, sans-serif; font-size: 1em;\"><span style=\"font-size: small; font-family: verdana, geneva;\"><span style=\"text-decoration: underline; color: #000000;\"><strong>G<\/strong><\/span><span style=\"text-decoration: underline;\"><strong>eemarc Telecom S.A.&nbsp;Frankreich<\/strong><\/span><\/span><\/p>\n<p style=\"margin-top: 5.75pt; margin-right: 0cm; margin-bottom: 8.65pt; margin-left: 0cm; line-height: 135%; background-image: initial; background-attachment: initial; background-color: white;\"><span style=\"font-size: small; font-family: verdana, geneva;\"><span lang=\"DE\">Selbstverst\u00e4ndlich haben wir in England eine Handels- und Logistikstruktur aufrechterhalten. <\/span><span style=\"color: red;\" lang=\"DE\"><\/span><\/span><\/p>\n<p> <span lang=\"DE\">2001 richtete Geemarc sein Interesse auf den Markt &#8220;spezielle Bed\u00fcrfnisse&#8221;. Zielgruppe sind Personen mit Seh- oder H\u00f6rsch\u00e4den, die speziell auf diese Probleme angepasste Produkte ben\u00f6tigen F\u00fcr diesen Markt muss das Telefon sehr sorgf\u00e4ltig gew\u00e4hlt werden, um die Kommunikation zu optimieren bzw. St\u00f6rungen auf ein Minimum zu reduzieren. Das &#8220;Megafone&#8221; mit Knochenleitung war das erste Produkt dieser Reihe. <\/span><span style=\"color: red;\" lang=\"DE\"><\/span><\/p>\n<p><span lang=\"DE\">Durch dieses Produkt gelang Geemarc der Einstieg im Markt f\u00fcr Telefone f\u00fcr Schwerh\u00f6rige. Unseren Ruf haben wir durch die Zusammenarbeit und den gemeinsamen Erfolg mit den Hauptakteuren des Markts f\u00fcr &#8220;spezielle Bed\u00fcrfnisse&#8221; im Laufe der Jahre aufgebaut und aufrecht gehalten. <\/span><span style=\"color: red;\" lang=\"DE\"><\/span><\/p>\n<p><span lang=\"DE\">Heute sind unsere Produkte Referenz und werden von zahlreichen Spezialisten empfohlen. Heute besteht die Geemarc Clearsound Produktpalette aus \u00fcber 50 Produkten<\/span><span style=\"color: red;\" lang=\"DE\">. <\/span><span lang=\"DE\">&nbsp;<\/span><\/p>\n<p style=\"font-family: Verdana, Arial, Helvetica, sans-serif; font-size: 1em; line-height: 135%;\"><span style=\"text-decoration: underline; font-size: small; font-family: verdana, geneva;\"><strong>&nbsp;<\/strong><\/span><\/p>\n<table style=\"font-family: Verdana, Arial, Helvetica, sans-serif; font-size: 1em; width: 620px;\" border=\"0\" cellspacing=\"0\" cellpadding=\"0\">\n<tbody>\n<tr style=\"height: 37.5pt;\">\n<td style=\"background-image: initial; background-attachment: initial; background-color: #ffffff; height: 37.5pt; padding: 0in;\" valign=\"top\">\n<p><span style=\"font-family: verdana, geneva;\">&nbsp;<\/span><\/p>\n<p style=\"margin-left: 0.5in; line-height: 12px;\"><span style=\"font-family: verdana, geneva; font-size: x-small; color: #000000;\"><span style=\"font-family: verdana, geneva; font-size: xx-small;\"><img loading=\"lazy\" src=\"\/de\/wp-content\/uploads\/sites\/5\/2018\/01\/geemarcsalesmap2s.jpg\" border=\"0\" alt=\"geemarcsalesmap2s\" width=\"560\" height=\"285\" style=\"width: 540px;\"><br \/>\n<\/span><\/span><\/p>\n<\/td>\n<\/tr>\n<tr>\n<td style=\"background-image: initial; background-attachment: initial; background-color: #ffffff; padding: 0in;\">&nbsp;<\/td>\n<\/tr>\n<\/tbody>\n<\/table>\n<p style=\"margin-top: 5.75pt; margin-right: 0cm; margin-bottom: 8.65pt; margin-left: 0cm; line-height: 135%; background-image: initial; background-attachment: initial; background-color: white;\"><span style=\"font-size: small; font-family: verdana, geneva;\" lang=\"DE\">Wir entwickeln und verbessern unsere umfassende Clearsound-Produktpalette stetig und passen unsere Produkte Ihren speziellen Bed\u00fcrfnissen an. <\/span><\/p>\n<p style=\"margin-top: 7.5pt; margin-right: 0cm; margin-bottom: 12pt; margin-left: 0cm;\"><strong style=\"font-size: small; font-family: verdana, geneva; line-height: 135%;\">Genie\u00dft das Leben zusammen!<\/strong><\/p>\n<p style=\"margin-top: 7.5pt; margin-right: 0cm; margin-bottom: 12pt; margin-left: 0cm;\"><span style=\"font-family: verdana, geneva; font-size: small;\" lang=\"DE\">Unser Ziel bei Geemarc ist, die Nachfrage unserer Kunden zufriedenzustellen.<\/span><\/p>\n<p style=\"margin-top: 7.5pt; margin-right: 0cm; margin-bottom: 12pt; margin-left: 0cm;\"><span style=\"font-size: 1em; font-family: verdana, geneva;\"><span style=\"font-size: small;\" lang=\"DE\"><span style=\"font-family: verdana, geneva;\">Unsere hochqualifizierten Mitarbeiter mit langj\u00e4hriger Erfahrung, sind stets darauf bedacht Ihnen mit Ihren Anfragen weiterzuhelfen. Unser Ziel dabei ist es, dass Sie mit Ihren Geemarc-Produkten rundum zufrieden sind.<\/span> <\/span><span lang=\"DE\">&nbsp;<\/span><\/span><\/p>\n<p style=\"margin-top: 7.5pt; margin-right: 0cm; margin-bottom: 12pt; margin-left: 0cm;\">&nbsp;<\/p>\n<p style=\"font-family: Verdana, Arial, Helvetica, sans-serif; font-size: 1em;\"><span style=\"text-decoration: underline; font-family: verdana, geneva; color: #000000;\"><strong>&nbsp;<\/strong><\/span><\/p>\n<\/div>\n<\/td>\n<\/tr>\n<\/tbody>\n<\/table>\n<p><span style=\"font-family: verdana, geneva; font-size: x-small;\"><strong>&nbsp;<\/strong><\/span><\/p>\n","protected":false},"excerpt":{"rendered":"<p>Geemarc Telecom Gro\u00dfbritannien &nbsp; &nbsp; Geemarc Telecom S.A.&nbsp;Frankreich&nbsp; &nbsp; &nbsp; &nbsp; &nbsp;&nbsp; Geemarc Telecom SA hat eine f\u00fcnf Jahrzehnten Erfahrung in der Herstellung und Entwicklung von Telekommunikation Ger\u00e4ten und ist die beste Auswahl f\u00fcr fachbezogene Ger\u00e4ten. Die Geemarc Clearsound Produktpalette (Hilfsmitteln f\u00fcr H\u00f6rger\u00e4tetr\u00e4ger) verf\u00fcgt nun \u00fcber 80 Produkte und ist&#8230;<\/p>\n","protected":false},"author":2,"featured_media":0,"parent":0,"menu_order":1,"comment_status":"open","ping_status":"open","template":"","meta":[],"yoast_head":"<!-- This site is optimized with the Yoast SEO plugin v16.9 - https:\/\/yoast.com\/wordpress\/plugins\/seo\/ -->\n<title>\u00dcber Geemarc - Geemarc Germany<\/title>\n<meta name=\"robots\" content=\"index, follow, max-snippet:-1, max-image-preview:large, max-video-preview:-1\" \/>\n<link rel=\"canonical\" href=\"https:\/\/geemarc.com\/de\/ueber-geemarc-de\/\" \/>\n<meta property=\"og:locale\" content=\"de_DE\" \/>\n<meta property=\"og:type\" content=\"article\" \/>\n<meta property=\"og:title\" content=\"\u00dcber Geemarc - Geemarc Germany\" \/>\n<meta property=\"og:description\" content=\"Geemarc Telecom Gro\u00dfbritannien &nbsp; &nbsp; Geemarc Telecom S.A.&nbsp;Frankreich&nbsp; &nbsp; &nbsp; &nbsp; &nbsp;&nbsp; Geemarc Telecom SA hat eine f\u00fcnf Jahrzehnten Erfahrung in der Herstellung und Entwicklung von Telekommunikation Ger\u00e4ten und ist die beste Auswahl f\u00fcr fachbezogene Ger\u00e4ten. Die Geemarc Clearsound Produktpalette (Hilfsmitteln f\u00fcr H\u00f6rger\u00e4tetr\u00e4ger) verf\u00fcgt nun \u00fcber 80 Produkte und ist...\" \/>\n<meta property=\"og:url\" content=\"https:\/\/geemarc.com\/de\/ueber-geemarc-de\/\" \/>\n<meta property=\"og:site_name\" content=\"Geemarc Germany\" \/>\n<meta property=\"article:modified_time\" content=\"2020-10-29T10:55:19+00:00\" \/>\n<meta property=\"og:image\" content=\"https:\/\/geemarc.com\/de\/wp-content\/uploads\/sites\/5\/2018\/01\/UK_office.jpg\" \/>\n<meta name=\"twitter:card\" content=\"summary_large_image\" \/>\n<meta name=\"twitter:label1\" content=\"Gesch\u00e4tzte Lesezeit\" \/>\n\t<meta name=\"twitter:data1\" content=\"2\u00a0Minuten\" \/>\n<script type=\"application\/ld+json\" class=\"yoast-schema-graph\">{\"@context\":\"https:\/\/schema.org\",\"@graph\":[{\"@type\":\"WebSite\",\"@id\":\"https:\/\/geemarc.com\/de\/#website\",\"url\":\"https:\/\/geemarc.com\/de\/\",\"name\":\"Geemarc Germany\",\"description\":\"\",\"potentialAction\":[{\"@type\":\"SearchAction\",\"target\":{\"@type\":\"EntryPoint\",\"urlTemplate\":\"https:\/\/geemarc.com\/de\/?s={search_term_string}\"},\"query-input\":\"required name=search_term_string\"}],\"inLanguage\":\"de\"},{\"@type\":\"ImageObject\",\"@id\":\"https:\/\/geemarc.com\/de\/ueber-geemarc-de\/#primaryimage\",\"inLanguage\":\"de\",\"url\":\"\/de\/wp-content\/uploads\/sites\/5\/2018\/01\/UK_office.jpg\",\"contentUrl\":\"\/de\/wp-content\/uploads\/sites\/5\/2018\/01\/UK_office.jpg\"},{\"@type\":\"WebPage\",\"@id\":\"https:\/\/geemarc.com\/de\/ueber-geemarc-de\/#webpage\",\"url\":\"https:\/\/geemarc.com\/de\/ueber-geemarc-de\/\",\"name\":\"\\u00dcber Geemarc - Geemarc Germany\",\"isPartOf\":{\"@id\":\"https:\/\/geemarc.com\/de\/#website\"},\"primaryImageOfPage\":{\"@id\":\"https:\/\/geemarc.com\/de\/ueber-geemarc-de\/#primaryimage\"},\"datePublished\":\"2011-02-10T12:18:07+00:00\",\"dateModified\":\"2020-10-29T10:55:19+00:00\",\"breadcrumb\":{\"@id\":\"https:\/\/geemarc.com\/de\/ueber-geemarc-de\/#breadcrumb\"},\"inLanguage\":\"de\",\"potentialAction\":[{\"@type\":\"ReadAction\",\"target\":[\"https:\/\/geemarc.com\/de\/ueber-geemarc-de\/\"]}]},{\"@type\":\"BreadcrumbList\",\"@id\":\"https:\/\/geemarc.com\/de\/ueber-geemarc-de\/#breadcrumb\",\"itemListElement\":[{\"@type\":\"ListItem\",\"position\":1,\"name\":\"Home\",\"item\":\"https:\/\/geemarc.com\/de\/\"},{\"@type\":\"ListItem\",\"position\":2,\"name\":\"\\u00dcber Geemarc\"}]}]}<\/script>\n<!-- \/ Yoast SEO plugin. -->","yoast_head_json":{"title":"\u00dcber Geemarc - Geemarc Germany","robots":{"index":"index","follow":"follow","max-snippet":"max-snippet:-1","max-image-preview":"max-image-preview:large","max-video-preview":"max-video-preview:-1"},"canonical":"https:\/\/geemarc.com\/de\/ueber-geemarc-de\/","og_locale":"de_DE","og_type":"article","og_title":"\u00dcber Geemarc - Geemarc Germany","og_description":"Geemarc Telecom Gro\u00dfbritannien &nbsp; &nbsp; Geemarc Telecom S.A.&nbsp;Frankreich&nbsp; &nbsp; &nbsp; &nbsp; &nbsp;&nbsp; Geemarc Telecom SA hat eine f\u00fcnf Jahrzehnten Erfahrung in der Herstellung und Entwicklung von Telekommunikation Ger\u00e4ten und ist die beste Auswahl f\u00fcr fachbezogene Ger\u00e4ten. Die Geemarc Clearsound Produktpalette (Hilfsmitteln f\u00fcr H\u00f6rger\u00e4tetr\u00e4ger) verf\u00fcgt nun \u00fcber 80 Produkte und ist...","og_url":"https:\/\/geemarc.com\/de\/ueber-geemarc-de\/","og_site_name":"Geemarc Germany","article_modified_time":"2020-10-29T10:55:19+00:00","og_image":[{"url":"https:\/\/geemarc.com\/de\/wp-content\/uploads\/sites\/5\/2018\/01\/UK_office.jpg"}],"twitter_card":"summary_large_image","twitter_misc":{"Gesch\u00e4tzte Lesezeit":"2\u00a0Minuten"},"schema":{"@context":"https:\/\/schema.org","@graph":[{"@type":"WebSite","@id":"https:\/\/geemarc.com\/de\/#website","url":"https:\/\/geemarc.com\/de\/","name":"Geemarc Germany","description":"","potentialAction":[{"@type":"SearchAction","target":{"@type":"EntryPoint","urlTemplate":"https:\/\/geemarc.com\/de\/?s={search_term_string}"},"query-input":"required name=search_term_string"}],"inLanguage":"de"},{"@type":"ImageObject","@id":"https:\/\/geemarc.com\/de\/ueber-geemarc-de\/#primaryimage","inLanguage":"de","url":"\/de\/wp-content\/uploads\/sites\/5\/2018\/01\/UK_office.jpg","contentUrl":"\/de\/wp-content\/uploads\/sites\/5\/2018\/01\/UK_office.jpg"},{"@type":"WebPage","@id":"https:\/\/geemarc.com\/de\/ueber-geemarc-de\/#webpage","url":"https:\/\/geemarc.com\/de\/ueber-geemarc-de\/","name":"\u00dcber Geemarc - Geemarc Germany","isPartOf":{"@id":"https:\/\/geemarc.com\/de\/#website"},"primaryImageOfPage":{"@id":"https:\/\/geemarc.com\/de\/ueber-geemarc-de\/#primaryimage"},"datePublished":"2011-02-10T12:18:07+00:00","dateModified":"2020-10-29T10:55:19+00:00","breadcrumb":{"@id":"https:\/\/geemarc.com\/de\/ueber-geemarc-de\/#breadcrumb"},"inLanguage":"de","potentialAction":[{"@type":"ReadAction","target":["https:\/\/geemarc.com\/de\/ueber-geemarc-de\/"]}]},{"@type":"BreadcrumbList","@id":"https:\/\/geemarc.com\/de\/ueber-geemarc-de\/#breadcrumb","itemListElement":[{"@type":"ListItem","position":1,"name":"Home","item":"https:\/\/geemarc.com\/de\/"},{"@type":"ListItem","position":2,"name":"\u00dcber Geemarc"}]}]}},"acf":[],"_links":{"self":[{"href":"https:\/\/geemarc.com\/de\/wp-json\/wp\/v2\/pages\/146"}],"collection":[{"href":"https:\/\/geemarc.com\/de\/wp-json\/wp\/v2\/pages"}],"about":[{"href":"https:\/\/geemarc.com\/de\/wp-json\/wp\/v2\/types\/page"}],"author":[{"embeddable":true,"href":"https:\/\/geemarc.com\/de\/wp-json\/wp\/v2\/users\/2"}],"replies":[{"embeddable":true,"href":"https:\/\/geemarc.com\/de\/wp-json\/wp\/v2\/comments?post=146"}],"version-history":[{"count":5,"href":"https:\/\/geemarc.com\/de\/wp-json\/wp\/v2\/pages\/146\/revisions"}],"predecessor-version":[{"id":7108,"href":"https:\/\/geemarc.com\/de\/wp-json\/wp\/v2\/pages\/146\/revisions\/7108"}],"wp:attachment":[{"href":"https:\/\/geemarc.com\/de\/wp-json\/wp\/v2\/media?parent=146"}],"curies":[{"name":"wp","href":"https:\/\/api.w.org\/{rel}","templated":true}]}}