{"id":10051,"date":"2023-12-12T14:29:32","date_gmt":"2023-12-12T14:29:32","guid":{"rendered":"https:\/\/geemarc.com\/de\/?post_type=product&#038;p=10051"},"modified":"2026-03-13T11:24:35","modified_gmt":"2026-03-13T11:24:35","slug":"cl9000","status":"publish","type":"product","link":"https:\/\/geemarc.com\/de\/produkt\/cl9000\/","title":{"rendered":"CL9000"},"content":{"rendered":"<p><strong>ANRUFEN\/ANNEHMEN<\/strong><\/p>\n<ul>\n<li>H\u00f6rger\u00e4tekompatibel<\/li>\n<li>Telefonbuch: 500 Eintr\u00e4ge<\/li>\n<li>Drei Direktwahltasten mit Foto<\/li>\n<li>Empfangslautst\u00e4rke bis zu <strong>40dB<\/strong><\/li>\n<li>Tonh\u00f6he einstellbar<\/li>\n<li>Bei eingehendem Anruf: Blitzlicht (LED) + Symbol + Nachricht im Display<\/li>\n<li>Freisprecheinrichtung mit LED-Anzeige<\/li>\n<li>Verst\u00e4rkertaste mit LED-Anzeige<\/li>\n<li>Stummtaste<\/li>\n<li>200 Nachrichten auf dem Telefon, 30 Nachricht auf der SIM Karte.<\/li>\n<\/ul>\n<p>&nbsp;<\/p>\n<p><strong>LCD BILDSCHIRM<\/strong><\/p>\n<ul>\n<li>Wei\u00dfe Hintergrundbeleuchtung<\/li>\n<li>Gro\u00dfer Bildschirm: 128x64mm \u2013 vier Zeilen (dot matrix)<\/li>\n<li>12 w\u00e4hlbare Sprachen: Englisch, Franz\u00f6sisch, Deutsch, Italienisch, Spanisch, Niederl\u00e4ndisch, Portugiesisch, Arabisch, Russisch, Hebr\u00e4isch, Tschechisch, Polnisch.<\/li>\n<li>Navigationsmen\u00fc<\/li>\n<li>Einstellung der Einschaltdauer der Hintergrund-beleuchtung<\/li>\n<li>Uhrzeitanzeige (12h\/24 h)<\/li>\n<li>Anzeige der Gespr\u00e4chsdauer<\/li>\n<li>Anrufliste: 80 Anrufe (Uhrzeit + Datum)<\/li>\n<li>Nachricht + Symbol + LED \u201eneue Nachricht\u201c<\/li>\n<\/ul>\n<p>&nbsp;<\/p>\n<p><strong>KLINGELTON<\/strong><\/p>\n<ul>\n<li>Lautst\u00e4rke auf neun Stufen einstellbar (bis zu <strong>90dB<\/strong>)<\/li>\n<li>Zehn Klingelt\u00f6ne<\/li>\n<li>Visuelle Klingeltonanzeige<\/li>\n<\/ul>\n<p>&nbsp;<\/p>\n<p><strong>SPRACHANSAGE<\/strong><\/p>\n<ul>\n<li>Ansage der gedr\u00fcckten Zifferntaste<\/li>\n<\/ul>\n<p><strong>\u00a0<\/strong><\/p>\n<p><strong>ANRUFERKENNEUNG<\/strong><\/p>\n<ul>\n<li>Sprachansage der Nummer<\/li>\n<li>Permanenter Speicher der letzten 80 eingegangenen Anrufe (Datum und Uhrzeit)<\/li>\n<\/ul>\n<p>&nbsp;<\/p>\n<p><strong>NOTRUF-ARMBAND<\/strong><\/p>\n<ul>\n<li>Wasserdichtes Notrufarmband (IP66) 433 MHz: Ein-Tasten-Steuerung mit LED-Anzeige<\/li>\n<li>Bis zu 5 Notrufnummern speicherbar<\/li>\n<li>Notrufansage individualisierbar<\/li>\n<\/ul>\n<p>&nbsp;<\/p>\n<p><strong>LIEFERUMFANG<\/strong><\/p>\n<ul>\n<li>1 x USB Typ C Kabel mit Netzteil (5V\/1A)<\/li>\n<li>1x wiederaufladbare Batterie 900mAh, 3,3wH<\/li>\n<li>1 x Notruf-Armband (wasserfest) mit Umh\u00e4ngeband<\/li>\n<li>4 x Batterien AA (Telefon)<\/li>\n<li>1 x Batterie CR2025 (im Notruf-Armband)<\/li>\n<li>1 x Halterung zur Wandmontage<\/li>\n<\/ul>\n<p>&nbsp;<\/p>\n<div id=\"threesixty-slider-10052_uKgx1E\" class=\"threesixty-loading threesixty-image threesixty-dark-blue threesixty-vintage threesixty-no-border\" style=\"width: 800px;\">\r\n\t<div class=\"threesixty-preview-10052_uKgx1E\"><img class=\"threesixty-preview-image\" src=\"https:\/\/geemarc.com\/de\/wp-content\/uploads\/sites\/5\/2023\/12\/CL9000-8.jpg\"\/><\/div>\r\n\t<div class=\"threesixty-spinner threesixty-spinner-10052_uKgx1E\">\r\n\t\t<span>0%<\/span>\r\n\t<\/div>\r\n\t<ol class=\"threesixty-images threesixty-images-10052_uKgx1E\"><\/ol>\r\n\t\t\t<a href=\"#threesixty-slider-10052_uKgx1E\" class=\"threesixty-mfp-anchor\"><\/a>\r\n\t<\/div>\r\n<!--SPV--><script type=\"text\/javascript\">\/\/SPV\r\n(function($) {\r\n\t\t$('#threesixty-slider-10052_uKgx1E .threesixty-mfp-anchor').magnificPopup({\r\n\t\ttype:'inline',\r\n\t\tcloseOnBgClick: true,\r\n\t\tmidClick: true,\r\n\t\t\/\/removalDelay: 300,\r\n  \t\t\/\/mainClass: 'mfp-fade',\r\n\t\tcallbacks: {\r\n\t\t\t resize: function() {\r\n\t\t\t \tvar originalHeight \t= 572,\r\n\t\t\t \t\toriginalWidth \t= 800,\r\n\t\t\t \t\tmfpHeight \t\t= 572,\r\n\t\t\t \t\tmfpWidth \t\t= 800,\r\n\t\t\t \t\tratio \t\t\t= originalWidth \/ originalHeight,\r\n\t\t\t \t\twinHeight \t\t= $(window).height(),\r\n\t\t\t \t\twinWidth \t\t= $(window).width();\r\n\t\t\t \t\r\n\t\t\t \tif ( originalHeight > winHeight * 0.9 ) {\r\n\t\t\t \t\tmfpHeight \t\t= winHeight * 0.9;\r\n\t\t\t \t\tmfpWidth \t\t= mfpHeight * ratio;\r\n\t\t\t\t}\r\n\t\t\t\tif ( mfpWidth > winWidth * 0.9 ) {\r\n\t\t\t \t\tmfpWidth \t\t= winWidth * 0.9;\r\n\t\t\t \t\tmfpHeight \t\t= mfpWidth \/ ratio;\r\n\t\t\t\t}\r\n\t\t\t \tif ( mfpHeight < originalHeight && mfpWidth < originalWidth ) {\r\n\t\t\t\t    $('#threesixty-slider-10052_uKgx1E').height(mfpHeight);\r\n\t\t\t\t    $('#threesixty-slider-10052_uKgx1E').width(mfpWidth);\r\n\t\t\t\t} \r\n\t\t\t\telse {\r\n\t\t\t\t    $('#threesixty-slider-10052_uKgx1E').height(originalHeight);\r\n\t\t\t\t    $('#threesixty-slider-10052_uKgx1E').width(originalWidth);\r\n\t\t\t\t}\r\n\t\t\t},\r\n\t\t\tclose: function() {\r\n\t\t\t    $('#threesixty-slider-10052_uKgx1E').height('auto');\r\n\t\t\t    $('#threesixty-slider-10052_uKgx1E').width(800);\r\n\t\t\t}\r\n\t\t},\r\n\t\tcloseMarkup :\"<button class=\\\"mfp-close\\\"><\/button>\"\r\n\t});\r\n\t\tvar product_10052_uKgx1E = $('#threesixty-slider-10052_uKgx1E').ThreeSixty({\r\n\t\ttotalFrames: 36,\r\n\t\tendFrame: 0,\r\n\t\tcurrentFrame: 36,\r\n\t\timgList: '.threesixty-images-10052_uKgx1E',\r\n\t\tprogress: '.threesixty-spinner-10052_uKgx1E',\r\n\t\tpreview: '.threesixty-preview-10052_uKgx1E',\r\n\t\timages: ['https:\/\/geemarc.com\/de\/wp-content\/uploads\/sites\/5\/2023\/12\/CL9000-7.jpg','https:\/\/geemarc.com\/de\/wp-content\/uploads\/sites\/5\/2023\/12\/CL9000-6.jpg','https:\/\/geemarc.com\/de\/wp-content\/uploads\/sites\/5\/2023\/12\/CL9000-5.jpg','https:\/\/geemarc.com\/de\/wp-content\/uploads\/sites\/5\/2023\/12\/CL9000-4.jpg','https:\/\/geemarc.com\/de\/wp-content\/uploads\/sites\/5\/2023\/12\/CL9000-3.jpg','https:\/\/geemarc.com\/de\/wp-content\/uploads\/sites\/5\/2023\/12\/CL9000-2.jpg','https:\/\/geemarc.com\/de\/wp-content\/uploads\/sites\/5\/2023\/12\/CL9000-1.jpg','https:\/\/geemarc.com\/de\/wp-content\/uploads\/sites\/5\/2023\/12\/CL9000-36.jpg','https:\/\/geemarc.com\/de\/wp-content\/uploads\/sites\/5\/2023\/12\/CL9000-35.jpg','https:\/\/geemarc.com\/de\/wp-content\/uploads\/sites\/5\/2023\/12\/CL9000-34.jpg','https:\/\/geemarc.com\/de\/wp-content\/uploads\/sites\/5\/2023\/12\/CL9000-33.jpg','https:\/\/geemarc.com\/de\/wp-content\/uploads\/sites\/5\/2023\/12\/CL9000-32.jpg','https:\/\/geemarc.com\/de\/wp-content\/uploads\/sites\/5\/2023\/12\/CL9000-31.jpg','https:\/\/geemarc.com\/de\/wp-content\/uploads\/sites\/5\/2023\/12\/CL9000-30.jpg','https:\/\/geemarc.com\/de\/wp-content\/uploads\/sites\/5\/2023\/12\/CL9000-29.jpg','https:\/\/geemarc.com\/de\/wp-content\/uploads\/sites\/5\/2023\/12\/CL9000-28.jpg','https:\/\/geemarc.com\/de\/wp-content\/uploads\/sites\/5\/2023\/12\/CL9000-27.jpg','https:\/\/geemarc.com\/de\/wp-content\/uploads\/sites\/5\/2023\/12\/CL9000-26.jpg','https:\/\/geemarc.com\/de\/wp-content\/uploads\/sites\/5\/2023\/12\/CL9000-25.jpg','https:\/\/geemarc.com\/de\/wp-content\/uploads\/sites\/5\/2023\/12\/CL9000-24.jpg','https:\/\/geemarc.com\/de\/wp-content\/uploads\/sites\/5\/2023\/12\/CL9000-23.jpg','https:\/\/geemarc.com\/de\/wp-content\/uploads\/sites\/5\/2023\/12\/CL9000-22.jpg','https:\/\/geemarc.com\/de\/wp-content\/uploads\/sites\/5\/2023\/12\/CL9000-21.jpg','https:\/\/geemarc.com\/de\/wp-content\/uploads\/sites\/5\/2023\/12\/CL9000-20.jpg','https:\/\/geemarc.com\/de\/wp-content\/uploads\/sites\/5\/2023\/12\/CL9000-19.jpg','https:\/\/geemarc.com\/de\/wp-content\/uploads\/sites\/5\/2023\/12\/CL9000-18.jpg','https:\/\/geemarc.com\/de\/wp-content\/uploads\/sites\/5\/2023\/12\/CL9000-17.jpg','https:\/\/geemarc.com\/de\/wp-content\/uploads\/sites\/5\/2023\/12\/CL9000-16.jpg','https:\/\/geemarc.com\/de\/wp-content\/uploads\/sites\/5\/2023\/12\/CL9000-15.jpg','https:\/\/geemarc.com\/de\/wp-content\/uploads\/sites\/5\/2023\/12\/CL9000-14.jpg','https:\/\/geemarc.com\/de\/wp-content\/uploads\/sites\/5\/2023\/12\/CL9000-13.jpg','https:\/\/geemarc.com\/de\/wp-content\/uploads\/sites\/5\/2023\/12\/CL9000-12.jpg','https:\/\/geemarc.com\/de\/wp-content\/uploads\/sites\/5\/2023\/12\/CL9000-11.jpg','https:\/\/geemarc.com\/de\/wp-content\/uploads\/sites\/5\/2023\/12\/CL9000-10.jpg','https:\/\/geemarc.com\/de\/wp-content\/uploads\/sites\/5\/2023\/12\/CL9000-9.jpg','https:\/\/geemarc.com\/de\/wp-content\/uploads\/sites\/5\/2023\/12\/CL9000-8.jpg'],\r\n\t\theight: 0,\r\n\t\twidth: 800,\r\n\t\tnavigation: true,\r\n\t\tdrag: true,\r\n\t\tshowCursor: true,\r\n\t\tinterval: 120,\r\n\t\tspeedMultiplier: 3,\r\n\t\t\t\tstartAutoplay: true,\r\n\t\t\t\tonReady: function() {\r\n\t\t\t$(\"#threesixty-slider-10052_uKgx1E\").removeClass('threesixty-loading');\r\n\t\t\t\t\t\tproduct_10052_uKgx1E.play();\r\n\t\t\t\t\t\t\t\t}\r\n\t\t\t});\r\n\t\t\t}(jQuery));\r\n<\/script>\n<div class=\"success p-tmpl-wrap primary-background\">\n<p><img class=\"p1\" src=\"https:\/\/geemarc.com\/uk\/wp-content\/uploads\/sites\/2\/2019\/04\/Photo-template-Urgence.png\" \/><img class=\"p2\" src=\"https:\/\/geemarc.com\/uk\/wp-content\/uploads\/sites\/2\/2019\/04\/Photo-template-portrait.png\" \/><span class=\"h3 bold\">AUSDRUCKEN IHRER FOTOS<\/span><span class=\"h3\" data-wahfont=\"20\">Exklusive Neuheit Geemarc Telecom<\/span><\/p>\n<div style=\"margin: 10px 0 15px; line-height: 17px;\">Laden Sie die Bilder f\u00fcr die Fototasten hoch und f\u00fcgen Sie sie in die Schablonen ein.<\/div>\n<div><\/div>\n<div class=\"table-cell button-right\" style=\"margin-top: 10px;\"><a class=\"button filled\" href=\"https:\/\/geemarc.com\/p_editor\/cl9000\/f\/editor\/\" target=\"_blank\" rel=\"noopener\" data-wahfont=\"12\">Foto schablone<\/a><\/div>\n<\/div>\n","protected":false},"excerpt":{"rendered":"<p>Notruftelefon 4G mit Notruf-Armband, Steckplatz f\u00fcr NANO SIM-Karte und Fototasten<\/p>\n","protected":false},"featured_media":10099,"template":"","meta":[],"product_cat":[123],"product_tag":[],"yoast_head":"<!-- This site is optimized with the Yoast SEO plugin v16.9 - https:\/\/yoast.com\/wordpress\/plugins\/seo\/ -->\n<title>CL9000 - Geemarc Germany<\/title>\n<meta name=\"robots\" content=\"index, follow, max-snippet:-1, max-image-preview:large, max-video-preview:-1\" \/>\n<link rel=\"canonical\" href=\"https:\/\/geemarc.com\/de\/produkt\/cl9000\/\" \/>\n<meta property=\"og:locale\" content=\"de_DE\" \/>\n<meta property=\"og:type\" content=\"article\" \/>\n<meta property=\"og:title\" content=\"CL9000 - Geemarc Germany\" \/>\n<meta property=\"og:description\" content=\"Notruftelefon 4G mit Notruf-Armband, Steckplatz f\u00fcr NANO SIM-Karte und Fototasten\" \/>\n<meta property=\"og:url\" content=\"https:\/\/geemarc.com\/de\/produkt\/cl9000\/\" \/>\n<meta property=\"og:site_name\" content=\"Geemarc Germany\" \/>\n<meta property=\"article:modified_time\" content=\"2026-03-13T11:24:35+00:00\" \/>\n<meta property=\"og:image\" content=\"https:\/\/geemarc.com\/de\/wp-content\/uploads\/sites\/5\/2023\/12\/CL9000_Angle03Tel-remote-scaled.jpg\" \/>\n\t<meta property=\"og:image:width\" content=\"2560\" \/>\n\t<meta property=\"og:image:height\" content=\"2030\" \/>\n<meta name=\"twitter:card\" content=\"summary_large_image\" \/>\n<meta name=\"twitter:label1\" content=\"Gesch\u00e4tzte Lesezeit\" \/>\n\t<meta name=\"twitter:data1\" content=\"2\u00a0Minuten\" \/>\n<script type=\"application\/ld+json\" class=\"yoast-schema-graph\">{\"@context\":\"https:\/\/schema.org\",\"@graph\":[{\"@type\":\"WebSite\",\"@id\":\"https:\/\/geemarc.com\/de\/#website\",\"url\":\"https:\/\/geemarc.com\/de\/\",\"name\":\"Geemarc Germany\",\"description\":\"\",\"potentialAction\":[{\"@type\":\"SearchAction\",\"target\":{\"@type\":\"EntryPoint\",\"urlTemplate\":\"https:\/\/geemarc.com\/de\/?s={search_term_string}\"},\"query-input\":\"required name=search_term_string\"}],\"inLanguage\":\"de\"},{\"@type\":\"ImageObject\",\"@id\":\"https:\/\/geemarc.com\/de\/produkt\/cl9000\/#primaryimage\",\"inLanguage\":\"de\",\"url\":\"https:\/\/geemarc.com\/de\/wp-content\/uploads\/sites\/5\/2023\/12\/CL9000_Angle03Tel-remote-scaled.jpg\",\"contentUrl\":\"https:\/\/geemarc.com\/de\/wp-content\/uploads\/sites\/5\/2023\/12\/CL9000_Angle03Tel-remote-scaled.jpg\",\"width\":2560,\"height\":2030,\"caption\":\"OLYMPUS DIGITAL CAMERA\"},{\"@type\":\"WebPage\",\"@id\":\"https:\/\/geemarc.com\/de\/produkt\/cl9000\/#webpage\",\"url\":\"https:\/\/geemarc.com\/de\/produkt\/cl9000\/\",\"name\":\"CL9000 - Geemarc Germany\",\"isPartOf\":{\"@id\":\"https:\/\/geemarc.com\/de\/#website\"},\"primaryImageOfPage\":{\"@id\":\"https:\/\/geemarc.com\/de\/produkt\/cl9000\/#primaryimage\"},\"datePublished\":\"2023-12-12T14:29:32+00:00\",\"dateModified\":\"2026-03-13T11:24:35+00:00\",\"breadcrumb\":{\"@id\":\"https:\/\/geemarc.com\/de\/produkt\/cl9000\/#breadcrumb\"},\"inLanguage\":\"de\",\"potentialAction\":[{\"@type\":\"ReadAction\",\"target\":[\"https:\/\/geemarc.com\/de\/produkt\/cl9000\/\"]}]},{\"@type\":\"BreadcrumbList\",\"@id\":\"https:\/\/geemarc.com\/de\/produkt\/cl9000\/#breadcrumb\",\"itemListElement\":[{\"@type\":\"ListItem\",\"position\":1,\"name\":\"Home\",\"item\":\"https:\/\/geemarc.com\/de\/\"},{\"@type\":\"ListItem\",\"position\":2,\"name\":\"Shop\",\"item\":\"https:\/\/geemarc.com\/de\/shop\/\"},{\"@type\":\"ListItem\",\"position\":3,\"name\":\"CL9000\"}]}]}<\/script>\n<!-- \/ Yoast SEO plugin. -->","yoast_head_json":{"title":"CL9000 - Geemarc Germany","robots":{"index":"index","follow":"follow","max-snippet":"max-snippet:-1","max-image-preview":"max-image-preview:large","max-video-preview":"max-video-preview:-1"},"canonical":"https:\/\/geemarc.com\/de\/produkt\/cl9000\/","og_locale":"de_DE","og_type":"article","og_title":"CL9000 - Geemarc Germany","og_description":"Notruftelefon 4G mit Notruf-Armband, Steckplatz f\u00fcr NANO SIM-Karte und Fototasten","og_url":"https:\/\/geemarc.com\/de\/produkt\/cl9000\/","og_site_name":"Geemarc Germany","article_modified_time":"2026-03-13T11:24:35+00:00","og_image":[{"width":2560,"height":2030,"url":"https:\/\/geemarc.com\/de\/wp-content\/uploads\/sites\/5\/2023\/12\/CL9000_Angle03Tel-remote-scaled.jpg","path":"\/home\/g\/e\/geemarcwp\/public_html\/wp-content\/uploads\/sites\/5\/2023\/12\/CL9000_Angle03Tel-remote-scaled.jpg","size":"full","id":10099,"alt":"","pixels":5196800,"type":"image\/jpeg"}],"twitter_card":"summary_large_image","twitter_misc":{"Gesch\u00e4tzte Lesezeit":"2\u00a0Minuten"},"schema":{"@context":"https:\/\/schema.org","@graph":[{"@type":"WebSite","@id":"https:\/\/geemarc.com\/de\/#website","url":"https:\/\/geemarc.com\/de\/","name":"Geemarc Germany","description":"","potentialAction":[{"@type":"SearchAction","target":{"@type":"EntryPoint","urlTemplate":"https:\/\/geemarc.com\/de\/?s={search_term_string}"},"query-input":"required name=search_term_string"}],"inLanguage":"de"},{"@type":"ImageObject","@id":"https:\/\/geemarc.com\/de\/produkt\/cl9000\/#primaryimage","inLanguage":"de","url":"https:\/\/geemarc.com\/de\/wp-content\/uploads\/sites\/5\/2023\/12\/CL9000_Angle03Tel-remote-scaled.jpg","contentUrl":"https:\/\/geemarc.com\/de\/wp-content\/uploads\/sites\/5\/2023\/12\/CL9000_Angle03Tel-remote-scaled.jpg","width":2560,"height":2030,"caption":"OLYMPUS DIGITAL CAMERA"},{"@type":"WebPage","@id":"https:\/\/geemarc.com\/de\/produkt\/cl9000\/#webpage","url":"https:\/\/geemarc.com\/de\/produkt\/cl9000\/","name":"CL9000 - Geemarc Germany","isPartOf":{"@id":"https:\/\/geemarc.com\/de\/#website"},"primaryImageOfPage":{"@id":"https:\/\/geemarc.com\/de\/produkt\/cl9000\/#primaryimage"},"datePublished":"2023-12-12T14:29:32+00:00","dateModified":"2026-03-13T11:24:35+00:00","breadcrumb":{"@id":"https:\/\/geemarc.com\/de\/produkt\/cl9000\/#breadcrumb"},"inLanguage":"de","potentialAction":[{"@type":"ReadAction","target":["https:\/\/geemarc.com\/de\/produkt\/cl9000\/"]}]},{"@type":"BreadcrumbList","@id":"https:\/\/geemarc.com\/de\/produkt\/cl9000\/#breadcrumb","itemListElement":[{"@type":"ListItem","position":1,"name":"Home","item":"https:\/\/geemarc.com\/de\/"},{"@type":"ListItem","position":2,"name":"Shop","item":"https:\/\/geemarc.com\/de\/shop\/"},{"@type":"ListItem","position":3,"name":"CL9000"}]}]}},"acf":[],"_links":{"self":[{"href":"https:\/\/geemarc.com\/de\/wp-json\/wp\/v2\/product\/10051"}],"collection":[{"href":"https:\/\/geemarc.com\/de\/wp-json\/wp\/v2\/product"}],"about":[{"href":"https:\/\/geemarc.com\/de\/wp-json\/wp\/v2\/types\/product"}],"wp:featuredmedia":[{"embeddable":true,"href":"https:\/\/geemarc.com\/de\/wp-json\/wp\/v2\/media\/10099"}],"wp:attachment":[{"href":"https:\/\/geemarc.com\/de\/wp-json\/wp\/v2\/media?parent=10051"}],"wp:term":[{"taxonomy":"product_cat","embeddable":true,"href":"https:\/\/geemarc.com\/de\/wp-json\/wp\/v2\/product_cat?post=10051"},{"taxonomy":"product_tag","embeddable":true,"href":"https:\/\/geemarc.com\/de\/wp-json\/wp\/v2\/product_tag?post=10051"}],"curies":[{"name":"wp","href":"https:\/\/api.w.org\/{rel}","templated":true}]}}