{"id":10107,"date":"2023-12-19T15:15:56","date_gmt":"2023-12-19T15:15:56","guid":{"rendered":"https:\/\/geemarc.com\/de\/?post_type=product&#038;p=10107"},"modified":"2025-06-19T14:42:32","modified_gmt":"2025-06-19T14:42:32","slug":"amplidect595-sos-pro","status":"publish","type":"product","link":"https:\/\/geemarc.com\/de\/produkt\/amplidect595-sos-pro\/","title":{"rendered":"AMPLIDECT595 SOS-PRO"},"content":{"rendered":"<p><strong>ANRUFEN\/ANNEHMEN<\/strong><\/p>\n<ul>\n<li>H\u00f6rger\u00e4tekompatibel<\/li>\n<li>H\u00f6rerlautst\u00e4rke bis zu 50dB<\/li>\n<li>Flashfunktion (100ms\/300ms\/600ms)<\/li>\n<li>Tastatur mit gro\u00dfen hintergrundbeleuchteten Tasten<\/li>\n<li>Freisprechfunktion auf Mobilteil<\/li>\n<li>Einstellung der Lautsprecherlautst\u00e4rke<\/li>\n<li>Telefonbuch (50 Eintr\u00e4ge: Name und Nummer)<\/li>\n<li>Wahlwiederholung der letzten (10) Nummer(n)<\/li>\n<li>Direkter Zugang zum Telefonbuch und Men\u00fc auf Mobilteil<\/li>\n<li>R-Taste f\u00fcr Doppelanruf<\/li>\n<li>Wahlwiederholungstaste<\/li>\n<li>Bis zu 100 unerw\u00fcnschte Nummern blockierbar<\/li>\n<li>Notfallansage individualisierbar oder vier Sprachen ausw\u00e4hlbar: Franz\u00f6sisch, Englisch, Deutsch, Niederl\u00e4ndisch.<\/li>\n<\/ul>\n<p>&nbsp;<\/p>\n<p><strong>LCD BILDSCHIRM<\/strong><\/p>\n<ul>\n<li>Wei\u00dfe Hintergrundbeleuchtung<\/li>\n<li>Anzeige: Zwei alphanumerische Zeilen + Zwei Symbolzeilen \/ Schriftgr\u00f6\u00dfe: 9,5 mm<\/li>\n<li>Gr\u00f6\u00dfe: 40&#215;32 mm<\/li>\n<li>Auswahl zwischen sieben Sprachen: Franz\u00f6sisch, Englisch, Deutsch, Italienisch, Spanisch, Niederl\u00e4ndisch und Portugiesisch.<\/li>\n<li>Uhrzeitanzeige: 12\/24 Stunden<\/li>\n<li>10 programmierbare Alarme mit Snooze-Funktion + Sprachnachricht<\/li>\n<li>Gespr\u00e4chsdaueranzeige<\/li>\n<\/ul>\n<p>&nbsp;<\/p>\n<p><strong>ANRUFER ID*<\/strong><\/p>\n<ul>\n<li>Anruferkennung, wenn aufgelegt (Typ 1) oder im Gespr\u00e4ch (Typ 2)<\/li>\n<\/ul>\n<p>&#8211;\u00a0 \u00a0 \u00a020 eingehende Rufnummern<\/p>\n<p>&#8211;\u00a0 \u00a0 \u00a010 ausgehende Rufnummern<\/p>\n<ul>\n<li>\u00dcbertragung einer Rufnummer ins Telefonbuch m\u00f6glich<\/li>\n<li>Namen- und Telefonnummernanzeige<\/li>\n<li>Symbol f\u00fcr Anruf in Warteschleife<\/li>\n<li>Symbol bei neuem Anruf<\/li>\n<\/ul>\n<p>&nbsp;<\/p>\n<p><strong>KLINGELTON<\/strong><\/p>\n<ul>\n<li>Extra laute Melodien: bis zu 80dB auf Mobilteil + Basisstation<\/li>\n<li>F\u00fcnf polyphone + f\u00fcnf normale Klingelt\u00f6ne auf Mobilteil<\/li>\n<li>Personalisierbare Klingelt\u00f6ne f\u00fcr Kontakte im Telefonbuch<\/li>\n<li>Einstellbare Klingellautst\u00e4rke: MUTE + 5 Stufen<\/li>\n<li>Optische Anrufanzeige<\/li>\n<\/ul>\n<p>&nbsp;<\/p>\n<p><strong>EIGENSCHAFTEN ANH\u00c4NGER 595 SOS PRO <\/strong><\/p>\n<ul>\n<li>F\u00fcnf Tasten auf dem SOS-PRO 595:<\/li>\n<li>Laust\u00e4rke +<\/li>\n<li>Laust\u00e4rke \u2013<\/li>\n<li>Zwei Direktwahltasten<\/li>\n<li>SOS-Taste\/Annahme eingehender Anrufe<\/li>\n<li>SOS-Taste : M\u00f6glichkeit, vier Notrufnummern zu hinterlegen<\/li>\n<li>Klingeltonlautst\u00e4rke bis zu 70db bei Reichweite 1m<\/li>\n<li>Lautst\u00e4rke Lautsprecher einstellbar (5 Stufen)<\/li>\n<li>Freichsprechfunktion<\/li>\n<li>Piepton, wenn das SOS-PRO 595 au\u00dferhalb der Reichweite der Basisstation ist.<\/li>\n<li>Optische Anzeige des Batteriestands (rote LED)<\/li>\n<li>Optische Anzeige bei Anruf oder w\u00e4hrend eines Gespr\u00e4chs (blaue LED)<\/li>\n<\/ul>\n<p>&nbsp;<\/p>\n<div id=\"threesixty-slider-10106_ZrbOUK\" class=\"threesixty-loading threesixty-image threesixty-dark-blue threesixty-vintage threesixty-no-border\" style=\"width: 800px;\">\r\n\t<div class=\"threesixty-preview-10106_ZrbOUK\"><img class=\"threesixty-preview-image\" src=\"https:\/\/geemarc.com\/de\/wp-content\/uploads\/sites\/5\/2023\/12\/SOS-PRO-595-15.jpg\"\/><\/div>\r\n\t<div class=\"threesixty-spinner threesixty-spinner-10106_ZrbOUK\">\r\n\t\t<span>0%<\/span>\r\n\t<\/div>\r\n\t<ol class=\"threesixty-images threesixty-images-10106_ZrbOUK\"><\/ol>\r\n\t\t\t<a href=\"#threesixty-slider-10106_ZrbOUK\" class=\"threesixty-mfp-anchor\"><\/a>\r\n\t<\/div>\r\n<!--SPV--><script type=\"text\/javascript\">\/\/SPV\r\n(function($) {\r\n\t\t$('#threesixty-slider-10106_ZrbOUK .threesixty-mfp-anchor').magnificPopup({\r\n\t\ttype:'inline',\r\n\t\tcloseOnBgClick: true,\r\n\t\tmidClick: true,\r\n\t\t\/\/removalDelay: 300,\r\n  \t\t\/\/mainClass: 'mfp-fade',\r\n\t\tcallbacks: {\r\n\t\t\t resize: function() {\r\n\t\t\t \tvar originalHeight \t= 487,\r\n\t\t\t \t\toriginalWidth \t= 800,\r\n\t\t\t \t\tmfpHeight \t\t= 487,\r\n\t\t\t \t\tmfpWidth \t\t= 800,\r\n\t\t\t \t\tratio \t\t\t= originalWidth \/ originalHeight,\r\n\t\t\t \t\twinHeight \t\t= $(window).height(),\r\n\t\t\t \t\twinWidth \t\t= $(window).width();\r\n\t\t\t \t\r\n\t\t\t \tif ( originalHeight > winHeight * 0.9 ) {\r\n\t\t\t \t\tmfpHeight \t\t= winHeight * 0.9;\r\n\t\t\t \t\tmfpWidth \t\t= mfpHeight * ratio;\r\n\t\t\t\t}\r\n\t\t\t\tif ( mfpWidth > winWidth * 0.9 ) {\r\n\t\t\t \t\tmfpWidth \t\t= winWidth * 0.9;\r\n\t\t\t \t\tmfpHeight \t\t= mfpWidth \/ ratio;\r\n\t\t\t\t}\r\n\t\t\t \tif ( mfpHeight < originalHeight && mfpWidth < originalWidth ) {\r\n\t\t\t\t    $('#threesixty-slider-10106_ZrbOUK').height(mfpHeight);\r\n\t\t\t\t    $('#threesixty-slider-10106_ZrbOUK').width(mfpWidth);\r\n\t\t\t\t} \r\n\t\t\t\telse {\r\n\t\t\t\t    $('#threesixty-slider-10106_ZrbOUK').height(originalHeight);\r\n\t\t\t\t    $('#threesixty-slider-10106_ZrbOUK').width(originalWidth);\r\n\t\t\t\t}\r\n\t\t\t},\r\n\t\t\tclose: function() {\r\n\t\t\t    $('#threesixty-slider-10106_ZrbOUK').height('auto');\r\n\t\t\t    $('#threesixty-slider-10106_ZrbOUK').width(800);\r\n\t\t\t}\r\n\t\t},\r\n\t\tcloseMarkup :\"<button class=\\\"mfp-close\\\"><\/button>\"\r\n\t});\r\n\t\tvar product_10106_ZrbOUK = $('#threesixty-slider-10106_ZrbOUK').ThreeSixty({\r\n\t\ttotalFrames: 36,\r\n\t\tendFrame: 0,\r\n\t\tcurrentFrame: 36,\r\n\t\timgList: '.threesixty-images-10106_ZrbOUK',\r\n\t\tprogress: '.threesixty-spinner-10106_ZrbOUK',\r\n\t\tpreview: '.threesixty-preview-10106_ZrbOUK',\r\n\t\timages: ['https:\/\/geemarc.com\/de\/wp-content\/uploads\/sites\/5\/2023\/12\/SOS-PRO-595-14.jpg','https:\/\/geemarc.com\/de\/wp-content\/uploads\/sites\/5\/2023\/12\/SOS-PRO-595-13.jpg','https:\/\/geemarc.com\/de\/wp-content\/uploads\/sites\/5\/2023\/12\/SOS-PRO-595-12.jpg','https:\/\/geemarc.com\/de\/wp-content\/uploads\/sites\/5\/2023\/12\/SOS-PRO-595-11.jpg','https:\/\/geemarc.com\/de\/wp-content\/uploads\/sites\/5\/2023\/12\/SOS-PRO-595-10.jpg','https:\/\/geemarc.com\/de\/wp-content\/uploads\/sites\/5\/2023\/12\/SOS-PRO-595-9.jpg','https:\/\/geemarc.com\/de\/wp-content\/uploads\/sites\/5\/2023\/12\/SOS-PRO-595-8.jpg','https:\/\/geemarc.com\/de\/wp-content\/uploads\/sites\/5\/2023\/12\/SOS-PRO-595-7.jpg','https:\/\/geemarc.com\/de\/wp-content\/uploads\/sites\/5\/2023\/12\/SOS-PRO-595-6.jpg','https:\/\/geemarc.com\/de\/wp-content\/uploads\/sites\/5\/2023\/12\/SOS-PRO-595-5.jpg','https:\/\/geemarc.com\/de\/wp-content\/uploads\/sites\/5\/2023\/12\/SOS-PRO-595-4.jpg','https:\/\/geemarc.com\/de\/wp-content\/uploads\/sites\/5\/2023\/12\/SOS-PRO-595-3.jpg','https:\/\/geemarc.com\/de\/wp-content\/uploads\/sites\/5\/2023\/12\/SOS-PRO-595-2.jpg','https:\/\/geemarc.com\/de\/wp-content\/uploads\/sites\/5\/2023\/12\/SOS-PRO-595-1.jpg','https:\/\/geemarc.com\/de\/wp-content\/uploads\/sites\/5\/2023\/12\/SOS-PRO-595-36.jpg','https:\/\/geemarc.com\/de\/wp-content\/uploads\/sites\/5\/2023\/12\/SOS-PRO-595-35.jpg','https:\/\/geemarc.com\/de\/wp-content\/uploads\/sites\/5\/2023\/12\/SOS-PRO-595-34.jpg','https:\/\/geemarc.com\/de\/wp-content\/uploads\/sites\/5\/2023\/12\/SOS-PRO-595-33.jpg','https:\/\/geemarc.com\/de\/wp-content\/uploads\/sites\/5\/2023\/12\/SOS-PRO-595-32.jpg','https:\/\/geemarc.com\/de\/wp-content\/uploads\/sites\/5\/2023\/12\/SOS-PRO-595-31.jpg','https:\/\/geemarc.com\/de\/wp-content\/uploads\/sites\/5\/2023\/12\/SOS-PRO-595-30.jpg','https:\/\/geemarc.com\/de\/wp-content\/uploads\/sites\/5\/2023\/12\/SOS-PRO-595-29.jpg','https:\/\/geemarc.com\/de\/wp-content\/uploads\/sites\/5\/2023\/12\/SOS-PRO-595-28.jpg','https:\/\/geemarc.com\/de\/wp-content\/uploads\/sites\/5\/2023\/12\/SOS-PRO-595-27.jpg','https:\/\/geemarc.com\/de\/wp-content\/uploads\/sites\/5\/2023\/12\/SOS-PRO-595-26.jpg','https:\/\/geemarc.com\/de\/wp-content\/uploads\/sites\/5\/2023\/12\/SOS-PRO-595-25.jpg','https:\/\/geemarc.com\/de\/wp-content\/uploads\/sites\/5\/2023\/12\/SOS-PRO-595-24.jpg','https:\/\/geemarc.com\/de\/wp-content\/uploads\/sites\/5\/2023\/12\/SOS-PRO-595-23.jpg','https:\/\/geemarc.com\/de\/wp-content\/uploads\/sites\/5\/2023\/12\/SOS-PRO-595-22.jpg','https:\/\/geemarc.com\/de\/wp-content\/uploads\/sites\/5\/2023\/12\/SOS-PRO-595-21.jpg','https:\/\/geemarc.com\/de\/wp-content\/uploads\/sites\/5\/2023\/12\/SOS-PRO-595-20.jpg','https:\/\/geemarc.com\/de\/wp-content\/uploads\/sites\/5\/2023\/12\/SOS-PRO-595-19.jpg','https:\/\/geemarc.com\/de\/wp-content\/uploads\/sites\/5\/2023\/12\/SOS-PRO-595-18.jpg','https:\/\/geemarc.com\/de\/wp-content\/uploads\/sites\/5\/2023\/12\/SOS-PRO-595-17.jpg','https:\/\/geemarc.com\/de\/wp-content\/uploads\/sites\/5\/2023\/12\/SOS-PRO-595-16.jpg','https:\/\/geemarc.com\/de\/wp-content\/uploads\/sites\/5\/2023\/12\/SOS-PRO-595-15.jpg'],\r\n\t\theight: 0,\r\n\t\twidth: 800,\r\n\t\tnavigation: true,\r\n\t\tdrag: true,\r\n\t\tshowCursor: true,\r\n\t\tinterval: 120,\r\n\t\tspeedMultiplier: 3,\r\n\t\t\t\tstartAutoplay: true,\r\n\t\t\t\tonReady: function() {\r\n\t\t\t$(\"#threesixty-slider-10106_ZrbOUK\").removeClass('threesixty-loading');\r\n\t\t\t\t\t\tproduct_10106_ZrbOUK.play();\r\n\t\t\t\t\t\t\t\t}\r\n\t\t\t});\r\n\t\t\t}(jQuery));\r\n<\/script>\n","protected":false},"excerpt":{"rendered":"<p>Verst\u00e4rktes schnurloses Telefon mit integriertem Anrufbeantworter und Anh\u00e4nger<\/p>\n","protected":false},"featured_media":10155,"template":"","meta":[],"product_cat":[124],"product_tag":[],"yoast_head":"<!-- This site is optimized with the Yoast SEO plugin v16.9 - https:\/\/yoast.com\/wordpress\/plugins\/seo\/ -->\n<title>AMPLIDECT595 SOS-PRO - Geemarc Germany<\/title>\n<meta name=\"robots\" content=\"index, follow, max-snippet:-1, max-image-preview:large, max-video-preview:-1\" \/>\n<link rel=\"canonical\" href=\"https:\/\/geemarc.com\/de\/produkt\/amplidect595-sos-pro\/\" \/>\n<meta property=\"og:locale\" content=\"de_DE\" \/>\n<meta property=\"og:type\" content=\"article\" \/>\n<meta property=\"og:title\" content=\"AMPLIDECT595 SOS-PRO - Geemarc Germany\" \/>\n<meta property=\"og:description\" content=\"Verst\u00e4rktes schnurloses Telefon mit integriertem Anrufbeantworter und Anh\u00e4nger\" \/>\n<meta property=\"og:url\" content=\"https:\/\/geemarc.com\/de\/produkt\/amplidect595-sos-pro\/\" \/>\n<meta property=\"og:site_name\" content=\"Geemarc Germany\" \/>\n<meta property=\"article:modified_time\" content=\"2025-06-19T14:42:32+00:00\" \/>\n<meta property=\"og:image\" content=\"https:\/\/geemarc.com\/de\/wp-content\/uploads\/sites\/5\/2023\/12\/AMPLIDECT595-SOS-PRO_1-scaled.jpg\" \/>\n\t<meta property=\"og:image:width\" content=\"2560\" \/>\n\t<meta property=\"og:image:height\" content=\"1970\" \/>\n<meta name=\"twitter:card\" content=\"summary_large_image\" \/>\n<meta name=\"twitter:label1\" content=\"Gesch\u00e4tzte Lesezeit\" \/>\n\t<meta name=\"twitter:data1\" content=\"2\u00a0Minuten\" \/>\n<script type=\"application\/ld+json\" class=\"yoast-schema-graph\">{\"@context\":\"https:\/\/schema.org\",\"@graph\":[{\"@type\":\"WebSite\",\"@id\":\"https:\/\/geemarc.com\/de\/#website\",\"url\":\"https:\/\/geemarc.com\/de\/\",\"name\":\"Geemarc Germany\",\"description\":\"\",\"potentialAction\":[{\"@type\":\"SearchAction\",\"target\":{\"@type\":\"EntryPoint\",\"urlTemplate\":\"https:\/\/geemarc.com\/de\/?s={search_term_string}\"},\"query-input\":\"required name=search_term_string\"}],\"inLanguage\":\"de\"},{\"@type\":\"ImageObject\",\"@id\":\"https:\/\/geemarc.com\/de\/produkt\/amplidect595-sos-pro\/#primaryimage\",\"inLanguage\":\"de\",\"url\":\"https:\/\/geemarc.com\/de\/wp-content\/uploads\/sites\/5\/2023\/12\/AMPLIDECT595-SOS-PRO_1-scaled.jpg\",\"contentUrl\":\"https:\/\/geemarc.com\/de\/wp-content\/uploads\/sites\/5\/2023\/12\/AMPLIDECT595-SOS-PRO_1-scaled.jpg\",\"width\":2560,\"height\":1970},{\"@type\":\"WebPage\",\"@id\":\"https:\/\/geemarc.com\/de\/produkt\/amplidect595-sos-pro\/#webpage\",\"url\":\"https:\/\/geemarc.com\/de\/produkt\/amplidect595-sos-pro\/\",\"name\":\"AMPLIDECT595 SOS-PRO - Geemarc Germany\",\"isPartOf\":{\"@id\":\"https:\/\/geemarc.com\/de\/#website\"},\"primaryImageOfPage\":{\"@id\":\"https:\/\/geemarc.com\/de\/produkt\/amplidect595-sos-pro\/#primaryimage\"},\"datePublished\":\"2023-12-19T15:15:56+00:00\",\"dateModified\":\"2025-06-19T14:42:32+00:00\",\"breadcrumb\":{\"@id\":\"https:\/\/geemarc.com\/de\/produkt\/amplidect595-sos-pro\/#breadcrumb\"},\"inLanguage\":\"de\",\"potentialAction\":[{\"@type\":\"ReadAction\",\"target\":[\"https:\/\/geemarc.com\/de\/produkt\/amplidect595-sos-pro\/\"]}]},{\"@type\":\"BreadcrumbList\",\"@id\":\"https:\/\/geemarc.com\/de\/produkt\/amplidect595-sos-pro\/#breadcrumb\",\"itemListElement\":[{\"@type\":\"ListItem\",\"position\":1,\"name\":\"Home\",\"item\":\"https:\/\/geemarc.com\/de\/\"},{\"@type\":\"ListItem\",\"position\":2,\"name\":\"Shop\",\"item\":\"https:\/\/geemarc.com\/de\/shop\/\"},{\"@type\":\"ListItem\",\"position\":3,\"name\":\"AMPLIDECT595 SOS-PRO\"}]}]}<\/script>\n<!-- \/ Yoast SEO plugin. -->","yoast_head_json":{"title":"AMPLIDECT595 SOS-PRO - Geemarc Germany","robots":{"index":"index","follow":"follow","max-snippet":"max-snippet:-1","max-image-preview":"max-image-preview:large","max-video-preview":"max-video-preview:-1"},"canonical":"https:\/\/geemarc.com\/de\/produkt\/amplidect595-sos-pro\/","og_locale":"de_DE","og_type":"article","og_title":"AMPLIDECT595 SOS-PRO - Geemarc Germany","og_description":"Verst\u00e4rktes schnurloses Telefon mit integriertem Anrufbeantworter und Anh\u00e4nger","og_url":"https:\/\/geemarc.com\/de\/produkt\/amplidect595-sos-pro\/","og_site_name":"Geemarc Germany","article_modified_time":"2025-06-19T14:42:32+00:00","og_image":[{"width":2560,"height":1970,"url":"https:\/\/geemarc.com\/de\/wp-content\/uploads\/sites\/5\/2023\/12\/AMPLIDECT595-SOS-PRO_1-scaled.jpg","path":"\/home\/g\/e\/geemarcwp\/public_html\/wp-content\/uploads\/sites\/5\/2023\/12\/AMPLIDECT595-SOS-PRO_1-scaled.jpg","size":"full","id":10155,"alt":"","pixels":5043200,"type":"image\/jpeg"}],"twitter_card":"summary_large_image","twitter_misc":{"Gesch\u00e4tzte Lesezeit":"2\u00a0Minuten"},"schema":{"@context":"https:\/\/schema.org","@graph":[{"@type":"WebSite","@id":"https:\/\/geemarc.com\/de\/#website","url":"https:\/\/geemarc.com\/de\/","name":"Geemarc Germany","description":"","potentialAction":[{"@type":"SearchAction","target":{"@type":"EntryPoint","urlTemplate":"https:\/\/geemarc.com\/de\/?s={search_term_string}"},"query-input":"required name=search_term_string"}],"inLanguage":"de"},{"@type":"ImageObject","@id":"https:\/\/geemarc.com\/de\/produkt\/amplidect595-sos-pro\/#primaryimage","inLanguage":"de","url":"https:\/\/geemarc.com\/de\/wp-content\/uploads\/sites\/5\/2023\/12\/AMPLIDECT595-SOS-PRO_1-scaled.jpg","contentUrl":"https:\/\/geemarc.com\/de\/wp-content\/uploads\/sites\/5\/2023\/12\/AMPLIDECT595-SOS-PRO_1-scaled.jpg","width":2560,"height":1970},{"@type":"WebPage","@id":"https:\/\/geemarc.com\/de\/produkt\/amplidect595-sos-pro\/#webpage","url":"https:\/\/geemarc.com\/de\/produkt\/amplidect595-sos-pro\/","name":"AMPLIDECT595 SOS-PRO - Geemarc Germany","isPartOf":{"@id":"https:\/\/geemarc.com\/de\/#website"},"primaryImageOfPage":{"@id":"https:\/\/geemarc.com\/de\/produkt\/amplidect595-sos-pro\/#primaryimage"},"datePublished":"2023-12-19T15:15:56+00:00","dateModified":"2025-06-19T14:42:32+00:00","breadcrumb":{"@id":"https:\/\/geemarc.com\/de\/produkt\/amplidect595-sos-pro\/#breadcrumb"},"inLanguage":"de","potentialAction":[{"@type":"ReadAction","target":["https:\/\/geemarc.com\/de\/produkt\/amplidect595-sos-pro\/"]}]},{"@type":"BreadcrumbList","@id":"https:\/\/geemarc.com\/de\/produkt\/amplidect595-sos-pro\/#breadcrumb","itemListElement":[{"@type":"ListItem","position":1,"name":"Home","item":"https:\/\/geemarc.com\/de\/"},{"@type":"ListItem","position":2,"name":"Shop","item":"https:\/\/geemarc.com\/de\/shop\/"},{"@type":"ListItem","position":3,"name":"AMPLIDECT595 SOS-PRO"}]}]}},"acf":[],"_links":{"self":[{"href":"https:\/\/geemarc.com\/de\/wp-json\/wp\/v2\/product\/10107"}],"collection":[{"href":"https:\/\/geemarc.com\/de\/wp-json\/wp\/v2\/product"}],"about":[{"href":"https:\/\/geemarc.com\/de\/wp-json\/wp\/v2\/types\/product"}],"wp:featuredmedia":[{"embeddable":true,"href":"https:\/\/geemarc.com\/de\/wp-json\/wp\/v2\/media\/10155"}],"wp:attachment":[{"href":"https:\/\/geemarc.com\/de\/wp-json\/wp\/v2\/media?parent=10107"}],"wp:term":[{"taxonomy":"product_cat","embeddable":true,"href":"https:\/\/geemarc.com\/de\/wp-json\/wp\/v2\/product_cat?post=10107"},{"taxonomy":"product_tag","embeddable":true,"href":"https:\/\/geemarc.com\/de\/wp-json\/wp\/v2\/product_tag?post=10107"}],"curies":[{"name":"wp","href":"https:\/\/api.w.org\/{rel}","templated":true}]}}