{"id":10108,"date":"2023-12-19T14:59:37","date_gmt":"2023-12-19T14:59:37","guid":{"rendered":"https:\/\/geemarc.com\/de\/?post_type=product&#038;p=10108"},"modified":"2025-06-19T14:41:38","modified_gmt":"2025-06-19T14:41:38","slug":"sos-pro-595","status":"publish","type":"product","link":"https:\/\/geemarc.com\/de\/produkt\/sos-pro-595\/","title":{"rendered":"SOS-PRO 595"},"content":{"rendered":"<p>Das SOS-PRO 595 ist ein Zusatzger\u00e4t, das <strong>ausschlie\u00dflich<\/strong> mit der Reihe der 595 Telefone kompatibel ist. Damit k\u00f6nnen Sie eingehende Anrufe annehmen und im Freisprechmodus telefonieren. \u00dcber zwei Direktwahltasten (M1+M2) k\u00f6nnen Sie Ihre Lieblingsansprechpartner schneller kontaktieren. Des Weiteren k\u00f6nnen Sie mit dem Anh\u00e4nger Notfallanrufe ausl\u00f6sen.<\/p>\n<p>&nbsp;<\/p>\n<p><strong>EIGENSCHAFTEN<\/strong><\/p>\n<ul>\n<li>F\u00fcnf Tasten auf dem SOS-PRO 595:<\/li>\n<\/ul>\n<p>&#8211;\u00a0 \u00a0 Laust\u00e4rke +<\/p>\n<p>&#8211;\u00a0 \u00a0 Laust\u00e4rke \u2013<\/p>\n<p>&#8211;\u00a0 \u00a0 Zwei Direktwahltasten<\/p>\n<p>&#8211;\u00a0 \u00a0 SOS-Taste\/Annahme eingehender Anrufe<\/p>\n<ul>\n<li>SOS-Taste<\/li>\n<\/ul>\n<p>&#8211;\u00a0 \u00a0 M\u00f6glichkeit, f\u00fcnf Notrufnummern zu hinterlegen, die im Notfall angerufen werden.<\/p>\n<p>&#8211;\u00a0 \u00a0 Individuelle Notrufnachricht aufsprechbar: vier Sprachen verf\u00fcgbar: Englisch, Franz\u00f6sisch, Deutsch, Niederl\u00e4ndisch<\/p>\n<ul>\n<li>Einstellbare Klingellautst\u00e4rke<\/li>\n<li>Einstellbares Lautsprechervolumen (f\u00fcnf Stufen)<\/li>\n<li>Freisprechfunktion<\/li>\n<li>Piepton, wenn das SOS-PRO 595 au\u00dferhalb der Reichweite der Basisstation ist.<\/li>\n<li>Optische Anzeige des Batteriestands (rote LED)<\/li>\n<li>Optische Anzeige bei Anruf oder w\u00e4hrend eines Gespr\u00e4chs (blaue LED)<\/li>\n<\/ul>\n<p>&nbsp;<\/p>\n<p><strong>TECHNISCHE DATEN<\/strong><\/p>\n<ul>\n<li>GAP Technologie<\/li>\n<li>Batterie\u00a0300mAh Li-Polymer<\/li>\n<li>Standby-Zeit: 60 Stunden<\/li>\n<\/ul>\n<p>&#8211;\u00a0 \u00a0 Akkulaufzeit bei Betrieb: 5 Stunden<\/p>\n<ul>\n<li>Automatisches Laden in der Basisstation<\/li>\n<li>Reichweite au\u00dfen 200m und innen 30m<\/li>\n<li>Gewicht des Anh\u00e4ngers: 58g<\/li>\n<li>Gewicht der Ladestation: 126g<\/li>\n<li>Gesamtgewicht: 184g<\/li>\n<\/ul>\n<p>&nbsp;<\/p>\n<div id=\"threesixty-slider-10106_kVfuRa\" class=\"threesixty-loading threesixty-image threesixty-dark-blue threesixty-vintage threesixty-no-border\" style=\"width: 800px;\">\r\n\t<div class=\"threesixty-preview-10106_kVfuRa\"><img class=\"threesixty-preview-image\" src=\"https:\/\/geemarc.com\/de\/wp-content\/uploads\/sites\/5\/2023\/12\/SOS-PRO-595-15.jpg\"\/><\/div>\r\n\t<div class=\"threesixty-spinner threesixty-spinner-10106_kVfuRa\">\r\n\t\t<span>0%<\/span>\r\n\t<\/div>\r\n\t<ol class=\"threesixty-images threesixty-images-10106_kVfuRa\"><\/ol>\r\n\t\t\t<a href=\"#threesixty-slider-10106_kVfuRa\" class=\"threesixty-mfp-anchor\"><\/a>\r\n\t<\/div>\r\n<!--SPV--><script type=\"text\/javascript\">\/\/SPV\r\n(function($) {\r\n\t\t$('#threesixty-slider-10106_kVfuRa .threesixty-mfp-anchor').magnificPopup({\r\n\t\ttype:'inline',\r\n\t\tcloseOnBgClick: true,\r\n\t\tmidClick: true,\r\n\t\t\/\/removalDelay: 300,\r\n  \t\t\/\/mainClass: 'mfp-fade',\r\n\t\tcallbacks: {\r\n\t\t\t resize: function() {\r\n\t\t\t \tvar originalHeight \t= 487,\r\n\t\t\t \t\toriginalWidth \t= 800,\r\n\t\t\t \t\tmfpHeight \t\t= 487,\r\n\t\t\t \t\tmfpWidth \t\t= 800,\r\n\t\t\t \t\tratio \t\t\t= originalWidth \/ originalHeight,\r\n\t\t\t \t\twinHeight \t\t= $(window).height(),\r\n\t\t\t \t\twinWidth \t\t= $(window).width();\r\n\t\t\t \t\r\n\t\t\t \tif ( originalHeight > winHeight * 0.9 ) {\r\n\t\t\t \t\tmfpHeight \t\t= winHeight * 0.9;\r\n\t\t\t \t\tmfpWidth \t\t= mfpHeight * ratio;\r\n\t\t\t\t}\r\n\t\t\t\tif ( mfpWidth > winWidth * 0.9 ) {\r\n\t\t\t \t\tmfpWidth \t\t= winWidth * 0.9;\r\n\t\t\t \t\tmfpHeight \t\t= mfpWidth \/ ratio;\r\n\t\t\t\t}\r\n\t\t\t \tif ( mfpHeight < originalHeight && mfpWidth < originalWidth ) {\r\n\t\t\t\t    $('#threesixty-slider-10106_kVfuRa').height(mfpHeight);\r\n\t\t\t\t    $('#threesixty-slider-10106_kVfuRa').width(mfpWidth);\r\n\t\t\t\t} \r\n\t\t\t\telse {\r\n\t\t\t\t    $('#threesixty-slider-10106_kVfuRa').height(originalHeight);\r\n\t\t\t\t    $('#threesixty-slider-10106_kVfuRa').width(originalWidth);\r\n\t\t\t\t}\r\n\t\t\t},\r\n\t\t\tclose: function() {\r\n\t\t\t    $('#threesixty-slider-10106_kVfuRa').height('auto');\r\n\t\t\t    $('#threesixty-slider-10106_kVfuRa').width(800);\r\n\t\t\t}\r\n\t\t},\r\n\t\tcloseMarkup :\"<button class=\\\"mfp-close\\\"><\/button>\"\r\n\t});\r\n\t\tvar product_10106_kVfuRa = $('#threesixty-slider-10106_kVfuRa').ThreeSixty({\r\n\t\ttotalFrames: 36,\r\n\t\tendFrame: 0,\r\n\t\tcurrentFrame: 36,\r\n\t\timgList: '.threesixty-images-10106_kVfuRa',\r\n\t\tprogress: '.threesixty-spinner-10106_kVfuRa',\r\n\t\tpreview: '.threesixty-preview-10106_kVfuRa',\r\n\t\timages: ['https:\/\/geemarc.com\/de\/wp-content\/uploads\/sites\/5\/2023\/12\/SOS-PRO-595-14.jpg','https:\/\/geemarc.com\/de\/wp-content\/uploads\/sites\/5\/2023\/12\/SOS-PRO-595-13.jpg','https:\/\/geemarc.com\/de\/wp-content\/uploads\/sites\/5\/2023\/12\/SOS-PRO-595-12.jpg','https:\/\/geemarc.com\/de\/wp-content\/uploads\/sites\/5\/2023\/12\/SOS-PRO-595-11.jpg','https:\/\/geemarc.com\/de\/wp-content\/uploads\/sites\/5\/2023\/12\/SOS-PRO-595-10.jpg','https:\/\/geemarc.com\/de\/wp-content\/uploads\/sites\/5\/2023\/12\/SOS-PRO-595-9.jpg','https:\/\/geemarc.com\/de\/wp-content\/uploads\/sites\/5\/2023\/12\/SOS-PRO-595-8.jpg','https:\/\/geemarc.com\/de\/wp-content\/uploads\/sites\/5\/2023\/12\/SOS-PRO-595-7.jpg','https:\/\/geemarc.com\/de\/wp-content\/uploads\/sites\/5\/2023\/12\/SOS-PRO-595-6.jpg','https:\/\/geemarc.com\/de\/wp-content\/uploads\/sites\/5\/2023\/12\/SOS-PRO-595-5.jpg','https:\/\/geemarc.com\/de\/wp-content\/uploads\/sites\/5\/2023\/12\/SOS-PRO-595-4.jpg','https:\/\/geemarc.com\/de\/wp-content\/uploads\/sites\/5\/2023\/12\/SOS-PRO-595-3.jpg','https:\/\/geemarc.com\/de\/wp-content\/uploads\/sites\/5\/2023\/12\/SOS-PRO-595-2.jpg','https:\/\/geemarc.com\/de\/wp-content\/uploads\/sites\/5\/2023\/12\/SOS-PRO-595-1.jpg','https:\/\/geemarc.com\/de\/wp-content\/uploads\/sites\/5\/2023\/12\/SOS-PRO-595-36.jpg','https:\/\/geemarc.com\/de\/wp-content\/uploads\/sites\/5\/2023\/12\/SOS-PRO-595-35.jpg','https:\/\/geemarc.com\/de\/wp-content\/uploads\/sites\/5\/2023\/12\/SOS-PRO-595-34.jpg','https:\/\/geemarc.com\/de\/wp-content\/uploads\/sites\/5\/2023\/12\/SOS-PRO-595-33.jpg','https:\/\/geemarc.com\/de\/wp-content\/uploads\/sites\/5\/2023\/12\/SOS-PRO-595-32.jpg','https:\/\/geemarc.com\/de\/wp-content\/uploads\/sites\/5\/2023\/12\/SOS-PRO-595-31.jpg','https:\/\/geemarc.com\/de\/wp-content\/uploads\/sites\/5\/2023\/12\/SOS-PRO-595-30.jpg','https:\/\/geemarc.com\/de\/wp-content\/uploads\/sites\/5\/2023\/12\/SOS-PRO-595-29.jpg','https:\/\/geemarc.com\/de\/wp-content\/uploads\/sites\/5\/2023\/12\/SOS-PRO-595-28.jpg','https:\/\/geemarc.com\/de\/wp-content\/uploads\/sites\/5\/2023\/12\/SOS-PRO-595-27.jpg','https:\/\/geemarc.com\/de\/wp-content\/uploads\/sites\/5\/2023\/12\/SOS-PRO-595-26.jpg','https:\/\/geemarc.com\/de\/wp-content\/uploads\/sites\/5\/2023\/12\/SOS-PRO-595-25.jpg','https:\/\/geemarc.com\/de\/wp-content\/uploads\/sites\/5\/2023\/12\/SOS-PRO-595-24.jpg','https:\/\/geemarc.com\/de\/wp-content\/uploads\/sites\/5\/2023\/12\/SOS-PRO-595-23.jpg','https:\/\/geemarc.com\/de\/wp-content\/uploads\/sites\/5\/2023\/12\/SOS-PRO-595-22.jpg','https:\/\/geemarc.com\/de\/wp-content\/uploads\/sites\/5\/2023\/12\/SOS-PRO-595-21.jpg','https:\/\/geemarc.com\/de\/wp-content\/uploads\/sites\/5\/2023\/12\/SOS-PRO-595-20.jpg','https:\/\/geemarc.com\/de\/wp-content\/uploads\/sites\/5\/2023\/12\/SOS-PRO-595-19.jpg','https:\/\/geemarc.com\/de\/wp-content\/uploads\/sites\/5\/2023\/12\/SOS-PRO-595-18.jpg','https:\/\/geemarc.com\/de\/wp-content\/uploads\/sites\/5\/2023\/12\/SOS-PRO-595-17.jpg','https:\/\/geemarc.com\/de\/wp-content\/uploads\/sites\/5\/2023\/12\/SOS-PRO-595-16.jpg','https:\/\/geemarc.com\/de\/wp-content\/uploads\/sites\/5\/2023\/12\/SOS-PRO-595-15.jpg'],\r\n\t\theight: 0,\r\n\t\twidth: 800,\r\n\t\tnavigation: true,\r\n\t\tdrag: true,\r\n\t\tshowCursor: true,\r\n\t\tinterval: 120,\r\n\t\tspeedMultiplier: 3,\r\n\t\t\t\tstartAutoplay: true,\r\n\t\t\t\tonReady: function() {\r\n\t\t\t$(\"#threesixty-slider-10106_kVfuRa\").removeClass('threesixty-loading');\r\n\t\t\t\t\t\tproduct_10106_kVfuRa.play();\r\n\t\t\t\t\t\t\t\t}\r\n\t\t\t});\r\n\t\t\t}(jQuery));\r\n<\/script>\n","protected":false},"excerpt":{"rendered":"<p>Zus\u00e4tzlicher schnurloser SOS-Anh\u00e4nger ausschlie\u00dflich f\u00fcr 595 REIHE<\/p>\n","protected":false},"featured_media":10153,"template":"","meta":[],"product_cat":[124,126],"product_tag":[],"yoast_head":"<!-- This site is optimized with the Yoast SEO plugin v16.9 - https:\/\/yoast.com\/wordpress\/plugins\/seo\/ -->\n<title>SOS-PRO 595 - Geemarc Germany<\/title>\n<meta name=\"robots\" content=\"index, follow, max-snippet:-1, max-image-preview:large, max-video-preview:-1\" \/>\n<link rel=\"canonical\" href=\"https:\/\/geemarc.com\/de\/produkt\/sos-pro-595\/\" \/>\n<meta property=\"og:locale\" content=\"de_DE\" \/>\n<meta property=\"og:type\" content=\"article\" \/>\n<meta property=\"og:title\" content=\"SOS-PRO 595 - Geemarc Germany\" \/>\n<meta property=\"og:description\" content=\"Zus\u00e4tzlicher schnurloser SOS-Anh\u00e4nger ausschlie\u00dflich f\u00fcr 595 REIHE\" \/>\n<meta property=\"og:url\" content=\"https:\/\/geemarc.com\/de\/produkt\/sos-pro-595\/\" \/>\n<meta property=\"og:site_name\" content=\"Geemarc Germany\" \/>\n<meta property=\"article:modified_time\" content=\"2025-06-19T14:41:38+00:00\" \/>\n<meta property=\"og:image\" content=\"https:\/\/geemarc.com\/de\/wp-content\/uploads\/sites\/5\/2023\/12\/SOS-PRO-595_6-scaled.jpg\" \/>\n\t<meta property=\"og:image:width\" content=\"2560\" \/>\n\t<meta property=\"og:image:height\" content=\"1702\" \/>\n<meta name=\"twitter:card\" content=\"summary_large_image\" \/>\n<meta name=\"twitter:label1\" content=\"Gesch\u00e4tzte Lesezeit\" \/>\n\t<meta name=\"twitter:data1\" content=\"1\u00a0Minute\" \/>\n<script type=\"application\/ld+json\" class=\"yoast-schema-graph\">{\"@context\":\"https:\/\/schema.org\",\"@graph\":[{\"@type\":\"WebSite\",\"@id\":\"https:\/\/geemarc.com\/de\/#website\",\"url\":\"https:\/\/geemarc.com\/de\/\",\"name\":\"Geemarc Germany\",\"description\":\"\",\"potentialAction\":[{\"@type\":\"SearchAction\",\"target\":{\"@type\":\"EntryPoint\",\"urlTemplate\":\"https:\/\/geemarc.com\/de\/?s={search_term_string}\"},\"query-input\":\"required name=search_term_string\"}],\"inLanguage\":\"de\"},{\"@type\":\"ImageObject\",\"@id\":\"https:\/\/geemarc.com\/de\/produkt\/sos-pro-595\/#primaryimage\",\"inLanguage\":\"de\",\"url\":\"https:\/\/geemarc.com\/de\/wp-content\/uploads\/sites\/5\/2023\/12\/SOS-PRO-595_6-scaled.jpg\",\"contentUrl\":\"https:\/\/geemarc.com\/de\/wp-content\/uploads\/sites\/5\/2023\/12\/SOS-PRO-595_6-scaled.jpg\",\"width\":2560,\"height\":1702},{\"@type\":\"WebPage\",\"@id\":\"https:\/\/geemarc.com\/de\/produkt\/sos-pro-595\/#webpage\",\"url\":\"https:\/\/geemarc.com\/de\/produkt\/sos-pro-595\/\",\"name\":\"SOS-PRO 595 - Geemarc Germany\",\"isPartOf\":{\"@id\":\"https:\/\/geemarc.com\/de\/#website\"},\"primaryImageOfPage\":{\"@id\":\"https:\/\/geemarc.com\/de\/produkt\/sos-pro-595\/#primaryimage\"},\"datePublished\":\"2023-12-19T14:59:37+00:00\",\"dateModified\":\"2025-06-19T14:41:38+00:00\",\"breadcrumb\":{\"@id\":\"https:\/\/geemarc.com\/de\/produkt\/sos-pro-595\/#breadcrumb\"},\"inLanguage\":\"de\",\"potentialAction\":[{\"@type\":\"ReadAction\",\"target\":[\"https:\/\/geemarc.com\/de\/produkt\/sos-pro-595\/\"]}]},{\"@type\":\"BreadcrumbList\",\"@id\":\"https:\/\/geemarc.com\/de\/produkt\/sos-pro-595\/#breadcrumb\",\"itemListElement\":[{\"@type\":\"ListItem\",\"position\":1,\"name\":\"Home\",\"item\":\"https:\/\/geemarc.com\/de\/\"},{\"@type\":\"ListItem\",\"position\":2,\"name\":\"Shop\",\"item\":\"https:\/\/geemarc.com\/de\/shop\/\"},{\"@type\":\"ListItem\",\"position\":3,\"name\":\"SOS-PRO 595\"}]}]}<\/script>\n<!-- \/ Yoast SEO plugin. -->","yoast_head_json":{"title":"SOS-PRO 595 - Geemarc Germany","robots":{"index":"index","follow":"follow","max-snippet":"max-snippet:-1","max-image-preview":"max-image-preview:large","max-video-preview":"max-video-preview:-1"},"canonical":"https:\/\/geemarc.com\/de\/produkt\/sos-pro-595\/","og_locale":"de_DE","og_type":"article","og_title":"SOS-PRO 595 - Geemarc Germany","og_description":"Zus\u00e4tzlicher schnurloser SOS-Anh\u00e4nger ausschlie\u00dflich f\u00fcr 595 REIHE","og_url":"https:\/\/geemarc.com\/de\/produkt\/sos-pro-595\/","og_site_name":"Geemarc Germany","article_modified_time":"2025-06-19T14:41:38+00:00","og_image":[{"width":2560,"height":1702,"url":"https:\/\/geemarc.com\/de\/wp-content\/uploads\/sites\/5\/2023\/12\/SOS-PRO-595_6-scaled.jpg","path":"\/home\/g\/e\/geemarcwp\/public_html\/wp-content\/uploads\/sites\/5\/2023\/12\/SOS-PRO-595_6-scaled.jpg","size":"full","id":10153,"alt":"","pixels":4357120,"type":"image\/jpeg"}],"twitter_card":"summary_large_image","twitter_misc":{"Gesch\u00e4tzte Lesezeit":"1\u00a0Minute"},"schema":{"@context":"https:\/\/schema.org","@graph":[{"@type":"WebSite","@id":"https:\/\/geemarc.com\/de\/#website","url":"https:\/\/geemarc.com\/de\/","name":"Geemarc Germany","description":"","potentialAction":[{"@type":"SearchAction","target":{"@type":"EntryPoint","urlTemplate":"https:\/\/geemarc.com\/de\/?s={search_term_string}"},"query-input":"required name=search_term_string"}],"inLanguage":"de"},{"@type":"ImageObject","@id":"https:\/\/geemarc.com\/de\/produkt\/sos-pro-595\/#primaryimage","inLanguage":"de","url":"https:\/\/geemarc.com\/de\/wp-content\/uploads\/sites\/5\/2023\/12\/SOS-PRO-595_6-scaled.jpg","contentUrl":"https:\/\/geemarc.com\/de\/wp-content\/uploads\/sites\/5\/2023\/12\/SOS-PRO-595_6-scaled.jpg","width":2560,"height":1702},{"@type":"WebPage","@id":"https:\/\/geemarc.com\/de\/produkt\/sos-pro-595\/#webpage","url":"https:\/\/geemarc.com\/de\/produkt\/sos-pro-595\/","name":"SOS-PRO 595 - Geemarc Germany","isPartOf":{"@id":"https:\/\/geemarc.com\/de\/#website"},"primaryImageOfPage":{"@id":"https:\/\/geemarc.com\/de\/produkt\/sos-pro-595\/#primaryimage"},"datePublished":"2023-12-19T14:59:37+00:00","dateModified":"2025-06-19T14:41:38+00:00","breadcrumb":{"@id":"https:\/\/geemarc.com\/de\/produkt\/sos-pro-595\/#breadcrumb"},"inLanguage":"de","potentialAction":[{"@type":"ReadAction","target":["https:\/\/geemarc.com\/de\/produkt\/sos-pro-595\/"]}]},{"@type":"BreadcrumbList","@id":"https:\/\/geemarc.com\/de\/produkt\/sos-pro-595\/#breadcrumb","itemListElement":[{"@type":"ListItem","position":1,"name":"Home","item":"https:\/\/geemarc.com\/de\/"},{"@type":"ListItem","position":2,"name":"Shop","item":"https:\/\/geemarc.com\/de\/shop\/"},{"@type":"ListItem","position":3,"name":"SOS-PRO 595"}]}]}},"acf":[],"_links":{"self":[{"href":"https:\/\/geemarc.com\/de\/wp-json\/wp\/v2\/product\/10108"}],"collection":[{"href":"https:\/\/geemarc.com\/de\/wp-json\/wp\/v2\/product"}],"about":[{"href":"https:\/\/geemarc.com\/de\/wp-json\/wp\/v2\/types\/product"}],"wp:featuredmedia":[{"embeddable":true,"href":"https:\/\/geemarc.com\/de\/wp-json\/wp\/v2\/media\/10153"}],"wp:attachment":[{"href":"https:\/\/geemarc.com\/de\/wp-json\/wp\/v2\/media?parent=10108"}],"wp:term":[{"taxonomy":"product_cat","embeddable":true,"href":"https:\/\/geemarc.com\/de\/wp-json\/wp\/v2\/product_cat?post=10108"},{"taxonomy":"product_tag","embeddable":true,"href":"https:\/\/geemarc.com\/de\/wp-json\/wp\/v2\/product_tag?post=10108"}],"curies":[{"name":"wp","href":"https:\/\/api.w.org\/{rel}","templated":true}]}}