{"id":10160,"date":"2023-12-22T14:24:45","date_gmt":"2023-12-22T14:24:45","guid":{"rendered":"https:\/\/geemarc.com\/de\/?post_type=product&#038;p=10160"},"modified":"2024-01-15T08:07:59","modified_gmt":"2024-01-15T08:07:59","slug":"ibt10-loop","status":"publish","type":"product","link":"https:\/\/geemarc.com\/de\/produkt\/ibt10-loop\/","title":{"rendered":"iBT10 LOOP"},"content":{"rendered":"<p><strong>FUNKTIONEN<\/strong><\/p>\n<ul>\n<li>Bluetooth-Audio-Verst\u00e4rker-Set<\/li>\n<li>Zwei verschiedene H\u00f6rmodi: via mitgelieferten Kopfh\u00f6rern oder dem H\u00f6rger\u00e4t in T-Stellung dank der optionalen magnetischen Halsschlaufe (iBT10 ML)<\/li>\n<li>Zwei Bluetooth-Ger\u00e4te anschlie\u00dfbar<\/li>\n<li>Einstellbare Empfangslautst\u00e4rke bis zu 30 dB<\/li>\n<li>Einstellbare Tonh\u00f6he<\/li>\n<li>Funkreichweite: 10 m<\/li>\n<li>LED-Anzeigen f\u00fcr den Akkustatus<\/li>\n<li>USB Typ C Ladeanschluss<\/li>\n<\/ul>\n<p>&nbsp;<\/p>\n<p><strong>TECHNISCHE ANGABEN<\/strong><\/p>\n<ul>\n<li>Funktioniert mit eingebautem 500mAH Li-Poly-Akku<\/li>\n<li>Bluetooth Version 5.0 Multipoint, funktioniert mit Mobiltelefonen<\/li>\n<\/ul>\n<p>iOS\/Android oder andere Bluetooth-Ger\u00e4te (TV, PC, etc.)<\/p>\n<ul>\n<li>Ma\u00dfe: 7,2&#215;3,2&#215;1,7 cm<\/li>\n<\/ul>\n<p>&nbsp;<\/p>\n<p><strong>ENHALTENENS ZUBEH\u00d6R<\/strong><\/p>\n<ul>\n<li>Kopfh\u00f6rer (mit 3,5 mm Stereo-Klinkenstecker)<\/li>\n<li>Ladekabel (5V DC) USB Typ C<\/li>\n<li>G\u00fcrtelclip<\/li>\n<li>Kabel mit Clip<\/li>\n<\/ul>\n<p>&nbsp;<\/p>\n<div id=\"threesixty-slider-10158_OIOlBF\" class=\"threesixty-loading threesixty-image threesixty-dark-blue threesixty-vintage threesixty-no-border\" style=\"width: 800px;\">\r\n\t<div class=\"threesixty-preview-10158_OIOlBF\"><img class=\"threesixty-preview-image\" src=\"https:\/\/geemarc.com\/de\/wp-content\/uploads\/sites\/5\/2023\/12\/iBT10-5.jpg\"\/><\/div>\r\n\t<div class=\"threesixty-spinner threesixty-spinner-10158_OIOlBF\">\r\n\t\t<span>0%<\/span>\r\n\t<\/div>\r\n\t<ol class=\"threesixty-images threesixty-images-10158_OIOlBF\"><\/ol>\r\n\t\t\t<a href=\"#threesixty-slider-10158_OIOlBF\" class=\"threesixty-mfp-anchor\"><\/a>\r\n\t<\/div>\r\n<!--SPV--><script type=\"text\/javascript\">\/\/SPV\r\n(function($) {\r\n\t\t$('#threesixty-slider-10158_OIOlBF .threesixty-mfp-anchor').magnificPopup({\r\n\t\ttype:'inline',\r\n\t\tcloseOnBgClick: true,\r\n\t\tmidClick: true,\r\n\t\t\/\/removalDelay: 300,\r\n  \t\t\/\/mainClass: 'mfp-fade',\r\n\t\tcallbacks: {\r\n\t\t\t resize: function() {\r\n\t\t\t \tvar originalHeight \t= 474,\r\n\t\t\t \t\toriginalWidth \t= 800,\r\n\t\t\t \t\tmfpHeight \t\t= 474,\r\n\t\t\t \t\tmfpWidth \t\t= 800,\r\n\t\t\t \t\tratio \t\t\t= originalWidth \/ originalHeight,\r\n\t\t\t \t\twinHeight \t\t= $(window).height(),\r\n\t\t\t \t\twinWidth \t\t= $(window).width();\r\n\t\t\t \t\r\n\t\t\t \tif ( originalHeight > winHeight * 0.9 ) {\r\n\t\t\t \t\tmfpHeight \t\t= winHeight * 0.9;\r\n\t\t\t \t\tmfpWidth \t\t= mfpHeight * ratio;\r\n\t\t\t\t}\r\n\t\t\t\tif ( mfpWidth > winWidth * 0.9 ) {\r\n\t\t\t \t\tmfpWidth \t\t= winWidth * 0.9;\r\n\t\t\t \t\tmfpHeight \t\t= mfpWidth \/ ratio;\r\n\t\t\t\t}\r\n\t\t\t \tif ( mfpHeight < originalHeight && mfpWidth < originalWidth ) {\r\n\t\t\t\t    $('#threesixty-slider-10158_OIOlBF').height(mfpHeight);\r\n\t\t\t\t    $('#threesixty-slider-10158_OIOlBF').width(mfpWidth);\r\n\t\t\t\t} \r\n\t\t\t\telse {\r\n\t\t\t\t    $('#threesixty-slider-10158_OIOlBF').height(originalHeight);\r\n\t\t\t\t    $('#threesixty-slider-10158_OIOlBF').width(originalWidth);\r\n\t\t\t\t}\r\n\t\t\t},\r\n\t\t\tclose: function() {\r\n\t\t\t    $('#threesixty-slider-10158_OIOlBF').height('auto');\r\n\t\t\t    $('#threesixty-slider-10158_OIOlBF').width(800);\r\n\t\t\t}\r\n\t\t},\r\n\t\tcloseMarkup :\"<button class=\\\"mfp-close\\\"><\/button>\"\r\n\t});\r\n\t\tvar product_10158_OIOlBF = $('#threesixty-slider-10158_OIOlBF').ThreeSixty({\r\n\t\ttotalFrames: 36,\r\n\t\tendFrame: 0,\r\n\t\tcurrentFrame: 36,\r\n\t\timgList: '.threesixty-images-10158_OIOlBF',\r\n\t\tprogress: '.threesixty-spinner-10158_OIOlBF',\r\n\t\tpreview: '.threesixty-preview-10158_OIOlBF',\r\n\t\timages: ['https:\/\/geemarc.com\/de\/wp-content\/uploads\/sites\/5\/2023\/12\/iBT10-4.jpg','https:\/\/geemarc.com\/de\/wp-content\/uploads\/sites\/5\/2023\/12\/iBT10-3.jpg','https:\/\/geemarc.com\/de\/wp-content\/uploads\/sites\/5\/2023\/12\/iBT10-2.jpg','https:\/\/geemarc.com\/de\/wp-content\/uploads\/sites\/5\/2023\/12\/iBT10-1.jpg','https:\/\/geemarc.com\/de\/wp-content\/uploads\/sites\/5\/2023\/12\/iBT10-36.jpg','https:\/\/geemarc.com\/de\/wp-content\/uploads\/sites\/5\/2023\/12\/iBT10-35.jpg','https:\/\/geemarc.com\/de\/wp-content\/uploads\/sites\/5\/2023\/12\/iBT10-34.jpg','https:\/\/geemarc.com\/de\/wp-content\/uploads\/sites\/5\/2023\/12\/iBT10-33.jpg','https:\/\/geemarc.com\/de\/wp-content\/uploads\/sites\/5\/2023\/12\/iBT10-32.jpg','https:\/\/geemarc.com\/de\/wp-content\/uploads\/sites\/5\/2023\/12\/iBT10-31.jpg','https:\/\/geemarc.com\/de\/wp-content\/uploads\/sites\/5\/2023\/12\/iBT10-30.jpg','https:\/\/geemarc.com\/de\/wp-content\/uploads\/sites\/5\/2023\/12\/iBT10-29.jpg','https:\/\/geemarc.com\/de\/wp-content\/uploads\/sites\/5\/2023\/12\/iBT10-28.jpg','https:\/\/geemarc.com\/de\/wp-content\/uploads\/sites\/5\/2023\/12\/iBT10-27.jpg','https:\/\/geemarc.com\/de\/wp-content\/uploads\/sites\/5\/2023\/12\/iBT10-26.jpg','https:\/\/geemarc.com\/de\/wp-content\/uploads\/sites\/5\/2023\/12\/iBT10-25.jpg','https:\/\/geemarc.com\/de\/wp-content\/uploads\/sites\/5\/2023\/12\/iBT10-24.jpg','https:\/\/geemarc.com\/de\/wp-content\/uploads\/sites\/5\/2023\/12\/iBT10-23.jpg','https:\/\/geemarc.com\/de\/wp-content\/uploads\/sites\/5\/2023\/12\/iBT10-22.jpg','https:\/\/geemarc.com\/de\/wp-content\/uploads\/sites\/5\/2023\/12\/iBT10-21.jpg','https:\/\/geemarc.com\/de\/wp-content\/uploads\/sites\/5\/2023\/12\/iBT10-20.jpg','https:\/\/geemarc.com\/de\/wp-content\/uploads\/sites\/5\/2023\/12\/iBT10-19.jpg','https:\/\/geemarc.com\/de\/wp-content\/uploads\/sites\/5\/2023\/12\/iBT10-18.jpg','https:\/\/geemarc.com\/de\/wp-content\/uploads\/sites\/5\/2023\/12\/iBT10-17.jpg','https:\/\/geemarc.com\/de\/wp-content\/uploads\/sites\/5\/2023\/12\/iBT10-16.jpg','https:\/\/geemarc.com\/de\/wp-content\/uploads\/sites\/5\/2023\/12\/iBT10-15.jpg','https:\/\/geemarc.com\/de\/wp-content\/uploads\/sites\/5\/2023\/12\/iBT10-14.jpg','https:\/\/geemarc.com\/de\/wp-content\/uploads\/sites\/5\/2023\/12\/iBT10-13.jpg','https:\/\/geemarc.com\/de\/wp-content\/uploads\/sites\/5\/2023\/12\/iBT10-12.jpg','https:\/\/geemarc.com\/de\/wp-content\/uploads\/sites\/5\/2023\/12\/iBT10-11.jpg','https:\/\/geemarc.com\/de\/wp-content\/uploads\/sites\/5\/2023\/12\/iBT10-10.jpg','https:\/\/geemarc.com\/de\/wp-content\/uploads\/sites\/5\/2023\/12\/iBT10-9.jpg','https:\/\/geemarc.com\/de\/wp-content\/uploads\/sites\/5\/2023\/12\/iBT10-8.jpg','https:\/\/geemarc.com\/de\/wp-content\/uploads\/sites\/5\/2023\/12\/iBT10-7.jpg','https:\/\/geemarc.com\/de\/wp-content\/uploads\/sites\/5\/2023\/12\/iBT10-6.jpg','https:\/\/geemarc.com\/de\/wp-content\/uploads\/sites\/5\/2023\/12\/iBT10-5.jpg'],\r\n\t\theight: 0,\r\n\t\twidth: 800,\r\n\t\tnavigation: true,\r\n\t\tdrag: true,\r\n\t\tshowCursor: true,\r\n\t\tinterval: 120,\r\n\t\tspeedMultiplier: 3,\r\n\t\t\t\tstartAutoplay: true,\r\n\t\t\t\tonReady: function() {\r\n\t\t\t$(\"#threesixty-slider-10158_OIOlBF\").removeClass('threesixty-loading');\r\n\t\t\t\t\t\tproduct_10158_OIOlBF.play();\r\n\t\t\t\t\t\t\t\t}\r\n\t\t\t});\r\n\t\t\t}(jQuery));\r\n<\/script>\n","protected":false},"excerpt":{"rendered":"<p>Verst\u00e4rkte Bluetooth-Freisprecheinrichtung mit Magnetische Halsschlaufe f\u00fcr Handy, TV, PC<\/p>\n","protected":false},"featured_media":10216,"template":"","meta":[],"product_cat":[148,133],"product_tag":[],"yoast_head":"<!-- This site is optimized with the Yoast SEO plugin v16.9 - https:\/\/yoast.com\/wordpress\/plugins\/seo\/ -->\n<title>iBT10 LOOP - Geemarc Germany<\/title>\n<meta name=\"robots\" content=\"index, follow, max-snippet:-1, max-image-preview:large, max-video-preview:-1\" \/>\n<link rel=\"canonical\" href=\"https:\/\/geemarc.com\/de\/produkt\/ibt10-loop\/\" \/>\n<meta property=\"og:locale\" content=\"de_DE\" \/>\n<meta property=\"og:type\" content=\"article\" \/>\n<meta property=\"og:title\" content=\"iBT10 LOOP - Geemarc Germany\" \/>\n<meta property=\"og:description\" content=\"Verst\u00e4rkte Bluetooth-Freisprecheinrichtung mit Magnetische Halsschlaufe f\u00fcr Handy, TV, PC\" \/>\n<meta property=\"og:url\" content=\"https:\/\/geemarc.com\/de\/produkt\/ibt10-loop\/\" \/>\n<meta property=\"og:site_name\" content=\"Geemarc Germany\" \/>\n<meta property=\"article:modified_time\" content=\"2024-01-15T08:07:59+00:00\" \/>\n<meta property=\"og:image\" content=\"https:\/\/geemarc.com\/de\/wp-content\/uploads\/sites\/5\/2023\/12\/iBT10_ML_AngleLoop000-scaled.jpg\" \/>\n\t<meta property=\"og:image:width\" content=\"1393\" \/>\n\t<meta property=\"og:image:height\" content=\"2560\" \/>\n<meta name=\"twitter:card\" content=\"summary_large_image\" \/>\n<meta name=\"twitter:label1\" content=\"Gesch\u00e4tzte Lesezeit\" \/>\n\t<meta name=\"twitter:data1\" content=\"1\u00a0Minute\" \/>\n<script type=\"application\/ld+json\" class=\"yoast-schema-graph\">{\"@context\":\"https:\/\/schema.org\",\"@graph\":[{\"@type\":\"WebSite\",\"@id\":\"https:\/\/geemarc.com\/de\/#website\",\"url\":\"https:\/\/geemarc.com\/de\/\",\"name\":\"Geemarc Germany\",\"description\":\"\",\"potentialAction\":[{\"@type\":\"SearchAction\",\"target\":{\"@type\":\"EntryPoint\",\"urlTemplate\":\"https:\/\/geemarc.com\/de\/?s={search_term_string}\"},\"query-input\":\"required name=search_term_string\"}],\"inLanguage\":\"de\"},{\"@type\":\"ImageObject\",\"@id\":\"https:\/\/geemarc.com\/de\/produkt\/ibt10-loop\/#primaryimage\",\"inLanguage\":\"de\",\"url\":\"https:\/\/geemarc.com\/de\/wp-content\/uploads\/sites\/5\/2023\/12\/iBT10_ML_AngleLoop000-scaled.jpg\",\"contentUrl\":\"https:\/\/geemarc.com\/de\/wp-content\/uploads\/sites\/5\/2023\/12\/iBT10_ML_AngleLoop000-scaled.jpg\",\"width\":1393,\"height\":2560,\"caption\":\"OLYMPUS DIGITAL CAMERA\"},{\"@type\":\"WebPage\",\"@id\":\"https:\/\/geemarc.com\/de\/produkt\/ibt10-loop\/#webpage\",\"url\":\"https:\/\/geemarc.com\/de\/produkt\/ibt10-loop\/\",\"name\":\"iBT10 LOOP - Geemarc Germany\",\"isPartOf\":{\"@id\":\"https:\/\/geemarc.com\/de\/#website\"},\"primaryImageOfPage\":{\"@id\":\"https:\/\/geemarc.com\/de\/produkt\/ibt10-loop\/#primaryimage\"},\"datePublished\":\"2023-12-22T14:24:45+00:00\",\"dateModified\":\"2024-01-15T08:07:59+00:00\",\"breadcrumb\":{\"@id\":\"https:\/\/geemarc.com\/de\/produkt\/ibt10-loop\/#breadcrumb\"},\"inLanguage\":\"de\",\"potentialAction\":[{\"@type\":\"ReadAction\",\"target\":[\"https:\/\/geemarc.com\/de\/produkt\/ibt10-loop\/\"]}]},{\"@type\":\"BreadcrumbList\",\"@id\":\"https:\/\/geemarc.com\/de\/produkt\/ibt10-loop\/#breadcrumb\",\"itemListElement\":[{\"@type\":\"ListItem\",\"position\":1,\"name\":\"Home\",\"item\":\"https:\/\/geemarc.com\/de\/\"},{\"@type\":\"ListItem\",\"position\":2,\"name\":\"Shop\",\"item\":\"https:\/\/geemarc.com\/de\/shop\/\"},{\"@type\":\"ListItem\",\"position\":3,\"name\":\"iBT10 LOOP\"}]}]}<\/script>\n<!-- \/ Yoast SEO plugin. -->","yoast_head_json":{"title":"iBT10 LOOP - Geemarc Germany","robots":{"index":"index","follow":"follow","max-snippet":"max-snippet:-1","max-image-preview":"max-image-preview:large","max-video-preview":"max-video-preview:-1"},"canonical":"https:\/\/geemarc.com\/de\/produkt\/ibt10-loop\/","og_locale":"de_DE","og_type":"article","og_title":"iBT10 LOOP - Geemarc Germany","og_description":"Verst\u00e4rkte Bluetooth-Freisprecheinrichtung mit Magnetische Halsschlaufe f\u00fcr Handy, TV, PC","og_url":"https:\/\/geemarc.com\/de\/produkt\/ibt10-loop\/","og_site_name":"Geemarc Germany","article_modified_time":"2024-01-15T08:07:59+00:00","og_image":[{"width":1393,"height":2560,"url":"https:\/\/geemarc.com\/de\/wp-content\/uploads\/sites\/5\/2023\/12\/iBT10_ML_AngleLoop000-scaled.jpg","path":"\/home\/g\/e\/geemarcwp\/public_html\/wp-content\/uploads\/sites\/5\/2023\/12\/iBT10_ML_AngleLoop000-scaled.jpg","size":"full","id":10216,"alt":"","pixels":3566080,"type":"image\/jpeg"}],"twitter_card":"summary_large_image","twitter_misc":{"Gesch\u00e4tzte Lesezeit":"1\u00a0Minute"},"schema":{"@context":"https:\/\/schema.org","@graph":[{"@type":"WebSite","@id":"https:\/\/geemarc.com\/de\/#website","url":"https:\/\/geemarc.com\/de\/","name":"Geemarc Germany","description":"","potentialAction":[{"@type":"SearchAction","target":{"@type":"EntryPoint","urlTemplate":"https:\/\/geemarc.com\/de\/?s={search_term_string}"},"query-input":"required name=search_term_string"}],"inLanguage":"de"},{"@type":"ImageObject","@id":"https:\/\/geemarc.com\/de\/produkt\/ibt10-loop\/#primaryimage","inLanguage":"de","url":"https:\/\/geemarc.com\/de\/wp-content\/uploads\/sites\/5\/2023\/12\/iBT10_ML_AngleLoop000-scaled.jpg","contentUrl":"https:\/\/geemarc.com\/de\/wp-content\/uploads\/sites\/5\/2023\/12\/iBT10_ML_AngleLoop000-scaled.jpg","width":1393,"height":2560,"caption":"OLYMPUS DIGITAL CAMERA"},{"@type":"WebPage","@id":"https:\/\/geemarc.com\/de\/produkt\/ibt10-loop\/#webpage","url":"https:\/\/geemarc.com\/de\/produkt\/ibt10-loop\/","name":"iBT10 LOOP - Geemarc Germany","isPartOf":{"@id":"https:\/\/geemarc.com\/de\/#website"},"primaryImageOfPage":{"@id":"https:\/\/geemarc.com\/de\/produkt\/ibt10-loop\/#primaryimage"},"datePublished":"2023-12-22T14:24:45+00:00","dateModified":"2024-01-15T08:07:59+00:00","breadcrumb":{"@id":"https:\/\/geemarc.com\/de\/produkt\/ibt10-loop\/#breadcrumb"},"inLanguage":"de","potentialAction":[{"@type":"ReadAction","target":["https:\/\/geemarc.com\/de\/produkt\/ibt10-loop\/"]}]},{"@type":"BreadcrumbList","@id":"https:\/\/geemarc.com\/de\/produkt\/ibt10-loop\/#breadcrumb","itemListElement":[{"@type":"ListItem","position":1,"name":"Home","item":"https:\/\/geemarc.com\/de\/"},{"@type":"ListItem","position":2,"name":"Shop","item":"https:\/\/geemarc.com\/de\/shop\/"},{"@type":"ListItem","position":3,"name":"iBT10 LOOP"}]}]}},"acf":[],"_links":{"self":[{"href":"https:\/\/geemarc.com\/de\/wp-json\/wp\/v2\/product\/10160"}],"collection":[{"href":"https:\/\/geemarc.com\/de\/wp-json\/wp\/v2\/product"}],"about":[{"href":"https:\/\/geemarc.com\/de\/wp-json\/wp\/v2\/types\/product"}],"wp:featuredmedia":[{"embeddable":true,"href":"https:\/\/geemarc.com\/de\/wp-json\/wp\/v2\/media\/10216"}],"wp:attachment":[{"href":"https:\/\/geemarc.com\/de\/wp-json\/wp\/v2\/media?parent=10160"}],"wp:term":[{"taxonomy":"product_cat","embeddable":true,"href":"https:\/\/geemarc.com\/de\/wp-json\/wp\/v2\/product_cat?post=10160"},{"taxonomy":"product_tag","embeddable":true,"href":"https:\/\/geemarc.com\/de\/wp-json\/wp\/v2\/product_tag?post=10160"}],"curies":[{"name":"wp","href":"https:\/\/api.w.org\/{rel}","templated":true}]}}