{"id":10333,"date":"2024-12-17T11:27:02","date_gmt":"2024-12-17T11:27:02","guid":{"rendered":"https:\/\/geemarc.com\/de\/?post_type=product&#038;p=10333"},"modified":"2026-03-26T13:15:54","modified_gmt":"2026-03-26T13:15:54","slug":"liberty-200-duo","status":"publish","type":"product","link":"https:\/\/geemarc.com\/de\/produkt\/liberty-200-duo\/","title":{"rendered":"Liberty 200 DUO"},"content":{"rendered":"<p><span style=\"text-decoration: underline;\"><strong>DUO-VERSION: zwei Mobilteile und zwei Ladestationen enthalten.<\/strong><\/span><\/p>\n<p>&nbsp;<\/p>\n<p><strong>ANRUFEN\/ANNEHMEN<\/strong><\/p>\n<ul>\n<li>Kleine separate Basisstation, die mit Ihrer Internetbox verbunden wird.<\/li>\n<li>H\u00f6rger\u00e4tekompatibel<\/li>\n<li>H\u00f6rerlautst\u00e4rke bis zu 30dB<\/li>\n<li>Freisprechfunktion<\/li>\n<li>Lautst\u00e4rkeregelung Lautsprecher<\/li>\n<li>VIP Funktion: Favoritenliste Ihrer Kontakte, personalisierbar mit Name, Nummer und Klingelton (bis zu 60 Telefonbuchkontakte)<\/li>\n<li>Telefonbuch: Kontakte personalisierbar mit Name, Nummer und Klingelton (60 Kontakte, darin enthalten die VIP Kontakte)<\/li>\n<li>Sperrliste: Blockieren Sie bis zu 60 Nummern.<\/li>\n<li>Direkttaste zum Hinzuf\u00fcgen der Nummer eines Anrufs auf die Sperrliste<\/li>\n<li>Direkttaste zum Telefonbuch<\/li>\n<li>Wahlwiederholungstaste<\/li>\n<li>Direkttaste zum Men\u00fc<\/li>\n<li>Wahlwiederholung der 10 letzten gew\u00e4hlten Rufnummern<\/li>\n<li>Flash (100 ms \/270 ms \/ 600 ms)<\/li>\n<li>Stummfunktion<\/li>\n<li>Ergonomisches Mobilteil zur einfachen Benutzung<\/li>\n<li>Tastatur<\/li>\n<li style=\"list-style-type: none;\">\n<ul>\n<li>Gro\u00dfe Tasten<\/li>\n<li>Tastent\u00f6ne<\/li>\n<\/ul>\n<\/li>\n<\/ul>\n<p>&nbsp;<\/p>\n<p><strong>ANRUFSPERRE<\/strong><\/p>\n<ul>\n<li>Dr\u00fccken Sie zwei Tasten, um die Nummer eines Anrufs sofort auf die Sperrliste zu setzen.<\/li>\n<li>Funktion, um bestimmte Anrufe direkt zu erlauben\/blockieren:\n<ul>\n<li>Nur VIP Kontakte zulassen.<\/li>\n<li>Nur Telefonbuchkontakte zulassen.<\/li>\n<li>Alle in der Sperrliste gespeicherten Nummern blockieren (bis zu 60).<\/li>\n<\/ul>\n<\/li>\n<li>Alle privaten \/ internationalen \/ anonymen \/ geb\u00fchrenpflichtigen Anrufe blockieren.<\/li>\n<\/ul>\n<p>&nbsp;<\/p>\n<p><strong>LCD DISPLAY <\/strong><\/p>\n<ul>\n<li>Wei\u00dfe Hintergrundbeleuchtung<\/li>\n<li>Display: zeigt Name und Nummer an. 1 Zeile Dot Matrix + 1 Zeile 7 Segmente + 2 Zeilen Symbole<\/li>\n<li>Ma\u00dfe: 40 x 32 mm<\/li>\n<li>6 w\u00e4hlbare Sprachen: Deutsch, Englisch, Franz\u00f6sisch, Niederl\u00e4ndisch, Italienisch, Spanisch.<\/li>\n<li>Navigationsmen\u00fc<\/li>\n<li>Uhrzeit- und Datumsanzeige<\/li>\n<li>Alarmfunktion<\/li>\n<li>Tastensperre<\/li>\n<li>Gespr\u00e4chszeitangabe<\/li>\n<\/ul>\n<p>&nbsp;<\/p>\n<p><strong>KLINGELTON<\/strong><\/p>\n<ul>\n<li>Extra laute Melodien: bis zu 75dB bei 1 m Abstand auf dem Mobilteil<\/li>\n<li>5 polyphone und 5 normale Klingelt\u00f6ne<\/li>\n<li>Personalisierbare Klingelt\u00f6ne f\u00fcr die Telefonbuchkontakte<\/li>\n<li>Einstellbare Klingellautst\u00e4rke: MUTE + 5 Stufen<\/li>\n<li>Optische Anrufanzeige<\/li>\n<\/ul>\n<p>&nbsp;<\/p>\n<p><strong>EIGENSCHAFTEN MOBILTEIL<\/strong><\/p>\n<ul>\n<li>Lokalisierung des Mobilteils<\/li>\n<li>Dreierkonferenz<\/li>\n<li>Anrufweiterleitung zwischen den Mobilteilen<\/li>\n<li>Interphonefunktion zwischen den Mobilteilen<\/li>\n<\/ul>\n<p><strong>\u00a0<\/strong><\/p>\n<p><strong>TECHNISCHE ANGABEN<\/strong><\/p>\n<ul>\n<li>DECT-Telefon<\/li>\n<li>Dauerspeicher<\/li>\n<li>Eco-Modus<\/li>\n<li>Funktioniert mit zwei Netzadaptern (enthalten)<\/li>\n<li>RJ11\/RJ11 Kabel (1,5 m) enthalten<\/li>\n<li>4 wiederaufladbare Batterien Typ ni-Mh 1,2V 400mA (enthalten)<\/li>\n<li>Ton-\/Dezimalfrequenzwahl<\/li>\n<li>Ma\u00dfe:<\/li>\n<li>Mobilteil: 172 x 55 x 2 5 mm<\/li>\n<\/ul>\n<p>&#8211;\u00a0 Basisstation Mobilteil: 77 x 77 x 69 mm<\/p>\n<p>&#8211;\u00a0 DECT Basisstation: 80 x 85 x 38 mm<\/p>\n<ul>\n<li>Stand-by Zeit: 4 Tage<\/li>\n<li>Akkulaufzeit bei Gespr\u00e4chen:<\/li>\n<li>8 Stunden bei normaler Benutzung<\/li>\n<li>4 Stunden im Lautsprechermodus<\/li>\n<li>GAP-kompatibel<\/li>\n<li>Reichweite: bis zu 50 m in Innenr\u00e4umen<\/li>\n<\/ul>\n<p>&nbsp;<\/p>\n<p><strong>ANRUFER ID*<\/strong><\/p>\n<ul>\n<li>Anruferkennung, wenn aufgelegt (Typ 1) oder im Gespr\u00e4ch (Typ 2) :<\/li>\n<\/ul>\n<p>&#8211;\u00a0 20 eingehende Rufnummern<\/p>\n<p>&#8211;\u00a0 10 ausgehende Rufnummern<\/p>\n<ul>\n<li>\u00dcbertragung einer Rufnummer ins Telefonbuch m\u00f6glich<\/li>\n<li>Namen- und Telefonnummeranzeige<\/li>\n<li>Symbol f\u00fcr Anruf in Warteschleife<\/li>\n<li>Symbol bei neuem Anruf<\/li>\n<\/ul>\n<p>&nbsp;<\/p>\n<p>&nbsp;<\/p>\n<p>[vc_row][vc_column][vc_video link=&#8221;https:\/\/www.youtube.com\/watch?v=LgbUxjPronM&#8221; align=&#8221;center&#8221; css_animation=&#8221;slideInUp&#8221;][\/vc_column][\/vc_row]<\/p>\n","protected":false},"excerpt":{"rendered":"<p>Digitales verst\u00e4rktes Schnurlostelefon mit separater DECT-Basisstation + zwei Mobilteilen<\/p>\n","protected":false},"featured_media":10793,"template":"","meta":[],"product_cat":[124],"product_tag":[],"yoast_head":"<!-- This site is optimized with the Yoast SEO plugin v16.9 - https:\/\/yoast.com\/wordpress\/plugins\/seo\/ -->\n<title>Liberty 200 DUO - Geemarc Germany<\/title>\n<meta name=\"robots\" content=\"index, follow, max-snippet:-1, max-image-preview:large, max-video-preview:-1\" \/>\n<link rel=\"canonical\" href=\"https:\/\/geemarc.com\/de\/produkt\/liberty-200-duo\/\" \/>\n<meta property=\"og:locale\" content=\"de_DE\" \/>\n<meta property=\"og:type\" content=\"article\" \/>\n<meta property=\"og:title\" content=\"Liberty 200 DUO - Geemarc Germany\" \/>\n<meta property=\"og:description\" content=\"Digitales verst\u00e4rktes Schnurlostelefon mit separater DECT-Basisstation + zwei Mobilteilen\" \/>\n<meta property=\"og:url\" content=\"https:\/\/geemarc.com\/de\/produkt\/liberty-200-duo\/\" \/>\n<meta property=\"og:site_name\" content=\"Geemarc Germany\" \/>\n<meta property=\"article:modified_time\" content=\"2026-03-26T13:15:54+00:00\" \/>\n<meta property=\"og:image\" content=\"https:\/\/geemarc.com\/de\/wp-content\/uploads\/sites\/5\/2024\/12\/LIBERTY-200-DUO-RDS-GE-scaled.jpg\" \/>\n\t<meta property=\"og:image:width\" content=\"2560\" \/>\n\t<meta property=\"og:image:height\" content=\"1707\" \/>\n<meta name=\"twitter:card\" content=\"summary_large_image\" \/>\n<meta name=\"twitter:label1\" content=\"Gesch\u00e4tzte Lesezeit\" \/>\n\t<meta name=\"twitter:data1\" content=\"2\u00a0Minuten\" \/>\n<script type=\"application\/ld+json\" class=\"yoast-schema-graph\">{\"@context\":\"https:\/\/schema.org\",\"@graph\":[{\"@type\":\"WebSite\",\"@id\":\"https:\/\/geemarc.com\/de\/#website\",\"url\":\"https:\/\/geemarc.com\/de\/\",\"name\":\"Geemarc Germany\",\"description\":\"\",\"potentialAction\":[{\"@type\":\"SearchAction\",\"target\":{\"@type\":\"EntryPoint\",\"urlTemplate\":\"https:\/\/geemarc.com\/de\/?s={search_term_string}\"},\"query-input\":\"required name=search_term_string\"}],\"inLanguage\":\"de\"},{\"@type\":\"ImageObject\",\"@id\":\"https:\/\/geemarc.com\/de\/produkt\/liberty-200-duo\/#primaryimage\",\"inLanguage\":\"de\",\"url\":\"https:\/\/geemarc.com\/de\/wp-content\/uploads\/sites\/5\/2024\/12\/LIBERTY-200-DUO-RDS-GE-scaled.jpg\",\"contentUrl\":\"https:\/\/geemarc.com\/de\/wp-content\/uploads\/sites\/5\/2024\/12\/LIBERTY-200-DUO-RDS-GE-scaled.jpg\",\"width\":2560,\"height\":1707},{\"@type\":\"WebPage\",\"@id\":\"https:\/\/geemarc.com\/de\/produkt\/liberty-200-duo\/#webpage\",\"url\":\"https:\/\/geemarc.com\/de\/produkt\/liberty-200-duo\/\",\"name\":\"Liberty 200 DUO - Geemarc Germany\",\"isPartOf\":{\"@id\":\"https:\/\/geemarc.com\/de\/#website\"},\"primaryImageOfPage\":{\"@id\":\"https:\/\/geemarc.com\/de\/produkt\/liberty-200-duo\/#primaryimage\"},\"datePublished\":\"2024-12-17T11:27:02+00:00\",\"dateModified\":\"2026-03-26T13:15:54+00:00\",\"breadcrumb\":{\"@id\":\"https:\/\/geemarc.com\/de\/produkt\/liberty-200-duo\/#breadcrumb\"},\"inLanguage\":\"de\",\"potentialAction\":[{\"@type\":\"ReadAction\",\"target\":[\"https:\/\/geemarc.com\/de\/produkt\/liberty-200-duo\/\"]}]},{\"@type\":\"BreadcrumbList\",\"@id\":\"https:\/\/geemarc.com\/de\/produkt\/liberty-200-duo\/#breadcrumb\",\"itemListElement\":[{\"@type\":\"ListItem\",\"position\":1,\"name\":\"Home\",\"item\":\"https:\/\/geemarc.com\/de\/\"},{\"@type\":\"ListItem\",\"position\":2,\"name\":\"Shop\",\"item\":\"https:\/\/geemarc.com\/de\/shop\/\"},{\"@type\":\"ListItem\",\"position\":3,\"name\":\"Liberty 200 DUO\"}]}]}<\/script>\n<!-- \/ Yoast SEO plugin. -->","yoast_head_json":{"title":"Liberty 200 DUO - Geemarc Germany","robots":{"index":"index","follow":"follow","max-snippet":"max-snippet:-1","max-image-preview":"max-image-preview:large","max-video-preview":"max-video-preview:-1"},"canonical":"https:\/\/geemarc.com\/de\/produkt\/liberty-200-duo\/","og_locale":"de_DE","og_type":"article","og_title":"Liberty 200 DUO - Geemarc Germany","og_description":"Digitales verst\u00e4rktes Schnurlostelefon mit separater DECT-Basisstation + zwei Mobilteilen","og_url":"https:\/\/geemarc.com\/de\/produkt\/liberty-200-duo\/","og_site_name":"Geemarc Germany","article_modified_time":"2026-03-26T13:15:54+00:00","og_image":[{"width":2560,"height":1707,"url":"https:\/\/geemarc.com\/de\/wp-content\/uploads\/sites\/5\/2024\/12\/LIBERTY-200-DUO-RDS-GE-scaled.jpg","path":"\/home\/g\/e\/geemarcwp\/public_html\/wp-content\/uploads\/sites\/5\/2024\/12\/LIBERTY-200-DUO-RDS-GE-scaled.jpg","size":"full","id":10793,"alt":"","pixels":4369920,"type":"image\/jpeg"}],"twitter_card":"summary_large_image","twitter_misc":{"Gesch\u00e4tzte Lesezeit":"2\u00a0Minuten"},"schema":{"@context":"https:\/\/schema.org","@graph":[{"@type":"WebSite","@id":"https:\/\/geemarc.com\/de\/#website","url":"https:\/\/geemarc.com\/de\/","name":"Geemarc Germany","description":"","potentialAction":[{"@type":"SearchAction","target":{"@type":"EntryPoint","urlTemplate":"https:\/\/geemarc.com\/de\/?s={search_term_string}"},"query-input":"required name=search_term_string"}],"inLanguage":"de"},{"@type":"ImageObject","@id":"https:\/\/geemarc.com\/de\/produkt\/liberty-200-duo\/#primaryimage","inLanguage":"de","url":"https:\/\/geemarc.com\/de\/wp-content\/uploads\/sites\/5\/2024\/12\/LIBERTY-200-DUO-RDS-GE-scaled.jpg","contentUrl":"https:\/\/geemarc.com\/de\/wp-content\/uploads\/sites\/5\/2024\/12\/LIBERTY-200-DUO-RDS-GE-scaled.jpg","width":2560,"height":1707},{"@type":"WebPage","@id":"https:\/\/geemarc.com\/de\/produkt\/liberty-200-duo\/#webpage","url":"https:\/\/geemarc.com\/de\/produkt\/liberty-200-duo\/","name":"Liberty 200 DUO - Geemarc Germany","isPartOf":{"@id":"https:\/\/geemarc.com\/de\/#website"},"primaryImageOfPage":{"@id":"https:\/\/geemarc.com\/de\/produkt\/liberty-200-duo\/#primaryimage"},"datePublished":"2024-12-17T11:27:02+00:00","dateModified":"2026-03-26T13:15:54+00:00","breadcrumb":{"@id":"https:\/\/geemarc.com\/de\/produkt\/liberty-200-duo\/#breadcrumb"},"inLanguage":"de","potentialAction":[{"@type":"ReadAction","target":["https:\/\/geemarc.com\/de\/produkt\/liberty-200-duo\/"]}]},{"@type":"BreadcrumbList","@id":"https:\/\/geemarc.com\/de\/produkt\/liberty-200-duo\/#breadcrumb","itemListElement":[{"@type":"ListItem","position":1,"name":"Home","item":"https:\/\/geemarc.com\/de\/"},{"@type":"ListItem","position":2,"name":"Shop","item":"https:\/\/geemarc.com\/de\/shop\/"},{"@type":"ListItem","position":3,"name":"Liberty 200 DUO"}]}]}},"acf":[],"_links":{"self":[{"href":"https:\/\/geemarc.com\/de\/wp-json\/wp\/v2\/product\/10333"}],"collection":[{"href":"https:\/\/geemarc.com\/de\/wp-json\/wp\/v2\/product"}],"about":[{"href":"https:\/\/geemarc.com\/de\/wp-json\/wp\/v2\/types\/product"}],"wp:featuredmedia":[{"embeddable":true,"href":"https:\/\/geemarc.com\/de\/wp-json\/wp\/v2\/media\/10793"}],"wp:attachment":[{"href":"https:\/\/geemarc.com\/de\/wp-json\/wp\/v2\/media?parent=10333"}],"wp:term":[{"taxonomy":"product_cat","embeddable":true,"href":"https:\/\/geemarc.com\/de\/wp-json\/wp\/v2\/product_cat?post=10333"},{"taxonomy":"product_tag","embeddable":true,"href":"https:\/\/geemarc.com\/de\/wp-json\/wp\/v2\/product_tag?post=10333"}],"curies":[{"name":"wp","href":"https:\/\/api.w.org\/{rel}","templated":true}]}}