{"id":10355,"date":"2025-01-06T13:29:40","date_gmt":"2025-01-06T13:29:40","guid":{"rendered":"https:\/\/geemarc.com\/de\/?post_type=product&#038;p=10355"},"modified":"2026-02-23T09:08:08","modified_gmt":"2026-02-23T09:08:08","slug":"sonarya","status":"publish","type":"product","link":"https:\/\/geemarc.com\/de\/produkt\/sonarya\/","title":{"rendered":"SONARYA"},"content":{"rendered":"<p><strong>Lautsprecher<\/strong><\/p>\n<ul>\n<li>Aktive Ger\u00e4uschunterdr\u00fcckung durch k\u00fcnstliche Intelligenz<\/li>\n<li>Drehknopf zum Ein-\/Ausstellen und zur Einstellung der Lautst\u00e4rke<\/li>\n<li>Visuelle Anzeige f\u00fcr AN\/AUS<\/li>\n<li>Leistung: 2 x 5 W<\/li>\n<li>Drei unterschiedliche Stufen zur Verbesserung des Tons mit visueller Anzeige.<\/li>\n<li>Visuelle Anzeige auf Ladestation zur Verbindung des Lautsprechers.<\/li>\n<li>Visuelle Anzeige Akkustatus (auf Lautsprecher)\n<ul>\n<li>Lautsprecher auf Ladestation:<\/li>\n<\/ul>\n<\/li>\n<\/ul>\n<p>Gr\u00fcn = Akku geladen<\/p>\n<p>Rot = Akku l\u00e4dt<\/p>\n<ul>\n<li>Au\u00dferhalb der Reichweite der Ladestation:<\/li>\n<\/ul>\n<p>Rot = Akku schwach<\/p>\n<ul>\n<li>Akku: Lithium Polymer (5000 mAh)<\/li>\n<li>Betriebsdauer: &gt; 16 Stunden<\/li>\n<li>L\u00e4dt bei Aufstellen in Ladestation oder via USB-C Netzteil<\/li>\n<li>Audioausgang 3,5 mm Jack (Anschluss eines Kopfh\u00f6rers m\u00f6glich)<\/li>\n<\/ul>\n<p><strong>Ladestation<\/strong><\/p>\n<ul>\n<li>St\u00f6rungsfreie DECT-\u00dcbertragung (Indoor-Reichweite bis zu 50m)<\/li>\n<li>Frequenz: 1,88 GHz-1,96 GHz<\/li>\n<li>USB-C Ladeanschluss<\/li>\n<li>Optischer Eingang (Toslink 48 kHz 16 bits PCM)<\/li>\n<li>3,5 mm Stereo Audioeingang<\/li>\n<li>Mehrere Lautsprecher kombinierbar<\/li>\n<\/ul>\n<p><strong>Ma\u00dfe<\/strong><\/p>\n<ul>\n<li>Lautsprecher &amp; Ladestation: 22 x 12 x 9 cm<\/li>\n<li>Lautsprecher: 22 x 10 x 9 cm<\/li>\n<li>Ladestation: 20 x 2,5 x 8,2 cm<\/li>\n<\/ul>\n<p><strong>Gewicht<\/strong><\/p>\n<ul>\n<li>Lautsprecher: 717 g<\/li>\n<li>Ladestation: 190 g<\/li>\n<\/ul>\n<p><strong>Lieferumfang<\/strong><\/p>\n<ul>\n<li>1x Ladestation<\/li>\n<li>1x Lautsprecher<\/li>\n<li>1x 3,5 mm Audiokabel<\/li>\n<li>1x Optisches Kabel (Toslink)<\/li>\n<li>1 x USB Typ-C Netzteil<\/li>\n<\/ul>\n<p>&nbsp;<\/p>\n<div id=\"threesixty-slider-10528_epHFAL\" class=\"threesixty-loading threesixty-image threesixty-dark-blue threesixty-vintage threesixty-no-border\" style=\"width: 1123px;\">\r\n\t<div class=\"threesixty-preview-10528_epHFAL\"><img class=\"threesixty-preview-image\" src=\"https:\/\/geemarc.com\/de\/wp-content\/uploads\/sites\/5\/2025\/04\/DSC_0927.jpg\"\/><\/div>\r\n\t<div class=\"threesixty-spinner threesixty-spinner-10528_epHFAL\">\r\n\t\t<span>0%<\/span>\r\n\t<\/div>\r\n\t<ol class=\"threesixty-images threesixty-images-10528_epHFAL\"><\/ol>\r\n\t\t\t<a href=\"#threesixty-slider-10528_epHFAL\" class=\"threesixty-mfp-anchor\"><\/a>\r\n\t<\/div>\r\n<!--SPV--><script type=\"text\/javascript\">\/\/SPV\r\n(function($) {\r\n\t\t$('#threesixty-slider-10528_epHFAL .threesixty-mfp-anchor').magnificPopup({\r\n\t\ttype:'inline',\r\n\t\tcloseOnBgClick: true,\r\n\t\tmidClick: true,\r\n\t\t\/\/removalDelay: 300,\r\n  \t\t\/\/mainClass: 'mfp-fade',\r\n\t\tcallbacks: {\r\n\t\t\t resize: function() {\r\n\t\t\t \tvar originalHeight \t= 800,\r\n\t\t\t \t\toriginalWidth \t= 1123,\r\n\t\t\t \t\tmfpHeight \t\t= 800,\r\n\t\t\t \t\tmfpWidth \t\t= 1123,\r\n\t\t\t \t\tratio \t\t\t= originalWidth \/ originalHeight,\r\n\t\t\t \t\twinHeight \t\t= $(window).height(),\r\n\t\t\t \t\twinWidth \t\t= $(window).width();\r\n\t\t\t \t\r\n\t\t\t \tif ( originalHeight > winHeight * 0.9 ) {\r\n\t\t\t \t\tmfpHeight \t\t= winHeight * 0.9;\r\n\t\t\t \t\tmfpWidth \t\t= mfpHeight * ratio;\r\n\t\t\t\t}\r\n\t\t\t\tif ( mfpWidth > winWidth * 0.9 ) {\r\n\t\t\t \t\tmfpWidth \t\t= winWidth * 0.9;\r\n\t\t\t \t\tmfpHeight \t\t= mfpWidth \/ ratio;\r\n\t\t\t\t}\r\n\t\t\t \tif ( mfpHeight < originalHeight && mfpWidth < originalWidth ) {\r\n\t\t\t\t    $('#threesixty-slider-10528_epHFAL').height(mfpHeight);\r\n\t\t\t\t    $('#threesixty-slider-10528_epHFAL').width(mfpWidth);\r\n\t\t\t\t} \r\n\t\t\t\telse {\r\n\t\t\t\t    $('#threesixty-slider-10528_epHFAL').height(originalHeight);\r\n\t\t\t\t    $('#threesixty-slider-10528_epHFAL').width(originalWidth);\r\n\t\t\t\t}\r\n\t\t\t},\r\n\t\t\tclose: function() {\r\n\t\t\t    $('#threesixty-slider-10528_epHFAL').height('auto');\r\n\t\t\t    $('#threesixty-slider-10528_epHFAL').width(1123);\r\n\t\t\t}\r\n\t\t},\r\n\t\tcloseMarkup :\"<button class=\\\"mfp-close\\\"><\/button>\"\r\n\t});\r\n\t\tvar product_10528_epHFAL = $('#threesixty-slider-10528_epHFAL').ThreeSixty({\r\n\t\ttotalFrames: 26,\r\n\t\tendFrame: 0,\r\n\t\tcurrentFrame: 26,\r\n\t\timgList: '.threesixty-images-10528_epHFAL',\r\n\t\tprogress: '.threesixty-spinner-10528_epHFAL',\r\n\t\tpreview: '.threesixty-preview-10528_epHFAL',\r\n\t\timages: ['https:\/\/geemarc.com\/de\/wp-content\/uploads\/sites\/5\/2025\/04\/DSC_0961.jpg','https:\/\/geemarc.com\/de\/wp-content\/uploads\/sites\/5\/2025\/04\/DSC_0960.jpg','https:\/\/geemarc.com\/de\/wp-content\/uploads\/sites\/5\/2025\/04\/DSC_0958.jpg','https:\/\/geemarc.com\/de\/wp-content\/uploads\/sites\/5\/2025\/04\/DSC_0957.jpg','https:\/\/geemarc.com\/de\/wp-content\/uploads\/sites\/5\/2025\/04\/DSC_0955.jpg','https:\/\/geemarc.com\/de\/wp-content\/uploads\/sites\/5\/2025\/04\/DSC_0954.jpg','https:\/\/geemarc.com\/de\/wp-content\/uploads\/sites\/5\/2025\/04\/DSC_0952.jpg','https:\/\/geemarc.com\/de\/wp-content\/uploads\/sites\/5\/2025\/04\/DSC_0951.jpg','https:\/\/geemarc.com\/de\/wp-content\/uploads\/sites\/5\/2025\/04\/DSC_0949.jpg','https:\/\/geemarc.com\/de\/wp-content\/uploads\/sites\/5\/2025\/04\/DSC_0948.jpg','https:\/\/geemarc.com\/de\/wp-content\/uploads\/sites\/5\/2025\/04\/DSC_0946.jpg','https:\/\/geemarc.com\/de\/wp-content\/uploads\/sites\/5\/2025\/04\/DSC_0945.jpg','https:\/\/geemarc.com\/de\/wp-content\/uploads\/sites\/5\/2025\/04\/DSC_0943.jpg','https:\/\/geemarc.com\/de\/wp-content\/uploads\/sites\/5\/2025\/04\/DSC_0942.jpg','https:\/\/geemarc.com\/de\/wp-content\/uploads\/sites\/5\/2025\/04\/DSC_0940.jpg','https:\/\/geemarc.com\/de\/wp-content\/uploads\/sites\/5\/2025\/04\/DSC_0939.jpg','https:\/\/geemarc.com\/de\/wp-content\/uploads\/sites\/5\/2025\/04\/DSC_0937.jpg','https:\/\/geemarc.com\/de\/wp-content\/uploads\/sites\/5\/2025\/04\/DSC_0936.jpg','https:\/\/geemarc.com\/de\/wp-content\/uploads\/sites\/5\/2025\/04\/DSC_0934.jpg','https:\/\/geemarc.com\/de\/wp-content\/uploads\/sites\/5\/2025\/04\/DSC_0933.jpg','https:\/\/geemarc.com\/de\/wp-content\/uploads\/sites\/5\/2025\/04\/DSC_0932.jpg','https:\/\/geemarc.com\/de\/wp-content\/uploads\/sites\/5\/2025\/04\/DSC_0931.jpg','https:\/\/geemarc.com\/de\/wp-content\/uploads\/sites\/5\/2025\/04\/DSC_0930.jpg','https:\/\/geemarc.com\/de\/wp-content\/uploads\/sites\/5\/2025\/04\/DSC_0929.jpg','https:\/\/geemarc.com\/de\/wp-content\/uploads\/sites\/5\/2025\/04\/DSC_0928.jpg','https:\/\/geemarc.com\/de\/wp-content\/uploads\/sites\/5\/2025\/04\/DSC_0927.jpg'],\r\n\t\theight: 0,\r\n\t\twidth: 1123,\r\n\t\tnavigation: true,\r\n\t\tdrag: true,\r\n\t\tshowCursor: true,\r\n\t\tinterval: 120,\r\n\t\tspeedMultiplier: 3,\r\n\t\t\t\tstartAutoplay: true,\r\n\t\t\t\tonReady: function() {\r\n\t\t\t$(\"#threesixty-slider-10528_epHFAL\").removeClass('threesixty-loading');\r\n\t\t\t\t\t\tproduct_10528_epHFAL.play();\r\n\t\t\t\t\t\t\t\t}\r\n\t\t\t});\r\n\t\t\t}(jQuery));\r\n<\/script>\n","protected":false},"excerpt":{"rendered":"<p>Kabelloser TV Lautsprecher der n\u00e4chsten Generation mit aktiver KI-gest\u00fctzter Ger\u00e4uschunterdr\u00fcckung<\/p>\n","protected":false},"featured_media":10783,"template":"","meta":[],"product_cat":[157,156],"product_tag":[],"yoast_head":"<!-- This site is optimized with the Yoast SEO plugin v16.9 - https:\/\/yoast.com\/wordpress\/plugins\/seo\/ -->\n<title>SONARYA - Geemarc Germany<\/title>\n<meta name=\"robots\" content=\"index, follow, max-snippet:-1, max-image-preview:large, max-video-preview:-1\" \/>\n<link rel=\"canonical\" href=\"https:\/\/geemarc.com\/de\/produkt\/sonarya\/\" \/>\n<meta property=\"og:locale\" content=\"de_DE\" \/>\n<meta property=\"og:type\" content=\"article\" \/>\n<meta property=\"og:title\" content=\"SONARYA - Geemarc Germany\" \/>\n<meta property=\"og:description\" content=\"Kabelloser TV Lautsprecher der n\u00e4chsten Generation mit aktiver KI-gest\u00fctzter Ger\u00e4uschunterdr\u00fcckung\" \/>\n<meta property=\"og:url\" content=\"https:\/\/geemarc.com\/de\/produkt\/sonarya\/\" \/>\n<meta property=\"og:site_name\" content=\"Geemarc Germany\" \/>\n<meta property=\"article:modified_time\" content=\"2026-02-23T09:08:08+00:00\" \/>\n<meta property=\"og:image\" content=\"https:\/\/geemarc.com\/de\/wp-content\/uploads\/sites\/5\/2025\/01\/Sonarya-from-Front-with-Lights-Handle-Up.jpg\" \/>\n\t<meta property=\"og:image:width\" content=\"2000\" \/>\n\t<meta property=\"og:image:height\" content=\"1725\" \/>\n<meta name=\"twitter:card\" content=\"summary_large_image\" \/>\n<meta name=\"twitter:label1\" content=\"Gesch\u00e4tzte Lesezeit\" \/>\n\t<meta name=\"twitter:data1\" content=\"1\u00a0Minute\" \/>\n<script type=\"application\/ld+json\" class=\"yoast-schema-graph\">{\"@context\":\"https:\/\/schema.org\",\"@graph\":[{\"@type\":\"WebSite\",\"@id\":\"https:\/\/geemarc.com\/de\/#website\",\"url\":\"https:\/\/geemarc.com\/de\/\",\"name\":\"Geemarc Germany\",\"description\":\"\",\"potentialAction\":[{\"@type\":\"SearchAction\",\"target\":{\"@type\":\"EntryPoint\",\"urlTemplate\":\"https:\/\/geemarc.com\/de\/?s={search_term_string}\"},\"query-input\":\"required name=search_term_string\"}],\"inLanguage\":\"de\"},{\"@type\":\"ImageObject\",\"@id\":\"https:\/\/geemarc.com\/de\/produkt\/sonarya\/#primaryimage\",\"inLanguage\":\"de\",\"url\":\"https:\/\/geemarc.com\/de\/wp-content\/uploads\/sites\/5\/2025\/01\/Sonarya-from-Front-with-Lights-Handle-Up.jpg\",\"contentUrl\":\"https:\/\/geemarc.com\/de\/wp-content\/uploads\/sites\/5\/2025\/01\/Sonarya-from-Front-with-Lights-Handle-Up.jpg\",\"width\":2000,\"height\":1725},{\"@type\":\"WebPage\",\"@id\":\"https:\/\/geemarc.com\/de\/produkt\/sonarya\/#webpage\",\"url\":\"https:\/\/geemarc.com\/de\/produkt\/sonarya\/\",\"name\":\"SONARYA - Geemarc Germany\",\"isPartOf\":{\"@id\":\"https:\/\/geemarc.com\/de\/#website\"},\"primaryImageOfPage\":{\"@id\":\"https:\/\/geemarc.com\/de\/produkt\/sonarya\/#primaryimage\"},\"datePublished\":\"2025-01-06T13:29:40+00:00\",\"dateModified\":\"2026-02-23T09:08:08+00:00\",\"breadcrumb\":{\"@id\":\"https:\/\/geemarc.com\/de\/produkt\/sonarya\/#breadcrumb\"},\"inLanguage\":\"de\",\"potentialAction\":[{\"@type\":\"ReadAction\",\"target\":[\"https:\/\/geemarc.com\/de\/produkt\/sonarya\/\"]}]},{\"@type\":\"BreadcrumbList\",\"@id\":\"https:\/\/geemarc.com\/de\/produkt\/sonarya\/#breadcrumb\",\"itemListElement\":[{\"@type\":\"ListItem\",\"position\":1,\"name\":\"Home\",\"item\":\"https:\/\/geemarc.com\/de\/\"},{\"@type\":\"ListItem\",\"position\":2,\"name\":\"Shop\",\"item\":\"https:\/\/geemarc.com\/de\/shop\/\"},{\"@type\":\"ListItem\",\"position\":3,\"name\":\"SONARYA\"}]}]}<\/script>\n<!-- \/ Yoast SEO plugin. -->","yoast_head_json":{"title":"SONARYA - Geemarc Germany","robots":{"index":"index","follow":"follow","max-snippet":"max-snippet:-1","max-image-preview":"max-image-preview:large","max-video-preview":"max-video-preview:-1"},"canonical":"https:\/\/geemarc.com\/de\/produkt\/sonarya\/","og_locale":"de_DE","og_type":"article","og_title":"SONARYA - Geemarc Germany","og_description":"Kabelloser TV Lautsprecher der n\u00e4chsten Generation mit aktiver KI-gest\u00fctzter Ger\u00e4uschunterdr\u00fcckung","og_url":"https:\/\/geemarc.com\/de\/produkt\/sonarya\/","og_site_name":"Geemarc Germany","article_modified_time":"2026-02-23T09:08:08+00:00","og_image":[{"width":2000,"height":1725,"url":"https:\/\/geemarc.com\/de\/wp-content\/uploads\/sites\/5\/2025\/01\/Sonarya-from-Front-with-Lights-Handle-Up.jpg","path":"\/home\/g\/e\/geemarcwp\/public_html\/wp-content\/uploads\/sites\/5\/2025\/01\/Sonarya-from-Front-with-Lights-Handle-Up.jpg","size":"full","id":10783,"alt":"","pixels":3450000,"type":"image\/jpeg"}],"twitter_card":"summary_large_image","twitter_misc":{"Gesch\u00e4tzte Lesezeit":"1\u00a0Minute"},"schema":{"@context":"https:\/\/schema.org","@graph":[{"@type":"WebSite","@id":"https:\/\/geemarc.com\/de\/#website","url":"https:\/\/geemarc.com\/de\/","name":"Geemarc Germany","description":"","potentialAction":[{"@type":"SearchAction","target":{"@type":"EntryPoint","urlTemplate":"https:\/\/geemarc.com\/de\/?s={search_term_string}"},"query-input":"required name=search_term_string"}],"inLanguage":"de"},{"@type":"ImageObject","@id":"https:\/\/geemarc.com\/de\/produkt\/sonarya\/#primaryimage","inLanguage":"de","url":"https:\/\/geemarc.com\/de\/wp-content\/uploads\/sites\/5\/2025\/01\/Sonarya-from-Front-with-Lights-Handle-Up.jpg","contentUrl":"https:\/\/geemarc.com\/de\/wp-content\/uploads\/sites\/5\/2025\/01\/Sonarya-from-Front-with-Lights-Handle-Up.jpg","width":2000,"height":1725},{"@type":"WebPage","@id":"https:\/\/geemarc.com\/de\/produkt\/sonarya\/#webpage","url":"https:\/\/geemarc.com\/de\/produkt\/sonarya\/","name":"SONARYA - Geemarc Germany","isPartOf":{"@id":"https:\/\/geemarc.com\/de\/#website"},"primaryImageOfPage":{"@id":"https:\/\/geemarc.com\/de\/produkt\/sonarya\/#primaryimage"},"datePublished":"2025-01-06T13:29:40+00:00","dateModified":"2026-02-23T09:08:08+00:00","breadcrumb":{"@id":"https:\/\/geemarc.com\/de\/produkt\/sonarya\/#breadcrumb"},"inLanguage":"de","potentialAction":[{"@type":"ReadAction","target":["https:\/\/geemarc.com\/de\/produkt\/sonarya\/"]}]},{"@type":"BreadcrumbList","@id":"https:\/\/geemarc.com\/de\/produkt\/sonarya\/#breadcrumb","itemListElement":[{"@type":"ListItem","position":1,"name":"Home","item":"https:\/\/geemarc.com\/de\/"},{"@type":"ListItem","position":2,"name":"Shop","item":"https:\/\/geemarc.com\/de\/shop\/"},{"@type":"ListItem","position":3,"name":"SONARYA"}]}]}},"acf":[],"_links":{"self":[{"href":"https:\/\/geemarc.com\/de\/wp-json\/wp\/v2\/product\/10355"}],"collection":[{"href":"https:\/\/geemarc.com\/de\/wp-json\/wp\/v2\/product"}],"about":[{"href":"https:\/\/geemarc.com\/de\/wp-json\/wp\/v2\/types\/product"}],"wp:featuredmedia":[{"embeddable":true,"href":"https:\/\/geemarc.com\/de\/wp-json\/wp\/v2\/media\/10783"}],"wp:attachment":[{"href":"https:\/\/geemarc.com\/de\/wp-json\/wp\/v2\/media?parent=10355"}],"wp:term":[{"taxonomy":"product_cat","embeddable":true,"href":"https:\/\/geemarc.com\/de\/wp-json\/wp\/v2\/product_cat?post=10355"},{"taxonomy":"product_tag","embeddable":true,"href":"https:\/\/geemarc.com\/de\/wp-json\/wp\/v2\/product_tag?post=10355"}],"curies":[{"name":"wp","href":"https:\/\/api.w.org\/{rel}","templated":true}]}}