{"id":10443,"date":"2025-03-19T10:02:29","date_gmt":"2025-03-19T10:02:29","guid":{"rendered":"https:\/\/geemarc.com\/de\/?post_type=product&#038;p=10443"},"modified":"2025-11-24T16:02:05","modified_gmt":"2025-11-24T16:02:05","slug":"cl2000","status":"publish","type":"product","link":"https:\/\/geemarc.com\/de\/produkt\/cl2000\/","title":{"rendered":"CL2000"},"content":{"rendered":"<p><strong>BESCHREIBUNG<\/strong><\/p>\n<p>Mit dem CL2000 m\u00fcssen Sie Ihr Festnetztelefon nicht mehr wie gew\u00f6hnlich an die Telefonbuchse anschlie\u00dfen, sondern k\u00f6nnen es mit dem CL2000 verbinden.<\/p>\n<p>Durch das Einlegen einer Nano SIM Karte mit Telefonvertrag in den Adapter nutzt Ihr Telefon das 4G Netz.<\/p>\n<p>Installieren und benutzen Sie Ihr Telefon, ohne dass Sie eine Telefonbuchse ben\u00f6tigen.<\/p>\n<p>&nbsp;<\/p>\n<p><strong>FUNKTIONEN<\/strong><\/p>\n<ul>\n<li>Vertrag mit 4G Netz erforderlich.<\/li>\n<li>Kompatibel mit allen Anbietern.<\/li>\n<li>Flexible Installation im Haus\/in der Wohnung.<\/li>\n<li>Telefonanschluss zum Anschluss Ihres Telefons (RJ11).<\/li>\n<li>RJ11\/RJ11 Kabel im Lieferumfang enthalten.<\/li>\n<li>Zwei externe abnehmbare 4G Antennen f\u00fcr einen maximalen 4G-Empfang.<\/li>\n<li>SIM-Karten-Steckplatz<\/li>\n<li>Schalter EIN\/AUS<\/li>\n<li>USB-Typ-C-Buchse f\u00fcr die Stromversorgung (nur das USB-Typ-C-Kabel ist im Lieferumfang enthalten).<\/li>\n<li>Backup-Batterie f\u00fcr den Fall eines Stromausfalls: 10 Stunden bei Betrieb, 40 Stunden Standby (Li 3,7V 4000mA\/H)<\/li>\n<li>Hotspot WLAN: bis zu 150 Mbps<\/li>\n<li>Ma\u00dfe:\n<ul>\n<li>Adapter (ohne Antennen): 11,5 x 11 x 2,6 cm<\/li>\n<li>Antennen: 17 cm<\/li>\n<\/ul>\n<\/li>\n<\/ul>\n<p>&nbsp;<\/p>\n<div id=\"threesixty-slider-10557_FqaV9l\" class=\"threesixty-loading threesixty-image threesixty-dark-blue threesixty-vintage threesixty-no-border\" style=\"width: 1000px;\">\r\n\t<div class=\"threesixty-preview-10557_FqaV9l\"><img class=\"threesixty-preview-image\" src=\"https:\/\/geemarc.com\/de\/wp-content\/uploads\/sites\/5\/2025\/04\/DSC_0810.jpg\"\/><\/div>\r\n\t<div class=\"threesixty-spinner threesixty-spinner-10557_FqaV9l\">\r\n\t\t<span>0%<\/span>\r\n\t<\/div>\r\n\t<ol class=\"threesixty-images threesixty-images-10557_FqaV9l\"><\/ol>\r\n\t\t\t<a href=\"#threesixty-slider-10557_FqaV9l\" class=\"threesixty-mfp-anchor\"><\/a>\r\n\t<\/div>\r\n<!--SPV--><script type=\"text\/javascript\">\/\/SPV\r\n(function($) {\r\n\t\t$('#threesixty-slider-10557_FqaV9l .threesixty-mfp-anchor').magnificPopup({\r\n\t\ttype:'inline',\r\n\t\tcloseOnBgClick: true,\r\n\t\tmidClick: true,\r\n\t\t\/\/removalDelay: 300,\r\n  \t\t\/\/mainClass: 'mfp-fade',\r\n\t\tcallbacks: {\r\n\t\t\t resize: function() {\r\n\t\t\t \tvar originalHeight \t= 763,\r\n\t\t\t \t\toriginalWidth \t= 1000,\r\n\t\t\t \t\tmfpHeight \t\t= 763,\r\n\t\t\t \t\tmfpWidth \t\t= 1000,\r\n\t\t\t \t\tratio \t\t\t= originalWidth \/ originalHeight,\r\n\t\t\t \t\twinHeight \t\t= $(window).height(),\r\n\t\t\t \t\twinWidth \t\t= $(window).width();\r\n\t\t\t \t\r\n\t\t\t \tif ( originalHeight > winHeight * 0.9 ) {\r\n\t\t\t \t\tmfpHeight \t\t= winHeight * 0.9;\r\n\t\t\t \t\tmfpWidth \t\t= mfpHeight * ratio;\r\n\t\t\t\t}\r\n\t\t\t\tif ( mfpWidth > winWidth * 0.9 ) {\r\n\t\t\t \t\tmfpWidth \t\t= winWidth * 0.9;\r\n\t\t\t \t\tmfpHeight \t\t= mfpWidth \/ ratio;\r\n\t\t\t\t}\r\n\t\t\t \tif ( mfpHeight < originalHeight && mfpWidth < originalWidth ) {\r\n\t\t\t\t    $('#threesixty-slider-10557_FqaV9l').height(mfpHeight);\r\n\t\t\t\t    $('#threesixty-slider-10557_FqaV9l').width(mfpWidth);\r\n\t\t\t\t} \r\n\t\t\t\telse {\r\n\t\t\t\t    $('#threesixty-slider-10557_FqaV9l').height(originalHeight);\r\n\t\t\t\t    $('#threesixty-slider-10557_FqaV9l').width(originalWidth);\r\n\t\t\t\t}\r\n\t\t\t},\r\n\t\t\tclose: function() {\r\n\t\t\t    $('#threesixty-slider-10557_FqaV9l').height('auto');\r\n\t\t\t    $('#threesixty-slider-10557_FqaV9l').width(1000);\r\n\t\t\t}\r\n\t\t},\r\n\t\tcloseMarkup :\"<button class=\\\"mfp-close\\\"><\/button>\"\r\n\t});\r\n\t\tvar product_10557_FqaV9l = $('#threesixty-slider-10557_FqaV9l').ThreeSixty({\r\n\t\ttotalFrames: 36,\r\n\t\tendFrame: 0,\r\n\t\tcurrentFrame: 36,\r\n\t\timgList: '.threesixty-images-10557_FqaV9l',\r\n\t\tprogress: '.threesixty-spinner-10557_FqaV9l',\r\n\t\tpreview: '.threesixty-preview-10557_FqaV9l',\r\n\t\timages: ['https:\/\/geemarc.com\/de\/wp-content\/uploads\/sites\/5\/2025\/04\/DSC_0845.jpg','https:\/\/geemarc.com\/de\/wp-content\/uploads\/sites\/5\/2025\/04\/DSC_0844.jpg','https:\/\/geemarc.com\/de\/wp-content\/uploads\/sites\/5\/2025\/04\/DSC_0843.jpg','https:\/\/geemarc.com\/de\/wp-content\/uploads\/sites\/5\/2025\/04\/DSC_0842.jpg','https:\/\/geemarc.com\/de\/wp-content\/uploads\/sites\/5\/2025\/04\/DSC_0841.jpg','https:\/\/geemarc.com\/de\/wp-content\/uploads\/sites\/5\/2025\/04\/DSC_0840.jpg','https:\/\/geemarc.com\/de\/wp-content\/uploads\/sites\/5\/2025\/04\/DSC_0839.jpg','https:\/\/geemarc.com\/de\/wp-content\/uploads\/sites\/5\/2025\/04\/DSC_0838.jpg','https:\/\/geemarc.com\/de\/wp-content\/uploads\/sites\/5\/2025\/04\/DSC_0837.jpg','https:\/\/geemarc.com\/de\/wp-content\/uploads\/sites\/5\/2025\/04\/DSC_0836.jpg','https:\/\/geemarc.com\/de\/wp-content\/uploads\/sites\/5\/2025\/04\/DSC_0835.jpg','https:\/\/geemarc.com\/de\/wp-content\/uploads\/sites\/5\/2025\/04\/DSC_0834.jpg','https:\/\/geemarc.com\/de\/wp-content\/uploads\/sites\/5\/2025\/04\/DSC_0833.jpg','https:\/\/geemarc.com\/de\/wp-content\/uploads\/sites\/5\/2025\/04\/DSC_0832.jpg','https:\/\/geemarc.com\/de\/wp-content\/uploads\/sites\/5\/2025\/04\/DSC_0831.jpg','https:\/\/geemarc.com\/de\/wp-content\/uploads\/sites\/5\/2025\/04\/DSC_0830.jpg','https:\/\/geemarc.com\/de\/wp-content\/uploads\/sites\/5\/2025\/04\/DSC_0829.jpg','https:\/\/geemarc.com\/de\/wp-content\/uploads\/sites\/5\/2025\/04\/DSC_0828.jpg','https:\/\/geemarc.com\/de\/wp-content\/uploads\/sites\/5\/2025\/04\/DSC_0827.jpg','https:\/\/geemarc.com\/de\/wp-content\/uploads\/sites\/5\/2025\/04\/DSC_0826.jpg','https:\/\/geemarc.com\/de\/wp-content\/uploads\/sites\/5\/2025\/04\/DSC_0825.jpg','https:\/\/geemarc.com\/de\/wp-content\/uploads\/sites\/5\/2025\/04\/DSC_0824.jpg','https:\/\/geemarc.com\/de\/wp-content\/uploads\/sites\/5\/2025\/04\/DSC_0823.jpg','https:\/\/geemarc.com\/de\/wp-content\/uploads\/sites\/5\/2025\/04\/DSC_0822.jpg','https:\/\/geemarc.com\/de\/wp-content\/uploads\/sites\/5\/2025\/04\/DSC_0821.jpg','https:\/\/geemarc.com\/de\/wp-content\/uploads\/sites\/5\/2025\/04\/DSC_0820.jpg','https:\/\/geemarc.com\/de\/wp-content\/uploads\/sites\/5\/2025\/04\/DSC_0819.jpg','https:\/\/geemarc.com\/de\/wp-content\/uploads\/sites\/5\/2025\/04\/DSC_0818.jpg','https:\/\/geemarc.com\/de\/wp-content\/uploads\/sites\/5\/2025\/04\/DSC_0817.jpg','https:\/\/geemarc.com\/de\/wp-content\/uploads\/sites\/5\/2025\/04\/DSC_0816.jpg','https:\/\/geemarc.com\/de\/wp-content\/uploads\/sites\/5\/2025\/04\/DSC_0815.jpg','https:\/\/geemarc.com\/de\/wp-content\/uploads\/sites\/5\/2025\/04\/DSC_0814.jpg','https:\/\/geemarc.com\/de\/wp-content\/uploads\/sites\/5\/2025\/04\/DSC_0813.jpg','https:\/\/geemarc.com\/de\/wp-content\/uploads\/sites\/5\/2025\/04\/DSC_0812.jpg','https:\/\/geemarc.com\/de\/wp-content\/uploads\/sites\/5\/2025\/04\/DSC_0811.jpg','https:\/\/geemarc.com\/de\/wp-content\/uploads\/sites\/5\/2025\/04\/DSC_0810.jpg'],\r\n\t\theight: 0,\r\n\t\twidth: 1000,\r\n\t\tnavigation: true,\r\n\t\tdrag: true,\r\n\t\tshowCursor: true,\r\n\t\tinterval: 120,\r\n\t\tspeedMultiplier: 3,\r\n\t\t\t\tstartAutoplay: true,\r\n\t\t\t\tonReady: function() {\r\n\t\t\t$(\"#threesixty-slider-10557_FqaV9l\").removeClass('threesixty-loading');\r\n\t\t\t\t\t\tproduct_10557_FqaV9l.play();\r\n\t\t\t\t\t\t\t\t}\r\n\t\t\t});\r\n\t\t\t}(jQuery));\r\n<\/script>\n","protected":false},"excerpt":{"rendered":"<p>4G Telefon-Adapter<\/p>\n","protected":false},"featured_media":10602,"template":"","meta":[],"product_cat":[159,158],"product_tag":[],"yoast_head":"<!-- This site is optimized with the Yoast SEO plugin v16.9 - https:\/\/yoast.com\/wordpress\/plugins\/seo\/ -->\n<title>CL2000 - Geemarc Germany<\/title>\n<meta name=\"robots\" content=\"index, follow, max-snippet:-1, max-image-preview:large, max-video-preview:-1\" \/>\n<link rel=\"canonical\" href=\"https:\/\/geemarc.com\/de\/produkt\/cl2000\/\" \/>\n<meta property=\"og:locale\" content=\"de_DE\" \/>\n<meta property=\"og:type\" content=\"article\" \/>\n<meta property=\"og:title\" content=\"CL2000 - Geemarc Germany\" \/>\n<meta property=\"og:description\" content=\"4G Telefon-Adapter\" \/>\n<meta property=\"og:url\" content=\"https:\/\/geemarc.com\/de\/produkt\/cl2000\/\" \/>\n<meta property=\"og:site_name\" content=\"Geemarc Germany\" \/>\n<meta property=\"article:modified_time\" content=\"2025-11-24T16:02:05+00:00\" \/>\n<meta property=\"og:image\" content=\"https:\/\/geemarc.com\/de\/wp-content\/uploads\/sites\/5\/2025\/03\/CL2000_1-V2-scaled.jpg\" \/>\n\t<meta property=\"og:image:width\" content=\"2560\" \/>\n\t<meta property=\"og:image:height\" content=\"1702\" \/>\n<meta name=\"twitter:card\" content=\"summary_large_image\" \/>\n<meta name=\"twitter:label1\" content=\"Gesch\u00e4tzte Lesezeit\" \/>\n\t<meta name=\"twitter:data1\" content=\"1\u00a0Minute\" \/>\n<script type=\"application\/ld+json\" class=\"yoast-schema-graph\">{\"@context\":\"https:\/\/schema.org\",\"@graph\":[{\"@type\":\"WebSite\",\"@id\":\"https:\/\/geemarc.com\/de\/#website\",\"url\":\"https:\/\/geemarc.com\/de\/\",\"name\":\"Geemarc Germany\",\"description\":\"\",\"potentialAction\":[{\"@type\":\"SearchAction\",\"target\":{\"@type\":\"EntryPoint\",\"urlTemplate\":\"https:\/\/geemarc.com\/de\/?s={search_term_string}\"},\"query-input\":\"required name=search_term_string\"}],\"inLanguage\":\"de\"},{\"@type\":\"ImageObject\",\"@id\":\"https:\/\/geemarc.com\/de\/produkt\/cl2000\/#primaryimage\",\"inLanguage\":\"de\",\"url\":\"https:\/\/geemarc.com\/de\/wp-content\/uploads\/sites\/5\/2025\/03\/CL2000_1-V2-scaled.jpg\",\"contentUrl\":\"https:\/\/geemarc.com\/de\/wp-content\/uploads\/sites\/5\/2025\/03\/CL2000_1-V2-scaled.jpg\",\"width\":2560,\"height\":1702},{\"@type\":\"WebPage\",\"@id\":\"https:\/\/geemarc.com\/de\/produkt\/cl2000\/#webpage\",\"url\":\"https:\/\/geemarc.com\/de\/produkt\/cl2000\/\",\"name\":\"CL2000 - Geemarc Germany\",\"isPartOf\":{\"@id\":\"https:\/\/geemarc.com\/de\/#website\"},\"primaryImageOfPage\":{\"@id\":\"https:\/\/geemarc.com\/de\/produkt\/cl2000\/#primaryimage\"},\"datePublished\":\"2025-03-19T10:02:29+00:00\",\"dateModified\":\"2025-11-24T16:02:05+00:00\",\"breadcrumb\":{\"@id\":\"https:\/\/geemarc.com\/de\/produkt\/cl2000\/#breadcrumb\"},\"inLanguage\":\"de\",\"potentialAction\":[{\"@type\":\"ReadAction\",\"target\":[\"https:\/\/geemarc.com\/de\/produkt\/cl2000\/\"]}]},{\"@type\":\"BreadcrumbList\",\"@id\":\"https:\/\/geemarc.com\/de\/produkt\/cl2000\/#breadcrumb\",\"itemListElement\":[{\"@type\":\"ListItem\",\"position\":1,\"name\":\"Home\",\"item\":\"https:\/\/geemarc.com\/de\/\"},{\"@type\":\"ListItem\",\"position\":2,\"name\":\"Shop\",\"item\":\"https:\/\/geemarc.com\/de\/shop\/\"},{\"@type\":\"ListItem\",\"position\":3,\"name\":\"CL2000\"}]}]}<\/script>\n<!-- \/ Yoast SEO plugin. -->","yoast_head_json":{"title":"CL2000 - Geemarc Germany","robots":{"index":"index","follow":"follow","max-snippet":"max-snippet:-1","max-image-preview":"max-image-preview:large","max-video-preview":"max-video-preview:-1"},"canonical":"https:\/\/geemarc.com\/de\/produkt\/cl2000\/","og_locale":"de_DE","og_type":"article","og_title":"CL2000 - Geemarc Germany","og_description":"4G Telefon-Adapter","og_url":"https:\/\/geemarc.com\/de\/produkt\/cl2000\/","og_site_name":"Geemarc Germany","article_modified_time":"2025-11-24T16:02:05+00:00","og_image":[{"width":2560,"height":1702,"url":"https:\/\/geemarc.com\/de\/wp-content\/uploads\/sites\/5\/2025\/03\/CL2000_1-V2-scaled.jpg","path":"\/home\/g\/e\/geemarcwp\/public_html\/wp-content\/uploads\/sites\/5\/2025\/03\/CL2000_1-V2-scaled.jpg","size":"full","id":10602,"alt":"","pixels":4357120,"type":"image\/jpeg"}],"twitter_card":"summary_large_image","twitter_misc":{"Gesch\u00e4tzte Lesezeit":"1\u00a0Minute"},"schema":{"@context":"https:\/\/schema.org","@graph":[{"@type":"WebSite","@id":"https:\/\/geemarc.com\/de\/#website","url":"https:\/\/geemarc.com\/de\/","name":"Geemarc Germany","description":"","potentialAction":[{"@type":"SearchAction","target":{"@type":"EntryPoint","urlTemplate":"https:\/\/geemarc.com\/de\/?s={search_term_string}"},"query-input":"required name=search_term_string"}],"inLanguage":"de"},{"@type":"ImageObject","@id":"https:\/\/geemarc.com\/de\/produkt\/cl2000\/#primaryimage","inLanguage":"de","url":"https:\/\/geemarc.com\/de\/wp-content\/uploads\/sites\/5\/2025\/03\/CL2000_1-V2-scaled.jpg","contentUrl":"https:\/\/geemarc.com\/de\/wp-content\/uploads\/sites\/5\/2025\/03\/CL2000_1-V2-scaled.jpg","width":2560,"height":1702},{"@type":"WebPage","@id":"https:\/\/geemarc.com\/de\/produkt\/cl2000\/#webpage","url":"https:\/\/geemarc.com\/de\/produkt\/cl2000\/","name":"CL2000 - Geemarc Germany","isPartOf":{"@id":"https:\/\/geemarc.com\/de\/#website"},"primaryImageOfPage":{"@id":"https:\/\/geemarc.com\/de\/produkt\/cl2000\/#primaryimage"},"datePublished":"2025-03-19T10:02:29+00:00","dateModified":"2025-11-24T16:02:05+00:00","breadcrumb":{"@id":"https:\/\/geemarc.com\/de\/produkt\/cl2000\/#breadcrumb"},"inLanguage":"de","potentialAction":[{"@type":"ReadAction","target":["https:\/\/geemarc.com\/de\/produkt\/cl2000\/"]}]},{"@type":"BreadcrumbList","@id":"https:\/\/geemarc.com\/de\/produkt\/cl2000\/#breadcrumb","itemListElement":[{"@type":"ListItem","position":1,"name":"Home","item":"https:\/\/geemarc.com\/de\/"},{"@type":"ListItem","position":2,"name":"Shop","item":"https:\/\/geemarc.com\/de\/shop\/"},{"@type":"ListItem","position":3,"name":"CL2000"}]}]}},"acf":[],"_links":{"self":[{"href":"https:\/\/geemarc.com\/de\/wp-json\/wp\/v2\/product\/10443"}],"collection":[{"href":"https:\/\/geemarc.com\/de\/wp-json\/wp\/v2\/product"}],"about":[{"href":"https:\/\/geemarc.com\/de\/wp-json\/wp\/v2\/types\/product"}],"wp:featuredmedia":[{"embeddable":true,"href":"https:\/\/geemarc.com\/de\/wp-json\/wp\/v2\/media\/10602"}],"wp:attachment":[{"href":"https:\/\/geemarc.com\/de\/wp-json\/wp\/v2\/media?parent=10443"}],"wp:term":[{"taxonomy":"product_cat","embeddable":true,"href":"https:\/\/geemarc.com\/de\/wp-json\/wp\/v2\/product_cat?post=10443"},{"taxonomy":"product_tag","embeddable":true,"href":"https:\/\/geemarc.com\/de\/wp-json\/wp\/v2\/product_tag?post=10443"}],"curies":[{"name":"wp","href":"https:\/\/api.w.org\/{rel}","templated":true}]}}