{"id":10478,"date":"2025-04-17T09:11:07","date_gmt":"2025-04-17T09:11:07","guid":{"rendered":"https:\/\/geemarc.com\/de\/?post_type=product&#038;p=10478"},"modified":"2025-07-03T08:54:19","modified_gmt":"2025-07-03T08:54:19","slug":"l2t10","status":"publish","type":"product","link":"https:\/\/geemarc.com\/de\/produkt\/l2t10\/","title":{"rendered":"L2T10"},"content":{"rendered":"<p><strong>BESCHREIBUNG<\/strong><\/p>\n<p>Mit Hilfe dieses neuen Ger\u00e4ts werden die \u00fcber eine Ringschleife \u00fcbertragenen Ansagen auf das Ger\u00e4t Ihrer Wahl, ein Smartphone oder Tablet, geschrieben, auf dem Sie zuvor eine App zur Umwandlung von Sprache in Text installiert haben.<\/p>\n<p>F\u00fcr alle Android Ger\u00e4te empfehlen wir, die App Live Transcribe zu verwenden. F\u00fcr iOS Ger\u00e4te haben Sie ebenso die M\u00f6glichkeit, die Funktion \u201eDiktat\u201c der App \u201eNotiz\u201c auf Ihrem Ger\u00e4t zu nutzen.<\/p>\n<p>Schlie\u00dfen Sie den L2T10 einfach an den USB-C-Anschluss Ihres Ger\u00e4ts an und starten Sie die von Ihnen gew\u00e4hlte App. Wenn Sie sich im elektromagnetischen Feld einer Ringschleife befinden, empf\u00e4ngt der L2T10 dieses Signal und die App \u00fcbertr\u00e4gt es automatisch pr\u00e4zise in Textform.<\/p>\n<p>&nbsp;<\/p>\n<p><strong>EIGENSCHAFTEN<\/strong><\/p>\n<ul>\n<li>Kompatibel mit allen Ger\u00e4ten, die \u00fcber einen USB-C Anschluss verf\u00fcgen.<\/li>\n<li>Ma\u00dfe:\u00a050 x 30 x 6 mm<\/li>\n<li>Gewicht: 5g<\/li>\n<\/ul>\n<p>&nbsp;<\/p>\n<p><strong><u>Empfohlene App f\u00fcr Android Ger\u00e4te:<\/u><\/strong><strong> \u00a0<\/strong><strong><em>Live Transcribe<\/em><\/strong><\/p>\n<p><strong>Eigenschaften der Applikation:<\/strong><\/p>\n<ul>\n<li>Internetverbindung vorausgesetzt<\/li>\n<li>Sprachauswahl (120)<\/li>\n<li>Speicherung der Transkripte (24 oder 72 Stunden)<\/li>\n<li>Wahl der Gr\u00f6\u00dfe des Schrifttyps<\/li>\n<li>Ben\u00f6tigt mind. Version 12 von Android<\/li>\n<\/ul>\n<p>&nbsp;<\/p>\n<div id=\"threesixty-slider-10487_lYFPEJ\" class=\"threesixty-loading threesixty-image threesixty-dark-blue threesixty-vintage threesixty-no-border\" style=\"width: 1000px;\">\r\n\t<div class=\"threesixty-preview-10487_lYFPEJ\"><img class=\"threesixty-preview-image\" src=\"https:\/\/geemarc.com\/de\/wp-content\/uploads\/sites\/5\/2025\/04\/DSC_0771-copie.jpg\"\/><\/div>\r\n\t<div class=\"threesixty-spinner threesixty-spinner-10487_lYFPEJ\">\r\n\t\t<span>0%<\/span>\r\n\t<\/div>\r\n\t<ol class=\"threesixty-images threesixty-images-10487_lYFPEJ\"><\/ol>\r\n\t\t\t<a href=\"#threesixty-slider-10487_lYFPEJ\" class=\"threesixty-mfp-anchor\"><\/a>\r\n\t<\/div>\r\n<!--SPV--><script type=\"text\/javascript\">\/\/SPV\r\n(function($) {\r\n\t\t$('#threesixty-slider-10487_lYFPEJ .threesixty-mfp-anchor').magnificPopup({\r\n\t\ttype:'inline',\r\n\t\tcloseOnBgClick: true,\r\n\t\tmidClick: true,\r\n\t\t\/\/removalDelay: 300,\r\n  \t\t\/\/mainClass: 'mfp-fade',\r\n\t\tcallbacks: {\r\n\t\t\t resize: function() {\r\n\t\t\t \tvar originalHeight \t= 573,\r\n\t\t\t \t\toriginalWidth \t= 1000,\r\n\t\t\t \t\tmfpHeight \t\t= 573,\r\n\t\t\t \t\tmfpWidth \t\t= 1000,\r\n\t\t\t \t\tratio \t\t\t= originalWidth \/ originalHeight,\r\n\t\t\t \t\twinHeight \t\t= $(window).height(),\r\n\t\t\t \t\twinWidth \t\t= $(window).width();\r\n\t\t\t \t\r\n\t\t\t \tif ( originalHeight > winHeight * 0.9 ) {\r\n\t\t\t \t\tmfpHeight \t\t= winHeight * 0.9;\r\n\t\t\t \t\tmfpWidth \t\t= mfpHeight * ratio;\r\n\t\t\t\t}\r\n\t\t\t\tif ( mfpWidth > winWidth * 0.9 ) {\r\n\t\t\t \t\tmfpWidth \t\t= winWidth * 0.9;\r\n\t\t\t \t\tmfpHeight \t\t= mfpWidth \/ ratio;\r\n\t\t\t\t}\r\n\t\t\t \tif ( mfpHeight < originalHeight && mfpWidth < originalWidth ) {\r\n\t\t\t\t    $('#threesixty-slider-10487_lYFPEJ').height(mfpHeight);\r\n\t\t\t\t    $('#threesixty-slider-10487_lYFPEJ').width(mfpWidth);\r\n\t\t\t\t} \r\n\t\t\t\telse {\r\n\t\t\t\t    $('#threesixty-slider-10487_lYFPEJ').height(originalHeight);\r\n\t\t\t\t    $('#threesixty-slider-10487_lYFPEJ').width(originalWidth);\r\n\t\t\t\t}\r\n\t\t\t},\r\n\t\t\tclose: function() {\r\n\t\t\t    $('#threesixty-slider-10487_lYFPEJ').height('auto');\r\n\t\t\t    $('#threesixty-slider-10487_lYFPEJ').width(1000);\r\n\t\t\t}\r\n\t\t},\r\n\t\tcloseMarkup :\"<button class=\\\"mfp-close\\\"><\/button>\"\r\n\t});\r\n\t\tvar product_10487_lYFPEJ = $('#threesixty-slider-10487_lYFPEJ').ThreeSixty({\r\n\t\ttotalFrames: 36,\r\n\t\tendFrame: 0,\r\n\t\tcurrentFrame: 36,\r\n\t\timgList: '.threesixty-images-10487_lYFPEJ',\r\n\t\tprogress: '.threesixty-spinner-10487_lYFPEJ',\r\n\t\tpreview: '.threesixty-preview-10487_lYFPEJ',\r\n\t\timages: ['https:\/\/geemarc.com\/de\/wp-content\/uploads\/sites\/5\/2025\/04\/DSC_0806-copie.jpg','https:\/\/geemarc.com\/de\/wp-content\/uploads\/sites\/5\/2025\/04\/DSC_0805-copie.jpg','https:\/\/geemarc.com\/de\/wp-content\/uploads\/sites\/5\/2025\/04\/DSC_0804-copie.jpg','https:\/\/geemarc.com\/de\/wp-content\/uploads\/sites\/5\/2025\/04\/DSC_0803-copie.jpg','https:\/\/geemarc.com\/de\/wp-content\/uploads\/sites\/5\/2025\/04\/DSC_0802-copie.jpg','https:\/\/geemarc.com\/de\/wp-content\/uploads\/sites\/5\/2025\/04\/DSC_0801-copie.jpg','https:\/\/geemarc.com\/de\/wp-content\/uploads\/sites\/5\/2025\/04\/DSC_0800-copie.jpg','https:\/\/geemarc.com\/de\/wp-content\/uploads\/sites\/5\/2025\/04\/DSC_0799-copie.jpg','https:\/\/geemarc.com\/de\/wp-content\/uploads\/sites\/5\/2025\/04\/DSC_0798-copie.jpg','https:\/\/geemarc.com\/de\/wp-content\/uploads\/sites\/5\/2025\/04\/DSC_0797-copie.jpg','https:\/\/geemarc.com\/de\/wp-content\/uploads\/sites\/5\/2025\/04\/DSC_0796-copie.jpg','https:\/\/geemarc.com\/de\/wp-content\/uploads\/sites\/5\/2025\/04\/DSC_0795-copie.jpg','https:\/\/geemarc.com\/de\/wp-content\/uploads\/sites\/5\/2025\/04\/DSC_0794-copie.jpg','https:\/\/geemarc.com\/de\/wp-content\/uploads\/sites\/5\/2025\/04\/DSC_0793-copie.jpg','https:\/\/geemarc.com\/de\/wp-content\/uploads\/sites\/5\/2025\/04\/DSC_0792-copie.jpg','https:\/\/geemarc.com\/de\/wp-content\/uploads\/sites\/5\/2025\/04\/DSC_0791-copie.jpg','https:\/\/geemarc.com\/de\/wp-content\/uploads\/sites\/5\/2025\/04\/DSC_0790-copie.jpg','https:\/\/geemarc.com\/de\/wp-content\/uploads\/sites\/5\/2025\/04\/DSC_0789-copie.jpg','https:\/\/geemarc.com\/de\/wp-content\/uploads\/sites\/5\/2025\/04\/DSC_0788-copie.jpg','https:\/\/geemarc.com\/de\/wp-content\/uploads\/sites\/5\/2025\/04\/DSC_0787-copie.jpg','https:\/\/geemarc.com\/de\/wp-content\/uploads\/sites\/5\/2025\/04\/DSC_0786-copie.jpg','https:\/\/geemarc.com\/de\/wp-content\/uploads\/sites\/5\/2025\/04\/DSC_0785-copie.jpg','https:\/\/geemarc.com\/de\/wp-content\/uploads\/sites\/5\/2025\/04\/DSC_0784-copie.jpg','https:\/\/geemarc.com\/de\/wp-content\/uploads\/sites\/5\/2025\/04\/DSC_0783-copie.jpg','https:\/\/geemarc.com\/de\/wp-content\/uploads\/sites\/5\/2025\/04\/DSC_0782-copie.jpg','https:\/\/geemarc.com\/de\/wp-content\/uploads\/sites\/5\/2025\/04\/DSC_0781-copie.jpg','https:\/\/geemarc.com\/de\/wp-content\/uploads\/sites\/5\/2025\/04\/DSC_0780-copie.jpg','https:\/\/geemarc.com\/de\/wp-content\/uploads\/sites\/5\/2025\/04\/DSC_0779-copie.jpg','https:\/\/geemarc.com\/de\/wp-content\/uploads\/sites\/5\/2025\/04\/DSC_0778-copie.jpg','https:\/\/geemarc.com\/de\/wp-content\/uploads\/sites\/5\/2025\/04\/DSC_0777-copie.jpg','https:\/\/geemarc.com\/de\/wp-content\/uploads\/sites\/5\/2025\/04\/DSC_0776-copie.jpg','https:\/\/geemarc.com\/de\/wp-content\/uploads\/sites\/5\/2025\/04\/DSC_0775-copie.jpg','https:\/\/geemarc.com\/de\/wp-content\/uploads\/sites\/5\/2025\/04\/DSC_0774-copie.jpg','https:\/\/geemarc.com\/de\/wp-content\/uploads\/sites\/5\/2025\/04\/DSC_0773-copie.jpg','https:\/\/geemarc.com\/de\/wp-content\/uploads\/sites\/5\/2025\/04\/DSC_0772-copie.jpg','https:\/\/geemarc.com\/de\/wp-content\/uploads\/sites\/5\/2025\/04\/DSC_0771-copie.jpg'],\r\n\t\theight: 0,\r\n\t\twidth: 1000,\r\n\t\tnavigation: true,\r\n\t\tdrag: true,\r\n\t\tshowCursor: true,\r\n\t\tinterval: 120,\r\n\t\tspeedMultiplier: 3,\r\n\t\t\t\tstartAutoplay: true,\r\n\t\t\t\tonReady: function() {\r\n\t\t\t$(\"#threesixty-slider-10487_lYFPEJ\").removeClass('threesixty-loading');\r\n\t\t\t\t\t\tproduct_10487_lYFPEJ.play();\r\n\t\t\t\t\t\t\t\t}\r\n\t\t\t});\r\n\t\t\t}(jQuery));\r\n<\/script>\n","protected":false},"excerpt":{"rendered":"<p>Transkription von Sprache in Text auf Smartphone\/Tablet<\/p>\n","protected":false},"featured_media":10524,"template":"","meta":[],"product_cat":[131,122],"product_tag":[],"yoast_head":"<!-- This site is optimized with the Yoast SEO plugin v16.9 - https:\/\/yoast.com\/wordpress\/plugins\/seo\/ -->\n<title>L2T10 - Geemarc Germany<\/title>\n<meta name=\"robots\" content=\"index, follow, max-snippet:-1, max-image-preview:large, max-video-preview:-1\" \/>\n<link rel=\"canonical\" href=\"https:\/\/geemarc.com\/de\/produkt\/l2t10\/\" \/>\n<meta property=\"og:locale\" content=\"de_DE\" \/>\n<meta property=\"og:type\" content=\"article\" \/>\n<meta property=\"og:title\" content=\"L2T10 - Geemarc Germany\" \/>\n<meta property=\"og:description\" content=\"Transkription von Sprache in Text auf Smartphone\/Tablet\" \/>\n<meta property=\"og:url\" content=\"https:\/\/geemarc.com\/de\/produkt\/l2t10\/\" \/>\n<meta property=\"og:site_name\" content=\"Geemarc Germany\" \/>\n<meta property=\"article:modified_time\" content=\"2025-07-03T08:54:19+00:00\" \/>\n<meta property=\"og:image\" content=\"https:\/\/geemarc.com\/de\/wp-content\/uploads\/sites\/5\/2025\/04\/L2T10_1-scaled.jpg\" \/>\n\t<meta property=\"og:image:width\" content=\"2560\" \/>\n\t<meta property=\"og:image:height\" content=\"1702\" \/>\n<meta name=\"twitter:card\" content=\"summary_large_image\" \/>\n<meta name=\"twitter:label1\" content=\"Gesch\u00e4tzte Lesezeit\" \/>\n\t<meta name=\"twitter:data1\" content=\"1\u00a0Minute\" \/>\n<script type=\"application\/ld+json\" class=\"yoast-schema-graph\">{\"@context\":\"https:\/\/schema.org\",\"@graph\":[{\"@type\":\"WebSite\",\"@id\":\"https:\/\/geemarc.com\/de\/#website\",\"url\":\"https:\/\/geemarc.com\/de\/\",\"name\":\"Geemarc Germany\",\"description\":\"\",\"potentialAction\":[{\"@type\":\"SearchAction\",\"target\":{\"@type\":\"EntryPoint\",\"urlTemplate\":\"https:\/\/geemarc.com\/de\/?s={search_term_string}\"},\"query-input\":\"required name=search_term_string\"}],\"inLanguage\":\"de\"},{\"@type\":\"ImageObject\",\"@id\":\"https:\/\/geemarc.com\/de\/produkt\/l2t10\/#primaryimage\",\"inLanguage\":\"de\",\"url\":\"https:\/\/geemarc.com\/de\/wp-content\/uploads\/sites\/5\/2025\/04\/L2T10_1-scaled.jpg\",\"contentUrl\":\"https:\/\/geemarc.com\/de\/wp-content\/uploads\/sites\/5\/2025\/04\/L2T10_1-scaled.jpg\",\"width\":2560,\"height\":1702},{\"@type\":\"WebPage\",\"@id\":\"https:\/\/geemarc.com\/de\/produkt\/l2t10\/#webpage\",\"url\":\"https:\/\/geemarc.com\/de\/produkt\/l2t10\/\",\"name\":\"L2T10 - Geemarc Germany\",\"isPartOf\":{\"@id\":\"https:\/\/geemarc.com\/de\/#website\"},\"primaryImageOfPage\":{\"@id\":\"https:\/\/geemarc.com\/de\/produkt\/l2t10\/#primaryimage\"},\"datePublished\":\"2025-04-17T09:11:07+00:00\",\"dateModified\":\"2025-07-03T08:54:19+00:00\",\"breadcrumb\":{\"@id\":\"https:\/\/geemarc.com\/de\/produkt\/l2t10\/#breadcrumb\"},\"inLanguage\":\"de\",\"potentialAction\":[{\"@type\":\"ReadAction\",\"target\":[\"https:\/\/geemarc.com\/de\/produkt\/l2t10\/\"]}]},{\"@type\":\"BreadcrumbList\",\"@id\":\"https:\/\/geemarc.com\/de\/produkt\/l2t10\/#breadcrumb\",\"itemListElement\":[{\"@type\":\"ListItem\",\"position\":1,\"name\":\"Home\",\"item\":\"https:\/\/geemarc.com\/de\/\"},{\"@type\":\"ListItem\",\"position\":2,\"name\":\"Shop\",\"item\":\"https:\/\/geemarc.com\/de\/shop\/\"},{\"@type\":\"ListItem\",\"position\":3,\"name\":\"L2T10\"}]}]}<\/script>\n<!-- \/ Yoast SEO plugin. -->","yoast_head_json":{"title":"L2T10 - Geemarc Germany","robots":{"index":"index","follow":"follow","max-snippet":"max-snippet:-1","max-image-preview":"max-image-preview:large","max-video-preview":"max-video-preview:-1"},"canonical":"https:\/\/geemarc.com\/de\/produkt\/l2t10\/","og_locale":"de_DE","og_type":"article","og_title":"L2T10 - Geemarc Germany","og_description":"Transkription von Sprache in Text auf Smartphone\/Tablet","og_url":"https:\/\/geemarc.com\/de\/produkt\/l2t10\/","og_site_name":"Geemarc Germany","article_modified_time":"2025-07-03T08:54:19+00:00","og_image":[{"width":2560,"height":1702,"url":"https:\/\/geemarc.com\/de\/wp-content\/uploads\/sites\/5\/2025\/04\/L2T10_1-scaled.jpg","path":"\/home\/g\/e\/geemarcwp\/public_html\/wp-content\/uploads\/sites\/5\/2025\/04\/L2T10_1-scaled.jpg","size":"full","id":10524,"alt":"","pixels":4357120,"type":"image\/jpeg"}],"twitter_card":"summary_large_image","twitter_misc":{"Gesch\u00e4tzte Lesezeit":"1\u00a0Minute"},"schema":{"@context":"https:\/\/schema.org","@graph":[{"@type":"WebSite","@id":"https:\/\/geemarc.com\/de\/#website","url":"https:\/\/geemarc.com\/de\/","name":"Geemarc Germany","description":"","potentialAction":[{"@type":"SearchAction","target":{"@type":"EntryPoint","urlTemplate":"https:\/\/geemarc.com\/de\/?s={search_term_string}"},"query-input":"required name=search_term_string"}],"inLanguage":"de"},{"@type":"ImageObject","@id":"https:\/\/geemarc.com\/de\/produkt\/l2t10\/#primaryimage","inLanguage":"de","url":"https:\/\/geemarc.com\/de\/wp-content\/uploads\/sites\/5\/2025\/04\/L2T10_1-scaled.jpg","contentUrl":"https:\/\/geemarc.com\/de\/wp-content\/uploads\/sites\/5\/2025\/04\/L2T10_1-scaled.jpg","width":2560,"height":1702},{"@type":"WebPage","@id":"https:\/\/geemarc.com\/de\/produkt\/l2t10\/#webpage","url":"https:\/\/geemarc.com\/de\/produkt\/l2t10\/","name":"L2T10 - Geemarc Germany","isPartOf":{"@id":"https:\/\/geemarc.com\/de\/#website"},"primaryImageOfPage":{"@id":"https:\/\/geemarc.com\/de\/produkt\/l2t10\/#primaryimage"},"datePublished":"2025-04-17T09:11:07+00:00","dateModified":"2025-07-03T08:54:19+00:00","breadcrumb":{"@id":"https:\/\/geemarc.com\/de\/produkt\/l2t10\/#breadcrumb"},"inLanguage":"de","potentialAction":[{"@type":"ReadAction","target":["https:\/\/geemarc.com\/de\/produkt\/l2t10\/"]}]},{"@type":"BreadcrumbList","@id":"https:\/\/geemarc.com\/de\/produkt\/l2t10\/#breadcrumb","itemListElement":[{"@type":"ListItem","position":1,"name":"Home","item":"https:\/\/geemarc.com\/de\/"},{"@type":"ListItem","position":2,"name":"Shop","item":"https:\/\/geemarc.com\/de\/shop\/"},{"@type":"ListItem","position":3,"name":"L2T10"}]}]}},"acf":[],"_links":{"self":[{"href":"https:\/\/geemarc.com\/de\/wp-json\/wp\/v2\/product\/10478"}],"collection":[{"href":"https:\/\/geemarc.com\/de\/wp-json\/wp\/v2\/product"}],"about":[{"href":"https:\/\/geemarc.com\/de\/wp-json\/wp\/v2\/types\/product"}],"wp:featuredmedia":[{"embeddable":true,"href":"https:\/\/geemarc.com\/de\/wp-json\/wp\/v2\/media\/10524"}],"wp:attachment":[{"href":"https:\/\/geemarc.com\/de\/wp-json\/wp\/v2\/media?parent=10478"}],"wp:term":[{"taxonomy":"product_cat","embeddable":true,"href":"https:\/\/geemarc.com\/de\/wp-json\/wp\/v2\/product_cat?post=10478"},{"taxonomy":"product_tag","embeddable":true,"href":"https:\/\/geemarc.com\/de\/wp-json\/wp\/v2\/product_tag?post=10478"}],"curies":[{"name":"wp","href":"https:\/\/api.w.org\/{rel}","templated":true}]}}