{"id":10623,"date":"2025-07-28T10:41:11","date_gmt":"2025-07-28T10:41:11","guid":{"rendered":"https:\/\/geemarc.com\/de\/?post_type=product&#038;p=10623"},"modified":"2026-04-07T12:20:39","modified_gmt":"2026-04-07T12:20:39","slug":"viso-60-weiss","status":"publish","type":"product","link":"https:\/\/geemarc.com\/de\/produkt\/viso-60-weiss\/","title":{"rendered":"VISO 60 &#8211; WEI\u00df"},"content":{"rendered":"<ul>\n<li>Analoge Funkuhr (Durchmesser 350 mm): Stunden \/ Minuten \/ Sekunden<\/li>\n<li>Zeiger und Punkte leuchten im Dunkeln.<\/li>\n<li>Uhr mit digitalem Display (160&#215;60 mm), drei Darstellungsformate (ganz ausgeschrieben):<\/li>\n<\/ul>\n<ol>\n<li>Wochentag \/ Tageszeit<\/li>\n<li>Monat \/ Tag des Monats (Ziffer) \/ Jahr<\/li>\n<li>Darstellungsformate abwechselnd einstellbar (zwischen 5 und 60 Sekunden)<\/li>\n<\/ol>\n<ul>\n<li>Zeitformat: 12\/24 H f\u00fcr das digitale Display<\/li>\n<li>14 Sprachen: Franz\u00f6sisch, Englisch, Deutsch, Italienisch, Spanisch, Niederl\u00e4ndisch, Portugiesisch, Schwedisch, Norwegisch, D\u00e4nisch, Finnisch, Polnisch, Tschechisch und Ungarisch.<\/li>\n<li>Funktioniert mit 3 AA Batterien (nicht enthalten)<\/li>\n<li>Automatische Zeiteinstellung \u00fcber das DCF77 Funksignal (analoges und digitales Display)<\/li>\n<li>Plastikfenster<\/li>\n<li>Wandmontage<\/li>\n<li>Ma\u00dfe: Durchmesser 350 mm<\/li>\n<li>Gewicht: 800 g<\/li>\n<li>Farben: Wei\u00df, Gelb<\/li>\n<\/ul>\n","protected":false},"excerpt":{"rendered":"<p>Analoge Design Funkuhr mit digitalem Display &amp; Vollwortanzeige<\/p>\n","protected":false},"featured_media":10626,"template":"","meta":[],"product_cat":[138],"product_tag":[],"yoast_head":"<!-- This site is optimized with the Yoast SEO plugin v16.9 - https:\/\/yoast.com\/wordpress\/plugins\/seo\/ -->\n<title>VISO 60 - WEI\u00df - Geemarc Germany<\/title>\n<meta name=\"robots\" content=\"index, follow, max-snippet:-1, max-image-preview:large, max-video-preview:-1\" \/>\n<link rel=\"canonical\" href=\"https:\/\/geemarc.com\/de\/produkt\/viso-60-weiss\/\" \/>\n<meta property=\"og:locale\" content=\"de_DE\" \/>\n<meta property=\"og:type\" content=\"article\" \/>\n<meta property=\"og:title\" content=\"VISO 60 - WEI\u00df - Geemarc Germany\" \/>\n<meta property=\"og:description\" content=\"Analoge Design Funkuhr mit digitalem Display &amp; Vollwortanzeige\" \/>\n<meta property=\"og:url\" content=\"https:\/\/geemarc.com\/de\/produkt\/viso-60-weiss\/\" \/>\n<meta property=\"og:site_name\" content=\"Geemarc Germany\" \/>\n<meta property=\"article:modified_time\" content=\"2026-04-07T12:20:39+00:00\" \/>\n<meta property=\"og:image\" content=\"https:\/\/geemarc.com\/de\/wp-content\/uploads\/sites\/5\/2025\/07\/VISO-60_1-white-GE-dsp2-scaled.jpg\" \/>\n\t<meta property=\"og:image:width\" content=\"2560\" \/>\n\t<meta property=\"og:image:height\" content=\"1702\" \/>\n<meta name=\"twitter:card\" content=\"summary_large_image\" \/>\n<meta name=\"twitter:label1\" content=\"Gesch\u00e4tzte Lesezeit\" \/>\n\t<meta name=\"twitter:data1\" content=\"1\u00a0Minute\" \/>\n<script type=\"application\/ld+json\" class=\"yoast-schema-graph\">{\"@context\":\"https:\/\/schema.org\",\"@graph\":[{\"@type\":\"WebSite\",\"@id\":\"https:\/\/geemarc.com\/de\/#website\",\"url\":\"https:\/\/geemarc.com\/de\/\",\"name\":\"Geemarc Germany\",\"description\":\"\",\"potentialAction\":[{\"@type\":\"SearchAction\",\"target\":{\"@type\":\"EntryPoint\",\"urlTemplate\":\"https:\/\/geemarc.com\/de\/?s={search_term_string}\"},\"query-input\":\"required name=search_term_string\"}],\"inLanguage\":\"de\"},{\"@type\":\"ImageObject\",\"@id\":\"https:\/\/geemarc.com\/de\/produkt\/viso-60-weiss\/#primaryimage\",\"inLanguage\":\"de\",\"url\":\"https:\/\/geemarc.com\/de\/wp-content\/uploads\/sites\/5\/2025\/07\/VISO-60_1-white-GE-dsp2-scaled.jpg\",\"contentUrl\":\"https:\/\/geemarc.com\/de\/wp-content\/uploads\/sites\/5\/2025\/07\/VISO-60_1-white-GE-dsp2-scaled.jpg\",\"width\":2560,\"height\":1702},{\"@type\":\"WebPage\",\"@id\":\"https:\/\/geemarc.com\/de\/produkt\/viso-60-weiss\/#webpage\",\"url\":\"https:\/\/geemarc.com\/de\/produkt\/viso-60-weiss\/\",\"name\":\"VISO 60 - WEI\\u00df - Geemarc Germany\",\"isPartOf\":{\"@id\":\"https:\/\/geemarc.com\/de\/#website\"},\"primaryImageOfPage\":{\"@id\":\"https:\/\/geemarc.com\/de\/produkt\/viso-60-weiss\/#primaryimage\"},\"datePublished\":\"2025-07-28T10:41:11+00:00\",\"dateModified\":\"2026-04-07T12:20:39+00:00\",\"breadcrumb\":{\"@id\":\"https:\/\/geemarc.com\/de\/produkt\/viso-60-weiss\/#breadcrumb\"},\"inLanguage\":\"de\",\"potentialAction\":[{\"@type\":\"ReadAction\",\"target\":[\"https:\/\/geemarc.com\/de\/produkt\/viso-60-weiss\/\"]}]},{\"@type\":\"BreadcrumbList\",\"@id\":\"https:\/\/geemarc.com\/de\/produkt\/viso-60-weiss\/#breadcrumb\",\"itemListElement\":[{\"@type\":\"ListItem\",\"position\":1,\"name\":\"Home\",\"item\":\"https:\/\/geemarc.com\/de\/\"},{\"@type\":\"ListItem\",\"position\":2,\"name\":\"Shop\",\"item\":\"https:\/\/geemarc.com\/de\/shop\/\"},{\"@type\":\"ListItem\",\"position\":3,\"name\":\"VISO 60 &#8211; WEI\\u00df\"}]}]}<\/script>\n<!-- \/ Yoast SEO plugin. -->","yoast_head_json":{"title":"VISO 60 - WEI\u00df - Geemarc Germany","robots":{"index":"index","follow":"follow","max-snippet":"max-snippet:-1","max-image-preview":"max-image-preview:large","max-video-preview":"max-video-preview:-1"},"canonical":"https:\/\/geemarc.com\/de\/produkt\/viso-60-weiss\/","og_locale":"de_DE","og_type":"article","og_title":"VISO 60 - WEI\u00df - Geemarc Germany","og_description":"Analoge Design Funkuhr mit digitalem Display &amp; Vollwortanzeige","og_url":"https:\/\/geemarc.com\/de\/produkt\/viso-60-weiss\/","og_site_name":"Geemarc Germany","article_modified_time":"2026-04-07T12:20:39+00:00","og_image":[{"width":2560,"height":1702,"url":"https:\/\/geemarc.com\/de\/wp-content\/uploads\/sites\/5\/2025\/07\/VISO-60_1-white-GE-dsp2-scaled.jpg","path":"\/home\/g\/e\/geemarcwp\/public_html\/wp-content\/uploads\/sites\/5\/2025\/07\/VISO-60_1-white-GE-dsp2-scaled.jpg","size":"full","id":10626,"alt":"","pixels":4357120,"type":"image\/jpeg"}],"twitter_card":"summary_large_image","twitter_misc":{"Gesch\u00e4tzte Lesezeit":"1\u00a0Minute"},"schema":{"@context":"https:\/\/schema.org","@graph":[{"@type":"WebSite","@id":"https:\/\/geemarc.com\/de\/#website","url":"https:\/\/geemarc.com\/de\/","name":"Geemarc Germany","description":"","potentialAction":[{"@type":"SearchAction","target":{"@type":"EntryPoint","urlTemplate":"https:\/\/geemarc.com\/de\/?s={search_term_string}"},"query-input":"required name=search_term_string"}],"inLanguage":"de"},{"@type":"ImageObject","@id":"https:\/\/geemarc.com\/de\/produkt\/viso-60-weiss\/#primaryimage","inLanguage":"de","url":"https:\/\/geemarc.com\/de\/wp-content\/uploads\/sites\/5\/2025\/07\/VISO-60_1-white-GE-dsp2-scaled.jpg","contentUrl":"https:\/\/geemarc.com\/de\/wp-content\/uploads\/sites\/5\/2025\/07\/VISO-60_1-white-GE-dsp2-scaled.jpg","width":2560,"height":1702},{"@type":"WebPage","@id":"https:\/\/geemarc.com\/de\/produkt\/viso-60-weiss\/#webpage","url":"https:\/\/geemarc.com\/de\/produkt\/viso-60-weiss\/","name":"VISO 60 - WEI\u00df - Geemarc Germany","isPartOf":{"@id":"https:\/\/geemarc.com\/de\/#website"},"primaryImageOfPage":{"@id":"https:\/\/geemarc.com\/de\/produkt\/viso-60-weiss\/#primaryimage"},"datePublished":"2025-07-28T10:41:11+00:00","dateModified":"2026-04-07T12:20:39+00:00","breadcrumb":{"@id":"https:\/\/geemarc.com\/de\/produkt\/viso-60-weiss\/#breadcrumb"},"inLanguage":"de","potentialAction":[{"@type":"ReadAction","target":["https:\/\/geemarc.com\/de\/produkt\/viso-60-weiss\/"]}]},{"@type":"BreadcrumbList","@id":"https:\/\/geemarc.com\/de\/produkt\/viso-60-weiss\/#breadcrumb","itemListElement":[{"@type":"ListItem","position":1,"name":"Home","item":"https:\/\/geemarc.com\/de\/"},{"@type":"ListItem","position":2,"name":"Shop","item":"https:\/\/geemarc.com\/de\/shop\/"},{"@type":"ListItem","position":3,"name":"VISO 60 &#8211; WEI\u00df"}]}]}},"acf":[],"_links":{"self":[{"href":"https:\/\/geemarc.com\/de\/wp-json\/wp\/v2\/product\/10623"}],"collection":[{"href":"https:\/\/geemarc.com\/de\/wp-json\/wp\/v2\/product"}],"about":[{"href":"https:\/\/geemarc.com\/de\/wp-json\/wp\/v2\/types\/product"}],"wp:featuredmedia":[{"embeddable":true,"href":"https:\/\/geemarc.com\/de\/wp-json\/wp\/v2\/media\/10626"}],"wp:attachment":[{"href":"https:\/\/geemarc.com\/de\/wp-json\/wp\/v2\/media?parent=10623"}],"wp:term":[{"taxonomy":"product_cat","embeddable":true,"href":"https:\/\/geemarc.com\/de\/wp-json\/wp\/v2\/product_cat?post=10623"},{"taxonomy":"product_tag","embeddable":true,"href":"https:\/\/geemarc.com\/de\/wp-json\/wp\/v2\/product_tag?post=10623"}],"curies":[{"name":"wp","href":"https:\/\/api.w.org\/{rel}","templated":true}]}}