{"id":10853,"date":"2026-03-30T09:54:31","date_gmt":"2026-03-30T09:54:31","guid":{"rendered":"https:\/\/geemarc.com\/de\/?post_type=product&#038;p=10853"},"modified":"2026-03-30T09:54:31","modified_gmt":"2026-03-30T09:54:31","slug":"serenities-100-v2t","status":"publish","type":"product","link":"https:\/\/geemarc.com\/de\/produkt\/serenities-100-v2t\/","title":{"rendered":"SERENITIES 100 V2T"},"content":{"rendered":"<p><strong>ANRUFEN\/ANNEHMEN<\/strong><\/p>\n<ul>\n<li>H\u00f6rger\u00e4tkompatibel<\/li>\n<li>H\u00f6rerlautst\u00e4rke bis zu <strong>40dB<\/strong><\/li>\n<li>Einstellung Tonh\u00f6he des Empfangstons auf 5 Stufen<\/li>\n<li>3 Fotodirektwahltasten<\/li>\n<li>10 indirekte Wahltasten<\/li>\n<li>Telefonbuch: 30 Nummern mit Sprachansage<\/li>\n<li>Bis zu 200 Nummern sperrbar<\/li>\n<li>4 Modi f\u00fcr Anrufsperren<\/li>\n<li>SOS Taste<\/li>\n<li>M\u00f6glichkeit, Anruf via Armband anzunehmen (im Freisprechmodus)<\/li>\n<li>F\u00fcr Menschen mit eingeschr\u00e4nkter Mobilit\u00e4t: M\u00f6glichkeit, das Anruf via 4-stelligen Pin aus der Ferne anzunehmen.<\/li>\n<li>Blitzfunktion (100\/270\/600mS)<\/li>\n<li>Bidirektionale Freisprecheinrichtung mit LED-Anzeige<\/li>\n<li>Einstellen der Lautst\u00e4rke des Lautsprechers im Freisprechmodus<\/li>\n<li>R-Taste f\u00fcr Doppelanruf<\/li>\n<li>Pausenfunktion<\/li>\n<li>Wahlwiederholung der letzten 10 Rufnummern<\/li>\n<li>Tastatur mit gro\u00dfen Tasten und Hintergrundbeleuchtung<\/li>\n<li>Sprachen: Deutsch, Englisch, Franz\u00f6sisch, Niederl\u00e4ndisch, Italienisch, Spanisch.<\/li>\n<li>Sprachansage\u00a0(Tasten, Men\u00fc, Telefonbuch und \u2013nummer)<\/li>\n<li>Ein-\/Ausgabeverbindung f\u00fcr die automatische Transkription von Sprache zu Text<\/li>\n<\/ul>\n<p>&nbsp;<\/p>\n<p><strong>FUNKTION V2T: VOICE TO TEXT (Sprache zu Text)<\/strong><\/p>\n<ul>\n<li>Verbinden Sie SERENITIES 100 mit Ihrem Tablet, Smartphone oder Computer, um von der automatischen Umwandlung von Sprache \u00e0 Text (Audioausgang) \/ Text \u00e0 Sprache (Audioeingang) zu profitieren<\/li>\n<li>Audio-out (f\u00fcr h\u00f6rgesch\u00e4digte Personen): Ihre gesamte Unterhaltung wird in der von Ihnen gew\u00e4hlten App schriftlich transkribiert<\/li>\n<li>Audio-in (f\u00fcr stumme Personen): Geben Sie Ihren Text in einen Sprachsynthesizer ein, der Ihren Text in Sprache umwandelt und an Ihren Gespr\u00e4chspartner sendet<\/li>\n<li>2 Anschl\u00fcsse mit 3,5-mm-Klinkenstecker, 4 Kontakte<\/li>\n<li>Empfohlene Anwendung: <em>LiveTranscribe<\/em><\/li>\n<\/ul>\n<p>&nbsp;<\/p>\n<div id=\"threesixty-slider-10814_8EdSo5\" class=\"threesixty-loading threesixty-image threesixty-dark-blue threesixty-vintage threesixty-no-border\" style=\"width: 800px;\">\r\n\t<div class=\"threesixty-preview-10814_8EdSo5\"><img class=\"threesixty-preview-image\" src=\"https:\/\/geemarc.com\/de\/wp-content\/uploads\/sites\/5\/2026\/03\/DSC_0004.jpg\"\/><\/div>\r\n\t<div class=\"threesixty-spinner threesixty-spinner-10814_8EdSo5\">\r\n\t\t<span>0%<\/span>\r\n\t<\/div>\r\n\t<ol class=\"threesixty-images threesixty-images-10814_8EdSo5\"><\/ol>\r\n\t\t\t<a href=\"#threesixty-slider-10814_8EdSo5\" class=\"threesixty-mfp-anchor\"><\/a>\r\n\t<\/div>\r\n<!--SPV--><script type=\"text\/javascript\">\/\/SPV\r\n(function($) {\r\n\t\t$('#threesixty-slider-10814_8EdSo5 .threesixty-mfp-anchor').magnificPopup({\r\n\t\ttype:'inline',\r\n\t\tcloseOnBgClick: true,\r\n\t\tmidClick: true,\r\n\t\t\/\/removalDelay: 300,\r\n  \t\t\/\/mainClass: 'mfp-fade',\r\n\t\tcallbacks: {\r\n\t\t\t resize: function() {\r\n\t\t\t \tvar originalHeight \t= 677,\r\n\t\t\t \t\toriginalWidth \t= 800,\r\n\t\t\t \t\tmfpHeight \t\t= 677,\r\n\t\t\t \t\tmfpWidth \t\t= 800,\r\n\t\t\t \t\tratio \t\t\t= originalWidth \/ originalHeight,\r\n\t\t\t \t\twinHeight \t\t= $(window).height(),\r\n\t\t\t \t\twinWidth \t\t= $(window).width();\r\n\t\t\t \t\r\n\t\t\t \tif ( originalHeight > winHeight * 0.9 ) {\r\n\t\t\t \t\tmfpHeight \t\t= winHeight * 0.9;\r\n\t\t\t \t\tmfpWidth \t\t= mfpHeight * ratio;\r\n\t\t\t\t}\r\n\t\t\t\tif ( mfpWidth > winWidth * 0.9 ) {\r\n\t\t\t \t\tmfpWidth \t\t= winWidth * 0.9;\r\n\t\t\t \t\tmfpHeight \t\t= mfpWidth \/ ratio;\r\n\t\t\t\t}\r\n\t\t\t \tif ( mfpHeight < originalHeight && mfpWidth < originalWidth ) {\r\n\t\t\t\t    $('#threesixty-slider-10814_8EdSo5').height(mfpHeight);\r\n\t\t\t\t    $('#threesixty-slider-10814_8EdSo5').width(mfpWidth);\r\n\t\t\t\t} \r\n\t\t\t\telse {\r\n\t\t\t\t    $('#threesixty-slider-10814_8EdSo5').height(originalHeight);\r\n\t\t\t\t    $('#threesixty-slider-10814_8EdSo5').width(originalWidth);\r\n\t\t\t\t}\r\n\t\t\t},\r\n\t\t\tclose: function() {\r\n\t\t\t    $('#threesixty-slider-10814_8EdSo5').height('auto');\r\n\t\t\t    $('#threesixty-slider-10814_8EdSo5').width(800);\r\n\t\t\t}\r\n\t\t},\r\n\t\tcloseMarkup :\"<button class=\\\"mfp-close\\\"><\/button>\"\r\n\t});\r\n\t\tvar product_10814_8EdSo5 = $('#threesixty-slider-10814_8EdSo5').ThreeSixty({\r\n\t\ttotalFrames: 36,\r\n\t\tendFrame: 0,\r\n\t\tcurrentFrame: 36,\r\n\t\timgList: '.threesixty-images-10814_8EdSo5',\r\n\t\tprogress: '.threesixty-spinner-10814_8EdSo5',\r\n\t\tpreview: '.threesixty-preview-10814_8EdSo5',\r\n\t\timages: ['https:\/\/geemarc.com\/de\/wp-content\/uploads\/sites\/5\/2026\/03\/DSC_0039.jpg','https:\/\/geemarc.com\/de\/wp-content\/uploads\/sites\/5\/2026\/03\/DSC_0038.jpg','https:\/\/geemarc.com\/de\/wp-content\/uploads\/sites\/5\/2026\/03\/DSC_0037.jpg','https:\/\/geemarc.com\/de\/wp-content\/uploads\/sites\/5\/2026\/03\/DSC_0036.jpg','https:\/\/geemarc.com\/de\/wp-content\/uploads\/sites\/5\/2026\/03\/DSC_0035.jpg','https:\/\/geemarc.com\/de\/wp-content\/uploads\/sites\/5\/2026\/03\/DSC_0034.jpg','https:\/\/geemarc.com\/de\/wp-content\/uploads\/sites\/5\/2026\/03\/DSC_0033.jpg','https:\/\/geemarc.com\/de\/wp-content\/uploads\/sites\/5\/2026\/03\/DSC_0032.jpg','https:\/\/geemarc.com\/de\/wp-content\/uploads\/sites\/5\/2026\/03\/DSC_0031.jpg','https:\/\/geemarc.com\/de\/wp-content\/uploads\/sites\/5\/2026\/03\/DSC_0030.jpg','https:\/\/geemarc.com\/de\/wp-content\/uploads\/sites\/5\/2026\/03\/DSC_0029.jpg','https:\/\/geemarc.com\/de\/wp-content\/uploads\/sites\/5\/2026\/03\/DSC_0028.jpg','https:\/\/geemarc.com\/de\/wp-content\/uploads\/sites\/5\/2026\/03\/DSC_0027.jpg','https:\/\/geemarc.com\/de\/wp-content\/uploads\/sites\/5\/2026\/03\/DSC_0026.jpg','https:\/\/geemarc.com\/de\/wp-content\/uploads\/sites\/5\/2026\/03\/DSC_0025.jpg','https:\/\/geemarc.com\/de\/wp-content\/uploads\/sites\/5\/2026\/03\/DSC_0024.jpg','https:\/\/geemarc.com\/de\/wp-content\/uploads\/sites\/5\/2026\/03\/DSC_0023.jpg','https:\/\/geemarc.com\/de\/wp-content\/uploads\/sites\/5\/2026\/03\/DSC_0022.jpg','https:\/\/geemarc.com\/de\/wp-content\/uploads\/sites\/5\/2026\/03\/DSC_0021.jpg','https:\/\/geemarc.com\/de\/wp-content\/uploads\/sites\/5\/2026\/03\/DSC_0020.jpg','https:\/\/geemarc.com\/de\/wp-content\/uploads\/sites\/5\/2026\/03\/DSC_0019.jpg','https:\/\/geemarc.com\/de\/wp-content\/uploads\/sites\/5\/2026\/03\/DSC_0018.jpg','https:\/\/geemarc.com\/de\/wp-content\/uploads\/sites\/5\/2026\/03\/DSC_0017.jpg','https:\/\/geemarc.com\/de\/wp-content\/uploads\/sites\/5\/2026\/03\/DSC_0016.jpg','https:\/\/geemarc.com\/de\/wp-content\/uploads\/sites\/5\/2026\/03\/DSC_0015.jpg','https:\/\/geemarc.com\/de\/wp-content\/uploads\/sites\/5\/2026\/03\/DSC_0014.jpg','https:\/\/geemarc.com\/de\/wp-content\/uploads\/sites\/5\/2026\/03\/DSC_0013.jpg','https:\/\/geemarc.com\/de\/wp-content\/uploads\/sites\/5\/2026\/03\/DSC_0012.jpg','https:\/\/geemarc.com\/de\/wp-content\/uploads\/sites\/5\/2026\/03\/DSC_0011.jpg','https:\/\/geemarc.com\/de\/wp-content\/uploads\/sites\/5\/2026\/03\/DSC_0010.jpg','https:\/\/geemarc.com\/de\/wp-content\/uploads\/sites\/5\/2026\/03\/DSC_0009.jpg','https:\/\/geemarc.com\/de\/wp-content\/uploads\/sites\/5\/2026\/03\/DSC_0008.jpg','https:\/\/geemarc.com\/de\/wp-content\/uploads\/sites\/5\/2026\/03\/DSC_0007.jpg','https:\/\/geemarc.com\/de\/wp-content\/uploads\/sites\/5\/2026\/03\/DSC_0006.jpg','https:\/\/geemarc.com\/de\/wp-content\/uploads\/sites\/5\/2026\/03\/DSC_0005.jpg','https:\/\/geemarc.com\/de\/wp-content\/uploads\/sites\/5\/2026\/03\/DSC_0004.jpg'],\r\n\t\theight: 0,\r\n\t\twidth: 800,\r\n\t\tnavigation: true,\r\n\t\tdrag: true,\r\n\t\tshowCursor: true,\r\n\t\tinterval: 120,\r\n\t\tspeedMultiplier: 3,\r\n\t\t\t\tstartAutoplay: true,\r\n\t\t\t\tonReady: function() {\r\n\t\t\t$(\"#threesixty-slider-10814_8EdSo5\").removeClass('threesixty-loading');\r\n\t\t\t\t\t\tproduct_10814_8EdSo5.play();\r\n\t\t\t\t\t\t\t\t}\r\n\t\t\t});\r\n\t\t\t}(jQuery));\r\n<\/script>\n","protected":false},"excerpt":{"rendered":"<p>Multifunktionales Telefon mit automatischer Transkription<\/p>\n","protected":false},"featured_media":10801,"template":"","meta":[],"product_cat":[123],"product_tag":[],"yoast_head":"<!-- This site is optimized with the Yoast SEO plugin v16.9 - https:\/\/yoast.com\/wordpress\/plugins\/seo\/ -->\n<title>SERENITIES 100 V2T - Geemarc Germany<\/title>\n<meta name=\"robots\" content=\"index, follow, max-snippet:-1, max-image-preview:large, max-video-preview:-1\" \/>\n<link rel=\"canonical\" href=\"https:\/\/geemarc.com\/de\/produkt\/serenities-100-v2t\/\" \/>\n<meta property=\"og:locale\" content=\"de_DE\" \/>\n<meta property=\"og:type\" content=\"article\" \/>\n<meta property=\"og:title\" content=\"SERENITIES 100 V2T - Geemarc Germany\" \/>\n<meta property=\"og:description\" content=\"Multifunktionales Telefon mit automatischer Transkription\" \/>\n<meta property=\"og:url\" content=\"https:\/\/geemarc.com\/de\/produkt\/serenities-100-v2t\/\" \/>\n<meta property=\"og:site_name\" content=\"Geemarc Germany\" \/>\n<meta property=\"og:image\" content=\"https:\/\/geemarc.com\/de\/wp-content\/uploads\/sites\/5\/2026\/03\/SERENITIES-100-V2T_1-GE-scaled.jpg\" \/>\n\t<meta property=\"og:image:width\" content=\"2560\" \/>\n\t<meta property=\"og:image:height\" content=\"1702\" \/>\n<meta name=\"twitter:card\" content=\"summary_large_image\" \/>\n<meta name=\"twitter:label1\" content=\"Gesch\u00e4tzte Lesezeit\" \/>\n\t<meta name=\"twitter:data1\" content=\"1\u00a0Minute\" \/>\n<script type=\"application\/ld+json\" class=\"yoast-schema-graph\">{\"@context\":\"https:\/\/schema.org\",\"@graph\":[{\"@type\":\"WebSite\",\"@id\":\"https:\/\/geemarc.com\/de\/#website\",\"url\":\"https:\/\/geemarc.com\/de\/\",\"name\":\"Geemarc Germany\",\"description\":\"\",\"potentialAction\":[{\"@type\":\"SearchAction\",\"target\":{\"@type\":\"EntryPoint\",\"urlTemplate\":\"https:\/\/geemarc.com\/de\/?s={search_term_string}\"},\"query-input\":\"required name=search_term_string\"}],\"inLanguage\":\"de\"},{\"@type\":\"ImageObject\",\"@id\":\"https:\/\/geemarc.com\/de\/produkt\/serenities-100-v2t\/#primaryimage\",\"inLanguage\":\"de\",\"url\":\"https:\/\/geemarc.com\/de\/wp-content\/uploads\/sites\/5\/2026\/03\/SERENITIES-100-V2T_1-GE-scaled.jpg\",\"contentUrl\":\"https:\/\/geemarc.com\/de\/wp-content\/uploads\/sites\/5\/2026\/03\/SERENITIES-100-V2T_1-GE-scaled.jpg\",\"width\":2560,\"height\":1702},{\"@type\":\"WebPage\",\"@id\":\"https:\/\/geemarc.com\/de\/produkt\/serenities-100-v2t\/#webpage\",\"url\":\"https:\/\/geemarc.com\/de\/produkt\/serenities-100-v2t\/\",\"name\":\"SERENITIES 100 V2T - Geemarc Germany\",\"isPartOf\":{\"@id\":\"https:\/\/geemarc.com\/de\/#website\"},\"primaryImageOfPage\":{\"@id\":\"https:\/\/geemarc.com\/de\/produkt\/serenities-100-v2t\/#primaryimage\"},\"datePublished\":\"2026-03-30T09:54:31+00:00\",\"dateModified\":\"2026-03-30T09:54:31+00:00\",\"breadcrumb\":{\"@id\":\"https:\/\/geemarc.com\/de\/produkt\/serenities-100-v2t\/#breadcrumb\"},\"inLanguage\":\"de\",\"potentialAction\":[{\"@type\":\"ReadAction\",\"target\":[\"https:\/\/geemarc.com\/de\/produkt\/serenities-100-v2t\/\"]}]},{\"@type\":\"BreadcrumbList\",\"@id\":\"https:\/\/geemarc.com\/de\/produkt\/serenities-100-v2t\/#breadcrumb\",\"itemListElement\":[{\"@type\":\"ListItem\",\"position\":1,\"name\":\"Home\",\"item\":\"https:\/\/geemarc.com\/de\/\"},{\"@type\":\"ListItem\",\"position\":2,\"name\":\"Shop\",\"item\":\"https:\/\/geemarc.com\/de\/shop\/\"},{\"@type\":\"ListItem\",\"position\":3,\"name\":\"SERENITIES 100 V2T\"}]}]}<\/script>\n<!-- \/ Yoast SEO plugin. -->","yoast_head_json":{"title":"SERENITIES 100 V2T - Geemarc Germany","robots":{"index":"index","follow":"follow","max-snippet":"max-snippet:-1","max-image-preview":"max-image-preview:large","max-video-preview":"max-video-preview:-1"},"canonical":"https:\/\/geemarc.com\/de\/produkt\/serenities-100-v2t\/","og_locale":"de_DE","og_type":"article","og_title":"SERENITIES 100 V2T - Geemarc Germany","og_description":"Multifunktionales Telefon mit automatischer Transkription","og_url":"https:\/\/geemarc.com\/de\/produkt\/serenities-100-v2t\/","og_site_name":"Geemarc Germany","og_image":[{"width":2560,"height":1702,"url":"https:\/\/geemarc.com\/de\/wp-content\/uploads\/sites\/5\/2026\/03\/SERENITIES-100-V2T_1-GE-scaled.jpg","path":"\/home\/g\/e\/geemarcwp\/public_html\/wp-content\/uploads\/sites\/5\/2026\/03\/SERENITIES-100-V2T_1-GE-scaled.jpg","size":"full","id":10801,"alt":"","pixels":4357120,"type":"image\/jpeg"}],"twitter_card":"summary_large_image","twitter_misc":{"Gesch\u00e4tzte Lesezeit":"1\u00a0Minute"},"schema":{"@context":"https:\/\/schema.org","@graph":[{"@type":"WebSite","@id":"https:\/\/geemarc.com\/de\/#website","url":"https:\/\/geemarc.com\/de\/","name":"Geemarc Germany","description":"","potentialAction":[{"@type":"SearchAction","target":{"@type":"EntryPoint","urlTemplate":"https:\/\/geemarc.com\/de\/?s={search_term_string}"},"query-input":"required name=search_term_string"}],"inLanguage":"de"},{"@type":"ImageObject","@id":"https:\/\/geemarc.com\/de\/produkt\/serenities-100-v2t\/#primaryimage","inLanguage":"de","url":"https:\/\/geemarc.com\/de\/wp-content\/uploads\/sites\/5\/2026\/03\/SERENITIES-100-V2T_1-GE-scaled.jpg","contentUrl":"https:\/\/geemarc.com\/de\/wp-content\/uploads\/sites\/5\/2026\/03\/SERENITIES-100-V2T_1-GE-scaled.jpg","width":2560,"height":1702},{"@type":"WebPage","@id":"https:\/\/geemarc.com\/de\/produkt\/serenities-100-v2t\/#webpage","url":"https:\/\/geemarc.com\/de\/produkt\/serenities-100-v2t\/","name":"SERENITIES 100 V2T - Geemarc Germany","isPartOf":{"@id":"https:\/\/geemarc.com\/de\/#website"},"primaryImageOfPage":{"@id":"https:\/\/geemarc.com\/de\/produkt\/serenities-100-v2t\/#primaryimage"},"datePublished":"2026-03-30T09:54:31+00:00","dateModified":"2026-03-30T09:54:31+00:00","breadcrumb":{"@id":"https:\/\/geemarc.com\/de\/produkt\/serenities-100-v2t\/#breadcrumb"},"inLanguage":"de","potentialAction":[{"@type":"ReadAction","target":["https:\/\/geemarc.com\/de\/produkt\/serenities-100-v2t\/"]}]},{"@type":"BreadcrumbList","@id":"https:\/\/geemarc.com\/de\/produkt\/serenities-100-v2t\/#breadcrumb","itemListElement":[{"@type":"ListItem","position":1,"name":"Home","item":"https:\/\/geemarc.com\/de\/"},{"@type":"ListItem","position":2,"name":"Shop","item":"https:\/\/geemarc.com\/de\/shop\/"},{"@type":"ListItem","position":3,"name":"SERENITIES 100 V2T"}]}]}},"acf":[],"_links":{"self":[{"href":"https:\/\/geemarc.com\/de\/wp-json\/wp\/v2\/product\/10853"}],"collection":[{"href":"https:\/\/geemarc.com\/de\/wp-json\/wp\/v2\/product"}],"about":[{"href":"https:\/\/geemarc.com\/de\/wp-json\/wp\/v2\/types\/product"}],"wp:featuredmedia":[{"embeddable":true,"href":"https:\/\/geemarc.com\/de\/wp-json\/wp\/v2\/media\/10801"}],"wp:attachment":[{"href":"https:\/\/geemarc.com\/de\/wp-json\/wp\/v2\/media?parent=10853"}],"wp:term":[{"taxonomy":"product_cat","embeddable":true,"href":"https:\/\/geemarc.com\/de\/wp-json\/wp\/v2\/product_cat?post=10853"},{"taxonomy":"product_tag","embeddable":true,"href":"https:\/\/geemarc.com\/de\/wp-json\/wp\/v2\/product_tag?post=10853"}],"curies":[{"name":"wp","href":"https:\/\/api.w.org\/{rel}","templated":true}]}}