{"id":3704,"date":"2018-06-27T10:14:21","date_gmt":"2018-06-27T10:14:21","guid":{"rendered":"http:\/\/geemarc.com\/de\/?post_type=product&#038;p=3704"},"modified":"2024-09-20T10:55:28","modified_gmt":"2024-09-20T10:55:28","slug":"amplidect595-2-photo","status":"publish","type":"product","link":"https:\/\/geemarc.com\/de\/produkt\/amplidect595-2-photo\/","title":{"rendered":"AMPLIDECT595-2 PHOTO"},"content":{"rendered":"<p><strong>DUO Version<\/strong><\/p>\n<p><strong>Neu : Bis zu 20 unerw\u00fcnschten Nummern k\u00f6nnen blockiert werden !<\/strong><\/p>\n<p><strong>ANRUFEN\/SPRECHEN :<\/strong><\/p>\n<ul>\n<li>H\u00f6rger\u00e4tekompatibel<\/li>\n<li>Ergonomisches Mobilteil mit breiten hintergrundbeleuchteten<\/li>\n<li>Tasten f\u00fcr eine vereinfachte Benutzung<\/li>\n<li>Einstellbare H\u00f6rerlautst\u00e4rke bis zu 50dB<\/li>\n<li>Extra laute Melodien: bis zu 80dB auf dem Mobilteil und der Basisstation<\/li>\n<li>Tonregelung (3 Stufen)<\/li>\n<li>10 Direktwahltasten mit Foto auf der Basisstation: W\u00e4hlen durch Foto, Name oder nach klassischem Art<\/li>\n<li>9 Direktwahltasten auf dem Mobilteil: auf der 9 Tasten (von 1 bis 9) kann man Nummer registrieren<\/li>\n<li>M\u00f6gliche Abspeicherung eines Namens f\u00fcr jede der 10 Fotos<\/li>\n<li>Freisprechfunktion auf der Basisstation und auf dem Mobilteil<\/li>\n<li>Lautsprecher Einstellung<\/li>\n<li>Telefonbuch (bis zu 50 Eintr\u00e4ge in dem Mobilteil)<\/li>\n<li>VIP Funktion: erm\u00f6glicht eingehende Anrufe nur von Nummern, die im VIP-Verzeichnis gespeichert sind (bis zu 50 Nummern), wenn die Funktion &#8220;Anrufsperre&#8221; aktiviert ist<\/li>\n<li>Wahlwiederholung der 10 letzten gew\u00e4hlten Rufnummern<\/li>\n<li>Direktwahltaste zum Telefonbuch auf dem Mobilteil<\/li>\n<li>Direktwahltaste zum Men\u00fc auf dem Mobilteil<\/li>\n<li>Einstellbare R-Taste (100ms\/300ms\/600ms)<\/li>\n<li>Sprachwahl: Englisch, Franz\u00f6sisch, Deutsch und Niederl\u00e4ndisch<\/li>\n<li>Notruffunktion (SOS Taste):<\/li>\n<\/ul>\n<p>&#8211;\u00a0 Bis 4 Notruf-Nummer programmierbar<br \/>\n&#8211;\u00a0 Selbstaufnehmbare Notansage oder die existierende Ansage in 4 w\u00e4hlbaren Sprachen benutzen (English, Franz\u00f6sisch, Deutsch und Niederl\u00e4ndisch)<\/p>\n<div class=\"success p-tmpl-wrap primary-background\">\n<p><img class=\"p1\" src=\"https:\/\/geemarc.com\/uk\/wp-content\/uploads\/sites\/2\/2019\/04\/Photo-template-Urgence.png\" \/><img class=\"p2\" src=\"https:\/\/geemarc.com\/uk\/wp-content\/uploads\/sites\/2\/2019\/04\/Photo-template-portrait.png\" \/><span class=\"h3 bold\">AUSDRUCKEN IHRER FOTOS<\/span><span class=\"h3\" data-wahfont=\"20\">Exklusive Neuheit Geemarc Telecom<\/span><\/p>\n<div style=\"margin: 10px 0 15px;line-height: 17px\">Laden Sie die Bilder f\u00fcr die Fototasten hoch und f\u00fcgen Sie sie in die Schablonen ein.<\/div>\n<div class=\"table-cell button-right\" style=\"margin-top: 10px\"><a class=\"button filled\" href=\"http:\/\/geemarc.com\/p_editor\/Amplidect595photo\/f\/editor\/\" data-wahfont=\"12\">Foto schablone<\/a><\/div>\n<\/div>\n<div><\/div>\n<div><\/div>\n<div><div id=\"threesixty-slider-7755_2NP6RX\" class=\"threesixty-loading threesixty-image threesixty-dark-blue threesixty-vintage threesixty-no-border\" style=\"width: 800px;\">\r\n\t<div class=\"threesixty-preview-7755_2NP6RX\"><img class=\"threesixty-preview-image\" src=\"https:\/\/geemarc.com\/de\/wp-content\/uploads\/sites\/5\/2021\/02\/DSC_0001-copie.jpg\"\/><\/div>\r\n\t<div class=\"threesixty-spinner threesixty-spinner-7755_2NP6RX\">\r\n\t\t<span>0%<\/span>\r\n\t<\/div>\r\n\t<ol class=\"threesixty-images threesixty-images-7755_2NP6RX\"><\/ol>\r\n\t\t\t<a href=\"#threesixty-slider-7755_2NP6RX\" class=\"threesixty-mfp-anchor\"><\/a>\r\n\t<\/div>\r\n<!--SPV--><script type=\"text\/javascript\">\/\/SPV\r\n(function($) {\r\n\t\t$('#threesixty-slider-7755_2NP6RX .threesixty-mfp-anchor').magnificPopup({\r\n\t\ttype:'inline',\r\n\t\tcloseOnBgClick: true,\r\n\t\tmidClick: true,\r\n\t\t\/\/removalDelay: 300,\r\n  \t\t\/\/mainClass: 'mfp-fade',\r\n\t\tcallbacks: {\r\n\t\t\t resize: function() {\r\n\t\t\t \tvar originalHeight \t= 690,\r\n\t\t\t \t\toriginalWidth \t= 800,\r\n\t\t\t \t\tmfpHeight \t\t= 690,\r\n\t\t\t \t\tmfpWidth \t\t= 800,\r\n\t\t\t \t\tratio \t\t\t= originalWidth \/ originalHeight,\r\n\t\t\t \t\twinHeight \t\t= $(window).height(),\r\n\t\t\t \t\twinWidth \t\t= $(window).width();\r\n\t\t\t \t\r\n\t\t\t \tif ( originalHeight > winHeight * 0.9 ) {\r\n\t\t\t \t\tmfpHeight \t\t= winHeight * 0.9;\r\n\t\t\t \t\tmfpWidth \t\t= mfpHeight * ratio;\r\n\t\t\t\t}\r\n\t\t\t\tif ( mfpWidth > winWidth * 0.9 ) {\r\n\t\t\t \t\tmfpWidth \t\t= winWidth * 0.9;\r\n\t\t\t \t\tmfpHeight \t\t= mfpWidth \/ ratio;\r\n\t\t\t\t}\r\n\t\t\t \tif ( mfpHeight < originalHeight && mfpWidth < originalWidth ) {\r\n\t\t\t\t    $('#threesixty-slider-7755_2NP6RX').height(mfpHeight);\r\n\t\t\t\t    $('#threesixty-slider-7755_2NP6RX').width(mfpWidth);\r\n\t\t\t\t} \r\n\t\t\t\telse {\r\n\t\t\t\t    $('#threesixty-slider-7755_2NP6RX').height(originalHeight);\r\n\t\t\t\t    $('#threesixty-slider-7755_2NP6RX').width(originalWidth);\r\n\t\t\t\t}\r\n\t\t\t},\r\n\t\t\tclose: function() {\r\n\t\t\t    $('#threesixty-slider-7755_2NP6RX').height('auto');\r\n\t\t\t    $('#threesixty-slider-7755_2NP6RX').width(800);\r\n\t\t\t}\r\n\t\t},\r\n\t\tcloseMarkup :\"<button class=\\\"mfp-close\\\"><\/button>\"\r\n\t});\r\n\t\tvar product_7755_2NP6RX = $('#threesixty-slider-7755_2NP6RX').ThreeSixty({\r\n\t\ttotalFrames: 36,\r\n\t\tendFrame: 0,\r\n\t\tcurrentFrame: 36,\r\n\t\timgList: '.threesixty-images-7755_2NP6RX',\r\n\t\tprogress: '.threesixty-spinner-7755_2NP6RX',\r\n\t\tpreview: '.threesixty-preview-7755_2NP6RX',\r\n\t\timages: ['https:\/\/geemarc.com\/de\/wp-content\/uploads\/sites\/5\/2021\/02\/DSC_0036-copie.jpg','https:\/\/geemarc.com\/de\/wp-content\/uploads\/sites\/5\/2021\/02\/DSC_0035-copie.jpg','https:\/\/geemarc.com\/de\/wp-content\/uploads\/sites\/5\/2021\/02\/DSC_0034-copie.jpg','https:\/\/geemarc.com\/de\/wp-content\/uploads\/sites\/5\/2021\/02\/DSC_0033-copie.jpg','https:\/\/geemarc.com\/de\/wp-content\/uploads\/sites\/5\/2021\/02\/DSC_0032-copie.jpg','https:\/\/geemarc.com\/de\/wp-content\/uploads\/sites\/5\/2021\/02\/DSC_0031-copie.jpg','https:\/\/geemarc.com\/de\/wp-content\/uploads\/sites\/5\/2021\/02\/DSC_0030-copie.jpg','https:\/\/geemarc.com\/de\/wp-content\/uploads\/sites\/5\/2021\/02\/DSC_0029-copie.jpg','https:\/\/geemarc.com\/de\/wp-content\/uploads\/sites\/5\/2021\/02\/DSC_0028-copie.jpg','https:\/\/geemarc.com\/de\/wp-content\/uploads\/sites\/5\/2021\/02\/DSC_0027-copie.jpg','https:\/\/geemarc.com\/de\/wp-content\/uploads\/sites\/5\/2021\/02\/DSC_0026-copie.jpg','https:\/\/geemarc.com\/de\/wp-content\/uploads\/sites\/5\/2021\/02\/DSC_0025-copie.jpg','https:\/\/geemarc.com\/de\/wp-content\/uploads\/sites\/5\/2021\/02\/DSC_0024-copie.jpg','https:\/\/geemarc.com\/de\/wp-content\/uploads\/sites\/5\/2021\/02\/DSC_0023-copie.jpg','https:\/\/geemarc.com\/de\/wp-content\/uploads\/sites\/5\/2021\/02\/DSC_0022-copie.jpg','https:\/\/geemarc.com\/de\/wp-content\/uploads\/sites\/5\/2021\/02\/DSC_0021-copie.jpg','https:\/\/geemarc.com\/de\/wp-content\/uploads\/sites\/5\/2021\/02\/DSC_0020-copie.jpg','https:\/\/geemarc.com\/de\/wp-content\/uploads\/sites\/5\/2021\/02\/DSC_0019-copie.jpg','https:\/\/geemarc.com\/de\/wp-content\/uploads\/sites\/5\/2021\/02\/DSC_0018-copie.jpg','https:\/\/geemarc.com\/de\/wp-content\/uploads\/sites\/5\/2021\/02\/DSC_0017-copie.jpg','https:\/\/geemarc.com\/de\/wp-content\/uploads\/sites\/5\/2021\/02\/DSC_0016-copie.jpg','https:\/\/geemarc.com\/de\/wp-content\/uploads\/sites\/5\/2021\/02\/DSC_0015-copie.jpg','https:\/\/geemarc.com\/de\/wp-content\/uploads\/sites\/5\/2021\/02\/DSC_0014-copie.jpg','https:\/\/geemarc.com\/de\/wp-content\/uploads\/sites\/5\/2021\/02\/DSC_0013-copie.jpg','https:\/\/geemarc.com\/de\/wp-content\/uploads\/sites\/5\/2021\/02\/DSC_0012-copie.jpg','https:\/\/geemarc.com\/de\/wp-content\/uploads\/sites\/5\/2021\/02\/DSC_0011-copie.jpg','https:\/\/geemarc.com\/de\/wp-content\/uploads\/sites\/5\/2021\/02\/DSC_0010-copie.jpg','https:\/\/geemarc.com\/de\/wp-content\/uploads\/sites\/5\/2021\/02\/DSC_0009-copie.jpg','https:\/\/geemarc.com\/de\/wp-content\/uploads\/sites\/5\/2021\/02\/DSC_0008-copie.jpg','https:\/\/geemarc.com\/de\/wp-content\/uploads\/sites\/5\/2021\/02\/DSC_0007-copie.jpg','https:\/\/geemarc.com\/de\/wp-content\/uploads\/sites\/5\/2021\/02\/DSC_0006-copie.jpg','https:\/\/geemarc.com\/de\/wp-content\/uploads\/sites\/5\/2021\/02\/DSC_0005-copie.jpg','https:\/\/geemarc.com\/de\/wp-content\/uploads\/sites\/5\/2021\/02\/DSC_0004-copie.jpg','https:\/\/geemarc.com\/de\/wp-content\/uploads\/sites\/5\/2021\/02\/DSC_0003-copie.jpg','https:\/\/geemarc.com\/de\/wp-content\/uploads\/sites\/5\/2021\/02\/DSC_0002-copie.jpg','https:\/\/geemarc.com\/de\/wp-content\/uploads\/sites\/5\/2021\/02\/DSC_0001-copie.jpg'],\r\n\t\theight: 0,\r\n\t\twidth: 800,\r\n\t\tnavigation: true,\r\n\t\tdrag: true,\r\n\t\tshowCursor: true,\r\n\t\tinterval: 120,\r\n\t\tspeedMultiplier: 3,\r\n\t\t\t\tstartAutoplay: true,\r\n\t\t\t\tonReady: function() {\r\n\t\t\t$(\"#threesixty-slider-7755_2NP6RX\").removeClass('threesixty-loading');\r\n\t\t\t\t\t\tproduct_7755_2NP6RX.play();\r\n\t\t\t\t\t\t\t\t}\r\n\t\t\t});\r\n\t\t\t}(jQuery));\r\n<\/script><\/div>\n","protected":false},"excerpt":{"rendered":"<p>Verst\u00e4rktes 50dB schnurloses Digitaltelefon mit Fototasten in DUO version<\/p>\n","protected":false},"featured_media":3721,"template":"","meta":[],"product_cat":[124],"product_tag":[],"yoast_head":"<!-- This site is optimized with the Yoast SEO plugin v16.9 - https:\/\/yoast.com\/wordpress\/plugins\/seo\/ -->\n<title>AMPLIDECT595-2 PHOTO - Geemarc Germany<\/title>\n<meta name=\"robots\" content=\"index, follow, max-snippet:-1, max-image-preview:large, max-video-preview:-1\" \/>\n<link rel=\"canonical\" href=\"https:\/\/geemarc.com\/de\/produkt\/amplidect595-2-photo\/\" \/>\n<meta property=\"og:locale\" content=\"de_DE\" \/>\n<meta property=\"og:type\" content=\"article\" \/>\n<meta property=\"og:title\" content=\"AMPLIDECT595-2 PHOTO - Geemarc Germany\" \/>\n<meta property=\"og:description\" content=\"Verst\u00e4rktes 50dB schnurloses Digitaltelefon mit Fototasten in DUO version\" \/>\n<meta property=\"og:url\" content=\"https:\/\/geemarc.com\/de\/produkt\/amplidect595-2-photo\/\" \/>\n<meta property=\"og:site_name\" content=\"Geemarc Germany\" \/>\n<meta property=\"article:modified_time\" content=\"2024-09-20T10:55:28+00:00\" \/>\n<meta property=\"og:image\" content=\"https:\/\/geemarc.com\/de\/wp-content\/uploads\/sites\/5\/2018\/06\/AMPLIDECT595Photo_DUO_no-shadow-scaled.jpg\" \/>\n\t<meta property=\"og:image:width\" content=\"2693\" \/>\n\t<meta property=\"og:image:height\" content=\"2717\" \/>\n<meta name=\"twitter:card\" content=\"summary_large_image\" \/>\n<meta name=\"twitter:label1\" content=\"Gesch\u00e4tzte Lesezeit\" \/>\n\t<meta name=\"twitter:data1\" content=\"2\u00a0Minuten\" \/>\n<script type=\"application\/ld+json\" class=\"yoast-schema-graph\">{\"@context\":\"https:\/\/schema.org\",\"@graph\":[{\"@type\":\"WebSite\",\"@id\":\"https:\/\/geemarc.com\/de\/#website\",\"url\":\"https:\/\/geemarc.com\/de\/\",\"name\":\"Geemarc Germany\",\"description\":\"\",\"potentialAction\":[{\"@type\":\"SearchAction\",\"target\":{\"@type\":\"EntryPoint\",\"urlTemplate\":\"https:\/\/geemarc.com\/de\/?s={search_term_string}\"},\"query-input\":\"required name=search_term_string\"}],\"inLanguage\":\"de\"},{\"@type\":\"ImageObject\",\"@id\":\"https:\/\/geemarc.com\/de\/produkt\/amplidect595-2-photo\/#primaryimage\",\"inLanguage\":\"de\",\"url\":\"https:\/\/geemarc.com\/de\/wp-content\/uploads\/sites\/5\/2018\/06\/AMPLIDECT595Photo_DUO_no-shadow-scaled.jpg\",\"contentUrl\":\"https:\/\/geemarc.com\/de\/wp-content\/uploads\/sites\/5\/2018\/06\/AMPLIDECT595Photo_DUO_no-shadow-scaled.jpg\",\"width\":2693,\"height\":2717},{\"@type\":\"WebPage\",\"@id\":\"https:\/\/geemarc.com\/de\/produkt\/amplidect595-2-photo\/#webpage\",\"url\":\"https:\/\/geemarc.com\/de\/produkt\/amplidect595-2-photo\/\",\"name\":\"AMPLIDECT595-2 PHOTO - Geemarc Germany\",\"isPartOf\":{\"@id\":\"https:\/\/geemarc.com\/de\/#website\"},\"primaryImageOfPage\":{\"@id\":\"https:\/\/geemarc.com\/de\/produkt\/amplidect595-2-photo\/#primaryimage\"},\"datePublished\":\"2018-06-27T10:14:21+00:00\",\"dateModified\":\"2024-09-20T10:55:28+00:00\",\"breadcrumb\":{\"@id\":\"https:\/\/geemarc.com\/de\/produkt\/amplidect595-2-photo\/#breadcrumb\"},\"inLanguage\":\"de\",\"potentialAction\":[{\"@type\":\"ReadAction\",\"target\":[\"https:\/\/geemarc.com\/de\/produkt\/amplidect595-2-photo\/\"]}]},{\"@type\":\"BreadcrumbList\",\"@id\":\"https:\/\/geemarc.com\/de\/produkt\/amplidect595-2-photo\/#breadcrumb\",\"itemListElement\":[{\"@type\":\"ListItem\",\"position\":1,\"name\":\"Home\",\"item\":\"https:\/\/geemarc.com\/de\/\"},{\"@type\":\"ListItem\",\"position\":2,\"name\":\"Shop\",\"item\":\"https:\/\/geemarc.com\/de\/shop\/\"},{\"@type\":\"ListItem\",\"position\":3,\"name\":\"AMPLIDECT595-2 PHOTO\"}]}]}<\/script>\n<!-- \/ Yoast SEO plugin. -->","yoast_head_json":{"title":"AMPLIDECT595-2 PHOTO - Geemarc Germany","robots":{"index":"index","follow":"follow","max-snippet":"max-snippet:-1","max-image-preview":"max-image-preview:large","max-video-preview":"max-video-preview:-1"},"canonical":"https:\/\/geemarc.com\/de\/produkt\/amplidect595-2-photo\/","og_locale":"de_DE","og_type":"article","og_title":"AMPLIDECT595-2 PHOTO - Geemarc Germany","og_description":"Verst\u00e4rktes 50dB schnurloses Digitaltelefon mit Fototasten in DUO version","og_url":"https:\/\/geemarc.com\/de\/produkt\/amplidect595-2-photo\/","og_site_name":"Geemarc Germany","article_modified_time":"2024-09-20T10:55:28+00:00","og_image":[{"width":2693,"height":2717,"url":"https:\/\/geemarc.com\/de\/wp-content\/uploads\/sites\/5\/2018\/06\/AMPLIDECT595Photo_DUO_no-shadow-scaled.jpg","path":"\/home\/g\/e\/geemarcwp\/public_html\/wp-content\/uploads\/sites\/5\/2018\/06\/AMPLIDECT595Photo_DUO_no-shadow-scaled.jpg","size":"full","id":3721,"alt":"","pixels":7316881,"type":"image\/jpeg"}],"twitter_card":"summary_large_image","twitter_misc":{"Gesch\u00e4tzte Lesezeit":"2\u00a0Minuten"},"schema":{"@context":"https:\/\/schema.org","@graph":[{"@type":"WebSite","@id":"https:\/\/geemarc.com\/de\/#website","url":"https:\/\/geemarc.com\/de\/","name":"Geemarc Germany","description":"","potentialAction":[{"@type":"SearchAction","target":{"@type":"EntryPoint","urlTemplate":"https:\/\/geemarc.com\/de\/?s={search_term_string}"},"query-input":"required name=search_term_string"}],"inLanguage":"de"},{"@type":"ImageObject","@id":"https:\/\/geemarc.com\/de\/produkt\/amplidect595-2-photo\/#primaryimage","inLanguage":"de","url":"https:\/\/geemarc.com\/de\/wp-content\/uploads\/sites\/5\/2018\/06\/AMPLIDECT595Photo_DUO_no-shadow-scaled.jpg","contentUrl":"https:\/\/geemarc.com\/de\/wp-content\/uploads\/sites\/5\/2018\/06\/AMPLIDECT595Photo_DUO_no-shadow-scaled.jpg","width":2693,"height":2717},{"@type":"WebPage","@id":"https:\/\/geemarc.com\/de\/produkt\/amplidect595-2-photo\/#webpage","url":"https:\/\/geemarc.com\/de\/produkt\/amplidect595-2-photo\/","name":"AMPLIDECT595-2 PHOTO - Geemarc Germany","isPartOf":{"@id":"https:\/\/geemarc.com\/de\/#website"},"primaryImageOfPage":{"@id":"https:\/\/geemarc.com\/de\/produkt\/amplidect595-2-photo\/#primaryimage"},"datePublished":"2018-06-27T10:14:21+00:00","dateModified":"2024-09-20T10:55:28+00:00","breadcrumb":{"@id":"https:\/\/geemarc.com\/de\/produkt\/amplidect595-2-photo\/#breadcrumb"},"inLanguage":"de","potentialAction":[{"@type":"ReadAction","target":["https:\/\/geemarc.com\/de\/produkt\/amplidect595-2-photo\/"]}]},{"@type":"BreadcrumbList","@id":"https:\/\/geemarc.com\/de\/produkt\/amplidect595-2-photo\/#breadcrumb","itemListElement":[{"@type":"ListItem","position":1,"name":"Home","item":"https:\/\/geemarc.com\/de\/"},{"@type":"ListItem","position":2,"name":"Shop","item":"https:\/\/geemarc.com\/de\/shop\/"},{"@type":"ListItem","position":3,"name":"AMPLIDECT595-2 PHOTO"}]}]}},"acf":[],"_links":{"self":[{"href":"https:\/\/geemarc.com\/de\/wp-json\/wp\/v2\/product\/3704"}],"collection":[{"href":"https:\/\/geemarc.com\/de\/wp-json\/wp\/v2\/product"}],"about":[{"href":"https:\/\/geemarc.com\/de\/wp-json\/wp\/v2\/types\/product"}],"wp:featuredmedia":[{"embeddable":true,"href":"https:\/\/geemarc.com\/de\/wp-json\/wp\/v2\/media\/3721"}],"wp:attachment":[{"href":"https:\/\/geemarc.com\/de\/wp-json\/wp\/v2\/media?parent=3704"}],"wp:term":[{"taxonomy":"product_cat","embeddable":true,"href":"https:\/\/geemarc.com\/de\/wp-json\/wp\/v2\/product_cat?post=3704"},{"taxonomy":"product_tag","embeddable":true,"href":"https:\/\/geemarc.com\/de\/wp-json\/wp\/v2\/product_tag?post=3704"}],"curies":[{"name":"wp","href":"https:\/\/api.w.org\/{rel}","templated":true}]}}