{"id":3730,"date":"2018-06-27T10:29:37","date_gmt":"2018-06-27T10:29:37","guid":{"rendered":"http:\/\/geemarc.com\/de\/?post_type=product&#038;p=3730"},"modified":"2022-05-30T09:50:06","modified_gmt":"2022-05-30T09:50:06","slug":"sos-pro-295","status":"publish","type":"product","link":"https:\/\/geemarc.com\/de\/produkt\/sos-pro-295\/","title":{"rendered":"SOS-PRO 295"},"content":{"rendered":"<h2><span style=\"text-decoration: underline;\"><strong>Zus\u00e4tzlicher schnurloser Anh\u00e4nger f\u00fcr AMPLIDECT 295 SOS-PRO lediglich.<\/strong><\/span><\/h2>\n<p><strong>ANRUFEN\/SPRECHEN :<\/strong><\/p>\n<ul>\n<li>5 Tasten auf dem SOS-PRO 295 :<br \/>\n&#8211;\u00a0 Volume +, Volume\u2013, 2 Direktwahltasten<br \/>\n&#8211;\u00a0 SOS-Taste\/Antworten f\u00fcr eingehende Anrufe<\/li>\n<li>Einstellbare Klingellautst\u00e4rke<\/li>\n<li>Einstellbare Volume des Lautsprechers- (5 Stufen)<\/li>\n<li>Freisprechfunktion<\/li>\n<li>Piepton, wenn das SOS-PRO 295 au\u00dferhalb der Reichweite der Basisstation ist.<\/li>\n<li>Optische Anzeige der Batteriestand (rote LED)<\/li>\n<li>Optische Anzeige falls Anruf oder w\u00e4hrend eines Telefongespr\u00e4chs (gr\u00fcne LED)<\/li>\n<li>4 Notrufnummern programmierbar<\/li>\n<li>Selbstaufnehmbare Notansage oder die existierende Ansage in 3 w\u00e4hlbaren Sprachen benutzen (Englisch, Franz\u00f6sisch, Deutsch)<\/li>\n<\/ul>\n<p>&nbsp;<\/p>\n<div id=\"threesixty-slider-6288_sqyrPx\" class=\"threesixty-loading threesixty-image threesixty-dark-blue threesixty-vintage threesixty-no-border\" style=\"width: 600px;\">\r\n\t<div class=\"threesixty-preview-6288_sqyrPx\"><img class=\"threesixty-preview-image\" src=\"https:\/\/geemarc.com\/de\/wp-content\/uploads\/sites\/5\/2019\/11\/DSC_0930.jpg\"\/><\/div>\r\n\t<div class=\"threesixty-spinner threesixty-spinner-6288_sqyrPx\">\r\n\t\t<span>0%<\/span>\r\n\t<\/div>\r\n\t<ol class=\"threesixty-images threesixty-images-6288_sqyrPx\"><\/ol>\r\n\t\t\t<a href=\"#threesixty-slider-6288_sqyrPx\" class=\"threesixty-mfp-anchor\"><\/a>\r\n\t<\/div>\r\n<!--SPV--><script type=\"text\/javascript\">\/\/SPV\r\n(function($) {\r\n\t\t$('#threesixty-slider-6288_sqyrPx .threesixty-mfp-anchor').magnificPopup({\r\n\t\ttype:'inline',\r\n\t\tcloseOnBgClick: true,\r\n\t\tmidClick: true,\r\n\t\t\/\/removalDelay: 300,\r\n  \t\t\/\/mainClass: 'mfp-fade',\r\n\t\tcallbacks: {\r\n\t\t\t resize: function() {\r\n\t\t\t \tvar originalHeight \t= 356,\r\n\t\t\t \t\toriginalWidth \t= 600,\r\n\t\t\t \t\tmfpHeight \t\t= 356,\r\n\t\t\t \t\tmfpWidth \t\t= 600,\r\n\t\t\t \t\tratio \t\t\t= originalWidth \/ originalHeight,\r\n\t\t\t \t\twinHeight \t\t= $(window).height(),\r\n\t\t\t \t\twinWidth \t\t= $(window).width();\r\n\t\t\t \t\r\n\t\t\t \tif ( originalHeight > winHeight * 0.9 ) {\r\n\t\t\t \t\tmfpHeight \t\t= winHeight * 0.9;\r\n\t\t\t \t\tmfpWidth \t\t= mfpHeight * ratio;\r\n\t\t\t\t}\r\n\t\t\t\tif ( mfpWidth > winWidth * 0.9 ) {\r\n\t\t\t \t\tmfpWidth \t\t= winWidth * 0.9;\r\n\t\t\t \t\tmfpHeight \t\t= mfpWidth \/ ratio;\r\n\t\t\t\t}\r\n\t\t\t \tif ( mfpHeight < originalHeight && mfpWidth < originalWidth ) {\r\n\t\t\t\t    $('#threesixty-slider-6288_sqyrPx').height(mfpHeight);\r\n\t\t\t\t    $('#threesixty-slider-6288_sqyrPx').width(mfpWidth);\r\n\t\t\t\t} \r\n\t\t\t\telse {\r\n\t\t\t\t    $('#threesixty-slider-6288_sqyrPx').height(originalHeight);\r\n\t\t\t\t    $('#threesixty-slider-6288_sqyrPx').width(originalWidth);\r\n\t\t\t\t}\r\n\t\t\t},\r\n\t\t\tclose: function() {\r\n\t\t\t    $('#threesixty-slider-6288_sqyrPx').height('auto');\r\n\t\t\t    $('#threesixty-slider-6288_sqyrPx').width(600);\r\n\t\t\t}\r\n\t\t},\r\n\t\tcloseMarkup :\"<button class=\\\"mfp-close\\\"><\/button>\"\r\n\t});\r\n\t\tvar product_6288_sqyrPx = $('#threesixty-slider-6288_sqyrPx').ThreeSixty({\r\n\t\ttotalFrames: 36,\r\n\t\tendFrame: 0,\r\n\t\tcurrentFrame: 36,\r\n\t\timgList: '.threesixty-images-6288_sqyrPx',\r\n\t\tprogress: '.threesixty-spinner-6288_sqyrPx',\r\n\t\tpreview: '.threesixty-preview-6288_sqyrPx',\r\n\t\timages: ['https:\/\/geemarc.com\/de\/wp-content\/uploads\/sites\/5\/2019\/11\/DSC_0929.jpg','https:\/\/geemarc.com\/de\/wp-content\/uploads\/sites\/5\/2019\/11\/DSC_0964.jpg','https:\/\/geemarc.com\/de\/wp-content\/uploads\/sites\/5\/2019\/11\/DSC_0963.jpg','https:\/\/geemarc.com\/de\/wp-content\/uploads\/sites\/5\/2019\/11\/DSC_0962.jpg','https:\/\/geemarc.com\/de\/wp-content\/uploads\/sites\/5\/2019\/11\/DSC_0961.jpg','https:\/\/geemarc.com\/de\/wp-content\/uploads\/sites\/5\/2019\/11\/DSC_0960.jpg','https:\/\/geemarc.com\/de\/wp-content\/uploads\/sites\/5\/2019\/11\/DSC_0959.jpg','https:\/\/geemarc.com\/de\/wp-content\/uploads\/sites\/5\/2019\/11\/DSC_0958.jpg','https:\/\/geemarc.com\/de\/wp-content\/uploads\/sites\/5\/2019\/11\/DSC_0957.jpg','https:\/\/geemarc.com\/de\/wp-content\/uploads\/sites\/5\/2019\/11\/DSC_0956.jpg','https:\/\/geemarc.com\/de\/wp-content\/uploads\/sites\/5\/2019\/11\/DSC_0955.jpg','https:\/\/geemarc.com\/de\/wp-content\/uploads\/sites\/5\/2019\/11\/DSC_0954.jpg','https:\/\/geemarc.com\/de\/wp-content\/uploads\/sites\/5\/2019\/11\/DSC_0953.jpg','https:\/\/geemarc.com\/de\/wp-content\/uploads\/sites\/5\/2019\/11\/DSC_0952.jpg','https:\/\/geemarc.com\/de\/wp-content\/uploads\/sites\/5\/2019\/11\/DSC_0951.jpg','https:\/\/geemarc.com\/de\/wp-content\/uploads\/sites\/5\/2019\/11\/DSC_0950.jpg','https:\/\/geemarc.com\/de\/wp-content\/uploads\/sites\/5\/2019\/11\/DSC_0949.jpg','https:\/\/geemarc.com\/de\/wp-content\/uploads\/sites\/5\/2019\/11\/DSC_0948.jpg','https:\/\/geemarc.com\/de\/wp-content\/uploads\/sites\/5\/2019\/11\/DSC_0947.jpg','https:\/\/geemarc.com\/de\/wp-content\/uploads\/sites\/5\/2019\/11\/DSC_0946.jpg','https:\/\/geemarc.com\/de\/wp-content\/uploads\/sites\/5\/2019\/11\/DSC_0945.jpg','https:\/\/geemarc.com\/de\/wp-content\/uploads\/sites\/5\/2019\/11\/DSC_0944.jpg','https:\/\/geemarc.com\/de\/wp-content\/uploads\/sites\/5\/2019\/11\/DSC_0943.jpg','https:\/\/geemarc.com\/de\/wp-content\/uploads\/sites\/5\/2019\/11\/DSC_0942.jpg','https:\/\/geemarc.com\/de\/wp-content\/uploads\/sites\/5\/2019\/11\/DSC_0941.jpg','https:\/\/geemarc.com\/de\/wp-content\/uploads\/sites\/5\/2019\/11\/DSC_0940.jpg','https:\/\/geemarc.com\/de\/wp-content\/uploads\/sites\/5\/2019\/11\/DSC_0939.jpg','https:\/\/geemarc.com\/de\/wp-content\/uploads\/sites\/5\/2019\/11\/DSC_0938.jpg','https:\/\/geemarc.com\/de\/wp-content\/uploads\/sites\/5\/2019\/11\/DSC_0937.jpg','https:\/\/geemarc.com\/de\/wp-content\/uploads\/sites\/5\/2019\/11\/DSC_0936.jpg','https:\/\/geemarc.com\/de\/wp-content\/uploads\/sites\/5\/2019\/11\/DSC_0935.jpg','https:\/\/geemarc.com\/de\/wp-content\/uploads\/sites\/5\/2019\/11\/DSC_0934.jpg','https:\/\/geemarc.com\/de\/wp-content\/uploads\/sites\/5\/2019\/11\/DSC_0933.jpg','https:\/\/geemarc.com\/de\/wp-content\/uploads\/sites\/5\/2019\/11\/DSC_0932.jpg','https:\/\/geemarc.com\/de\/wp-content\/uploads\/sites\/5\/2019\/11\/DSC_0931.jpg','https:\/\/geemarc.com\/de\/wp-content\/uploads\/sites\/5\/2019\/11\/DSC_0930.jpg'],\r\n\t\theight: 0,\r\n\t\twidth: 600,\r\n\t\tnavigation: true,\r\n\t\tdrag: true,\r\n\t\tshowCursor: true,\r\n\t\tinterval: 120,\r\n\t\tspeedMultiplier: 3,\r\n\t\t\t\tstartAutoplay: true,\r\n\t\t\t\tonReady: function() {\r\n\t\t\t$(\"#threesixty-slider-6288_sqyrPx\").removeClass('threesixty-loading');\r\n\t\t\t\t\t\tproduct_6288_sqyrPx.play();\r\n\t\t\t\t\t\t\t\t}\r\n\t\t\t});\r\n\t\t\t}(jQuery));\r\n<\/script>\n","protected":false},"excerpt":{"rendered":"<p>Zus\u00e4tzlicher schnurloser Anh\u00e4nger f\u00fcr\u00a0AMPLIDECT295 SOS-PRO<\/p>\n","protected":false},"featured_media":3733,"template":"","meta":[],"product_cat":[124],"product_tag":[],"yoast_head":"<!-- This site is optimized with the Yoast SEO plugin v16.9 - https:\/\/yoast.com\/wordpress\/plugins\/seo\/ -->\n<title>SOS-PRO 295 - Geemarc Germany<\/title>\n<meta name=\"robots\" content=\"index, follow, max-snippet:-1, max-image-preview:large, max-video-preview:-1\" \/>\n<link rel=\"canonical\" href=\"https:\/\/geemarc.com\/de\/produkt\/sos-pro-295\/\" \/>\n<meta property=\"og:locale\" content=\"de_DE\" \/>\n<meta property=\"og:type\" content=\"article\" \/>\n<meta property=\"og:title\" content=\"SOS-PRO 295 - Geemarc Germany\" \/>\n<meta property=\"og:description\" content=\"Zus\u00e4tzlicher schnurloser Anh\u00e4nger f\u00fcr\u00a0AMPLIDECT295 SOS-PRO\" \/>\n<meta property=\"og:url\" content=\"https:\/\/geemarc.com\/de\/produkt\/sos-pro-295\/\" \/>\n<meta property=\"og:site_name\" content=\"Geemarc Germany\" \/>\n<meta property=\"article:modified_time\" content=\"2022-05-30T09:50:06+00:00\" \/>\n<meta property=\"og:image\" content=\"https:\/\/geemarc.com\/de\/wp-content\/uploads\/sites\/5\/2018\/06\/SOS-PRO-295-bouton-rouge.jpg\" \/>\n\t<meta property=\"og:image:width\" content=\"1945\" \/>\n\t<meta property=\"og:image:height\" content=\"1763\" \/>\n<meta name=\"twitter:card\" content=\"summary_large_image\" \/>\n<meta name=\"twitter:label1\" content=\"Gesch\u00e4tzte Lesezeit\" \/>\n\t<meta name=\"twitter:data1\" content=\"1\u00a0Minute\" \/>\n<script type=\"application\/ld+json\" class=\"yoast-schema-graph\">{\"@context\":\"https:\/\/schema.org\",\"@graph\":[{\"@type\":\"WebSite\",\"@id\":\"https:\/\/geemarc.com\/de\/#website\",\"url\":\"https:\/\/geemarc.com\/de\/\",\"name\":\"Geemarc Germany\",\"description\":\"\",\"potentialAction\":[{\"@type\":\"SearchAction\",\"target\":{\"@type\":\"EntryPoint\",\"urlTemplate\":\"https:\/\/geemarc.com\/de\/?s={search_term_string}\"},\"query-input\":\"required name=search_term_string\"}],\"inLanguage\":\"de\"},{\"@type\":\"ImageObject\",\"@id\":\"https:\/\/geemarc.com\/de\/produkt\/sos-pro-295\/#primaryimage\",\"inLanguage\":\"de\",\"url\":\"https:\/\/geemarc.com\/de\/wp-content\/uploads\/sites\/5\/2018\/06\/SOS-PRO-295-bouton-rouge.jpg\",\"contentUrl\":\"https:\/\/geemarc.com\/de\/wp-content\/uploads\/sites\/5\/2018\/06\/SOS-PRO-295-bouton-rouge.jpg\",\"width\":1945,\"height\":1763},{\"@type\":\"WebPage\",\"@id\":\"https:\/\/geemarc.com\/de\/produkt\/sos-pro-295\/#webpage\",\"url\":\"https:\/\/geemarc.com\/de\/produkt\/sos-pro-295\/\",\"name\":\"SOS-PRO 295 - Geemarc Germany\",\"isPartOf\":{\"@id\":\"https:\/\/geemarc.com\/de\/#website\"},\"primaryImageOfPage\":{\"@id\":\"https:\/\/geemarc.com\/de\/produkt\/sos-pro-295\/#primaryimage\"},\"datePublished\":\"2018-06-27T10:29:37+00:00\",\"dateModified\":\"2022-05-30T09:50:06+00:00\",\"breadcrumb\":{\"@id\":\"https:\/\/geemarc.com\/de\/produkt\/sos-pro-295\/#breadcrumb\"},\"inLanguage\":\"de\",\"potentialAction\":[{\"@type\":\"ReadAction\",\"target\":[\"https:\/\/geemarc.com\/de\/produkt\/sos-pro-295\/\"]}]},{\"@type\":\"BreadcrumbList\",\"@id\":\"https:\/\/geemarc.com\/de\/produkt\/sos-pro-295\/#breadcrumb\",\"itemListElement\":[{\"@type\":\"ListItem\",\"position\":1,\"name\":\"Home\",\"item\":\"https:\/\/geemarc.com\/de\/\"},{\"@type\":\"ListItem\",\"position\":2,\"name\":\"Shop\",\"item\":\"https:\/\/geemarc.com\/de\/shop\/\"},{\"@type\":\"ListItem\",\"position\":3,\"name\":\"SOS-PRO 295\"}]}]}<\/script>\n<!-- \/ Yoast SEO plugin. -->","yoast_head_json":{"title":"SOS-PRO 295 - Geemarc Germany","robots":{"index":"index","follow":"follow","max-snippet":"max-snippet:-1","max-image-preview":"max-image-preview:large","max-video-preview":"max-video-preview:-1"},"canonical":"https:\/\/geemarc.com\/de\/produkt\/sos-pro-295\/","og_locale":"de_DE","og_type":"article","og_title":"SOS-PRO 295 - Geemarc Germany","og_description":"Zus\u00e4tzlicher schnurloser Anh\u00e4nger f\u00fcr\u00a0AMPLIDECT295 SOS-PRO","og_url":"https:\/\/geemarc.com\/de\/produkt\/sos-pro-295\/","og_site_name":"Geemarc Germany","article_modified_time":"2022-05-30T09:50:06+00:00","og_image":[{"width":1945,"height":1763,"url":"https:\/\/geemarc.com\/de\/wp-content\/uploads\/sites\/5\/2018\/06\/SOS-PRO-295-bouton-rouge.jpg","path":"\/home\/g\/e\/geemarcwp\/public_html\/wp-content\/uploads\/sites\/5\/2018\/06\/SOS-PRO-295-bouton-rouge.jpg","size":"full","id":3733,"alt":"","pixels":3429035,"type":"image\/jpeg"}],"twitter_card":"summary_large_image","twitter_misc":{"Gesch\u00e4tzte Lesezeit":"1\u00a0Minute"},"schema":{"@context":"https:\/\/schema.org","@graph":[{"@type":"WebSite","@id":"https:\/\/geemarc.com\/de\/#website","url":"https:\/\/geemarc.com\/de\/","name":"Geemarc Germany","description":"","potentialAction":[{"@type":"SearchAction","target":{"@type":"EntryPoint","urlTemplate":"https:\/\/geemarc.com\/de\/?s={search_term_string}"},"query-input":"required name=search_term_string"}],"inLanguage":"de"},{"@type":"ImageObject","@id":"https:\/\/geemarc.com\/de\/produkt\/sos-pro-295\/#primaryimage","inLanguage":"de","url":"https:\/\/geemarc.com\/de\/wp-content\/uploads\/sites\/5\/2018\/06\/SOS-PRO-295-bouton-rouge.jpg","contentUrl":"https:\/\/geemarc.com\/de\/wp-content\/uploads\/sites\/5\/2018\/06\/SOS-PRO-295-bouton-rouge.jpg","width":1945,"height":1763},{"@type":"WebPage","@id":"https:\/\/geemarc.com\/de\/produkt\/sos-pro-295\/#webpage","url":"https:\/\/geemarc.com\/de\/produkt\/sos-pro-295\/","name":"SOS-PRO 295 - Geemarc Germany","isPartOf":{"@id":"https:\/\/geemarc.com\/de\/#website"},"primaryImageOfPage":{"@id":"https:\/\/geemarc.com\/de\/produkt\/sos-pro-295\/#primaryimage"},"datePublished":"2018-06-27T10:29:37+00:00","dateModified":"2022-05-30T09:50:06+00:00","breadcrumb":{"@id":"https:\/\/geemarc.com\/de\/produkt\/sos-pro-295\/#breadcrumb"},"inLanguage":"de","potentialAction":[{"@type":"ReadAction","target":["https:\/\/geemarc.com\/de\/produkt\/sos-pro-295\/"]}]},{"@type":"BreadcrumbList","@id":"https:\/\/geemarc.com\/de\/produkt\/sos-pro-295\/#breadcrumb","itemListElement":[{"@type":"ListItem","position":1,"name":"Home","item":"https:\/\/geemarc.com\/de\/"},{"@type":"ListItem","position":2,"name":"Shop","item":"https:\/\/geemarc.com\/de\/shop\/"},{"@type":"ListItem","position":3,"name":"SOS-PRO 295"}]}]}},"acf":[],"_links":{"self":[{"href":"https:\/\/geemarc.com\/de\/wp-json\/wp\/v2\/product\/3730"}],"collection":[{"href":"https:\/\/geemarc.com\/de\/wp-json\/wp\/v2\/product"}],"about":[{"href":"https:\/\/geemarc.com\/de\/wp-json\/wp\/v2\/types\/product"}],"wp:featuredmedia":[{"embeddable":true,"href":"https:\/\/geemarc.com\/de\/wp-json\/wp\/v2\/media\/3733"}],"wp:attachment":[{"href":"https:\/\/geemarc.com\/de\/wp-json\/wp\/v2\/media?parent=3730"}],"wp:term":[{"taxonomy":"product_cat","embeddable":true,"href":"https:\/\/geemarc.com\/de\/wp-json\/wp\/v2\/product_cat?post=3730"},{"taxonomy":"product_tag","embeddable":true,"href":"https:\/\/geemarc.com\/de\/wp-json\/wp\/v2\/product_tag?post=3730"}],"curies":[{"name":"wp","href":"https:\/\/api.w.org\/{rel}","templated":true}]}}