{"id":3750,"date":"2018-06-27T10:55:46","date_gmt":"2018-06-27T10:55:46","guid":{"rendered":"http:\/\/geemarc.com\/de\/?post_type=product&#038;p=3750"},"modified":"2026-01-20T08:37:53","modified_gmt":"2026-01-20T08:37:53","slug":"amplidect-combi-photo-295","status":"publish","type":"product","link":"https:\/\/geemarc.com\/de\/produkt\/amplidect-combi-photo-295\/","title":{"rendered":"AMPLIDECT COMBI-PHOTO 295"},"content":{"rendered":"<p><strong>ANRUFEN\/SPRECHEN :<\/strong><\/p>\n<ul>\n<li>H\u00f6rger\u00e4tekompatibel<\/li>\n<li>Einstellbare H\u00f6rerlautst\u00e4rke bis zu <strong>30dB<\/strong><\/li>\n<li>Extra laute Melodien: bis zu 75dB auf dem Mobilteil und 80dB auf dem Bassisstation<\/li>\n<li>4 Direktwahltasten auf dem schnurgebundenen Teil (3 davon mit Foto)<\/li>\n<li>Freisprechfunktion<\/li>\n<li>Wahlwiederholung der 10 letzten gew\u00e4hlten Rufnummern<\/li>\n<li>Telefonbuch 50 Eintr\u00e4ge<\/li>\n<li>Pause Funktion \/ Stummfunktion<\/li>\n<li>Tastatur :<br \/>\no Breite Tasten (25x14mm)<br \/>\no Gro\u00dfe Schrift (10mm)<\/li>\n<\/ul>\n<p><strong>LCD display (MOBILTEIL + BASISSTATION) :<\/strong><\/p>\n<ul>\n<li>Gro\u00dfes Display mit wei\u00dfer Hintergrundbeleuchtung<\/li>\n<li>7 w\u00e4hlbaren Sprachen auf dem H\u00f6rer : Englisch, Franz\u00f6sisch, Deutsch, Niederl\u00e4ndisch, Italienisch, Spanisch und Russisch<\/li>\n<li>6 w\u00e4hlbaren Sprachen auf der Basis : Englisch, Franz\u00f6sisch, Deutsch, Italienisch, Spanisch und Russisch<\/li>\n<li>Navigationsmen\u00fc<\/li>\n<li>Uhrzeit und Datumanzeige<\/li>\n<li>Wecker Funktion<\/li>\n<li>Tastensperre<\/li>\n<li>Anzeige f\u00fcr Verbindungsdauer<\/li>\n<\/ul>\n<p>&nbsp;<\/p>\n<p><strong>PHOTODECT295 (MOBILTEIL) :<\/strong><\/p>\n<ul>\n<li>H\u00f6rger\u00e4tekompatibel (HAC)<\/li>\n<li>Einstellbare H\u00f6rerlautst\u00e4rke bis zu 30dB<\/li>\n<li>Extra laute Melodien: bis zu 75dB auf dem Mobilteil<\/li>\n<li>4 Direktwahltasten mit Foto :<br \/>\no Breite Fototasten : 3 x 2 cm<\/li>\n<li>Lautsprecher Einstellung<\/li>\n<li>Automatisches Abnehmen \/ Auflegen<\/li>\n<li>DECT phone<\/li>\n<li>Dauerspeicher<\/li>\n<li>1 wiederaufladbare battery Typ ni-Mh 2.4V 500mA (enthalten)<\/li>\n<li>Ladebasis (enthalten)<\/li>\n<li>Stand-by Zeit : 2 Tage<\/li>\n<li>Dauergespr\u00e4chszeit : 8 Stunden<\/li>\n<li>Reichweite Au\u00dfen : 300m<\/li>\n<li>Rei chweite Innen: 50m<\/li>\n<\/ul>\n<div class=\"success p-tmpl-wrap primary-background\">\n<p><img class=\"p1\" src=\"https:\/\/geemarc.com\/uk\/wp-content\/uploads\/sites\/2\/2019\/04\/Photo-template-Urgence.png\" \/><img class=\"p2\" src=\"https:\/\/geemarc.com\/uk\/wp-content\/uploads\/sites\/2\/2019\/04\/Photo-template-portrait.png\" \/><span class=\"h3 bold\">AUSDRUCKEN IHRER FOTOS<\/span><span class=\"h3\" data-wahfont=\"20\">Exklusive Neuheit Geemarc Telecom<\/span><\/p>\n<div style=\"margin: 10px 0 15px;line-height: 17px\">Laden Sie die Bilder f\u00fcr die Fototasten hoch und f\u00fcgen Sie sie in die Schablonen ein.<\/div>\n<div class=\"table-cell button-right\" style=\"margin-top: 10px\"><a class=\"button filled\" href=\"http:\/\/geemarc.com\/p_editor\/Amplidectcombiphoto295\/f\/editor\/\" data-wahfont=\"12\">Foto schablone<\/a><\/div>\n<\/div>\n<div><\/div>\n<div><\/div>\n<div><div id=\"threesixty-slider-7306_9S1klm\" class=\"threesixty-loading threesixty-image threesixty-dark-blue threesixty-vintage threesixty-no-border\" style=\"width: 600px;\">\r\n\t<div class=\"threesixty-preview-7306_9S1klm\"><img class=\"threesixty-preview-image\" src=\"https:\/\/geemarc.com\/de\/wp-content\/uploads\/sites\/5\/2020\/11\/DSC_1206-copie.jpg\"\/><\/div>\r\n\t<div class=\"threesixty-spinner threesixty-spinner-7306_9S1klm\">\r\n\t\t<span>0%<\/span>\r\n\t<\/div>\r\n\t<ol class=\"threesixty-images threesixty-images-7306_9S1klm\"><\/ol>\r\n\t\t\t<a href=\"#threesixty-slider-7306_9S1klm\" class=\"threesixty-mfp-anchor\"><\/a>\r\n\t<\/div>\r\n<!--SPV--><script type=\"text\/javascript\">\/\/SPV\r\n(function($) {\r\n\t\t$('#threesixty-slider-7306_9S1klm .threesixty-mfp-anchor').magnificPopup({\r\n\t\ttype:'inline',\r\n\t\tcloseOnBgClick: true,\r\n\t\tmidClick: true,\r\n\t\t\/\/removalDelay: 300,\r\n  \t\t\/\/mainClass: 'mfp-fade',\r\n\t\tcallbacks: {\r\n\t\t\t resize: function() {\r\n\t\t\t \tvar originalHeight \t= 467,\r\n\t\t\t \t\toriginalWidth \t= 600,\r\n\t\t\t \t\tmfpHeight \t\t= 467,\r\n\t\t\t \t\tmfpWidth \t\t= 600,\r\n\t\t\t \t\tratio \t\t\t= originalWidth \/ originalHeight,\r\n\t\t\t \t\twinHeight \t\t= $(window).height(),\r\n\t\t\t \t\twinWidth \t\t= $(window).width();\r\n\t\t\t \t\r\n\t\t\t \tif ( originalHeight > winHeight * 0.9 ) {\r\n\t\t\t \t\tmfpHeight \t\t= winHeight * 0.9;\r\n\t\t\t \t\tmfpWidth \t\t= mfpHeight * ratio;\r\n\t\t\t\t}\r\n\t\t\t\tif ( mfpWidth > winWidth * 0.9 ) {\r\n\t\t\t \t\tmfpWidth \t\t= winWidth * 0.9;\r\n\t\t\t \t\tmfpHeight \t\t= mfpWidth \/ ratio;\r\n\t\t\t\t}\r\n\t\t\t \tif ( mfpHeight < originalHeight && mfpWidth < originalWidth ) {\r\n\t\t\t\t    $('#threesixty-slider-7306_9S1klm').height(mfpHeight);\r\n\t\t\t\t    $('#threesixty-slider-7306_9S1klm').width(mfpWidth);\r\n\t\t\t\t} \r\n\t\t\t\telse {\r\n\t\t\t\t    $('#threesixty-slider-7306_9S1klm').height(originalHeight);\r\n\t\t\t\t    $('#threesixty-slider-7306_9S1klm').width(originalWidth);\r\n\t\t\t\t}\r\n\t\t\t},\r\n\t\t\tclose: function() {\r\n\t\t\t    $('#threesixty-slider-7306_9S1klm').height('auto');\r\n\t\t\t    $('#threesixty-slider-7306_9S1klm').width(600);\r\n\t\t\t}\r\n\t\t},\r\n\t\tcloseMarkup :\"<button class=\\\"mfp-close\\\"><\/button>\"\r\n\t});\r\n\t\tvar product_7306_9S1klm = $('#threesixty-slider-7306_9S1klm').ThreeSixty({\r\n\t\ttotalFrames: 36,\r\n\t\tendFrame: 0,\r\n\t\tcurrentFrame: 36,\r\n\t\timgList: '.threesixty-images-7306_9S1klm',\r\n\t\tprogress: '.threesixty-spinner-7306_9S1klm',\r\n\t\tpreview: '.threesixty-preview-7306_9S1klm',\r\n\t\timages: ['https:\/\/geemarc.com\/de\/wp-content\/uploads\/sites\/5\/2020\/11\/DSC_1241-copie.jpg','https:\/\/geemarc.com\/de\/wp-content\/uploads\/sites\/5\/2020\/11\/DSC_1240-copie.jpg','https:\/\/geemarc.com\/de\/wp-content\/uploads\/sites\/5\/2020\/11\/DSC_1239-copie.jpg','https:\/\/geemarc.com\/de\/wp-content\/uploads\/sites\/5\/2020\/11\/DSC_1238-copie.jpg','https:\/\/geemarc.com\/de\/wp-content\/uploads\/sites\/5\/2020\/11\/DSC_1237-copie.jpg','https:\/\/geemarc.com\/de\/wp-content\/uploads\/sites\/5\/2020\/11\/DSC_1236-copie.jpg','https:\/\/geemarc.com\/de\/wp-content\/uploads\/sites\/5\/2020\/11\/DSC_1235-copie.jpg','https:\/\/geemarc.com\/de\/wp-content\/uploads\/sites\/5\/2020\/11\/DSC_1234-copie.jpg','https:\/\/geemarc.com\/de\/wp-content\/uploads\/sites\/5\/2020\/11\/DSC_1233-copie.jpg','https:\/\/geemarc.com\/de\/wp-content\/uploads\/sites\/5\/2020\/11\/DSC_1232-copie.jpg','https:\/\/geemarc.com\/de\/wp-content\/uploads\/sites\/5\/2020\/11\/DSC_1231-copie.jpg','https:\/\/geemarc.com\/de\/wp-content\/uploads\/sites\/5\/2020\/11\/DSC_1230-copie.jpg','https:\/\/geemarc.com\/de\/wp-content\/uploads\/sites\/5\/2020\/11\/DSC_1229-copie.jpg','https:\/\/geemarc.com\/de\/wp-content\/uploads\/sites\/5\/2020\/11\/DSC_1228-copie.jpg','https:\/\/geemarc.com\/de\/wp-content\/uploads\/sites\/5\/2020\/11\/DSC_1227-copie.jpg','https:\/\/geemarc.com\/de\/wp-content\/uploads\/sites\/5\/2020\/11\/DSC_1226-copie.jpg','https:\/\/geemarc.com\/de\/wp-content\/uploads\/sites\/5\/2020\/11\/DSC_1225-copie.jpg','https:\/\/geemarc.com\/de\/wp-content\/uploads\/sites\/5\/2020\/11\/DSC_1224-copie.jpg','https:\/\/geemarc.com\/de\/wp-content\/uploads\/sites\/5\/2020\/11\/DSC_1223-copie.jpg','https:\/\/geemarc.com\/de\/wp-content\/uploads\/sites\/5\/2020\/11\/DSC_1222-copie.jpg','https:\/\/geemarc.com\/de\/wp-content\/uploads\/sites\/5\/2020\/11\/DSC_1221-copie.jpg','https:\/\/geemarc.com\/de\/wp-content\/uploads\/sites\/5\/2020\/11\/DSC_1220-copie.jpg','https:\/\/geemarc.com\/de\/wp-content\/uploads\/sites\/5\/2020\/11\/DSC_1219-copie.jpg','https:\/\/geemarc.com\/de\/wp-content\/uploads\/sites\/5\/2020\/11\/DSC_1218-copie.jpg','https:\/\/geemarc.com\/de\/wp-content\/uploads\/sites\/5\/2020\/11\/DSC_1217-copie.jpg','https:\/\/geemarc.com\/de\/wp-content\/uploads\/sites\/5\/2020\/11\/DSC_1216-copie.jpg','https:\/\/geemarc.com\/de\/wp-content\/uploads\/sites\/5\/2020\/11\/DSC_1215-copie.jpg','https:\/\/geemarc.com\/de\/wp-content\/uploads\/sites\/5\/2020\/11\/DSC_1214-copie.jpg','https:\/\/geemarc.com\/de\/wp-content\/uploads\/sites\/5\/2020\/11\/DSC_1213-copie.jpg','https:\/\/geemarc.com\/de\/wp-content\/uploads\/sites\/5\/2020\/11\/DSC_1212-copie.jpg','https:\/\/geemarc.com\/de\/wp-content\/uploads\/sites\/5\/2020\/11\/DSC_1211-copie.jpg','https:\/\/geemarc.com\/de\/wp-content\/uploads\/sites\/5\/2020\/11\/DSC_1210-copie.jpg','https:\/\/geemarc.com\/de\/wp-content\/uploads\/sites\/5\/2020\/11\/DSC_1209-copie.jpg','https:\/\/geemarc.com\/de\/wp-content\/uploads\/sites\/5\/2020\/11\/DSC_1208-copie.jpg','https:\/\/geemarc.com\/de\/wp-content\/uploads\/sites\/5\/2020\/11\/DSC_1207-copie.jpg','https:\/\/geemarc.com\/de\/wp-content\/uploads\/sites\/5\/2020\/11\/DSC_1206-copie.jpg'],\r\n\t\theight: 0,\r\n\t\twidth: 600,\r\n\t\tnavigation: true,\r\n\t\tdrag: true,\r\n\t\tshowCursor: true,\r\n\t\tinterval: 120,\r\n\t\tspeedMultiplier: 3,\r\n\t\t\t\tstartAutoplay: true,\r\n\t\t\t\tonReady: function() {\r\n\t\t\t$(\"#threesixty-slider-7306_9S1klm\").removeClass('threesixty-loading');\r\n\t\t\t\t\t\tproduct_7306_9S1klm.play();\r\n\t\t\t\t\t\t\t\t}\r\n\t\t\t});\r\n\t\t\t}(jQuery));\r\n<\/script><\/div>\n","protected":false},"excerpt":{"rendered":"<p>Schnurgebundenes Telefon mit integriertem Anrufbeantworter und Zusatz-Telefon mit Fototasten<\/p>\n","protected":false},"featured_media":3766,"template":"","meta":[],"product_cat":[125],"product_tag":[],"yoast_head":"<!-- This site is optimized with the Yoast SEO plugin v16.9 - https:\/\/yoast.com\/wordpress\/plugins\/seo\/ -->\n<title>AMPLIDECT COMBI-PHOTO 295 - Geemarc Germany<\/title>\n<meta name=\"robots\" content=\"index, follow, max-snippet:-1, max-image-preview:large, max-video-preview:-1\" \/>\n<link rel=\"canonical\" href=\"https:\/\/geemarc.com\/de\/produkt\/amplidect-combi-photo-295\/\" \/>\n<meta property=\"og:locale\" content=\"de_DE\" \/>\n<meta property=\"og:type\" content=\"article\" \/>\n<meta property=\"og:title\" content=\"AMPLIDECT COMBI-PHOTO 295 - Geemarc Germany\" \/>\n<meta property=\"og:description\" content=\"Schnurgebundenes Telefon mit integriertem Anrufbeantworter und Zusatz-Telefon mit Fototasten\" \/>\n<meta property=\"og:url\" content=\"https:\/\/geemarc.com\/de\/produkt\/amplidect-combi-photo-295\/\" \/>\n<meta property=\"og:site_name\" content=\"Geemarc Germany\" \/>\n<meta property=\"article:modified_time\" content=\"2026-01-20T08:37:53+00:00\" \/>\n<meta property=\"og:image\" content=\"https:\/\/geemarc.com\/de\/wp-content\/uploads\/sites\/5\/2018\/06\/AMPLIDECTCOMBI295BS-PhotoDect295-scaled.jpg\" \/>\n\t<meta property=\"og:image:width\" content=\"2717\" \/>\n\t<meta property=\"og:image:height\" content=\"1772\" \/>\n<meta name=\"twitter:card\" content=\"summary_large_image\" \/>\n<meta name=\"twitter:label1\" content=\"Gesch\u00e4tzte Lesezeit\" \/>\n\t<meta name=\"twitter:data1\" content=\"2\u00a0Minuten\" \/>\n<script type=\"application\/ld+json\" class=\"yoast-schema-graph\">{\"@context\":\"https:\/\/schema.org\",\"@graph\":[{\"@type\":\"WebSite\",\"@id\":\"https:\/\/geemarc.com\/de\/#website\",\"url\":\"https:\/\/geemarc.com\/de\/\",\"name\":\"Geemarc Germany\",\"description\":\"\",\"potentialAction\":[{\"@type\":\"SearchAction\",\"target\":{\"@type\":\"EntryPoint\",\"urlTemplate\":\"https:\/\/geemarc.com\/de\/?s={search_term_string}\"},\"query-input\":\"required name=search_term_string\"}],\"inLanguage\":\"de\"},{\"@type\":\"ImageObject\",\"@id\":\"https:\/\/geemarc.com\/de\/produkt\/amplidect-combi-photo-295\/#primaryimage\",\"inLanguage\":\"de\",\"url\":\"https:\/\/geemarc.com\/de\/wp-content\/uploads\/sites\/5\/2018\/06\/AMPLIDECTCOMBI295BS-PhotoDect295-scaled.jpg\",\"contentUrl\":\"https:\/\/geemarc.com\/de\/wp-content\/uploads\/sites\/5\/2018\/06\/AMPLIDECTCOMBI295BS-PhotoDect295-scaled.jpg\",\"width\":2717,\"height\":1772},{\"@type\":\"WebPage\",\"@id\":\"https:\/\/geemarc.com\/de\/produkt\/amplidect-combi-photo-295\/#webpage\",\"url\":\"https:\/\/geemarc.com\/de\/produkt\/amplidect-combi-photo-295\/\",\"name\":\"AMPLIDECT COMBI-PHOTO 295 - Geemarc Germany\",\"isPartOf\":{\"@id\":\"https:\/\/geemarc.com\/de\/#website\"},\"primaryImageOfPage\":{\"@id\":\"https:\/\/geemarc.com\/de\/produkt\/amplidect-combi-photo-295\/#primaryimage\"},\"datePublished\":\"2018-06-27T10:55:46+00:00\",\"dateModified\":\"2026-01-20T08:37:53+00:00\",\"breadcrumb\":{\"@id\":\"https:\/\/geemarc.com\/de\/produkt\/amplidect-combi-photo-295\/#breadcrumb\"},\"inLanguage\":\"de\",\"potentialAction\":[{\"@type\":\"ReadAction\",\"target\":[\"https:\/\/geemarc.com\/de\/produkt\/amplidect-combi-photo-295\/\"]}]},{\"@type\":\"BreadcrumbList\",\"@id\":\"https:\/\/geemarc.com\/de\/produkt\/amplidect-combi-photo-295\/#breadcrumb\",\"itemListElement\":[{\"@type\":\"ListItem\",\"position\":1,\"name\":\"Home\",\"item\":\"https:\/\/geemarc.com\/de\/\"},{\"@type\":\"ListItem\",\"position\":2,\"name\":\"Shop\",\"item\":\"https:\/\/geemarc.com\/de\/shop\/\"},{\"@type\":\"ListItem\",\"position\":3,\"name\":\"AMPLIDECT COMBI-PHOTO 295\"}]}]}<\/script>\n<!-- \/ Yoast SEO plugin. -->","yoast_head_json":{"title":"AMPLIDECT COMBI-PHOTO 295 - Geemarc Germany","robots":{"index":"index","follow":"follow","max-snippet":"max-snippet:-1","max-image-preview":"max-image-preview:large","max-video-preview":"max-video-preview:-1"},"canonical":"https:\/\/geemarc.com\/de\/produkt\/amplidect-combi-photo-295\/","og_locale":"de_DE","og_type":"article","og_title":"AMPLIDECT COMBI-PHOTO 295 - Geemarc Germany","og_description":"Schnurgebundenes Telefon mit integriertem Anrufbeantworter und Zusatz-Telefon mit Fototasten","og_url":"https:\/\/geemarc.com\/de\/produkt\/amplidect-combi-photo-295\/","og_site_name":"Geemarc Germany","article_modified_time":"2026-01-20T08:37:53+00:00","og_image":[{"width":2717,"height":1772,"url":"https:\/\/geemarc.com\/de\/wp-content\/uploads\/sites\/5\/2018\/06\/AMPLIDECTCOMBI295BS-PhotoDect295-scaled.jpg","path":"\/home\/g\/e\/geemarcwp\/public_html\/wp-content\/uploads\/sites\/5\/2018\/06\/AMPLIDECTCOMBI295BS-PhotoDect295-scaled.jpg","size":"full","id":3766,"alt":"","pixels":4814524,"type":"image\/jpeg"}],"twitter_card":"summary_large_image","twitter_misc":{"Gesch\u00e4tzte Lesezeit":"2\u00a0Minuten"},"schema":{"@context":"https:\/\/schema.org","@graph":[{"@type":"WebSite","@id":"https:\/\/geemarc.com\/de\/#website","url":"https:\/\/geemarc.com\/de\/","name":"Geemarc Germany","description":"","potentialAction":[{"@type":"SearchAction","target":{"@type":"EntryPoint","urlTemplate":"https:\/\/geemarc.com\/de\/?s={search_term_string}"},"query-input":"required name=search_term_string"}],"inLanguage":"de"},{"@type":"ImageObject","@id":"https:\/\/geemarc.com\/de\/produkt\/amplidect-combi-photo-295\/#primaryimage","inLanguage":"de","url":"https:\/\/geemarc.com\/de\/wp-content\/uploads\/sites\/5\/2018\/06\/AMPLIDECTCOMBI295BS-PhotoDect295-scaled.jpg","contentUrl":"https:\/\/geemarc.com\/de\/wp-content\/uploads\/sites\/5\/2018\/06\/AMPLIDECTCOMBI295BS-PhotoDect295-scaled.jpg","width":2717,"height":1772},{"@type":"WebPage","@id":"https:\/\/geemarc.com\/de\/produkt\/amplidect-combi-photo-295\/#webpage","url":"https:\/\/geemarc.com\/de\/produkt\/amplidect-combi-photo-295\/","name":"AMPLIDECT COMBI-PHOTO 295 - Geemarc Germany","isPartOf":{"@id":"https:\/\/geemarc.com\/de\/#website"},"primaryImageOfPage":{"@id":"https:\/\/geemarc.com\/de\/produkt\/amplidect-combi-photo-295\/#primaryimage"},"datePublished":"2018-06-27T10:55:46+00:00","dateModified":"2026-01-20T08:37:53+00:00","breadcrumb":{"@id":"https:\/\/geemarc.com\/de\/produkt\/amplidect-combi-photo-295\/#breadcrumb"},"inLanguage":"de","potentialAction":[{"@type":"ReadAction","target":["https:\/\/geemarc.com\/de\/produkt\/amplidect-combi-photo-295\/"]}]},{"@type":"BreadcrumbList","@id":"https:\/\/geemarc.com\/de\/produkt\/amplidect-combi-photo-295\/#breadcrumb","itemListElement":[{"@type":"ListItem","position":1,"name":"Home","item":"https:\/\/geemarc.com\/de\/"},{"@type":"ListItem","position":2,"name":"Shop","item":"https:\/\/geemarc.com\/de\/shop\/"},{"@type":"ListItem","position":3,"name":"AMPLIDECT COMBI-PHOTO 295"}]}]}},"acf":[],"_links":{"self":[{"href":"https:\/\/geemarc.com\/de\/wp-json\/wp\/v2\/product\/3750"}],"collection":[{"href":"https:\/\/geemarc.com\/de\/wp-json\/wp\/v2\/product"}],"about":[{"href":"https:\/\/geemarc.com\/de\/wp-json\/wp\/v2\/types\/product"}],"wp:featuredmedia":[{"embeddable":true,"href":"https:\/\/geemarc.com\/de\/wp-json\/wp\/v2\/media\/3766"}],"wp:attachment":[{"href":"https:\/\/geemarc.com\/de\/wp-json\/wp\/v2\/media?parent=3750"}],"wp:term":[{"taxonomy":"product_cat","embeddable":true,"href":"https:\/\/geemarc.com\/de\/wp-json\/wp\/v2\/product_cat?post=3750"},{"taxonomy":"product_tag","embeddable":true,"href":"https:\/\/geemarc.com\/de\/wp-json\/wp\/v2\/product_tag?post=3750"}],"curies":[{"name":"wp","href":"https:\/\/api.w.org\/{rel}","templated":true}]}}