{"id":3800,"date":"2018-06-27T13:27:51","date_gmt":"2018-06-27T13:27:51","guid":{"rendered":"http:\/\/geemarc.com\/de\/?post_type=product&#038;p=3800"},"modified":"2023-05-16T09:51:20","modified_gmt":"2023-05-16T09:51:20","slug":"amplipower50-2","status":"publish","type":"product","link":"https:\/\/geemarc.com\/de\/produkt\/amplipower50-2\/","title":{"rendered":"AMPLIPOWER50\u2122"},"content":{"rendered":"<p style=\"margin: 8.5pt 5.65pt 12pt 0cm;\"><span style=\"font-family: verdana, geneva; font-size: small;\"><strong><span style=\"color: #000000;\"><span lang=\"DE\">Verst\u00e4rktes Schnurgebundene Telefon auf bis zu 60dB<\/span><\/span><\/strong><\/span><\/p>\n<p style=\"margin: 8.5pt 5.65pt 12pt 0cm;\"><span style=\"font-family: verdana, geneva; color: #000000; font-size: small;\"><strong><span lang=\"DE\">Produkteigenschaften:<\/span><\/strong><\/span><\/p>\n<ul>\n<li>H\u00f6rger\u00e4tekompatibel<\/li>\n<li>Einstellbare H\u00f6rerlautst\u00e4rke bis zu 60dB<\/li>\n<li>Einstellbare Hoch-Tieftonregelung bis zu 10dB<\/li>\n<li>3 Notruftasten<\/li>\n<li>9 Direktwahltasten<\/li>\n<li>Freisprecheinrichtung mit einstellbarer Lautst\u00e4rke<\/li>\n<li>R-Taste f\u00fcr Doppelanruf<\/li>\n<li>Wahlwiederholungstaste<\/li>\n<li>Flash Zeit 100ms\/300ms<\/li>\n<li>Pause Funktion<\/li>\n<li>Stummfunktion<\/li>\n<li>Tastatur :<br \/>\no Gro\u00dfe Taste (25 x 20 mm)<br \/>\no Schriftgr\u00f6\u00dfe : 14mm<br \/>\no Hoher Kontrast : Wei\u00dfe Schrift auf schwarzem Hintergrund<\/li>\n<li>Regelbare Klingelt\u00f6ne und Lautst\u00e4rke (3 T\u00f6ne und 3\u00a0Lautst\u00e4rkestufen)<\/li>\n<\/ul>\n<p><span style=\"font-family: verdana, geneva; color: #000000; font-size: small;\"><span lang=\"DE\"><strong>In Wei\u00df verf\u00fcgbar<\/strong><\/span><\/span><\/p>\n","protected":false},"excerpt":{"rendered":"<p>Verst\u00e4rktes Schnurgebundene Telefon auf bis zu 60dB<\/p>\n","protected":false},"featured_media":8519,"template":"","meta":[],"product_cat":[123],"product_tag":[],"yoast_head":"<!-- This site is optimized with the Yoast SEO plugin v16.9 - https:\/\/yoast.com\/wordpress\/plugins\/seo\/ -->\n<title>AMPLIPOWER50\u2122 - Geemarc Germany<\/title>\n<meta name=\"robots\" content=\"index, follow, max-snippet:-1, max-image-preview:large, max-video-preview:-1\" \/>\n<link rel=\"canonical\" href=\"https:\/\/geemarc.com\/de\/produkt\/amplipower50-2\/\" \/>\n<meta property=\"og:locale\" content=\"de_DE\" \/>\n<meta property=\"og:type\" content=\"article\" \/>\n<meta property=\"og:title\" content=\"AMPLIPOWER50\u2122 - Geemarc Germany\" \/>\n<meta property=\"og:description\" content=\"Verst\u00e4rktes Schnurgebundene Telefon auf bis zu 60dB\" \/>\n<meta property=\"og:url\" content=\"https:\/\/geemarc.com\/de\/produkt\/amplipower50-2\/\" \/>\n<meta property=\"og:site_name\" content=\"Geemarc Germany\" \/>\n<meta property=\"article:modified_time\" content=\"2023-05-16T09:51:20+00:00\" \/>\n<meta property=\"og:image\" content=\"https:\/\/geemarc.com\/de\/wp-content\/uploads\/sites\/5\/2018\/06\/AMP50-WH-01.2.jpg\" \/>\n\t<meta property=\"og:image:width\" content=\"2263\" \/>\n\t<meta property=\"og:image:height\" content=\"1720\" \/>\n<meta name=\"twitter:card\" content=\"summary_large_image\" \/>\n<script type=\"application\/ld+json\" class=\"yoast-schema-graph\">{\"@context\":\"https:\/\/schema.org\",\"@graph\":[{\"@type\":\"WebSite\",\"@id\":\"https:\/\/geemarc.com\/de\/#website\",\"url\":\"https:\/\/geemarc.com\/de\/\",\"name\":\"Geemarc Germany\",\"description\":\"\",\"potentialAction\":[{\"@type\":\"SearchAction\",\"target\":{\"@type\":\"EntryPoint\",\"urlTemplate\":\"https:\/\/geemarc.com\/de\/?s={search_term_string}\"},\"query-input\":\"required name=search_term_string\"}],\"inLanguage\":\"de\"},{\"@type\":\"ImageObject\",\"@id\":\"https:\/\/geemarc.com\/de\/produkt\/amplipower50-2\/#primaryimage\",\"inLanguage\":\"de\",\"url\":\"https:\/\/geemarc.com\/de\/wp-content\/uploads\/sites\/5\/2018\/06\/AMP50-WH-01.2.jpg\",\"contentUrl\":\"https:\/\/geemarc.com\/de\/wp-content\/uploads\/sites\/5\/2018\/06\/AMP50-WH-01.2.jpg\",\"width\":2263,\"height\":1720},{\"@type\":\"WebPage\",\"@id\":\"https:\/\/geemarc.com\/de\/produkt\/amplipower50-2\/#webpage\",\"url\":\"https:\/\/geemarc.com\/de\/produkt\/amplipower50-2\/\",\"name\":\"AMPLIPOWER50\\u2122 - Geemarc Germany\",\"isPartOf\":{\"@id\":\"https:\/\/geemarc.com\/de\/#website\"},\"primaryImageOfPage\":{\"@id\":\"https:\/\/geemarc.com\/de\/produkt\/amplipower50-2\/#primaryimage\"},\"datePublished\":\"2018-06-27T13:27:51+00:00\",\"dateModified\":\"2023-05-16T09:51:20+00:00\",\"breadcrumb\":{\"@id\":\"https:\/\/geemarc.com\/de\/produkt\/amplipower50-2\/#breadcrumb\"},\"inLanguage\":\"de\",\"potentialAction\":[{\"@type\":\"ReadAction\",\"target\":[\"https:\/\/geemarc.com\/de\/produkt\/amplipower50-2\/\"]}]},{\"@type\":\"BreadcrumbList\",\"@id\":\"https:\/\/geemarc.com\/de\/produkt\/amplipower50-2\/#breadcrumb\",\"itemListElement\":[{\"@type\":\"ListItem\",\"position\":1,\"name\":\"Home\",\"item\":\"https:\/\/geemarc.com\/de\/\"},{\"@type\":\"ListItem\",\"position\":2,\"name\":\"Shop\",\"item\":\"https:\/\/geemarc.com\/de\/shop\/\"},{\"@type\":\"ListItem\",\"position\":3,\"name\":\"AMPLIPOWER50\\u2122\"}]}]}<\/script>\n<!-- \/ Yoast SEO plugin. -->","yoast_head_json":{"title":"AMPLIPOWER50\u2122 - Geemarc Germany","robots":{"index":"index","follow":"follow","max-snippet":"max-snippet:-1","max-image-preview":"max-image-preview:large","max-video-preview":"max-video-preview:-1"},"canonical":"https:\/\/geemarc.com\/de\/produkt\/amplipower50-2\/","og_locale":"de_DE","og_type":"article","og_title":"AMPLIPOWER50\u2122 - Geemarc Germany","og_description":"Verst\u00e4rktes Schnurgebundene Telefon auf bis zu 60dB","og_url":"https:\/\/geemarc.com\/de\/produkt\/amplipower50-2\/","og_site_name":"Geemarc Germany","article_modified_time":"2023-05-16T09:51:20+00:00","og_image":[{"width":2263,"height":1720,"url":"https:\/\/geemarc.com\/de\/wp-content\/uploads\/sites\/5\/2018\/06\/AMP50-WH-01.2.jpg","path":"\/home\/g\/e\/geemarcwp\/public_html\/wp-content\/uploads\/sites\/5\/2018\/06\/AMP50-WH-01.2.jpg","size":"full","id":8519,"alt":"","pixels":3892360,"type":"image\/jpeg"}],"twitter_card":"summary_large_image","schema":{"@context":"https:\/\/schema.org","@graph":[{"@type":"WebSite","@id":"https:\/\/geemarc.com\/de\/#website","url":"https:\/\/geemarc.com\/de\/","name":"Geemarc Germany","description":"","potentialAction":[{"@type":"SearchAction","target":{"@type":"EntryPoint","urlTemplate":"https:\/\/geemarc.com\/de\/?s={search_term_string}"},"query-input":"required name=search_term_string"}],"inLanguage":"de"},{"@type":"ImageObject","@id":"https:\/\/geemarc.com\/de\/produkt\/amplipower50-2\/#primaryimage","inLanguage":"de","url":"https:\/\/geemarc.com\/de\/wp-content\/uploads\/sites\/5\/2018\/06\/AMP50-WH-01.2.jpg","contentUrl":"https:\/\/geemarc.com\/de\/wp-content\/uploads\/sites\/5\/2018\/06\/AMP50-WH-01.2.jpg","width":2263,"height":1720},{"@type":"WebPage","@id":"https:\/\/geemarc.com\/de\/produkt\/amplipower50-2\/#webpage","url":"https:\/\/geemarc.com\/de\/produkt\/amplipower50-2\/","name":"AMPLIPOWER50\u2122 - Geemarc Germany","isPartOf":{"@id":"https:\/\/geemarc.com\/de\/#website"},"primaryImageOfPage":{"@id":"https:\/\/geemarc.com\/de\/produkt\/amplipower50-2\/#primaryimage"},"datePublished":"2018-06-27T13:27:51+00:00","dateModified":"2023-05-16T09:51:20+00:00","breadcrumb":{"@id":"https:\/\/geemarc.com\/de\/produkt\/amplipower50-2\/#breadcrumb"},"inLanguage":"de","potentialAction":[{"@type":"ReadAction","target":["https:\/\/geemarc.com\/de\/produkt\/amplipower50-2\/"]}]},{"@type":"BreadcrumbList","@id":"https:\/\/geemarc.com\/de\/produkt\/amplipower50-2\/#breadcrumb","itemListElement":[{"@type":"ListItem","position":1,"name":"Home","item":"https:\/\/geemarc.com\/de\/"},{"@type":"ListItem","position":2,"name":"Shop","item":"https:\/\/geemarc.com\/de\/shop\/"},{"@type":"ListItem","position":3,"name":"AMPLIPOWER50\u2122"}]}]}},"acf":[],"_links":{"self":[{"href":"https:\/\/geemarc.com\/de\/wp-json\/wp\/v2\/product\/3800"}],"collection":[{"href":"https:\/\/geemarc.com\/de\/wp-json\/wp\/v2\/product"}],"about":[{"href":"https:\/\/geemarc.com\/de\/wp-json\/wp\/v2\/types\/product"}],"wp:featuredmedia":[{"embeddable":true,"href":"https:\/\/geemarc.com\/de\/wp-json\/wp\/v2\/media\/8519"}],"wp:attachment":[{"href":"https:\/\/geemarc.com\/de\/wp-json\/wp\/v2\/media?parent=3800"}],"wp:term":[{"taxonomy":"product_cat","embeddable":true,"href":"https:\/\/geemarc.com\/de\/wp-json\/wp\/v2\/product_cat?post=3800"},{"taxonomy":"product_tag","embeddable":true,"href":"https:\/\/geemarc.com\/de\/wp-json\/wp\/v2\/product_tag?post=3800"}],"curies":[{"name":"wp","href":"https:\/\/api.w.org\/{rel}","templated":true}]}}