{"id":4200,"date":"2018-08-01T13:31:39","date_gmt":"2018-08-01T13:31:39","guid":{"rendered":"http:\/\/geemarc.com\/de\/?post_type=product&#038;p=4200"},"modified":"2024-06-20T12:53:37","modified_gmt":"2024-06-20T12:53:37","slug":"viso-50","status":"publish","type":"product","link":"https:\/\/geemarc.com\/de\/produkt\/viso-50\/","title":{"rendered":"VISO 50"},"content":{"rendered":"<ul>\n<li>Analoge Funkuhr (200&#215;200 mm) : Uhrzeit \/ Minuten \/ Sekunden<\/li>\n<li>Uhr mit digitalem Display\u00a0(200&#215;90 mm), 4 Darstellungsformate (ganz ausgeschrieben):<\/li>\n<\/ul>\n<ol>\n<li>Tag der Woche \/ Tageszeit<\/li>\n<li>Monat \/ Tag des Monats (Ziffer) \/ Jahr<\/li>\n<li>Tag der Woche \/ Uhrzeit<\/li>\n<li>Abwechselnd zwischen den 3 Display-Formaten von 5 bis 60 Sekunden einstellbar<\/li>\n<\/ol>\n<ul>\n<li>Uhr 12\/24H f\u00fcr das digitale Display<\/li>\n<li>14 m\u00f6gliche Sprachen: Franz\u00f6sisch, Englisch, Deutsch, Italienisch, Spanisch, Holl\u00e4ndisch, Schwedisch, Polnisch, Portugiesisch, Norwegisch, D\u00e4nisch, Finnisch, Tschechisch und Ungarisch<\/li>\n<li>Ben\u00f6tigt 3 AA Batterien (nicht enthalten)<\/li>\n<li>Automatische Zeiteinstellung \u00fcber das DCF77 Funksignal (analoges und digitales Display)<\/li>\n<li>Plastikfenster<\/li>\n<li>Als Standmodell oder zur Wandmontage<\/li>\n<li>Ma\u00dfe: 260 x 380 x 45 mm<\/li>\n<\/ul>\n<p>&nbsp;<\/p>\n<div id=\"threesixty-slider-6918_iONqqe\" class=\"threesixty-loading threesixty-image threesixty-dark-blue threesixty-vintage threesixty-no-border\" style=\"width: 536px;\">\r\n\t<div class=\"threesixty-preview-6918_iONqqe\"><img class=\"threesixty-preview-image\" src=\"https:\/\/geemarc.com\/de\/wp-content\/uploads\/sites\/5\/2020\/06\/DSC_0892-copie-7.jpg\"\/><\/div>\r\n\t<div class=\"threesixty-spinner threesixty-spinner-6918_iONqqe\">\r\n\t\t<span>0%<\/span>\r\n\t<\/div>\r\n\t<ol class=\"threesixty-images threesixty-images-6918_iONqqe\"><\/ol>\r\n\t\t\t<a href=\"#threesixty-slider-6918_iONqqe\" class=\"threesixty-mfp-anchor\"><\/a>\r\n\t<\/div>\r\n<!--SPV--><script type=\"text\/javascript\">\/\/SPV\r\n(function($) {\r\n\t\t$('#threesixty-slider-6918_iONqqe .threesixty-mfp-anchor').magnificPopup({\r\n\t\ttype:'inline',\r\n\t\tcloseOnBgClick: true,\r\n\t\tmidClick: true,\r\n\t\t\/\/removalDelay: 300,\r\n  \t\t\/\/mainClass: 'mfp-fade',\r\n\t\tcallbacks: {\r\n\t\t\t resize: function() {\r\n\t\t\t \tvar originalHeight \t= 800,\r\n\t\t\t \t\toriginalWidth \t= 536,\r\n\t\t\t \t\tmfpHeight \t\t= 800,\r\n\t\t\t \t\tmfpWidth \t\t= 536,\r\n\t\t\t \t\tratio \t\t\t= originalWidth \/ originalHeight,\r\n\t\t\t \t\twinHeight \t\t= $(window).height(),\r\n\t\t\t \t\twinWidth \t\t= $(window).width();\r\n\t\t\t \t\r\n\t\t\t \tif ( originalHeight > winHeight * 0.9 ) {\r\n\t\t\t \t\tmfpHeight \t\t= winHeight * 0.9;\r\n\t\t\t \t\tmfpWidth \t\t= mfpHeight * ratio;\r\n\t\t\t\t}\r\n\t\t\t\tif ( mfpWidth > winWidth * 0.9 ) {\r\n\t\t\t \t\tmfpWidth \t\t= winWidth * 0.9;\r\n\t\t\t \t\tmfpHeight \t\t= mfpWidth \/ ratio;\r\n\t\t\t\t}\r\n\t\t\t \tif ( mfpHeight < originalHeight && mfpWidth < originalWidth ) {\r\n\t\t\t\t    $('#threesixty-slider-6918_iONqqe').height(mfpHeight);\r\n\t\t\t\t    $('#threesixty-slider-6918_iONqqe').width(mfpWidth);\r\n\t\t\t\t} \r\n\t\t\t\telse {\r\n\t\t\t\t    $('#threesixty-slider-6918_iONqqe').height(originalHeight);\r\n\t\t\t\t    $('#threesixty-slider-6918_iONqqe').width(originalWidth);\r\n\t\t\t\t}\r\n\t\t\t},\r\n\t\t\tclose: function() {\r\n\t\t\t    $('#threesixty-slider-6918_iONqqe').height('auto');\r\n\t\t\t    $('#threesixty-slider-6918_iONqqe').width(536);\r\n\t\t\t}\r\n\t\t},\r\n\t\tcloseMarkup :\"<button class=\\\"mfp-close\\\"><\/button>\"\r\n\t});\r\n\t\tvar product_6918_iONqqe = $('#threesixty-slider-6918_iONqqe').ThreeSixty({\r\n\t\ttotalFrames: 36,\r\n\t\tendFrame: 0,\r\n\t\tcurrentFrame: 36,\r\n\t\timgList: '.threesixty-images-6918_iONqqe',\r\n\t\tprogress: '.threesixty-spinner-6918_iONqqe',\r\n\t\tpreview: '.threesixty-preview-6918_iONqqe',\r\n\t\timages: ['https:\/\/geemarc.com\/de\/wp-content\/uploads\/sites\/5\/2020\/06\/DSC_0891-copie-6.jpg','https:\/\/geemarc.com\/de\/wp-content\/uploads\/sites\/5\/2020\/06\/DSC_0890-copie-6.jpg','https:\/\/geemarc.com\/de\/wp-content\/uploads\/sites\/5\/2020\/06\/DSC_0925-copie-7.jpg','https:\/\/geemarc.com\/de\/wp-content\/uploads\/sites\/5\/2020\/06\/DSC_0924-copie-7.jpg','https:\/\/geemarc.com\/de\/wp-content\/uploads\/sites\/5\/2020\/06\/DSC_0923-copie-7.jpg','https:\/\/geemarc.com\/de\/wp-content\/uploads\/sites\/5\/2020\/06\/DSC_0922-copie-7.jpg','https:\/\/geemarc.com\/de\/wp-content\/uploads\/sites\/5\/2020\/06\/DSC_0921-copie-7.jpg','https:\/\/geemarc.com\/de\/wp-content\/uploads\/sites\/5\/2020\/06\/DSC_0920-copie-7.jpg','https:\/\/geemarc.com\/de\/wp-content\/uploads\/sites\/5\/2020\/06\/DSC_0919-copie-7.jpg','https:\/\/geemarc.com\/de\/wp-content\/uploads\/sites\/5\/2020\/06\/DSC_0918-copie-7.jpg','https:\/\/geemarc.com\/de\/wp-content\/uploads\/sites\/5\/2020\/06\/DSC_0917-copie-7.jpg','https:\/\/geemarc.com\/de\/wp-content\/uploads\/sites\/5\/2020\/06\/DSC_0916-copie-7.jpg','https:\/\/geemarc.com\/de\/wp-content\/uploads\/sites\/5\/2020\/06\/DSC_0915-copie-7.jpg','https:\/\/geemarc.com\/de\/wp-content\/uploads\/sites\/5\/2020\/06\/DSC_0914-copie-7.jpg','https:\/\/geemarc.com\/de\/wp-content\/uploads\/sites\/5\/2020\/06\/DSC_0913-copie-7.jpg','https:\/\/geemarc.com\/de\/wp-content\/uploads\/sites\/5\/2020\/06\/DSC_0912-copie-7.jpg','https:\/\/geemarc.com\/de\/wp-content\/uploads\/sites\/5\/2020\/06\/DSC_0911-copie-7.jpg','https:\/\/geemarc.com\/de\/wp-content\/uploads\/sites\/5\/2020\/06\/DSC_0910-copie-7.jpg','https:\/\/geemarc.com\/de\/wp-content\/uploads\/sites\/5\/2020\/06\/DSC_0909-copie-7.jpg','https:\/\/geemarc.com\/de\/wp-content\/uploads\/sites\/5\/2020\/06\/DSC_0908-copie-7.jpg','https:\/\/geemarc.com\/de\/wp-content\/uploads\/sites\/5\/2020\/06\/DSC_0907-copie-7.jpg','https:\/\/geemarc.com\/de\/wp-content\/uploads\/sites\/5\/2020\/06\/DSC_0906-copie-7.jpg','https:\/\/geemarc.com\/de\/wp-content\/uploads\/sites\/5\/2020\/06\/DSC_0905-copie-7.jpg','https:\/\/geemarc.com\/de\/wp-content\/uploads\/sites\/5\/2020\/06\/DSC_0904-copie-7.jpg','https:\/\/geemarc.com\/de\/wp-content\/uploads\/sites\/5\/2020\/06\/DSC_0903-copie-7.jpg','https:\/\/geemarc.com\/de\/wp-content\/uploads\/sites\/5\/2020\/06\/DSC_0902-copie-7.jpg','https:\/\/geemarc.com\/de\/wp-content\/uploads\/sites\/5\/2020\/06\/DSC_0901-copie-7.jpg','https:\/\/geemarc.com\/de\/wp-content\/uploads\/sites\/5\/2020\/06\/DSC_0900-copie-7.jpg','https:\/\/geemarc.com\/de\/wp-content\/uploads\/sites\/5\/2020\/06\/DSC_0899-copie-7.jpg','https:\/\/geemarc.com\/de\/wp-content\/uploads\/sites\/5\/2020\/06\/DSC_0898-copie-7.jpg','https:\/\/geemarc.com\/de\/wp-content\/uploads\/sites\/5\/2020\/06\/DSC_0897-copie-7.jpg','https:\/\/geemarc.com\/de\/wp-content\/uploads\/sites\/5\/2020\/06\/DSC_0896-copie-7.jpg','https:\/\/geemarc.com\/de\/wp-content\/uploads\/sites\/5\/2020\/06\/DSC_0895-copie-7.jpg','https:\/\/geemarc.com\/de\/wp-content\/uploads\/sites\/5\/2020\/06\/DSC_0894-copie-7.jpg','https:\/\/geemarc.com\/de\/wp-content\/uploads\/sites\/5\/2020\/06\/DSC_0893-copie-7.jpg','https:\/\/geemarc.com\/de\/wp-content\/uploads\/sites\/5\/2020\/06\/DSC_0892-copie-7.jpg'],\r\n\t\theight: 0,\r\n\t\twidth: 536,\r\n\t\tnavigation: true,\r\n\t\tdrag: true,\r\n\t\tshowCursor: true,\r\n\t\tinterval: 120,\r\n\t\tspeedMultiplier: 3,\r\n\t\t\t\tstartAutoplay: true,\r\n\t\t\t\tonReady: function() {\r\n\t\t\t$(\"#threesixty-slider-6918_iONqqe\").removeClass('threesixty-loading');\r\n\t\t\t\t\t\tproduct_6918_iONqqe.play();\r\n\t\t\t\t\t\t\t\t}\r\n\t\t\t});\r\n\t\t\t}(jQuery));\r\n<\/script>\n","protected":false},"excerpt":{"rendered":"<p>Analoge Funkuhr mit digitalem Display<\/p>\n","protected":false},"featured_media":8673,"template":"","meta":[],"product_cat":[138],"product_tag":[],"yoast_head":"<!-- This site is optimized with the Yoast SEO plugin v16.9 - https:\/\/yoast.com\/wordpress\/plugins\/seo\/ -->\n<title>VISO 50 - Geemarc Germany<\/title>\n<meta name=\"robots\" content=\"index, follow, max-snippet:-1, max-image-preview:large, max-video-preview:-1\" \/>\n<link rel=\"canonical\" href=\"https:\/\/geemarc.com\/de\/produkt\/viso-50\/\" \/>\n<meta property=\"og:locale\" content=\"de_DE\" \/>\n<meta property=\"og:type\" content=\"article\" \/>\n<meta property=\"og:title\" content=\"VISO 50 - Geemarc Germany\" \/>\n<meta property=\"og:description\" content=\"Analoge Funkuhr mit digitalem Display\" \/>\n<meta property=\"og:url\" content=\"https:\/\/geemarc.com\/de\/produkt\/viso-50\/\" \/>\n<meta property=\"og:site_name\" content=\"Geemarc Germany\" \/>\n<meta property=\"article:modified_time\" content=\"2024-06-20T12:53:37+00:00\" \/>\n<meta property=\"og:image\" content=\"https:\/\/geemarc.com\/de\/wp-content\/uploads\/sites\/5\/2022\/03\/VISO50_2022_GE.jpg\" \/>\n\t<meta property=\"og:image:width\" content=\"1115\" \/>\n\t<meta property=\"og:image:height\" content=\"1487\" \/>\n<meta name=\"twitter:card\" content=\"summary_large_image\" \/>\n<meta name=\"twitter:label1\" content=\"Gesch\u00e4tzte Lesezeit\" \/>\n\t<meta name=\"twitter:data1\" content=\"1\u00a0Minute\" \/>\n<script type=\"application\/ld+json\" class=\"yoast-schema-graph\">{\"@context\":\"https:\/\/schema.org\",\"@graph\":[{\"@type\":\"WebSite\",\"@id\":\"https:\/\/geemarc.com\/de\/#website\",\"url\":\"https:\/\/geemarc.com\/de\/\",\"name\":\"Geemarc Germany\",\"description\":\"\",\"potentialAction\":[{\"@type\":\"SearchAction\",\"target\":{\"@type\":\"EntryPoint\",\"urlTemplate\":\"https:\/\/geemarc.com\/de\/?s={search_term_string}\"},\"query-input\":\"required name=search_term_string\"}],\"inLanguage\":\"de\"},{\"@type\":\"ImageObject\",\"@id\":\"https:\/\/geemarc.com\/de\/produkt\/viso-50\/#primaryimage\",\"inLanguage\":\"de\",\"url\":\"https:\/\/geemarc.com\/de\/wp-content\/uploads\/sites\/5\/2022\/03\/VISO50_2022_GE.jpg\",\"contentUrl\":\"https:\/\/geemarc.com\/de\/wp-content\/uploads\/sites\/5\/2022\/03\/VISO50_2022_GE.jpg\",\"width\":1115,\"height\":1487},{\"@type\":\"WebPage\",\"@id\":\"https:\/\/geemarc.com\/de\/produkt\/viso-50\/#webpage\",\"url\":\"https:\/\/geemarc.com\/de\/produkt\/viso-50\/\",\"name\":\"VISO 50 - Geemarc Germany\",\"isPartOf\":{\"@id\":\"https:\/\/geemarc.com\/de\/#website\"},\"primaryImageOfPage\":{\"@id\":\"https:\/\/geemarc.com\/de\/produkt\/viso-50\/#primaryimage\"},\"datePublished\":\"2018-08-01T13:31:39+00:00\",\"dateModified\":\"2024-06-20T12:53:37+00:00\",\"breadcrumb\":{\"@id\":\"https:\/\/geemarc.com\/de\/produkt\/viso-50\/#breadcrumb\"},\"inLanguage\":\"de\",\"potentialAction\":[{\"@type\":\"ReadAction\",\"target\":[\"https:\/\/geemarc.com\/de\/produkt\/viso-50\/\"]}]},{\"@type\":\"BreadcrumbList\",\"@id\":\"https:\/\/geemarc.com\/de\/produkt\/viso-50\/#breadcrumb\",\"itemListElement\":[{\"@type\":\"ListItem\",\"position\":1,\"name\":\"Home\",\"item\":\"https:\/\/geemarc.com\/de\/\"},{\"@type\":\"ListItem\",\"position\":2,\"name\":\"Shop\",\"item\":\"https:\/\/geemarc.com\/de\/shop\/\"},{\"@type\":\"ListItem\",\"position\":3,\"name\":\"VISO 50\"}]}]}<\/script>\n<!-- \/ Yoast SEO plugin. -->","yoast_head_json":{"title":"VISO 50 - Geemarc Germany","robots":{"index":"index","follow":"follow","max-snippet":"max-snippet:-1","max-image-preview":"max-image-preview:large","max-video-preview":"max-video-preview:-1"},"canonical":"https:\/\/geemarc.com\/de\/produkt\/viso-50\/","og_locale":"de_DE","og_type":"article","og_title":"VISO 50 - Geemarc Germany","og_description":"Analoge Funkuhr mit digitalem Display","og_url":"https:\/\/geemarc.com\/de\/produkt\/viso-50\/","og_site_name":"Geemarc Germany","article_modified_time":"2024-06-20T12:53:37+00:00","og_image":[{"width":1115,"height":1487,"url":"https:\/\/geemarc.com\/de\/wp-content\/uploads\/sites\/5\/2022\/03\/VISO50_2022_GE.jpg","path":"\/home\/g\/e\/geemarcwp\/public_html\/wp-content\/uploads\/sites\/5\/2022\/03\/VISO50_2022_GE.jpg","size":"full","id":8673,"alt":"","pixels":1658005,"type":"image\/jpeg"}],"twitter_card":"summary_large_image","twitter_misc":{"Gesch\u00e4tzte Lesezeit":"1\u00a0Minute"},"schema":{"@context":"https:\/\/schema.org","@graph":[{"@type":"WebSite","@id":"https:\/\/geemarc.com\/de\/#website","url":"https:\/\/geemarc.com\/de\/","name":"Geemarc Germany","description":"","potentialAction":[{"@type":"SearchAction","target":{"@type":"EntryPoint","urlTemplate":"https:\/\/geemarc.com\/de\/?s={search_term_string}"},"query-input":"required name=search_term_string"}],"inLanguage":"de"},{"@type":"ImageObject","@id":"https:\/\/geemarc.com\/de\/produkt\/viso-50\/#primaryimage","inLanguage":"de","url":"https:\/\/geemarc.com\/de\/wp-content\/uploads\/sites\/5\/2022\/03\/VISO50_2022_GE.jpg","contentUrl":"https:\/\/geemarc.com\/de\/wp-content\/uploads\/sites\/5\/2022\/03\/VISO50_2022_GE.jpg","width":1115,"height":1487},{"@type":"WebPage","@id":"https:\/\/geemarc.com\/de\/produkt\/viso-50\/#webpage","url":"https:\/\/geemarc.com\/de\/produkt\/viso-50\/","name":"VISO 50 - Geemarc Germany","isPartOf":{"@id":"https:\/\/geemarc.com\/de\/#website"},"primaryImageOfPage":{"@id":"https:\/\/geemarc.com\/de\/produkt\/viso-50\/#primaryimage"},"datePublished":"2018-08-01T13:31:39+00:00","dateModified":"2024-06-20T12:53:37+00:00","breadcrumb":{"@id":"https:\/\/geemarc.com\/de\/produkt\/viso-50\/#breadcrumb"},"inLanguage":"de","potentialAction":[{"@type":"ReadAction","target":["https:\/\/geemarc.com\/de\/produkt\/viso-50\/"]}]},{"@type":"BreadcrumbList","@id":"https:\/\/geemarc.com\/de\/produkt\/viso-50\/#breadcrumb","itemListElement":[{"@type":"ListItem","position":1,"name":"Home","item":"https:\/\/geemarc.com\/de\/"},{"@type":"ListItem","position":2,"name":"Shop","item":"https:\/\/geemarc.com\/de\/shop\/"},{"@type":"ListItem","position":3,"name":"VISO 50"}]}]}},"acf":[],"_links":{"self":[{"href":"https:\/\/geemarc.com\/de\/wp-json\/wp\/v2\/product\/4200"}],"collection":[{"href":"https:\/\/geemarc.com\/de\/wp-json\/wp\/v2\/product"}],"about":[{"href":"https:\/\/geemarc.com\/de\/wp-json\/wp\/v2\/types\/product"}],"wp:featuredmedia":[{"embeddable":true,"href":"https:\/\/geemarc.com\/de\/wp-json\/wp\/v2\/media\/8673"}],"wp:attachment":[{"href":"https:\/\/geemarc.com\/de\/wp-json\/wp\/v2\/media?parent=4200"}],"wp:term":[{"taxonomy":"product_cat","embeddable":true,"href":"https:\/\/geemarc.com\/de\/wp-json\/wp\/v2\/product_cat?post=4200"},{"taxonomy":"product_tag","embeddable":true,"href":"https:\/\/geemarc.com\/de\/wp-json\/wp\/v2\/product_tag?post=4200"}],"curies":[{"name":"wp","href":"https:\/\/api.w.org\/{rel}","templated":true}]}}