{"id":479,"date":"2013-02-11T01:22:37","date_gmt":"2013-02-11T01:22:37","guid":{"rendered":"http:\/\/geemarc.com\/de\/product\/cl-hook-3\/"},"modified":"2025-07-03T13:58:27","modified_gmt":"2025-07-03T13:58:27","slug":"cl-hook-3","status":"publish","type":"product","link":"https:\/\/geemarc.com\/de\/produkt\/cl-hook-3\/","title":{"rendered":"CL HOOK 3"},"content":{"rendered":"<p><span style=\"font-family: verdana, geneva; font-size: small;\"><strong><span lang=\"DE\" style=\"color: red;\"><span style=\"color: #000000;\">Induktions-Kopfh\u00f6rer CL Hook 3 (2 x Induktionsb\u00fcgel)<\/span><\/span><\/strong><\/span><\/p>\n<p><span style=\"font-family: verdana, geneva; color: #000000; font-size: small;\"><strong><span lang=\"DE\">Produkteigenschaften:<br \/>\n<\/span><\/strong><span lang=\"DE\">Zwei induktive Ear-Hooks f\u00fcr die Nutzung von MP3-Playern \/ iPods in Verbindung mit H\u00f6rger\u00e4ten.<\/span><\/span><\/p>\n<ul>\n<li><span style=\"font-family: verdana, geneva; font-size: small;\">Stecker 3,5 mm Stereo<\/span><\/li>\n<li><span style=\"font-family: verdana, geneva; font-size: small;\">Kompatibel mit MP3-Playern\/iPods\/CD-Playern<\/span><\/li>\n<li><span style=\"font-family: verdana, geneva; font-size: small;\">Leicht<\/span><\/li>\n<li><span style=\"font-family: verdana, geneva; font-size: small;\">Clip f\u00fcr Revers\/Tasche<\/span><\/li>\n<li><span style=\"font-family: verdana, geneva; font-size: small;\">Schlankes Design<\/span><\/li>\n<li><span style=\"font-family: verdana, geneva; font-size: small;\">Eingangslautst\u00e4rke<\/span><\/li>\n<li><span style=\"font-family: verdana, geneva; font-size: small;\">Schnur mit spiralf\u00f6rmigem Abschnitt<\/span><\/li>\n<\/ul>\n<p><span style=\"font-family: verdana, geneva; color: #000000; font-size: small;\"><span lang=\"DE\">Ear-Hooks erm\u00f6glichen Nutzern von H\u00f6rger\u00e4ten klare Tonqualit\u00e4t beim Musikh\u00f6ren ohne R\u00fcckkopplungen und st\u00f6rende Hintergrundger\u00e4usche, da sich die Induktionsschlinge in direkter N\u00e4he zum H\u00f6rger\u00e4t befindet.<\/span><\/span><\/p>\n","protected":false},"excerpt":{"rendered":"<p>Induktion f\u00fcr Handy und MP3<\/p>\n","protected":false},"featured_media":4259,"template":"","meta":[],"product_cat":[148],"product_tag":[],"yoast_head":"<!-- This site is optimized with the Yoast SEO plugin v16.9 - https:\/\/yoast.com\/wordpress\/plugins\/seo\/ -->\n<title>CL HOOK 3 - Geemarc Germany<\/title>\n<meta name=\"robots\" content=\"index, follow, max-snippet:-1, max-image-preview:large, max-video-preview:-1\" \/>\n<link rel=\"canonical\" href=\"https:\/\/geemarc.com\/de\/produkt\/cl-hook-3\/\" \/>\n<meta property=\"og:locale\" content=\"de_DE\" \/>\n<meta property=\"og:type\" content=\"article\" \/>\n<meta property=\"og:title\" content=\"CL HOOK 3 - Geemarc Germany\" \/>\n<meta property=\"og:description\" content=\"Induktion f\u00fcr Handy und MP3\" \/>\n<meta property=\"og:url\" content=\"https:\/\/geemarc.com\/de\/produkt\/cl-hook-3\/\" \/>\n<meta property=\"og:site_name\" content=\"Geemarc Germany\" \/>\n<meta property=\"article:modified_time\" content=\"2025-07-03T13:58:27+00:00\" \/>\n<meta property=\"og:image\" content=\"https:\/\/geemarc.com\/de\/wp-content\/uploads\/sites\/5\/2013\/02\/CLHook-3-1.jpg\" \/>\n\t<meta property=\"og:image:width\" content=\"2000\" \/>\n\t<meta property=\"og:image:height\" content=\"1500\" \/>\n<meta name=\"twitter:card\" content=\"summary_large_image\" \/>\n<script type=\"application\/ld+json\" class=\"yoast-schema-graph\">{\"@context\":\"https:\/\/schema.org\",\"@graph\":[{\"@type\":\"WebSite\",\"@id\":\"https:\/\/geemarc.com\/de\/#website\",\"url\":\"https:\/\/geemarc.com\/de\/\",\"name\":\"Geemarc Germany\",\"description\":\"\",\"potentialAction\":[{\"@type\":\"SearchAction\",\"target\":{\"@type\":\"EntryPoint\",\"urlTemplate\":\"https:\/\/geemarc.com\/de\/?s={search_term_string}\"},\"query-input\":\"required name=search_term_string\"}],\"inLanguage\":\"de\"},{\"@type\":\"ImageObject\",\"@id\":\"https:\/\/geemarc.com\/de\/produkt\/cl-hook-3\/#primaryimage\",\"inLanguage\":\"de\",\"url\":\"https:\/\/geemarc.com\/de\/wp-content\/uploads\/sites\/5\/2013\/02\/CLHook-3-1.jpg\",\"contentUrl\":\"https:\/\/geemarc.com\/de\/wp-content\/uploads\/sites\/5\/2013\/02\/CLHook-3-1.jpg\",\"width\":2000,\"height\":1500},{\"@type\":\"WebPage\",\"@id\":\"https:\/\/geemarc.com\/de\/produkt\/cl-hook-3\/#webpage\",\"url\":\"https:\/\/geemarc.com\/de\/produkt\/cl-hook-3\/\",\"name\":\"CL HOOK 3 - Geemarc Germany\",\"isPartOf\":{\"@id\":\"https:\/\/geemarc.com\/de\/#website\"},\"primaryImageOfPage\":{\"@id\":\"https:\/\/geemarc.com\/de\/produkt\/cl-hook-3\/#primaryimage\"},\"datePublished\":\"2013-02-11T01:22:37+00:00\",\"dateModified\":\"2025-07-03T13:58:27+00:00\",\"breadcrumb\":{\"@id\":\"https:\/\/geemarc.com\/de\/produkt\/cl-hook-3\/#breadcrumb\"},\"inLanguage\":\"de\",\"potentialAction\":[{\"@type\":\"ReadAction\",\"target\":[\"https:\/\/geemarc.com\/de\/produkt\/cl-hook-3\/\"]}]},{\"@type\":\"BreadcrumbList\",\"@id\":\"https:\/\/geemarc.com\/de\/produkt\/cl-hook-3\/#breadcrumb\",\"itemListElement\":[{\"@type\":\"ListItem\",\"position\":1,\"name\":\"Home\",\"item\":\"https:\/\/geemarc.com\/de\/\"},{\"@type\":\"ListItem\",\"position\":2,\"name\":\"Shop\",\"item\":\"https:\/\/geemarc.com\/de\/shop\/\"},{\"@type\":\"ListItem\",\"position\":3,\"name\":\"CL HOOK 3\"}]}]}<\/script>\n<!-- \/ Yoast SEO plugin. -->","yoast_head_json":{"title":"CL HOOK 3 - Geemarc Germany","robots":{"index":"index","follow":"follow","max-snippet":"max-snippet:-1","max-image-preview":"max-image-preview:large","max-video-preview":"max-video-preview:-1"},"canonical":"https:\/\/geemarc.com\/de\/produkt\/cl-hook-3\/","og_locale":"de_DE","og_type":"article","og_title":"CL HOOK 3 - Geemarc Germany","og_description":"Induktion f\u00fcr Handy und MP3","og_url":"https:\/\/geemarc.com\/de\/produkt\/cl-hook-3\/","og_site_name":"Geemarc Germany","article_modified_time":"2025-07-03T13:58:27+00:00","og_image":[{"width":2000,"height":1500,"url":"https:\/\/geemarc.com\/de\/wp-content\/uploads\/sites\/5\/2013\/02\/CLHook-3-1.jpg","path":"\/home\/g\/e\/geemarcwp\/public_html\/wp-content\/uploads\/sites\/5\/2013\/02\/CLHook-3-1.jpg","size":"full","id":4259,"alt":"","pixels":3000000,"type":"image\/jpeg"}],"twitter_card":"summary_large_image","schema":{"@context":"https:\/\/schema.org","@graph":[{"@type":"WebSite","@id":"https:\/\/geemarc.com\/de\/#website","url":"https:\/\/geemarc.com\/de\/","name":"Geemarc Germany","description":"","potentialAction":[{"@type":"SearchAction","target":{"@type":"EntryPoint","urlTemplate":"https:\/\/geemarc.com\/de\/?s={search_term_string}"},"query-input":"required name=search_term_string"}],"inLanguage":"de"},{"@type":"ImageObject","@id":"https:\/\/geemarc.com\/de\/produkt\/cl-hook-3\/#primaryimage","inLanguage":"de","url":"https:\/\/geemarc.com\/de\/wp-content\/uploads\/sites\/5\/2013\/02\/CLHook-3-1.jpg","contentUrl":"https:\/\/geemarc.com\/de\/wp-content\/uploads\/sites\/5\/2013\/02\/CLHook-3-1.jpg","width":2000,"height":1500},{"@type":"WebPage","@id":"https:\/\/geemarc.com\/de\/produkt\/cl-hook-3\/#webpage","url":"https:\/\/geemarc.com\/de\/produkt\/cl-hook-3\/","name":"CL HOOK 3 - Geemarc Germany","isPartOf":{"@id":"https:\/\/geemarc.com\/de\/#website"},"primaryImageOfPage":{"@id":"https:\/\/geemarc.com\/de\/produkt\/cl-hook-3\/#primaryimage"},"datePublished":"2013-02-11T01:22:37+00:00","dateModified":"2025-07-03T13:58:27+00:00","breadcrumb":{"@id":"https:\/\/geemarc.com\/de\/produkt\/cl-hook-3\/#breadcrumb"},"inLanguage":"de","potentialAction":[{"@type":"ReadAction","target":["https:\/\/geemarc.com\/de\/produkt\/cl-hook-3\/"]}]},{"@type":"BreadcrumbList","@id":"https:\/\/geemarc.com\/de\/produkt\/cl-hook-3\/#breadcrumb","itemListElement":[{"@type":"ListItem","position":1,"name":"Home","item":"https:\/\/geemarc.com\/de\/"},{"@type":"ListItem","position":2,"name":"Shop","item":"https:\/\/geemarc.com\/de\/shop\/"},{"@type":"ListItem","position":3,"name":"CL HOOK 3"}]}]}},"acf":[],"_links":{"self":[{"href":"https:\/\/geemarc.com\/de\/wp-json\/wp\/v2\/product\/479"}],"collection":[{"href":"https:\/\/geemarc.com\/de\/wp-json\/wp\/v2\/product"}],"about":[{"href":"https:\/\/geemarc.com\/de\/wp-json\/wp\/v2\/types\/product"}],"wp:featuredmedia":[{"embeddable":true,"href":"https:\/\/geemarc.com\/de\/wp-json\/wp\/v2\/media\/4259"}],"wp:attachment":[{"href":"https:\/\/geemarc.com\/de\/wp-json\/wp\/v2\/media?parent=479"}],"wp:term":[{"taxonomy":"product_cat","embeddable":true,"href":"https:\/\/geemarc.com\/de\/wp-json\/wp\/v2\/product_cat?post=479"},{"taxonomy":"product_tag","embeddable":true,"href":"https:\/\/geemarc.com\/de\/wp-json\/wp\/v2\/product_tag?post=479"}],"curies":[{"name":"wp","href":"https:\/\/api.w.org\/{rel}","templated":true}]}}