{"id":5320,"date":"2019-04-18T10:38:09","date_gmt":"2019-04-18T10:38:09","guid":{"rendered":"http:\/\/geemarc.com\/de\/?post_type=product&#038;p=5320"},"modified":"2023-05-16T08:57:50","modified_gmt":"2023-05-16T08:57:50","slug":"pack-senior","status":"publish","type":"product","link":"https:\/\/geemarc.com\/de\/produkt\/pack-senior\/","title":{"rendered":"PACK SENIOR"},"content":{"rendered":"<p><strong>ANRUFEN\/SPRECHEN (BASISSTATION)<\/strong><\/p>\n<ul>\n<li>H\u00f6rger\u00e4tekompatibel (HAC)<\/li>\n<li>Einstellbare H\u00f6rerlautst\u00e4rke bis zu 30dB (Basisstation + Mobilteile)<\/li>\n<li>4 Direktwahltasten auf dem schnurgebundenen Teil (3 davon mit Foto)<\/li>\n<li>Freisprechfunktion<\/li>\n<li>Wahlwiederholung der 10 letzten gew\u00e4hlten Rufnummern<\/li>\n<li>Telefonbuch 50 Eintr\u00e4ge<\/li>\n<li>Pause Funktion \/ Stummfunktion<\/li>\n<li>\u00a0Tastatur:\n<ul>\n<li>Breite Tasten (25x14mm)<\/li>\n<li>Gro\u00dfe Schrift (10mm)<\/li>\n<\/ul>\n<\/li>\n<\/ul>\n<p>&nbsp;<\/p>\n<p><strong>LCD DISPLAYS<\/strong><\/p>\n<ul>\n<li>Gro\u00dfes Display mit wei\u00dfer Hintergrundbeleuchtung (80*43mm-3 Zeile f\u00fcr die Basisstation 40*30mm &#8211; 1 Zeile f\u00fcr das klassische Mobilteil)<\/li>\n<li>7 w\u00e4hlbaren Sprachen auf dem H\u00f6rer: Englisch, Franz\u00f6sisch, Deutsch, Niederl\u00e4ndisch, Italienisch, Spanisch und Russisch<\/li>\n<li>6 w\u00e4hlbaren Sprachen auf der Basis: Englisch, Franz\u00f6sisch, Deutsch, Italienisch, Spanisch und Russisch<\/li>\n<li>Navigationsmen\u00fc<\/li>\n<li>Uhrzeit und Datumanzeige<\/li>\n<li>Wecker Funktion<\/li>\n<li>Tastensperre<\/li>\n<li>Anzeige f\u00fcr Verbindungsdauer<\/li>\n<\/ul>\n<div class=\"success p-tmpl-wrap primary-background\">\n<p><img class=\"p1\" src=\"https:\/\/geemarc.com\/uk\/wp-content\/uploads\/sites\/2\/2019\/04\/Photo-template-Urgence.png\" \/><img class=\"p2\" src=\"https:\/\/geemarc.com\/uk\/wp-content\/uploads\/sites\/2\/2019\/04\/Photo-template-portrait.png\" \/><span class=\"h3 bold\">AUSDRUCKEN IHRER FOTOS<\/span><span class=\"h3\" data-wahfont=\"20\">Exklusive Neuheit Geemarc Telecom<\/span><\/p>\n<div style=\"margin: 10px 0 15px; line-height: 17px;\">Laden Sie die Bilder f\u00fcr die Fototasten hoch und f\u00fcgen Sie sie in die Schablonen ein.<\/div>\n<div class=\"table-cell button-right\" style=\"margin-top: 10px;\"><a class=\"button filled\" href=\"http:\/\/geemarc.com\/p_editor\/seniorpack\/f\/editor\/\" data-wahfont=\"12\">Foto schablone<\/a><\/div>\n<\/div>\n","protected":false},"excerpt":{"rendered":"<p>AmpliDect Combi 295 + PhotoDect295<\/p>\n","protected":false},"featured_media":5325,"template":"","meta":[],"product_cat":[125],"product_tag":[],"yoast_head":"<!-- This site is optimized with the Yoast SEO plugin v16.9 - https:\/\/yoast.com\/wordpress\/plugins\/seo\/ -->\n<title>PACK SENIOR - Geemarc Germany<\/title>\n<meta name=\"robots\" content=\"index, follow, max-snippet:-1, max-image-preview:large, max-video-preview:-1\" \/>\n<link rel=\"canonical\" href=\"https:\/\/geemarc.com\/de\/produkt\/pack-senior\/\" \/>\n<meta property=\"og:locale\" content=\"de_DE\" \/>\n<meta property=\"og:type\" content=\"article\" \/>\n<meta property=\"og:title\" content=\"PACK SENIOR - Geemarc Germany\" \/>\n<meta property=\"og:description\" content=\"AmpliDect Combi 295 + PhotoDect295\" \/>\n<meta property=\"og:url\" content=\"https:\/\/geemarc.com\/de\/produkt\/pack-senior\/\" \/>\n<meta property=\"og:site_name\" content=\"Geemarc Germany\" \/>\n<meta property=\"article:modified_time\" content=\"2023-05-16T08:57:50+00:00\" \/>\n<meta property=\"og:image\" content=\"https:\/\/geemarc.com\/de\/wp-content\/uploads\/sites\/5\/2019\/04\/Pack-SENIOR-1.jpg\" \/>\n\t<meta property=\"og:image:width\" content=\"3307\" \/>\n\t<meta property=\"og:image:height\" content=\"1772\" \/>\n<meta name=\"twitter:card\" content=\"summary_large_image\" \/>\n<meta name=\"twitter:label1\" content=\"Gesch\u00e4tzte Lesezeit\" \/>\n\t<meta name=\"twitter:data1\" content=\"1\u00a0Minute\" \/>\n<script type=\"application\/ld+json\" class=\"yoast-schema-graph\">{\"@context\":\"https:\/\/schema.org\",\"@graph\":[{\"@type\":\"WebSite\",\"@id\":\"https:\/\/geemarc.com\/de\/#website\",\"url\":\"https:\/\/geemarc.com\/de\/\",\"name\":\"Geemarc Germany\",\"description\":\"\",\"potentialAction\":[{\"@type\":\"SearchAction\",\"target\":{\"@type\":\"EntryPoint\",\"urlTemplate\":\"https:\/\/geemarc.com\/de\/?s={search_term_string}\"},\"query-input\":\"required name=search_term_string\"}],\"inLanguage\":\"de\"},{\"@type\":\"ImageObject\",\"@id\":\"https:\/\/geemarc.com\/de\/produkt\/pack-senior\/#primaryimage\",\"inLanguage\":\"de\",\"url\":\"https:\/\/geemarc.com\/de\/wp-content\/uploads\/sites\/5\/2019\/04\/Pack-SENIOR-1.jpg\",\"contentUrl\":\"https:\/\/geemarc.com\/de\/wp-content\/uploads\/sites\/5\/2019\/04\/Pack-SENIOR-1.jpg\",\"width\":3307,\"height\":1772},{\"@type\":\"WebPage\",\"@id\":\"https:\/\/geemarc.com\/de\/produkt\/pack-senior\/#webpage\",\"url\":\"https:\/\/geemarc.com\/de\/produkt\/pack-senior\/\",\"name\":\"PACK SENIOR - Geemarc Germany\",\"isPartOf\":{\"@id\":\"https:\/\/geemarc.com\/de\/#website\"},\"primaryImageOfPage\":{\"@id\":\"https:\/\/geemarc.com\/de\/produkt\/pack-senior\/#primaryimage\"},\"datePublished\":\"2019-04-18T10:38:09+00:00\",\"dateModified\":\"2023-05-16T08:57:50+00:00\",\"breadcrumb\":{\"@id\":\"https:\/\/geemarc.com\/de\/produkt\/pack-senior\/#breadcrumb\"},\"inLanguage\":\"de\",\"potentialAction\":[{\"@type\":\"ReadAction\",\"target\":[\"https:\/\/geemarc.com\/de\/produkt\/pack-senior\/\"]}]},{\"@type\":\"BreadcrumbList\",\"@id\":\"https:\/\/geemarc.com\/de\/produkt\/pack-senior\/#breadcrumb\",\"itemListElement\":[{\"@type\":\"ListItem\",\"position\":1,\"name\":\"Home\",\"item\":\"https:\/\/geemarc.com\/de\/\"},{\"@type\":\"ListItem\",\"position\":2,\"name\":\"Shop\",\"item\":\"https:\/\/geemarc.com\/de\/shop\/\"},{\"@type\":\"ListItem\",\"position\":3,\"name\":\"PACK SENIOR\"}]}]}<\/script>\n<!-- \/ Yoast SEO plugin. -->","yoast_head_json":{"title":"PACK SENIOR - Geemarc Germany","robots":{"index":"index","follow":"follow","max-snippet":"max-snippet:-1","max-image-preview":"max-image-preview:large","max-video-preview":"max-video-preview:-1"},"canonical":"https:\/\/geemarc.com\/de\/produkt\/pack-senior\/","og_locale":"de_DE","og_type":"article","og_title":"PACK SENIOR - Geemarc Germany","og_description":"AmpliDect Combi 295 + PhotoDect295","og_url":"https:\/\/geemarc.com\/de\/produkt\/pack-senior\/","og_site_name":"Geemarc Germany","article_modified_time":"2023-05-16T08:57:50+00:00","og_image":[{"width":3307,"height":1772,"url":"https:\/\/geemarc.com\/de\/wp-content\/uploads\/sites\/5\/2019\/04\/Pack-SENIOR-1.jpg","path":"\/home\/g\/e\/geemarcwp\/public_html\/wp-content\/uploads\/sites\/5\/2019\/04\/Pack-SENIOR-1.jpg","size":"full","id":5325,"alt":"","pixels":5860004,"type":"image\/jpeg"}],"twitter_card":"summary_large_image","twitter_misc":{"Gesch\u00e4tzte Lesezeit":"1\u00a0Minute"},"schema":{"@context":"https:\/\/schema.org","@graph":[{"@type":"WebSite","@id":"https:\/\/geemarc.com\/de\/#website","url":"https:\/\/geemarc.com\/de\/","name":"Geemarc Germany","description":"","potentialAction":[{"@type":"SearchAction","target":{"@type":"EntryPoint","urlTemplate":"https:\/\/geemarc.com\/de\/?s={search_term_string}"},"query-input":"required name=search_term_string"}],"inLanguage":"de"},{"@type":"ImageObject","@id":"https:\/\/geemarc.com\/de\/produkt\/pack-senior\/#primaryimage","inLanguage":"de","url":"https:\/\/geemarc.com\/de\/wp-content\/uploads\/sites\/5\/2019\/04\/Pack-SENIOR-1.jpg","contentUrl":"https:\/\/geemarc.com\/de\/wp-content\/uploads\/sites\/5\/2019\/04\/Pack-SENIOR-1.jpg","width":3307,"height":1772},{"@type":"WebPage","@id":"https:\/\/geemarc.com\/de\/produkt\/pack-senior\/#webpage","url":"https:\/\/geemarc.com\/de\/produkt\/pack-senior\/","name":"PACK SENIOR - Geemarc Germany","isPartOf":{"@id":"https:\/\/geemarc.com\/de\/#website"},"primaryImageOfPage":{"@id":"https:\/\/geemarc.com\/de\/produkt\/pack-senior\/#primaryimage"},"datePublished":"2019-04-18T10:38:09+00:00","dateModified":"2023-05-16T08:57:50+00:00","breadcrumb":{"@id":"https:\/\/geemarc.com\/de\/produkt\/pack-senior\/#breadcrumb"},"inLanguage":"de","potentialAction":[{"@type":"ReadAction","target":["https:\/\/geemarc.com\/de\/produkt\/pack-senior\/"]}]},{"@type":"BreadcrumbList","@id":"https:\/\/geemarc.com\/de\/produkt\/pack-senior\/#breadcrumb","itemListElement":[{"@type":"ListItem","position":1,"name":"Home","item":"https:\/\/geemarc.com\/de\/"},{"@type":"ListItem","position":2,"name":"Shop","item":"https:\/\/geemarc.com\/de\/shop\/"},{"@type":"ListItem","position":3,"name":"PACK SENIOR"}]}]}},"acf":[],"_links":{"self":[{"href":"https:\/\/geemarc.com\/de\/wp-json\/wp\/v2\/product\/5320"}],"collection":[{"href":"https:\/\/geemarc.com\/de\/wp-json\/wp\/v2\/product"}],"about":[{"href":"https:\/\/geemarc.com\/de\/wp-json\/wp\/v2\/types\/product"}],"wp:featuredmedia":[{"embeddable":true,"href":"https:\/\/geemarc.com\/de\/wp-json\/wp\/v2\/media\/5325"}],"wp:attachment":[{"href":"https:\/\/geemarc.com\/de\/wp-json\/wp\/v2\/media?parent=5320"}],"wp:term":[{"taxonomy":"product_cat","embeddable":true,"href":"https:\/\/geemarc.com\/de\/wp-json\/wp\/v2\/product_cat?post=5320"},{"taxonomy":"product_tag","embeddable":true,"href":"https:\/\/geemarc.com\/de\/wp-json\/wp\/v2\/product_tag?post=5320"}],"curies":[{"name":"wp","href":"https:\/\/api.w.org\/{rel}","templated":true}]}}