{"id":5365,"date":"2019-05-15T10:53:30","date_gmt":"2019-05-15T10:53:30","guid":{"rendered":"http:\/\/geemarc.com\/de\/?post_type=product&#038;p=5365"},"modified":"2025-06-19T14:45:49","modified_gmt":"2025-06-19T14:45:49","slug":"amplidect595-u-l-e","status":"publish","type":"product","link":"https:\/\/geemarc.com\/de\/produkt\/amplidect595-u-l-e\/","title":{"rendered":"AMPLIDECT595 U.L.E"},"content":{"rendered":"<p><strong>ANRUFEN\/SPRECHEN<\/strong><\/p>\n<ul>\n<li>H\u00f6rger\u00e4tekompatibel<\/li>\n<li>Ergonomisches Mobilteil mit breiten hintergrundbeleuchteten Tasten f\u00fcr eine vereinfachte Benutzung<\/li>\n<li>Einstellbare H\u00f6rerlautst\u00e4rke bis zu <strong>50dB <\/strong>(Boost Modus)<\/li>\n<li>Tonregelung (3 Stufen)<\/li>\n<li>9 Direktwahltasten auf dem Mobilteil: auf der 9 Tasten (von 1 bis 9) kann man Nummer registrieren<\/li>\n<li>Freisprechfunktion auf dem Mobilteil<\/li>\n<li>Telefonbuch bis zu 50 Eintr\u00e4ge (Namen und Nummer)<\/li>\n<li>VIP Funktion: erm\u00f6glicht eingehende Anrufe nur von Nummern, die im VIP-Verzeichnis gespeichert sind (bis zu 50 Nummern), wenn die Funktion &#8220;Anrufsperre&#8221; aktiviert ist<\/li>\n<li>Wahlwiederholung der 10 letzten gew\u00e4hlten Rufnummern<\/li>\n<li>Direktwahltaste zum Telefonbuch und Men\u00fc auf dem Mobilteil<\/li>\n<li>Einstellbare R-Taste (100ms\/300ms\/600ms)<\/li>\n<li>Notruffunktion (SOS Taste):<\/li>\n<\/ul>\n<p>&#8211;\u00a0 \u00a0 \u00a0 \u00a0 Bis 4 Notruf-Nummer programmierbar<\/p>\n<p>&#8211;\u00a0 \u00a0 \u00a0 \u00a0 Selbstaufnehmbare Notansage oder die existierende Ansage in 4 w\u00e4hlbaren Sprachen benutzen (English, Franz\u00f6sisch, Deutsch und Niederl\u00e4ndisch)<\/p>\n<p>&#8211;\u00a0 \u00a0 \u00a0 \u00a0 Nach Freigabe der SOS-Anruf, tritt man in Verbindung mit dem Menschen im Not in Freihandmodus<\/p>\n<ul>\n<li>Mit dem DOORBELL 595 ULE : m\u00f6gliche Weiterleitung des Anrufs auf Ihrem Handy oder ein anderes Telefon. Dadurch k\u00f6nnen Sie mit der Person sprechen, die vor Ihrer T\u00fcr steht.<\/li>\n<\/ul>\n<p>&nbsp;<\/p>\n<div id=\"threesixty-slider-5461_3Kv0ID\" class=\"threesixty-loading threesixty-image threesixty-dark-blue threesixty-vintage threesixty-no-border\" style=\"width: 600px;\">\r\n\t<div class=\"threesixty-preview-5461_3Kv0ID\"><img class=\"threesixty-preview-image\" src=\"https:\/\/geemarc.com\/de\/wp-content\/uploads\/sites\/5\/2019\/05\/DSC_0528.jpg\"\/><\/div>\r\n\t<div class=\"threesixty-spinner threesixty-spinner-5461_3Kv0ID\">\r\n\t\t<span>0%<\/span>\r\n\t<\/div>\r\n\t<ol class=\"threesixty-images threesixty-images-5461_3Kv0ID\"><\/ol>\r\n\t\t\t<a href=\"#threesixty-slider-5461_3Kv0ID\" class=\"threesixty-mfp-anchor\"><\/a>\r\n\t<\/div>\r\n<!--SPV--><script type=\"text\/javascript\">\/\/SPV\r\n(function($) {\r\n\t\t$('#threesixty-slider-5461_3Kv0ID .threesixty-mfp-anchor').magnificPopup({\r\n\t\ttype:'inline',\r\n\t\tcloseOnBgClick: true,\r\n\t\tmidClick: true,\r\n\t\t\/\/removalDelay: 300,\r\n  \t\t\/\/mainClass: 'mfp-fade',\r\n\t\tcallbacks: {\r\n\t\t\t resize: function() {\r\n\t\t\t \tvar originalHeight \t= 522,\r\n\t\t\t \t\toriginalWidth \t= 600,\r\n\t\t\t \t\tmfpHeight \t\t= 522,\r\n\t\t\t \t\tmfpWidth \t\t= 600,\r\n\t\t\t \t\tratio \t\t\t= originalWidth \/ originalHeight,\r\n\t\t\t \t\twinHeight \t\t= $(window).height(),\r\n\t\t\t \t\twinWidth \t\t= $(window).width();\r\n\t\t\t \t\r\n\t\t\t \tif ( originalHeight > winHeight * 0.9 ) {\r\n\t\t\t \t\tmfpHeight \t\t= winHeight * 0.9;\r\n\t\t\t \t\tmfpWidth \t\t= mfpHeight * ratio;\r\n\t\t\t\t}\r\n\t\t\t\tif ( mfpWidth > winWidth * 0.9 ) {\r\n\t\t\t \t\tmfpWidth \t\t= winWidth * 0.9;\r\n\t\t\t \t\tmfpHeight \t\t= mfpWidth \/ ratio;\r\n\t\t\t\t}\r\n\t\t\t \tif ( mfpHeight < originalHeight && mfpWidth < originalWidth ) {\r\n\t\t\t\t    $('#threesixty-slider-5461_3Kv0ID').height(mfpHeight);\r\n\t\t\t\t    $('#threesixty-slider-5461_3Kv0ID').width(mfpWidth);\r\n\t\t\t\t} \r\n\t\t\t\telse {\r\n\t\t\t\t    $('#threesixty-slider-5461_3Kv0ID').height(originalHeight);\r\n\t\t\t\t    $('#threesixty-slider-5461_3Kv0ID').width(originalWidth);\r\n\t\t\t\t}\r\n\t\t\t},\r\n\t\t\tclose: function() {\r\n\t\t\t    $('#threesixty-slider-5461_3Kv0ID').height('auto');\r\n\t\t\t    $('#threesixty-slider-5461_3Kv0ID').width(600);\r\n\t\t\t}\r\n\t\t},\r\n\t\tcloseMarkup :\"<button class=\\\"mfp-close\\\"><\/button>\"\r\n\t});\r\n\t\tvar product_5461_3Kv0ID = $('#threesixty-slider-5461_3Kv0ID').ThreeSixty({\r\n\t\ttotalFrames: 36,\r\n\t\tendFrame: 0,\r\n\t\tcurrentFrame: 36,\r\n\t\timgList: '.threesixty-images-5461_3Kv0ID',\r\n\t\tprogress: '.threesixty-spinner-5461_3Kv0ID',\r\n\t\tpreview: '.threesixty-preview-5461_3Kv0ID',\r\n\t\timages: ['https:\/\/geemarc.com\/de\/wp-content\/uploads\/sites\/5\/2019\/05\/DSC_0563.jpg','https:\/\/geemarc.com\/de\/wp-content\/uploads\/sites\/5\/2019\/05\/DSC_0562.jpg','https:\/\/geemarc.com\/de\/wp-content\/uploads\/sites\/5\/2019\/05\/DSC_0561.jpg','https:\/\/geemarc.com\/de\/wp-content\/uploads\/sites\/5\/2019\/05\/DSC_0560.jpg','https:\/\/geemarc.com\/de\/wp-content\/uploads\/sites\/5\/2019\/05\/DSC_0559.jpg','https:\/\/geemarc.com\/de\/wp-content\/uploads\/sites\/5\/2019\/05\/DSC_0558.jpg','https:\/\/geemarc.com\/de\/wp-content\/uploads\/sites\/5\/2019\/05\/DSC_0557.jpg','https:\/\/geemarc.com\/de\/wp-content\/uploads\/sites\/5\/2019\/05\/DSC_0556.jpg','https:\/\/geemarc.com\/de\/wp-content\/uploads\/sites\/5\/2019\/05\/DSC_0555.jpg','https:\/\/geemarc.com\/de\/wp-content\/uploads\/sites\/5\/2019\/05\/DSC_0554.jpg','https:\/\/geemarc.com\/de\/wp-content\/uploads\/sites\/5\/2019\/05\/DSC_0553.jpg','https:\/\/geemarc.com\/de\/wp-content\/uploads\/sites\/5\/2019\/05\/DSC_0552.jpg','https:\/\/geemarc.com\/de\/wp-content\/uploads\/sites\/5\/2019\/05\/DSC_0551.jpg','https:\/\/geemarc.com\/de\/wp-content\/uploads\/sites\/5\/2019\/05\/DSC_0550.jpg','https:\/\/geemarc.com\/de\/wp-content\/uploads\/sites\/5\/2019\/05\/DSC_0549.jpg','https:\/\/geemarc.com\/de\/wp-content\/uploads\/sites\/5\/2019\/05\/DSC_0548.jpg','https:\/\/geemarc.com\/de\/wp-content\/uploads\/sites\/5\/2019\/05\/DSC_0547.jpg','https:\/\/geemarc.com\/de\/wp-content\/uploads\/sites\/5\/2019\/05\/DSC_0546.jpg','https:\/\/geemarc.com\/de\/wp-content\/uploads\/sites\/5\/2019\/05\/DSC_0545.jpg','https:\/\/geemarc.com\/de\/wp-content\/uploads\/sites\/5\/2019\/05\/DSC_0544.jpg','https:\/\/geemarc.com\/de\/wp-content\/uploads\/sites\/5\/2019\/05\/DSC_0543.jpg','https:\/\/geemarc.com\/de\/wp-content\/uploads\/sites\/5\/2019\/05\/DSC_0542.jpg','https:\/\/geemarc.com\/de\/wp-content\/uploads\/sites\/5\/2019\/05\/DSC_0541.jpg','https:\/\/geemarc.com\/de\/wp-content\/uploads\/sites\/5\/2019\/05\/DSC_0540.jpg','https:\/\/geemarc.com\/de\/wp-content\/uploads\/sites\/5\/2019\/05\/DSC_0539.jpg','https:\/\/geemarc.com\/de\/wp-content\/uploads\/sites\/5\/2019\/05\/DSC_0538.jpg','https:\/\/geemarc.com\/de\/wp-content\/uploads\/sites\/5\/2019\/05\/DSC_0537.jpg','https:\/\/geemarc.com\/de\/wp-content\/uploads\/sites\/5\/2019\/05\/DSC_0536.jpg','https:\/\/geemarc.com\/de\/wp-content\/uploads\/sites\/5\/2019\/05\/DSC_0535.jpg','https:\/\/geemarc.com\/de\/wp-content\/uploads\/sites\/5\/2019\/05\/DSC_0534.jpg','https:\/\/geemarc.com\/de\/wp-content\/uploads\/sites\/5\/2019\/05\/DSC_0533.jpg','https:\/\/geemarc.com\/de\/wp-content\/uploads\/sites\/5\/2019\/05\/DSC_0532.jpg','https:\/\/geemarc.com\/de\/wp-content\/uploads\/sites\/5\/2019\/05\/DSC_0531.jpg','https:\/\/geemarc.com\/de\/wp-content\/uploads\/sites\/5\/2019\/05\/DSC_0530.jpg','https:\/\/geemarc.com\/de\/wp-content\/uploads\/sites\/5\/2019\/05\/DSC_0529.jpg','https:\/\/geemarc.com\/de\/wp-content\/uploads\/sites\/5\/2019\/05\/DSC_0528.jpg'],\r\n\t\theight: 0,\r\n\t\twidth: 600,\r\n\t\tnavigation: true,\r\n\t\tdrag: true,\r\n\t\tshowCursor: true,\r\n\t\tinterval: 120,\r\n\t\tspeedMultiplier: 3,\r\n\t\t\t\tstartAutoplay: true,\r\n\t\t\t\tonReady: function() {\r\n\t\t\t$(\"#threesixty-slider-5461_3Kv0ID\").removeClass('threesixty-loading');\r\n\t\t\t\t\t\tproduct_5461_3Kv0ID.play();\r\n\t\t\t\t\t\t\t\t}\r\n\t\t\t});\r\n\t\t\t}(jQuery));\r\n<\/script>\n","protected":false},"excerpt":{"rendered":"<p>Verst\u00e4rktes 50dB schnurloses Digitaltelefon mit Gegensprechanlage<\/p>\n","protected":false},"featured_media":5377,"template":"","meta":[],"product_cat":[124],"product_tag":[],"yoast_head":"<!-- This site is optimized with the Yoast SEO plugin v16.9 - https:\/\/yoast.com\/wordpress\/plugins\/seo\/ -->\n<title>AMPLIDECT595 U.L.E - Geemarc Germany<\/title>\n<meta name=\"robots\" content=\"index, follow, max-snippet:-1, max-image-preview:large, max-video-preview:-1\" \/>\n<link rel=\"canonical\" href=\"https:\/\/geemarc.com\/de\/produkt\/amplidect595-u-l-e\/\" \/>\n<meta property=\"og:locale\" content=\"de_DE\" \/>\n<meta property=\"og:type\" content=\"article\" \/>\n<meta property=\"og:title\" content=\"AMPLIDECT595 U.L.E - Geemarc Germany\" \/>\n<meta property=\"og:description\" content=\"Verst\u00e4rktes 50dB schnurloses Digitaltelefon mit Gegensprechanlage\" \/>\n<meta property=\"og:url\" content=\"https:\/\/geemarc.com\/de\/produkt\/amplidect595-u-l-e\/\" \/>\n<meta property=\"og:site_name\" content=\"Geemarc Germany\" \/>\n<meta property=\"article:modified_time\" content=\"2025-06-19T14:45:49+00:00\" \/>\n<meta property=\"og:image\" content=\"https:\/\/geemarc.com\/de\/wp-content\/uploads\/sites\/5\/2019\/05\/AmpliDect595-U.L.E_1.3-2.jpg\" \/>\n\t<meta property=\"og:image:width\" content=\"1900\" \/>\n\t<meta property=\"og:image:height\" content=\"2006\" \/>\n<meta name=\"twitter:card\" content=\"summary_large_image\" \/>\n<meta name=\"twitter:label1\" content=\"Gesch\u00e4tzte Lesezeit\" \/>\n\t<meta name=\"twitter:data1\" content=\"1\u00a0Minute\" \/>\n<script type=\"application\/ld+json\" class=\"yoast-schema-graph\">{\"@context\":\"https:\/\/schema.org\",\"@graph\":[{\"@type\":\"WebSite\",\"@id\":\"https:\/\/geemarc.com\/de\/#website\",\"url\":\"https:\/\/geemarc.com\/de\/\",\"name\":\"Geemarc Germany\",\"description\":\"\",\"potentialAction\":[{\"@type\":\"SearchAction\",\"target\":{\"@type\":\"EntryPoint\",\"urlTemplate\":\"https:\/\/geemarc.com\/de\/?s={search_term_string}\"},\"query-input\":\"required name=search_term_string\"}],\"inLanguage\":\"de\"},{\"@type\":\"ImageObject\",\"@id\":\"https:\/\/geemarc.com\/de\/produkt\/amplidect595-u-l-e\/#primaryimage\",\"inLanguage\":\"de\",\"url\":\"https:\/\/geemarc.com\/de\/wp-content\/uploads\/sites\/5\/2019\/05\/AmpliDect595-U.L.E_1.3-2.jpg\",\"contentUrl\":\"https:\/\/geemarc.com\/de\/wp-content\/uploads\/sites\/5\/2019\/05\/AmpliDect595-U.L.E_1.3-2.jpg\",\"width\":1900,\"height\":2006},{\"@type\":\"WebPage\",\"@id\":\"https:\/\/geemarc.com\/de\/produkt\/amplidect595-u-l-e\/#webpage\",\"url\":\"https:\/\/geemarc.com\/de\/produkt\/amplidect595-u-l-e\/\",\"name\":\"AMPLIDECT595 U.L.E - Geemarc Germany\",\"isPartOf\":{\"@id\":\"https:\/\/geemarc.com\/de\/#website\"},\"primaryImageOfPage\":{\"@id\":\"https:\/\/geemarc.com\/de\/produkt\/amplidect595-u-l-e\/#primaryimage\"},\"datePublished\":\"2019-05-15T10:53:30+00:00\",\"dateModified\":\"2025-06-19T14:45:49+00:00\",\"breadcrumb\":{\"@id\":\"https:\/\/geemarc.com\/de\/produkt\/amplidect595-u-l-e\/#breadcrumb\"},\"inLanguage\":\"de\",\"potentialAction\":[{\"@type\":\"ReadAction\",\"target\":[\"https:\/\/geemarc.com\/de\/produkt\/amplidect595-u-l-e\/\"]}]},{\"@type\":\"BreadcrumbList\",\"@id\":\"https:\/\/geemarc.com\/de\/produkt\/amplidect595-u-l-e\/#breadcrumb\",\"itemListElement\":[{\"@type\":\"ListItem\",\"position\":1,\"name\":\"Home\",\"item\":\"https:\/\/geemarc.com\/de\/\"},{\"@type\":\"ListItem\",\"position\":2,\"name\":\"Shop\",\"item\":\"https:\/\/geemarc.com\/de\/shop\/\"},{\"@type\":\"ListItem\",\"position\":3,\"name\":\"AMPLIDECT595 U.L.E\"}]}]}<\/script>\n<!-- \/ Yoast SEO plugin. -->","yoast_head_json":{"title":"AMPLIDECT595 U.L.E - Geemarc Germany","robots":{"index":"index","follow":"follow","max-snippet":"max-snippet:-1","max-image-preview":"max-image-preview:large","max-video-preview":"max-video-preview:-1"},"canonical":"https:\/\/geemarc.com\/de\/produkt\/amplidect595-u-l-e\/","og_locale":"de_DE","og_type":"article","og_title":"AMPLIDECT595 U.L.E - Geemarc Germany","og_description":"Verst\u00e4rktes 50dB schnurloses Digitaltelefon mit Gegensprechanlage","og_url":"https:\/\/geemarc.com\/de\/produkt\/amplidect595-u-l-e\/","og_site_name":"Geemarc Germany","article_modified_time":"2025-06-19T14:45:49+00:00","og_image":[{"width":1900,"height":2006,"url":"https:\/\/geemarc.com\/de\/wp-content\/uploads\/sites\/5\/2019\/05\/AmpliDect595-U.L.E_1.3-2.jpg","path":"\/home\/g\/e\/geemarcwp\/public_html\/wp-content\/uploads\/sites\/5\/2019\/05\/AmpliDect595-U.L.E_1.3-2.jpg","size":"full","id":5377,"alt":"","pixels":3811400,"type":"image\/jpeg"}],"twitter_card":"summary_large_image","twitter_misc":{"Gesch\u00e4tzte Lesezeit":"1\u00a0Minute"},"schema":{"@context":"https:\/\/schema.org","@graph":[{"@type":"WebSite","@id":"https:\/\/geemarc.com\/de\/#website","url":"https:\/\/geemarc.com\/de\/","name":"Geemarc Germany","description":"","potentialAction":[{"@type":"SearchAction","target":{"@type":"EntryPoint","urlTemplate":"https:\/\/geemarc.com\/de\/?s={search_term_string}"},"query-input":"required name=search_term_string"}],"inLanguage":"de"},{"@type":"ImageObject","@id":"https:\/\/geemarc.com\/de\/produkt\/amplidect595-u-l-e\/#primaryimage","inLanguage":"de","url":"https:\/\/geemarc.com\/de\/wp-content\/uploads\/sites\/5\/2019\/05\/AmpliDect595-U.L.E_1.3-2.jpg","contentUrl":"https:\/\/geemarc.com\/de\/wp-content\/uploads\/sites\/5\/2019\/05\/AmpliDect595-U.L.E_1.3-2.jpg","width":1900,"height":2006},{"@type":"WebPage","@id":"https:\/\/geemarc.com\/de\/produkt\/amplidect595-u-l-e\/#webpage","url":"https:\/\/geemarc.com\/de\/produkt\/amplidect595-u-l-e\/","name":"AMPLIDECT595 U.L.E - Geemarc Germany","isPartOf":{"@id":"https:\/\/geemarc.com\/de\/#website"},"primaryImageOfPage":{"@id":"https:\/\/geemarc.com\/de\/produkt\/amplidect595-u-l-e\/#primaryimage"},"datePublished":"2019-05-15T10:53:30+00:00","dateModified":"2025-06-19T14:45:49+00:00","breadcrumb":{"@id":"https:\/\/geemarc.com\/de\/produkt\/amplidect595-u-l-e\/#breadcrumb"},"inLanguage":"de","potentialAction":[{"@type":"ReadAction","target":["https:\/\/geemarc.com\/de\/produkt\/amplidect595-u-l-e\/"]}]},{"@type":"BreadcrumbList","@id":"https:\/\/geemarc.com\/de\/produkt\/amplidect595-u-l-e\/#breadcrumb","itemListElement":[{"@type":"ListItem","position":1,"name":"Home","item":"https:\/\/geemarc.com\/de\/"},{"@type":"ListItem","position":2,"name":"Shop","item":"https:\/\/geemarc.com\/de\/shop\/"},{"@type":"ListItem","position":3,"name":"AMPLIDECT595 U.L.E"}]}]}},"acf":[],"_links":{"self":[{"href":"https:\/\/geemarc.com\/de\/wp-json\/wp\/v2\/product\/5365"}],"collection":[{"href":"https:\/\/geemarc.com\/de\/wp-json\/wp\/v2\/product"}],"about":[{"href":"https:\/\/geemarc.com\/de\/wp-json\/wp\/v2\/types\/product"}],"wp:featuredmedia":[{"embeddable":true,"href":"https:\/\/geemarc.com\/de\/wp-json\/wp\/v2\/media\/5377"}],"wp:attachment":[{"href":"https:\/\/geemarc.com\/de\/wp-json\/wp\/v2\/media?parent=5365"}],"wp:term":[{"taxonomy":"product_cat","embeddable":true,"href":"https:\/\/geemarc.com\/de\/wp-json\/wp\/v2\/product_cat?post=5365"},{"taxonomy":"product_tag","embeddable":true,"href":"https:\/\/geemarc.com\/de\/wp-json\/wp\/v2\/product_tag?post=5365"}],"curies":[{"name":"wp","href":"https:\/\/api.w.org\/{rel}","templated":true}]}}