{"id":5662,"date":"2019-06-26T10:07:22","date_gmt":"2019-06-26T10:07:22","guid":{"rendered":"http:\/\/geemarc.com\/de\/?post_type=product&#038;p=5662"},"modified":"2022-02-08T11:36:56","modified_gmt":"2022-02-08T11:36:56","slug":"doorbell595-u-l-e","status":"publish","type":"product","link":"https:\/\/geemarc.com\/de\/produkt\/doorbell595-u-l-e\/","title":{"rendered":"DOORBELL595 U.L.E"},"content":{"rendered":"<p>Wenn das DOORBELL595 U.L.E mit dem AMPLIDECT595 U.L.E angemeldet ist, werden Sie dank dem schnurlosen Telefon informiert sein, wenn jemand an der T\u00fcr klingelt.<\/p>\n<p>Mit diesem System ist es auch m\u00f6glich, zwischen das Mobilteil und die Gegensprechanlage zu sprechen.<\/p>\n<p>&nbsp;<\/p>\n<p><strong>EIGENSCHAFT<\/strong><\/p>\n<ul>\n<li>Sender<\/li>\n<li>Drucktaste<\/li>\n<li>Wasserdicht (IP44)<\/li>\n<li>L\u00e4uft mit dem AMPLIDECT595 U.L.E allein oder mit dem AMPLIDECT595 U.L.E und dem RINGER595 U.L.E<\/li>\n<li>Gegensprechanlage<\/li>\n<li>Unterschiedliche Klingelt\u00f6ne f\u00fcr T\u00fcrklingel und Anrufe<\/li>\n<li>Betrieb mit 2 AA<\/li>\n<li>M\u00f6gliche Anmeldung von bis zu 2 DOORBELL595 U.L.E an dem gleichen Telefon<\/li>\n<\/ul>\n<p>&nbsp;<\/p>\n<div id=\"threesixty-slider-5894_FmBvhh\" class=\"threesixty-loading threesixty-image threesixty-dark-blue threesixty-vintage threesixty-no-border\" style=\"width: 600px;\">\r\n\t<div class=\"threesixty-preview-5894_FmBvhh\"><img class=\"threesixty-preview-image\" src=\"https:\/\/geemarc.com\/de\/wp-content\/uploads\/sites\/5\/2019\/07\/DSC_0629.jpg\"\/><\/div>\r\n\t<div class=\"threesixty-spinner threesixty-spinner-5894_FmBvhh\">\r\n\t\t<span>0%<\/span>\r\n\t<\/div>\r\n\t<ol class=\"threesixty-images threesixty-images-5894_FmBvhh\"><\/ol>\r\n\t\t\t<a href=\"#threesixty-slider-5894_FmBvhh\" class=\"threesixty-mfp-anchor\"><\/a>\r\n\t<\/div>\r\n<!--SPV--><script type=\"text\/javascript\">\/\/SPV\r\n(function($) {\r\n\t\t$('#threesixty-slider-5894_FmBvhh .threesixty-mfp-anchor').magnificPopup({\r\n\t\ttype:'inline',\r\n\t\tcloseOnBgClick: true,\r\n\t\tmidClick: true,\r\n\t\t\/\/removalDelay: 300,\r\n  \t\t\/\/mainClass: 'mfp-fade',\r\n\t\tcallbacks: {\r\n\t\t\t resize: function() {\r\n\t\t\t \tvar originalHeight \t= 556,\r\n\t\t\t \t\toriginalWidth \t= 600,\r\n\t\t\t \t\tmfpHeight \t\t= 556,\r\n\t\t\t \t\tmfpWidth \t\t= 600,\r\n\t\t\t \t\tratio \t\t\t= originalWidth \/ originalHeight,\r\n\t\t\t \t\twinHeight \t\t= $(window).height(),\r\n\t\t\t \t\twinWidth \t\t= $(window).width();\r\n\t\t\t \t\r\n\t\t\t \tif ( originalHeight > winHeight * 0.9 ) {\r\n\t\t\t \t\tmfpHeight \t\t= winHeight * 0.9;\r\n\t\t\t \t\tmfpWidth \t\t= mfpHeight * ratio;\r\n\t\t\t\t}\r\n\t\t\t\tif ( mfpWidth > winWidth * 0.9 ) {\r\n\t\t\t \t\tmfpWidth \t\t= winWidth * 0.9;\r\n\t\t\t \t\tmfpHeight \t\t= mfpWidth \/ ratio;\r\n\t\t\t\t}\r\n\t\t\t \tif ( mfpHeight < originalHeight && mfpWidth < originalWidth ) {\r\n\t\t\t\t    $('#threesixty-slider-5894_FmBvhh').height(mfpHeight);\r\n\t\t\t\t    $('#threesixty-slider-5894_FmBvhh').width(mfpWidth);\r\n\t\t\t\t} \r\n\t\t\t\telse {\r\n\t\t\t\t    $('#threesixty-slider-5894_FmBvhh').height(originalHeight);\r\n\t\t\t\t    $('#threesixty-slider-5894_FmBvhh').width(originalWidth);\r\n\t\t\t\t}\r\n\t\t\t},\r\n\t\t\tclose: function() {\r\n\t\t\t    $('#threesixty-slider-5894_FmBvhh').height('auto');\r\n\t\t\t    $('#threesixty-slider-5894_FmBvhh').width(600);\r\n\t\t\t}\r\n\t\t},\r\n\t\tcloseMarkup :\"<button class=\\\"mfp-close\\\"><\/button>\"\r\n\t});\r\n\t\tvar product_5894_FmBvhh = $('#threesixty-slider-5894_FmBvhh').ThreeSixty({\r\n\t\ttotalFrames: 36,\r\n\t\tendFrame: 0,\r\n\t\tcurrentFrame: 36,\r\n\t\timgList: '.threesixty-images-5894_FmBvhh',\r\n\t\tprogress: '.threesixty-spinner-5894_FmBvhh',\r\n\t\tpreview: '.threesixty-preview-5894_FmBvhh',\r\n\t\timages: ['https:\/\/geemarc.com\/de\/wp-content\/uploads\/sites\/5\/2019\/07\/DSC_0664.jpg','https:\/\/geemarc.com\/de\/wp-content\/uploads\/sites\/5\/2019\/07\/DSC_0663.jpg','https:\/\/geemarc.com\/de\/wp-content\/uploads\/sites\/5\/2019\/07\/DSC_0662.jpg','https:\/\/geemarc.com\/de\/wp-content\/uploads\/sites\/5\/2019\/07\/DSC_0661.jpg','https:\/\/geemarc.com\/de\/wp-content\/uploads\/sites\/5\/2019\/07\/DSC_0660.jpg','https:\/\/geemarc.com\/de\/wp-content\/uploads\/sites\/5\/2019\/07\/DSC_0659.jpg','https:\/\/geemarc.com\/de\/wp-content\/uploads\/sites\/5\/2019\/07\/DSC_0658.jpg','https:\/\/geemarc.com\/de\/wp-content\/uploads\/sites\/5\/2019\/07\/DSC_0657.jpg','https:\/\/geemarc.com\/de\/wp-content\/uploads\/sites\/5\/2019\/07\/DSC_0656.jpg','https:\/\/geemarc.com\/de\/wp-content\/uploads\/sites\/5\/2019\/07\/DSC_0655.jpg','https:\/\/geemarc.com\/de\/wp-content\/uploads\/sites\/5\/2019\/07\/DSC_0654.jpg','https:\/\/geemarc.com\/de\/wp-content\/uploads\/sites\/5\/2019\/07\/DSC_0653.jpg','https:\/\/geemarc.com\/de\/wp-content\/uploads\/sites\/5\/2019\/07\/DSC_0652.jpg','https:\/\/geemarc.com\/de\/wp-content\/uploads\/sites\/5\/2019\/07\/DSC_0651.jpg','https:\/\/geemarc.com\/de\/wp-content\/uploads\/sites\/5\/2019\/07\/DSC_0650.jpg','https:\/\/geemarc.com\/de\/wp-content\/uploads\/sites\/5\/2019\/07\/DSC_0649.jpg','https:\/\/geemarc.com\/de\/wp-content\/uploads\/sites\/5\/2019\/07\/DSC_0648.jpg','https:\/\/geemarc.com\/de\/wp-content\/uploads\/sites\/5\/2019\/07\/DSC_0647.jpg','https:\/\/geemarc.com\/de\/wp-content\/uploads\/sites\/5\/2019\/07\/DSC_0646.jpg','https:\/\/geemarc.com\/de\/wp-content\/uploads\/sites\/5\/2019\/07\/DSC_0645.jpg','https:\/\/geemarc.com\/de\/wp-content\/uploads\/sites\/5\/2019\/07\/DSC_0644.jpg','https:\/\/geemarc.com\/de\/wp-content\/uploads\/sites\/5\/2019\/07\/DSC_0643.jpg','https:\/\/geemarc.com\/de\/wp-content\/uploads\/sites\/5\/2019\/07\/DSC_0642.jpg','https:\/\/geemarc.com\/de\/wp-content\/uploads\/sites\/5\/2019\/07\/DSC_0641.jpg','https:\/\/geemarc.com\/de\/wp-content\/uploads\/sites\/5\/2019\/07\/DSC_0640.jpg','https:\/\/geemarc.com\/de\/wp-content\/uploads\/sites\/5\/2019\/07\/DSC_0639.jpg','https:\/\/geemarc.com\/de\/wp-content\/uploads\/sites\/5\/2019\/07\/DSC_0638.jpg','https:\/\/geemarc.com\/de\/wp-content\/uploads\/sites\/5\/2019\/07\/DSC_0637.jpg','https:\/\/geemarc.com\/de\/wp-content\/uploads\/sites\/5\/2019\/07\/DSC_0636.jpg','https:\/\/geemarc.com\/de\/wp-content\/uploads\/sites\/5\/2019\/07\/DSC_0635.jpg','https:\/\/geemarc.com\/de\/wp-content\/uploads\/sites\/5\/2019\/07\/DSC_0634.jpg','https:\/\/geemarc.com\/de\/wp-content\/uploads\/sites\/5\/2019\/07\/DSC_0633.jpg','https:\/\/geemarc.com\/de\/wp-content\/uploads\/sites\/5\/2019\/07\/DSC_0632.jpg','https:\/\/geemarc.com\/de\/wp-content\/uploads\/sites\/5\/2019\/07\/DSC_0631.jpg','https:\/\/geemarc.com\/de\/wp-content\/uploads\/sites\/5\/2019\/07\/DSC_0630.jpg','https:\/\/geemarc.com\/de\/wp-content\/uploads\/sites\/5\/2019\/07\/DSC_0629.jpg'],\r\n\t\theight: 0,\r\n\t\twidth: 600,\r\n\t\tnavigation: true,\r\n\t\tdrag: true,\r\n\t\tshowCursor: true,\r\n\t\tinterval: 120,\r\n\t\tspeedMultiplier: 3,\r\n\t\t\t\tstartAutoplay: true,\r\n\t\t\t\tonReady: function() {\r\n\t\t\t$(\"#threesixty-slider-5894_FmBvhh\").removeClass('threesixty-loading');\r\n\t\t\t\t\t\tproduct_5894_FmBvhh.play();\r\n\t\t\t\t\t\t\t\t}\r\n\t\t\t});\r\n\t\t\t}(jQuery));\r\n<\/script>\n","protected":false},"excerpt":{"rendered":"<p>Funk-Klingeltaster<\/p>\n","protected":false},"featured_media":5707,"template":"","meta":[],"product_cat":[126],"product_tag":[],"yoast_head":"<!-- This site is optimized with the Yoast SEO plugin v16.9 - https:\/\/yoast.com\/wordpress\/plugins\/seo\/ -->\n<title>DOORBELL595 U.L.E - Geemarc Germany<\/title>\n<meta name=\"robots\" content=\"index, follow, max-snippet:-1, max-image-preview:large, max-video-preview:-1\" \/>\n<link rel=\"canonical\" href=\"https:\/\/geemarc.com\/de\/produkt\/doorbell595-u-l-e\/\" \/>\n<meta property=\"og:locale\" content=\"de_DE\" \/>\n<meta property=\"og:type\" content=\"article\" \/>\n<meta property=\"og:title\" content=\"DOORBELL595 U.L.E - Geemarc Germany\" \/>\n<meta property=\"og:description\" content=\"Funk-Klingeltaster\" \/>\n<meta property=\"og:url\" content=\"https:\/\/geemarc.com\/de\/produkt\/doorbell595-u-l-e\/\" \/>\n<meta property=\"og:site_name\" content=\"Geemarc Germany\" \/>\n<meta property=\"article:modified_time\" content=\"2022-02-08T11:36:56+00:00\" \/>\n<meta property=\"og:image\" content=\"https:\/\/geemarc.com\/de\/wp-content\/uploads\/sites\/5\/2019\/06\/Doorbell-595-U.L.E_left-2.jpg\" \/>\n\t<meta property=\"og:image:width\" content=\"3066\" \/>\n\t<meta property=\"og:image:height\" content=\"4694\" \/>\n<meta name=\"twitter:card\" content=\"summary_large_image\" \/>\n<meta name=\"twitter:label1\" content=\"Gesch\u00e4tzte Lesezeit\" \/>\n\t<meta name=\"twitter:data1\" content=\"1\u00a0Minute\" \/>\n<script type=\"application\/ld+json\" class=\"yoast-schema-graph\">{\"@context\":\"https:\/\/schema.org\",\"@graph\":[{\"@type\":\"WebSite\",\"@id\":\"https:\/\/geemarc.com\/de\/#website\",\"url\":\"https:\/\/geemarc.com\/de\/\",\"name\":\"Geemarc Germany\",\"description\":\"\",\"potentialAction\":[{\"@type\":\"SearchAction\",\"target\":{\"@type\":\"EntryPoint\",\"urlTemplate\":\"https:\/\/geemarc.com\/de\/?s={search_term_string}\"},\"query-input\":\"required name=search_term_string\"}],\"inLanguage\":\"de\"},{\"@type\":\"ImageObject\",\"@id\":\"https:\/\/geemarc.com\/de\/produkt\/doorbell595-u-l-e\/#primaryimage\",\"inLanguage\":\"de\",\"url\":\"https:\/\/geemarc.com\/de\/wp-content\/uploads\/sites\/5\/2019\/06\/Doorbell-595-U.L.E_left-2.jpg\",\"contentUrl\":\"https:\/\/geemarc.com\/de\/wp-content\/uploads\/sites\/5\/2019\/06\/Doorbell-595-U.L.E_left-2.jpg\",\"width\":3066,\"height\":4694},{\"@type\":\"WebPage\",\"@id\":\"https:\/\/geemarc.com\/de\/produkt\/doorbell595-u-l-e\/#webpage\",\"url\":\"https:\/\/geemarc.com\/de\/produkt\/doorbell595-u-l-e\/\",\"name\":\"DOORBELL595 U.L.E - Geemarc Germany\",\"isPartOf\":{\"@id\":\"https:\/\/geemarc.com\/de\/#website\"},\"primaryImageOfPage\":{\"@id\":\"https:\/\/geemarc.com\/de\/produkt\/doorbell595-u-l-e\/#primaryimage\"},\"datePublished\":\"2019-06-26T10:07:22+00:00\",\"dateModified\":\"2022-02-08T11:36:56+00:00\",\"breadcrumb\":{\"@id\":\"https:\/\/geemarc.com\/de\/produkt\/doorbell595-u-l-e\/#breadcrumb\"},\"inLanguage\":\"de\",\"potentialAction\":[{\"@type\":\"ReadAction\",\"target\":[\"https:\/\/geemarc.com\/de\/produkt\/doorbell595-u-l-e\/\"]}]},{\"@type\":\"BreadcrumbList\",\"@id\":\"https:\/\/geemarc.com\/de\/produkt\/doorbell595-u-l-e\/#breadcrumb\",\"itemListElement\":[{\"@type\":\"ListItem\",\"position\":1,\"name\":\"Home\",\"item\":\"https:\/\/geemarc.com\/de\/\"},{\"@type\":\"ListItem\",\"position\":2,\"name\":\"Shop\",\"item\":\"https:\/\/geemarc.com\/de\/shop\/\"},{\"@type\":\"ListItem\",\"position\":3,\"name\":\"DOORBELL595 U.L.E\"}]}]}<\/script>\n<!-- \/ Yoast SEO plugin. -->","yoast_head_json":{"title":"DOORBELL595 U.L.E - Geemarc Germany","robots":{"index":"index","follow":"follow","max-snippet":"max-snippet:-1","max-image-preview":"max-image-preview:large","max-video-preview":"max-video-preview:-1"},"canonical":"https:\/\/geemarc.com\/de\/produkt\/doorbell595-u-l-e\/","og_locale":"de_DE","og_type":"article","og_title":"DOORBELL595 U.L.E - Geemarc Germany","og_description":"Funk-Klingeltaster","og_url":"https:\/\/geemarc.com\/de\/produkt\/doorbell595-u-l-e\/","og_site_name":"Geemarc Germany","article_modified_time":"2022-02-08T11:36:56+00:00","og_image":[{"width":3066,"height":4694,"url":"https:\/\/geemarc.com\/de\/wp-content\/uploads\/sites\/5\/2019\/06\/Doorbell-595-U.L.E_left-2.jpg","path":"\/home\/g\/e\/geemarcwp\/public_html\/wp-content\/uploads\/sites\/5\/2019\/06\/Doorbell-595-U.L.E_left-2.jpg","size":"full","id":5707,"alt":"","pixels":14391804,"type":"image\/jpeg"}],"twitter_card":"summary_large_image","twitter_misc":{"Gesch\u00e4tzte Lesezeit":"1\u00a0Minute"},"schema":{"@context":"https:\/\/schema.org","@graph":[{"@type":"WebSite","@id":"https:\/\/geemarc.com\/de\/#website","url":"https:\/\/geemarc.com\/de\/","name":"Geemarc Germany","description":"","potentialAction":[{"@type":"SearchAction","target":{"@type":"EntryPoint","urlTemplate":"https:\/\/geemarc.com\/de\/?s={search_term_string}"},"query-input":"required name=search_term_string"}],"inLanguage":"de"},{"@type":"ImageObject","@id":"https:\/\/geemarc.com\/de\/produkt\/doorbell595-u-l-e\/#primaryimage","inLanguage":"de","url":"https:\/\/geemarc.com\/de\/wp-content\/uploads\/sites\/5\/2019\/06\/Doorbell-595-U.L.E_left-2.jpg","contentUrl":"https:\/\/geemarc.com\/de\/wp-content\/uploads\/sites\/5\/2019\/06\/Doorbell-595-U.L.E_left-2.jpg","width":3066,"height":4694},{"@type":"WebPage","@id":"https:\/\/geemarc.com\/de\/produkt\/doorbell595-u-l-e\/#webpage","url":"https:\/\/geemarc.com\/de\/produkt\/doorbell595-u-l-e\/","name":"DOORBELL595 U.L.E - Geemarc Germany","isPartOf":{"@id":"https:\/\/geemarc.com\/de\/#website"},"primaryImageOfPage":{"@id":"https:\/\/geemarc.com\/de\/produkt\/doorbell595-u-l-e\/#primaryimage"},"datePublished":"2019-06-26T10:07:22+00:00","dateModified":"2022-02-08T11:36:56+00:00","breadcrumb":{"@id":"https:\/\/geemarc.com\/de\/produkt\/doorbell595-u-l-e\/#breadcrumb"},"inLanguage":"de","potentialAction":[{"@type":"ReadAction","target":["https:\/\/geemarc.com\/de\/produkt\/doorbell595-u-l-e\/"]}]},{"@type":"BreadcrumbList","@id":"https:\/\/geemarc.com\/de\/produkt\/doorbell595-u-l-e\/#breadcrumb","itemListElement":[{"@type":"ListItem","position":1,"name":"Home","item":"https:\/\/geemarc.com\/de\/"},{"@type":"ListItem","position":2,"name":"Shop","item":"https:\/\/geemarc.com\/de\/shop\/"},{"@type":"ListItem","position":3,"name":"DOORBELL595 U.L.E"}]}]}},"acf":[],"_links":{"self":[{"href":"https:\/\/geemarc.com\/de\/wp-json\/wp\/v2\/product\/5662"}],"collection":[{"href":"https:\/\/geemarc.com\/de\/wp-json\/wp\/v2\/product"}],"about":[{"href":"https:\/\/geemarc.com\/de\/wp-json\/wp\/v2\/types\/product"}],"wp:featuredmedia":[{"embeddable":true,"href":"https:\/\/geemarc.com\/de\/wp-json\/wp\/v2\/media\/5707"}],"wp:attachment":[{"href":"https:\/\/geemarc.com\/de\/wp-json\/wp\/v2\/media?parent=5662"}],"wp:term":[{"taxonomy":"product_cat","embeddable":true,"href":"https:\/\/geemarc.com\/de\/wp-json\/wp\/v2\/product_cat?post=5662"},{"taxonomy":"product_tag","embeddable":true,"href":"https:\/\/geemarc.com\/de\/wp-json\/wp\/v2\/product_tag?post=5662"}],"curies":[{"name":"wp","href":"https:\/\/api.w.org\/{rel}","templated":true}]}}