{"id":5689,"date":"2019-06-26T13:40:07","date_gmt":"2019-06-26T13:40:07","guid":{"rendered":"http:\/\/geemarc.com\/de\/?post_type=product&#038;p=5689"},"modified":"2025-06-19T14:44:57","modified_gmt":"2025-06-19T14:44:57","slug":"amplidect595-u-l-e-doorbell","status":"publish","type":"product","link":"https:\/\/geemarc.com\/de\/produkt\/amplidect595-u-l-e-doorbell\/","title":{"rendered":"AMPLIDECT595 U.L.E DOORBELL"},"content":{"rendered":"<p>Das AMPLIDECT595 U.L.E DOORBELL besteht aus einem schnurlosen verst\u00e4rkten Telefon (50dB), einer Klingel mit Gegensprechanlage (DOORBELL595 U.L.E) und einem Signalhorn mit Blitzlicht (RINGER595 U.L.E).<\/p>\n<p>Dank diesem neuen System werden Sie nicht nur dank dem RINGER informiert, sondern auch dank dem schnurlosen Telefon AMPLIDECT595 U.L.E, wenn jemand an der T\u00fcr klingelt. Mit diesem System ist sprechen zwischen das Mobilteil und die Gegensprechanlage auch m\u00f6glich.<\/p>\n<p>Als T\u00fcrklingel oder Notfallklingel verwendbar!<\/p>\n<p>&nbsp;<\/p>\n<p><strong>EIGENSCHAFTEN DES AMPLIDECT595 U.L.E<\/strong><\/p>\n<ul>\n<li>H\u00f6rger\u00e4tekompatibel<\/li>\n<li>Ergonomisches Mobilteil mit breiten hintergrundbeleuchteten Tasten f\u00fcr eine vereinfachte Benutzung<\/li>\n<li>Einstellbare H\u00f6rerlautst\u00e4rke bis zu <strong>50dB <\/strong>(Boost Modus)<\/li>\n<li>Tonregelung (3 Stufen)<\/li>\n<li>9 Direktwahltasten auf dem Mobilteil: auf der 9 Tasten (von 1 bis 9) kann man Nummer registrieren<\/li>\n<li>Freisprechfunktion auf dem Mobilteil<\/li>\n<li>Lautsprecher Einstellung<\/li>\n<li>Telefonbuch bis zu 50 Eintr\u00e4ge (Namen und Nummer), 4 mit Sprachansage<\/li>\n<li>VIP Funktion: erm\u00f6glicht eingehende Anrufe nur von Nummern, die im VIP-Verzeichnis gespeichert sind (bis zu 50 Nummern), wenn die Funktion &#8220;Anrufsperre&#8221; aktiviert ist<\/li>\n<li>Wahlwiederholung der 10 letzten gew\u00e4hlten Rufnummern<\/li>\n<li>Direktwahltaste zum Telefonbuch und Men\u00fc auf dem Mobilteil<\/li>\n<li>Einstellbare R-Taste (100ms\/300ms\/600ms)<\/li>\n<li>Notruffunktion (SOS Taste):\n<ul>\n<li>Bis 4 Notruf-Nummer programmierbar<\/li>\n<li>Selbstaufnehmbare Notansage oder die existierende Ansage in 4 w\u00e4hlbaren Sprachen benutzen (English, Franz\u00f6sisch, Deutsch und Niederl\u00e4ndisch)<\/li>\n<\/ul>\n<\/li>\n<\/ul>\n<p>&nbsp;<\/p>\n<p><strong>EIGENSCHAFTEN DES DOORBELL595 U.L.E<\/strong><\/p>\n<ul>\n<li>Sender<\/li>\n<li>Drucktaste<\/li>\n<li>Wasserdicht (IP44)<\/li>\n<li>Gegensprechanlage<\/li>\n<li>Unterschiedliche Klingelt\u00f6ne f\u00fcr T\u00fcrklingel und Anrufe<\/li>\n<li>Betrieb mit 2 AA<\/li>\n<li>DECT U.L.E Technologie (Ultra Low Energy)<\/li>\n<li>Als Standmodell oder zur Wandmontage<\/li>\n<li>Ma\u00dfe: 107x67x30 mm<\/li>\n<li>\u00a0Reichweite:\n<ul>\n<li>Bis 50m im Inneren<\/li>\n<li>Bis 300m im Freifeld<\/li>\n<\/ul>\n<\/li>\n<\/ul>\n<p>&nbsp;<\/p>\n<p><strong>EIGENSCHAFTEN DES RINGER595 U.L.E<\/strong><\/p>\n<ul>\n<li>Empf\u00e4nger<\/li>\n<li>Klingeltonlautst\u00e4rke von 100dB (90 dB bei 1 Meter)<\/li>\n<li>Blitz<\/li>\n<li>Drei Betriebsmodi: Blitzlicht \/ Blitzlicht + Klingel \/ Klingel<\/li>\n<li>Ton- und Klingeltonlautst\u00e4rke: 3 verschiedene Melodien f\u00fcr die Anrufe + 1 Klingelmelodie<\/li>\n<li>Netz- und Batteriebetrieb (3 AA)<\/li>\n<li>DECT U.L.E Technologie (Ultra Low Energy)<\/li>\n<li>Als Standmodell oder zur Wandmontage<\/li>\n<li>Ma\u00dfe: 131x110x40 mm<\/li>\n<li>\u00a0Reichweite:\n<ul>\n<li>Bis 50m im Inneren<\/li>\n<li>Bis 300m im Freifeld<\/li>\n<\/ul>\n<\/li>\n<\/ul>\n<p>&nbsp;<\/p>\n","protected":false},"excerpt":{"rendered":"<p>Pack: 50 dB schnurloses Digitaltelefon + Klingel mit Gegensprechanlage<\/p>\n","protected":false},"featured_media":5706,"template":"","meta":[],"product_cat":[124],"product_tag":[],"yoast_head":"<!-- This site is optimized with the Yoast SEO plugin v16.9 - https:\/\/yoast.com\/wordpress\/plugins\/seo\/ -->\n<title>AMPLIDECT595 U.L.E DOORBELL - Geemarc Germany<\/title>\n<meta name=\"robots\" content=\"index, follow, max-snippet:-1, max-image-preview:large, max-video-preview:-1\" \/>\n<link rel=\"canonical\" href=\"https:\/\/geemarc.com\/de\/produkt\/amplidect595-u-l-e-doorbell\/\" \/>\n<meta property=\"og:locale\" content=\"de_DE\" \/>\n<meta property=\"og:type\" content=\"article\" \/>\n<meta property=\"og:title\" content=\"AMPLIDECT595 U.L.E DOORBELL - Geemarc Germany\" \/>\n<meta property=\"og:description\" content=\"Pack: 50 dB schnurloses Digitaltelefon + Klingel mit Gegensprechanlage\" \/>\n<meta property=\"og:url\" content=\"https:\/\/geemarc.com\/de\/produkt\/amplidect595-u-l-e-doorbell\/\" \/>\n<meta property=\"og:site_name\" content=\"Geemarc Germany\" \/>\n<meta property=\"article:modified_time\" content=\"2025-06-19T14:44:57+00:00\" \/>\n<meta property=\"og:image\" content=\"https:\/\/geemarc.com\/de\/wp-content\/uploads\/sites\/5\/2019\/06\/AmpliDect595-U.L.E-DOORBELL_1_flash_shadow_2.jpg\" \/>\n\t<meta property=\"og:image:width\" content=\"3543\" \/>\n\t<meta property=\"og:image:height\" content=\"2122\" \/>\n<meta name=\"twitter:card\" content=\"summary_large_image\" \/>\n<meta name=\"twitter:label1\" content=\"Gesch\u00e4tzte Lesezeit\" \/>\n\t<meta name=\"twitter:data1\" content=\"2\u00a0Minuten\" \/>\n<script type=\"application\/ld+json\" class=\"yoast-schema-graph\">{\"@context\":\"https:\/\/schema.org\",\"@graph\":[{\"@type\":\"WebSite\",\"@id\":\"https:\/\/geemarc.com\/de\/#website\",\"url\":\"https:\/\/geemarc.com\/de\/\",\"name\":\"Geemarc Germany\",\"description\":\"\",\"potentialAction\":[{\"@type\":\"SearchAction\",\"target\":{\"@type\":\"EntryPoint\",\"urlTemplate\":\"https:\/\/geemarc.com\/de\/?s={search_term_string}\"},\"query-input\":\"required name=search_term_string\"}],\"inLanguage\":\"de\"},{\"@type\":\"ImageObject\",\"@id\":\"https:\/\/geemarc.com\/de\/produkt\/amplidect595-u-l-e-doorbell\/#primaryimage\",\"inLanguage\":\"de\",\"url\":\"https:\/\/geemarc.com\/de\/wp-content\/uploads\/sites\/5\/2019\/06\/AmpliDect595-U.L.E-DOORBELL_1_flash_shadow_2.jpg\",\"contentUrl\":\"https:\/\/geemarc.com\/de\/wp-content\/uploads\/sites\/5\/2019\/06\/AmpliDect595-U.L.E-DOORBELL_1_flash_shadow_2.jpg\",\"width\":3543,\"height\":2122},{\"@type\":\"WebPage\",\"@id\":\"https:\/\/geemarc.com\/de\/produkt\/amplidect595-u-l-e-doorbell\/#webpage\",\"url\":\"https:\/\/geemarc.com\/de\/produkt\/amplidect595-u-l-e-doorbell\/\",\"name\":\"AMPLIDECT595 U.L.E DOORBELL - Geemarc Germany\",\"isPartOf\":{\"@id\":\"https:\/\/geemarc.com\/de\/#website\"},\"primaryImageOfPage\":{\"@id\":\"https:\/\/geemarc.com\/de\/produkt\/amplidect595-u-l-e-doorbell\/#primaryimage\"},\"datePublished\":\"2019-06-26T13:40:07+00:00\",\"dateModified\":\"2025-06-19T14:44:57+00:00\",\"breadcrumb\":{\"@id\":\"https:\/\/geemarc.com\/de\/produkt\/amplidect595-u-l-e-doorbell\/#breadcrumb\"},\"inLanguage\":\"de\",\"potentialAction\":[{\"@type\":\"ReadAction\",\"target\":[\"https:\/\/geemarc.com\/de\/produkt\/amplidect595-u-l-e-doorbell\/\"]}]},{\"@type\":\"BreadcrumbList\",\"@id\":\"https:\/\/geemarc.com\/de\/produkt\/amplidect595-u-l-e-doorbell\/#breadcrumb\",\"itemListElement\":[{\"@type\":\"ListItem\",\"position\":1,\"name\":\"Home\",\"item\":\"https:\/\/geemarc.com\/de\/\"},{\"@type\":\"ListItem\",\"position\":2,\"name\":\"Shop\",\"item\":\"https:\/\/geemarc.com\/de\/shop\/\"},{\"@type\":\"ListItem\",\"position\":3,\"name\":\"AMPLIDECT595 U.L.E DOORBELL\"}]}]}<\/script>\n<!-- \/ Yoast SEO plugin. -->","yoast_head_json":{"title":"AMPLIDECT595 U.L.E DOORBELL - Geemarc Germany","robots":{"index":"index","follow":"follow","max-snippet":"max-snippet:-1","max-image-preview":"max-image-preview:large","max-video-preview":"max-video-preview:-1"},"canonical":"https:\/\/geemarc.com\/de\/produkt\/amplidect595-u-l-e-doorbell\/","og_locale":"de_DE","og_type":"article","og_title":"AMPLIDECT595 U.L.E DOORBELL - Geemarc Germany","og_description":"Pack: 50 dB schnurloses Digitaltelefon + Klingel mit Gegensprechanlage","og_url":"https:\/\/geemarc.com\/de\/produkt\/amplidect595-u-l-e-doorbell\/","og_site_name":"Geemarc Germany","article_modified_time":"2025-06-19T14:44:57+00:00","og_image":[{"width":3543,"height":2122,"url":"https:\/\/geemarc.com\/de\/wp-content\/uploads\/sites\/5\/2019\/06\/AmpliDect595-U.L.E-DOORBELL_1_flash_shadow_2.jpg","path":"\/home\/g\/e\/geemarcwp\/public_html\/wp-content\/uploads\/sites\/5\/2019\/06\/AmpliDect595-U.L.E-DOORBELL_1_flash_shadow_2.jpg","size":"full","id":5706,"alt":"","pixels":7518246,"type":"image\/jpeg"}],"twitter_card":"summary_large_image","twitter_misc":{"Gesch\u00e4tzte Lesezeit":"2\u00a0Minuten"},"schema":{"@context":"https:\/\/schema.org","@graph":[{"@type":"WebSite","@id":"https:\/\/geemarc.com\/de\/#website","url":"https:\/\/geemarc.com\/de\/","name":"Geemarc Germany","description":"","potentialAction":[{"@type":"SearchAction","target":{"@type":"EntryPoint","urlTemplate":"https:\/\/geemarc.com\/de\/?s={search_term_string}"},"query-input":"required name=search_term_string"}],"inLanguage":"de"},{"@type":"ImageObject","@id":"https:\/\/geemarc.com\/de\/produkt\/amplidect595-u-l-e-doorbell\/#primaryimage","inLanguage":"de","url":"https:\/\/geemarc.com\/de\/wp-content\/uploads\/sites\/5\/2019\/06\/AmpliDect595-U.L.E-DOORBELL_1_flash_shadow_2.jpg","contentUrl":"https:\/\/geemarc.com\/de\/wp-content\/uploads\/sites\/5\/2019\/06\/AmpliDect595-U.L.E-DOORBELL_1_flash_shadow_2.jpg","width":3543,"height":2122},{"@type":"WebPage","@id":"https:\/\/geemarc.com\/de\/produkt\/amplidect595-u-l-e-doorbell\/#webpage","url":"https:\/\/geemarc.com\/de\/produkt\/amplidect595-u-l-e-doorbell\/","name":"AMPLIDECT595 U.L.E DOORBELL - Geemarc Germany","isPartOf":{"@id":"https:\/\/geemarc.com\/de\/#website"},"primaryImageOfPage":{"@id":"https:\/\/geemarc.com\/de\/produkt\/amplidect595-u-l-e-doorbell\/#primaryimage"},"datePublished":"2019-06-26T13:40:07+00:00","dateModified":"2025-06-19T14:44:57+00:00","breadcrumb":{"@id":"https:\/\/geemarc.com\/de\/produkt\/amplidect595-u-l-e-doorbell\/#breadcrumb"},"inLanguage":"de","potentialAction":[{"@type":"ReadAction","target":["https:\/\/geemarc.com\/de\/produkt\/amplidect595-u-l-e-doorbell\/"]}]},{"@type":"BreadcrumbList","@id":"https:\/\/geemarc.com\/de\/produkt\/amplidect595-u-l-e-doorbell\/#breadcrumb","itemListElement":[{"@type":"ListItem","position":1,"name":"Home","item":"https:\/\/geemarc.com\/de\/"},{"@type":"ListItem","position":2,"name":"Shop","item":"https:\/\/geemarc.com\/de\/shop\/"},{"@type":"ListItem","position":3,"name":"AMPLIDECT595 U.L.E DOORBELL"}]}]}},"acf":[],"_links":{"self":[{"href":"https:\/\/geemarc.com\/de\/wp-json\/wp\/v2\/product\/5689"}],"collection":[{"href":"https:\/\/geemarc.com\/de\/wp-json\/wp\/v2\/product"}],"about":[{"href":"https:\/\/geemarc.com\/de\/wp-json\/wp\/v2\/types\/product"}],"wp:featuredmedia":[{"embeddable":true,"href":"https:\/\/geemarc.com\/de\/wp-json\/wp\/v2\/media\/5706"}],"wp:attachment":[{"href":"https:\/\/geemarc.com\/de\/wp-json\/wp\/v2\/media?parent=5689"}],"wp:term":[{"taxonomy":"product_cat","embeddable":true,"href":"https:\/\/geemarc.com\/de\/wp-json\/wp\/v2\/product_cat?post=5689"},{"taxonomy":"product_tag","embeddable":true,"href":"https:\/\/geemarc.com\/de\/wp-json\/wp\/v2\/product_tag?post=5689"}],"curies":[{"name":"wp","href":"https:\/\/api.w.org\/{rel}","templated":true}]}}