{"id":5736,"date":"2019-07-30T09:01:30","date_gmt":"2019-07-30T09:01:30","guid":{"rendered":"http:\/\/geemarc.com\/de\/?post_type=product&#038;p=5736"},"modified":"2023-07-24T09:38:38","modified_gmt":"2023-07-24T09:38:38","slug":"amplidect-combi-595","status":"publish","type":"product","link":"https:\/\/geemarc.com\/de\/produkt\/amplidect-combi-595\/","title":{"rendered":"AMPLIDECT COMBI 595"},"content":{"rendered":"<p><strong>ANRUFEN\/SPRECHEN (BASISSTATION)<\/strong><\/p>\n<ul>\n<li>H\u00f6rger\u00e4tekompatibel<\/li>\n<li>Einstellbare H\u00f6rerlautst\u00e4rke bis zu <strong>50dB<\/strong><\/li>\n<li>4 Direktwahltasten mit Sprachansage auf dem schnurgebundenen Teil (3 davon mit Foto)<\/li>\n<li>Freisprechfunktion<\/li>\n<li>Wahlwiederholung der 10 letzten gew\u00e4hlten Rufnummern<\/li>\n<li>Telefonbuch bis zu 50 Eintr\u00e4ge (Namen und Nummer), 4 mit Sprachansage<\/li>\n<li>VIP Funktion: erm\u00f6glicht eingehende Anrufe nur von Nummern, die im VIP-Verzeichnis gespeichert sind (bis zu 50 Nummern), wenn die Funktion &#8220;Anrufsperre&#8221; aktiviert ist<\/li>\n<li style=\"list-style-type: none;\"><\/li>\n<li>Pause Funktion \/ Stummfunktion<\/li>\n<li>Tastatur:\n<ul>\n<li>Breite Tasten (25x14mm)<\/li>\n<li>Gro\u00dfe Schrift (10mm)<\/li>\n<\/ul>\n<\/li>\n<\/ul>\n<p>&nbsp;<\/p>\n<p><strong>AMPLIDECT595 (MOBILTEIL)<\/strong><\/p>\n<ul>\n<li>H\u00f6rger\u00e4tekompatibel (HAC)<\/li>\n<li>Einstellbare H\u00f6rerlautst\u00e4rke bis zu <strong>50dB<\/strong><\/li>\n<li>Lautsprecher Einstellung<\/li>\n<li>9 Direktwahltasten<\/li>\n<li>Wahlwiederholung der 10 letzten gew\u00e4hlten Rufnummern<\/li>\n<li>DECT Phone<\/li>\n<li>Dauerspeicher<\/li>\n<li>Funktioniert mit einem DC Netzteil (enthalten)<\/li>\n<li>3 Batterien ni-Mh 1.2V 600mA (enthalten)<\/li>\n<li>Stand-by Zeit: 2 Tage<\/li>\n<li>Dauergespr\u00e4chszeit: 10 Stunden<\/li>\n<li>Reichweite Au\u00dfen: 300m<\/li>\n<li>Reichweite Innen: 50m<\/li>\n<\/ul>\n<p>&nbsp;<\/p>\n<p><strong>SOS-Taste (BASISSTATION + MOBILTEIL)<\/strong><\/p>\n<ul>\n<li>SOS-Taste:\n<ul>\n<li>M\u00f6glichkeit 4 Nummern zu speichern<\/li>\n<li>M\u00f6glichkeit, Ihre eigene SOS Nachricht aufzunehmen oder die vorherregistrierte zu benutzen (existiert auf Englisch, Franz\u00f6sisch, Deutsch und Niederl\u00e4ndisch)*<\/li>\n<\/ul>\n<\/li>\n<\/ul>\n<p>&nbsp;<\/p>\n<p><strong>Kompatibel mit :<\/strong><\/p>\n<ul>\n<li><span data-wahfont=\"13\">AmpliDect595 U.L.E AD<\/span><\/li>\n<\/ul>\n<p>&nbsp;<\/p>\n<div class=\"success p-tmpl-wrap primary-background\">\n<p><img class=\"p1\" src=\"https:\/\/geemarc.com\/uk\/wp-content\/uploads\/sites\/2\/2019\/04\/Photo-template-Urgence.png\" \/><img class=\"p2\" src=\"https:\/\/geemarc.com\/uk\/wp-content\/uploads\/sites\/2\/2019\/04\/Photo-template-portrait.png\" \/><span class=\"h3 bold\">AUSDRUCKEN IHRER FOTOS<\/span><span class=\"h3\" data-wahfont=\"20\">Exklusive Neuheit Geemarc Telecom<\/span><\/p>\n<div style=\"margin: 10px 0 15px; line-height: 17px;\">Laden Sie die Bilder f\u00fcr die Fototasten hoch und f\u00fcgen Sie sie in die Schablonen ein.<\/div>\n<div class=\"table-cell button-right\" style=\"margin-top: 10px;\"><a class=\"button filled\" href=\"http:\/\/geemarc.com\/p_editor\/Amplidectcombi595\/f\/editor\/\" data-wahfont=\"12\">Foto schablone<\/a><\/div>\n<\/div>\n<div id=\"threesixty-slider-5969_Q2SBqg\" class=\"threesixty-loading threesixty-image threesixty-dark-blue threesixty-vintage threesixty-no-border\" style=\"width: 600px;\">\r\n\t<div class=\"threesixty-preview-5969_Q2SBqg\"><img class=\"threesixty-preview-image\" src=\"https:\/\/geemarc.com\/de\/wp-content\/uploads\/sites\/5\/2019\/07\/DSC_0599-1.jpg\"\/><\/div>\r\n\t<div class=\"threesixty-spinner threesixty-spinner-5969_Q2SBqg\">\r\n\t\t<span>0%<\/span>\r\n\t<\/div>\r\n\t<ol class=\"threesixty-images threesixty-images-5969_Q2SBqg\"><\/ol>\r\n\t\t\t<a href=\"#threesixty-slider-5969_Q2SBqg\" class=\"threesixty-mfp-anchor\"><\/a>\r\n\t<\/div>\r\n<!--SPV--><script type=\"text\/javascript\">\/\/SPV\r\n(function($) {\r\n\t\t$('#threesixty-slider-5969_Q2SBqg .threesixty-mfp-anchor').magnificPopup({\r\n\t\ttype:'inline',\r\n\t\tcloseOnBgClick: true,\r\n\t\tmidClick: true,\r\n\t\t\/\/removalDelay: 300,\r\n  \t\t\/\/mainClass: 'mfp-fade',\r\n\t\tcallbacks: {\r\n\t\t\t resize: function() {\r\n\t\t\t \tvar originalHeight \t= 454,\r\n\t\t\t \t\toriginalWidth \t= 600,\r\n\t\t\t \t\tmfpHeight \t\t= 454,\r\n\t\t\t \t\tmfpWidth \t\t= 600,\r\n\t\t\t \t\tratio \t\t\t= originalWidth \/ originalHeight,\r\n\t\t\t \t\twinHeight \t\t= $(window).height(),\r\n\t\t\t \t\twinWidth \t\t= $(window).width();\r\n\t\t\t \t\r\n\t\t\t \tif ( originalHeight > winHeight * 0.9 ) {\r\n\t\t\t \t\tmfpHeight \t\t= winHeight * 0.9;\r\n\t\t\t \t\tmfpWidth \t\t= mfpHeight * ratio;\r\n\t\t\t\t}\r\n\t\t\t\tif ( mfpWidth > winWidth * 0.9 ) {\r\n\t\t\t \t\tmfpWidth \t\t= winWidth * 0.9;\r\n\t\t\t \t\tmfpHeight \t\t= mfpWidth \/ ratio;\r\n\t\t\t\t}\r\n\t\t\t \tif ( mfpHeight < originalHeight && mfpWidth < originalWidth ) {\r\n\t\t\t\t    $('#threesixty-slider-5969_Q2SBqg').height(mfpHeight);\r\n\t\t\t\t    $('#threesixty-slider-5969_Q2SBqg').width(mfpWidth);\r\n\t\t\t\t} \r\n\t\t\t\telse {\r\n\t\t\t\t    $('#threesixty-slider-5969_Q2SBqg').height(originalHeight);\r\n\t\t\t\t    $('#threesixty-slider-5969_Q2SBqg').width(originalWidth);\r\n\t\t\t\t}\r\n\t\t\t},\r\n\t\t\tclose: function() {\r\n\t\t\t    $('#threesixty-slider-5969_Q2SBqg').height('auto');\r\n\t\t\t    $('#threesixty-slider-5969_Q2SBqg').width(600);\r\n\t\t\t}\r\n\t\t},\r\n\t\tcloseMarkup :\"<button class=\\\"mfp-close\\\"><\/button>\"\r\n\t});\r\n\t\tvar product_5969_Q2SBqg = $('#threesixty-slider-5969_Q2SBqg').ThreeSixty({\r\n\t\ttotalFrames: 36,\r\n\t\tendFrame: 0,\r\n\t\tcurrentFrame: 36,\r\n\t\timgList: '.threesixty-images-5969_Q2SBqg',\r\n\t\tprogress: '.threesixty-spinner-5969_Q2SBqg',\r\n\t\tpreview: '.threesixty-preview-5969_Q2SBqg',\r\n\t\timages: ['https:\/\/geemarc.com\/de\/wp-content\/uploads\/sites\/5\/2019\/07\/DSC_0598-1.jpg','https:\/\/geemarc.com\/de\/wp-content\/uploads\/sites\/5\/2019\/07\/DSC_0633-1.jpg','https:\/\/geemarc.com\/de\/wp-content\/uploads\/sites\/5\/2019\/07\/DSC_0632-1.jpg','https:\/\/geemarc.com\/de\/wp-content\/uploads\/sites\/5\/2019\/07\/DSC_0631-1.jpg','https:\/\/geemarc.com\/de\/wp-content\/uploads\/sites\/5\/2019\/07\/DSC_0630-1.jpg','https:\/\/geemarc.com\/de\/wp-content\/uploads\/sites\/5\/2019\/07\/DSC_0629-1.jpg','https:\/\/geemarc.com\/de\/wp-content\/uploads\/sites\/5\/2019\/07\/DSC_0628-1.jpg','https:\/\/geemarc.com\/de\/wp-content\/uploads\/sites\/5\/2019\/07\/DSC_0627-1.jpg','https:\/\/geemarc.com\/de\/wp-content\/uploads\/sites\/5\/2019\/07\/DSC_0626-1.jpg','https:\/\/geemarc.com\/de\/wp-content\/uploads\/sites\/5\/2019\/07\/DSC_0625-1.jpg','https:\/\/geemarc.com\/de\/wp-content\/uploads\/sites\/5\/2019\/07\/DSC_0624-1.jpg','https:\/\/geemarc.com\/de\/wp-content\/uploads\/sites\/5\/2019\/07\/DSC_0623-1.jpg','https:\/\/geemarc.com\/de\/wp-content\/uploads\/sites\/5\/2019\/07\/DSC_0622-1.jpg','https:\/\/geemarc.com\/de\/wp-content\/uploads\/sites\/5\/2019\/07\/DSC_0621-1.jpg','https:\/\/geemarc.com\/de\/wp-content\/uploads\/sites\/5\/2019\/07\/DSC_0620-1.jpg','https:\/\/geemarc.com\/de\/wp-content\/uploads\/sites\/5\/2019\/07\/DSC_0619-1.jpg','https:\/\/geemarc.com\/de\/wp-content\/uploads\/sites\/5\/2019\/07\/DSC_0618-1.jpg','https:\/\/geemarc.com\/de\/wp-content\/uploads\/sites\/5\/2019\/07\/DSC_0617-1.jpg','https:\/\/geemarc.com\/de\/wp-content\/uploads\/sites\/5\/2019\/07\/DSC_0616-1.jpg','https:\/\/geemarc.com\/de\/wp-content\/uploads\/sites\/5\/2019\/07\/DSC_0615-1.jpg','https:\/\/geemarc.com\/de\/wp-content\/uploads\/sites\/5\/2019\/07\/DSC_0614-1.jpg','https:\/\/geemarc.com\/de\/wp-content\/uploads\/sites\/5\/2019\/07\/DSC_0613-1.jpg','https:\/\/geemarc.com\/de\/wp-content\/uploads\/sites\/5\/2019\/07\/DSC_0612-1.jpg','https:\/\/geemarc.com\/de\/wp-content\/uploads\/sites\/5\/2019\/07\/DSC_0611-1.jpg','https:\/\/geemarc.com\/de\/wp-content\/uploads\/sites\/5\/2019\/07\/DSC_0610-1.jpg','https:\/\/geemarc.com\/de\/wp-content\/uploads\/sites\/5\/2019\/07\/DSC_0609-1.jpg','https:\/\/geemarc.com\/de\/wp-content\/uploads\/sites\/5\/2019\/07\/DSC_0608-1.jpg','https:\/\/geemarc.com\/de\/wp-content\/uploads\/sites\/5\/2019\/07\/DSC_0607-1.jpg','https:\/\/geemarc.com\/de\/wp-content\/uploads\/sites\/5\/2019\/07\/DSC_0606-1.jpg','https:\/\/geemarc.com\/de\/wp-content\/uploads\/sites\/5\/2019\/07\/DSC_0605-1.jpg','https:\/\/geemarc.com\/de\/wp-content\/uploads\/sites\/5\/2019\/07\/DSC_0604-1.jpg','https:\/\/geemarc.com\/de\/wp-content\/uploads\/sites\/5\/2019\/07\/DSC_0603-1.jpg','https:\/\/geemarc.com\/de\/wp-content\/uploads\/sites\/5\/2019\/07\/DSC_0602-1.jpg','https:\/\/geemarc.com\/de\/wp-content\/uploads\/sites\/5\/2019\/07\/DSC_0601-1.jpg','https:\/\/geemarc.com\/de\/wp-content\/uploads\/sites\/5\/2019\/07\/DSC_0600-1.jpg','https:\/\/geemarc.com\/de\/wp-content\/uploads\/sites\/5\/2019\/07\/DSC_0599-1.jpg'],\r\n\t\theight: 0,\r\n\t\twidth: 600,\r\n\t\tnavigation: true,\r\n\t\tdrag: true,\r\n\t\tshowCursor: true,\r\n\t\tinterval: 120,\r\n\t\tspeedMultiplier: 3,\r\n\t\t\t\tstartAutoplay: true,\r\n\t\t\t\tonReady: function() {\r\n\t\t\t$(\"#threesixty-slider-5969_Q2SBqg\").removeClass('threesixty-loading');\r\n\t\t\t\t\t\tproduct_5969_Q2SBqg.play();\r\n\t\t\t\t\t\t\t\t}\r\n\t\t\t});\r\n\t\t\t}(jQuery));\r\n<\/script>\n","protected":false},"excerpt":{"rendered":"<p>Schnurgebundenes Telefon mit SOS-Taste und Zusatzh\u00f6rer<\/p>\n","protected":false},"featured_media":5738,"template":"","meta":[],"product_cat":[125],"product_tag":[],"yoast_head":"<!-- This site is optimized with the Yoast SEO plugin v16.9 - https:\/\/yoast.com\/wordpress\/plugins\/seo\/ -->\n<title>AMPLIDECT COMBI 595 - Geemarc Germany<\/title>\n<meta name=\"robots\" content=\"index, follow, max-snippet:-1, max-image-preview:large, max-video-preview:-1\" \/>\n<link rel=\"canonical\" href=\"https:\/\/geemarc.com\/de\/produkt\/amplidect-combi-595\/\" \/>\n<meta property=\"og:locale\" content=\"de_DE\" \/>\n<meta property=\"og:type\" content=\"article\" \/>\n<meta property=\"og:title\" content=\"AMPLIDECT COMBI 595 - Geemarc Germany\" \/>\n<meta property=\"og:description\" content=\"Schnurgebundenes Telefon mit SOS-Taste und Zusatzh\u00f6rer\" \/>\n<meta property=\"og:url\" content=\"https:\/\/geemarc.com\/de\/produkt\/amplidect-combi-595\/\" \/>\n<meta property=\"og:site_name\" content=\"Geemarc Germany\" \/>\n<meta property=\"article:modified_time\" content=\"2023-07-24T09:38:38+00:00\" \/>\n<meta property=\"og:image\" content=\"https:\/\/geemarc.com\/de\/wp-content\/uploads\/sites\/5\/2019\/07\/AMPLIDECT-COMBI-595_angle_right.jpg\" \/>\n\t<meta property=\"og:image:width\" content=\"3189\" \/>\n\t<meta property=\"og:image:height\" content=\"2008\" \/>\n<meta name=\"twitter:card\" content=\"summary_large_image\" \/>\n<meta name=\"twitter:label1\" content=\"Gesch\u00e4tzte Lesezeit\" \/>\n\t<meta name=\"twitter:data1\" content=\"2\u00a0Minuten\" \/>\n<script type=\"application\/ld+json\" class=\"yoast-schema-graph\">{\"@context\":\"https:\/\/schema.org\",\"@graph\":[{\"@type\":\"WebSite\",\"@id\":\"https:\/\/geemarc.com\/de\/#website\",\"url\":\"https:\/\/geemarc.com\/de\/\",\"name\":\"Geemarc Germany\",\"description\":\"\",\"potentialAction\":[{\"@type\":\"SearchAction\",\"target\":{\"@type\":\"EntryPoint\",\"urlTemplate\":\"https:\/\/geemarc.com\/de\/?s={search_term_string}\"},\"query-input\":\"required name=search_term_string\"}],\"inLanguage\":\"de\"},{\"@type\":\"ImageObject\",\"@id\":\"https:\/\/geemarc.com\/de\/produkt\/amplidect-combi-595\/#primaryimage\",\"inLanguage\":\"de\",\"url\":\"https:\/\/geemarc.com\/de\/wp-content\/uploads\/sites\/5\/2019\/07\/AMPLIDECT-COMBI-595_angle_right.jpg\",\"contentUrl\":\"https:\/\/geemarc.com\/de\/wp-content\/uploads\/sites\/5\/2019\/07\/AMPLIDECT-COMBI-595_angle_right.jpg\",\"width\":3189,\"height\":2008},{\"@type\":\"WebPage\",\"@id\":\"https:\/\/geemarc.com\/de\/produkt\/amplidect-combi-595\/#webpage\",\"url\":\"https:\/\/geemarc.com\/de\/produkt\/amplidect-combi-595\/\",\"name\":\"AMPLIDECT COMBI 595 - Geemarc Germany\",\"isPartOf\":{\"@id\":\"https:\/\/geemarc.com\/de\/#website\"},\"primaryImageOfPage\":{\"@id\":\"https:\/\/geemarc.com\/de\/produkt\/amplidect-combi-595\/#primaryimage\"},\"datePublished\":\"2019-07-30T09:01:30+00:00\",\"dateModified\":\"2023-07-24T09:38:38+00:00\",\"breadcrumb\":{\"@id\":\"https:\/\/geemarc.com\/de\/produkt\/amplidect-combi-595\/#breadcrumb\"},\"inLanguage\":\"de\",\"potentialAction\":[{\"@type\":\"ReadAction\",\"target\":[\"https:\/\/geemarc.com\/de\/produkt\/amplidect-combi-595\/\"]}]},{\"@type\":\"BreadcrumbList\",\"@id\":\"https:\/\/geemarc.com\/de\/produkt\/amplidect-combi-595\/#breadcrumb\",\"itemListElement\":[{\"@type\":\"ListItem\",\"position\":1,\"name\":\"Home\",\"item\":\"https:\/\/geemarc.com\/de\/\"},{\"@type\":\"ListItem\",\"position\":2,\"name\":\"Shop\",\"item\":\"https:\/\/geemarc.com\/de\/shop\/\"},{\"@type\":\"ListItem\",\"position\":3,\"name\":\"AMPLIDECT COMBI 595\"}]}]}<\/script>\n<!-- \/ Yoast SEO plugin. -->","yoast_head_json":{"title":"AMPLIDECT COMBI 595 - Geemarc Germany","robots":{"index":"index","follow":"follow","max-snippet":"max-snippet:-1","max-image-preview":"max-image-preview:large","max-video-preview":"max-video-preview:-1"},"canonical":"https:\/\/geemarc.com\/de\/produkt\/amplidect-combi-595\/","og_locale":"de_DE","og_type":"article","og_title":"AMPLIDECT COMBI 595 - Geemarc Germany","og_description":"Schnurgebundenes Telefon mit SOS-Taste und Zusatzh\u00f6rer","og_url":"https:\/\/geemarc.com\/de\/produkt\/amplidect-combi-595\/","og_site_name":"Geemarc Germany","article_modified_time":"2023-07-24T09:38:38+00:00","og_image":[{"width":3189,"height":2008,"url":"https:\/\/geemarc.com\/de\/wp-content\/uploads\/sites\/5\/2019\/07\/AMPLIDECT-COMBI-595_angle_right.jpg","path":"\/home\/g\/e\/geemarcwp\/public_html\/wp-content\/uploads\/sites\/5\/2019\/07\/AMPLIDECT-COMBI-595_angle_right.jpg","size":"full","id":5738,"alt":"","pixels":6403512,"type":"image\/jpeg"}],"twitter_card":"summary_large_image","twitter_misc":{"Gesch\u00e4tzte Lesezeit":"2\u00a0Minuten"},"schema":{"@context":"https:\/\/schema.org","@graph":[{"@type":"WebSite","@id":"https:\/\/geemarc.com\/de\/#website","url":"https:\/\/geemarc.com\/de\/","name":"Geemarc Germany","description":"","potentialAction":[{"@type":"SearchAction","target":{"@type":"EntryPoint","urlTemplate":"https:\/\/geemarc.com\/de\/?s={search_term_string}"},"query-input":"required name=search_term_string"}],"inLanguage":"de"},{"@type":"ImageObject","@id":"https:\/\/geemarc.com\/de\/produkt\/amplidect-combi-595\/#primaryimage","inLanguage":"de","url":"https:\/\/geemarc.com\/de\/wp-content\/uploads\/sites\/5\/2019\/07\/AMPLIDECT-COMBI-595_angle_right.jpg","contentUrl":"https:\/\/geemarc.com\/de\/wp-content\/uploads\/sites\/5\/2019\/07\/AMPLIDECT-COMBI-595_angle_right.jpg","width":3189,"height":2008},{"@type":"WebPage","@id":"https:\/\/geemarc.com\/de\/produkt\/amplidect-combi-595\/#webpage","url":"https:\/\/geemarc.com\/de\/produkt\/amplidect-combi-595\/","name":"AMPLIDECT COMBI 595 - Geemarc Germany","isPartOf":{"@id":"https:\/\/geemarc.com\/de\/#website"},"primaryImageOfPage":{"@id":"https:\/\/geemarc.com\/de\/produkt\/amplidect-combi-595\/#primaryimage"},"datePublished":"2019-07-30T09:01:30+00:00","dateModified":"2023-07-24T09:38:38+00:00","breadcrumb":{"@id":"https:\/\/geemarc.com\/de\/produkt\/amplidect-combi-595\/#breadcrumb"},"inLanguage":"de","potentialAction":[{"@type":"ReadAction","target":["https:\/\/geemarc.com\/de\/produkt\/amplidect-combi-595\/"]}]},{"@type":"BreadcrumbList","@id":"https:\/\/geemarc.com\/de\/produkt\/amplidect-combi-595\/#breadcrumb","itemListElement":[{"@type":"ListItem","position":1,"name":"Home","item":"https:\/\/geemarc.com\/de\/"},{"@type":"ListItem","position":2,"name":"Shop","item":"https:\/\/geemarc.com\/de\/shop\/"},{"@type":"ListItem","position":3,"name":"AMPLIDECT COMBI 595"}]}]}},"acf":[],"_links":{"self":[{"href":"https:\/\/geemarc.com\/de\/wp-json\/wp\/v2\/product\/5736"}],"collection":[{"href":"https:\/\/geemarc.com\/de\/wp-json\/wp\/v2\/product"}],"about":[{"href":"https:\/\/geemarc.com\/de\/wp-json\/wp\/v2\/types\/product"}],"wp:featuredmedia":[{"embeddable":true,"href":"https:\/\/geemarc.com\/de\/wp-json\/wp\/v2\/media\/5738"}],"wp:attachment":[{"href":"https:\/\/geemarc.com\/de\/wp-json\/wp\/v2\/media?parent=5736"}],"wp:term":[{"taxonomy":"product_cat","embeddable":true,"href":"https:\/\/geemarc.com\/de\/wp-json\/wp\/v2\/product_cat?post=5736"},{"taxonomy":"product_tag","embeddable":true,"href":"https:\/\/geemarc.com\/de\/wp-json\/wp\/v2\/product_tag?post=5736"}],"curies":[{"name":"wp","href":"https:\/\/api.w.org\/{rel}","templated":true}]}}