{"id":584,"date":"2017-05-28T10:19:18","date_gmt":"2017-05-28T10:19:18","guid":{"rendered":"http:\/\/geemarc.com\/de\/product\/kiwibeat-music-101-171\/"},"modified":"2018-06-26T13:17:51","modified_gmt":"2018-06-26T13:17:51","slug":"kiwibeat-music-101-171","status":"publish","type":"product","link":"https:\/\/geemarc.com\/de\/produkt\/kiwibeat-music-101-171\/","title":{"rendered":"KIWIBEAT MUSIC 101"},"content":{"rendered":"<p><span style=\"color: #000000; font-family: verdana, geneva; font-size: small;\">Dieser Kopfh\u00f6rer sch\u00fctzt die Ohren von Ihren Kindern dank seiner ged\u00e4mpften Lautst\u00e4rkung. Das Ger\u00e4t hat ein ausgewogenes Klangbild. Dieses Produkt und das Kabel sind sehr robust und f\u00fcr Kinder konstruiert. Kompatibel mit meisten Handys und Audio-Produkten.<\/span><br \/>\n<strong><span style=\"color: #000000; font-family: verdana, geneva; font-size: small;\">LEISTUNGSMERKMALE:<\/span><\/strong><\/p>\n<ul>\n<li><span style=\"font-family: verdana, geneva; font-size: small;\">Durchmesser vom H\u00f6rer : 40mm<\/span><\/li>\n<li><span style=\"font-family: verdana, geneva; font-size: small;\">Empfangsverst\u00e4rkung Maxi: &lt; 85dB (EN50332-2) SPL<\/span><\/li>\n<li><span style=\"font-family: verdana, geneva; font-size: small;\">Impedanz 32 ohm<\/span><\/li>\n<li><span style=\"font-family: verdana, geneva; font-size: small;\">Frequenz : 20-20KHz<\/span><\/li>\n<li><span style=\"font-family: verdana, geneva; font-size: small;\">1.2 M Kabel<\/span><\/li>\n<li><span style=\"font-family: verdana, geneva; font-size: small;\">3.5 mm Jack-Klinkenstecke<\/span><\/li>\n<\/ul>\n","protected":false},"excerpt":{"rendered":"<p>KIWIBEAT MUSIC 101<\/p>\n","protected":false},"featured_media":3484,"template":"","meta":[],"product_cat":[135],"product_tag":[],"yoast_head":"<!-- This site is optimized with the Yoast SEO plugin v16.9 - https:\/\/yoast.com\/wordpress\/plugins\/seo\/ -->\n<title>KIWIBEAT MUSIC 101 - Geemarc Germany<\/title>\n<meta name=\"robots\" content=\"index, follow, max-snippet:-1, max-image-preview:large, max-video-preview:-1\" \/>\n<link rel=\"canonical\" href=\"https:\/\/geemarc.com\/de\/produkt\/kiwibeat-music-101-171\/\" \/>\n<meta property=\"og:locale\" content=\"de_DE\" \/>\n<meta property=\"og:type\" content=\"article\" \/>\n<meta property=\"og:title\" content=\"KIWIBEAT MUSIC 101 - Geemarc Germany\" \/>\n<meta property=\"og:description\" content=\"KIWIBEAT MUSIC 101\" \/>\n<meta property=\"og:url\" content=\"https:\/\/geemarc.com\/de\/produkt\/kiwibeat-music-101-171\/\" \/>\n<meta property=\"og:site_name\" content=\"Geemarc Germany\" \/>\n<meta property=\"article:modified_time\" content=\"2018-06-26T13:17:51+00:00\" \/>\n<meta property=\"og:image\" content=\"https:\/\/geemarc.com\/de\/wp-content\/uploads\/sites\/5\/2017\/05\/KiwiBeat_GREEN_01.jpg\" \/>\n\t<meta property=\"og:image:width\" content=\"1800\" \/>\n\t<meta property=\"og:image:height\" content=\"1800\" \/>\n<meta name=\"twitter:card\" content=\"summary_large_image\" \/>\n<script type=\"application\/ld+json\" class=\"yoast-schema-graph\">{\"@context\":\"https:\/\/schema.org\",\"@graph\":[{\"@type\":\"WebSite\",\"@id\":\"https:\/\/geemarc.com\/de\/#website\",\"url\":\"https:\/\/geemarc.com\/de\/\",\"name\":\"Geemarc Germany\",\"description\":\"\",\"potentialAction\":[{\"@type\":\"SearchAction\",\"target\":{\"@type\":\"EntryPoint\",\"urlTemplate\":\"https:\/\/geemarc.com\/de\/?s={search_term_string}\"},\"query-input\":\"required name=search_term_string\"}],\"inLanguage\":\"de\"},{\"@type\":\"ImageObject\",\"@id\":\"https:\/\/geemarc.com\/de\/produkt\/kiwibeat-music-101-171\/#primaryimage\",\"inLanguage\":\"de\",\"url\":\"https:\/\/geemarc.com\/de\/wp-content\/uploads\/sites\/5\/2017\/05\/KiwiBeat_GREEN_01.jpg\",\"contentUrl\":\"https:\/\/geemarc.com\/de\/wp-content\/uploads\/sites\/5\/2017\/05\/KiwiBeat_GREEN_01.jpg\",\"width\":1800,\"height\":1800},{\"@type\":\"WebPage\",\"@id\":\"https:\/\/geemarc.com\/de\/produkt\/kiwibeat-music-101-171\/#webpage\",\"url\":\"https:\/\/geemarc.com\/de\/produkt\/kiwibeat-music-101-171\/\",\"name\":\"KIWIBEAT MUSIC 101 - Geemarc Germany\",\"isPartOf\":{\"@id\":\"https:\/\/geemarc.com\/de\/#website\"},\"primaryImageOfPage\":{\"@id\":\"https:\/\/geemarc.com\/de\/produkt\/kiwibeat-music-101-171\/#primaryimage\"},\"datePublished\":\"2017-05-28T10:19:18+00:00\",\"dateModified\":\"2018-06-26T13:17:51+00:00\",\"breadcrumb\":{\"@id\":\"https:\/\/geemarc.com\/de\/produkt\/kiwibeat-music-101-171\/#breadcrumb\"},\"inLanguage\":\"de\",\"potentialAction\":[{\"@type\":\"ReadAction\",\"target\":[\"https:\/\/geemarc.com\/de\/produkt\/kiwibeat-music-101-171\/\"]}]},{\"@type\":\"BreadcrumbList\",\"@id\":\"https:\/\/geemarc.com\/de\/produkt\/kiwibeat-music-101-171\/#breadcrumb\",\"itemListElement\":[{\"@type\":\"ListItem\",\"position\":1,\"name\":\"Home\",\"item\":\"https:\/\/geemarc.com\/de\/\"},{\"@type\":\"ListItem\",\"position\":2,\"name\":\"Shop\",\"item\":\"https:\/\/geemarc.com\/de\/shop\/\"},{\"@type\":\"ListItem\",\"position\":3,\"name\":\"KIWIBEAT MUSIC 101\"}]}]}<\/script>\n<!-- \/ Yoast SEO plugin. -->","yoast_head_json":{"title":"KIWIBEAT MUSIC 101 - Geemarc Germany","robots":{"index":"index","follow":"follow","max-snippet":"max-snippet:-1","max-image-preview":"max-image-preview:large","max-video-preview":"max-video-preview:-1"},"canonical":"https:\/\/geemarc.com\/de\/produkt\/kiwibeat-music-101-171\/","og_locale":"de_DE","og_type":"article","og_title":"KIWIBEAT MUSIC 101 - Geemarc Germany","og_description":"KIWIBEAT MUSIC 101","og_url":"https:\/\/geemarc.com\/de\/produkt\/kiwibeat-music-101-171\/","og_site_name":"Geemarc Germany","article_modified_time":"2018-06-26T13:17:51+00:00","og_image":[{"width":1800,"height":1800,"url":"https:\/\/geemarc.com\/de\/wp-content\/uploads\/sites\/5\/2017\/05\/KiwiBeat_GREEN_01.jpg","path":"\/home\/g\/e\/geemarcwp\/public_html\/wp-content\/uploads\/sites\/5\/2017\/05\/KiwiBeat_GREEN_01.jpg","size":"full","id":3484,"alt":"","pixels":3240000,"type":"image\/jpeg"}],"twitter_card":"summary_large_image","schema":{"@context":"https:\/\/schema.org","@graph":[{"@type":"WebSite","@id":"https:\/\/geemarc.com\/de\/#website","url":"https:\/\/geemarc.com\/de\/","name":"Geemarc Germany","description":"","potentialAction":[{"@type":"SearchAction","target":{"@type":"EntryPoint","urlTemplate":"https:\/\/geemarc.com\/de\/?s={search_term_string}"},"query-input":"required name=search_term_string"}],"inLanguage":"de"},{"@type":"ImageObject","@id":"https:\/\/geemarc.com\/de\/produkt\/kiwibeat-music-101-171\/#primaryimage","inLanguage":"de","url":"https:\/\/geemarc.com\/de\/wp-content\/uploads\/sites\/5\/2017\/05\/KiwiBeat_GREEN_01.jpg","contentUrl":"https:\/\/geemarc.com\/de\/wp-content\/uploads\/sites\/5\/2017\/05\/KiwiBeat_GREEN_01.jpg","width":1800,"height":1800},{"@type":"WebPage","@id":"https:\/\/geemarc.com\/de\/produkt\/kiwibeat-music-101-171\/#webpage","url":"https:\/\/geemarc.com\/de\/produkt\/kiwibeat-music-101-171\/","name":"KIWIBEAT MUSIC 101 - Geemarc Germany","isPartOf":{"@id":"https:\/\/geemarc.com\/de\/#website"},"primaryImageOfPage":{"@id":"https:\/\/geemarc.com\/de\/produkt\/kiwibeat-music-101-171\/#primaryimage"},"datePublished":"2017-05-28T10:19:18+00:00","dateModified":"2018-06-26T13:17:51+00:00","breadcrumb":{"@id":"https:\/\/geemarc.com\/de\/produkt\/kiwibeat-music-101-171\/#breadcrumb"},"inLanguage":"de","potentialAction":[{"@type":"ReadAction","target":["https:\/\/geemarc.com\/de\/produkt\/kiwibeat-music-101-171\/"]}]},{"@type":"BreadcrumbList","@id":"https:\/\/geemarc.com\/de\/produkt\/kiwibeat-music-101-171\/#breadcrumb","itemListElement":[{"@type":"ListItem","position":1,"name":"Home","item":"https:\/\/geemarc.com\/de\/"},{"@type":"ListItem","position":2,"name":"Shop","item":"https:\/\/geemarc.com\/de\/shop\/"},{"@type":"ListItem","position":3,"name":"KIWIBEAT MUSIC 101"}]}]}},"acf":[],"_links":{"self":[{"href":"https:\/\/geemarc.com\/de\/wp-json\/wp\/v2\/product\/584"}],"collection":[{"href":"https:\/\/geemarc.com\/de\/wp-json\/wp\/v2\/product"}],"about":[{"href":"https:\/\/geemarc.com\/de\/wp-json\/wp\/v2\/types\/product"}],"wp:featuredmedia":[{"embeddable":true,"href":"https:\/\/geemarc.com\/de\/wp-json\/wp\/v2\/media\/3484"}],"wp:attachment":[{"href":"https:\/\/geemarc.com\/de\/wp-json\/wp\/v2\/media?parent=584"}],"wp:term":[{"taxonomy":"product_cat","embeddable":true,"href":"https:\/\/geemarc.com\/de\/wp-json\/wp\/v2\/product_cat?post=584"},{"taxonomy":"product_tag","embeddable":true,"href":"https:\/\/geemarc.com\/de\/wp-json\/wp\/v2\/product_tag?post=584"}],"curies":[{"name":"wp","href":"https:\/\/api.w.org\/{rel}","templated":true}]}}