{"id":599,"date":"2016-06-22T09:26:02","date_gmt":"2016-06-22T09:26:02","guid":{"rendered":"http:\/\/geemarc.com\/de\/product\/loopmat\/"},"modified":"2018-06-28T14:14:03","modified_gmt":"2018-06-28T14:14:03","slug":"loopmat","status":"publish","type":"product","link":"https:\/\/geemarc.com\/de\/produkt\/loopmat\/","title":{"rendered":"LoopMAT"},"content":{"rendered":"<p>Die LoopMat ist eine Fu\u03b2bodenmatte mit eingebauter Ringschleife. Sie ist f\u00fcr den Empfang von schwerh\u00f6rigen Leuten, die H\u00f6rger\u00e4te mit T- Position tragen, geeignet.<\/p>\n<p><strong><span style=\"font-family: verdana, geneva; font-size: small;\">BESCHREIBUNG:<\/span><\/strong><\/p>\n<ul>\n<li><span style=\"font-family: verdana, geneva; font-size: small;\">1 M 2x1mm\u00b2 Kabel (\u00fcberzogener Kupfer) mit verzinnten Drahtenden<\/span><\/li>\n<li><span style=\"font-family: verdana, geneva; font-size: small;\">Grr\u00f6\u00dfe : 600x600mm\u00a0<\/span><\/li>\n<li><span style=\"font-family: verdana, geneva; font-size: small;\">Material : synthetisches Kautschuk-Copolymer aus Acrylnitril (ACN) und Butadien.<\/span><\/li>\n<li><span style=\"font-family: verdana, geneva; font-size: small;\">Hohe Strapazierf\u00e4higkeit\u00a0<\/span><\/li>\n<li><span style=\"font-family: verdana, geneva; font-size: small;\">Hohe Abriebfestigkeit, auch bei hohen Temperaturen<\/span><\/li>\n<li><span style=\"font-family: verdana, geneva; font-size: small;\">Best\u00e4ndig gegen\u00fcber \u00d6len und S\u00e4uren\u00a0<\/span><\/li>\n<li><span style=\"font-family: verdana, geneva; font-size: small;\">Hervorragende antistatische Eigenschaften von NBR-Kautschuk<\/span><\/li>\n<li><span style=\"font-family: verdana, geneva; font-size: small;\">Hoher brandwiderstand\u00a0<\/span><\/li>\n<li><span style=\"font-family: verdana, geneva; font-size: small;\">Im Freien nur eingeschr\u00e4nkt geeignet<\/span><\/li>\n<li><span style=\"font-family: verdana, geneva; font-size: small;\">3M-Klebefolie \u00fcber die ganze untere Oberfl\u00e4che\u00a0<\/span><\/li>\n<li><span style=\"font-family: verdana, geneva; font-size: small;\">Funktioniert mit unseren LoopHear LH102, LH150 et LH160<\/span><\/li>\n<\/ul>\n","protected":false},"excerpt":{"rendered":"<p>LoopMat<\/p>\n","protected":false},"featured_media":4033,"template":"","meta":[],"product_cat":[118],"product_tag":[],"yoast_head":"<!-- This site is optimized with the Yoast SEO plugin v16.9 - https:\/\/yoast.com\/wordpress\/plugins\/seo\/ -->\n<title>LoopMAT - Geemarc Germany<\/title>\n<meta name=\"robots\" content=\"index, follow, max-snippet:-1, max-image-preview:large, max-video-preview:-1\" \/>\n<link rel=\"canonical\" href=\"https:\/\/geemarc.com\/de\/produkt\/loopmat\/\" \/>\n<meta property=\"og:locale\" content=\"de_DE\" \/>\n<meta property=\"og:type\" content=\"article\" \/>\n<meta property=\"og:title\" content=\"LoopMAT - Geemarc Germany\" \/>\n<meta property=\"og:description\" content=\"LoopMat\" \/>\n<meta property=\"og:url\" content=\"https:\/\/geemarc.com\/de\/produkt\/loopmat\/\" \/>\n<meta property=\"og:site_name\" content=\"Geemarc Germany\" \/>\n<meta property=\"article:modified_time\" content=\"2018-06-28T14:14:03+00:00\" \/>\n<meta property=\"og:image\" content=\"https:\/\/geemarc.com\/de\/wp-content\/uploads\/sites\/5\/2016\/06\/LoopMat-black.jpg\" \/>\n\t<meta property=\"og:image:width\" content=\"1346\" \/>\n\t<meta property=\"og:image:height\" content=\"1218\" \/>\n<meta name=\"twitter:card\" content=\"summary_large_image\" \/>\n<script type=\"application\/ld+json\" class=\"yoast-schema-graph\">{\"@context\":\"https:\/\/schema.org\",\"@graph\":[{\"@type\":\"WebSite\",\"@id\":\"https:\/\/geemarc.com\/de\/#website\",\"url\":\"https:\/\/geemarc.com\/de\/\",\"name\":\"Geemarc Germany\",\"description\":\"\",\"potentialAction\":[{\"@type\":\"SearchAction\",\"target\":{\"@type\":\"EntryPoint\",\"urlTemplate\":\"https:\/\/geemarc.com\/de\/?s={search_term_string}\"},\"query-input\":\"required name=search_term_string\"}],\"inLanguage\":\"de\"},{\"@type\":\"ImageObject\",\"@id\":\"https:\/\/geemarc.com\/de\/produkt\/loopmat\/#primaryimage\",\"inLanguage\":\"de\",\"url\":\"https:\/\/geemarc.com\/de\/wp-content\/uploads\/sites\/5\/2016\/06\/LoopMat-black.jpg\",\"contentUrl\":\"https:\/\/geemarc.com\/de\/wp-content\/uploads\/sites\/5\/2016\/06\/LoopMat-black.jpg\",\"width\":1346,\"height\":1218},{\"@type\":\"WebPage\",\"@id\":\"https:\/\/geemarc.com\/de\/produkt\/loopmat\/#webpage\",\"url\":\"https:\/\/geemarc.com\/de\/produkt\/loopmat\/\",\"name\":\"LoopMAT - Geemarc Germany\",\"isPartOf\":{\"@id\":\"https:\/\/geemarc.com\/de\/#website\"},\"primaryImageOfPage\":{\"@id\":\"https:\/\/geemarc.com\/de\/produkt\/loopmat\/#primaryimage\"},\"datePublished\":\"2016-06-22T09:26:02+00:00\",\"dateModified\":\"2018-06-28T14:14:03+00:00\",\"breadcrumb\":{\"@id\":\"https:\/\/geemarc.com\/de\/produkt\/loopmat\/#breadcrumb\"},\"inLanguage\":\"de\",\"potentialAction\":[{\"@type\":\"ReadAction\",\"target\":[\"https:\/\/geemarc.com\/de\/produkt\/loopmat\/\"]}]},{\"@type\":\"BreadcrumbList\",\"@id\":\"https:\/\/geemarc.com\/de\/produkt\/loopmat\/#breadcrumb\",\"itemListElement\":[{\"@type\":\"ListItem\",\"position\":1,\"name\":\"Home\",\"item\":\"https:\/\/geemarc.com\/de\/\"},{\"@type\":\"ListItem\",\"position\":2,\"name\":\"Shop\",\"item\":\"https:\/\/geemarc.com\/de\/shop\/\"},{\"@type\":\"ListItem\",\"position\":3,\"name\":\"LoopMAT\"}]}]}<\/script>\n<!-- \/ Yoast SEO plugin. -->","yoast_head_json":{"title":"LoopMAT - Geemarc Germany","robots":{"index":"index","follow":"follow","max-snippet":"max-snippet:-1","max-image-preview":"max-image-preview:large","max-video-preview":"max-video-preview:-1"},"canonical":"https:\/\/geemarc.com\/de\/produkt\/loopmat\/","og_locale":"de_DE","og_type":"article","og_title":"LoopMAT - Geemarc Germany","og_description":"LoopMat","og_url":"https:\/\/geemarc.com\/de\/produkt\/loopmat\/","og_site_name":"Geemarc Germany","article_modified_time":"2018-06-28T14:14:03+00:00","og_image":[{"width":1346,"height":1218,"url":"https:\/\/geemarc.com\/de\/wp-content\/uploads\/sites\/5\/2016\/06\/LoopMat-black.jpg","path":"\/home\/g\/e\/geemarcwp\/public_html\/wp-content\/uploads\/sites\/5\/2016\/06\/LoopMat-black.jpg","size":"full","id":4033,"alt":"","pixels":1639428,"type":"image\/jpeg"}],"twitter_card":"summary_large_image","schema":{"@context":"https:\/\/schema.org","@graph":[{"@type":"WebSite","@id":"https:\/\/geemarc.com\/de\/#website","url":"https:\/\/geemarc.com\/de\/","name":"Geemarc Germany","description":"","potentialAction":[{"@type":"SearchAction","target":{"@type":"EntryPoint","urlTemplate":"https:\/\/geemarc.com\/de\/?s={search_term_string}"},"query-input":"required name=search_term_string"}],"inLanguage":"de"},{"@type":"ImageObject","@id":"https:\/\/geemarc.com\/de\/produkt\/loopmat\/#primaryimage","inLanguage":"de","url":"https:\/\/geemarc.com\/de\/wp-content\/uploads\/sites\/5\/2016\/06\/LoopMat-black.jpg","contentUrl":"https:\/\/geemarc.com\/de\/wp-content\/uploads\/sites\/5\/2016\/06\/LoopMat-black.jpg","width":1346,"height":1218},{"@type":"WebPage","@id":"https:\/\/geemarc.com\/de\/produkt\/loopmat\/#webpage","url":"https:\/\/geemarc.com\/de\/produkt\/loopmat\/","name":"LoopMAT - Geemarc Germany","isPartOf":{"@id":"https:\/\/geemarc.com\/de\/#website"},"primaryImageOfPage":{"@id":"https:\/\/geemarc.com\/de\/produkt\/loopmat\/#primaryimage"},"datePublished":"2016-06-22T09:26:02+00:00","dateModified":"2018-06-28T14:14:03+00:00","breadcrumb":{"@id":"https:\/\/geemarc.com\/de\/produkt\/loopmat\/#breadcrumb"},"inLanguage":"de","potentialAction":[{"@type":"ReadAction","target":["https:\/\/geemarc.com\/de\/produkt\/loopmat\/"]}]},{"@type":"BreadcrumbList","@id":"https:\/\/geemarc.com\/de\/produkt\/loopmat\/#breadcrumb","itemListElement":[{"@type":"ListItem","position":1,"name":"Home","item":"https:\/\/geemarc.com\/de\/"},{"@type":"ListItem","position":2,"name":"Shop","item":"https:\/\/geemarc.com\/de\/shop\/"},{"@type":"ListItem","position":3,"name":"LoopMAT"}]}]}},"acf":[],"_links":{"self":[{"href":"https:\/\/geemarc.com\/de\/wp-json\/wp\/v2\/product\/599"}],"collection":[{"href":"https:\/\/geemarc.com\/de\/wp-json\/wp\/v2\/product"}],"about":[{"href":"https:\/\/geemarc.com\/de\/wp-json\/wp\/v2\/types\/product"}],"wp:featuredmedia":[{"embeddable":true,"href":"https:\/\/geemarc.com\/de\/wp-json\/wp\/v2\/media\/4033"}],"wp:attachment":[{"href":"https:\/\/geemarc.com\/de\/wp-json\/wp\/v2\/media?parent=599"}],"wp:term":[{"taxonomy":"product_cat","embeddable":true,"href":"https:\/\/geemarc.com\/de\/wp-json\/wp\/v2\/product_cat?post=599"},{"taxonomy":"product_tag","embeddable":true,"href":"https:\/\/geemarc.com\/de\/wp-json\/wp\/v2\/product_tag?post=599"}],"curies":[{"name":"wp","href":"https:\/\/api.w.org\/{rel}","templated":true}]}}