{"id":6044,"date":"2019-09-16T10:48:41","date_gmt":"2019-09-16T10:48:41","guid":{"rendered":"http:\/\/geemarc.com\/de\/?post_type=product&#038;p=6044"},"modified":"2025-07-30T09:04:05","modified_gmt":"2025-07-30T09:04:05","slug":"cl595","status":"publish","type":"product","link":"https:\/\/geemarc.com\/de\/produkt\/cl595\/","title":{"rendered":"CL595"},"content":{"rendered":"<p><strong>ANRUFEN\/SPRECHEN (BASISSTATION)<\/strong><\/p>\n<ul>\n<li>H\u00f6rger\u00e4tekompatibel<\/li>\n<li>Einstellbare H\u00f6rerlautst\u00e4rke bis zu <strong>50dB<\/strong><\/li>\n<li>4 Direktwahltasten (3 davon mit Foto)<\/li>\n<li>Freisprechfunktion<\/li>\n<li>Wahlwiederholung der 10 letzten gew\u00e4hlten<\/li>\n<li>Rufnummern<\/li>\n<li>Telefonbuch bis zu 50 Eintr\u00e4ge (Namen und Nummer), 4 mit Sprachansage<\/li>\n<li>VIP Funktion: erm\u00f6glicht eingehende Anrufe nur von Nummern, die im VIP-Verzeichnis gespeichert sind (bis zu 50 Nummern), wenn die Funktion &#8220;Anrufsperre&#8221; aktiviert ist<\/li>\n<li>Pause Funktion \/ Stummfunktion<\/li>\n<li>\u00a0Tastatur:\n<ul>\n<li>Breite Tasten (25x14mm)<\/li>\n<li>Gro\u00dfe Schrift (10mm)<\/li>\n<\/ul>\n<\/li>\n<\/ul>\n<p>&nbsp;<\/p>\n<p><strong>SOS-Taste<\/strong><\/p>\n<ul>\n<li>SOS-Taste:\n<ul>\n<li>M\u00f6glichkeit 4 Nummern zu speichern<\/li>\n<li>M\u00f6glichkeit, Ihre eigene SOS Nachricht aufzunehmen oder die vorherregistrierte zu benutzen (existiert auf Englisch, Franz\u00f6sisch, Deutsch und Niederl\u00e4ndisch)<\/li>\n<\/ul>\n<\/li>\n<\/ul>\n<p>&nbsp;<\/p>\n<p><strong>SPRACHANSAGE<\/strong><\/p>\n<ul>\n<li>Sprachansage der Namen der 4 Direktwahltasten, die m\u00fcndlich registriert sind.<\/li>\n<li>Sprechende Tasten<\/li>\n<li>M\u00f6gliche Sprachen: Deutsch, Englisch, Franz\u00f6sisch und Niederl\u00e4ndisch<\/li>\n<\/ul>\n<div class=\"table-cell button-right\" style=\"margin-top: 10px\"><\/div>\n<div class=\"success p-tmpl-wrap primary-background\">\n<p><img class=\"p1\" src=\"https:\/\/geemarc.com\/uk\/wp-content\/uploads\/sites\/2\/2019\/04\/Photo-template-Urgence.png\" \/><img class=\"p2\" src=\"https:\/\/geemarc.com\/uk\/wp-content\/uploads\/sites\/2\/2019\/04\/Photo-template-portrait.png\" \/><span class=\"h3 bold\">AUSDRUCKEN IHRER FOTOS<\/span><span class=\"h3\" data-wahfont=\"20\">Exklusive Neuheit Geemarc Telecom<\/span><\/p>\n<div style=\"margin: 10px 0 15px;line-height: 17px\">Laden Sie die Bilder f\u00fcr die Fototasten hoch und f\u00fcgen Sie sie in die Schablonen ein.<\/div>\n<div><\/div>\n<div class=\"table-cell button-right\" style=\"margin-top: 10px\"><a class=\"button filled\" href=\"http:\/\/geemarc.com\/p_editor\/cl95\/f\/editor\/\" data-wahfont=\"12\">Foto schablone<\/a><\/div>\n<\/div>\n","protected":false},"excerpt":{"rendered":"<p>Schnurgebundenes Telefon mit Direktwahl-Fototasten und SOS-Taste. Zus\u00e4tzliche Mobilteile m\u00f6glich<\/p>\n","protected":false},"featured_media":6047,"template":"","meta":[],"product_cat":[123],"product_tag":[],"yoast_head":"<!-- This site is optimized with the Yoast SEO plugin v16.9 - https:\/\/yoast.com\/wordpress\/plugins\/seo\/ -->\n<title>CL595 - Geemarc Germany<\/title>\n<meta name=\"robots\" content=\"index, follow, max-snippet:-1, max-image-preview:large, max-video-preview:-1\" \/>\n<link rel=\"canonical\" href=\"https:\/\/geemarc.com\/de\/produkt\/cl595\/\" \/>\n<meta property=\"og:locale\" content=\"de_DE\" \/>\n<meta property=\"og:type\" content=\"article\" \/>\n<meta property=\"og:title\" content=\"CL595 - Geemarc Germany\" \/>\n<meta property=\"og:description\" content=\"Schnurgebundenes Telefon mit Direktwahl-Fototasten und SOS-Taste. Zus\u00e4tzliche Mobilteile m\u00f6glich\" \/>\n<meta property=\"og:url\" content=\"https:\/\/geemarc.com\/de\/produkt\/cl595\/\" \/>\n<meta property=\"og:site_name\" content=\"Geemarc Germany\" \/>\n<meta property=\"article:modified_time\" content=\"2025-07-30T09:04:05+00:00\" \/>\n<meta property=\"og:image\" content=\"https:\/\/geemarc.com\/de\/wp-content\/uploads\/sites\/5\/2019\/09\/CL595.jpg\" \/>\n\t<meta property=\"og:image:width\" content=\"2480\" \/>\n\t<meta property=\"og:image:height\" content=\"1772\" \/>\n<meta name=\"twitter:card\" content=\"summary_large_image\" \/>\n<meta name=\"twitter:label1\" content=\"Gesch\u00e4tzte Lesezeit\" \/>\n\t<meta name=\"twitter:data1\" content=\"1\u00a0Minute\" \/>\n<script type=\"application\/ld+json\" class=\"yoast-schema-graph\">{\"@context\":\"https:\/\/schema.org\",\"@graph\":[{\"@type\":\"WebSite\",\"@id\":\"https:\/\/geemarc.com\/de\/#website\",\"url\":\"https:\/\/geemarc.com\/de\/\",\"name\":\"Geemarc Germany\",\"description\":\"\",\"potentialAction\":[{\"@type\":\"SearchAction\",\"target\":{\"@type\":\"EntryPoint\",\"urlTemplate\":\"https:\/\/geemarc.com\/de\/?s={search_term_string}\"},\"query-input\":\"required name=search_term_string\"}],\"inLanguage\":\"de\"},{\"@type\":\"ImageObject\",\"@id\":\"https:\/\/geemarc.com\/de\/produkt\/cl595\/#primaryimage\",\"inLanguage\":\"de\",\"url\":\"https:\/\/geemarc.com\/de\/wp-content\/uploads\/sites\/5\/2019\/09\/CL595.jpg\",\"contentUrl\":\"https:\/\/geemarc.com\/de\/wp-content\/uploads\/sites\/5\/2019\/09\/CL595.jpg\",\"width\":2480,\"height\":1772},{\"@type\":\"WebPage\",\"@id\":\"https:\/\/geemarc.com\/de\/produkt\/cl595\/#webpage\",\"url\":\"https:\/\/geemarc.com\/de\/produkt\/cl595\/\",\"name\":\"CL595 - Geemarc Germany\",\"isPartOf\":{\"@id\":\"https:\/\/geemarc.com\/de\/#website\"},\"primaryImageOfPage\":{\"@id\":\"https:\/\/geemarc.com\/de\/produkt\/cl595\/#primaryimage\"},\"datePublished\":\"2019-09-16T10:48:41+00:00\",\"dateModified\":\"2025-07-30T09:04:05+00:00\",\"breadcrumb\":{\"@id\":\"https:\/\/geemarc.com\/de\/produkt\/cl595\/#breadcrumb\"},\"inLanguage\":\"de\",\"potentialAction\":[{\"@type\":\"ReadAction\",\"target\":[\"https:\/\/geemarc.com\/de\/produkt\/cl595\/\"]}]},{\"@type\":\"BreadcrumbList\",\"@id\":\"https:\/\/geemarc.com\/de\/produkt\/cl595\/#breadcrumb\",\"itemListElement\":[{\"@type\":\"ListItem\",\"position\":1,\"name\":\"Home\",\"item\":\"https:\/\/geemarc.com\/de\/\"},{\"@type\":\"ListItem\",\"position\":2,\"name\":\"Shop\",\"item\":\"https:\/\/geemarc.com\/de\/shop\/\"},{\"@type\":\"ListItem\",\"position\":3,\"name\":\"CL595\"}]}]}<\/script>\n<!-- \/ Yoast SEO plugin. -->","yoast_head_json":{"title":"CL595 - Geemarc Germany","robots":{"index":"index","follow":"follow","max-snippet":"max-snippet:-1","max-image-preview":"max-image-preview:large","max-video-preview":"max-video-preview:-1"},"canonical":"https:\/\/geemarc.com\/de\/produkt\/cl595\/","og_locale":"de_DE","og_type":"article","og_title":"CL595 - Geemarc Germany","og_description":"Schnurgebundenes Telefon mit Direktwahl-Fototasten und SOS-Taste. Zus\u00e4tzliche Mobilteile m\u00f6glich","og_url":"https:\/\/geemarc.com\/de\/produkt\/cl595\/","og_site_name":"Geemarc Germany","article_modified_time":"2025-07-30T09:04:05+00:00","og_image":[{"width":2480,"height":1772,"url":"https:\/\/geemarc.com\/de\/wp-content\/uploads\/sites\/5\/2019\/09\/CL595.jpg","path":"\/home\/g\/e\/geemarcwp\/public_html\/wp-content\/uploads\/sites\/5\/2019\/09\/CL595.jpg","size":"full","id":6047,"alt":"","pixels":4394560,"type":"image\/jpeg"}],"twitter_card":"summary_large_image","twitter_misc":{"Gesch\u00e4tzte Lesezeit":"1\u00a0Minute"},"schema":{"@context":"https:\/\/schema.org","@graph":[{"@type":"WebSite","@id":"https:\/\/geemarc.com\/de\/#website","url":"https:\/\/geemarc.com\/de\/","name":"Geemarc Germany","description":"","potentialAction":[{"@type":"SearchAction","target":{"@type":"EntryPoint","urlTemplate":"https:\/\/geemarc.com\/de\/?s={search_term_string}"},"query-input":"required name=search_term_string"}],"inLanguage":"de"},{"@type":"ImageObject","@id":"https:\/\/geemarc.com\/de\/produkt\/cl595\/#primaryimage","inLanguage":"de","url":"https:\/\/geemarc.com\/de\/wp-content\/uploads\/sites\/5\/2019\/09\/CL595.jpg","contentUrl":"https:\/\/geemarc.com\/de\/wp-content\/uploads\/sites\/5\/2019\/09\/CL595.jpg","width":2480,"height":1772},{"@type":"WebPage","@id":"https:\/\/geemarc.com\/de\/produkt\/cl595\/#webpage","url":"https:\/\/geemarc.com\/de\/produkt\/cl595\/","name":"CL595 - Geemarc Germany","isPartOf":{"@id":"https:\/\/geemarc.com\/de\/#website"},"primaryImageOfPage":{"@id":"https:\/\/geemarc.com\/de\/produkt\/cl595\/#primaryimage"},"datePublished":"2019-09-16T10:48:41+00:00","dateModified":"2025-07-30T09:04:05+00:00","breadcrumb":{"@id":"https:\/\/geemarc.com\/de\/produkt\/cl595\/#breadcrumb"},"inLanguage":"de","potentialAction":[{"@type":"ReadAction","target":["https:\/\/geemarc.com\/de\/produkt\/cl595\/"]}]},{"@type":"BreadcrumbList","@id":"https:\/\/geemarc.com\/de\/produkt\/cl595\/#breadcrumb","itemListElement":[{"@type":"ListItem","position":1,"name":"Home","item":"https:\/\/geemarc.com\/de\/"},{"@type":"ListItem","position":2,"name":"Shop","item":"https:\/\/geemarc.com\/de\/shop\/"},{"@type":"ListItem","position":3,"name":"CL595"}]}]}},"acf":[],"_links":{"self":[{"href":"https:\/\/geemarc.com\/de\/wp-json\/wp\/v2\/product\/6044"}],"collection":[{"href":"https:\/\/geemarc.com\/de\/wp-json\/wp\/v2\/product"}],"about":[{"href":"https:\/\/geemarc.com\/de\/wp-json\/wp\/v2\/types\/product"}],"wp:featuredmedia":[{"embeddable":true,"href":"https:\/\/geemarc.com\/de\/wp-json\/wp\/v2\/media\/6047"}],"wp:attachment":[{"href":"https:\/\/geemarc.com\/de\/wp-json\/wp\/v2\/media?parent=6044"}],"wp:term":[{"taxonomy":"product_cat","embeddable":true,"href":"https:\/\/geemarc.com\/de\/wp-json\/wp\/v2\/product_cat?post=6044"},{"taxonomy":"product_tag","embeddable":true,"href":"https:\/\/geemarc.com\/de\/wp-json\/wp\/v2\/product_tag?post=6044"}],"curies":[{"name":"wp","href":"https:\/\/api.w.org\/{rel}","templated":true}]}}