{"id":605,"date":"2016-09-15T13:33:32","date_gmt":"2016-09-15T13:33:32","guid":{"rendered":"http:\/\/geemarc.com\/de\/product\/lh10\/"},"modified":"2025-02-27T15:52:32","modified_gmt":"2025-02-27T15:52:32","slug":"lh10","status":"publish","type":"product","link":"https:\/\/geemarc.com\/de\/produkt\/lh10\/","title":{"rendered":"LOOPHEAR10\u2122 \u2013 LH10V2"},"content":{"rendered":"<p><span style=\"font-family: verdana, geneva;font-size: small\"><strong><span style=\"color: #000000\">Der LH10 ist ein H\u00f6rverst\u00e4rker mit einem hochempfindlichen Mikrofon, das die Umgebungsger\u00e4usche verst\u00e4rkt und es einer h\u00f6rgesch\u00e4digten Person erm\u00f6glicht, einer Diskussion zu folgen und sich daran zu beteiligen.<br \/>\nIst die T-Spule eingeschaltet, wird der LH10V2 ein Empf\u00e4nger, der die von Induktionsschleifen erzeugten Magnetfelder aufnimmt, die in einigen Kinos und Konferenzr\u00e4umen verwendet werden, und sie als h\u00f6rbares Signal wiedergibt.<\/span><\/strong><\/span><\/p>\n<p>&nbsp;<\/p>\n<p><strong><span style=\"font-family: verdana, geneva;font-size: small;color: #000000\">EIGENSCHAFTEN:<\/span><\/strong><span style=\"font-family: verdana, geneva;font-size: small;color: #000000\">\u00a0<\/span><\/p>\n<ul>\n<li><span style=\"font-family: verdana, geneva;font-size: small;color: #000000\">\u00a0Akustisches Signal max. : 120dB spl<\/span><\/li>\n<li><span style=\"font-family: verdana, geneva;font-size: small;color: #000000\">\u00a0Frequenzresonanz : 100 to 8000Hz<\/span><\/li>\n<li><span style=\"font-family: verdana, geneva;font-size: small;color: #000000\">\u00a0H\u00f6rverst\u00e4rker<\/span><\/li>\n<li><span style=\"font-family: verdana, geneva;font-size: small;color: #000000\">\u00a0Lautst\u00e4rkeregelung bis zu 30dB<\/span><\/li>\n<li><span style=\"font-family: verdana, geneva;font-size: small;color: #000000\">\u00a0Tonregelung bis zu +\/- 10dB<\/span><\/li>\n<li><span style=\"font-family: verdana, geneva;font-size: small;color: #000000\">\u00a0Balancekontrolle Links\/Rechts<\/span><\/li>\n<li><span style=\"font-family: verdana, geneva;font-size: small;color: #000000\">\u00a0Hochempfindliches Mikrofon<\/span><\/li>\n<li><span style=\"font-family: verdana, geneva;font-size: small;color: #000000\">\u00a0Spezialbeschichtung f\u00fcr die Einf\u00fcgungsd\u00e4mmwerte bei Handhabung<\/span><\/li>\n<li><span style=\"font-family: verdana, geneva;font-size: small;color: #000000\">\u00a0Wiederaufladbare Lithium Batterie im Lieferumfang<\/span><\/li>\n<li><span style=\"font-family: verdana, geneva;font-size: small;color: #000000\">\u00a0Akkudauer : 8 bis 10 Stunden wenn angeschaltet<\/span><\/li>\n<li><span style=\"font-family: verdana, geneva;font-size: small;color: #000000\">\u00a0Indikator f\u00fcr schwache Batterie<\/span><\/li>\n<li><span style=\"font-family: verdana, geneva;font-size: small;color: #000000\">\u00a0Ladezeit der Batterie : 2\/3 Stund<\/span>en<\/li>\n<\/ul>\n<p>&nbsp;<\/p>\n<div id=\"threesixty-slider-9884_Kz4mSx\" class=\"threesixty-loading threesixty-image threesixty-dark-blue threesixty-vintage threesixty-no-border\" style=\"width: 800px;\">\r\n\t<div class=\"threesixty-preview-9884_Kz4mSx\"><img class=\"threesixty-preview-image\" src=\"https:\/\/geemarc.com\/de\/wp-content\/uploads\/sites\/5\/2023\/07\/DSC_0609.jpg\"\/><\/div>\r\n\t<div class=\"threesixty-spinner threesixty-spinner-9884_Kz4mSx\">\r\n\t\t<span>0%<\/span>\r\n\t<\/div>\r\n\t<ol class=\"threesixty-images threesixty-images-9884_Kz4mSx\"><\/ol>\r\n\t\t\t<a href=\"#threesixty-slider-9884_Kz4mSx\" class=\"threesixty-mfp-anchor\"><\/a>\r\n\t<\/div>\r\n<!--SPV--><script type=\"text\/javascript\">\/\/SPV\r\n(function($) {\r\n\t\t$('#threesixty-slider-9884_Kz4mSx .threesixty-mfp-anchor').magnificPopup({\r\n\t\ttype:'inline',\r\n\t\tcloseOnBgClick: true,\r\n\t\tmidClick: true,\r\n\t\t\/\/removalDelay: 300,\r\n  \t\t\/\/mainClass: 'mfp-fade',\r\n\t\tcallbacks: {\r\n\t\t\t resize: function() {\r\n\t\t\t \tvar originalHeight \t= 491,\r\n\t\t\t \t\toriginalWidth \t= 800,\r\n\t\t\t \t\tmfpHeight \t\t= 491,\r\n\t\t\t \t\tmfpWidth \t\t= 800,\r\n\t\t\t \t\tratio \t\t\t= originalWidth \/ originalHeight,\r\n\t\t\t \t\twinHeight \t\t= $(window).height(),\r\n\t\t\t \t\twinWidth \t\t= $(window).width();\r\n\t\t\t \t\r\n\t\t\t \tif ( originalHeight > winHeight * 0.9 ) {\r\n\t\t\t \t\tmfpHeight \t\t= winHeight * 0.9;\r\n\t\t\t \t\tmfpWidth \t\t= mfpHeight * ratio;\r\n\t\t\t\t}\r\n\t\t\t\tif ( mfpWidth > winWidth * 0.9 ) {\r\n\t\t\t \t\tmfpWidth \t\t= winWidth * 0.9;\r\n\t\t\t \t\tmfpHeight \t\t= mfpWidth \/ ratio;\r\n\t\t\t\t}\r\n\t\t\t \tif ( mfpHeight < originalHeight && mfpWidth < originalWidth ) {\r\n\t\t\t\t    $('#threesixty-slider-9884_Kz4mSx').height(mfpHeight);\r\n\t\t\t\t    $('#threesixty-slider-9884_Kz4mSx').width(mfpWidth);\r\n\t\t\t\t} \r\n\t\t\t\telse {\r\n\t\t\t\t    $('#threesixty-slider-9884_Kz4mSx').height(originalHeight);\r\n\t\t\t\t    $('#threesixty-slider-9884_Kz4mSx').width(originalWidth);\r\n\t\t\t\t}\r\n\t\t\t},\r\n\t\t\tclose: function() {\r\n\t\t\t    $('#threesixty-slider-9884_Kz4mSx').height('auto');\r\n\t\t\t    $('#threesixty-slider-9884_Kz4mSx').width(800);\r\n\t\t\t}\r\n\t\t},\r\n\t\tcloseMarkup :\"<button class=\\\"mfp-close\\\"><\/button>\"\r\n\t});\r\n\t\tvar product_9884_Kz4mSx = $('#threesixty-slider-9884_Kz4mSx').ThreeSixty({\r\n\t\ttotalFrames: 36,\r\n\t\tendFrame: 0,\r\n\t\tcurrentFrame: 36,\r\n\t\timgList: '.threesixty-images-9884_Kz4mSx',\r\n\t\tprogress: '.threesixty-spinner-9884_Kz4mSx',\r\n\t\tpreview: '.threesixty-preview-9884_Kz4mSx',\r\n\t\timages: ['https:\/\/geemarc.com\/de\/wp-content\/uploads\/sites\/5\/2023\/07\/DSC_0644.jpg','https:\/\/geemarc.com\/de\/wp-content\/uploads\/sites\/5\/2023\/07\/DSC_0643.jpg','https:\/\/geemarc.com\/de\/wp-content\/uploads\/sites\/5\/2023\/07\/DSC_0642.jpg','https:\/\/geemarc.com\/de\/wp-content\/uploads\/sites\/5\/2023\/07\/DSC_0641.jpg','https:\/\/geemarc.com\/de\/wp-content\/uploads\/sites\/5\/2023\/07\/DSC_0640.jpg','https:\/\/geemarc.com\/de\/wp-content\/uploads\/sites\/5\/2023\/07\/DSC_0639.jpg','https:\/\/geemarc.com\/de\/wp-content\/uploads\/sites\/5\/2023\/07\/DSC_0638.jpg','https:\/\/geemarc.com\/de\/wp-content\/uploads\/sites\/5\/2023\/07\/DSC_0637.jpg','https:\/\/geemarc.com\/de\/wp-content\/uploads\/sites\/5\/2023\/07\/DSC_0636.jpg','https:\/\/geemarc.com\/de\/wp-content\/uploads\/sites\/5\/2023\/07\/DSC_0635.jpg','https:\/\/geemarc.com\/de\/wp-content\/uploads\/sites\/5\/2023\/07\/DSC_0634.jpg','https:\/\/geemarc.com\/de\/wp-content\/uploads\/sites\/5\/2023\/07\/DSC_0633.jpg','https:\/\/geemarc.com\/de\/wp-content\/uploads\/sites\/5\/2023\/07\/DSC_0632.jpg','https:\/\/geemarc.com\/de\/wp-content\/uploads\/sites\/5\/2023\/07\/DSC_0631.jpg','https:\/\/geemarc.com\/de\/wp-content\/uploads\/sites\/5\/2023\/07\/DSC_0630.jpg','https:\/\/geemarc.com\/de\/wp-content\/uploads\/sites\/5\/2023\/07\/DSC_0629.jpg','https:\/\/geemarc.com\/de\/wp-content\/uploads\/sites\/5\/2023\/07\/DSC_0628.jpg','https:\/\/geemarc.com\/de\/wp-content\/uploads\/sites\/5\/2023\/07\/DSC_0627.jpg','https:\/\/geemarc.com\/de\/wp-content\/uploads\/sites\/5\/2023\/07\/DSC_0626.jpg','https:\/\/geemarc.com\/de\/wp-content\/uploads\/sites\/5\/2023\/07\/DSC_0625.jpg','https:\/\/geemarc.com\/de\/wp-content\/uploads\/sites\/5\/2023\/07\/DSC_0624.jpg','https:\/\/geemarc.com\/de\/wp-content\/uploads\/sites\/5\/2023\/07\/DSC_0623.jpg','https:\/\/geemarc.com\/de\/wp-content\/uploads\/sites\/5\/2023\/07\/DSC_0622.jpg','https:\/\/geemarc.com\/de\/wp-content\/uploads\/sites\/5\/2023\/07\/DSC_0621.jpg','https:\/\/geemarc.com\/de\/wp-content\/uploads\/sites\/5\/2023\/07\/DSC_0620.jpg','https:\/\/geemarc.com\/de\/wp-content\/uploads\/sites\/5\/2023\/07\/DSC_0619.jpg','https:\/\/geemarc.com\/de\/wp-content\/uploads\/sites\/5\/2023\/07\/DSC_0618.jpg','https:\/\/geemarc.com\/de\/wp-content\/uploads\/sites\/5\/2023\/07\/DSC_0617.jpg','https:\/\/geemarc.com\/de\/wp-content\/uploads\/sites\/5\/2023\/07\/DSC_0616.jpg','https:\/\/geemarc.com\/de\/wp-content\/uploads\/sites\/5\/2023\/07\/DSC_0615.jpg','https:\/\/geemarc.com\/de\/wp-content\/uploads\/sites\/5\/2023\/07\/DSC_0614.jpg','https:\/\/geemarc.com\/de\/wp-content\/uploads\/sites\/5\/2023\/07\/DSC_0613.jpg','https:\/\/geemarc.com\/de\/wp-content\/uploads\/sites\/5\/2023\/07\/DSC_0612.jpg','https:\/\/geemarc.com\/de\/wp-content\/uploads\/sites\/5\/2023\/07\/DSC_0611.jpg','https:\/\/geemarc.com\/de\/wp-content\/uploads\/sites\/5\/2023\/07\/DSC_0610.jpg','https:\/\/geemarc.com\/de\/wp-content\/uploads\/sites\/5\/2023\/07\/DSC_0609.jpg'],\r\n\t\theight: 0,\r\n\t\twidth: 800,\r\n\t\tnavigation: true,\r\n\t\tdrag: true,\r\n\t\tshowCursor: true,\r\n\t\tinterval: 120,\r\n\t\tspeedMultiplier: 3,\r\n\t\t\t\tstartAutoplay: true,\r\n\t\t\t\tonReady: function() {\r\n\t\t\t$(\"#threesixty-slider-9884_Kz4mSx\").removeClass('threesixty-loading');\r\n\t\t\t\t\t\tproduct_9884_Kz4mSx.play();\r\n\t\t\t\t\t\t\t\t}\r\n\t\t\t});\r\n\t\t\t}(jQuery));\r\n<\/script>\n","protected":false},"excerpt":{"rendered":"<p>H\u00f6rverst\u00e4rker<\/p>\n","protected":false},"featured_media":6603,"template":"","meta":[],"product_cat":[133,69],"product_tag":[],"yoast_head":"<!-- This site is optimized with the Yoast SEO plugin v16.9 - https:\/\/yoast.com\/wordpress\/plugins\/seo\/ -->\n<title>LOOPHEAR10\u2122 \u2013 LH10V2 - Geemarc Germany<\/title>\n<meta name=\"robots\" content=\"index, follow, max-snippet:-1, max-image-preview:large, max-video-preview:-1\" \/>\n<link rel=\"canonical\" href=\"https:\/\/geemarc.com\/de\/produkt\/lh10\/\" \/>\n<meta property=\"og:locale\" content=\"de_DE\" \/>\n<meta property=\"og:type\" content=\"article\" \/>\n<meta property=\"og:title\" content=\"LOOPHEAR10\u2122 \u2013 LH10V2 - Geemarc Germany\" \/>\n<meta property=\"og:description\" content=\"H\u00f6rverst\u00e4rker\" \/>\n<meta property=\"og:url\" content=\"https:\/\/geemarc.com\/de\/produkt\/lh10\/\" \/>\n<meta property=\"og:site_name\" content=\"Geemarc Germany\" \/>\n<meta property=\"article:modified_time\" content=\"2025-02-27T15:52:32+00:00\" \/>\n<meta property=\"og:image\" content=\"https:\/\/geemarc.com\/de\/wp-content\/uploads\/sites\/5\/2016\/09\/LH10_new-earpieces-WHITE-BG.jpg\" \/>\n\t<meta property=\"og:image:width\" content=\"2976\" \/>\n\t<meta property=\"og:image:height\" content=\"3968\" \/>\n<meta name=\"twitter:card\" content=\"summary_large_image\" \/>\n<meta name=\"twitter:label1\" content=\"Gesch\u00e4tzte Lesezeit\" \/>\n\t<meta name=\"twitter:data1\" content=\"1\u00a0Minute\" \/>\n<script type=\"application\/ld+json\" class=\"yoast-schema-graph\">{\"@context\":\"https:\/\/schema.org\",\"@graph\":[{\"@type\":\"WebSite\",\"@id\":\"https:\/\/geemarc.com\/de\/#website\",\"url\":\"https:\/\/geemarc.com\/de\/\",\"name\":\"Geemarc Germany\",\"description\":\"\",\"potentialAction\":[{\"@type\":\"SearchAction\",\"target\":{\"@type\":\"EntryPoint\",\"urlTemplate\":\"https:\/\/geemarc.com\/de\/?s={search_term_string}\"},\"query-input\":\"required name=search_term_string\"}],\"inLanguage\":\"de\"},{\"@type\":\"ImageObject\",\"@id\":\"https:\/\/geemarc.com\/de\/produkt\/lh10\/#primaryimage\",\"inLanguage\":\"de\",\"url\":\"https:\/\/geemarc.com\/de\/wp-content\/uploads\/sites\/5\/2016\/09\/LH10_new-earpieces-WHITE-BG.jpg\",\"contentUrl\":\"https:\/\/geemarc.com\/de\/wp-content\/uploads\/sites\/5\/2016\/09\/LH10_new-earpieces-WHITE-BG.jpg\",\"width\":2976,\"height\":3968},{\"@type\":\"WebPage\",\"@id\":\"https:\/\/geemarc.com\/de\/produkt\/lh10\/#webpage\",\"url\":\"https:\/\/geemarc.com\/de\/produkt\/lh10\/\",\"name\":\"LOOPHEAR10\\u2122 \\u2013 LH10V2 - Geemarc Germany\",\"isPartOf\":{\"@id\":\"https:\/\/geemarc.com\/de\/#website\"},\"primaryImageOfPage\":{\"@id\":\"https:\/\/geemarc.com\/de\/produkt\/lh10\/#primaryimage\"},\"datePublished\":\"2016-09-15T13:33:32+00:00\",\"dateModified\":\"2025-02-27T15:52:32+00:00\",\"breadcrumb\":{\"@id\":\"https:\/\/geemarc.com\/de\/produkt\/lh10\/#breadcrumb\"},\"inLanguage\":\"de\",\"potentialAction\":[{\"@type\":\"ReadAction\",\"target\":[\"https:\/\/geemarc.com\/de\/produkt\/lh10\/\"]}]},{\"@type\":\"BreadcrumbList\",\"@id\":\"https:\/\/geemarc.com\/de\/produkt\/lh10\/#breadcrumb\",\"itemListElement\":[{\"@type\":\"ListItem\",\"position\":1,\"name\":\"Home\",\"item\":\"https:\/\/geemarc.com\/de\/\"},{\"@type\":\"ListItem\",\"position\":2,\"name\":\"Shop\",\"item\":\"https:\/\/geemarc.com\/de\/shop\/\"},{\"@type\":\"ListItem\",\"position\":3,\"name\":\"LOOPHEAR10\\u2122 \\u2013 LH10V2\"}]}]}<\/script>\n<!-- \/ Yoast SEO plugin. -->","yoast_head_json":{"title":"LOOPHEAR10\u2122 \u2013 LH10V2 - Geemarc Germany","robots":{"index":"index","follow":"follow","max-snippet":"max-snippet:-1","max-image-preview":"max-image-preview:large","max-video-preview":"max-video-preview:-1"},"canonical":"https:\/\/geemarc.com\/de\/produkt\/lh10\/","og_locale":"de_DE","og_type":"article","og_title":"LOOPHEAR10\u2122 \u2013 LH10V2 - Geemarc Germany","og_description":"H\u00f6rverst\u00e4rker","og_url":"https:\/\/geemarc.com\/de\/produkt\/lh10\/","og_site_name":"Geemarc Germany","article_modified_time":"2025-02-27T15:52:32+00:00","og_image":[{"width":2976,"height":3968,"url":"https:\/\/geemarc.com\/de\/wp-content\/uploads\/sites\/5\/2016\/09\/LH10_new-earpieces-WHITE-BG.jpg","path":"\/home\/g\/e\/geemarcwp\/public_html\/wp-content\/uploads\/sites\/5\/2016\/09\/LH10_new-earpieces-WHITE-BG.jpg","size":"full","id":6603,"alt":"","pixels":11808768,"type":"image\/jpeg"}],"twitter_card":"summary_large_image","twitter_misc":{"Gesch\u00e4tzte Lesezeit":"1\u00a0Minute"},"schema":{"@context":"https:\/\/schema.org","@graph":[{"@type":"WebSite","@id":"https:\/\/geemarc.com\/de\/#website","url":"https:\/\/geemarc.com\/de\/","name":"Geemarc Germany","description":"","potentialAction":[{"@type":"SearchAction","target":{"@type":"EntryPoint","urlTemplate":"https:\/\/geemarc.com\/de\/?s={search_term_string}"},"query-input":"required name=search_term_string"}],"inLanguage":"de"},{"@type":"ImageObject","@id":"https:\/\/geemarc.com\/de\/produkt\/lh10\/#primaryimage","inLanguage":"de","url":"https:\/\/geemarc.com\/de\/wp-content\/uploads\/sites\/5\/2016\/09\/LH10_new-earpieces-WHITE-BG.jpg","contentUrl":"https:\/\/geemarc.com\/de\/wp-content\/uploads\/sites\/5\/2016\/09\/LH10_new-earpieces-WHITE-BG.jpg","width":2976,"height":3968},{"@type":"WebPage","@id":"https:\/\/geemarc.com\/de\/produkt\/lh10\/#webpage","url":"https:\/\/geemarc.com\/de\/produkt\/lh10\/","name":"LOOPHEAR10\u2122 \u2013 LH10V2 - Geemarc Germany","isPartOf":{"@id":"https:\/\/geemarc.com\/de\/#website"},"primaryImageOfPage":{"@id":"https:\/\/geemarc.com\/de\/produkt\/lh10\/#primaryimage"},"datePublished":"2016-09-15T13:33:32+00:00","dateModified":"2025-02-27T15:52:32+00:00","breadcrumb":{"@id":"https:\/\/geemarc.com\/de\/produkt\/lh10\/#breadcrumb"},"inLanguage":"de","potentialAction":[{"@type":"ReadAction","target":["https:\/\/geemarc.com\/de\/produkt\/lh10\/"]}]},{"@type":"BreadcrumbList","@id":"https:\/\/geemarc.com\/de\/produkt\/lh10\/#breadcrumb","itemListElement":[{"@type":"ListItem","position":1,"name":"Home","item":"https:\/\/geemarc.com\/de\/"},{"@type":"ListItem","position":2,"name":"Shop","item":"https:\/\/geemarc.com\/de\/shop\/"},{"@type":"ListItem","position":3,"name":"LOOPHEAR10\u2122 \u2013 LH10V2"}]}]}},"acf":[],"_links":{"self":[{"href":"https:\/\/geemarc.com\/de\/wp-json\/wp\/v2\/product\/605"}],"collection":[{"href":"https:\/\/geemarc.com\/de\/wp-json\/wp\/v2\/product"}],"about":[{"href":"https:\/\/geemarc.com\/de\/wp-json\/wp\/v2\/types\/product"}],"wp:featuredmedia":[{"embeddable":true,"href":"https:\/\/geemarc.com\/de\/wp-json\/wp\/v2\/media\/6603"}],"wp:attachment":[{"href":"https:\/\/geemarc.com\/de\/wp-json\/wp\/v2\/media?parent=605"}],"wp:term":[{"taxonomy":"product_cat","embeddable":true,"href":"https:\/\/geemarc.com\/de\/wp-json\/wp\/v2\/product_cat?post=605"},{"taxonomy":"product_tag","embeddable":true,"href":"https:\/\/geemarc.com\/de\/wp-json\/wp\/v2\/product_tag?post=605"}],"curies":[{"name":"wp","href":"https:\/\/api.w.org\/{rel}","templated":true}]}}