{"id":6097,"date":"2019-10-22T14:39:13","date_gmt":"2019-10-22T14:39:13","guid":{"rendered":"http:\/\/geemarc.com\/de\/?post_type=product&#038;p=6097"},"modified":"2019-10-22T14:39:40","modified_gmt":"2019-10-22T14:39:40","slug":"octopus-2","status":"publish","type":"product","link":"https:\/\/geemarc.com\/de\/produkt\/octopus-2\/","title":{"rendered":"OCTOPUS"},"content":{"rendered":"<p>OCTOPUS, die Smartphone Halterung f\u00fcr KFZ gibt es als Standard Version, oder als NFC-f\u00e4hige Halterung (Nahbereichskommunikation). Drei verschiedene M\u00f6glichkeiten. Die Halterung ist um 360 Grad drehbar, sodass Sie Ihr Handy in jedem gew\u00fcnschten Blickwinkel positionieren k\u00f6nnen.<\/p>\n<ul>\n<li>Perfekt f\u00fcr die Armaturenbrett Oberfl\u00e4che dank dem superstarken Saugnapf<\/li>\n<li>F\u00fcr jeden L\u00fcftungschlitz<\/li>\n<li>F\u00fcr den CD-Schlitz<\/li>\n<\/ul>\n","protected":false},"excerpt":{"rendered":"<p>KFZ Halterung f\u00fcr Smartphone Auch NFC-f\u00e4hig<\/p>\n","protected":false},"featured_media":6099,"template":"","meta":[],"product_cat":[130],"product_tag":[],"yoast_head":"<!-- This site is optimized with the Yoast SEO plugin v16.9 - https:\/\/yoast.com\/wordpress\/plugins\/seo\/ -->\n<title>OCTOPUS - Geemarc Germany<\/title>\n<meta name=\"robots\" content=\"index, follow, max-snippet:-1, max-image-preview:large, max-video-preview:-1\" \/>\n<link rel=\"canonical\" href=\"https:\/\/geemarc.com\/de\/produkt\/octopus-2\/\" \/>\n<meta property=\"og:locale\" content=\"de_DE\" \/>\n<meta property=\"og:type\" content=\"article\" \/>\n<meta property=\"og:title\" content=\"OCTOPUS - Geemarc Germany\" \/>\n<meta property=\"og:description\" content=\"KFZ Halterung f\u00fcr Smartphone Auch NFC-f\u00e4hig\" \/>\n<meta property=\"og:url\" content=\"https:\/\/geemarc.com\/de\/produkt\/octopus-2\/\" \/>\n<meta property=\"og:site_name\" content=\"Geemarc Germany\" \/>\n<meta property=\"article:modified_time\" content=\"2019-10-22T14:39:40+00:00\" \/>\n<meta property=\"og:image\" content=\"https:\/\/geemarc.com\/de\/wp-content\/uploads\/sites\/5\/2019\/10\/NFC-DASH1RGB.jpg\" \/>\n\t<meta property=\"og:image:width\" content=\"1061\" \/>\n\t<meta property=\"og:image:height\" content=\"1061\" \/>\n<meta name=\"twitter:card\" content=\"summary_large_image\" \/>\n<script type=\"application\/ld+json\" class=\"yoast-schema-graph\">{\"@context\":\"https:\/\/schema.org\",\"@graph\":[{\"@type\":\"WebSite\",\"@id\":\"https:\/\/geemarc.com\/de\/#website\",\"url\":\"https:\/\/geemarc.com\/de\/\",\"name\":\"Geemarc Germany\",\"description\":\"\",\"potentialAction\":[{\"@type\":\"SearchAction\",\"target\":{\"@type\":\"EntryPoint\",\"urlTemplate\":\"https:\/\/geemarc.com\/de\/?s={search_term_string}\"},\"query-input\":\"required name=search_term_string\"}],\"inLanguage\":\"de\"},{\"@type\":\"ImageObject\",\"@id\":\"https:\/\/geemarc.com\/de\/produkt\/octopus-2\/#primaryimage\",\"inLanguage\":\"de\",\"url\":\"https:\/\/geemarc.com\/de\/wp-content\/uploads\/sites\/5\/2019\/10\/NFC-DASH1RGB.jpg\",\"contentUrl\":\"https:\/\/geemarc.com\/de\/wp-content\/uploads\/sites\/5\/2019\/10\/NFC-DASH1RGB.jpg\",\"width\":1061,\"height\":1061},{\"@type\":\"WebPage\",\"@id\":\"https:\/\/geemarc.com\/de\/produkt\/octopus-2\/#webpage\",\"url\":\"https:\/\/geemarc.com\/de\/produkt\/octopus-2\/\",\"name\":\"OCTOPUS - Geemarc Germany\",\"isPartOf\":{\"@id\":\"https:\/\/geemarc.com\/de\/#website\"},\"primaryImageOfPage\":{\"@id\":\"https:\/\/geemarc.com\/de\/produkt\/octopus-2\/#primaryimage\"},\"datePublished\":\"2019-10-22T14:39:13+00:00\",\"dateModified\":\"2019-10-22T14:39:40+00:00\",\"breadcrumb\":{\"@id\":\"https:\/\/geemarc.com\/de\/produkt\/octopus-2\/#breadcrumb\"},\"inLanguage\":\"de\",\"potentialAction\":[{\"@type\":\"ReadAction\",\"target\":[\"https:\/\/geemarc.com\/de\/produkt\/octopus-2\/\"]}]},{\"@type\":\"BreadcrumbList\",\"@id\":\"https:\/\/geemarc.com\/de\/produkt\/octopus-2\/#breadcrumb\",\"itemListElement\":[{\"@type\":\"ListItem\",\"position\":1,\"name\":\"Home\",\"item\":\"https:\/\/geemarc.com\/de\/\"},{\"@type\":\"ListItem\",\"position\":2,\"name\":\"Shop\",\"item\":\"https:\/\/geemarc.com\/de\/shop\/\"},{\"@type\":\"ListItem\",\"position\":3,\"name\":\"OCTOPUS\"}]}]}<\/script>\n<!-- \/ Yoast SEO plugin. -->","yoast_head_json":{"title":"OCTOPUS - Geemarc Germany","robots":{"index":"index","follow":"follow","max-snippet":"max-snippet:-1","max-image-preview":"max-image-preview:large","max-video-preview":"max-video-preview:-1"},"canonical":"https:\/\/geemarc.com\/de\/produkt\/octopus-2\/","og_locale":"de_DE","og_type":"article","og_title":"OCTOPUS - Geemarc Germany","og_description":"KFZ Halterung f\u00fcr Smartphone Auch NFC-f\u00e4hig","og_url":"https:\/\/geemarc.com\/de\/produkt\/octopus-2\/","og_site_name":"Geemarc Germany","article_modified_time":"2019-10-22T14:39:40+00:00","og_image":[{"width":1061,"height":1061,"url":"https:\/\/geemarc.com\/de\/wp-content\/uploads\/sites\/5\/2019\/10\/NFC-DASH1RGB.jpg","path":"\/home\/g\/e\/geemarcwp\/public_html\/wp-content\/uploads\/sites\/5\/2019\/10\/NFC-DASH1RGB.jpg","size":"full","id":6099,"alt":"","pixels":1125721,"type":"image\/jpeg"}],"twitter_card":"summary_large_image","schema":{"@context":"https:\/\/schema.org","@graph":[{"@type":"WebSite","@id":"https:\/\/geemarc.com\/de\/#website","url":"https:\/\/geemarc.com\/de\/","name":"Geemarc Germany","description":"","potentialAction":[{"@type":"SearchAction","target":{"@type":"EntryPoint","urlTemplate":"https:\/\/geemarc.com\/de\/?s={search_term_string}"},"query-input":"required name=search_term_string"}],"inLanguage":"de"},{"@type":"ImageObject","@id":"https:\/\/geemarc.com\/de\/produkt\/octopus-2\/#primaryimage","inLanguage":"de","url":"https:\/\/geemarc.com\/de\/wp-content\/uploads\/sites\/5\/2019\/10\/NFC-DASH1RGB.jpg","contentUrl":"https:\/\/geemarc.com\/de\/wp-content\/uploads\/sites\/5\/2019\/10\/NFC-DASH1RGB.jpg","width":1061,"height":1061},{"@type":"WebPage","@id":"https:\/\/geemarc.com\/de\/produkt\/octopus-2\/#webpage","url":"https:\/\/geemarc.com\/de\/produkt\/octopus-2\/","name":"OCTOPUS - Geemarc Germany","isPartOf":{"@id":"https:\/\/geemarc.com\/de\/#website"},"primaryImageOfPage":{"@id":"https:\/\/geemarc.com\/de\/produkt\/octopus-2\/#primaryimage"},"datePublished":"2019-10-22T14:39:13+00:00","dateModified":"2019-10-22T14:39:40+00:00","breadcrumb":{"@id":"https:\/\/geemarc.com\/de\/produkt\/octopus-2\/#breadcrumb"},"inLanguage":"de","potentialAction":[{"@type":"ReadAction","target":["https:\/\/geemarc.com\/de\/produkt\/octopus-2\/"]}]},{"@type":"BreadcrumbList","@id":"https:\/\/geemarc.com\/de\/produkt\/octopus-2\/#breadcrumb","itemListElement":[{"@type":"ListItem","position":1,"name":"Home","item":"https:\/\/geemarc.com\/de\/"},{"@type":"ListItem","position":2,"name":"Shop","item":"https:\/\/geemarc.com\/de\/shop\/"},{"@type":"ListItem","position":3,"name":"OCTOPUS"}]}]}},"acf":[],"_links":{"self":[{"href":"https:\/\/geemarc.com\/de\/wp-json\/wp\/v2\/product\/6097"}],"collection":[{"href":"https:\/\/geemarc.com\/de\/wp-json\/wp\/v2\/product"}],"about":[{"href":"https:\/\/geemarc.com\/de\/wp-json\/wp\/v2\/types\/product"}],"wp:featuredmedia":[{"embeddable":true,"href":"https:\/\/geemarc.com\/de\/wp-json\/wp\/v2\/media\/6099"}],"wp:attachment":[{"href":"https:\/\/geemarc.com\/de\/wp-json\/wp\/v2\/media?parent=6097"}],"wp:term":[{"taxonomy":"product_cat","embeddable":true,"href":"https:\/\/geemarc.com\/de\/wp-json\/wp\/v2\/product_cat?post=6097"},{"taxonomy":"product_tag","embeddable":true,"href":"https:\/\/geemarc.com\/de\/wp-json\/wp\/v2\/product_tag?post=6097"}],"curies":[{"name":"wp","href":"https:\/\/api.w.org\/{rel}","templated":true}]}}