{"id":615,"date":"2017-04-25T09:44:26","date_gmt":"2017-04-25T09:44:26","guid":{"rendered":"http:\/\/geemarc.com\/de\/product\/wall-loop\/"},"modified":"2023-08-11T10:13:17","modified_gmt":"2023-08-11T10:13:17","slug":"wall-loop","status":"publish","type":"product","link":"https:\/\/geemarc.com\/de\/produkt\/wall-loop\/","title":{"rendered":"WalLOOP"},"content":{"rendered":"<p><span style=\"font-family: verdana, geneva; font-size: small;\">Der WALLOOP ist ein Hinweisschild mit einer induktionsschleife f\u00fcr den Empfang von schwerh\u00f6rigen Personen mit H\u00f6rger\u00e4te in T-Position. An einem induktiven Verst\u00e4rker angeschlossen, wie der LH160V2 aus unserem Sortiment, sorgt er f\u00fcr zuverl\u00e4ssige Leistung und perfektes Verstehen. Der WALLOOP ist die ideale L\u00f6sung f\u00fcr den Empfang von schwerh\u00f6rigen Leuten an alle m\u00f6glichen Schaltern, Drive-in\u2026<\/span><\/p>\n<ul>\n<li><span style=\"font-family: verdana, geneva; font-size: small;\">1 M Kabel 2x1mm\u00b2 (\u00fcberzogenem Kupfer) mit verzinnten Drahtenden<\/span><\/li>\n<li><span style=\"font-family: verdana, geneva; font-size: small;\">Ma\u00dfe : 150 x 150 mm Dicke : 10 mm<\/span><\/li>\n<li><span style=\"font-family: verdana, geneva; font-size: small;\">LED Visuelle Anzeige f\u00fcr Magnetfeldst\u00e4rke<\/span><\/li>\n<li><span style=\"font-family: verdana, geneva; font-size: small;\">Befestigung mit 2 Schrauben<\/span><\/li>\n<li><span style=\"font-family: verdana, geneva; font-size: small;\">An die Wand zu montieren, au\u00dfen oder innen<\/span><\/li>\n<li><span style=\"font-family: verdana, geneva; font-size: small;\">Funktioniert nur in Verbindung mit LoopHear LH102, LH150 oder LH160V2<\/span><\/li>\n<li><span style=\"font-family: verdana, geneva; font-size: small;\">Gewicht : 0,153kg<\/span><\/li>\n<li><span style=\"font-family: verdana, geneva; font-size: small;\">Farbe : blau<\/span><\/li>\n<\/ul>\n","protected":false},"excerpt":{"rendered":"<p>Hinweisschild mit einer induktionsschleife<\/p>\n","protected":false},"featured_media":9935,"template":"","meta":[],"product_cat":[118],"product_tag":[],"yoast_head":"<!-- This site is optimized with the Yoast SEO plugin v16.9 - https:\/\/yoast.com\/wordpress\/plugins\/seo\/ -->\n<title>WalLOOP - Geemarc Germany<\/title>\n<meta name=\"robots\" content=\"index, follow, max-snippet:-1, max-image-preview:large, max-video-preview:-1\" \/>\n<link rel=\"canonical\" href=\"https:\/\/geemarc.com\/de\/produkt\/wall-loop\/\" \/>\n<meta property=\"og:locale\" content=\"de_DE\" \/>\n<meta property=\"og:type\" content=\"article\" \/>\n<meta property=\"og:title\" content=\"WalLOOP - Geemarc Germany\" \/>\n<meta property=\"og:description\" content=\"Hinweisschild mit einer induktionsschleife\" \/>\n<meta property=\"og:url\" content=\"https:\/\/geemarc.com\/de\/produkt\/wall-loop\/\" \/>\n<meta property=\"og:site_name\" content=\"Geemarc Germany\" \/>\n<meta property=\"article:modified_time\" content=\"2023-08-11T10:13:17+00:00\" \/>\n<meta property=\"og:image\" content=\"https:\/\/geemarc.com\/de\/wp-content\/uploads\/sites\/5\/2017\/04\/WALLOOP-BLUE.jpg\" \/>\n\t<meta property=\"og:image:width\" content=\"2500\" \/>\n\t<meta property=\"og:image:height\" content=\"1850\" \/>\n<meta name=\"twitter:card\" content=\"summary_large_image\" \/>\n<meta name=\"twitter:label1\" content=\"Gesch\u00e4tzte Lesezeit\" \/>\n\t<meta name=\"twitter:data1\" content=\"1\u00a0Minute\" \/>\n<script type=\"application\/ld+json\" class=\"yoast-schema-graph\">{\"@context\":\"https:\/\/schema.org\",\"@graph\":[{\"@type\":\"WebSite\",\"@id\":\"https:\/\/geemarc.com\/de\/#website\",\"url\":\"https:\/\/geemarc.com\/de\/\",\"name\":\"Geemarc Germany\",\"description\":\"\",\"potentialAction\":[{\"@type\":\"SearchAction\",\"target\":{\"@type\":\"EntryPoint\",\"urlTemplate\":\"https:\/\/geemarc.com\/de\/?s={search_term_string}\"},\"query-input\":\"required name=search_term_string\"}],\"inLanguage\":\"de\"},{\"@type\":\"ImageObject\",\"@id\":\"https:\/\/geemarc.com\/de\/produkt\/wall-loop\/#primaryimage\",\"inLanguage\":\"de\",\"url\":\"https:\/\/geemarc.com\/de\/wp-content\/uploads\/sites\/5\/2017\/04\/WALLOOP-BLUE.jpg\",\"contentUrl\":\"https:\/\/geemarc.com\/de\/wp-content\/uploads\/sites\/5\/2017\/04\/WALLOOP-BLUE.jpg\",\"width\":2500,\"height\":1850},{\"@type\":\"WebPage\",\"@id\":\"https:\/\/geemarc.com\/de\/produkt\/wall-loop\/#webpage\",\"url\":\"https:\/\/geemarc.com\/de\/produkt\/wall-loop\/\",\"name\":\"WalLOOP - Geemarc Germany\",\"isPartOf\":{\"@id\":\"https:\/\/geemarc.com\/de\/#website\"},\"primaryImageOfPage\":{\"@id\":\"https:\/\/geemarc.com\/de\/produkt\/wall-loop\/#primaryimage\"},\"datePublished\":\"2017-04-25T09:44:26+00:00\",\"dateModified\":\"2023-08-11T10:13:17+00:00\",\"breadcrumb\":{\"@id\":\"https:\/\/geemarc.com\/de\/produkt\/wall-loop\/#breadcrumb\"},\"inLanguage\":\"de\",\"potentialAction\":[{\"@type\":\"ReadAction\",\"target\":[\"https:\/\/geemarc.com\/de\/produkt\/wall-loop\/\"]}]},{\"@type\":\"BreadcrumbList\",\"@id\":\"https:\/\/geemarc.com\/de\/produkt\/wall-loop\/#breadcrumb\",\"itemListElement\":[{\"@type\":\"ListItem\",\"position\":1,\"name\":\"Home\",\"item\":\"https:\/\/geemarc.com\/de\/\"},{\"@type\":\"ListItem\",\"position\":2,\"name\":\"Shop\",\"item\":\"https:\/\/geemarc.com\/de\/shop\/\"},{\"@type\":\"ListItem\",\"position\":3,\"name\":\"WalLOOP\"}]}]}<\/script>\n<!-- \/ Yoast SEO plugin. -->","yoast_head_json":{"title":"WalLOOP - Geemarc Germany","robots":{"index":"index","follow":"follow","max-snippet":"max-snippet:-1","max-image-preview":"max-image-preview:large","max-video-preview":"max-video-preview:-1"},"canonical":"https:\/\/geemarc.com\/de\/produkt\/wall-loop\/","og_locale":"de_DE","og_type":"article","og_title":"WalLOOP - Geemarc Germany","og_description":"Hinweisschild mit einer induktionsschleife","og_url":"https:\/\/geemarc.com\/de\/produkt\/wall-loop\/","og_site_name":"Geemarc Germany","article_modified_time":"2023-08-11T10:13:17+00:00","og_image":[{"width":2500,"height":1850,"url":"https:\/\/geemarc.com\/de\/wp-content\/uploads\/sites\/5\/2017\/04\/WALLOOP-BLUE.jpg","path":"\/home\/g\/e\/geemarcwp\/public_html\/wp-content\/uploads\/sites\/5\/2017\/04\/WALLOOP-BLUE.jpg","size":"full","id":9935,"alt":"","pixels":4625000,"type":"image\/jpeg"}],"twitter_card":"summary_large_image","twitter_misc":{"Gesch\u00e4tzte Lesezeit":"1\u00a0Minute"},"schema":{"@context":"https:\/\/schema.org","@graph":[{"@type":"WebSite","@id":"https:\/\/geemarc.com\/de\/#website","url":"https:\/\/geemarc.com\/de\/","name":"Geemarc Germany","description":"","potentialAction":[{"@type":"SearchAction","target":{"@type":"EntryPoint","urlTemplate":"https:\/\/geemarc.com\/de\/?s={search_term_string}"},"query-input":"required name=search_term_string"}],"inLanguage":"de"},{"@type":"ImageObject","@id":"https:\/\/geemarc.com\/de\/produkt\/wall-loop\/#primaryimage","inLanguage":"de","url":"https:\/\/geemarc.com\/de\/wp-content\/uploads\/sites\/5\/2017\/04\/WALLOOP-BLUE.jpg","contentUrl":"https:\/\/geemarc.com\/de\/wp-content\/uploads\/sites\/5\/2017\/04\/WALLOOP-BLUE.jpg","width":2500,"height":1850},{"@type":"WebPage","@id":"https:\/\/geemarc.com\/de\/produkt\/wall-loop\/#webpage","url":"https:\/\/geemarc.com\/de\/produkt\/wall-loop\/","name":"WalLOOP - Geemarc Germany","isPartOf":{"@id":"https:\/\/geemarc.com\/de\/#website"},"primaryImageOfPage":{"@id":"https:\/\/geemarc.com\/de\/produkt\/wall-loop\/#primaryimage"},"datePublished":"2017-04-25T09:44:26+00:00","dateModified":"2023-08-11T10:13:17+00:00","breadcrumb":{"@id":"https:\/\/geemarc.com\/de\/produkt\/wall-loop\/#breadcrumb"},"inLanguage":"de","potentialAction":[{"@type":"ReadAction","target":["https:\/\/geemarc.com\/de\/produkt\/wall-loop\/"]}]},{"@type":"BreadcrumbList","@id":"https:\/\/geemarc.com\/de\/produkt\/wall-loop\/#breadcrumb","itemListElement":[{"@type":"ListItem","position":1,"name":"Home","item":"https:\/\/geemarc.com\/de\/"},{"@type":"ListItem","position":2,"name":"Shop","item":"https:\/\/geemarc.com\/de\/shop\/"},{"@type":"ListItem","position":3,"name":"WalLOOP"}]}]}},"acf":[],"_links":{"self":[{"href":"https:\/\/geemarc.com\/de\/wp-json\/wp\/v2\/product\/615"}],"collection":[{"href":"https:\/\/geemarc.com\/de\/wp-json\/wp\/v2\/product"}],"about":[{"href":"https:\/\/geemarc.com\/de\/wp-json\/wp\/v2\/types\/product"}],"wp:featuredmedia":[{"embeddable":true,"href":"https:\/\/geemarc.com\/de\/wp-json\/wp\/v2\/media\/9935"}],"wp:attachment":[{"href":"https:\/\/geemarc.com\/de\/wp-json\/wp\/v2\/media?parent=615"}],"wp:term":[{"taxonomy":"product_cat","embeddable":true,"href":"https:\/\/geemarc.com\/de\/wp-json\/wp\/v2\/product_cat?post=615"},{"taxonomy":"product_tag","embeddable":true,"href":"https:\/\/geemarc.com\/de\/wp-json\/wp\/v2\/product_tag?post=615"}],"curies":[{"name":"wp","href":"https:\/\/api.w.org\/{rel}","templated":true}]}}