{"id":6556,"date":"2020-03-12T11:15:27","date_gmt":"2020-03-12T11:15:27","guid":{"rendered":"http:\/\/geemarc.com\/de\/?post_type=product&#038;p=6556"},"modified":"2023-07-26T14:59:10","modified_gmt":"2023-07-26T14:59:10","slug":"cl7400-opti","status":"publish","type":"product","link":"https:\/\/geemarc.com\/de\/produkt\/cl7400-opti\/","title":{"rendered":"CL7400 OPTI"},"content":{"rendered":"<p>FUNKTIONEN<\/p>\n<ul>\n<li>Integrierte digitale H\u00f6hen\/Bass Einstellung (+\/-10dB)<\/li>\n<li>Balancekontrolle links\/rechts<\/li>\n<li>Klarer digitaler Klang, \u00dcbertragung FHSS<\/li>\n<li>Auswahl von Stereo- oder Monomodus<\/li>\n<li>Duo-Modus: Funk-\u00dcbertragung oder unterwegs mit 3.5mm Jackklinkenstecker<\/li>\n<li>Direkter Anschluss an den optischen oder analogen Eingang Ihres Fernseh- bzw. Audioger\u00e4ts.<\/li>\n<li>Komfortabler, leichtgewichtiger Kopfh\u00f6rer<\/li>\n<li>Taktile Beschriftung auf AN\/AUS, Balance und Tonh\u00f6heeinstellungstasten<\/li>\n<li>Der Kopfh\u00f6rer schaltet sich automatisch nach 4 Minuten Signalverlust aus<\/li>\n<li>Zus\u00e4tzliche Kopfh\u00f6rer k\u00f6nnen mit derselben Basisstation gekoppelt werden<\/li>\n<\/ul>\n<p>&nbsp;<\/p>\n<p>TECHNISCHE ANGABEN<\/p>\n<ul>\n<li>Digitaler 2.4G ISM Band AFHSS \u00dcbertragung<\/li>\n<li>Empfangsverst\u00e4rkung bis zu 125dBspl.<\/li>\n<li>Frequenzresonanz: 20 \u2013 20 000Hz<\/li>\n<li>Betriebsfrequenz: 2.402 &#8211; 2.480GHz<\/li>\n<li>Modulationsart: GFSK<\/li>\n<li>Anzahl der Kan\u00e4le: 79<\/li>\n<li>Bandbreite: 1M<\/li>\n<li>Bitrate des Senders: 1Mbps<\/li>\n<li>Antennen-Typ: Interne Antenne<\/li>\n<li>Betriebsreichweite innerhalb von Geb\u00e4uden bis zu 50 Metern vom Sender<\/li>\n<li>Ladezeit der Batterien: 6 Stunden<\/li>\n<li>Durchgehende Benutzungszeit: 8 Stunden<\/li>\n<li>Klinken- und optische Eing\u00e4nge<\/li>\n<li>Integrierte wiederaufladbare Lithium Akkus<\/li>\n<li>Gewicht: 260g<\/li>\n<\/ul>\n<p>&nbsp;<\/p>\n<div id=\"threesixty-slider-6622_DsfmOO\" class=\"threesixty-loading threesixty-image threesixty-dark-blue threesixty-vintage threesixty-no-border\" style=\"width: 600px;\">\r\n\t<div class=\"threesixty-preview-6622_DsfmOO\"><img class=\"threesixty-preview-image\" src=\"https:\/\/geemarc.com\/de\/wp-content\/uploads\/sites\/5\/2020\/06\/DSC_0905-copie.jpg\"\/><\/div>\r\n\t<div class=\"threesixty-spinner threesixty-spinner-6622_DsfmOO\">\r\n\t\t<span>0%<\/span>\r\n\t<\/div>\r\n\t<ol class=\"threesixty-images threesixty-images-6622_DsfmOO\"><\/ol>\r\n\t\t\t<a href=\"#threesixty-slider-6622_DsfmOO\" class=\"threesixty-mfp-anchor\"><\/a>\r\n\t<\/div>\r\n<!--SPV--><script type=\"text\/javascript\">\/\/SPV\r\n(function($) {\r\n\t\t$('#threesixty-slider-6622_DsfmOO .threesixty-mfp-anchor').magnificPopup({\r\n\t\ttype:'inline',\r\n\t\tcloseOnBgClick: true,\r\n\t\tmidClick: true,\r\n\t\t\/\/removalDelay: 300,\r\n  \t\t\/\/mainClass: 'mfp-fade',\r\n\t\tcallbacks: {\r\n\t\t\t resize: function() {\r\n\t\t\t \tvar originalHeight \t= 544,\r\n\t\t\t \t\toriginalWidth \t= 600,\r\n\t\t\t \t\tmfpHeight \t\t= 544,\r\n\t\t\t \t\tmfpWidth \t\t= 600,\r\n\t\t\t \t\tratio \t\t\t= originalWidth \/ originalHeight,\r\n\t\t\t \t\twinHeight \t\t= $(window).height(),\r\n\t\t\t \t\twinWidth \t\t= $(window).width();\r\n\t\t\t \t\r\n\t\t\t \tif ( originalHeight > winHeight * 0.9 ) {\r\n\t\t\t \t\tmfpHeight \t\t= winHeight * 0.9;\r\n\t\t\t \t\tmfpWidth \t\t= mfpHeight * ratio;\r\n\t\t\t\t}\r\n\t\t\t\tif ( mfpWidth > winWidth * 0.9 ) {\r\n\t\t\t \t\tmfpWidth \t\t= winWidth * 0.9;\r\n\t\t\t \t\tmfpHeight \t\t= mfpWidth \/ ratio;\r\n\t\t\t\t}\r\n\t\t\t \tif ( mfpHeight < originalHeight && mfpWidth < originalWidth ) {\r\n\t\t\t\t    $('#threesixty-slider-6622_DsfmOO').height(mfpHeight);\r\n\t\t\t\t    $('#threesixty-slider-6622_DsfmOO').width(mfpWidth);\r\n\t\t\t\t} \r\n\t\t\t\telse {\r\n\t\t\t\t    $('#threesixty-slider-6622_DsfmOO').height(originalHeight);\r\n\t\t\t\t    $('#threesixty-slider-6622_DsfmOO').width(originalWidth);\r\n\t\t\t\t}\r\n\t\t\t},\r\n\t\t\tclose: function() {\r\n\t\t\t    $('#threesixty-slider-6622_DsfmOO').height('auto');\r\n\t\t\t    $('#threesixty-slider-6622_DsfmOO').width(600);\r\n\t\t\t}\r\n\t\t},\r\n\t\tcloseMarkup :\"<button class=\\\"mfp-close\\\"><\/button>\"\r\n\t});\r\n\t\tvar product_6622_DsfmOO = $('#threesixty-slider-6622_DsfmOO').ThreeSixty({\r\n\t\ttotalFrames: 36,\r\n\t\tendFrame: 0,\r\n\t\tcurrentFrame: 36,\r\n\t\timgList: '.threesixty-images-6622_DsfmOO',\r\n\t\tprogress: '.threesixty-spinner-6622_DsfmOO',\r\n\t\tpreview: '.threesixty-preview-6622_DsfmOO',\r\n\t\timages: ['https:\/\/geemarc.com\/de\/wp-content\/uploads\/sites\/5\/2020\/06\/DSC_0904-copie.jpg','https:\/\/geemarc.com\/de\/wp-content\/uploads\/sites\/5\/2020\/06\/DSC_0903-copie.jpg','https:\/\/geemarc.com\/de\/wp-content\/uploads\/sites\/5\/2020\/06\/DSC_0902-copie.jpg','https:\/\/geemarc.com\/de\/wp-content\/uploads\/sites\/5\/2020\/06\/DSC_0901-copie.jpg','https:\/\/geemarc.com\/de\/wp-content\/uploads\/sites\/5\/2020\/06\/DSC_0900-copie.jpg','https:\/\/geemarc.com\/de\/wp-content\/uploads\/sites\/5\/2020\/06\/DSC_0899-copie.jpg','https:\/\/geemarc.com\/de\/wp-content\/uploads\/sites\/5\/2020\/06\/DSC_0898-copie.jpg','https:\/\/geemarc.com\/de\/wp-content\/uploads\/sites\/5\/2020\/06\/DSC_0897-copie.jpg','https:\/\/geemarc.com\/de\/wp-content\/uploads\/sites\/5\/2020\/06\/DSC_0896-copie.jpg','https:\/\/geemarc.com\/de\/wp-content\/uploads\/sites\/5\/2020\/06\/DSC_0895-copie.jpg','https:\/\/geemarc.com\/de\/wp-content\/uploads\/sites\/5\/2020\/06\/DSC_0894-copie.jpg','https:\/\/geemarc.com\/de\/wp-content\/uploads\/sites\/5\/2020\/06\/DSC_0893-copie.jpg','https:\/\/geemarc.com\/de\/wp-content\/uploads\/sites\/5\/2020\/06\/DSC_0892-copie.jpg','https:\/\/geemarc.com\/de\/wp-content\/uploads\/sites\/5\/2020\/06\/DSC_0891-copie.jpg','https:\/\/geemarc.com\/de\/wp-content\/uploads\/sites\/5\/2020\/06\/DSC_0890-copie.jpg','https:\/\/geemarc.com\/de\/wp-content\/uploads\/sites\/5\/2020\/06\/DSC_0925-copie.jpg','https:\/\/geemarc.com\/de\/wp-content\/uploads\/sites\/5\/2020\/06\/DSC_0924-copie.jpg','https:\/\/geemarc.com\/de\/wp-content\/uploads\/sites\/5\/2020\/06\/DSC_0923-copie.jpg','https:\/\/geemarc.com\/de\/wp-content\/uploads\/sites\/5\/2020\/06\/DSC_0922-copie.jpg','https:\/\/geemarc.com\/de\/wp-content\/uploads\/sites\/5\/2020\/06\/DSC_0921-copie.jpg','https:\/\/geemarc.com\/de\/wp-content\/uploads\/sites\/5\/2020\/06\/DSC_0920-copie.jpg','https:\/\/geemarc.com\/de\/wp-content\/uploads\/sites\/5\/2020\/06\/DSC_0919-copie.jpg','https:\/\/geemarc.com\/de\/wp-content\/uploads\/sites\/5\/2020\/06\/DSC_0918-copie.jpg','https:\/\/geemarc.com\/de\/wp-content\/uploads\/sites\/5\/2020\/06\/DSC_0917-copie.jpg','https:\/\/geemarc.com\/de\/wp-content\/uploads\/sites\/5\/2020\/06\/DSC_0916-copie.jpg','https:\/\/geemarc.com\/de\/wp-content\/uploads\/sites\/5\/2020\/06\/DSC_0915-copie.jpg','https:\/\/geemarc.com\/de\/wp-content\/uploads\/sites\/5\/2020\/06\/DSC_0914-copie.jpg','https:\/\/geemarc.com\/de\/wp-content\/uploads\/sites\/5\/2020\/06\/DSC_0913-copie.jpg','https:\/\/geemarc.com\/de\/wp-content\/uploads\/sites\/5\/2020\/06\/DSC_0912-copie.jpg','https:\/\/geemarc.com\/de\/wp-content\/uploads\/sites\/5\/2020\/06\/DSC_0911-copie.jpg','https:\/\/geemarc.com\/de\/wp-content\/uploads\/sites\/5\/2020\/06\/DSC_0910-copie.jpg','https:\/\/geemarc.com\/de\/wp-content\/uploads\/sites\/5\/2020\/06\/DSC_0909-copie.jpg','https:\/\/geemarc.com\/de\/wp-content\/uploads\/sites\/5\/2020\/06\/DSC_0908-copie.jpg','https:\/\/geemarc.com\/de\/wp-content\/uploads\/sites\/5\/2020\/06\/DSC_0907-copie.jpg','https:\/\/geemarc.com\/de\/wp-content\/uploads\/sites\/5\/2020\/06\/DSC_0906-copie.jpg','https:\/\/geemarc.com\/de\/wp-content\/uploads\/sites\/5\/2020\/06\/DSC_0905-copie.jpg'],\r\n\t\theight: 0,\r\n\t\twidth: 600,\r\n\t\tnavigation: true,\r\n\t\tdrag: true,\r\n\t\tshowCursor: true,\r\n\t\tinterval: 120,\r\n\t\tspeedMultiplier: 3,\r\n\t\t\t\tstartAutoplay: true,\r\n\t\t\t\tonReady: function() {\r\n\t\t\t$(\"#threesixty-slider-6622_DsfmOO\").removeClass('threesixty-loading');\r\n\t\t\t\t\t\tproduct_6622_DsfmOO.play();\r\n\t\t\t\t\t\t\t\t}\r\n\t\t\t});\r\n\t\t\t}(jQuery));\r\n<\/script>\n","protected":false},"excerpt":{"rendered":"<p>Faltbarer Funk-Kopfh\u00f6rer f\u00fcr TV, PC\u2019s, \u2026 mit optischem Anschluss<\/p>\n","protected":false},"featured_media":6557,"template":"","meta":[],"product_cat":[134],"product_tag":[],"yoast_head":"<!-- This site is optimized with the Yoast SEO plugin v16.9 - https:\/\/yoast.com\/wordpress\/plugins\/seo\/ -->\n<title>CL7400 OPTI - Geemarc Germany<\/title>\n<meta name=\"robots\" content=\"index, follow, max-snippet:-1, max-image-preview:large, max-video-preview:-1\" \/>\n<link rel=\"canonical\" href=\"https:\/\/geemarc.com\/de\/produkt\/cl7400-opti\/\" \/>\n<meta property=\"og:locale\" content=\"de_DE\" \/>\n<meta property=\"og:type\" content=\"article\" \/>\n<meta property=\"og:title\" content=\"CL7400 OPTI - Geemarc Germany\" \/>\n<meta property=\"og:description\" content=\"Faltbarer Funk-Kopfh\u00f6rer f\u00fcr TV, PC\u2019s, \u2026 mit optischem Anschluss\" \/>\n<meta property=\"og:url\" content=\"https:\/\/geemarc.com\/de\/produkt\/cl7400-opti\/\" \/>\n<meta property=\"og:site_name\" content=\"Geemarc Germany\" \/>\n<meta property=\"article:modified_time\" content=\"2023-07-26T14:59:10+00:00\" \/>\n<meta property=\"og:image\" content=\"https:\/\/geemarc.com\/de\/wp-content\/uploads\/sites\/5\/2020\/03\/CL7400OP_SIL2.jpg\" \/>\n\t<meta property=\"og:image:width\" content=\"2592\" \/>\n\t<meta property=\"og:image:height\" content=\"2332\" \/>\n<meta name=\"twitter:card\" content=\"summary_large_image\" \/>\n<meta name=\"twitter:label1\" content=\"Gesch\u00e4tzte Lesezeit\" \/>\n\t<meta name=\"twitter:data1\" content=\"1\u00a0Minute\" \/>\n<script type=\"application\/ld+json\" class=\"yoast-schema-graph\">{\"@context\":\"https:\/\/schema.org\",\"@graph\":[{\"@type\":\"WebSite\",\"@id\":\"https:\/\/geemarc.com\/de\/#website\",\"url\":\"https:\/\/geemarc.com\/de\/\",\"name\":\"Geemarc Germany\",\"description\":\"\",\"potentialAction\":[{\"@type\":\"SearchAction\",\"target\":{\"@type\":\"EntryPoint\",\"urlTemplate\":\"https:\/\/geemarc.com\/de\/?s={search_term_string}\"},\"query-input\":\"required name=search_term_string\"}],\"inLanguage\":\"de\"},{\"@type\":\"ImageObject\",\"@id\":\"https:\/\/geemarc.com\/de\/produkt\/cl7400-opti\/#primaryimage\",\"inLanguage\":\"de\",\"url\":\"https:\/\/geemarc.com\/de\/wp-content\/uploads\/sites\/5\/2020\/03\/CL7400OP_SIL2.jpg\",\"contentUrl\":\"https:\/\/geemarc.com\/de\/wp-content\/uploads\/sites\/5\/2020\/03\/CL7400OP_SIL2.jpg\",\"width\":2592,\"height\":2332,\"caption\":\"OLYMPUS DIGITAL CAMERA\"},{\"@type\":\"WebPage\",\"@id\":\"https:\/\/geemarc.com\/de\/produkt\/cl7400-opti\/#webpage\",\"url\":\"https:\/\/geemarc.com\/de\/produkt\/cl7400-opti\/\",\"name\":\"CL7400 OPTI - Geemarc Germany\",\"isPartOf\":{\"@id\":\"https:\/\/geemarc.com\/de\/#website\"},\"primaryImageOfPage\":{\"@id\":\"https:\/\/geemarc.com\/de\/produkt\/cl7400-opti\/#primaryimage\"},\"datePublished\":\"2020-03-12T11:15:27+00:00\",\"dateModified\":\"2023-07-26T14:59:10+00:00\",\"breadcrumb\":{\"@id\":\"https:\/\/geemarc.com\/de\/produkt\/cl7400-opti\/#breadcrumb\"},\"inLanguage\":\"de\",\"potentialAction\":[{\"@type\":\"ReadAction\",\"target\":[\"https:\/\/geemarc.com\/de\/produkt\/cl7400-opti\/\"]}]},{\"@type\":\"BreadcrumbList\",\"@id\":\"https:\/\/geemarc.com\/de\/produkt\/cl7400-opti\/#breadcrumb\",\"itemListElement\":[{\"@type\":\"ListItem\",\"position\":1,\"name\":\"Home\",\"item\":\"https:\/\/geemarc.com\/de\/\"},{\"@type\":\"ListItem\",\"position\":2,\"name\":\"Shop\",\"item\":\"https:\/\/geemarc.com\/de\/shop\/\"},{\"@type\":\"ListItem\",\"position\":3,\"name\":\"CL7400 OPTI\"}]}]}<\/script>\n<!-- \/ Yoast SEO plugin. -->","yoast_head_json":{"title":"CL7400 OPTI - Geemarc Germany","robots":{"index":"index","follow":"follow","max-snippet":"max-snippet:-1","max-image-preview":"max-image-preview:large","max-video-preview":"max-video-preview:-1"},"canonical":"https:\/\/geemarc.com\/de\/produkt\/cl7400-opti\/","og_locale":"de_DE","og_type":"article","og_title":"CL7400 OPTI - Geemarc Germany","og_description":"Faltbarer Funk-Kopfh\u00f6rer f\u00fcr TV, PC\u2019s, \u2026 mit optischem Anschluss","og_url":"https:\/\/geemarc.com\/de\/produkt\/cl7400-opti\/","og_site_name":"Geemarc Germany","article_modified_time":"2023-07-26T14:59:10+00:00","og_image":[{"width":2592,"height":2332,"url":"https:\/\/geemarc.com\/de\/wp-content\/uploads\/sites\/5\/2020\/03\/CL7400OP_SIL2.jpg","path":"\/home\/g\/e\/geemarcwp\/public_html\/wp-content\/uploads\/sites\/5\/2020\/03\/CL7400OP_SIL2.jpg","size":"full","id":6557,"alt":"","pixels":6044544,"type":"image\/jpeg"}],"twitter_card":"summary_large_image","twitter_misc":{"Gesch\u00e4tzte Lesezeit":"1\u00a0Minute"},"schema":{"@context":"https:\/\/schema.org","@graph":[{"@type":"WebSite","@id":"https:\/\/geemarc.com\/de\/#website","url":"https:\/\/geemarc.com\/de\/","name":"Geemarc Germany","description":"","potentialAction":[{"@type":"SearchAction","target":{"@type":"EntryPoint","urlTemplate":"https:\/\/geemarc.com\/de\/?s={search_term_string}"},"query-input":"required name=search_term_string"}],"inLanguage":"de"},{"@type":"ImageObject","@id":"https:\/\/geemarc.com\/de\/produkt\/cl7400-opti\/#primaryimage","inLanguage":"de","url":"https:\/\/geemarc.com\/de\/wp-content\/uploads\/sites\/5\/2020\/03\/CL7400OP_SIL2.jpg","contentUrl":"https:\/\/geemarc.com\/de\/wp-content\/uploads\/sites\/5\/2020\/03\/CL7400OP_SIL2.jpg","width":2592,"height":2332,"caption":"OLYMPUS DIGITAL CAMERA"},{"@type":"WebPage","@id":"https:\/\/geemarc.com\/de\/produkt\/cl7400-opti\/#webpage","url":"https:\/\/geemarc.com\/de\/produkt\/cl7400-opti\/","name":"CL7400 OPTI - Geemarc Germany","isPartOf":{"@id":"https:\/\/geemarc.com\/de\/#website"},"primaryImageOfPage":{"@id":"https:\/\/geemarc.com\/de\/produkt\/cl7400-opti\/#primaryimage"},"datePublished":"2020-03-12T11:15:27+00:00","dateModified":"2023-07-26T14:59:10+00:00","breadcrumb":{"@id":"https:\/\/geemarc.com\/de\/produkt\/cl7400-opti\/#breadcrumb"},"inLanguage":"de","potentialAction":[{"@type":"ReadAction","target":["https:\/\/geemarc.com\/de\/produkt\/cl7400-opti\/"]}]},{"@type":"BreadcrumbList","@id":"https:\/\/geemarc.com\/de\/produkt\/cl7400-opti\/#breadcrumb","itemListElement":[{"@type":"ListItem","position":1,"name":"Home","item":"https:\/\/geemarc.com\/de\/"},{"@type":"ListItem","position":2,"name":"Shop","item":"https:\/\/geemarc.com\/de\/shop\/"},{"@type":"ListItem","position":3,"name":"CL7400 OPTI"}]}]}},"acf":[],"_links":{"self":[{"href":"https:\/\/geemarc.com\/de\/wp-json\/wp\/v2\/product\/6556"}],"collection":[{"href":"https:\/\/geemarc.com\/de\/wp-json\/wp\/v2\/product"}],"about":[{"href":"https:\/\/geemarc.com\/de\/wp-json\/wp\/v2\/types\/product"}],"wp:featuredmedia":[{"embeddable":true,"href":"https:\/\/geemarc.com\/de\/wp-json\/wp\/v2\/media\/6557"}],"wp:attachment":[{"href":"https:\/\/geemarc.com\/de\/wp-json\/wp\/v2\/media?parent=6556"}],"wp:term":[{"taxonomy":"product_cat","embeddable":true,"href":"https:\/\/geemarc.com\/de\/wp-json\/wp\/v2\/product_cat?post=6556"},{"taxonomy":"product_tag","embeddable":true,"href":"https:\/\/geemarc.com\/de\/wp-json\/wp\/v2\/product_tag?post=6556"}],"curies":[{"name":"wp","href":"https:\/\/api.w.org\/{rel}","templated":true}]}}