{"id":6610,"date":"2020-06-05T10:57:52","date_gmt":"2020-06-05T10:57:52","guid":{"rendered":"http:\/\/geemarc.com\/de\/?post_type=product&#038;p=6610"},"modified":"2023-02-01T08:42:24","modified_gmt":"2023-02-01T08:42:24","slug":"viso-15","status":"publish","type":"product","link":"https:\/\/geemarc.com\/de\/produkt\/viso-15\/","title":{"rendered":"VISO 15"},"content":{"rendered":"<ul>\n<li>Uhr mit digitalem Display (190x105mm)<\/li>\n<li>4 Helligkeitsstufen durch Ber\u00fchren des Bildschirms auf der UhR<\/li>\n<li><img src=\"http:\/\/geemarc.com\/de\/wp-content\/uploads\/sites\/5\/2020\/06\/VISO-15_GIF_V2.1_GE.gif\" \/><\/li>\n<li>4 Darstellungsformaten:\n<ul>\n<li>1. Tag der Woche \/ Tageszeit \/ Uhrzeit<\/li>\n<li>2. Tag \/ Tag des Monats (Ziffer) + Monat (Buchstaben) \/ Jahr<\/li>\n<li>3. Tag \/ Tag des Monats (Ziffer) + Monat (Buchstaben) \/ Uhrzeit<\/li>\n<li>4. Abwechselnd zwischen den 3 Display-Formaten von 5 bis 60 Sekunden einstellbar<\/li>\n<\/ul>\n<\/li>\n<li><img src=\"http:\/\/geemarc.com\/de\/wp-content\/uploads\/sites\/5\/2020\/06\/VISO-15_affichage_GE.gif\" \/><\/li>\n<li>Uhr 12\/24H<\/li>\n<li>Breite wei\u00dfe Zeichen auf schwarzer Hintergrund<\/li>\n<li>14 m\u00f6gliche Sprachen: Deutsch, Franz\u00f6sisch, Englisch, Italienisch, Spanisch, Niederl\u00e4ndisch, D\u00e4nisch, Portugiesisch, Schwedisch, Norwegisch, Finnisch, Polnisch, Tschechisch und Ungarisch<\/li>\n<li>Ben\u00f6tigt einen Netzteil (enthalten)<\/li>\n<li>Backup durch 3 AA Batterien (nicht enthalten)<\/li>\n<li>Automatische Zeiteinstellung \u00fcber das DCF77 Funksignal<\/li>\n<li>Als Standmodell oder zur Wandmontage<\/li>\n<li>Ma\u00dfe: 270x185x26 mm<\/li>\n<li>Gewicht: 700 g<\/li>\n<li>Vorhandene Farbe: wei\u00df<\/li>\n<\/ul>\n<p>&nbsp;<\/p>\n<div id=\"threesixty-slider-6881_k1pyGj\" class=\"threesixty-loading threesixty-image threesixty-dark-blue threesixty-vintage threesixty-no-border\" style=\"width: 800px;\">\r\n\t<div class=\"threesixty-preview-6881_k1pyGj\"><img class=\"threesixty-preview-image\" src=\"https:\/\/geemarc.com\/de\/wp-content\/uploads\/sites\/5\/2020\/06\/DSC_0892-copie-6.jpg\"\/><\/div>\r\n\t<div class=\"threesixty-spinner threesixty-spinner-6881_k1pyGj\">\r\n\t\t<span>0%<\/span>\r\n\t<\/div>\r\n\t<ol class=\"threesixty-images threesixty-images-6881_k1pyGj\"><\/ol>\r\n\t\t\t<a href=\"#threesixty-slider-6881_k1pyGj\" class=\"threesixty-mfp-anchor\"><\/a>\r\n\t<\/div>\r\n<!--SPV--><script type=\"text\/javascript\">\/\/SPV\r\n(function($) {\r\n\t\t$('#threesixty-slider-6881_k1pyGj .threesixty-mfp-anchor').magnificPopup({\r\n\t\ttype:'inline',\r\n\t\tcloseOnBgClick: true,\r\n\t\tmidClick: true,\r\n\t\t\/\/removalDelay: 300,\r\n  \t\t\/\/mainClass: 'mfp-fade',\r\n\t\tcallbacks: {\r\n\t\t\t resize: function() {\r\n\t\t\t \tvar originalHeight \t= 630,\r\n\t\t\t \t\toriginalWidth \t= 800,\r\n\t\t\t \t\tmfpHeight \t\t= 630,\r\n\t\t\t \t\tmfpWidth \t\t= 800,\r\n\t\t\t \t\tratio \t\t\t= originalWidth \/ originalHeight,\r\n\t\t\t \t\twinHeight \t\t= $(window).height(),\r\n\t\t\t \t\twinWidth \t\t= $(window).width();\r\n\t\t\t \t\r\n\t\t\t \tif ( originalHeight > winHeight * 0.9 ) {\r\n\t\t\t \t\tmfpHeight \t\t= winHeight * 0.9;\r\n\t\t\t \t\tmfpWidth \t\t= mfpHeight * ratio;\r\n\t\t\t\t}\r\n\t\t\t\tif ( mfpWidth > winWidth * 0.9 ) {\r\n\t\t\t \t\tmfpWidth \t\t= winWidth * 0.9;\r\n\t\t\t \t\tmfpHeight \t\t= mfpWidth \/ ratio;\r\n\t\t\t\t}\r\n\t\t\t \tif ( mfpHeight < originalHeight && mfpWidth < originalWidth ) {\r\n\t\t\t\t    $('#threesixty-slider-6881_k1pyGj').height(mfpHeight);\r\n\t\t\t\t    $('#threesixty-slider-6881_k1pyGj').width(mfpWidth);\r\n\t\t\t\t} \r\n\t\t\t\telse {\r\n\t\t\t\t    $('#threesixty-slider-6881_k1pyGj').height(originalHeight);\r\n\t\t\t\t    $('#threesixty-slider-6881_k1pyGj').width(originalWidth);\r\n\t\t\t\t}\r\n\t\t\t},\r\n\t\t\tclose: function() {\r\n\t\t\t    $('#threesixty-slider-6881_k1pyGj').height('auto');\r\n\t\t\t    $('#threesixty-slider-6881_k1pyGj').width(800);\r\n\t\t\t}\r\n\t\t},\r\n\t\tcloseMarkup :\"<button class=\\\"mfp-close\\\"><\/button>\"\r\n\t});\r\n\t\tvar product_6881_k1pyGj = $('#threesixty-slider-6881_k1pyGj').ThreeSixty({\r\n\t\ttotalFrames: 36,\r\n\t\tendFrame: 0,\r\n\t\tcurrentFrame: 36,\r\n\t\timgList: '.threesixty-images-6881_k1pyGj',\r\n\t\tprogress: '.threesixty-spinner-6881_k1pyGj',\r\n\t\tpreview: '.threesixty-preview-6881_k1pyGj',\r\n\t\timages: ['https:\/\/geemarc.com\/de\/wp-content\/uploads\/sites\/5\/2020\/06\/DSC_0891-copie-5.jpg','https:\/\/geemarc.com\/de\/wp-content\/uploads\/sites\/5\/2020\/06\/DSC_0890-copie-5.jpg','https:\/\/geemarc.com\/de\/wp-content\/uploads\/sites\/5\/2020\/06\/DSC_0925-copie-6.jpg','https:\/\/geemarc.com\/de\/wp-content\/uploads\/sites\/5\/2020\/06\/DSC_0924-copie-6.jpg','https:\/\/geemarc.com\/de\/wp-content\/uploads\/sites\/5\/2020\/06\/DSC_0923-copie-6.jpg','https:\/\/geemarc.com\/de\/wp-content\/uploads\/sites\/5\/2020\/06\/DSC_0922-copie-6.jpg','https:\/\/geemarc.com\/de\/wp-content\/uploads\/sites\/5\/2020\/06\/DSC_0921-copie-6.jpg','https:\/\/geemarc.com\/de\/wp-content\/uploads\/sites\/5\/2020\/06\/DSC_0920-copie-6.jpg','https:\/\/geemarc.com\/de\/wp-content\/uploads\/sites\/5\/2020\/06\/DSC_0919-copie-6.jpg','https:\/\/geemarc.com\/de\/wp-content\/uploads\/sites\/5\/2020\/06\/DSC_0918-copie-6.jpg','https:\/\/geemarc.com\/de\/wp-content\/uploads\/sites\/5\/2020\/06\/DSC_0917-copie-6.jpg','https:\/\/geemarc.com\/de\/wp-content\/uploads\/sites\/5\/2020\/06\/DSC_0916-copie-6.jpg','https:\/\/geemarc.com\/de\/wp-content\/uploads\/sites\/5\/2020\/06\/DSC_0915-copie-6.jpg','https:\/\/geemarc.com\/de\/wp-content\/uploads\/sites\/5\/2020\/06\/DSC_0914-copie-6.jpg','https:\/\/geemarc.com\/de\/wp-content\/uploads\/sites\/5\/2020\/06\/DSC_0913-copie-6.jpg','https:\/\/geemarc.com\/de\/wp-content\/uploads\/sites\/5\/2020\/06\/DSC_0912-copie-6.jpg','https:\/\/geemarc.com\/de\/wp-content\/uploads\/sites\/5\/2020\/06\/DSC_0911-copie-6.jpg','https:\/\/geemarc.com\/de\/wp-content\/uploads\/sites\/5\/2020\/06\/DSC_0910-copie-6.jpg','https:\/\/geemarc.com\/de\/wp-content\/uploads\/sites\/5\/2020\/06\/DSC_0909-copie-6.jpg','https:\/\/geemarc.com\/de\/wp-content\/uploads\/sites\/5\/2020\/06\/DSC_0908-copie-6.jpg','https:\/\/geemarc.com\/de\/wp-content\/uploads\/sites\/5\/2020\/06\/DSC_0907-copie-6.jpg','https:\/\/geemarc.com\/de\/wp-content\/uploads\/sites\/5\/2020\/06\/DSC_0906-copie-6.jpg','https:\/\/geemarc.com\/de\/wp-content\/uploads\/sites\/5\/2020\/06\/DSC_0905-copie-6.jpg','https:\/\/geemarc.com\/de\/wp-content\/uploads\/sites\/5\/2020\/06\/DSC_0904-copie-6.jpg','https:\/\/geemarc.com\/de\/wp-content\/uploads\/sites\/5\/2020\/06\/DSC_0903-copie-6.jpg','https:\/\/geemarc.com\/de\/wp-content\/uploads\/sites\/5\/2020\/06\/DSC_0902-copie-6.jpg','https:\/\/geemarc.com\/de\/wp-content\/uploads\/sites\/5\/2020\/06\/DSC_0901-copie-6.jpg','https:\/\/geemarc.com\/de\/wp-content\/uploads\/sites\/5\/2020\/06\/DSC_0900-copie-6.jpg','https:\/\/geemarc.com\/de\/wp-content\/uploads\/sites\/5\/2020\/06\/DSC_0899-copie-6.jpg','https:\/\/geemarc.com\/de\/wp-content\/uploads\/sites\/5\/2020\/06\/DSC_0898-copie-6.jpg','https:\/\/geemarc.com\/de\/wp-content\/uploads\/sites\/5\/2020\/06\/DSC_0897-copie-6.jpg','https:\/\/geemarc.com\/de\/wp-content\/uploads\/sites\/5\/2020\/06\/DSC_0896-copie-6.jpg','https:\/\/geemarc.com\/de\/wp-content\/uploads\/sites\/5\/2020\/06\/DSC_0895-copie-6.jpg','https:\/\/geemarc.com\/de\/wp-content\/uploads\/sites\/5\/2020\/06\/DSC_0894-copie-6.jpg','https:\/\/geemarc.com\/de\/wp-content\/uploads\/sites\/5\/2020\/06\/DSC_0893-copie-6.jpg','https:\/\/geemarc.com\/de\/wp-content\/uploads\/sites\/5\/2020\/06\/DSC_0892-copie-6.jpg'],\r\n\t\theight: 0,\r\n\t\twidth: 800,\r\n\t\tnavigation: true,\r\n\t\tdrag: true,\r\n\t\tshowCursor: true,\r\n\t\tinterval: 120,\r\n\t\tspeedMultiplier: 3,\r\n\t\t\t\tstartAutoplay: true,\r\n\t\t\t\tonReady: function() {\r\n\t\t\t$(\"#threesixty-slider-6881_k1pyGj\").removeClass('threesixty-loading');\r\n\t\t\t\t\t\tproduct_6881_k1pyGj.play();\r\n\t\t\t\t\t\t\t\t}\r\n\t\t\t});\r\n\t\t\t}(jQuery));\r\n<\/script>\n","protected":false},"excerpt":{"rendered":"<p>Digitale Funkuhr mit Hintergrundsbeleuchtung und 4 Helligkeitsstufen<\/p>\n","protected":false},"featured_media":6614,"template":"","meta":[],"product_cat":[138],"product_tag":[],"yoast_head":"<!-- This site is optimized with the Yoast SEO plugin v16.9 - https:\/\/yoast.com\/wordpress\/plugins\/seo\/ -->\n<title>VISO 15 - Geemarc Germany<\/title>\n<meta name=\"robots\" content=\"index, follow, max-snippet:-1, max-image-preview:large, max-video-preview:-1\" \/>\n<link rel=\"canonical\" href=\"https:\/\/geemarc.com\/de\/produkt\/viso-15\/\" \/>\n<meta property=\"og:locale\" content=\"de_DE\" \/>\n<meta property=\"og:type\" content=\"article\" \/>\n<meta property=\"og:title\" content=\"VISO 15 - Geemarc Germany\" \/>\n<meta property=\"og:description\" content=\"Digitale Funkuhr mit Hintergrundsbeleuchtung und 4 Helligkeitsstufen\" \/>\n<meta property=\"og:url\" content=\"https:\/\/geemarc.com\/de\/produkt\/viso-15\/\" \/>\n<meta property=\"og:site_name\" content=\"Geemarc Germany\" \/>\n<meta property=\"article:modified_time\" content=\"2023-02-01T08:42:24+00:00\" \/>\n<meta property=\"og:image\" content=\"https:\/\/geemarc.com\/de\/wp-content\/uploads\/sites\/5\/2020\/06\/VISO-15_GE_1-dsp.jpg\" \/>\n\t<meta property=\"og:image:width\" content=\"3008\" \/>\n\t<meta property=\"og:image:height\" content=\"2000\" \/>\n<meta name=\"twitter:card\" content=\"summary_large_image\" \/>\n<meta name=\"twitter:label1\" content=\"Gesch\u00e4tzte Lesezeit\" \/>\n\t<meta name=\"twitter:data1\" content=\"1\u00a0Minute\" \/>\n<script type=\"application\/ld+json\" class=\"yoast-schema-graph\">{\"@context\":\"https:\/\/schema.org\",\"@graph\":[{\"@type\":\"WebSite\",\"@id\":\"https:\/\/geemarc.com\/de\/#website\",\"url\":\"https:\/\/geemarc.com\/de\/\",\"name\":\"Geemarc Germany\",\"description\":\"\",\"potentialAction\":[{\"@type\":\"SearchAction\",\"target\":{\"@type\":\"EntryPoint\",\"urlTemplate\":\"https:\/\/geemarc.com\/de\/?s={search_term_string}\"},\"query-input\":\"required name=search_term_string\"}],\"inLanguage\":\"de\"},{\"@type\":\"ImageObject\",\"@id\":\"https:\/\/geemarc.com\/de\/produkt\/viso-15\/#primaryimage\",\"inLanguage\":\"de\",\"url\":\"https:\/\/geemarc.com\/de\/wp-content\/uploads\/sites\/5\/2020\/06\/VISO-15_GE_1-dsp.jpg\",\"contentUrl\":\"https:\/\/geemarc.com\/de\/wp-content\/uploads\/sites\/5\/2020\/06\/VISO-15_GE_1-dsp.jpg\",\"width\":3008,\"height\":2000},{\"@type\":\"WebPage\",\"@id\":\"https:\/\/geemarc.com\/de\/produkt\/viso-15\/#webpage\",\"url\":\"https:\/\/geemarc.com\/de\/produkt\/viso-15\/\",\"name\":\"VISO 15 - Geemarc Germany\",\"isPartOf\":{\"@id\":\"https:\/\/geemarc.com\/de\/#website\"},\"primaryImageOfPage\":{\"@id\":\"https:\/\/geemarc.com\/de\/produkt\/viso-15\/#primaryimage\"},\"datePublished\":\"2020-06-05T10:57:52+00:00\",\"dateModified\":\"2023-02-01T08:42:24+00:00\",\"breadcrumb\":{\"@id\":\"https:\/\/geemarc.com\/de\/produkt\/viso-15\/#breadcrumb\"},\"inLanguage\":\"de\",\"potentialAction\":[{\"@type\":\"ReadAction\",\"target\":[\"https:\/\/geemarc.com\/de\/produkt\/viso-15\/\"]}]},{\"@type\":\"BreadcrumbList\",\"@id\":\"https:\/\/geemarc.com\/de\/produkt\/viso-15\/#breadcrumb\",\"itemListElement\":[{\"@type\":\"ListItem\",\"position\":1,\"name\":\"Home\",\"item\":\"https:\/\/geemarc.com\/de\/\"},{\"@type\":\"ListItem\",\"position\":2,\"name\":\"Shop\",\"item\":\"https:\/\/geemarc.com\/de\/shop\/\"},{\"@type\":\"ListItem\",\"position\":3,\"name\":\"VISO 15\"}]}]}<\/script>\n<!-- \/ Yoast SEO plugin. -->","yoast_head_json":{"title":"VISO 15 - Geemarc Germany","robots":{"index":"index","follow":"follow","max-snippet":"max-snippet:-1","max-image-preview":"max-image-preview:large","max-video-preview":"max-video-preview:-1"},"canonical":"https:\/\/geemarc.com\/de\/produkt\/viso-15\/","og_locale":"de_DE","og_type":"article","og_title":"VISO 15 - Geemarc Germany","og_description":"Digitale Funkuhr mit Hintergrundsbeleuchtung und 4 Helligkeitsstufen","og_url":"https:\/\/geemarc.com\/de\/produkt\/viso-15\/","og_site_name":"Geemarc Germany","article_modified_time":"2023-02-01T08:42:24+00:00","og_image":[{"width":3008,"height":2000,"url":"https:\/\/geemarc.com\/de\/wp-content\/uploads\/sites\/5\/2020\/06\/VISO-15_GE_1-dsp.jpg","path":"\/home\/g\/e\/geemarcwp\/public_html\/wp-content\/uploads\/sites\/5\/2020\/06\/VISO-15_GE_1-dsp.jpg","size":"full","id":6614,"alt":"","pixels":6016000,"type":"image\/jpeg"}],"twitter_card":"summary_large_image","twitter_misc":{"Gesch\u00e4tzte Lesezeit":"1\u00a0Minute"},"schema":{"@context":"https:\/\/schema.org","@graph":[{"@type":"WebSite","@id":"https:\/\/geemarc.com\/de\/#website","url":"https:\/\/geemarc.com\/de\/","name":"Geemarc Germany","description":"","potentialAction":[{"@type":"SearchAction","target":{"@type":"EntryPoint","urlTemplate":"https:\/\/geemarc.com\/de\/?s={search_term_string}"},"query-input":"required name=search_term_string"}],"inLanguage":"de"},{"@type":"ImageObject","@id":"https:\/\/geemarc.com\/de\/produkt\/viso-15\/#primaryimage","inLanguage":"de","url":"https:\/\/geemarc.com\/de\/wp-content\/uploads\/sites\/5\/2020\/06\/VISO-15_GE_1-dsp.jpg","contentUrl":"https:\/\/geemarc.com\/de\/wp-content\/uploads\/sites\/5\/2020\/06\/VISO-15_GE_1-dsp.jpg","width":3008,"height":2000},{"@type":"WebPage","@id":"https:\/\/geemarc.com\/de\/produkt\/viso-15\/#webpage","url":"https:\/\/geemarc.com\/de\/produkt\/viso-15\/","name":"VISO 15 - Geemarc Germany","isPartOf":{"@id":"https:\/\/geemarc.com\/de\/#website"},"primaryImageOfPage":{"@id":"https:\/\/geemarc.com\/de\/produkt\/viso-15\/#primaryimage"},"datePublished":"2020-06-05T10:57:52+00:00","dateModified":"2023-02-01T08:42:24+00:00","breadcrumb":{"@id":"https:\/\/geemarc.com\/de\/produkt\/viso-15\/#breadcrumb"},"inLanguage":"de","potentialAction":[{"@type":"ReadAction","target":["https:\/\/geemarc.com\/de\/produkt\/viso-15\/"]}]},{"@type":"BreadcrumbList","@id":"https:\/\/geemarc.com\/de\/produkt\/viso-15\/#breadcrumb","itemListElement":[{"@type":"ListItem","position":1,"name":"Home","item":"https:\/\/geemarc.com\/de\/"},{"@type":"ListItem","position":2,"name":"Shop","item":"https:\/\/geemarc.com\/de\/shop\/"},{"@type":"ListItem","position":3,"name":"VISO 15"}]}]}},"acf":[],"_links":{"self":[{"href":"https:\/\/geemarc.com\/de\/wp-json\/wp\/v2\/product\/6610"}],"collection":[{"href":"https:\/\/geemarc.com\/de\/wp-json\/wp\/v2\/product"}],"about":[{"href":"https:\/\/geemarc.com\/de\/wp-json\/wp\/v2\/types\/product"}],"wp:featuredmedia":[{"embeddable":true,"href":"https:\/\/geemarc.com\/de\/wp-json\/wp\/v2\/media\/6614"}],"wp:attachment":[{"href":"https:\/\/geemarc.com\/de\/wp-json\/wp\/v2\/media?parent=6610"}],"wp:term":[{"taxonomy":"product_cat","embeddable":true,"href":"https:\/\/geemarc.com\/de\/wp-json\/wp\/v2\/product_cat?post=6610"},{"taxonomy":"product_tag","embeddable":true,"href":"https:\/\/geemarc.com\/de\/wp-json\/wp\/v2\/product_tag?post=6610"}],"curies":[{"name":"wp","href":"https:\/\/api.w.org\/{rel}","templated":true}]}}