{"id":7095,"date":"2020-10-13T08:48:40","date_gmt":"2020-10-13T08:48:40","guid":{"rendered":"http:\/\/geemarc.com\/de\/?post_type=product&#038;p=7095"},"modified":"2023-07-24T09:38:18","modified_gmt":"2023-07-24T09:38:18","slug":"amplidect595-2-u-l-e","status":"publish","type":"product","link":"https:\/\/geemarc.com\/de\/produkt\/amplidect595-2-u-l-e\/","title":{"rendered":"AMPLIDECT595-2 U.L.E"},"content":{"rendered":"<p>ANRUFEN\/SPRECHEN<\/p>\n<ul>\n<li>H\u00f6rger\u00e4tekompatibel<\/li>\n<li>Ergonomisches Mobilteil mit breiten hintergrundbeleuchteten Tasten f\u00fcr eine vereinfachte Benutzung<\/li>\n<li>Einstellbare H\u00f6rerlautst\u00e4rke bis zu 50dB (Boost Modus)<\/li>\n<li>Tonregelung (3 Stufen)<\/li>\n<li>9 Direktwahltasten auf dem Mobilteil: auf der 9 Tasten (von 1 bis 9) kann man Nummer registrieren<\/li>\n<li>Freisprechfunktion auf dem Mobilteil<\/li>\n<li>Lautsprecher Einstellung<\/li>\n<li>Telefonbuch bis zu 50 Eintr\u00e4ge (Namen und Nummer)<\/li>\n<li>VIP Funktion: erm\u00f6glicht eingehende Anrufe nur von Nummern, die im VIP-Verzeichnis gespeichert sind (bis zu 50 Nummern), wenn die Funktion &#8220;Anrufsperre&#8221; aktiviert ist<\/li>\n<li>Wahlwiederholung der 10 letzten gew\u00e4hlten Rufnummern<\/li>\n<li>Direktwahltaste zum Telefonbuch und Men\u00fc auf dem Mobilteil<\/li>\n<li>Einstellbare R-Taste (100ms\/300ms\/600ms)<\/li>\n<li>Notruffunktion (SOS Taste):<br \/>\no Bis 4 Notruf-Nummer programmierbar<br \/>\no Selbstaufnehmbare Notansage oder die existierende Ansage in 4 w\u00e4hlbaren Sprachen benutzen (English, Franz\u00f6sisch, Deutsch und Niederl\u00e4ndisch)<br \/>\no Nach Freigabe der SOS-Anruf, tritt man in Verbindung mit dem Menschen im Not in Freihandmodus<\/li>\n<li>Mit dem DOORBELL 595 ULE: m\u00f6gliche Weiterleitung des Anrufs auf Ihrem Handy oder ein anderes Telefon. Dadurch k\u00f6nnen Sie mit der Person sprechen, die vor Ihrer T\u00fcr steht.<\/li>\n<\/ul>\n<p>&nbsp;<\/p>\n<div id=\"threesixty-slider-7158_dmqRGZ\" class=\"threesixty-loading threesixty-image threesixty-dark-blue threesixty-vintage threesixty-no-border\" style=\"width: 2174px;\">\r\n\t<div class=\"threesixty-preview-7158_dmqRGZ\"><img class=\"threesixty-preview-image\" src=\"https:\/\/geemarc.com\/de\/wp-content\/uploads\/sites\/5\/2020\/11\/DSC_0891.jpg\"\/><\/div>\r\n\t<div class=\"threesixty-spinner threesixty-spinner-7158_dmqRGZ\">\r\n\t\t<span>0%<\/span>\r\n\t<\/div>\r\n\t<ol class=\"threesixty-images threesixty-images-7158_dmqRGZ\"><\/ol>\r\n\t\t\t<a href=\"#threesixty-slider-7158_dmqRGZ\" class=\"threesixty-mfp-anchor\"><\/a>\r\n\t<\/div>\r\n<!--SPV--><script type=\"text\/javascript\">\/\/SPV\r\n(function($) {\r\n\t\t$('#threesixty-slider-7158_dmqRGZ .threesixty-mfp-anchor').magnificPopup({\r\n\t\ttype:'inline',\r\n\t\tcloseOnBgClick: true,\r\n\t\tmidClick: true,\r\n\t\t\/\/removalDelay: 300,\r\n  \t\t\/\/mainClass: 'mfp-fade',\r\n\t\tcallbacks: {\r\n\t\t\t resize: function() {\r\n\t\t\t \tvar originalHeight \t= 2000,\r\n\t\t\t \t\toriginalWidth \t= 2174,\r\n\t\t\t \t\tmfpHeight \t\t= 2000,\r\n\t\t\t \t\tmfpWidth \t\t= 2174,\r\n\t\t\t \t\tratio \t\t\t= originalWidth \/ originalHeight,\r\n\t\t\t \t\twinHeight \t\t= $(window).height(),\r\n\t\t\t \t\twinWidth \t\t= $(window).width();\r\n\t\t\t \t\r\n\t\t\t \tif ( originalHeight > winHeight * 0.9 ) {\r\n\t\t\t \t\tmfpHeight \t\t= winHeight * 0.9;\r\n\t\t\t \t\tmfpWidth \t\t= mfpHeight * ratio;\r\n\t\t\t\t}\r\n\t\t\t\tif ( mfpWidth > winWidth * 0.9 ) {\r\n\t\t\t \t\tmfpWidth \t\t= winWidth * 0.9;\r\n\t\t\t \t\tmfpHeight \t\t= mfpWidth \/ ratio;\r\n\t\t\t\t}\r\n\t\t\t \tif ( mfpHeight < originalHeight && mfpWidth < originalWidth ) {\r\n\t\t\t\t    $('#threesixty-slider-7158_dmqRGZ').height(mfpHeight);\r\n\t\t\t\t    $('#threesixty-slider-7158_dmqRGZ').width(mfpWidth);\r\n\t\t\t\t} \r\n\t\t\t\telse {\r\n\t\t\t\t    $('#threesixty-slider-7158_dmqRGZ').height(originalHeight);\r\n\t\t\t\t    $('#threesixty-slider-7158_dmqRGZ').width(originalWidth);\r\n\t\t\t\t}\r\n\t\t\t},\r\n\t\t\tclose: function() {\r\n\t\t\t    $('#threesixty-slider-7158_dmqRGZ').height('auto');\r\n\t\t\t    $('#threesixty-slider-7158_dmqRGZ').width(2174);\r\n\t\t\t}\r\n\t\t},\r\n\t\tcloseMarkup :\"<button class=\\\"mfp-close\\\"><\/button>\"\r\n\t});\r\n\t\tvar product_7158_dmqRGZ = $('#threesixty-slider-7158_dmqRGZ').ThreeSixty({\r\n\t\ttotalFrames: 36,\r\n\t\tendFrame: 0,\r\n\t\tcurrentFrame: 36,\r\n\t\timgList: '.threesixty-images-7158_dmqRGZ',\r\n\t\tprogress: '.threesixty-spinner-7158_dmqRGZ',\r\n\t\tpreview: '.threesixty-preview-7158_dmqRGZ',\r\n\t\timages: ['https:\/\/geemarc.com\/de\/wp-content\/uploads\/sites\/5\/2020\/11\/DSC_0926.jpg','https:\/\/geemarc.com\/de\/wp-content\/uploads\/sites\/5\/2020\/11\/DSC_0925.jpg','https:\/\/geemarc.com\/de\/wp-content\/uploads\/sites\/5\/2020\/11\/DSC_0924.jpg','https:\/\/geemarc.com\/de\/wp-content\/uploads\/sites\/5\/2020\/11\/DSC_0923.jpg','https:\/\/geemarc.com\/de\/wp-content\/uploads\/sites\/5\/2020\/11\/DSC_0922.jpg','https:\/\/geemarc.com\/de\/wp-content\/uploads\/sites\/5\/2020\/11\/DSC_0921.jpg','https:\/\/geemarc.com\/de\/wp-content\/uploads\/sites\/5\/2020\/11\/DSC_0920.jpg','https:\/\/geemarc.com\/de\/wp-content\/uploads\/sites\/5\/2020\/11\/DSC_0919.jpg','https:\/\/geemarc.com\/de\/wp-content\/uploads\/sites\/5\/2020\/11\/DSC_0918.jpg','https:\/\/geemarc.com\/de\/wp-content\/uploads\/sites\/5\/2020\/11\/DSC_0917.jpg','https:\/\/geemarc.com\/de\/wp-content\/uploads\/sites\/5\/2020\/11\/DSC_0916.jpg','https:\/\/geemarc.com\/de\/wp-content\/uploads\/sites\/5\/2020\/11\/DSC_0915.jpg','https:\/\/geemarc.com\/de\/wp-content\/uploads\/sites\/5\/2020\/11\/DSC_0914.jpg','https:\/\/geemarc.com\/de\/wp-content\/uploads\/sites\/5\/2020\/11\/DSC_0913.jpg','https:\/\/geemarc.com\/de\/wp-content\/uploads\/sites\/5\/2020\/11\/DSC_0912.jpg','https:\/\/geemarc.com\/de\/wp-content\/uploads\/sites\/5\/2020\/11\/DSC_0911.jpg','https:\/\/geemarc.com\/de\/wp-content\/uploads\/sites\/5\/2020\/11\/DSC_0910.jpg','https:\/\/geemarc.com\/de\/wp-content\/uploads\/sites\/5\/2020\/11\/DSC_0909.jpg','https:\/\/geemarc.com\/de\/wp-content\/uploads\/sites\/5\/2020\/11\/DSC_0908.jpg','https:\/\/geemarc.com\/de\/wp-content\/uploads\/sites\/5\/2020\/11\/DSC_0907.jpg','https:\/\/geemarc.com\/de\/wp-content\/uploads\/sites\/5\/2020\/11\/DSC_0906.jpg','https:\/\/geemarc.com\/de\/wp-content\/uploads\/sites\/5\/2020\/11\/DSC_0905.jpg','https:\/\/geemarc.com\/de\/wp-content\/uploads\/sites\/5\/2020\/11\/DSC_0904.jpg','https:\/\/geemarc.com\/de\/wp-content\/uploads\/sites\/5\/2020\/11\/DSC_0903.jpg','https:\/\/geemarc.com\/de\/wp-content\/uploads\/sites\/5\/2020\/11\/DSC_0902.jpg','https:\/\/geemarc.com\/de\/wp-content\/uploads\/sites\/5\/2020\/11\/DSC_0901.jpg','https:\/\/geemarc.com\/de\/wp-content\/uploads\/sites\/5\/2020\/11\/DSC_0900.jpg','https:\/\/geemarc.com\/de\/wp-content\/uploads\/sites\/5\/2020\/11\/DSC_0899.jpg','https:\/\/geemarc.com\/de\/wp-content\/uploads\/sites\/5\/2020\/11\/DSC_0898.jpg','https:\/\/geemarc.com\/de\/wp-content\/uploads\/sites\/5\/2020\/11\/DSC_0897.jpg','https:\/\/geemarc.com\/de\/wp-content\/uploads\/sites\/5\/2020\/11\/DSC_0896.jpg','https:\/\/geemarc.com\/de\/wp-content\/uploads\/sites\/5\/2020\/11\/DSC_0895.jpg','https:\/\/geemarc.com\/de\/wp-content\/uploads\/sites\/5\/2020\/11\/DSC_0894.jpg','https:\/\/geemarc.com\/de\/wp-content\/uploads\/sites\/5\/2020\/11\/DSC_0893.jpg','https:\/\/geemarc.com\/de\/wp-content\/uploads\/sites\/5\/2020\/11\/DSC_0892.jpg','https:\/\/geemarc.com\/de\/wp-content\/uploads\/sites\/5\/2020\/11\/DSC_0891.jpg'],\r\n\t\theight: 0,\r\n\t\twidth: 2174,\r\n\t\tnavigation: true,\r\n\t\tdrag: true,\r\n\t\tshowCursor: true,\r\n\t\tinterval: 120,\r\n\t\tspeedMultiplier: 3,\r\n\t\t\t\tstartAutoplay: true,\r\n\t\t\t\tonReady: function() {\r\n\t\t\t$(\"#threesixty-slider-7158_dmqRGZ\").removeClass('threesixty-loading');\r\n\t\t\t\t\t\tproduct_7158_dmqRGZ.play();\r\n\t\t\t\t\t\t\t\t}\r\n\t\t\t});\r\n\t\t\t}(jQuery));\r\n<\/script>\n","protected":false},"excerpt":{"rendered":"<p>Verst\u00e4rktes 50dB schnurloses Digitaltelefon mit Gegensprechanlage + ein schnurloser Zusatzh\u00f6rer<\/p>\n","protected":false},"featured_media":7097,"template":"","meta":[],"product_cat":[124],"product_tag":[],"yoast_head":"<!-- This site is optimized with the Yoast SEO plugin v16.9 - https:\/\/yoast.com\/wordpress\/plugins\/seo\/ -->\n<title>AMPLIDECT595-2 U.L.E - Geemarc Germany<\/title>\n<meta name=\"robots\" content=\"index, follow, max-snippet:-1, max-image-preview:large, max-video-preview:-1\" \/>\n<link rel=\"canonical\" href=\"https:\/\/geemarc.com\/de\/produkt\/amplidect595-2-u-l-e\/\" \/>\n<meta property=\"og:locale\" content=\"de_DE\" \/>\n<meta property=\"og:type\" content=\"article\" \/>\n<meta property=\"og:title\" content=\"AMPLIDECT595-2 U.L.E - Geemarc Germany\" \/>\n<meta property=\"og:description\" content=\"Verst\u00e4rktes 50dB schnurloses Digitaltelefon mit Gegensprechanlage + ein schnurloser Zusatzh\u00f6rer\" \/>\n<meta property=\"og:url\" content=\"https:\/\/geemarc.com\/de\/produkt\/amplidect595-2-u-l-e\/\" \/>\n<meta property=\"og:site_name\" content=\"Geemarc Germany\" \/>\n<meta property=\"article:modified_time\" content=\"2023-07-24T09:38:18+00:00\" \/>\n<meta property=\"og:image\" content=\"https:\/\/geemarc.com\/de\/wp-content\/uploads\/sites\/5\/2020\/10\/AmpliDect595-U.L.E_1.2.1.jpg\" \/>\n\t<meta property=\"og:image:width\" content=\"2372\" \/>\n\t<meta property=\"og:image:height\" content=\"2234\" \/>\n<meta name=\"twitter:card\" content=\"summary_large_image\" \/>\n<meta name=\"twitter:label1\" content=\"Gesch\u00e4tzte Lesezeit\" \/>\n\t<meta name=\"twitter:data1\" content=\"1\u00a0Minute\" \/>\n<script type=\"application\/ld+json\" class=\"yoast-schema-graph\">{\"@context\":\"https:\/\/schema.org\",\"@graph\":[{\"@type\":\"WebSite\",\"@id\":\"https:\/\/geemarc.com\/de\/#website\",\"url\":\"https:\/\/geemarc.com\/de\/\",\"name\":\"Geemarc Germany\",\"description\":\"\",\"potentialAction\":[{\"@type\":\"SearchAction\",\"target\":{\"@type\":\"EntryPoint\",\"urlTemplate\":\"https:\/\/geemarc.com\/de\/?s={search_term_string}\"},\"query-input\":\"required name=search_term_string\"}],\"inLanguage\":\"de\"},{\"@type\":\"ImageObject\",\"@id\":\"https:\/\/geemarc.com\/de\/produkt\/amplidect595-2-u-l-e\/#primaryimage\",\"inLanguage\":\"de\",\"url\":\"https:\/\/geemarc.com\/de\/wp-content\/uploads\/sites\/5\/2020\/10\/AmpliDect595-U.L.E_1.2.1.jpg\",\"contentUrl\":\"https:\/\/geemarc.com\/de\/wp-content\/uploads\/sites\/5\/2020\/10\/AmpliDect595-U.L.E_1.2.1.jpg\",\"width\":2372,\"height\":2234},{\"@type\":\"WebPage\",\"@id\":\"https:\/\/geemarc.com\/de\/produkt\/amplidect595-2-u-l-e\/#webpage\",\"url\":\"https:\/\/geemarc.com\/de\/produkt\/amplidect595-2-u-l-e\/\",\"name\":\"AMPLIDECT595-2 U.L.E - Geemarc Germany\",\"isPartOf\":{\"@id\":\"https:\/\/geemarc.com\/de\/#website\"},\"primaryImageOfPage\":{\"@id\":\"https:\/\/geemarc.com\/de\/produkt\/amplidect595-2-u-l-e\/#primaryimage\"},\"datePublished\":\"2020-10-13T08:48:40+00:00\",\"dateModified\":\"2023-07-24T09:38:18+00:00\",\"breadcrumb\":{\"@id\":\"https:\/\/geemarc.com\/de\/produkt\/amplidect595-2-u-l-e\/#breadcrumb\"},\"inLanguage\":\"de\",\"potentialAction\":[{\"@type\":\"ReadAction\",\"target\":[\"https:\/\/geemarc.com\/de\/produkt\/amplidect595-2-u-l-e\/\"]}]},{\"@type\":\"BreadcrumbList\",\"@id\":\"https:\/\/geemarc.com\/de\/produkt\/amplidect595-2-u-l-e\/#breadcrumb\",\"itemListElement\":[{\"@type\":\"ListItem\",\"position\":1,\"name\":\"Home\",\"item\":\"https:\/\/geemarc.com\/de\/\"},{\"@type\":\"ListItem\",\"position\":2,\"name\":\"Shop\",\"item\":\"https:\/\/geemarc.com\/de\/shop\/\"},{\"@type\":\"ListItem\",\"position\":3,\"name\":\"AMPLIDECT595-2 U.L.E\"}]}]}<\/script>\n<!-- \/ Yoast SEO plugin. -->","yoast_head_json":{"title":"AMPLIDECT595-2 U.L.E - Geemarc Germany","robots":{"index":"index","follow":"follow","max-snippet":"max-snippet:-1","max-image-preview":"max-image-preview:large","max-video-preview":"max-video-preview:-1"},"canonical":"https:\/\/geemarc.com\/de\/produkt\/amplidect595-2-u-l-e\/","og_locale":"de_DE","og_type":"article","og_title":"AMPLIDECT595-2 U.L.E - Geemarc Germany","og_description":"Verst\u00e4rktes 50dB schnurloses Digitaltelefon mit Gegensprechanlage + ein schnurloser Zusatzh\u00f6rer","og_url":"https:\/\/geemarc.com\/de\/produkt\/amplidect595-2-u-l-e\/","og_site_name":"Geemarc Germany","article_modified_time":"2023-07-24T09:38:18+00:00","og_image":[{"width":2372,"height":2234,"url":"https:\/\/geemarc.com\/de\/wp-content\/uploads\/sites\/5\/2020\/10\/AmpliDect595-U.L.E_1.2.1.jpg","path":"\/home\/g\/e\/geemarcwp\/public_html\/wp-content\/uploads\/sites\/5\/2020\/10\/AmpliDect595-U.L.E_1.2.1.jpg","size":"full","id":7097,"alt":"","pixels":5299048,"type":"image\/jpeg"}],"twitter_card":"summary_large_image","twitter_misc":{"Gesch\u00e4tzte Lesezeit":"1\u00a0Minute"},"schema":{"@context":"https:\/\/schema.org","@graph":[{"@type":"WebSite","@id":"https:\/\/geemarc.com\/de\/#website","url":"https:\/\/geemarc.com\/de\/","name":"Geemarc Germany","description":"","potentialAction":[{"@type":"SearchAction","target":{"@type":"EntryPoint","urlTemplate":"https:\/\/geemarc.com\/de\/?s={search_term_string}"},"query-input":"required name=search_term_string"}],"inLanguage":"de"},{"@type":"ImageObject","@id":"https:\/\/geemarc.com\/de\/produkt\/amplidect595-2-u-l-e\/#primaryimage","inLanguage":"de","url":"https:\/\/geemarc.com\/de\/wp-content\/uploads\/sites\/5\/2020\/10\/AmpliDect595-U.L.E_1.2.1.jpg","contentUrl":"https:\/\/geemarc.com\/de\/wp-content\/uploads\/sites\/5\/2020\/10\/AmpliDect595-U.L.E_1.2.1.jpg","width":2372,"height":2234},{"@type":"WebPage","@id":"https:\/\/geemarc.com\/de\/produkt\/amplidect595-2-u-l-e\/#webpage","url":"https:\/\/geemarc.com\/de\/produkt\/amplidect595-2-u-l-e\/","name":"AMPLIDECT595-2 U.L.E - Geemarc Germany","isPartOf":{"@id":"https:\/\/geemarc.com\/de\/#website"},"primaryImageOfPage":{"@id":"https:\/\/geemarc.com\/de\/produkt\/amplidect595-2-u-l-e\/#primaryimage"},"datePublished":"2020-10-13T08:48:40+00:00","dateModified":"2023-07-24T09:38:18+00:00","breadcrumb":{"@id":"https:\/\/geemarc.com\/de\/produkt\/amplidect595-2-u-l-e\/#breadcrumb"},"inLanguage":"de","potentialAction":[{"@type":"ReadAction","target":["https:\/\/geemarc.com\/de\/produkt\/amplidect595-2-u-l-e\/"]}]},{"@type":"BreadcrumbList","@id":"https:\/\/geemarc.com\/de\/produkt\/amplidect595-2-u-l-e\/#breadcrumb","itemListElement":[{"@type":"ListItem","position":1,"name":"Home","item":"https:\/\/geemarc.com\/de\/"},{"@type":"ListItem","position":2,"name":"Shop","item":"https:\/\/geemarc.com\/de\/shop\/"},{"@type":"ListItem","position":3,"name":"AMPLIDECT595-2 U.L.E"}]}]}},"acf":[],"_links":{"self":[{"href":"https:\/\/geemarc.com\/de\/wp-json\/wp\/v2\/product\/7095"}],"collection":[{"href":"https:\/\/geemarc.com\/de\/wp-json\/wp\/v2\/product"}],"about":[{"href":"https:\/\/geemarc.com\/de\/wp-json\/wp\/v2\/types\/product"}],"wp:featuredmedia":[{"embeddable":true,"href":"https:\/\/geemarc.com\/de\/wp-json\/wp\/v2\/media\/7097"}],"wp:attachment":[{"href":"https:\/\/geemarc.com\/de\/wp-json\/wp\/v2\/media?parent=7095"}],"wp:term":[{"taxonomy":"product_cat","embeddable":true,"href":"https:\/\/geemarc.com\/de\/wp-json\/wp\/v2\/product_cat?post=7095"},{"taxonomy":"product_tag","embeddable":true,"href":"https:\/\/geemarc.com\/de\/wp-json\/wp\/v2\/product_tag?post=7095"}],"curies":[{"name":"wp","href":"https:\/\/api.w.org\/{rel}","templated":true}]}}