{"id":7938,"date":"2021-02-26T12:04:34","date_gmt":"2021-02-26T12:04:34","guid":{"rendered":"https:\/\/geemarc.com\/de\/?post_type=product&#038;p=7938"},"modified":"2024-08-23T07:58:13","modified_gmt":"2024-08-23T07:58:13","slug":"loophear102-v2-lt-lh102-v2-lt","status":"publish","type":"product","link":"https:\/\/geemarc.com\/de\/produkt\/loophear102-v2-lt-lh102-v2-lt\/","title":{"rendered":"LOOPHEAR102\u2122 V2 LT \u2013 LH102 V2 LT"},"content":{"rendered":"<p>Das LoopHEAR\u2122 ist eine mobile Induktionsspule, es kann in allen \u00f6ffentlichen oder beruflichen Geb\u00e4uden im Einsatz gebracht werden. Es wendet sich an allen schwerh\u00f6rigen Personen, mit oder ohne H\u00f6rger\u00e4te.<\/p>\n<p>F\u00fcr die H\u00f6rger\u00e4tetr\u00e4ger erzeugt\u00a0 es ein elektromagnetisches Feld, das von dem H\u00f6rger\u00e4t in T-Stellung (induktiv) empfangen wird.<\/p>\n<p>Gepr\u00fcft zur Einhaltung der Norm EN60118-4.<\/p>\n<p>&nbsp;<\/p>\n<p><strong>EIGENSCHAFTEN<\/strong><\/p>\n<ul>\n<li>Mobiles Ringschleifensystem mit m\u00f6glicher Festinstallation<\/li>\n<li>LED Anzeige f\u00fcr Magnetfeldst\u00e4rke<\/li>\n<li>Integriertes Mikrofon<\/li>\n<li>Einstellbare Lautst\u00e4rke im externen H\u00f6rer<\/li>\n<li>5 mm Audioeingang f\u00fcr Audiozubeh\u00f6r (TV, MP3, Computer, usw)<\/li>\n<li>Auflade-LED Anzeige<\/li>\n<li>An-\/Aus-Schalter<\/li>\n<li>Einstellung des Eingangspegels (Mikro und Audio)<\/li>\n<li>Einstellung der Magnetfeldst\u00e4rke<\/li>\n<li>Tonst\u00e4rke einstellbar<\/li>\n<li>In einer Transportbox geliefert<\/li>\n<\/ul>\n","protected":false},"excerpt":{"rendered":"<p>Mobiles Ringschleifensystem<\/p>\n","protected":false},"featured_media":7939,"template":"","meta":[],"product_cat":[152],"product_tag":[],"yoast_head":"<!-- This site is optimized with the Yoast SEO plugin v16.9 - https:\/\/yoast.com\/wordpress\/plugins\/seo\/ -->\n<title>LOOPHEAR102\u2122 V2 LT \u2013 LH102 V2 LT - Geemarc Germany<\/title>\n<meta name=\"robots\" content=\"index, follow, max-snippet:-1, max-image-preview:large, max-video-preview:-1\" \/>\n<link rel=\"canonical\" href=\"https:\/\/geemarc.com\/de\/produkt\/loophear102-v2-lt-lh102-v2-lt\/\" \/>\n<meta property=\"og:locale\" content=\"de_DE\" \/>\n<meta property=\"og:type\" content=\"article\" \/>\n<meta property=\"og:title\" content=\"LOOPHEAR102\u2122 V2 LT \u2013 LH102 V2 LT - Geemarc Germany\" \/>\n<meta property=\"og:description\" content=\"Mobiles Ringschleifensystem\" \/>\n<meta property=\"og:url\" content=\"https:\/\/geemarc.com\/de\/produkt\/loophear102-v2-lt-lh102-v2-lt\/\" \/>\n<meta property=\"og:site_name\" content=\"Geemarc Germany\" \/>\n<meta property=\"article:modified_time\" content=\"2024-08-23T07:58:13+00:00\" \/>\n<meta property=\"og:image\" content=\"https:\/\/geemarc.com\/de\/wp-content\/uploads\/sites\/5\/2021\/02\/LH102-V2-LT.jpg\" \/>\n\t<meta property=\"og:image:width\" content=\"2276\" \/>\n\t<meta property=\"og:image:height\" content=\"2216\" \/>\n<meta name=\"twitter:card\" content=\"summary_large_image\" \/>\n<meta name=\"twitter:label1\" content=\"Gesch\u00e4tzte Lesezeit\" \/>\n\t<meta name=\"twitter:data1\" content=\"1\u00a0Minute\" \/>\n<script type=\"application\/ld+json\" class=\"yoast-schema-graph\">{\"@context\":\"https:\/\/schema.org\",\"@graph\":[{\"@type\":\"WebSite\",\"@id\":\"https:\/\/geemarc.com\/de\/#website\",\"url\":\"https:\/\/geemarc.com\/de\/\",\"name\":\"Geemarc Germany\",\"description\":\"\",\"potentialAction\":[{\"@type\":\"SearchAction\",\"target\":{\"@type\":\"EntryPoint\",\"urlTemplate\":\"https:\/\/geemarc.com\/de\/?s={search_term_string}\"},\"query-input\":\"required name=search_term_string\"}],\"inLanguage\":\"de\"},{\"@type\":\"ImageObject\",\"@id\":\"https:\/\/geemarc.com\/de\/produkt\/loophear102-v2-lt-lh102-v2-lt\/#primaryimage\",\"inLanguage\":\"de\",\"url\":\"https:\/\/geemarc.com\/de\/wp-content\/uploads\/sites\/5\/2021\/02\/LH102-V2-LT.jpg\",\"contentUrl\":\"https:\/\/geemarc.com\/de\/wp-content\/uploads\/sites\/5\/2021\/02\/LH102-V2-LT.jpg\",\"width\":2276,\"height\":2216},{\"@type\":\"WebPage\",\"@id\":\"https:\/\/geemarc.com\/de\/produkt\/loophear102-v2-lt-lh102-v2-lt\/#webpage\",\"url\":\"https:\/\/geemarc.com\/de\/produkt\/loophear102-v2-lt-lh102-v2-lt\/\",\"name\":\"LOOPHEAR102\\u2122 V2 LT \\u2013 LH102 V2 LT - Geemarc Germany\",\"isPartOf\":{\"@id\":\"https:\/\/geemarc.com\/de\/#website\"},\"primaryImageOfPage\":{\"@id\":\"https:\/\/geemarc.com\/de\/produkt\/loophear102-v2-lt-lh102-v2-lt\/#primaryimage\"},\"datePublished\":\"2021-02-26T12:04:34+00:00\",\"dateModified\":\"2024-08-23T07:58:13+00:00\",\"breadcrumb\":{\"@id\":\"https:\/\/geemarc.com\/de\/produkt\/loophear102-v2-lt-lh102-v2-lt\/#breadcrumb\"},\"inLanguage\":\"de\",\"potentialAction\":[{\"@type\":\"ReadAction\",\"target\":[\"https:\/\/geemarc.com\/de\/produkt\/loophear102-v2-lt-lh102-v2-lt\/\"]}]},{\"@type\":\"BreadcrumbList\",\"@id\":\"https:\/\/geemarc.com\/de\/produkt\/loophear102-v2-lt-lh102-v2-lt\/#breadcrumb\",\"itemListElement\":[{\"@type\":\"ListItem\",\"position\":1,\"name\":\"Home\",\"item\":\"https:\/\/geemarc.com\/de\/\"},{\"@type\":\"ListItem\",\"position\":2,\"name\":\"Shop\",\"item\":\"https:\/\/geemarc.com\/de\/shop\/\"},{\"@type\":\"ListItem\",\"position\":3,\"name\":\"LOOPHEAR102\\u2122 V2 LT \\u2013 LH102 V2 LT\"}]}]}<\/script>\n<!-- \/ Yoast SEO plugin. -->","yoast_head_json":{"title":"LOOPHEAR102\u2122 V2 LT \u2013 LH102 V2 LT - Geemarc Germany","robots":{"index":"index","follow":"follow","max-snippet":"max-snippet:-1","max-image-preview":"max-image-preview:large","max-video-preview":"max-video-preview:-1"},"canonical":"https:\/\/geemarc.com\/de\/produkt\/loophear102-v2-lt-lh102-v2-lt\/","og_locale":"de_DE","og_type":"article","og_title":"LOOPHEAR102\u2122 V2 LT \u2013 LH102 V2 LT - Geemarc Germany","og_description":"Mobiles Ringschleifensystem","og_url":"https:\/\/geemarc.com\/de\/produkt\/loophear102-v2-lt-lh102-v2-lt\/","og_site_name":"Geemarc Germany","article_modified_time":"2024-08-23T07:58:13+00:00","og_image":[{"width":2276,"height":2216,"url":"https:\/\/geemarc.com\/de\/wp-content\/uploads\/sites\/5\/2021\/02\/LH102-V2-LT.jpg","path":"\/home\/g\/e\/geemarcwp\/public_html\/wp-content\/uploads\/sites\/5\/2021\/02\/LH102-V2-LT.jpg","size":"full","id":7939,"alt":"","pixels":5043616,"type":"image\/jpeg"}],"twitter_card":"summary_large_image","twitter_misc":{"Gesch\u00e4tzte Lesezeit":"1\u00a0Minute"},"schema":{"@context":"https:\/\/schema.org","@graph":[{"@type":"WebSite","@id":"https:\/\/geemarc.com\/de\/#website","url":"https:\/\/geemarc.com\/de\/","name":"Geemarc Germany","description":"","potentialAction":[{"@type":"SearchAction","target":{"@type":"EntryPoint","urlTemplate":"https:\/\/geemarc.com\/de\/?s={search_term_string}"},"query-input":"required name=search_term_string"}],"inLanguage":"de"},{"@type":"ImageObject","@id":"https:\/\/geemarc.com\/de\/produkt\/loophear102-v2-lt-lh102-v2-lt\/#primaryimage","inLanguage":"de","url":"https:\/\/geemarc.com\/de\/wp-content\/uploads\/sites\/5\/2021\/02\/LH102-V2-LT.jpg","contentUrl":"https:\/\/geemarc.com\/de\/wp-content\/uploads\/sites\/5\/2021\/02\/LH102-V2-LT.jpg","width":2276,"height":2216},{"@type":"WebPage","@id":"https:\/\/geemarc.com\/de\/produkt\/loophear102-v2-lt-lh102-v2-lt\/#webpage","url":"https:\/\/geemarc.com\/de\/produkt\/loophear102-v2-lt-lh102-v2-lt\/","name":"LOOPHEAR102\u2122 V2 LT \u2013 LH102 V2 LT - Geemarc Germany","isPartOf":{"@id":"https:\/\/geemarc.com\/de\/#website"},"primaryImageOfPage":{"@id":"https:\/\/geemarc.com\/de\/produkt\/loophear102-v2-lt-lh102-v2-lt\/#primaryimage"},"datePublished":"2021-02-26T12:04:34+00:00","dateModified":"2024-08-23T07:58:13+00:00","breadcrumb":{"@id":"https:\/\/geemarc.com\/de\/produkt\/loophear102-v2-lt-lh102-v2-lt\/#breadcrumb"},"inLanguage":"de","potentialAction":[{"@type":"ReadAction","target":["https:\/\/geemarc.com\/de\/produkt\/loophear102-v2-lt-lh102-v2-lt\/"]}]},{"@type":"BreadcrumbList","@id":"https:\/\/geemarc.com\/de\/produkt\/loophear102-v2-lt-lh102-v2-lt\/#breadcrumb","itemListElement":[{"@type":"ListItem","position":1,"name":"Home","item":"https:\/\/geemarc.com\/de\/"},{"@type":"ListItem","position":2,"name":"Shop","item":"https:\/\/geemarc.com\/de\/shop\/"},{"@type":"ListItem","position":3,"name":"LOOPHEAR102\u2122 V2 LT \u2013 LH102 V2 LT"}]}]}},"acf":[],"_links":{"self":[{"href":"https:\/\/geemarc.com\/de\/wp-json\/wp\/v2\/product\/7938"}],"collection":[{"href":"https:\/\/geemarc.com\/de\/wp-json\/wp\/v2\/product"}],"about":[{"href":"https:\/\/geemarc.com\/de\/wp-json\/wp\/v2\/types\/product"}],"wp:featuredmedia":[{"embeddable":true,"href":"https:\/\/geemarc.com\/de\/wp-json\/wp\/v2\/media\/7939"}],"wp:attachment":[{"href":"https:\/\/geemarc.com\/de\/wp-json\/wp\/v2\/media?parent=7938"}],"wp:term":[{"taxonomy":"product_cat","embeddable":true,"href":"https:\/\/geemarc.com\/de\/wp-json\/wp\/v2\/product_cat?post=7938"},{"taxonomy":"product_tag","embeddable":true,"href":"https:\/\/geemarc.com\/de\/wp-json\/wp\/v2\/product_tag?post=7938"}],"curies":[{"name":"wp","href":"https:\/\/api.w.org\/{rel}","templated":true}]}}