{"id":7978,"date":"2021-04-01T13:35:38","date_gmt":"2021-04-01T13:35:38","guid":{"rendered":"https:\/\/geemarc.com\/de\/?post_type=product&#038;p=7978"},"modified":"2026-01-20T13:35:48","modified_gmt":"2026-01-20T13:35:48","slug":"amplidect-combi-295-2","status":"publish","type":"product","link":"https:\/\/geemarc.com\/de\/produkt\/amplidect-combi-295-2\/","title":{"rendered":"AMPLIDECT COMBI 295-2"},"content":{"rendered":"<p>DUO Version<\/p>\n<p><strong>ANRUFEN\/SPRECHEN :<\/strong><\/p>\n<ul>\n<li>H\u00f6rger\u00e4tekompatibel<\/li>\n<li>Einstellbare H\u00f6rerlautst\u00e4rke bis zu 30dB<\/li>\n<li>Extra laute Melodien: bis zu 75dB auf dem Mobilteil und 80dB auf dem Bassisstation<\/li>\n<li>4 Direktwahltasten auf dem schnurgebundenen Teil (3 davon mit Foto)<\/li>\n<li>Freisprechfunktion<\/li>\n<li>Wahlwiederholung der 10 letzten gew\u00e4hlten Rufnummern<\/li>\n<li>Telefonbuch 50 Eintr\u00e4ge<\/li>\n<li>Pause Funktion \/ Stummfunktion<\/li>\n<li>Tastatur :<br \/>\no Breite Tasten (25x14mm)<br \/>\no Gro\u00dfe Schrift (10mm)<\/li>\n<\/ul>\n<p><strong>LCD display (MOBILTEIL + BASISSTATION) :<\/strong><\/p>\n<ul>\n<li>Gro\u00dfes Display mit wei\u00dfer Hintergrundbeleuchtung<\/li>\n<li>7 w\u00e4hlbaren Sprachen auf dem H\u00f6rer : Englisch, Franz\u00f6sisch, Deutsch, Niederl\u00e4ndisch, Italienisch, Spanisch und Russisch<\/li>\n<li>6 w\u00e4hlbaren Sprachen auf der Basis : Englisch, Franz\u00f6sisch, Deutsch, Italienisch, Spanisch und Russisch<\/li>\n<li>Navigationsmen\u00fc<\/li>\n<li>Uhrzeit und Datumanzeige<\/li>\n<li>Wecker Funktion<\/li>\n<li>Tastensperre<\/li>\n<li>Anzeige f\u00fcr Verbindungsdauer<\/li>\n<\/ul>\n<p>&nbsp;<\/p>\n<div class=\"success p-tmpl-wrap primary-background\">\n<p><img class=\"p1\" src=\"https:\/\/geemarc.com\/uk\/wp-content\/uploads\/sites\/2\/2019\/04\/Photo-template-Urgence.png\" \/><img class=\"p2\" src=\"https:\/\/geemarc.com\/uk\/wp-content\/uploads\/sites\/2\/2019\/04\/Photo-template-portrait.png\" \/><span class=\"h3 bold\">AUSDRUCKEN IHRER FOTOS<\/span><span class=\"h3\" data-wahfont=\"20\">Exklusive Neuheit Geemarc Telecom<\/span><\/p>\n<div style=\"margin: 10px 0 15px;line-height: 17px\">Laden Sie die Bilder f\u00fcr die Fototasten hoch und f\u00fcgen Sie sie in die Schablonen ein.<\/div>\n<div class=\"table-cell button-right\" style=\"margin-top: 10px\"><a class=\"button filled\" href=\"http:\/\/geemarc.com\/p_editor\/amplidectcombi295\/f\/editor\/\" data-wahfont=\"12\">Foto schablone<\/a><\/div>\n<\/div>\n<div><\/div>\n<div><\/div>\n<div><div id=\"threesixty-slider-7984_er925Y\" class=\"threesixty-loading threesixty-image threesixty-dark-blue threesixty-vintage threesixty-no-border\" style=\"width: 600px;\">\r\n\t<div class=\"threesixty-preview-7984_er925Y\"><img class=\"threesixty-preview-image\" src=\"https:\/\/geemarc.com\/de\/wp-content\/uploads\/sites\/5\/2021\/04\/DSC_0999.jpg\"\/><\/div>\r\n\t<div class=\"threesixty-spinner threesixty-spinner-7984_er925Y\">\r\n\t\t<span>0%<\/span>\r\n\t<\/div>\r\n\t<ol class=\"threesixty-images threesixty-images-7984_er925Y\"><\/ol>\r\n\t\t\t<a href=\"#threesixty-slider-7984_er925Y\" class=\"threesixty-mfp-anchor\"><\/a>\r\n\t<\/div>\r\n<!--SPV--><script type=\"text\/javascript\">\/\/SPV\r\n(function($) {\r\n\t\t$('#threesixty-slider-7984_er925Y .threesixty-mfp-anchor').magnificPopup({\r\n\t\ttype:'inline',\r\n\t\tcloseOnBgClick: true,\r\n\t\tmidClick: true,\r\n\t\t\/\/removalDelay: 300,\r\n  \t\t\/\/mainClass: 'mfp-fade',\r\n\t\tcallbacks: {\r\n\t\t\t resize: function() {\r\n\t\t\t \tvar originalHeight \t= 489,\r\n\t\t\t \t\toriginalWidth \t= 600,\r\n\t\t\t \t\tmfpHeight \t\t= 489,\r\n\t\t\t \t\tmfpWidth \t\t= 600,\r\n\t\t\t \t\tratio \t\t\t= originalWidth \/ originalHeight,\r\n\t\t\t \t\twinHeight \t\t= $(window).height(),\r\n\t\t\t \t\twinWidth \t\t= $(window).width();\r\n\t\t\t \t\r\n\t\t\t \tif ( originalHeight > winHeight * 0.9 ) {\r\n\t\t\t \t\tmfpHeight \t\t= winHeight * 0.9;\r\n\t\t\t \t\tmfpWidth \t\t= mfpHeight * ratio;\r\n\t\t\t\t}\r\n\t\t\t\tif ( mfpWidth > winWidth * 0.9 ) {\r\n\t\t\t \t\tmfpWidth \t\t= winWidth * 0.9;\r\n\t\t\t \t\tmfpHeight \t\t= mfpWidth \/ ratio;\r\n\t\t\t\t}\r\n\t\t\t \tif ( mfpHeight < originalHeight && mfpWidth < originalWidth ) {\r\n\t\t\t\t    $('#threesixty-slider-7984_er925Y').height(mfpHeight);\r\n\t\t\t\t    $('#threesixty-slider-7984_er925Y').width(mfpWidth);\r\n\t\t\t\t} \r\n\t\t\t\telse {\r\n\t\t\t\t    $('#threesixty-slider-7984_er925Y').height(originalHeight);\r\n\t\t\t\t    $('#threesixty-slider-7984_er925Y').width(originalWidth);\r\n\t\t\t\t}\r\n\t\t\t},\r\n\t\t\tclose: function() {\r\n\t\t\t    $('#threesixty-slider-7984_er925Y').height('auto');\r\n\t\t\t    $('#threesixty-slider-7984_er925Y').width(600);\r\n\t\t\t}\r\n\t\t},\r\n\t\tcloseMarkup :\"<button class=\\\"mfp-close\\\"><\/button>\"\r\n\t});\r\n\t\tvar product_7984_er925Y = $('#threesixty-slider-7984_er925Y').ThreeSixty({\r\n\t\ttotalFrames: 36,\r\n\t\tendFrame: 0,\r\n\t\tcurrentFrame: 36,\r\n\t\timgList: '.threesixty-images-7984_er925Y',\r\n\t\tprogress: '.threesixty-spinner-7984_er925Y',\r\n\t\tpreview: '.threesixty-preview-7984_er925Y',\r\n\t\timages: ['https:\/\/geemarc.com\/de\/wp-content\/uploads\/sites\/5\/2021\/04\/DSC_1034.jpg','https:\/\/geemarc.com\/de\/wp-content\/uploads\/sites\/5\/2021\/04\/DSC_1033.jpg','https:\/\/geemarc.com\/de\/wp-content\/uploads\/sites\/5\/2021\/04\/DSC_1032.jpg','https:\/\/geemarc.com\/de\/wp-content\/uploads\/sites\/5\/2021\/04\/DSC_1031.jpg','https:\/\/geemarc.com\/de\/wp-content\/uploads\/sites\/5\/2021\/04\/DSC_1030.jpg','https:\/\/geemarc.com\/de\/wp-content\/uploads\/sites\/5\/2021\/04\/DSC_1029.jpg','https:\/\/geemarc.com\/de\/wp-content\/uploads\/sites\/5\/2021\/04\/DSC_1028.jpg','https:\/\/geemarc.com\/de\/wp-content\/uploads\/sites\/5\/2021\/04\/DSC_1027.jpg','https:\/\/geemarc.com\/de\/wp-content\/uploads\/sites\/5\/2021\/04\/DSC_1026.jpg','https:\/\/geemarc.com\/de\/wp-content\/uploads\/sites\/5\/2021\/04\/DSC_1025.jpg','https:\/\/geemarc.com\/de\/wp-content\/uploads\/sites\/5\/2021\/04\/DSC_1024.jpg','https:\/\/geemarc.com\/de\/wp-content\/uploads\/sites\/5\/2021\/04\/DSC_1023.jpg','https:\/\/geemarc.com\/de\/wp-content\/uploads\/sites\/5\/2021\/04\/DSC_1022.jpg','https:\/\/geemarc.com\/de\/wp-content\/uploads\/sites\/5\/2021\/04\/DSC_1021.jpg','https:\/\/geemarc.com\/de\/wp-content\/uploads\/sites\/5\/2021\/04\/DSC_1020.jpg','https:\/\/geemarc.com\/de\/wp-content\/uploads\/sites\/5\/2021\/04\/DSC_1019.jpg','https:\/\/geemarc.com\/de\/wp-content\/uploads\/sites\/5\/2021\/04\/DSC_1018.jpg','https:\/\/geemarc.com\/de\/wp-content\/uploads\/sites\/5\/2021\/04\/DSC_1017.jpg','https:\/\/geemarc.com\/de\/wp-content\/uploads\/sites\/5\/2021\/04\/DSC_1016.jpg','https:\/\/geemarc.com\/de\/wp-content\/uploads\/sites\/5\/2021\/04\/DSC_1015.jpg','https:\/\/geemarc.com\/de\/wp-content\/uploads\/sites\/5\/2021\/04\/DSC_1014.jpg','https:\/\/geemarc.com\/de\/wp-content\/uploads\/sites\/5\/2021\/04\/DSC_1013.jpg','https:\/\/geemarc.com\/de\/wp-content\/uploads\/sites\/5\/2021\/04\/DSC_1012.jpg','https:\/\/geemarc.com\/de\/wp-content\/uploads\/sites\/5\/2021\/04\/DSC_1011.jpg','https:\/\/geemarc.com\/de\/wp-content\/uploads\/sites\/5\/2021\/04\/DSC_1010.jpg','https:\/\/geemarc.com\/de\/wp-content\/uploads\/sites\/5\/2021\/04\/DSC_1009.jpg','https:\/\/geemarc.com\/de\/wp-content\/uploads\/sites\/5\/2021\/04\/DSC_1008.jpg','https:\/\/geemarc.com\/de\/wp-content\/uploads\/sites\/5\/2021\/04\/DSC_1007.jpg','https:\/\/geemarc.com\/de\/wp-content\/uploads\/sites\/5\/2021\/04\/DSC_1006.jpg','https:\/\/geemarc.com\/de\/wp-content\/uploads\/sites\/5\/2021\/04\/DSC_1005.jpg','https:\/\/geemarc.com\/de\/wp-content\/uploads\/sites\/5\/2021\/04\/DSC_1004.jpg','https:\/\/geemarc.com\/de\/wp-content\/uploads\/sites\/5\/2021\/04\/DSC_1003.jpg','https:\/\/geemarc.com\/de\/wp-content\/uploads\/sites\/5\/2021\/04\/DSC_1002.jpg','https:\/\/geemarc.com\/de\/wp-content\/uploads\/sites\/5\/2021\/04\/DSC_1001.jpg','https:\/\/geemarc.com\/de\/wp-content\/uploads\/sites\/5\/2021\/04\/DSC_1000.jpg','https:\/\/geemarc.com\/de\/wp-content\/uploads\/sites\/5\/2021\/04\/DSC_0999.jpg'],\r\n\t\theight: 0,\r\n\t\twidth: 600,\r\n\t\tnavigation: true,\r\n\t\tdrag: true,\r\n\t\tshowCursor: true,\r\n\t\tinterval: 120,\r\n\t\tspeedMultiplier: 3,\r\n\t\t\t\tstartAutoplay: true,\r\n\t\t\t\tonReady: function() {\r\n\t\t\t$(\"#threesixty-slider-7984_er925Y\").removeClass('threesixty-loading');\r\n\t\t\t\t\t\tproduct_7984_er925Y.play();\r\n\t\t\t\t\t\t\t\t}\r\n\t\t\t});\r\n\t\t\t}(jQuery));\r\n<\/script><\/div>\n","protected":false},"excerpt":{"rendered":"<p>Schnurgebundenes Telefon mit integriertem Anrufbeantworter + zwei schnurlose Zusatzh\u00f6rer<\/p>\n","protected":false},"featured_media":7980,"template":"","meta":[],"product_cat":[125],"product_tag":[],"yoast_head":"<!-- This site is optimized with the Yoast SEO plugin v16.9 - https:\/\/yoast.com\/wordpress\/plugins\/seo\/ -->\n<title>AMPLIDECT COMBI 295-2 - Geemarc Germany<\/title>\n<meta name=\"robots\" content=\"index, follow, max-snippet:-1, max-image-preview:large, max-video-preview:-1\" \/>\n<link rel=\"canonical\" href=\"https:\/\/geemarc.com\/de\/produkt\/amplidect-combi-295-2\/\" \/>\n<meta property=\"og:locale\" content=\"de_DE\" \/>\n<meta property=\"og:type\" content=\"article\" \/>\n<meta property=\"og:title\" content=\"AMPLIDECT COMBI 295-2 - Geemarc Germany\" \/>\n<meta property=\"og:description\" content=\"Schnurgebundenes Telefon mit integriertem Anrufbeantworter + zwei schnurlose Zusatzh\u00f6rer\" \/>\n<meta property=\"og:url\" content=\"https:\/\/geemarc.com\/de\/produkt\/amplidect-combi-295-2\/\" \/>\n<meta property=\"og:site_name\" content=\"Geemarc Germany\" \/>\n<meta property=\"article:modified_time\" content=\"2026-01-20T13:35:48+00:00\" \/>\n<meta property=\"og:image\" content=\"https:\/\/geemarc.com\/de\/wp-content\/uploads\/sites\/5\/2021\/04\/AMPLIDECTCOMBI295BS_angle_right04HS.jpg\" \/>\n\t<meta property=\"og:image:width\" content=\"3717\" \/>\n\t<meta property=\"og:image:height\" content=\"2085\" \/>\n<meta name=\"twitter:card\" content=\"summary_large_image\" \/>\n<meta name=\"twitter:label1\" content=\"Gesch\u00e4tzte Lesezeit\" \/>\n\t<meta name=\"twitter:data1\" content=\"1\u00a0Minute\" \/>\n<script type=\"application\/ld+json\" class=\"yoast-schema-graph\">{\"@context\":\"https:\/\/schema.org\",\"@graph\":[{\"@type\":\"WebSite\",\"@id\":\"https:\/\/geemarc.com\/de\/#website\",\"url\":\"https:\/\/geemarc.com\/de\/\",\"name\":\"Geemarc Germany\",\"description\":\"\",\"potentialAction\":[{\"@type\":\"SearchAction\",\"target\":{\"@type\":\"EntryPoint\",\"urlTemplate\":\"https:\/\/geemarc.com\/de\/?s={search_term_string}\"},\"query-input\":\"required name=search_term_string\"}],\"inLanguage\":\"de\"},{\"@type\":\"ImageObject\",\"@id\":\"https:\/\/geemarc.com\/de\/produkt\/amplidect-combi-295-2\/#primaryimage\",\"inLanguage\":\"de\",\"url\":\"https:\/\/geemarc.com\/de\/wp-content\/uploads\/sites\/5\/2021\/04\/AMPLIDECTCOMBI295BS_angle_right04HS.jpg\",\"contentUrl\":\"https:\/\/geemarc.com\/de\/wp-content\/uploads\/sites\/5\/2021\/04\/AMPLIDECTCOMBI295BS_angle_right04HS.jpg\",\"width\":3717,\"height\":2085},{\"@type\":\"WebPage\",\"@id\":\"https:\/\/geemarc.com\/de\/produkt\/amplidect-combi-295-2\/#webpage\",\"url\":\"https:\/\/geemarc.com\/de\/produkt\/amplidect-combi-295-2\/\",\"name\":\"AMPLIDECT COMBI 295-2 - Geemarc Germany\",\"isPartOf\":{\"@id\":\"https:\/\/geemarc.com\/de\/#website\"},\"primaryImageOfPage\":{\"@id\":\"https:\/\/geemarc.com\/de\/produkt\/amplidect-combi-295-2\/#primaryimage\"},\"datePublished\":\"2021-04-01T13:35:38+00:00\",\"dateModified\":\"2026-01-20T13:35:48+00:00\",\"breadcrumb\":{\"@id\":\"https:\/\/geemarc.com\/de\/produkt\/amplidect-combi-295-2\/#breadcrumb\"},\"inLanguage\":\"de\",\"potentialAction\":[{\"@type\":\"ReadAction\",\"target\":[\"https:\/\/geemarc.com\/de\/produkt\/amplidect-combi-295-2\/\"]}]},{\"@type\":\"BreadcrumbList\",\"@id\":\"https:\/\/geemarc.com\/de\/produkt\/amplidect-combi-295-2\/#breadcrumb\",\"itemListElement\":[{\"@type\":\"ListItem\",\"position\":1,\"name\":\"Home\",\"item\":\"https:\/\/geemarc.com\/de\/\"},{\"@type\":\"ListItem\",\"position\":2,\"name\":\"Shop\",\"item\":\"https:\/\/geemarc.com\/de\/shop\/\"},{\"@type\":\"ListItem\",\"position\":3,\"name\":\"AMPLIDECT COMBI 295-2\"}]}]}<\/script>\n<!-- \/ Yoast SEO plugin. -->","yoast_head_json":{"title":"AMPLIDECT COMBI 295-2 - Geemarc Germany","robots":{"index":"index","follow":"follow","max-snippet":"max-snippet:-1","max-image-preview":"max-image-preview:large","max-video-preview":"max-video-preview:-1"},"canonical":"https:\/\/geemarc.com\/de\/produkt\/amplidect-combi-295-2\/","og_locale":"de_DE","og_type":"article","og_title":"AMPLIDECT COMBI 295-2 - Geemarc Germany","og_description":"Schnurgebundenes Telefon mit integriertem Anrufbeantworter + zwei schnurlose Zusatzh\u00f6rer","og_url":"https:\/\/geemarc.com\/de\/produkt\/amplidect-combi-295-2\/","og_site_name":"Geemarc Germany","article_modified_time":"2026-01-20T13:35:48+00:00","og_image":[{"width":3717,"height":2085,"url":"https:\/\/geemarc.com\/de\/wp-content\/uploads\/sites\/5\/2021\/04\/AMPLIDECTCOMBI295BS_angle_right04HS.jpg","path":"\/home\/g\/e\/geemarcwp\/public_html\/wp-content\/uploads\/sites\/5\/2021\/04\/AMPLIDECTCOMBI295BS_angle_right04HS.jpg","size":"full","id":7980,"alt":"","pixels":7749945,"type":"image\/jpeg"}],"twitter_card":"summary_large_image","twitter_misc":{"Gesch\u00e4tzte Lesezeit":"1\u00a0Minute"},"schema":{"@context":"https:\/\/schema.org","@graph":[{"@type":"WebSite","@id":"https:\/\/geemarc.com\/de\/#website","url":"https:\/\/geemarc.com\/de\/","name":"Geemarc Germany","description":"","potentialAction":[{"@type":"SearchAction","target":{"@type":"EntryPoint","urlTemplate":"https:\/\/geemarc.com\/de\/?s={search_term_string}"},"query-input":"required name=search_term_string"}],"inLanguage":"de"},{"@type":"ImageObject","@id":"https:\/\/geemarc.com\/de\/produkt\/amplidect-combi-295-2\/#primaryimage","inLanguage":"de","url":"https:\/\/geemarc.com\/de\/wp-content\/uploads\/sites\/5\/2021\/04\/AMPLIDECTCOMBI295BS_angle_right04HS.jpg","contentUrl":"https:\/\/geemarc.com\/de\/wp-content\/uploads\/sites\/5\/2021\/04\/AMPLIDECTCOMBI295BS_angle_right04HS.jpg","width":3717,"height":2085},{"@type":"WebPage","@id":"https:\/\/geemarc.com\/de\/produkt\/amplidect-combi-295-2\/#webpage","url":"https:\/\/geemarc.com\/de\/produkt\/amplidect-combi-295-2\/","name":"AMPLIDECT COMBI 295-2 - Geemarc Germany","isPartOf":{"@id":"https:\/\/geemarc.com\/de\/#website"},"primaryImageOfPage":{"@id":"https:\/\/geemarc.com\/de\/produkt\/amplidect-combi-295-2\/#primaryimage"},"datePublished":"2021-04-01T13:35:38+00:00","dateModified":"2026-01-20T13:35:48+00:00","breadcrumb":{"@id":"https:\/\/geemarc.com\/de\/produkt\/amplidect-combi-295-2\/#breadcrumb"},"inLanguage":"de","potentialAction":[{"@type":"ReadAction","target":["https:\/\/geemarc.com\/de\/produkt\/amplidect-combi-295-2\/"]}]},{"@type":"BreadcrumbList","@id":"https:\/\/geemarc.com\/de\/produkt\/amplidect-combi-295-2\/#breadcrumb","itemListElement":[{"@type":"ListItem","position":1,"name":"Home","item":"https:\/\/geemarc.com\/de\/"},{"@type":"ListItem","position":2,"name":"Shop","item":"https:\/\/geemarc.com\/de\/shop\/"},{"@type":"ListItem","position":3,"name":"AMPLIDECT COMBI 295-2"}]}]}},"acf":[],"_links":{"self":[{"href":"https:\/\/geemarc.com\/de\/wp-json\/wp\/v2\/product\/7978"}],"collection":[{"href":"https:\/\/geemarc.com\/de\/wp-json\/wp\/v2\/product"}],"about":[{"href":"https:\/\/geemarc.com\/de\/wp-json\/wp\/v2\/types\/product"}],"wp:featuredmedia":[{"embeddable":true,"href":"https:\/\/geemarc.com\/de\/wp-json\/wp\/v2\/media\/7980"}],"wp:attachment":[{"href":"https:\/\/geemarc.com\/de\/wp-json\/wp\/v2\/media?parent=7978"}],"wp:term":[{"taxonomy":"product_cat","embeddable":true,"href":"https:\/\/geemarc.com\/de\/wp-json\/wp\/v2\/product_cat?post=7978"},{"taxonomy":"product_tag","embeddable":true,"href":"https:\/\/geemarc.com\/de\/wp-json\/wp\/v2\/product_tag?post=7978"}],"curies":[{"name":"wp","href":"https:\/\/api.w.org\/{rel}","templated":true}]}}