{"id":8159,"date":"2021-10-05T07:44:28","date_gmt":"2021-10-05T07:44:28","guid":{"rendered":"https:\/\/geemarc.com\/de\/?post_type=product&#038;p=8159"},"modified":"2021-11-16T09:35:25","modified_gmt":"2021-11-16T09:35:25","slug":"cla3-a-usb","status":"publish","type":"product","link":"https:\/\/geemarc.com\/de\/produkt\/cla3-a-usb\/","title":{"rendered":"CLA3 A-USB"},"content":{"rendered":"<p><strong>FUNKTIONEN<\/strong><\/p>\n<ul>\n<li>H\u00f6rger\u00e4tekompatibel (eingebaute Induktionsschleife f\u00fcr st\u00f6rungsfreie Verbindung mit kompatiblen H\u00f6rger\u00e4ten durch Kopplung mit beiden Ohrh\u00f6rern)<\/li>\n<li>Hohe Klangqualit\u00e4t mit 20 dB Verst\u00e4rkung (durch Dr\u00fccken der &#8220;Boost&#8221;-Taste)<\/li>\n<li>Einstellbare Lautst\u00e4rke<\/li>\n<li>Hochempfindliches Mikrofon mit gr\u00fcner LED: leuchtet, wenn der Kopfh\u00f6rer angeschlossen ist, und blinkt, wenn es ein Signal empf\u00e4ngt<\/li>\n<li>Stummschaltfunktion mit roter LED: leuchtet, wenn diese Funktion aktiviert ist<\/li>\n<li>1,5 Meter langes Kabel, erweiterbar bis zu 2,5 Metern<\/li>\n<li>Ausgestattet mit einem USB-Stecker zur Verwendung mit Laptops, PCs und Spielkonsolen mit USB-Eingang<\/li>\n<li>Ideal geeignet f\u00fcr Umgebungen mit hohem Ger\u00e4uschpegel und f\u00fcr den Freisprechbetrieb bei Videokonferenzen<\/li>\n<\/ul>\n<p>&nbsp;<\/p>\n<div id=\"threesixty-slider-8239_vpzgHj\" class=\"threesixty-loading threesixty-image threesixty-dark-blue threesixty-vintage threesixty-no-border\" style=\"width: 545px;\">\r\n\t<div class=\"threesixty-preview-8239_vpzgHj\"><img class=\"threesixty-preview-image\" src=\"https:\/\/geemarc.com\/de\/wp-content\/uploads\/sites\/5\/2021\/11\/DSC_0007.jpg\"\/><\/div>\r\n\t<div class=\"threesixty-spinner threesixty-spinner-8239_vpzgHj\">\r\n\t\t<span>0%<\/span>\r\n\t<\/div>\r\n\t<ol class=\"threesixty-images threesixty-images-8239_vpzgHj\"><\/ol>\r\n\t\t\t<a href=\"#threesixty-slider-8239_vpzgHj\" class=\"threesixty-mfp-anchor\"><\/a>\r\n\t<\/div>\r\n<!--SPV--><script type=\"text\/javascript\">\/\/SPV\r\n(function($) {\r\n\t\t$('#threesixty-slider-8239_vpzgHj .threesixty-mfp-anchor').magnificPopup({\r\n\t\ttype:'inline',\r\n\t\tcloseOnBgClick: true,\r\n\t\tmidClick: true,\r\n\t\t\/\/removalDelay: 300,\r\n  \t\t\/\/mainClass: 'mfp-fade',\r\n\t\tcallbacks: {\r\n\t\t\t resize: function() {\r\n\t\t\t \tvar originalHeight \t= 600,\r\n\t\t\t \t\toriginalWidth \t= 545,\r\n\t\t\t \t\tmfpHeight \t\t= 600,\r\n\t\t\t \t\tmfpWidth \t\t= 545,\r\n\t\t\t \t\tratio \t\t\t= originalWidth \/ originalHeight,\r\n\t\t\t \t\twinHeight \t\t= $(window).height(),\r\n\t\t\t \t\twinWidth \t\t= $(window).width();\r\n\t\t\t \t\r\n\t\t\t \tif ( originalHeight > winHeight * 0.9 ) {\r\n\t\t\t \t\tmfpHeight \t\t= winHeight * 0.9;\r\n\t\t\t \t\tmfpWidth \t\t= mfpHeight * ratio;\r\n\t\t\t\t}\r\n\t\t\t\tif ( mfpWidth > winWidth * 0.9 ) {\r\n\t\t\t \t\tmfpWidth \t\t= winWidth * 0.9;\r\n\t\t\t \t\tmfpHeight \t\t= mfpWidth \/ ratio;\r\n\t\t\t\t}\r\n\t\t\t \tif ( mfpHeight < originalHeight && mfpWidth < originalWidth ) {\r\n\t\t\t\t    $('#threesixty-slider-8239_vpzgHj').height(mfpHeight);\r\n\t\t\t\t    $('#threesixty-slider-8239_vpzgHj').width(mfpWidth);\r\n\t\t\t\t} \r\n\t\t\t\telse {\r\n\t\t\t\t    $('#threesixty-slider-8239_vpzgHj').height(originalHeight);\r\n\t\t\t\t    $('#threesixty-slider-8239_vpzgHj').width(originalWidth);\r\n\t\t\t\t}\r\n\t\t\t},\r\n\t\t\tclose: function() {\r\n\t\t\t    $('#threesixty-slider-8239_vpzgHj').height('auto');\r\n\t\t\t    $('#threesixty-slider-8239_vpzgHj').width(545);\r\n\t\t\t}\r\n\t\t},\r\n\t\tcloseMarkup :\"<button class=\\\"mfp-close\\\"><\/button>\"\r\n\t});\r\n\t\tvar product_8239_vpzgHj = $('#threesixty-slider-8239_vpzgHj').ThreeSixty({\r\n\t\ttotalFrames: 36,\r\n\t\tendFrame: 0,\r\n\t\tcurrentFrame: 36,\r\n\t\timgList: '.threesixty-images-8239_vpzgHj',\r\n\t\tprogress: '.threesixty-spinner-8239_vpzgHj',\r\n\t\tpreview: '.threesixty-preview-8239_vpzgHj',\r\n\t\timages: ['https:\/\/geemarc.com\/de\/wp-content\/uploads\/sites\/5\/2021\/11\/DSC_0042.jpg','https:\/\/geemarc.com\/de\/wp-content\/uploads\/sites\/5\/2021\/11\/DSC_0041.jpg','https:\/\/geemarc.com\/de\/wp-content\/uploads\/sites\/5\/2021\/11\/DSC_0040.jpg','https:\/\/geemarc.com\/de\/wp-content\/uploads\/sites\/5\/2021\/11\/DSC_0039.jpg','https:\/\/geemarc.com\/de\/wp-content\/uploads\/sites\/5\/2021\/11\/DSC_0038.jpg','https:\/\/geemarc.com\/de\/wp-content\/uploads\/sites\/5\/2021\/11\/DSC_0037.jpg','https:\/\/geemarc.com\/de\/wp-content\/uploads\/sites\/5\/2021\/11\/DSC_0036.jpg','https:\/\/geemarc.com\/de\/wp-content\/uploads\/sites\/5\/2021\/11\/DSC_0035.jpg','https:\/\/geemarc.com\/de\/wp-content\/uploads\/sites\/5\/2021\/11\/DSC_0034.jpg','https:\/\/geemarc.com\/de\/wp-content\/uploads\/sites\/5\/2021\/11\/DSC_0033.jpg','https:\/\/geemarc.com\/de\/wp-content\/uploads\/sites\/5\/2021\/11\/DSC_0032.jpg','https:\/\/geemarc.com\/de\/wp-content\/uploads\/sites\/5\/2021\/11\/DSC_0031.jpg','https:\/\/geemarc.com\/de\/wp-content\/uploads\/sites\/5\/2021\/11\/DSC_0030.jpg','https:\/\/geemarc.com\/de\/wp-content\/uploads\/sites\/5\/2021\/11\/DSC_0029.jpg','https:\/\/geemarc.com\/de\/wp-content\/uploads\/sites\/5\/2021\/11\/DSC_0028.jpg','https:\/\/geemarc.com\/de\/wp-content\/uploads\/sites\/5\/2021\/11\/DSC_0027.jpg','https:\/\/geemarc.com\/de\/wp-content\/uploads\/sites\/5\/2021\/11\/DSC_0026.jpg','https:\/\/geemarc.com\/de\/wp-content\/uploads\/sites\/5\/2021\/11\/DSC_0025.jpg','https:\/\/geemarc.com\/de\/wp-content\/uploads\/sites\/5\/2021\/11\/DSC_0024.jpg','https:\/\/geemarc.com\/de\/wp-content\/uploads\/sites\/5\/2021\/11\/DSC_0023.jpg','https:\/\/geemarc.com\/de\/wp-content\/uploads\/sites\/5\/2021\/11\/DSC_0022.jpg','https:\/\/geemarc.com\/de\/wp-content\/uploads\/sites\/5\/2021\/11\/DSC_0021.jpg','https:\/\/geemarc.com\/de\/wp-content\/uploads\/sites\/5\/2021\/11\/DSC_0020.jpg','https:\/\/geemarc.com\/de\/wp-content\/uploads\/sites\/5\/2021\/11\/DSC_0019.jpg','https:\/\/geemarc.com\/de\/wp-content\/uploads\/sites\/5\/2021\/11\/DSC_0018.jpg','https:\/\/geemarc.com\/de\/wp-content\/uploads\/sites\/5\/2021\/11\/DSC_0017.jpg','https:\/\/geemarc.com\/de\/wp-content\/uploads\/sites\/5\/2021\/11\/DSC_0016.jpg','https:\/\/geemarc.com\/de\/wp-content\/uploads\/sites\/5\/2021\/11\/DSC_0015.jpg','https:\/\/geemarc.com\/de\/wp-content\/uploads\/sites\/5\/2021\/11\/DSC_0014.jpg','https:\/\/geemarc.com\/de\/wp-content\/uploads\/sites\/5\/2021\/11\/DSC_0013.jpg','https:\/\/geemarc.com\/de\/wp-content\/uploads\/sites\/5\/2021\/11\/DSC_0012.jpg','https:\/\/geemarc.com\/de\/wp-content\/uploads\/sites\/5\/2021\/11\/DSC_0011.jpg','https:\/\/geemarc.com\/de\/wp-content\/uploads\/sites\/5\/2021\/11\/DSC_0010.jpg','https:\/\/geemarc.com\/de\/wp-content\/uploads\/sites\/5\/2021\/11\/DSC_0009.jpg','https:\/\/geemarc.com\/de\/wp-content\/uploads\/sites\/5\/2021\/11\/DSC_0008.jpg','https:\/\/geemarc.com\/de\/wp-content\/uploads\/sites\/5\/2021\/11\/DSC_0007.jpg'],\r\n\t\theight: 0,\r\n\t\twidth: 545,\r\n\t\tnavigation: true,\r\n\t\tdrag: true,\r\n\t\tshowCursor: true,\r\n\t\tinterval: 120,\r\n\t\tspeedMultiplier: 3,\r\n\t\t\t\tstartAutoplay: true,\r\n\t\t\t\tonReady: function() {\r\n\t\t\t$(\"#threesixty-slider-8239_vpzgHj\").removeClass('threesixty-loading');\r\n\t\t\t\t\t\tproduct_8239_vpzgHj.play();\r\n\t\t\t\t\t\t\t\t}\r\n\t\t\t});\r\n\t\t\t}(jQuery));\r\n<\/script>\n","protected":false},"excerpt":{"rendered":"<p>USB-Kopfh\u00f6rer mit Mikrofon kompatibel mit PC, TV, &#8230;<\/p>\n","protected":false},"featured_media":8167,"template":"","meta":[],"product_cat":[134],"product_tag":[],"yoast_head":"<!-- This site is optimized with the Yoast SEO plugin v16.9 - https:\/\/yoast.com\/wordpress\/plugins\/seo\/ -->\n<title>CLA3 A-USB - Geemarc Germany<\/title>\n<meta name=\"robots\" content=\"index, follow, max-snippet:-1, max-image-preview:large, max-video-preview:-1\" \/>\n<link rel=\"canonical\" href=\"https:\/\/geemarc.com\/de\/produkt\/cla3-a-usb\/\" \/>\n<meta property=\"og:locale\" content=\"de_DE\" \/>\n<meta property=\"og:type\" content=\"article\" \/>\n<meta property=\"og:title\" content=\"CLA3 A-USB - Geemarc Germany\" \/>\n<meta property=\"og:description\" content=\"USB-Kopfh\u00f6rer mit Mikrofon kompatibel mit PC, TV, ...\" \/>\n<meta property=\"og:url\" content=\"https:\/\/geemarc.com\/de\/produkt\/cla3-a-usb\/\" \/>\n<meta property=\"og:site_name\" content=\"Geemarc Germany\" \/>\n<meta property=\"article:modified_time\" content=\"2021-11-16T09:35:25+00:00\" \/>\n<meta property=\"og:image\" content=\"https:\/\/geemarc.com\/de\/wp-content\/uploads\/sites\/5\/2021\/10\/CLA3-A-USB_mic-line-controller.1.jpg\" \/>\n\t<meta property=\"og:image:width\" content=\"2000\" \/>\n\t<meta property=\"og:image:height\" content=\"2000\" \/>\n<meta name=\"twitter:card\" content=\"summary_large_image\" \/>\n<meta name=\"twitter:label1\" content=\"Gesch\u00e4tzte Lesezeit\" \/>\n\t<meta name=\"twitter:data1\" content=\"1\u00a0Minute\" \/>\n<script type=\"application\/ld+json\" class=\"yoast-schema-graph\">{\"@context\":\"https:\/\/schema.org\",\"@graph\":[{\"@type\":\"WebSite\",\"@id\":\"https:\/\/geemarc.com\/de\/#website\",\"url\":\"https:\/\/geemarc.com\/de\/\",\"name\":\"Geemarc Germany\",\"description\":\"\",\"potentialAction\":[{\"@type\":\"SearchAction\",\"target\":{\"@type\":\"EntryPoint\",\"urlTemplate\":\"https:\/\/geemarc.com\/de\/?s={search_term_string}\"},\"query-input\":\"required name=search_term_string\"}],\"inLanguage\":\"de\"},{\"@type\":\"ImageObject\",\"@id\":\"https:\/\/geemarc.com\/de\/produkt\/cla3-a-usb\/#primaryimage\",\"inLanguage\":\"de\",\"url\":\"https:\/\/geemarc.com\/de\/wp-content\/uploads\/sites\/5\/2021\/10\/CLA3-A-USB_mic-line-controller.1.jpg\",\"contentUrl\":\"https:\/\/geemarc.com\/de\/wp-content\/uploads\/sites\/5\/2021\/10\/CLA3-A-USB_mic-line-controller.1.jpg\",\"width\":2000,\"height\":2000},{\"@type\":\"WebPage\",\"@id\":\"https:\/\/geemarc.com\/de\/produkt\/cla3-a-usb\/#webpage\",\"url\":\"https:\/\/geemarc.com\/de\/produkt\/cla3-a-usb\/\",\"name\":\"CLA3 A-USB - Geemarc Germany\",\"isPartOf\":{\"@id\":\"https:\/\/geemarc.com\/de\/#website\"},\"primaryImageOfPage\":{\"@id\":\"https:\/\/geemarc.com\/de\/produkt\/cla3-a-usb\/#primaryimage\"},\"datePublished\":\"2021-10-05T07:44:28+00:00\",\"dateModified\":\"2021-11-16T09:35:25+00:00\",\"breadcrumb\":{\"@id\":\"https:\/\/geemarc.com\/de\/produkt\/cla3-a-usb\/#breadcrumb\"},\"inLanguage\":\"de\",\"potentialAction\":[{\"@type\":\"ReadAction\",\"target\":[\"https:\/\/geemarc.com\/de\/produkt\/cla3-a-usb\/\"]}]},{\"@type\":\"BreadcrumbList\",\"@id\":\"https:\/\/geemarc.com\/de\/produkt\/cla3-a-usb\/#breadcrumb\",\"itemListElement\":[{\"@type\":\"ListItem\",\"position\":1,\"name\":\"Home\",\"item\":\"https:\/\/geemarc.com\/de\/\"},{\"@type\":\"ListItem\",\"position\":2,\"name\":\"Shop\",\"item\":\"https:\/\/geemarc.com\/de\/shop\/\"},{\"@type\":\"ListItem\",\"position\":3,\"name\":\"CLA3 A-USB\"}]}]}<\/script>\n<!-- \/ Yoast SEO plugin. -->","yoast_head_json":{"title":"CLA3 A-USB - Geemarc Germany","robots":{"index":"index","follow":"follow","max-snippet":"max-snippet:-1","max-image-preview":"max-image-preview:large","max-video-preview":"max-video-preview:-1"},"canonical":"https:\/\/geemarc.com\/de\/produkt\/cla3-a-usb\/","og_locale":"de_DE","og_type":"article","og_title":"CLA3 A-USB - Geemarc Germany","og_description":"USB-Kopfh\u00f6rer mit Mikrofon kompatibel mit PC, TV, ...","og_url":"https:\/\/geemarc.com\/de\/produkt\/cla3-a-usb\/","og_site_name":"Geemarc Germany","article_modified_time":"2021-11-16T09:35:25+00:00","og_image":[{"width":2000,"height":2000,"url":"https:\/\/geemarc.com\/de\/wp-content\/uploads\/sites\/5\/2021\/10\/CLA3-A-USB_mic-line-controller.1.jpg","path":"\/home\/g\/e\/geemarcwp\/public_html\/wp-content\/uploads\/sites\/5\/2021\/10\/CLA3-A-USB_mic-line-controller.1.jpg","size":"full","id":8167,"alt":"","pixels":4000000,"type":"image\/jpeg"}],"twitter_card":"summary_large_image","twitter_misc":{"Gesch\u00e4tzte Lesezeit":"1\u00a0Minute"},"schema":{"@context":"https:\/\/schema.org","@graph":[{"@type":"WebSite","@id":"https:\/\/geemarc.com\/de\/#website","url":"https:\/\/geemarc.com\/de\/","name":"Geemarc Germany","description":"","potentialAction":[{"@type":"SearchAction","target":{"@type":"EntryPoint","urlTemplate":"https:\/\/geemarc.com\/de\/?s={search_term_string}"},"query-input":"required name=search_term_string"}],"inLanguage":"de"},{"@type":"ImageObject","@id":"https:\/\/geemarc.com\/de\/produkt\/cla3-a-usb\/#primaryimage","inLanguage":"de","url":"https:\/\/geemarc.com\/de\/wp-content\/uploads\/sites\/5\/2021\/10\/CLA3-A-USB_mic-line-controller.1.jpg","contentUrl":"https:\/\/geemarc.com\/de\/wp-content\/uploads\/sites\/5\/2021\/10\/CLA3-A-USB_mic-line-controller.1.jpg","width":2000,"height":2000},{"@type":"WebPage","@id":"https:\/\/geemarc.com\/de\/produkt\/cla3-a-usb\/#webpage","url":"https:\/\/geemarc.com\/de\/produkt\/cla3-a-usb\/","name":"CLA3 A-USB - Geemarc Germany","isPartOf":{"@id":"https:\/\/geemarc.com\/de\/#website"},"primaryImageOfPage":{"@id":"https:\/\/geemarc.com\/de\/produkt\/cla3-a-usb\/#primaryimage"},"datePublished":"2021-10-05T07:44:28+00:00","dateModified":"2021-11-16T09:35:25+00:00","breadcrumb":{"@id":"https:\/\/geemarc.com\/de\/produkt\/cla3-a-usb\/#breadcrumb"},"inLanguage":"de","potentialAction":[{"@type":"ReadAction","target":["https:\/\/geemarc.com\/de\/produkt\/cla3-a-usb\/"]}]},{"@type":"BreadcrumbList","@id":"https:\/\/geemarc.com\/de\/produkt\/cla3-a-usb\/#breadcrumb","itemListElement":[{"@type":"ListItem","position":1,"name":"Home","item":"https:\/\/geemarc.com\/de\/"},{"@type":"ListItem","position":2,"name":"Shop","item":"https:\/\/geemarc.com\/de\/shop\/"},{"@type":"ListItem","position":3,"name":"CLA3 A-USB"}]}]}},"acf":[],"_links":{"self":[{"href":"https:\/\/geemarc.com\/de\/wp-json\/wp\/v2\/product\/8159"}],"collection":[{"href":"https:\/\/geemarc.com\/de\/wp-json\/wp\/v2\/product"}],"about":[{"href":"https:\/\/geemarc.com\/de\/wp-json\/wp\/v2\/types\/product"}],"wp:featuredmedia":[{"embeddable":true,"href":"https:\/\/geemarc.com\/de\/wp-json\/wp\/v2\/media\/8167"}],"wp:attachment":[{"href":"https:\/\/geemarc.com\/de\/wp-json\/wp\/v2\/media?parent=8159"}],"wp:term":[{"taxonomy":"product_cat","embeddable":true,"href":"https:\/\/geemarc.com\/de\/wp-json\/wp\/v2\/product_cat?post=8159"},{"taxonomy":"product_tag","embeddable":true,"href":"https:\/\/geemarc.com\/de\/wp-json\/wp\/v2\/product_tag?post=8159"}],"curies":[{"name":"wp","href":"https:\/\/api.w.org\/{rel}","templated":true}]}}