{"id":8184,"date":"2021-10-05T10:25:01","date_gmt":"2021-10-05T10:25:01","guid":{"rendered":"https:\/\/geemarc.com\/de\/?post_type=product&#038;p=8184"},"modified":"2025-04-23T12:23:43","modified_gmt":"2025-04-23T12:23:43","slug":"cl7370-2","status":"publish","type":"product","link":"https:\/\/geemarc.com\/de\/produkt\/cl7370-2\/","title":{"rendered":"CL7370-2"},"content":{"rendered":"<p><strong>DUO Version<\/strong><\/p>\n<p>&nbsp;<\/p>\n<p><strong>FUNKTIONEN<\/strong><\/p>\n<ul>\n<li>\u00dcbertragungsverfahren: Stereo<\/li>\n<li>leicht zug\u00e4ngliche Einstellungen auf dem Kopfh\u00f6rer:<\/li>\n<\/ul>\n<p>&#8211; Lautst\u00e4rke bis zu 125dB spl<\/p>\n<p>&#8211; Balanceregelung Links\/Rechts<\/p>\n<p>&#8211; Tonregelung gem\u00e4\u00df Ihrer Bed\u00fcrfnisse<\/p>\n<ul>\n<li>Automatische Standby-Modus (wenn kein Signal mehr)<\/li>\n<li>Integriertes Mikrofon f\u00fcr die Verst\u00e4rkung der Ger\u00e4usche der Umgebung, So ist jederzeit auch eine Unterhaltung mit anderen Personen im Raum m\u00f6glich.<\/li>\n<li>Komfortabler, leichtgewichtiger Kopfh\u00f6rer<\/li>\n<\/ul>\n<p><strong>TECHNISCHE ANGABEN<\/strong><\/p>\n<ul>\n<li><strong>2,4 GHz digitale<\/strong><\/li>\n<li>Tonfrequenz: 100 \u2013 16 000Hz<\/li>\n<li>Betriebsfrequenz: 2.404.5-2.479.5GHz<\/li>\n<li>Modulationsart: GFSK<\/li>\n<li>Anzahl der Kan\u00e4le: 16<\/li>\n<li>Bandbreite: 5M<\/li>\n<li>Bitrate des Senders: 1Mbps<\/li>\n<li>Antennen-Typ: Interne Antenne<\/li>\n<li>Schnellladung<\/li>\n<\/ul>\n<p>&#8211; Ladezeit: 4 Stunden<\/p>\n<p>&#8211; Automatische Ladung sobald der Kopfh\u00f6rer in der Basisstation aufgesetzt ist.<\/p>\n<ul>\n<li>Reichweite im Freien\u00a0100m und 25m im Inneren<\/li>\n<li>5 mm Stereo-Klinkenbuchse<\/li>\n<li>Betriebszeit 10 Stunden<\/li>\n<li>Gewicht des Kopfh\u00f6rers: 55g<\/li>\n<\/ul>\n<p>&nbsp;<\/p>\n<div id=\"threesixty-slider-8315_8sVjPL\" class=\"threesixty-loading threesixty-image threesixty-dark-blue threesixty-vintage threesixty-no-border\" style=\"width: 521px;\">\r\n\t<div class=\"threesixty-preview-8315_8sVjPL\"><img class=\"threesixty-preview-image\" src=\"https:\/\/geemarc.com\/de\/wp-content\/uploads\/sites\/5\/2021\/11\/DSC_0081.jpg\"\/><\/div>\r\n\t<div class=\"threesixty-spinner threesixty-spinner-8315_8sVjPL\">\r\n\t\t<span>0%<\/span>\r\n\t<\/div>\r\n\t<ol class=\"threesixty-images threesixty-images-8315_8sVjPL\"><\/ol>\r\n\t\t\t<a href=\"#threesixty-slider-8315_8sVjPL\" class=\"threesixty-mfp-anchor\"><\/a>\r\n\t<\/div>\r\n<!--SPV--><script type=\"text\/javascript\">\/\/SPV\r\n(function($) {\r\n\t\t$('#threesixty-slider-8315_8sVjPL .threesixty-mfp-anchor').magnificPopup({\r\n\t\ttype:'inline',\r\n\t\tcloseOnBgClick: true,\r\n\t\tmidClick: true,\r\n\t\t\/\/removalDelay: 300,\r\n  \t\t\/\/mainClass: 'mfp-fade',\r\n\t\tcallbacks: {\r\n\t\t\t resize: function() {\r\n\t\t\t \tvar originalHeight \t= 600,\r\n\t\t\t \t\toriginalWidth \t= 521,\r\n\t\t\t \t\tmfpHeight \t\t= 600,\r\n\t\t\t \t\tmfpWidth \t\t= 521,\r\n\t\t\t \t\tratio \t\t\t= originalWidth \/ originalHeight,\r\n\t\t\t \t\twinHeight \t\t= $(window).height(),\r\n\t\t\t \t\twinWidth \t\t= $(window).width();\r\n\t\t\t \t\r\n\t\t\t \tif ( originalHeight > winHeight * 0.9 ) {\r\n\t\t\t \t\tmfpHeight \t\t= winHeight * 0.9;\r\n\t\t\t \t\tmfpWidth \t\t= mfpHeight * ratio;\r\n\t\t\t\t}\r\n\t\t\t\tif ( mfpWidth > winWidth * 0.9 ) {\r\n\t\t\t \t\tmfpWidth \t\t= winWidth * 0.9;\r\n\t\t\t \t\tmfpHeight \t\t= mfpWidth \/ ratio;\r\n\t\t\t\t}\r\n\t\t\t \tif ( mfpHeight < originalHeight && mfpWidth < originalWidth ) {\r\n\t\t\t\t    $('#threesixty-slider-8315_8sVjPL').height(mfpHeight);\r\n\t\t\t\t    $('#threesixty-slider-8315_8sVjPL').width(mfpWidth);\r\n\t\t\t\t} \r\n\t\t\t\telse {\r\n\t\t\t\t    $('#threesixty-slider-8315_8sVjPL').height(originalHeight);\r\n\t\t\t\t    $('#threesixty-slider-8315_8sVjPL').width(originalWidth);\r\n\t\t\t\t}\r\n\t\t\t},\r\n\t\t\tclose: function() {\r\n\t\t\t    $('#threesixty-slider-8315_8sVjPL').height('auto');\r\n\t\t\t    $('#threesixty-slider-8315_8sVjPL').width(521);\r\n\t\t\t}\r\n\t\t},\r\n\t\tcloseMarkup :\"<button class=\\\"mfp-close\\\"><\/button>\"\r\n\t});\r\n\t\tvar product_8315_8sVjPL = $('#threesixty-slider-8315_8sVjPL').ThreeSixty({\r\n\t\ttotalFrames: 36,\r\n\t\tendFrame: 0,\r\n\t\tcurrentFrame: 36,\r\n\t\timgList: '.threesixty-images-8315_8sVjPL',\r\n\t\tprogress: '.threesixty-spinner-8315_8sVjPL',\r\n\t\tpreview: '.threesixty-preview-8315_8sVjPL',\r\n\t\timages: ['https:\/\/geemarc.com\/de\/wp-content\/uploads\/sites\/5\/2021\/11\/DSC_0080.jpg','https:\/\/geemarc.com\/de\/wp-content\/uploads\/sites\/5\/2021\/11\/DSC_0079.jpg','https:\/\/geemarc.com\/de\/wp-content\/uploads\/sites\/5\/2021\/11\/DSC_0078.jpg','https:\/\/geemarc.com\/de\/wp-content\/uploads\/sites\/5\/2021\/11\/DSC_0077.jpg','https:\/\/geemarc.com\/de\/wp-content\/uploads\/sites\/5\/2021\/11\/DSC_0076.jpg','https:\/\/geemarc.com\/de\/wp-content\/uploads\/sites\/5\/2021\/11\/DSC_0075.jpg','https:\/\/geemarc.com\/de\/wp-content\/uploads\/sites\/5\/2021\/11\/DSC_0074.jpg','https:\/\/geemarc.com\/de\/wp-content\/uploads\/sites\/5\/2021\/11\/DSC_0073.jpg','https:\/\/geemarc.com\/de\/wp-content\/uploads\/sites\/5\/2021\/11\/DSC_0108.jpg','https:\/\/geemarc.com\/de\/wp-content\/uploads\/sites\/5\/2021\/11\/DSC_0107.jpg','https:\/\/geemarc.com\/de\/wp-content\/uploads\/sites\/5\/2021\/11\/DSC_0106.jpg','https:\/\/geemarc.com\/de\/wp-content\/uploads\/sites\/5\/2021\/11\/DSC_0105.jpg','https:\/\/geemarc.com\/de\/wp-content\/uploads\/sites\/5\/2021\/11\/DSC_0104.jpg','https:\/\/geemarc.com\/de\/wp-content\/uploads\/sites\/5\/2021\/11\/DSC_0103.jpg','https:\/\/geemarc.com\/de\/wp-content\/uploads\/sites\/5\/2021\/11\/DSC_0102.jpg','https:\/\/geemarc.com\/de\/wp-content\/uploads\/sites\/5\/2021\/11\/DSC_0101.jpg','https:\/\/geemarc.com\/de\/wp-content\/uploads\/sites\/5\/2021\/11\/DSC_0100.jpg','https:\/\/geemarc.com\/de\/wp-content\/uploads\/sites\/5\/2021\/11\/DSC_0099.jpg','https:\/\/geemarc.com\/de\/wp-content\/uploads\/sites\/5\/2021\/11\/DSC_0098.jpg','https:\/\/geemarc.com\/de\/wp-content\/uploads\/sites\/5\/2021\/11\/DSC_0097.jpg','https:\/\/geemarc.com\/de\/wp-content\/uploads\/sites\/5\/2021\/11\/DSC_0096.jpg','https:\/\/geemarc.com\/de\/wp-content\/uploads\/sites\/5\/2021\/11\/DSC_0095.jpg','https:\/\/geemarc.com\/de\/wp-content\/uploads\/sites\/5\/2021\/11\/DSC_0094.jpg','https:\/\/geemarc.com\/de\/wp-content\/uploads\/sites\/5\/2021\/11\/DSC_0093.jpg','https:\/\/geemarc.com\/de\/wp-content\/uploads\/sites\/5\/2021\/11\/DSC_0092.jpg','https:\/\/geemarc.com\/de\/wp-content\/uploads\/sites\/5\/2021\/11\/DSC_0091.jpg','https:\/\/geemarc.com\/de\/wp-content\/uploads\/sites\/5\/2021\/11\/DSC_0090.jpg','https:\/\/geemarc.com\/de\/wp-content\/uploads\/sites\/5\/2021\/11\/DSC_0089.jpg','https:\/\/geemarc.com\/de\/wp-content\/uploads\/sites\/5\/2021\/11\/DSC_0088.jpg','https:\/\/geemarc.com\/de\/wp-content\/uploads\/sites\/5\/2021\/11\/DSC_0087.jpg','https:\/\/geemarc.com\/de\/wp-content\/uploads\/sites\/5\/2021\/11\/DSC_0086.jpg','https:\/\/geemarc.com\/de\/wp-content\/uploads\/sites\/5\/2021\/11\/DSC_0085.jpg','https:\/\/geemarc.com\/de\/wp-content\/uploads\/sites\/5\/2021\/11\/DSC_0084.jpg','https:\/\/geemarc.com\/de\/wp-content\/uploads\/sites\/5\/2021\/11\/DSC_0083.jpg','https:\/\/geemarc.com\/de\/wp-content\/uploads\/sites\/5\/2021\/11\/DSC_0082.jpg','https:\/\/geemarc.com\/de\/wp-content\/uploads\/sites\/5\/2021\/11\/DSC_0081.jpg'],\r\n\t\theight: 0,\r\n\t\twidth: 521,\r\n\t\tnavigation: true,\r\n\t\tdrag: true,\r\n\t\tshowCursor: true,\r\n\t\tinterval: 120,\r\n\t\tspeedMultiplier: 3,\r\n\t\t\t\tstartAutoplay: true,\r\n\t\t\t\tonReady: function() {\r\n\t\t\t$(\"#threesixty-slider-8315_8sVjPL\").removeClass('threesixty-loading');\r\n\t\t\t\t\t\tproduct_8315_8sVjPL.play();\r\n\t\t\t\t\t\t\t\t}\r\n\t\t\t});\r\n\t\t\t}(jQuery));\r\n<\/script>\n","protected":false},"excerpt":{"rendered":"<p>Verst\u00e4rkter Kopfh\u00f6rer in DUO version<\/p>\n","protected":false},"featured_media":8663,"template":"","meta":[],"product_cat":[134],"product_tag":[],"yoast_head":"<!-- This site is optimized with the Yoast SEO plugin v16.9 - https:\/\/yoast.com\/wordpress\/plugins\/seo\/ -->\n<title>CL7370-2 - Geemarc Germany<\/title>\n<meta name=\"robots\" content=\"index, follow, max-snippet:-1, max-image-preview:large, max-video-preview:-1\" \/>\n<link rel=\"canonical\" href=\"https:\/\/geemarc.com\/de\/produkt\/cl7370-2\/\" \/>\n<meta property=\"og:locale\" content=\"de_DE\" \/>\n<meta property=\"og:type\" content=\"article\" \/>\n<meta property=\"og:title\" content=\"CL7370-2 - Geemarc Germany\" \/>\n<meta property=\"og:description\" content=\"Verst\u00e4rkter Kopfh\u00f6rer in DUO version\" \/>\n<meta property=\"og:url\" content=\"https:\/\/geemarc.com\/de\/produkt\/cl7370-2\/\" \/>\n<meta property=\"og:site_name\" content=\"Geemarc Germany\" \/>\n<meta property=\"article:modified_time\" content=\"2025-04-23T12:23:43+00:00\" \/>\n<meta property=\"og:image\" content=\"https:\/\/geemarc.com\/de\/wp-content\/uploads\/sites\/5\/2022\/03\/CL7370_DUO-3.jpg\" \/>\n\t<meta property=\"og:image:width\" content=\"1700\" \/>\n\t<meta property=\"og:image:height\" content=\"2000\" \/>\n<meta name=\"twitter:card\" content=\"summary_large_image\" \/>\n<meta name=\"twitter:label1\" content=\"Gesch\u00e4tzte Lesezeit\" \/>\n\t<meta name=\"twitter:data1\" content=\"1\u00a0Minute\" \/>\n<script type=\"application\/ld+json\" class=\"yoast-schema-graph\">{\"@context\":\"https:\/\/schema.org\",\"@graph\":[{\"@type\":\"WebSite\",\"@id\":\"https:\/\/geemarc.com\/de\/#website\",\"url\":\"https:\/\/geemarc.com\/de\/\",\"name\":\"Geemarc Germany\",\"description\":\"\",\"potentialAction\":[{\"@type\":\"SearchAction\",\"target\":{\"@type\":\"EntryPoint\",\"urlTemplate\":\"https:\/\/geemarc.com\/de\/?s={search_term_string}\"},\"query-input\":\"required name=search_term_string\"}],\"inLanguage\":\"de\"},{\"@type\":\"ImageObject\",\"@id\":\"https:\/\/geemarc.com\/de\/produkt\/cl7370-2\/#primaryimage\",\"inLanguage\":\"de\",\"url\":\"https:\/\/geemarc.com\/de\/wp-content\/uploads\/sites\/5\/2022\/03\/CL7370_DUO-3.jpg\",\"contentUrl\":\"https:\/\/geemarc.com\/de\/wp-content\/uploads\/sites\/5\/2022\/03\/CL7370_DUO-3.jpg\",\"width\":1700,\"height\":2000},{\"@type\":\"WebPage\",\"@id\":\"https:\/\/geemarc.com\/de\/produkt\/cl7370-2\/#webpage\",\"url\":\"https:\/\/geemarc.com\/de\/produkt\/cl7370-2\/\",\"name\":\"CL7370-2 - Geemarc Germany\",\"isPartOf\":{\"@id\":\"https:\/\/geemarc.com\/de\/#website\"},\"primaryImageOfPage\":{\"@id\":\"https:\/\/geemarc.com\/de\/produkt\/cl7370-2\/#primaryimage\"},\"datePublished\":\"2021-10-05T10:25:01+00:00\",\"dateModified\":\"2025-04-23T12:23:43+00:00\",\"breadcrumb\":{\"@id\":\"https:\/\/geemarc.com\/de\/produkt\/cl7370-2\/#breadcrumb\"},\"inLanguage\":\"de\",\"potentialAction\":[{\"@type\":\"ReadAction\",\"target\":[\"https:\/\/geemarc.com\/de\/produkt\/cl7370-2\/\"]}]},{\"@type\":\"BreadcrumbList\",\"@id\":\"https:\/\/geemarc.com\/de\/produkt\/cl7370-2\/#breadcrumb\",\"itemListElement\":[{\"@type\":\"ListItem\",\"position\":1,\"name\":\"Home\",\"item\":\"https:\/\/geemarc.com\/de\/\"},{\"@type\":\"ListItem\",\"position\":2,\"name\":\"Shop\",\"item\":\"https:\/\/geemarc.com\/de\/shop\/\"},{\"@type\":\"ListItem\",\"position\":3,\"name\":\"CL7370-2\"}]}]}<\/script>\n<!-- \/ Yoast SEO plugin. -->","yoast_head_json":{"title":"CL7370-2 - Geemarc Germany","robots":{"index":"index","follow":"follow","max-snippet":"max-snippet:-1","max-image-preview":"max-image-preview:large","max-video-preview":"max-video-preview:-1"},"canonical":"https:\/\/geemarc.com\/de\/produkt\/cl7370-2\/","og_locale":"de_DE","og_type":"article","og_title":"CL7370-2 - Geemarc Germany","og_description":"Verst\u00e4rkter Kopfh\u00f6rer in DUO version","og_url":"https:\/\/geemarc.com\/de\/produkt\/cl7370-2\/","og_site_name":"Geemarc Germany","article_modified_time":"2025-04-23T12:23:43+00:00","og_image":[{"width":1700,"height":2000,"url":"https:\/\/geemarc.com\/de\/wp-content\/uploads\/sites\/5\/2022\/03\/CL7370_DUO-3.jpg","path":"\/home\/g\/e\/geemarcwp\/public_html\/wp-content\/uploads\/sites\/5\/2022\/03\/CL7370_DUO-3.jpg","size":"full","id":8663,"alt":"","pixels":3400000,"type":"image\/jpeg"}],"twitter_card":"summary_large_image","twitter_misc":{"Gesch\u00e4tzte Lesezeit":"1\u00a0Minute"},"schema":{"@context":"https:\/\/schema.org","@graph":[{"@type":"WebSite","@id":"https:\/\/geemarc.com\/de\/#website","url":"https:\/\/geemarc.com\/de\/","name":"Geemarc Germany","description":"","potentialAction":[{"@type":"SearchAction","target":{"@type":"EntryPoint","urlTemplate":"https:\/\/geemarc.com\/de\/?s={search_term_string}"},"query-input":"required name=search_term_string"}],"inLanguage":"de"},{"@type":"ImageObject","@id":"https:\/\/geemarc.com\/de\/produkt\/cl7370-2\/#primaryimage","inLanguage":"de","url":"https:\/\/geemarc.com\/de\/wp-content\/uploads\/sites\/5\/2022\/03\/CL7370_DUO-3.jpg","contentUrl":"https:\/\/geemarc.com\/de\/wp-content\/uploads\/sites\/5\/2022\/03\/CL7370_DUO-3.jpg","width":1700,"height":2000},{"@type":"WebPage","@id":"https:\/\/geemarc.com\/de\/produkt\/cl7370-2\/#webpage","url":"https:\/\/geemarc.com\/de\/produkt\/cl7370-2\/","name":"CL7370-2 - Geemarc Germany","isPartOf":{"@id":"https:\/\/geemarc.com\/de\/#website"},"primaryImageOfPage":{"@id":"https:\/\/geemarc.com\/de\/produkt\/cl7370-2\/#primaryimage"},"datePublished":"2021-10-05T10:25:01+00:00","dateModified":"2025-04-23T12:23:43+00:00","breadcrumb":{"@id":"https:\/\/geemarc.com\/de\/produkt\/cl7370-2\/#breadcrumb"},"inLanguage":"de","potentialAction":[{"@type":"ReadAction","target":["https:\/\/geemarc.com\/de\/produkt\/cl7370-2\/"]}]},{"@type":"BreadcrumbList","@id":"https:\/\/geemarc.com\/de\/produkt\/cl7370-2\/#breadcrumb","itemListElement":[{"@type":"ListItem","position":1,"name":"Home","item":"https:\/\/geemarc.com\/de\/"},{"@type":"ListItem","position":2,"name":"Shop","item":"https:\/\/geemarc.com\/de\/shop\/"},{"@type":"ListItem","position":3,"name":"CL7370-2"}]}]}},"acf":[],"_links":{"self":[{"href":"https:\/\/geemarc.com\/de\/wp-json\/wp\/v2\/product\/8184"}],"collection":[{"href":"https:\/\/geemarc.com\/de\/wp-json\/wp\/v2\/product"}],"about":[{"href":"https:\/\/geemarc.com\/de\/wp-json\/wp\/v2\/types\/product"}],"wp:featuredmedia":[{"embeddable":true,"href":"https:\/\/geemarc.com\/de\/wp-json\/wp\/v2\/media\/8663"}],"wp:attachment":[{"href":"https:\/\/geemarc.com\/de\/wp-json\/wp\/v2\/media?parent=8184"}],"wp:term":[{"taxonomy":"product_cat","embeddable":true,"href":"https:\/\/geemarc.com\/de\/wp-json\/wp\/v2\/product_cat?post=8184"},{"taxonomy":"product_tag","embeddable":true,"href":"https:\/\/geemarc.com\/de\/wp-json\/wp\/v2\/product_tag?post=8184"}],"curies":[{"name":"wp","href":"https:\/\/api.w.org\/{rel}","templated":true}]}}