{"id":8191,"date":"2021-10-05T14:51:12","date_gmt":"2021-10-05T14:51:12","guid":{"rendered":"https:\/\/geemarc.com\/de\/?post_type=product&#038;p=8191"},"modified":"2025-04-23T12:15:39","modified_gmt":"2025-04-23T12:15:39","slug":"cl7370-ad","status":"publish","type":"product","link":"https:\/\/geemarc.com\/de\/produkt\/cl7370-ad\/","title":{"rendered":"CL7370 AD"},"content":{"rendered":"<p><strong>Zus\u00e4tzlicher Kopfh\u00f6rer, der auf der gleichen Basis aufgestellt wird.<\/strong><\/p>\n<p>&nbsp;<\/p>\n<p><strong>FUNKTIONEN<\/strong><\/p>\n<ul>\n<li>\u00dcbertragungsverfahren: Stereo<\/li>\n<li>leicht zug\u00e4ngliche Einstellungen auf dem Kopfh\u00f6rer:<\/li>\n<\/ul>\n<p>&#8211; Lautst\u00e4rke bis zu 125dB spl<\/p>\n<p>&#8211; Balanceregelung Links\/Rechts<\/p>\n<p>&#8211; Tonregelung gem\u00e4\u00df Ihrer Bed\u00fcrfnisse<\/p>\n<ul>\n<li>Automatische Standby-Modus (wenn kein Signal mehr)<\/li>\n<li>Integriertes Mikrofon f\u00fcr die Verst\u00e4rkung der Ger\u00e4usche der Umgebung, So ist jederzeit auch eine Unterhaltung mit anderen Personen im Raum m\u00f6glich.<\/li>\n<li>Komfortabler, leichtgewichtiger Kopfh\u00f6rer<\/li>\n<\/ul>\n<p><strong>TECHNISCHE ANGABEN<\/strong><\/p>\n<ul>\n<li><strong>2,4 GHz digitale<\/strong><\/li>\n<li>Tonfrequenz: 100 \u2013 16 000Hz<\/li>\n<li>Betriebsfrequenz: 2.404.5-2.479.5GHz<\/li>\n<li>Modulationsart: GFSK<\/li>\n<li>Anzahl der Kan\u00e4le: 16<\/li>\n<li>Bandbreite: 5M<\/li>\n<li>Bitrate des Senders: 1Mbps<\/li>\n<li>Antennen-Typ: Interne Antenne<\/li>\n<li>Schnellladung<\/li>\n<\/ul>\n<p>&#8211; Ladezeit: 4 Stunden<\/p>\n<p>&#8211; Automatische Ladung sobald der Kopfh\u00f6rer in der Basisstation aufgesetzt ist.<\/p>\n<ul>\n<li>Reichweite im Freien\u00a0100m und 25m im Inneren<\/li>\n<li>5 mm Stereo-Klinkenbuchse<\/li>\n<li>Betriebszeit 10 Stunden<\/li>\n<li>Gewicht des Kopfh\u00f6rers: 55g<\/li>\n<\/ul>\n","protected":false},"excerpt":{"rendered":"<p>Verst\u00e4rkter Zusatz-Kopfh\u00f6rer<\/p>\n","protected":false},"featured_media":8192,"template":"","meta":[],"product_cat":[134],"product_tag":[],"yoast_head":"<!-- This site is optimized with the Yoast SEO plugin v16.9 - https:\/\/yoast.com\/wordpress\/plugins\/seo\/ -->\n<title>CL7370 AD - Geemarc Germany<\/title>\n<meta name=\"robots\" content=\"index, follow, max-snippet:-1, max-image-preview:large, max-video-preview:-1\" \/>\n<link rel=\"canonical\" href=\"https:\/\/geemarc.com\/de\/produkt\/cl7370-ad\/\" \/>\n<meta property=\"og:locale\" content=\"de_DE\" \/>\n<meta property=\"og:type\" content=\"article\" \/>\n<meta property=\"og:title\" content=\"CL7370 AD - Geemarc Germany\" \/>\n<meta property=\"og:description\" content=\"Verst\u00e4rkter Zusatz-Kopfh\u00f6rer\" \/>\n<meta property=\"og:url\" content=\"https:\/\/geemarc.com\/de\/produkt\/cl7370-ad\/\" \/>\n<meta property=\"og:site_name\" content=\"Geemarc Germany\" \/>\n<meta property=\"article:modified_time\" content=\"2025-04-23T12:15:39+00:00\" \/>\n<meta property=\"og:image\" content=\"https:\/\/geemarc.com\/de\/wp-content\/uploads\/sites\/5\/2021\/10\/CL7370_AD.jpg\" \/>\n\t<meta property=\"og:image:width\" content=\"1959\" \/>\n\t<meta property=\"og:image:height\" content=\"2193\" \/>\n<meta name=\"twitter:card\" content=\"summary_large_image\" \/>\n<meta name=\"twitter:label1\" content=\"Gesch\u00e4tzte Lesezeit\" \/>\n\t<meta name=\"twitter:data1\" content=\"1\u00a0Minute\" \/>\n<script type=\"application\/ld+json\" class=\"yoast-schema-graph\">{\"@context\":\"https:\/\/schema.org\",\"@graph\":[{\"@type\":\"WebSite\",\"@id\":\"https:\/\/geemarc.com\/de\/#website\",\"url\":\"https:\/\/geemarc.com\/de\/\",\"name\":\"Geemarc Germany\",\"description\":\"\",\"potentialAction\":[{\"@type\":\"SearchAction\",\"target\":{\"@type\":\"EntryPoint\",\"urlTemplate\":\"https:\/\/geemarc.com\/de\/?s={search_term_string}\"},\"query-input\":\"required name=search_term_string\"}],\"inLanguage\":\"de\"},{\"@type\":\"ImageObject\",\"@id\":\"https:\/\/geemarc.com\/de\/produkt\/cl7370-ad\/#primaryimage\",\"inLanguage\":\"de\",\"url\":\"https:\/\/geemarc.com\/de\/wp-content\/uploads\/sites\/5\/2021\/10\/CL7370_AD.jpg\",\"contentUrl\":\"https:\/\/geemarc.com\/de\/wp-content\/uploads\/sites\/5\/2021\/10\/CL7370_AD.jpg\",\"width\":1959,\"height\":2193},{\"@type\":\"WebPage\",\"@id\":\"https:\/\/geemarc.com\/de\/produkt\/cl7370-ad\/#webpage\",\"url\":\"https:\/\/geemarc.com\/de\/produkt\/cl7370-ad\/\",\"name\":\"CL7370 AD - Geemarc Germany\",\"isPartOf\":{\"@id\":\"https:\/\/geemarc.com\/de\/#website\"},\"primaryImageOfPage\":{\"@id\":\"https:\/\/geemarc.com\/de\/produkt\/cl7370-ad\/#primaryimage\"},\"datePublished\":\"2021-10-05T14:51:12+00:00\",\"dateModified\":\"2025-04-23T12:15:39+00:00\",\"breadcrumb\":{\"@id\":\"https:\/\/geemarc.com\/de\/produkt\/cl7370-ad\/#breadcrumb\"},\"inLanguage\":\"de\",\"potentialAction\":[{\"@type\":\"ReadAction\",\"target\":[\"https:\/\/geemarc.com\/de\/produkt\/cl7370-ad\/\"]}]},{\"@type\":\"BreadcrumbList\",\"@id\":\"https:\/\/geemarc.com\/de\/produkt\/cl7370-ad\/#breadcrumb\",\"itemListElement\":[{\"@type\":\"ListItem\",\"position\":1,\"name\":\"Home\",\"item\":\"https:\/\/geemarc.com\/de\/\"},{\"@type\":\"ListItem\",\"position\":2,\"name\":\"Shop\",\"item\":\"https:\/\/geemarc.com\/de\/shop\/\"},{\"@type\":\"ListItem\",\"position\":3,\"name\":\"CL7370 AD\"}]}]}<\/script>\n<!-- \/ Yoast SEO plugin. -->","yoast_head_json":{"title":"CL7370 AD - Geemarc Germany","robots":{"index":"index","follow":"follow","max-snippet":"max-snippet:-1","max-image-preview":"max-image-preview:large","max-video-preview":"max-video-preview:-1"},"canonical":"https:\/\/geemarc.com\/de\/produkt\/cl7370-ad\/","og_locale":"de_DE","og_type":"article","og_title":"CL7370 AD - Geemarc Germany","og_description":"Verst\u00e4rkter Zusatz-Kopfh\u00f6rer","og_url":"https:\/\/geemarc.com\/de\/produkt\/cl7370-ad\/","og_site_name":"Geemarc Germany","article_modified_time":"2025-04-23T12:15:39+00:00","og_image":[{"width":1959,"height":2193,"url":"https:\/\/geemarc.com\/de\/wp-content\/uploads\/sites\/5\/2021\/10\/CL7370_AD.jpg","path":"\/home\/g\/e\/geemarcwp\/public_html\/wp-content\/uploads\/sites\/5\/2021\/10\/CL7370_AD.jpg","size":"full","id":8192,"alt":"","pixels":4296087,"type":"image\/jpeg"}],"twitter_card":"summary_large_image","twitter_misc":{"Gesch\u00e4tzte Lesezeit":"1\u00a0Minute"},"schema":{"@context":"https:\/\/schema.org","@graph":[{"@type":"WebSite","@id":"https:\/\/geemarc.com\/de\/#website","url":"https:\/\/geemarc.com\/de\/","name":"Geemarc Germany","description":"","potentialAction":[{"@type":"SearchAction","target":{"@type":"EntryPoint","urlTemplate":"https:\/\/geemarc.com\/de\/?s={search_term_string}"},"query-input":"required name=search_term_string"}],"inLanguage":"de"},{"@type":"ImageObject","@id":"https:\/\/geemarc.com\/de\/produkt\/cl7370-ad\/#primaryimage","inLanguage":"de","url":"https:\/\/geemarc.com\/de\/wp-content\/uploads\/sites\/5\/2021\/10\/CL7370_AD.jpg","contentUrl":"https:\/\/geemarc.com\/de\/wp-content\/uploads\/sites\/5\/2021\/10\/CL7370_AD.jpg","width":1959,"height":2193},{"@type":"WebPage","@id":"https:\/\/geemarc.com\/de\/produkt\/cl7370-ad\/#webpage","url":"https:\/\/geemarc.com\/de\/produkt\/cl7370-ad\/","name":"CL7370 AD - Geemarc Germany","isPartOf":{"@id":"https:\/\/geemarc.com\/de\/#website"},"primaryImageOfPage":{"@id":"https:\/\/geemarc.com\/de\/produkt\/cl7370-ad\/#primaryimage"},"datePublished":"2021-10-05T14:51:12+00:00","dateModified":"2025-04-23T12:15:39+00:00","breadcrumb":{"@id":"https:\/\/geemarc.com\/de\/produkt\/cl7370-ad\/#breadcrumb"},"inLanguage":"de","potentialAction":[{"@type":"ReadAction","target":["https:\/\/geemarc.com\/de\/produkt\/cl7370-ad\/"]}]},{"@type":"BreadcrumbList","@id":"https:\/\/geemarc.com\/de\/produkt\/cl7370-ad\/#breadcrumb","itemListElement":[{"@type":"ListItem","position":1,"name":"Home","item":"https:\/\/geemarc.com\/de\/"},{"@type":"ListItem","position":2,"name":"Shop","item":"https:\/\/geemarc.com\/de\/shop\/"},{"@type":"ListItem","position":3,"name":"CL7370 AD"}]}]}},"acf":[],"_links":{"self":[{"href":"https:\/\/geemarc.com\/de\/wp-json\/wp\/v2\/product\/8191"}],"collection":[{"href":"https:\/\/geemarc.com\/de\/wp-json\/wp\/v2\/product"}],"about":[{"href":"https:\/\/geemarc.com\/de\/wp-json\/wp\/v2\/types\/product"}],"wp:featuredmedia":[{"embeddable":true,"href":"https:\/\/geemarc.com\/de\/wp-json\/wp\/v2\/media\/8192"}],"wp:attachment":[{"href":"https:\/\/geemarc.com\/de\/wp-json\/wp\/v2\/media?parent=8191"}],"wp:term":[{"taxonomy":"product_cat","embeddable":true,"href":"https:\/\/geemarc.com\/de\/wp-json\/wp\/v2\/product_cat?post=8191"},{"taxonomy":"product_tag","embeddable":true,"href":"https:\/\/geemarc.com\/de\/wp-json\/wp\/v2\/product_tag?post=8191"}],"curies":[{"name":"wp","href":"https:\/\/api.w.org\/{rel}","templated":true}]}}