{"id":8697,"date":"2022-04-29T12:53:18","date_gmt":"2022-04-29T12:53:18","guid":{"rendered":"https:\/\/geemarc.com\/de\/?post_type=product&#038;p=8697"},"modified":"2025-06-05T12:34:42","modified_gmt":"2025-06-05T12:34:42","slug":"cl8700","status":"publish","type":"product","link":"https:\/\/geemarc.com\/de\/produkt\/cl8700\/","title":{"rendered":"CL8700"},"content":{"rendered":"<p><strong>ANRUFEN\/BEANTWORTEN<\/strong><\/p>\n<ul>\n<li>H\u00f6rger\u00e4tekompatibel M4\/T4<\/li>\n<li>H\u00f6chste Empfangslautst\u00e4rke: 40dB mit + und &#8211; Tasten<\/li>\n<li>2 Kurzwahltasten M1, M2<\/li>\n<li>Tastatur\n<ul>\n<li>Gro\u00dfe Tasten<\/li>\n<li>Sprechende Tastatur<\/li>\n<li>Wei\u00dfe Hintergrundbeleuchtung<\/li>\n<li>Hoher Kontrast<\/li>\n<\/ul>\n<\/li>\n<li>Telefonbuch: 2000 Kontakte auf dem Telefon, 250 auf der SIM-Karte<\/li>\n<li>Taste zum schnellen Zugriff auf das Men\u00fc<\/li>\n<li>Verpasster Anruf und Nachricht im Wartestatus: Anzeige auf der \u00e4u\u00dferen Seite und Nachricht auf dem Hauptbildschirm<\/li>\n<li>Stummfunktion<\/li>\n<li>I.C.E.-funktion: In Case of Emergency<\/li>\n<\/ul>\n<p>&nbsp;<\/p>\n<p><strong>LCD DISPLAY<\/strong><\/p>\n<ul>\n<li>Farb-LCD-Bildschirm -2.8&#8243;<\/li>\n<li>16 Sprachen: Englisch, Franz\u00f6sisch, Deutsch, Niederl\u00e4ndisch, Spanisch, Italienisch, Portugiesisch, D\u00e4nisch, Norwegisch, Schwedisch, Finnisch, Polnisch, Ungarisch, Hebr\u00e4isch, vereinfachtes Chinesisch und traditionelles Chinesisch<\/li>\n<li>Leicht zu handhabendes Navigationsmen\u00fc<\/li>\n<li>Datum &amp; Zeit Einstellung<\/li>\n<li>Gespr\u00e4chsdaueranzeige<\/li>\n<\/ul>\n<p>&nbsp;<\/p>\n<p><strong>SPRECHENDES TELEFON<\/strong><\/p>\n<ul>\n<li>Sprachansage bei eingehenden Anrufen<\/li>\n<li>16 Sprachen sprechende Tastatur (siehe &#8220;LCD-DISPLAY&#8221;)<\/li>\n<\/ul>\n<p>&nbsp;<\/p>\n<p><strong>NOTRUFFUNKTION<\/strong><\/p>\n<ul>\n<li>SOS-Taste zum Ausl\u00f6sen eines Notrufs<\/li>\n<li>5 Notrufnummern programmierbar<\/li>\n<li>Best\u00e4tigung des Notrufs durch ein akustisches Signal<\/li>\n<li>Geolokalisierungssystem: Dr\u00fccken Sie die SOS-Taste und das Telefon sendet automatisch eine Nachricht mit Ihrer derzeitigen GPS-Position an die voreingestellten Nummern.<\/li>\n<li>M\u00f6glichkeit, den\/die BesitzerIn des CL8700 zu lokalisieren, indem man ihr\/ihm eine SMS schickt (nur wenn die Nummer als SOS-Nummer gespeichert ist).<\/li>\n<\/ul>\n<p>&nbsp;<\/p>\n<div id=\"threesixty-slider-8698_k6ziFQ\" class=\"threesixty-loading threesixty-image threesixty-dark-blue threesixty-vintage threesixty-no-border\" style=\"width: 600px;\">\r\n\t<div class=\"threesixty-preview-8698_k6ziFQ\"><img class=\"threesixty-preview-image\" src=\"https:\/\/geemarc.com\/de\/wp-content\/uploads\/sites\/5\/2022\/04\/DSC_0048.jpg\"\/><\/div>\r\n\t<div class=\"threesixty-spinner threesixty-spinner-8698_k6ziFQ\">\r\n\t\t<span>0%<\/span>\r\n\t<\/div>\r\n\t<ol class=\"threesixty-images threesixty-images-8698_k6ziFQ\"><\/ol>\r\n\t\t\t<a href=\"#threesixty-slider-8698_k6ziFQ\" class=\"threesixty-mfp-anchor\"><\/a>\r\n\t<\/div>\r\n<!--SPV--><script type=\"text\/javascript\">\/\/SPV\r\n(function($) {\r\n\t\t$('#threesixty-slider-8698_k6ziFQ .threesixty-mfp-anchor').magnificPopup({\r\n\t\ttype:'inline',\r\n\t\tcloseOnBgClick: true,\r\n\t\tmidClick: true,\r\n\t\t\/\/removalDelay: 300,\r\n  \t\t\/\/mainClass: 'mfp-fade',\r\n\t\tcallbacks: {\r\n\t\t\t resize: function() {\r\n\t\t\t \tvar originalHeight \t= 573,\r\n\t\t\t \t\toriginalWidth \t= 600,\r\n\t\t\t \t\tmfpHeight \t\t= 573,\r\n\t\t\t \t\tmfpWidth \t\t= 600,\r\n\t\t\t \t\tratio \t\t\t= originalWidth \/ originalHeight,\r\n\t\t\t \t\twinHeight \t\t= $(window).height(),\r\n\t\t\t \t\twinWidth \t\t= $(window).width();\r\n\t\t\t \t\r\n\t\t\t \tif ( originalHeight > winHeight * 0.9 ) {\r\n\t\t\t \t\tmfpHeight \t\t= winHeight * 0.9;\r\n\t\t\t \t\tmfpWidth \t\t= mfpHeight * ratio;\r\n\t\t\t\t}\r\n\t\t\t\tif ( mfpWidth > winWidth * 0.9 ) {\r\n\t\t\t \t\tmfpWidth \t\t= winWidth * 0.9;\r\n\t\t\t \t\tmfpHeight \t\t= mfpWidth \/ ratio;\r\n\t\t\t\t}\r\n\t\t\t \tif ( mfpHeight < originalHeight && mfpWidth < originalWidth ) {\r\n\t\t\t\t    $('#threesixty-slider-8698_k6ziFQ').height(mfpHeight);\r\n\t\t\t\t    $('#threesixty-slider-8698_k6ziFQ').width(mfpWidth);\r\n\t\t\t\t} \r\n\t\t\t\telse {\r\n\t\t\t\t    $('#threesixty-slider-8698_k6ziFQ').height(originalHeight);\r\n\t\t\t\t    $('#threesixty-slider-8698_k6ziFQ').width(originalWidth);\r\n\t\t\t\t}\r\n\t\t\t},\r\n\t\t\tclose: function() {\r\n\t\t\t    $('#threesixty-slider-8698_k6ziFQ').height('auto');\r\n\t\t\t    $('#threesixty-slider-8698_k6ziFQ').width(600);\r\n\t\t\t}\r\n\t\t},\r\n\t\tcloseMarkup :\"<button class=\\\"mfp-close\\\"><\/button>\"\r\n\t});\r\n\t\tvar product_8698_k6ziFQ = $('#threesixty-slider-8698_k6ziFQ').ThreeSixty({\r\n\t\ttotalFrames: 36,\r\n\t\tendFrame: 0,\r\n\t\tcurrentFrame: 36,\r\n\t\timgList: '.threesixty-images-8698_k6ziFQ',\r\n\t\tprogress: '.threesixty-spinner-8698_k6ziFQ',\r\n\t\tpreview: '.threesixty-preview-8698_k6ziFQ',\r\n\t\timages: ['https:\/\/geemarc.com\/de\/wp-content\/uploads\/sites\/5\/2022\/04\/DSC_0047.jpg','https:\/\/geemarc.com\/de\/wp-content\/uploads\/sites\/5\/2022\/04\/DSC_0046.jpg','https:\/\/geemarc.com\/de\/wp-content\/uploads\/sites\/5\/2022\/04\/DSC_0045.jpg','https:\/\/geemarc.com\/de\/wp-content\/uploads\/sites\/5\/2022\/04\/DSC_0044.jpg','https:\/\/geemarc.com\/de\/wp-content\/uploads\/sites\/5\/2022\/04\/DSC_0043.jpg','https:\/\/geemarc.com\/de\/wp-content\/uploads\/sites\/5\/2022\/04\/DSC_0042.jpg','https:\/\/geemarc.com\/de\/wp-content\/uploads\/sites\/5\/2022\/04\/DSC_0041.jpg','https:\/\/geemarc.com\/de\/wp-content\/uploads\/sites\/5\/2022\/04\/DSC_0040.jpg','https:\/\/geemarc.com\/de\/wp-content\/uploads\/sites\/5\/2022\/04\/DSC_0039.jpg','https:\/\/geemarc.com\/de\/wp-content\/uploads\/sites\/5\/2022\/04\/DSC_0038.jpg','https:\/\/geemarc.com\/de\/wp-content\/uploads\/sites\/5\/2022\/04\/DSC_0073.jpg','https:\/\/geemarc.com\/de\/wp-content\/uploads\/sites\/5\/2022\/04\/DSC_0072.jpg','https:\/\/geemarc.com\/de\/wp-content\/uploads\/sites\/5\/2022\/04\/DSC_0071.jpg','https:\/\/geemarc.com\/de\/wp-content\/uploads\/sites\/5\/2022\/04\/DSC_0070.jpg','https:\/\/geemarc.com\/de\/wp-content\/uploads\/sites\/5\/2022\/04\/DSC_0069.jpg','https:\/\/geemarc.com\/de\/wp-content\/uploads\/sites\/5\/2022\/04\/DSC_0068.jpg','https:\/\/geemarc.com\/de\/wp-content\/uploads\/sites\/5\/2022\/04\/DSC_0067.jpg','https:\/\/geemarc.com\/de\/wp-content\/uploads\/sites\/5\/2022\/04\/DSC_0066.jpg','https:\/\/geemarc.com\/de\/wp-content\/uploads\/sites\/5\/2022\/04\/DSC_0065.jpg','https:\/\/geemarc.com\/de\/wp-content\/uploads\/sites\/5\/2022\/04\/DSC_0064.jpg','https:\/\/geemarc.com\/de\/wp-content\/uploads\/sites\/5\/2022\/04\/DSC_0063.jpg','https:\/\/geemarc.com\/de\/wp-content\/uploads\/sites\/5\/2022\/04\/DSC_0062.jpg','https:\/\/geemarc.com\/de\/wp-content\/uploads\/sites\/5\/2022\/04\/DSC_0061.jpg','https:\/\/geemarc.com\/de\/wp-content\/uploads\/sites\/5\/2022\/04\/DSC_0060.jpg','https:\/\/geemarc.com\/de\/wp-content\/uploads\/sites\/5\/2022\/04\/DSC_0059.jpg','https:\/\/geemarc.com\/de\/wp-content\/uploads\/sites\/5\/2022\/04\/DSC_0058.jpg','https:\/\/geemarc.com\/de\/wp-content\/uploads\/sites\/5\/2022\/04\/DSC_0057.jpg','https:\/\/geemarc.com\/de\/wp-content\/uploads\/sites\/5\/2022\/04\/DSC_0056.jpg','https:\/\/geemarc.com\/de\/wp-content\/uploads\/sites\/5\/2022\/04\/DSC_0055.jpg','https:\/\/geemarc.com\/de\/wp-content\/uploads\/sites\/5\/2022\/04\/DSC_0054.jpg','https:\/\/geemarc.com\/de\/wp-content\/uploads\/sites\/5\/2022\/04\/DSC_0053.jpg','https:\/\/geemarc.com\/de\/wp-content\/uploads\/sites\/5\/2022\/04\/DSC_0052.jpg','https:\/\/geemarc.com\/de\/wp-content\/uploads\/sites\/5\/2022\/04\/DSC_0051.jpg','https:\/\/geemarc.com\/de\/wp-content\/uploads\/sites\/5\/2022\/04\/DSC_0050.jpg','https:\/\/geemarc.com\/de\/wp-content\/uploads\/sites\/5\/2022\/04\/DSC_0049.jpg','https:\/\/geemarc.com\/de\/wp-content\/uploads\/sites\/5\/2022\/04\/DSC_0048.jpg'],\r\n\t\theight: 0,\r\n\t\twidth: 600,\r\n\t\tnavigation: true,\r\n\t\tdrag: true,\r\n\t\tshowCursor: true,\r\n\t\tinterval: 120,\r\n\t\tspeedMultiplier: 3,\r\n\t\t\t\tstartAutoplay: true,\r\n\t\t\t\tonReady: function() {\r\n\t\t\t$(\"#threesixty-slider-8698_k6ziFQ\").removeClass('threesixty-loading');\r\n\t\t\t\t\t\tproduct_8698_k6ziFQ.play();\r\n\t\t\t\t\t\t\t\t}\r\n\t\t\t});\r\n\t\t\t}(jQuery));\r\n<\/script>\n","protected":false},"excerpt":{"rendered":"<p>Verst\u00e4rktes 4G-Klapphandy mit Kamera<\/p>\n","protected":false},"featured_media":8740,"template":"","meta":[],"product_cat":[129],"product_tag":[],"yoast_head":"<!-- This site is optimized with the Yoast SEO plugin v16.9 - https:\/\/yoast.com\/wordpress\/plugins\/seo\/ -->\n<title>CL8700 - Geemarc Germany<\/title>\n<meta name=\"robots\" content=\"index, follow, max-snippet:-1, max-image-preview:large, max-video-preview:-1\" \/>\n<link rel=\"canonical\" href=\"https:\/\/geemarc.com\/de\/produkt\/cl8700\/\" \/>\n<meta property=\"og:locale\" content=\"de_DE\" \/>\n<meta property=\"og:type\" content=\"article\" \/>\n<meta property=\"og:title\" content=\"CL8700 - Geemarc Germany\" \/>\n<meta property=\"og:description\" content=\"Verst\u00e4rktes 4G-Klapphandy mit Kamera\" \/>\n<meta property=\"og:url\" content=\"https:\/\/geemarc.com\/de\/produkt\/cl8700\/\" \/>\n<meta property=\"og:site_name\" content=\"Geemarc Germany\" \/>\n<meta property=\"article:modified_time\" content=\"2025-06-05T12:34:42+00:00\" \/>\n<meta property=\"og:image\" content=\"https:\/\/geemarc.com\/de\/wp-content\/uploads\/sites\/5\/2022\/04\/CL8700HB_AngleR_01-scaled.jpg\" \/>\n\t<meta property=\"og:image:width\" content=\"1920\" \/>\n\t<meta property=\"og:image:height\" content=\"2560\" \/>\n<meta name=\"twitter:card\" content=\"summary_large_image\" \/>\n<meta name=\"twitter:label1\" content=\"Gesch\u00e4tzte Lesezeit\" \/>\n\t<meta name=\"twitter:data1\" content=\"1\u00a0Minute\" \/>\n<script type=\"application\/ld+json\" class=\"yoast-schema-graph\">{\"@context\":\"https:\/\/schema.org\",\"@graph\":[{\"@type\":\"WebSite\",\"@id\":\"https:\/\/geemarc.com\/de\/#website\",\"url\":\"https:\/\/geemarc.com\/de\/\",\"name\":\"Geemarc Germany\",\"description\":\"\",\"potentialAction\":[{\"@type\":\"SearchAction\",\"target\":{\"@type\":\"EntryPoint\",\"urlTemplate\":\"https:\/\/geemarc.com\/de\/?s={search_term_string}\"},\"query-input\":\"required name=search_term_string\"}],\"inLanguage\":\"de\"},{\"@type\":\"ImageObject\",\"@id\":\"https:\/\/geemarc.com\/de\/produkt\/cl8700\/#primaryimage\",\"inLanguage\":\"de\",\"url\":\"https:\/\/geemarc.com\/de\/wp-content\/uploads\/sites\/5\/2022\/04\/CL8700HB_AngleR_01-scaled.jpg\",\"contentUrl\":\"https:\/\/geemarc.com\/de\/wp-content\/uploads\/sites\/5\/2022\/04\/CL8700HB_AngleR_01-scaled.jpg\",\"width\":1920,\"height\":2560,\"caption\":\"OLYMPUS DIGITAL CAMERA\"},{\"@type\":\"WebPage\",\"@id\":\"https:\/\/geemarc.com\/de\/produkt\/cl8700\/#webpage\",\"url\":\"https:\/\/geemarc.com\/de\/produkt\/cl8700\/\",\"name\":\"CL8700 - Geemarc Germany\",\"isPartOf\":{\"@id\":\"https:\/\/geemarc.com\/de\/#website\"},\"primaryImageOfPage\":{\"@id\":\"https:\/\/geemarc.com\/de\/produkt\/cl8700\/#primaryimage\"},\"datePublished\":\"2022-04-29T12:53:18+00:00\",\"dateModified\":\"2025-06-05T12:34:42+00:00\",\"breadcrumb\":{\"@id\":\"https:\/\/geemarc.com\/de\/produkt\/cl8700\/#breadcrumb\"},\"inLanguage\":\"de\",\"potentialAction\":[{\"@type\":\"ReadAction\",\"target\":[\"https:\/\/geemarc.com\/de\/produkt\/cl8700\/\"]}]},{\"@type\":\"BreadcrumbList\",\"@id\":\"https:\/\/geemarc.com\/de\/produkt\/cl8700\/#breadcrumb\",\"itemListElement\":[{\"@type\":\"ListItem\",\"position\":1,\"name\":\"Home\",\"item\":\"https:\/\/geemarc.com\/de\/\"},{\"@type\":\"ListItem\",\"position\":2,\"name\":\"Shop\",\"item\":\"https:\/\/geemarc.com\/de\/shop\/\"},{\"@type\":\"ListItem\",\"position\":3,\"name\":\"CL8700\"}]}]}<\/script>\n<!-- \/ Yoast SEO plugin. -->","yoast_head_json":{"title":"CL8700 - Geemarc Germany","robots":{"index":"index","follow":"follow","max-snippet":"max-snippet:-1","max-image-preview":"max-image-preview:large","max-video-preview":"max-video-preview:-1"},"canonical":"https:\/\/geemarc.com\/de\/produkt\/cl8700\/","og_locale":"de_DE","og_type":"article","og_title":"CL8700 - Geemarc Germany","og_description":"Verst\u00e4rktes 4G-Klapphandy mit Kamera","og_url":"https:\/\/geemarc.com\/de\/produkt\/cl8700\/","og_site_name":"Geemarc Germany","article_modified_time":"2025-06-05T12:34:42+00:00","og_image":[{"width":1920,"height":2560,"url":"https:\/\/geemarc.com\/de\/wp-content\/uploads\/sites\/5\/2022\/04\/CL8700HB_AngleR_01-scaled.jpg","path":"\/home\/g\/e\/geemarcwp\/public_html\/wp-content\/uploads\/sites\/5\/2022\/04\/CL8700HB_AngleR_01-scaled.jpg","size":"full","id":8740,"alt":"","pixels":4915200,"type":"image\/jpeg"}],"twitter_card":"summary_large_image","twitter_misc":{"Gesch\u00e4tzte Lesezeit":"1\u00a0Minute"},"schema":{"@context":"https:\/\/schema.org","@graph":[{"@type":"WebSite","@id":"https:\/\/geemarc.com\/de\/#website","url":"https:\/\/geemarc.com\/de\/","name":"Geemarc Germany","description":"","potentialAction":[{"@type":"SearchAction","target":{"@type":"EntryPoint","urlTemplate":"https:\/\/geemarc.com\/de\/?s={search_term_string}"},"query-input":"required name=search_term_string"}],"inLanguage":"de"},{"@type":"ImageObject","@id":"https:\/\/geemarc.com\/de\/produkt\/cl8700\/#primaryimage","inLanguage":"de","url":"https:\/\/geemarc.com\/de\/wp-content\/uploads\/sites\/5\/2022\/04\/CL8700HB_AngleR_01-scaled.jpg","contentUrl":"https:\/\/geemarc.com\/de\/wp-content\/uploads\/sites\/5\/2022\/04\/CL8700HB_AngleR_01-scaled.jpg","width":1920,"height":2560,"caption":"OLYMPUS DIGITAL CAMERA"},{"@type":"WebPage","@id":"https:\/\/geemarc.com\/de\/produkt\/cl8700\/#webpage","url":"https:\/\/geemarc.com\/de\/produkt\/cl8700\/","name":"CL8700 - Geemarc Germany","isPartOf":{"@id":"https:\/\/geemarc.com\/de\/#website"},"primaryImageOfPage":{"@id":"https:\/\/geemarc.com\/de\/produkt\/cl8700\/#primaryimage"},"datePublished":"2022-04-29T12:53:18+00:00","dateModified":"2025-06-05T12:34:42+00:00","breadcrumb":{"@id":"https:\/\/geemarc.com\/de\/produkt\/cl8700\/#breadcrumb"},"inLanguage":"de","potentialAction":[{"@type":"ReadAction","target":["https:\/\/geemarc.com\/de\/produkt\/cl8700\/"]}]},{"@type":"BreadcrumbList","@id":"https:\/\/geemarc.com\/de\/produkt\/cl8700\/#breadcrumb","itemListElement":[{"@type":"ListItem","position":1,"name":"Home","item":"https:\/\/geemarc.com\/de\/"},{"@type":"ListItem","position":2,"name":"Shop","item":"https:\/\/geemarc.com\/de\/shop\/"},{"@type":"ListItem","position":3,"name":"CL8700"}]}]}},"acf":[],"_links":{"self":[{"href":"https:\/\/geemarc.com\/de\/wp-json\/wp\/v2\/product\/8697"}],"collection":[{"href":"https:\/\/geemarc.com\/de\/wp-json\/wp\/v2\/product"}],"about":[{"href":"https:\/\/geemarc.com\/de\/wp-json\/wp\/v2\/types\/product"}],"wp:featuredmedia":[{"embeddable":true,"href":"https:\/\/geemarc.com\/de\/wp-json\/wp\/v2\/media\/8740"}],"wp:attachment":[{"href":"https:\/\/geemarc.com\/de\/wp-json\/wp\/v2\/media?parent=8697"}],"wp:term":[{"taxonomy":"product_cat","embeddable":true,"href":"https:\/\/geemarc.com\/de\/wp-json\/wp\/v2\/product_cat?post=8697"},{"taxonomy":"product_tag","embeddable":true,"href":"https:\/\/geemarc.com\/de\/wp-json\/wp\/v2\/product_tag?post=8697"}],"curies":[{"name":"wp","href":"https:\/\/api.w.org\/{rel}","templated":true}]}}