{"id":9085,"date":"2022-06-15T11:00:53","date_gmt":"2022-06-15T11:00:53","guid":{"rendered":"https:\/\/geemarc.com\/de\/?post_type=product&#038;p=9085"},"modified":"2026-01-20T13:48:10","modified_gmt":"2026-01-20T13:48:10","slug":"tv1","status":"publish","type":"product","link":"https:\/\/geemarc.com\/de\/produkt\/tv1\/","title":{"rendered":"TV1"},"content":{"rendered":"<p>F\u00fcr eine einfache Bedienung verf\u00fcgt die Universal-Fernbedienung TV1 \u00fcber eine gro\u00dfe Zifferntastatur. Mithilfe der gro\u00dfen Tasten k\u00f6nnen Sie problemlos das Programm wechseln und die Lautst\u00e4rke regulieren.<\/p>\n<p>&nbsp;<\/p>\n<p>EIGENSCHAFTEN<\/p>\n<ul>\n<li>Funktioniert mit 2 Batterien AAA 1.5V (nicht im Lieferumfang enthalten)<\/li>\n<li>19 programmierbare Bedientasten<\/li>\n<li>1 Aufnahmekanal<\/li>\n<li>Dimensionen: 16,6 x 4,6 x 2,5 cm<\/li>\n<li>Gewicht: 86 g inkl. Batterien<\/li>\n<\/ul>\n","protected":false},"excerpt":{"rendered":"<p>Universal-Fernbedienung &#8211; 1 Aufnahmekanal<\/p>\n","protected":false},"featured_media":9078,"template":"","meta":[],"product_cat":[146],"product_tag":[],"yoast_head":"<!-- This site is optimized with the Yoast SEO plugin v16.9 - https:\/\/yoast.com\/wordpress\/plugins\/seo\/ -->\n<title>TV1 - Geemarc Germany<\/title>\n<meta name=\"robots\" content=\"index, follow, max-snippet:-1, max-image-preview:large, max-video-preview:-1\" \/>\n<link rel=\"canonical\" href=\"https:\/\/geemarc.com\/de\/produkt\/tv1\/\" \/>\n<meta property=\"og:locale\" content=\"de_DE\" \/>\n<meta property=\"og:type\" content=\"article\" \/>\n<meta property=\"og:title\" content=\"TV1 - Geemarc Germany\" \/>\n<meta property=\"og:description\" content=\"Universal-Fernbedienung - 1 Aufnahmekanal\" \/>\n<meta property=\"og:url\" content=\"https:\/\/geemarc.com\/de\/produkt\/tv1\/\" \/>\n<meta property=\"og:site_name\" content=\"Geemarc Germany\" \/>\n<meta property=\"article:modified_time\" content=\"2026-01-20T13:48:10+00:00\" \/>\n<meta property=\"og:image\" content=\"https:\/\/geemarc.com\/de\/wp-content\/uploads\/sites\/5\/2022\/06\/TV1_1_bold-scaled.jpg\" \/>\n\t<meta property=\"og:image:width\" content=\"1702\" \/>\n\t<meta property=\"og:image:height\" content=\"2560\" \/>\n<meta name=\"twitter:card\" content=\"summary_large_image\" \/>\n<meta name=\"twitter:label1\" content=\"Gesch\u00e4tzte Lesezeit\" \/>\n\t<meta name=\"twitter:data1\" content=\"1\u00a0Minute\" \/>\n<script type=\"application\/ld+json\" class=\"yoast-schema-graph\">{\"@context\":\"https:\/\/schema.org\",\"@graph\":[{\"@type\":\"WebSite\",\"@id\":\"https:\/\/geemarc.com\/de\/#website\",\"url\":\"https:\/\/geemarc.com\/de\/\",\"name\":\"Geemarc Germany\",\"description\":\"\",\"potentialAction\":[{\"@type\":\"SearchAction\",\"target\":{\"@type\":\"EntryPoint\",\"urlTemplate\":\"https:\/\/geemarc.com\/de\/?s={search_term_string}\"},\"query-input\":\"required name=search_term_string\"}],\"inLanguage\":\"de\"},{\"@type\":\"ImageObject\",\"@id\":\"https:\/\/geemarc.com\/de\/produkt\/tv1\/#primaryimage\",\"inLanguage\":\"de\",\"url\":\"https:\/\/geemarc.com\/de\/wp-content\/uploads\/sites\/5\/2022\/06\/TV1_1_bold-scaled.jpg\",\"contentUrl\":\"https:\/\/geemarc.com\/de\/wp-content\/uploads\/sites\/5\/2022\/06\/TV1_1_bold-scaled.jpg\",\"width\":1702,\"height\":2560,\"caption\":\"Universal-Fernbedienung\"},{\"@type\":\"WebPage\",\"@id\":\"https:\/\/geemarc.com\/de\/produkt\/tv1\/#webpage\",\"url\":\"https:\/\/geemarc.com\/de\/produkt\/tv1\/\",\"name\":\"TV1 - Geemarc Germany\",\"isPartOf\":{\"@id\":\"https:\/\/geemarc.com\/de\/#website\"},\"primaryImageOfPage\":{\"@id\":\"https:\/\/geemarc.com\/de\/produkt\/tv1\/#primaryimage\"},\"datePublished\":\"2022-06-15T11:00:53+00:00\",\"dateModified\":\"2026-01-20T13:48:10+00:00\",\"breadcrumb\":{\"@id\":\"https:\/\/geemarc.com\/de\/produkt\/tv1\/#breadcrumb\"},\"inLanguage\":\"de\",\"potentialAction\":[{\"@type\":\"ReadAction\",\"target\":[\"https:\/\/geemarc.com\/de\/produkt\/tv1\/\"]}]},{\"@type\":\"BreadcrumbList\",\"@id\":\"https:\/\/geemarc.com\/de\/produkt\/tv1\/#breadcrumb\",\"itemListElement\":[{\"@type\":\"ListItem\",\"position\":1,\"name\":\"Home\",\"item\":\"https:\/\/geemarc.com\/de\/\"},{\"@type\":\"ListItem\",\"position\":2,\"name\":\"Shop\",\"item\":\"https:\/\/geemarc.com\/de\/shop\/\"},{\"@type\":\"ListItem\",\"position\":3,\"name\":\"TV1\"}]}]}<\/script>\n<!-- \/ Yoast SEO plugin. -->","yoast_head_json":{"title":"TV1 - Geemarc Germany","robots":{"index":"index","follow":"follow","max-snippet":"max-snippet:-1","max-image-preview":"max-image-preview:large","max-video-preview":"max-video-preview:-1"},"canonical":"https:\/\/geemarc.com\/de\/produkt\/tv1\/","og_locale":"de_DE","og_type":"article","og_title":"TV1 - Geemarc Germany","og_description":"Universal-Fernbedienung - 1 Aufnahmekanal","og_url":"https:\/\/geemarc.com\/de\/produkt\/tv1\/","og_site_name":"Geemarc Germany","article_modified_time":"2026-01-20T13:48:10+00:00","og_image":[{"width":1702,"height":2560,"url":"https:\/\/geemarc.com\/de\/wp-content\/uploads\/sites\/5\/2022\/06\/TV1_1_bold-scaled.jpg","path":"\/home\/g\/e\/geemarcwp\/public_html\/wp-content\/uploads\/sites\/5\/2022\/06\/TV1_1_bold-scaled.jpg","size":"full","id":9078,"alt":"Universal-Fernbedienung","pixels":4357120,"type":"image\/jpeg"}],"twitter_card":"summary_large_image","twitter_misc":{"Gesch\u00e4tzte Lesezeit":"1\u00a0Minute"},"schema":{"@context":"https:\/\/schema.org","@graph":[{"@type":"WebSite","@id":"https:\/\/geemarc.com\/de\/#website","url":"https:\/\/geemarc.com\/de\/","name":"Geemarc Germany","description":"","potentialAction":[{"@type":"SearchAction","target":{"@type":"EntryPoint","urlTemplate":"https:\/\/geemarc.com\/de\/?s={search_term_string}"},"query-input":"required name=search_term_string"}],"inLanguage":"de"},{"@type":"ImageObject","@id":"https:\/\/geemarc.com\/de\/produkt\/tv1\/#primaryimage","inLanguage":"de","url":"https:\/\/geemarc.com\/de\/wp-content\/uploads\/sites\/5\/2022\/06\/TV1_1_bold-scaled.jpg","contentUrl":"https:\/\/geemarc.com\/de\/wp-content\/uploads\/sites\/5\/2022\/06\/TV1_1_bold-scaled.jpg","width":1702,"height":2560,"caption":"Universal-Fernbedienung"},{"@type":"WebPage","@id":"https:\/\/geemarc.com\/de\/produkt\/tv1\/#webpage","url":"https:\/\/geemarc.com\/de\/produkt\/tv1\/","name":"TV1 - Geemarc Germany","isPartOf":{"@id":"https:\/\/geemarc.com\/de\/#website"},"primaryImageOfPage":{"@id":"https:\/\/geemarc.com\/de\/produkt\/tv1\/#primaryimage"},"datePublished":"2022-06-15T11:00:53+00:00","dateModified":"2026-01-20T13:48:10+00:00","breadcrumb":{"@id":"https:\/\/geemarc.com\/de\/produkt\/tv1\/#breadcrumb"},"inLanguage":"de","potentialAction":[{"@type":"ReadAction","target":["https:\/\/geemarc.com\/de\/produkt\/tv1\/"]}]},{"@type":"BreadcrumbList","@id":"https:\/\/geemarc.com\/de\/produkt\/tv1\/#breadcrumb","itemListElement":[{"@type":"ListItem","position":1,"name":"Home","item":"https:\/\/geemarc.com\/de\/"},{"@type":"ListItem","position":2,"name":"Shop","item":"https:\/\/geemarc.com\/de\/shop\/"},{"@type":"ListItem","position":3,"name":"TV1"}]}]}},"acf":[],"_links":{"self":[{"href":"https:\/\/geemarc.com\/de\/wp-json\/wp\/v2\/product\/9085"}],"collection":[{"href":"https:\/\/geemarc.com\/de\/wp-json\/wp\/v2\/product"}],"about":[{"href":"https:\/\/geemarc.com\/de\/wp-json\/wp\/v2\/types\/product"}],"wp:featuredmedia":[{"embeddable":true,"href":"https:\/\/geemarc.com\/de\/wp-json\/wp\/v2\/media\/9078"}],"wp:attachment":[{"href":"https:\/\/geemarc.com\/de\/wp-json\/wp\/v2\/media?parent=9085"}],"wp:term":[{"taxonomy":"product_cat","embeddable":true,"href":"https:\/\/geemarc.com\/de\/wp-json\/wp\/v2\/product_cat?post=9085"},{"taxonomy":"product_tag","embeddable":true,"href":"https:\/\/geemarc.com\/de\/wp-json\/wp\/v2\/product_tag?post=9085"}],"curies":[{"name":"wp","href":"https:\/\/api.w.org\/{rel}","templated":true}]}}