{"id":9099,"date":"2022-07-12T07:39:49","date_gmt":"2022-07-12T07:39:49","guid":{"rendered":"https:\/\/geemarc.com\/de\/?post_type=product&#038;p=9099"},"modified":"2025-06-05T12:35:04","modified_gmt":"2025-06-05T12:35:04","slug":"cl8600","status":"publish","type":"product","link":"https:\/\/geemarc.com\/de\/produkt\/cl8600\/","title":{"rendered":"CL8600"},"content":{"rendered":"<p><strong>ANRUFEN\/ANRUFE ENTGEGENNEHMEN<\/strong><\/p>\n<ul>\n<li>H\u00f6rger\u00e4tekompatibel M4\/T4<\/li>\n<li>Maximale Empfangslautst\u00e4rke: 40dB mit + und &#8211; Tasten<\/li>\n<li>Zwei Kurzwahltasten: M1, M2<\/li>\n<li>Tastatur\n<ul>\n<li>Gro\u00dfe Tasten<\/li>\n<li>Sprechende Tastatur<\/li>\n<li>Wei\u00dfe Hintergrundbeleuchtung<\/li>\n<li>Hoher Kontrast<\/li>\n<\/ul>\n<\/li>\n<li>Telefonbuch: 2.000 Kontakte auf dem Telefon, 250 Kontakte auf der SIM-Karte<\/li>\n<li>Schnellzugrifftaste auf das Men\u00fc<\/li>\n<li>Nachricht bei verpasstem Anruf und Anzeige \u00fcber Nachricht auf dem Anrufbeantworter<\/li>\n<li>Stummfunktion<\/li>\n<\/ul>\n<p>&nbsp;<\/p>\n<p><strong>LCD DISPLAY<\/strong><\/p>\n<ul>\n<li>LCD Farbbildschirm -2.8&#8243;<\/li>\n<li>16 Sprachen: Englisch, Franz\u00f6sisch, Deutsch, Niederl\u00e4ndisch, Spanisch, Italienisch, Portugiesisch, D\u00e4nisch, Norwegisch, Schwedisch, Finnisch, Polnisch, Ungarisch, Hebr\u00e4isch, vereinfachtes und traditionelles Chinesisch<\/li>\n<li>Navigationsmen\u00fc<\/li>\n<li>Datum- &amp; Zeiteinstellung<\/li>\n<li>Anzeige der Gespr\u00e4chszeit<\/li>\n<\/ul>\n<p>&nbsp;<\/p>\n<p><strong>SPRECHENDES TELEFON<\/strong><\/p>\n<ul>\n<li>Sprachansage bei eingehendem Anruf<\/li>\n<li>Tastatur verf\u00fcgt \u00fcber 16 Sprachen (s. \u201eLCD Display&#8221;)<\/li>\n<\/ul>\n<p>&nbsp;<\/p>\n<p><strong>NOTRUFFUNKTION<\/strong><\/p>\n<ul>\n<li>SOS-Taste zum Ausl\u00f6sen eines Notrufs<\/li>\n<li>F\u00fcnf programmierbare Notrufnummern<\/li>\n<li>Best\u00e4tigung des Notrufs durch ein akustisches Signal.<\/li>\n<li>Geolokalisierungssystem: Durch das W\u00e4hlen der SOS-Taste sendet das Handy automatisch eine Nachricht mit der derzeitigen GPS-Position an die eingespeicherten Notrufnummern.<\/li>\n<li>M\u00f6glichkeit, den\/die BesitzerIn des CL8600 zu lokalisieren, indem man ihr\/ihm eine SMS schickt (nur wenn die Nummer als SOS-Nummer gespeichert ist).<\/li>\n<\/ul>\n<p>&nbsp;<\/p>\n<div id=\"threesixty-slider-9104_xhuq3C\" class=\"threesixty-loading threesixty-image threesixty-dark-blue threesixty-vintage threesixty-no-border\" style=\"width: 600px;\">\r\n\t<div class=\"threesixty-preview-9104_xhuq3C\"><img class=\"threesixty-preview-image\" src=\"https:\/\/geemarc.com\/de\/wp-content\/uploads\/sites\/5\/2022\/07\/DSC_0082.jpg\"\/><\/div>\r\n\t<div class=\"threesixty-spinner threesixty-spinner-9104_xhuq3C\">\r\n\t\t<span>0%<\/span>\r\n\t<\/div>\r\n\t<ol class=\"threesixty-images threesixty-images-9104_xhuq3C\"><\/ol>\r\n\t\t\t<a href=\"#threesixty-slider-9104_xhuq3C\" class=\"threesixty-mfp-anchor\"><\/a>\r\n\t<\/div>\r\n<!--SPV--><script type=\"text\/javascript\">\/\/SPV\r\n(function($) {\r\n\t\t$('#threesixty-slider-9104_xhuq3C .threesixty-mfp-anchor').magnificPopup({\r\n\t\ttype:'inline',\r\n\t\tcloseOnBgClick: true,\r\n\t\tmidClick: true,\r\n\t\t\/\/removalDelay: 300,\r\n  \t\t\/\/mainClass: 'mfp-fade',\r\n\t\tcallbacks: {\r\n\t\t\t resize: function() {\r\n\t\t\t \tvar originalHeight \t= 424,\r\n\t\t\t \t\toriginalWidth \t= 600,\r\n\t\t\t \t\tmfpHeight \t\t= 424,\r\n\t\t\t \t\tmfpWidth \t\t= 600,\r\n\t\t\t \t\tratio \t\t\t= originalWidth \/ originalHeight,\r\n\t\t\t \t\twinHeight \t\t= $(window).height(),\r\n\t\t\t \t\twinWidth \t\t= $(window).width();\r\n\t\t\t \t\r\n\t\t\t \tif ( originalHeight > winHeight * 0.9 ) {\r\n\t\t\t \t\tmfpHeight \t\t= winHeight * 0.9;\r\n\t\t\t \t\tmfpWidth \t\t= mfpHeight * ratio;\r\n\t\t\t\t}\r\n\t\t\t\tif ( mfpWidth > winWidth * 0.9 ) {\r\n\t\t\t \t\tmfpWidth \t\t= winWidth * 0.9;\r\n\t\t\t \t\tmfpHeight \t\t= mfpWidth \/ ratio;\r\n\t\t\t\t}\r\n\t\t\t \tif ( mfpHeight < originalHeight && mfpWidth < originalWidth ) {\r\n\t\t\t\t    $('#threesixty-slider-9104_xhuq3C').height(mfpHeight);\r\n\t\t\t\t    $('#threesixty-slider-9104_xhuq3C').width(mfpWidth);\r\n\t\t\t\t} \r\n\t\t\t\telse {\r\n\t\t\t\t    $('#threesixty-slider-9104_xhuq3C').height(originalHeight);\r\n\t\t\t\t    $('#threesixty-slider-9104_xhuq3C').width(originalWidth);\r\n\t\t\t\t}\r\n\t\t\t},\r\n\t\t\tclose: function() {\r\n\t\t\t    $('#threesixty-slider-9104_xhuq3C').height('auto');\r\n\t\t\t    $('#threesixty-slider-9104_xhuq3C').width(600);\r\n\t\t\t}\r\n\t\t},\r\n\t\tcloseMarkup :\"<button class=\\\"mfp-close\\\"><\/button>\"\r\n\t});\r\n\t\tvar product_9104_xhuq3C = $('#threesixty-slider-9104_xhuq3C').ThreeSixty({\r\n\t\ttotalFrames: 36,\r\n\t\tendFrame: 0,\r\n\t\tcurrentFrame: 36,\r\n\t\timgList: '.threesixty-images-9104_xhuq3C',\r\n\t\tprogress: '.threesixty-spinner-9104_xhuq3C',\r\n\t\tpreview: '.threesixty-preview-9104_xhuq3C',\r\n\t\timages: ['https:\/\/geemarc.com\/de\/wp-content\/uploads\/sites\/5\/2022\/07\/DSC_0117.jpg','https:\/\/geemarc.com\/de\/wp-content\/uploads\/sites\/5\/2022\/07\/DSC_0116.jpg','https:\/\/geemarc.com\/de\/wp-content\/uploads\/sites\/5\/2022\/07\/DSC_0115.jpg','https:\/\/geemarc.com\/de\/wp-content\/uploads\/sites\/5\/2022\/07\/DSC_0114.jpg','https:\/\/geemarc.com\/de\/wp-content\/uploads\/sites\/5\/2022\/07\/DSC_0113.jpg','https:\/\/geemarc.com\/de\/wp-content\/uploads\/sites\/5\/2022\/07\/DSC_0112.jpg','https:\/\/geemarc.com\/de\/wp-content\/uploads\/sites\/5\/2022\/07\/DSC_0111.jpg','https:\/\/geemarc.com\/de\/wp-content\/uploads\/sites\/5\/2022\/07\/DSC_0110.jpg','https:\/\/geemarc.com\/de\/wp-content\/uploads\/sites\/5\/2022\/07\/DSC_0109.jpg','https:\/\/geemarc.com\/de\/wp-content\/uploads\/sites\/5\/2022\/07\/DSC_0108.jpg','https:\/\/geemarc.com\/de\/wp-content\/uploads\/sites\/5\/2022\/07\/DSC_0107.jpg','https:\/\/geemarc.com\/de\/wp-content\/uploads\/sites\/5\/2022\/07\/DSC_0106.jpg','https:\/\/geemarc.com\/de\/wp-content\/uploads\/sites\/5\/2022\/07\/DSC_0105.jpg','https:\/\/geemarc.com\/de\/wp-content\/uploads\/sites\/5\/2022\/07\/DSC_0104.jpg','https:\/\/geemarc.com\/de\/wp-content\/uploads\/sites\/5\/2022\/07\/DSC_0103.jpg','https:\/\/geemarc.com\/de\/wp-content\/uploads\/sites\/5\/2022\/07\/DSC_0102.jpg','https:\/\/geemarc.com\/de\/wp-content\/uploads\/sites\/5\/2022\/07\/DSC_0101.jpg','https:\/\/geemarc.com\/de\/wp-content\/uploads\/sites\/5\/2022\/07\/DSC_0100.jpg','https:\/\/geemarc.com\/de\/wp-content\/uploads\/sites\/5\/2022\/07\/DSC_0099.jpg','https:\/\/geemarc.com\/de\/wp-content\/uploads\/sites\/5\/2022\/07\/DSC_0098.jpg','https:\/\/geemarc.com\/de\/wp-content\/uploads\/sites\/5\/2022\/07\/DSC_0097.jpg','https:\/\/geemarc.com\/de\/wp-content\/uploads\/sites\/5\/2022\/07\/DSC_0096.jpg','https:\/\/geemarc.com\/de\/wp-content\/uploads\/sites\/5\/2022\/07\/DSC_0095.jpg','https:\/\/geemarc.com\/de\/wp-content\/uploads\/sites\/5\/2022\/07\/DSC_0094.jpg','https:\/\/geemarc.com\/de\/wp-content\/uploads\/sites\/5\/2022\/07\/DSC_0093.jpg','https:\/\/geemarc.com\/de\/wp-content\/uploads\/sites\/5\/2022\/07\/DSC_0092.jpg','https:\/\/geemarc.com\/de\/wp-content\/uploads\/sites\/5\/2022\/07\/DSC_0091.jpg','https:\/\/geemarc.com\/de\/wp-content\/uploads\/sites\/5\/2022\/07\/DSC_0090.jpg','https:\/\/geemarc.com\/de\/wp-content\/uploads\/sites\/5\/2022\/07\/DSC_0089.jpg','https:\/\/geemarc.com\/de\/wp-content\/uploads\/sites\/5\/2022\/07\/DSC_0088.jpg','https:\/\/geemarc.com\/de\/wp-content\/uploads\/sites\/5\/2022\/07\/DSC_0087.jpg','https:\/\/geemarc.com\/de\/wp-content\/uploads\/sites\/5\/2022\/07\/DSC_0086.jpg','https:\/\/geemarc.com\/de\/wp-content\/uploads\/sites\/5\/2022\/07\/DSC_0085.jpg','https:\/\/geemarc.com\/de\/wp-content\/uploads\/sites\/5\/2022\/07\/DSC_0084.jpg','https:\/\/geemarc.com\/de\/wp-content\/uploads\/sites\/5\/2022\/07\/DSC_0083.jpg','https:\/\/geemarc.com\/de\/wp-content\/uploads\/sites\/5\/2022\/07\/DSC_0082.jpg'],\r\n\t\theight: 0,\r\n\t\twidth: 600,\r\n\t\tnavigation: true,\r\n\t\tdrag: true,\r\n\t\tshowCursor: true,\r\n\t\tinterval: 120,\r\n\t\tspeedMultiplier: 3,\r\n\t\t\t\tstartAutoplay: true,\r\n\t\t\t\tonReady: function() {\r\n\t\t\t$(\"#threesixty-slider-9104_xhuq3C\").removeClass('threesixty-loading');\r\n\t\t\t\t\t\tproduct_9104_xhuq3C.play();\r\n\t\t\t\t\t\t\t\t}\r\n\t\t\t});\r\n\t\t\t}(jQuery));\r\n<\/script>\n","protected":false},"excerpt":{"rendered":"<p>Verst\u00e4rktes 4G-Handy mit gro\u00dfem Display und Kamera<\/p>\n","protected":false},"featured_media":9097,"template":"","meta":[],"product_cat":[129],"product_tag":[],"yoast_head":"<!-- This site is optimized with the Yoast SEO plugin v16.9 - https:\/\/yoast.com\/wordpress\/plugins\/seo\/ -->\n<title>CL8600 - Geemarc Germany<\/title>\n<meta name=\"robots\" content=\"index, follow, max-snippet:-1, max-image-preview:large, max-video-preview:-1\" \/>\n<link rel=\"canonical\" href=\"https:\/\/geemarc.com\/de\/produkt\/cl8600\/\" \/>\n<meta property=\"og:locale\" content=\"de_DE\" \/>\n<meta property=\"og:type\" content=\"article\" \/>\n<meta property=\"og:title\" content=\"CL8600 - Geemarc Germany\" \/>\n<meta property=\"og:description\" content=\"Verst\u00e4rktes 4G-Handy mit gro\u00dfem Display und Kamera\" \/>\n<meta property=\"og:url\" content=\"https:\/\/geemarc.com\/de\/produkt\/cl8600\/\" \/>\n<meta property=\"og:site_name\" content=\"Geemarc Germany\" \/>\n<meta property=\"article:modified_time\" content=\"2025-06-05T12:35:04+00:00\" \/>\n<meta property=\"og:image\" content=\"https:\/\/geemarc.com\/de\/wp-content\/uploads\/sites\/5\/2022\/07\/CL8600-4_screen-on-scaled.jpg\" \/>\n\t<meta property=\"og:image:width\" content=\"1739\" \/>\n\t<meta property=\"og:image:height\" content=\"2560\" \/>\n<meta name=\"twitter:card\" content=\"summary_large_image\" \/>\n<meta name=\"twitter:label1\" content=\"Gesch\u00e4tzte Lesezeit\" \/>\n\t<meta name=\"twitter:data1\" content=\"1\u00a0Minute\" \/>\n<script type=\"application\/ld+json\" class=\"yoast-schema-graph\">{\"@context\":\"https:\/\/schema.org\",\"@graph\":[{\"@type\":\"WebSite\",\"@id\":\"https:\/\/geemarc.com\/de\/#website\",\"url\":\"https:\/\/geemarc.com\/de\/\",\"name\":\"Geemarc Germany\",\"description\":\"\",\"potentialAction\":[{\"@type\":\"SearchAction\",\"target\":{\"@type\":\"EntryPoint\",\"urlTemplate\":\"https:\/\/geemarc.com\/de\/?s={search_term_string}\"},\"query-input\":\"required name=search_term_string\"}],\"inLanguage\":\"de\"},{\"@type\":\"ImageObject\",\"@id\":\"https:\/\/geemarc.com\/de\/produkt\/cl8600\/#primaryimage\",\"inLanguage\":\"de\",\"url\":\"https:\/\/geemarc.com\/de\/wp-content\/uploads\/sites\/5\/2022\/07\/CL8600-4_screen-on-scaled.jpg\",\"contentUrl\":\"https:\/\/geemarc.com\/de\/wp-content\/uploads\/sites\/5\/2022\/07\/CL8600-4_screen-on-scaled.jpg\",\"width\":1739,\"height\":2560,\"caption\":\"Verst\\u00e4rktes 4G-Handy mit gro\\u00dfem Display und Kamera\"},{\"@type\":\"WebPage\",\"@id\":\"https:\/\/geemarc.com\/de\/produkt\/cl8600\/#webpage\",\"url\":\"https:\/\/geemarc.com\/de\/produkt\/cl8600\/\",\"name\":\"CL8600 - Geemarc Germany\",\"isPartOf\":{\"@id\":\"https:\/\/geemarc.com\/de\/#website\"},\"primaryImageOfPage\":{\"@id\":\"https:\/\/geemarc.com\/de\/produkt\/cl8600\/#primaryimage\"},\"datePublished\":\"2022-07-12T07:39:49+00:00\",\"dateModified\":\"2025-06-05T12:35:04+00:00\",\"breadcrumb\":{\"@id\":\"https:\/\/geemarc.com\/de\/produkt\/cl8600\/#breadcrumb\"},\"inLanguage\":\"de\",\"potentialAction\":[{\"@type\":\"ReadAction\",\"target\":[\"https:\/\/geemarc.com\/de\/produkt\/cl8600\/\"]}]},{\"@type\":\"BreadcrumbList\",\"@id\":\"https:\/\/geemarc.com\/de\/produkt\/cl8600\/#breadcrumb\",\"itemListElement\":[{\"@type\":\"ListItem\",\"position\":1,\"name\":\"Home\",\"item\":\"https:\/\/geemarc.com\/de\/\"},{\"@type\":\"ListItem\",\"position\":2,\"name\":\"Shop\",\"item\":\"https:\/\/geemarc.com\/de\/shop\/\"},{\"@type\":\"ListItem\",\"position\":3,\"name\":\"CL8600\"}]}]}<\/script>\n<!-- \/ Yoast SEO plugin. -->","yoast_head_json":{"title":"CL8600 - Geemarc Germany","robots":{"index":"index","follow":"follow","max-snippet":"max-snippet:-1","max-image-preview":"max-image-preview:large","max-video-preview":"max-video-preview:-1"},"canonical":"https:\/\/geemarc.com\/de\/produkt\/cl8600\/","og_locale":"de_DE","og_type":"article","og_title":"CL8600 - Geemarc Germany","og_description":"Verst\u00e4rktes 4G-Handy mit gro\u00dfem Display und Kamera","og_url":"https:\/\/geemarc.com\/de\/produkt\/cl8600\/","og_site_name":"Geemarc Germany","article_modified_time":"2025-06-05T12:35:04+00:00","og_image":[{"width":1739,"height":2560,"url":"https:\/\/geemarc.com\/de\/wp-content\/uploads\/sites\/5\/2022\/07\/CL8600-4_screen-on-scaled.jpg","path":"\/home\/g\/e\/geemarcwp\/public_html\/wp-content\/uploads\/sites\/5\/2022\/07\/CL8600-4_screen-on-scaled.jpg","size":"full","id":9097,"alt":"Verst\u00e4rktes 4G-Handy mit gro\u00dfem Display und Kamera","pixels":4451840,"type":"image\/jpeg"}],"twitter_card":"summary_large_image","twitter_misc":{"Gesch\u00e4tzte Lesezeit":"1\u00a0Minute"},"schema":{"@context":"https:\/\/schema.org","@graph":[{"@type":"WebSite","@id":"https:\/\/geemarc.com\/de\/#website","url":"https:\/\/geemarc.com\/de\/","name":"Geemarc Germany","description":"","potentialAction":[{"@type":"SearchAction","target":{"@type":"EntryPoint","urlTemplate":"https:\/\/geemarc.com\/de\/?s={search_term_string}"},"query-input":"required name=search_term_string"}],"inLanguage":"de"},{"@type":"ImageObject","@id":"https:\/\/geemarc.com\/de\/produkt\/cl8600\/#primaryimage","inLanguage":"de","url":"https:\/\/geemarc.com\/de\/wp-content\/uploads\/sites\/5\/2022\/07\/CL8600-4_screen-on-scaled.jpg","contentUrl":"https:\/\/geemarc.com\/de\/wp-content\/uploads\/sites\/5\/2022\/07\/CL8600-4_screen-on-scaled.jpg","width":1739,"height":2560,"caption":"Verst\u00e4rktes 4G-Handy mit gro\u00dfem Display und Kamera"},{"@type":"WebPage","@id":"https:\/\/geemarc.com\/de\/produkt\/cl8600\/#webpage","url":"https:\/\/geemarc.com\/de\/produkt\/cl8600\/","name":"CL8600 - Geemarc Germany","isPartOf":{"@id":"https:\/\/geemarc.com\/de\/#website"},"primaryImageOfPage":{"@id":"https:\/\/geemarc.com\/de\/produkt\/cl8600\/#primaryimage"},"datePublished":"2022-07-12T07:39:49+00:00","dateModified":"2025-06-05T12:35:04+00:00","breadcrumb":{"@id":"https:\/\/geemarc.com\/de\/produkt\/cl8600\/#breadcrumb"},"inLanguage":"de","potentialAction":[{"@type":"ReadAction","target":["https:\/\/geemarc.com\/de\/produkt\/cl8600\/"]}]},{"@type":"BreadcrumbList","@id":"https:\/\/geemarc.com\/de\/produkt\/cl8600\/#breadcrumb","itemListElement":[{"@type":"ListItem","position":1,"name":"Home","item":"https:\/\/geemarc.com\/de\/"},{"@type":"ListItem","position":2,"name":"Shop","item":"https:\/\/geemarc.com\/de\/shop\/"},{"@type":"ListItem","position":3,"name":"CL8600"}]}]}},"acf":[],"_links":{"self":[{"href":"https:\/\/geemarc.com\/de\/wp-json\/wp\/v2\/product\/9099"}],"collection":[{"href":"https:\/\/geemarc.com\/de\/wp-json\/wp\/v2\/product"}],"about":[{"href":"https:\/\/geemarc.com\/de\/wp-json\/wp\/v2\/types\/product"}],"wp:featuredmedia":[{"embeddable":true,"href":"https:\/\/geemarc.com\/de\/wp-json\/wp\/v2\/media\/9097"}],"wp:attachment":[{"href":"https:\/\/geemarc.com\/de\/wp-json\/wp\/v2\/media?parent=9099"}],"wp:term":[{"taxonomy":"product_cat","embeddable":true,"href":"https:\/\/geemarc.com\/de\/wp-json\/wp\/v2\/product_cat?post=9099"},{"taxonomy":"product_tag","embeddable":true,"href":"https:\/\/geemarc.com\/de\/wp-json\/wp\/v2\/product_tag?post=9099"}],"curies":[{"name":"wp","href":"https:\/\/api.w.org\/{rel}","templated":true}]}}