{"id":9507,"date":"2023-02-08T15:56:08","date_gmt":"2023-02-08T15:56:08","guid":{"rendered":"https:\/\/geemarc.com\/de\/?post_type=product&#038;p=9507"},"modified":"2025-07-11T06:52:07","modified_gmt":"2025-07-11T06:52:07","slug":"amplicall-sentinel","status":"publish","type":"product","link":"https:\/\/geemarc.com\/de\/produkt\/amplicall-sentinel\/","title":{"rendered":"AMPLICALL SENTINEL"},"content":{"rendered":"<p><strong>FUNKTIONEN<\/strong><\/p>\n<ul>\n<li>Zoom-\/Sprech-Taste: einmal dr\u00fccken f\u00fcr Zoom (x2), gedr\u00fcckt halten zum Sprechen<\/li>\n<li><strong>Rotationsfunktion:<\/strong> Kamera steht auf dem Kopf, aber auf dem Bildschirm wird das Video in der korrekten Richtung gezeigt.<\/li>\n<li><strong>Bewegungsmelder:<\/strong> Alarm wird bei Erkennung einer Bewegung ausgel\u00f6st.<\/li>\n<li><strong>Temperaturanzeige:<\/strong> Einstellung einer Temperaturbegrenzung zwischen 0\u00b0C und 40\u00b0C. Ausl\u00f6sung eines Alarms bei Unter-\/\u00dcberschreitung.<\/li>\n<li><strong>Ger\u00e4uscherkennung:<\/strong> Drei Stufen, um zu verhindern, dass Stra\u00dfenl\u00e4rm erkannt<\/li>\n<li><strong>Mahlzeiterinnerung: <\/strong>mit Timer als Balken auf dem Bildschirm<\/li>\n<li><strong>Batteriesparmodus:<\/strong> Bildschirm schaltet sich nach 10 Sek. Inaktivit\u00e4t (keine Bewegung, Ger\u00e4usche oder Temperatur\u00e4nderungen) aus.<\/li>\n<li>Vier Melodien<\/li>\n<li>Hohe Lautst\u00e4rke, einstellbar \u00fcber +\/- Tasten<\/li>\n<li>Blitzlicht<\/li>\n<li>ON\/OFF-Knopf<\/li>\n<li>Navigationstaste ^ \u02c5 &gt; &lt;<\/li>\n<li>F\u00fcnf Helligkeitsstufen<\/li>\n<li>Datums- und Uhrzeitanzeige<\/li>\n<li>Anzeige der Temperatur in Celsius oder Fahrenheit<\/li>\n<li>Anzeige bei niedriger Batterie<\/li>\n<li>Kamera Nachtmodus<\/li>\n<li>Vibrationskissen<\/li>\n<li>Ausw\u00e4hlbare Sprachen: Englisch, Franz\u00f6sisch, Deutsch, Spanisch, Niederl\u00e4ndisch.<\/li>\n<li>Bis zu vier Kameras anschlie\u00dfbar<\/li>\n<\/ul>\n<p>&nbsp;<\/p>\n<p><strong>TECHNISCHE ANGABEN<\/strong><\/p>\n<ul>\n<li>Einhaltung der Normen CE, UKCA, FCC, IC<\/li>\n<li>Frequenz: FHSS 2,4 GHz<\/li>\n<\/ul>\n<p><strong><u>Bildschirm<\/u><\/strong><\/p>\n<ul>\n<li>LCD: 4,3 Zoll TFT<\/li>\n<li>Bildschirmaufl\u00f6sung: 480&#215;272 Pixel<\/li>\n<li>Batterie: Li-Ion 3300 mAh<\/li>\n<li>Anschluss: 5 VDC\/1,5 A<\/li>\n<\/ul>\n<p><strong><u>Kamera<\/u><\/strong><\/p>\n<ul>\n<li>Verbindung: FHSS 2,4 G<\/li>\n<li>Aufl\u00f6sung: 0,3 Megapixel<\/li>\n<li>Anschluss: 5 VDC\/1 A<\/li>\n<li>Lichtsensor<\/li>\n<li>Temperatursensor<\/li>\n<\/ul>\n<p>&nbsp;<\/p>\n<p>&nbsp;<\/p>\n<div id=\"threesixty-slider-9470_qQD2x8\" class=\"threesixty-loading threesixty-image threesixty-dark-blue threesixty-vintage threesixty-no-border\" style=\"width: 800px;\">\r\n\t<div class=\"threesixty-preview-9470_qQD2x8\"><img class=\"threesixty-preview-image\" src=\"https:\/\/geemarc.com\/de\/wp-content\/uploads\/sites\/5\/2023\/02\/DSC_0333.jpg\"\/><\/div>\r\n\t<div class=\"threesixty-spinner threesixty-spinner-9470_qQD2x8\">\r\n\t\t<span>0%<\/span>\r\n\t<\/div>\r\n\t<ol class=\"threesixty-images threesixty-images-9470_qQD2x8\"><\/ol>\r\n\t\t\t<a href=\"#threesixty-slider-9470_qQD2x8\" class=\"threesixty-mfp-anchor\"><\/a>\r\n\t<\/div>\r\n<!--SPV--><script type=\"text\/javascript\">\/\/SPV\r\n(function($) {\r\n\t\t$('#threesixty-slider-9470_qQD2x8 .threesixty-mfp-anchor').magnificPopup({\r\n\t\ttype:'inline',\r\n\t\tcloseOnBgClick: true,\r\n\t\tmidClick: true,\r\n\t\t\/\/removalDelay: 300,\r\n  \t\t\/\/mainClass: 'mfp-fade',\r\n\t\tcallbacks: {\r\n\t\t\t resize: function() {\r\n\t\t\t \tvar originalHeight \t= 671,\r\n\t\t\t \t\toriginalWidth \t= 800,\r\n\t\t\t \t\tmfpHeight \t\t= 671,\r\n\t\t\t \t\tmfpWidth \t\t= 800,\r\n\t\t\t \t\tratio \t\t\t= originalWidth \/ originalHeight,\r\n\t\t\t \t\twinHeight \t\t= $(window).height(),\r\n\t\t\t \t\twinWidth \t\t= $(window).width();\r\n\t\t\t \t\r\n\t\t\t \tif ( originalHeight > winHeight * 0.9 ) {\r\n\t\t\t \t\tmfpHeight \t\t= winHeight * 0.9;\r\n\t\t\t \t\tmfpWidth \t\t= mfpHeight * ratio;\r\n\t\t\t\t}\r\n\t\t\t\tif ( mfpWidth > winWidth * 0.9 ) {\r\n\t\t\t \t\tmfpWidth \t\t= winWidth * 0.9;\r\n\t\t\t \t\tmfpHeight \t\t= mfpWidth \/ ratio;\r\n\t\t\t\t}\r\n\t\t\t \tif ( mfpHeight < originalHeight && mfpWidth < originalWidth ) {\r\n\t\t\t\t    $('#threesixty-slider-9470_qQD2x8').height(mfpHeight);\r\n\t\t\t\t    $('#threesixty-slider-9470_qQD2x8').width(mfpWidth);\r\n\t\t\t\t} \r\n\t\t\t\telse {\r\n\t\t\t\t    $('#threesixty-slider-9470_qQD2x8').height(originalHeight);\r\n\t\t\t\t    $('#threesixty-slider-9470_qQD2x8').width(originalWidth);\r\n\t\t\t\t}\r\n\t\t\t},\r\n\t\t\tclose: function() {\r\n\t\t\t    $('#threesixty-slider-9470_qQD2x8').height('auto');\r\n\t\t\t    $('#threesixty-slider-9470_qQD2x8').width(800);\r\n\t\t\t}\r\n\t\t},\r\n\t\tcloseMarkup :\"<button class=\\\"mfp-close\\\"><\/button>\"\r\n\t});\r\n\t\tvar product_9470_qQD2x8 = $('#threesixty-slider-9470_qQD2x8').ThreeSixty({\r\n\t\ttotalFrames: 36,\r\n\t\tendFrame: 0,\r\n\t\tcurrentFrame: 36,\r\n\t\timgList: '.threesixty-images-9470_qQD2x8',\r\n\t\tprogress: '.threesixty-spinner-9470_qQD2x8',\r\n\t\tpreview: '.threesixty-preview-9470_qQD2x8',\r\n\t\timages: ['https:\/\/geemarc.com\/de\/wp-content\/uploads\/sites\/5\/2023\/02\/DSC_0332.jpg','https:\/\/geemarc.com\/de\/wp-content\/uploads\/sites\/5\/2023\/02\/DSC_0367.jpg','https:\/\/geemarc.com\/de\/wp-content\/uploads\/sites\/5\/2023\/02\/DSC_0366.jpg','https:\/\/geemarc.com\/de\/wp-content\/uploads\/sites\/5\/2023\/02\/DSC_0365.jpg','https:\/\/geemarc.com\/de\/wp-content\/uploads\/sites\/5\/2023\/02\/DSC_0364.jpg','https:\/\/geemarc.com\/de\/wp-content\/uploads\/sites\/5\/2023\/02\/DSC_0363.jpg','https:\/\/geemarc.com\/de\/wp-content\/uploads\/sites\/5\/2023\/02\/DSC_0362.jpg','https:\/\/geemarc.com\/de\/wp-content\/uploads\/sites\/5\/2023\/02\/DSC_0361.jpg','https:\/\/geemarc.com\/de\/wp-content\/uploads\/sites\/5\/2023\/02\/DSC_0360.jpg','https:\/\/geemarc.com\/de\/wp-content\/uploads\/sites\/5\/2023\/02\/DSC_0359.jpg','https:\/\/geemarc.com\/de\/wp-content\/uploads\/sites\/5\/2023\/02\/DSC_0358.jpg','https:\/\/geemarc.com\/de\/wp-content\/uploads\/sites\/5\/2023\/02\/DSC_0357.jpg','https:\/\/geemarc.com\/de\/wp-content\/uploads\/sites\/5\/2023\/02\/DSC_0356.jpg','https:\/\/geemarc.com\/de\/wp-content\/uploads\/sites\/5\/2023\/02\/DSC_0355.jpg','https:\/\/geemarc.com\/de\/wp-content\/uploads\/sites\/5\/2023\/02\/DSC_0354.jpg','https:\/\/geemarc.com\/de\/wp-content\/uploads\/sites\/5\/2023\/02\/DSC_0353.jpg','https:\/\/geemarc.com\/de\/wp-content\/uploads\/sites\/5\/2023\/02\/DSC_0352.jpg','https:\/\/geemarc.com\/de\/wp-content\/uploads\/sites\/5\/2023\/02\/DSC_0351.jpg','https:\/\/geemarc.com\/de\/wp-content\/uploads\/sites\/5\/2023\/02\/DSC_0350.jpg','https:\/\/geemarc.com\/de\/wp-content\/uploads\/sites\/5\/2023\/02\/DSC_0349.jpg','https:\/\/geemarc.com\/de\/wp-content\/uploads\/sites\/5\/2023\/02\/DSC_0348.jpg','https:\/\/geemarc.com\/de\/wp-content\/uploads\/sites\/5\/2023\/02\/DSC_0347.jpg','https:\/\/geemarc.com\/de\/wp-content\/uploads\/sites\/5\/2023\/02\/DSC_0346.jpg','https:\/\/geemarc.com\/de\/wp-content\/uploads\/sites\/5\/2023\/02\/DSC_0345.jpg','https:\/\/geemarc.com\/de\/wp-content\/uploads\/sites\/5\/2023\/02\/DSC_0344.jpg','https:\/\/geemarc.com\/de\/wp-content\/uploads\/sites\/5\/2023\/02\/DSC_0343.jpg','https:\/\/geemarc.com\/de\/wp-content\/uploads\/sites\/5\/2023\/02\/DSC_0342.jpg','https:\/\/geemarc.com\/de\/wp-content\/uploads\/sites\/5\/2023\/02\/DSC_0341.jpg','https:\/\/geemarc.com\/de\/wp-content\/uploads\/sites\/5\/2023\/02\/DSC_0340.jpg','https:\/\/geemarc.com\/de\/wp-content\/uploads\/sites\/5\/2023\/02\/DSC_0339.jpg','https:\/\/geemarc.com\/de\/wp-content\/uploads\/sites\/5\/2023\/02\/DSC_0338.jpg','https:\/\/geemarc.com\/de\/wp-content\/uploads\/sites\/5\/2023\/02\/DSC_0337.jpg','https:\/\/geemarc.com\/de\/wp-content\/uploads\/sites\/5\/2023\/02\/DSC_0336.jpg','https:\/\/geemarc.com\/de\/wp-content\/uploads\/sites\/5\/2023\/02\/DSC_0335.jpg','https:\/\/geemarc.com\/de\/wp-content\/uploads\/sites\/5\/2023\/02\/DSC_0334.jpg','https:\/\/geemarc.com\/de\/wp-content\/uploads\/sites\/5\/2023\/02\/DSC_0333.jpg'],\r\n\t\theight: 0,\r\n\t\twidth: 800,\r\n\t\tnavigation: true,\r\n\t\tdrag: true,\r\n\t\tshowCursor: true,\r\n\t\tinterval: 120,\r\n\t\tspeedMultiplier: 3,\r\n\t\t\t\tstartAutoplay: true,\r\n\t\t\t\tonReady: function() {\r\n\t\t\t$(\"#threesixty-slider-9470_qQD2x8\").removeClass('threesixty-loading');\r\n\t\t\t\t\t\tproduct_9470_qQD2x8.play();\r\n\t\t\t\t\t\t\t\t}\r\n\t\t\t});\r\n\t\t\t}(jQuery));\r\n<\/script>\n","protected":false},"excerpt":{"rendered":"<p>Video Babyphone mit Vibrationskissen<\/p>\n","protected":false},"featured_media":9515,"template":"","meta":[],"product_cat":[155,144],"product_tag":[],"yoast_head":"<!-- This site is optimized with the Yoast SEO plugin v16.9 - https:\/\/yoast.com\/wordpress\/plugins\/seo\/ -->\n<title>AMPLICALL SENTINEL - Geemarc Germany<\/title>\n<meta name=\"robots\" content=\"index, follow, max-snippet:-1, max-image-preview:large, max-video-preview:-1\" \/>\n<link rel=\"canonical\" href=\"https:\/\/geemarc.com\/de\/produkt\/amplicall-sentinel\/\" \/>\n<meta property=\"og:locale\" content=\"de_DE\" \/>\n<meta property=\"og:type\" content=\"article\" \/>\n<meta property=\"og:title\" content=\"AMPLICALL SENTINEL - Geemarc Germany\" \/>\n<meta property=\"og:description\" content=\"Video Babyphone mit Vibrationskissen\" \/>\n<meta property=\"og:url\" content=\"https:\/\/geemarc.com\/de\/produkt\/amplicall-sentinel\/\" \/>\n<meta property=\"og:site_name\" content=\"Geemarc Germany\" \/>\n<meta property=\"article:modified_time\" content=\"2025-07-11T06:52:07+00:00\" \/>\n<meta property=\"og:image\" content=\"https:\/\/geemarc.com\/de\/wp-content\/uploads\/sites\/5\/2023\/02\/AMPLICALL-SENTINEL_screen-and-cam-on-standcushion-scaled.jpg\" \/>\n\t<meta property=\"og:image:width\" content=\"2560\" \/>\n\t<meta property=\"og:image:height\" content=\"1543\" \/>\n<meta name=\"twitter:card\" content=\"summary_large_image\" \/>\n<meta name=\"twitter:label1\" content=\"Gesch\u00e4tzte Lesezeit\" \/>\n\t<meta name=\"twitter:data1\" content=\"1\u00a0Minute\" \/>\n<script type=\"application\/ld+json\" class=\"yoast-schema-graph\">{\"@context\":\"https:\/\/schema.org\",\"@graph\":[{\"@type\":\"WebSite\",\"@id\":\"https:\/\/geemarc.com\/de\/#website\",\"url\":\"https:\/\/geemarc.com\/de\/\",\"name\":\"Geemarc Germany\",\"description\":\"\",\"potentialAction\":[{\"@type\":\"SearchAction\",\"target\":{\"@type\":\"EntryPoint\",\"urlTemplate\":\"https:\/\/geemarc.com\/de\/?s={search_term_string}\"},\"query-input\":\"required name=search_term_string\"}],\"inLanguage\":\"de\"},{\"@type\":\"ImageObject\",\"@id\":\"https:\/\/geemarc.com\/de\/produkt\/amplicall-sentinel\/#primaryimage\",\"inLanguage\":\"de\",\"url\":\"https:\/\/geemarc.com\/de\/wp-content\/uploads\/sites\/5\/2023\/02\/AMPLICALL-SENTINEL_screen-and-cam-on-standcushion-scaled.jpg\",\"contentUrl\":\"https:\/\/geemarc.com\/de\/wp-content\/uploads\/sites\/5\/2023\/02\/AMPLICALL-SENTINEL_screen-and-cam-on-standcushion-scaled.jpg\",\"width\":2560,\"height\":1543},{\"@type\":\"WebPage\",\"@id\":\"https:\/\/geemarc.com\/de\/produkt\/amplicall-sentinel\/#webpage\",\"url\":\"https:\/\/geemarc.com\/de\/produkt\/amplicall-sentinel\/\",\"name\":\"AMPLICALL SENTINEL - Geemarc Germany\",\"isPartOf\":{\"@id\":\"https:\/\/geemarc.com\/de\/#website\"},\"primaryImageOfPage\":{\"@id\":\"https:\/\/geemarc.com\/de\/produkt\/amplicall-sentinel\/#primaryimage\"},\"datePublished\":\"2023-02-08T15:56:08+00:00\",\"dateModified\":\"2025-07-11T06:52:07+00:00\",\"breadcrumb\":{\"@id\":\"https:\/\/geemarc.com\/de\/produkt\/amplicall-sentinel\/#breadcrumb\"},\"inLanguage\":\"de\",\"potentialAction\":[{\"@type\":\"ReadAction\",\"target\":[\"https:\/\/geemarc.com\/de\/produkt\/amplicall-sentinel\/\"]}]},{\"@type\":\"BreadcrumbList\",\"@id\":\"https:\/\/geemarc.com\/de\/produkt\/amplicall-sentinel\/#breadcrumb\",\"itemListElement\":[{\"@type\":\"ListItem\",\"position\":1,\"name\":\"Home\",\"item\":\"https:\/\/geemarc.com\/de\/\"},{\"@type\":\"ListItem\",\"position\":2,\"name\":\"Shop\",\"item\":\"https:\/\/geemarc.com\/de\/shop\/\"},{\"@type\":\"ListItem\",\"position\":3,\"name\":\"AMPLICALL SENTINEL\"}]}]}<\/script>\n<!-- \/ Yoast SEO plugin. -->","yoast_head_json":{"title":"AMPLICALL SENTINEL - Geemarc Germany","robots":{"index":"index","follow":"follow","max-snippet":"max-snippet:-1","max-image-preview":"max-image-preview:large","max-video-preview":"max-video-preview:-1"},"canonical":"https:\/\/geemarc.com\/de\/produkt\/amplicall-sentinel\/","og_locale":"de_DE","og_type":"article","og_title":"AMPLICALL SENTINEL - Geemarc Germany","og_description":"Video Babyphone mit Vibrationskissen","og_url":"https:\/\/geemarc.com\/de\/produkt\/amplicall-sentinel\/","og_site_name":"Geemarc Germany","article_modified_time":"2025-07-11T06:52:07+00:00","og_image":[{"width":2560,"height":1543,"url":"https:\/\/geemarc.com\/de\/wp-content\/uploads\/sites\/5\/2023\/02\/AMPLICALL-SENTINEL_screen-and-cam-on-standcushion-scaled.jpg","path":"\/home\/g\/e\/geemarcwp\/public_html\/wp-content\/uploads\/sites\/5\/2023\/02\/AMPLICALL-SENTINEL_screen-and-cam-on-standcushion-scaled.jpg","size":"full","id":9515,"alt":"","pixels":3950080,"type":"image\/jpeg"}],"twitter_card":"summary_large_image","twitter_misc":{"Gesch\u00e4tzte Lesezeit":"1\u00a0Minute"},"schema":{"@context":"https:\/\/schema.org","@graph":[{"@type":"WebSite","@id":"https:\/\/geemarc.com\/de\/#website","url":"https:\/\/geemarc.com\/de\/","name":"Geemarc Germany","description":"","potentialAction":[{"@type":"SearchAction","target":{"@type":"EntryPoint","urlTemplate":"https:\/\/geemarc.com\/de\/?s={search_term_string}"},"query-input":"required name=search_term_string"}],"inLanguage":"de"},{"@type":"ImageObject","@id":"https:\/\/geemarc.com\/de\/produkt\/amplicall-sentinel\/#primaryimage","inLanguage":"de","url":"https:\/\/geemarc.com\/de\/wp-content\/uploads\/sites\/5\/2023\/02\/AMPLICALL-SENTINEL_screen-and-cam-on-standcushion-scaled.jpg","contentUrl":"https:\/\/geemarc.com\/de\/wp-content\/uploads\/sites\/5\/2023\/02\/AMPLICALL-SENTINEL_screen-and-cam-on-standcushion-scaled.jpg","width":2560,"height":1543},{"@type":"WebPage","@id":"https:\/\/geemarc.com\/de\/produkt\/amplicall-sentinel\/#webpage","url":"https:\/\/geemarc.com\/de\/produkt\/amplicall-sentinel\/","name":"AMPLICALL SENTINEL - Geemarc Germany","isPartOf":{"@id":"https:\/\/geemarc.com\/de\/#website"},"primaryImageOfPage":{"@id":"https:\/\/geemarc.com\/de\/produkt\/amplicall-sentinel\/#primaryimage"},"datePublished":"2023-02-08T15:56:08+00:00","dateModified":"2025-07-11T06:52:07+00:00","breadcrumb":{"@id":"https:\/\/geemarc.com\/de\/produkt\/amplicall-sentinel\/#breadcrumb"},"inLanguage":"de","potentialAction":[{"@type":"ReadAction","target":["https:\/\/geemarc.com\/de\/produkt\/amplicall-sentinel\/"]}]},{"@type":"BreadcrumbList","@id":"https:\/\/geemarc.com\/de\/produkt\/amplicall-sentinel\/#breadcrumb","itemListElement":[{"@type":"ListItem","position":1,"name":"Home","item":"https:\/\/geemarc.com\/de\/"},{"@type":"ListItem","position":2,"name":"Shop","item":"https:\/\/geemarc.com\/de\/shop\/"},{"@type":"ListItem","position":3,"name":"AMPLICALL SENTINEL"}]}]}},"acf":[],"_links":{"self":[{"href":"https:\/\/geemarc.com\/de\/wp-json\/wp\/v2\/product\/9507"}],"collection":[{"href":"https:\/\/geemarc.com\/de\/wp-json\/wp\/v2\/product"}],"about":[{"href":"https:\/\/geemarc.com\/de\/wp-json\/wp\/v2\/types\/product"}],"wp:featuredmedia":[{"embeddable":true,"href":"https:\/\/geemarc.com\/de\/wp-json\/wp\/v2\/media\/9515"}],"wp:attachment":[{"href":"https:\/\/geemarc.com\/de\/wp-json\/wp\/v2\/media?parent=9507"}],"wp:term":[{"taxonomy":"product_cat","embeddable":true,"href":"https:\/\/geemarc.com\/de\/wp-json\/wp\/v2\/product_cat?post=9507"},{"taxonomy":"product_tag","embeddable":true,"href":"https:\/\/geemarc.com\/de\/wp-json\/wp\/v2\/product_tag?post=9507"}],"curies":[{"name":"wp","href":"https:\/\/api.w.org\/{rel}","templated":true}]}}