{"id":9716,"date":"2023-05-05T10:27:41","date_gmt":"2023-05-05T10:27:41","guid":{"rendered":"https:\/\/geemarc.com\/de\/?post_type=product&#038;p=9716"},"modified":"2023-05-16T09:04:29","modified_gmt":"2023-05-16T09:04:29","slug":"cl610","status":"publish","type":"product","link":"https:\/\/geemarc.com\/de\/produkt\/cl610\/","title":{"rendered":"CL610"},"content":{"rendered":"<p><strong>ANRUFEN\/ANNEHMEN<\/strong><\/p>\n<ul>\n<li>H\u00f6rger\u00e4tekompatibel<\/li>\n<li>Empfangslautst\u00e4rke bis zu 40dB<\/li>\n<li>Drei Direktwahltasten mit Foto<\/li>\n<li>Telefonbuch mit bis zu 30 Eintr\u00e4gen<\/li>\n<li>Tonh\u00f6he einstellbar<\/li>\n<li>Bei eingehendem Anruf: Blitzlicht (LED) + Symbol im Display<\/li>\n<li>Freisprecheinrichtung mit LED-Anzeige<\/li>\n<li>Verst\u00e4rkertaste mit LED-Anzeige<\/li>\n<li>Blitzlicht (100 \/ 300 \/ 600 ms)<\/li>\n<li>Pause- \/ Wahlwiederholungstaste (f\u00fcnf zuletzt gew\u00e4hlte Nummern)<\/li>\n<li>Telefonbuchtaste<\/li>\n<li>Stummtaste (dr\u00fccken und gedr\u00fcckt halten)<\/li>\n<li>L\u00f6schtaste<\/li>\n<\/ul>\n<p><strong>LCD BILDSCHIRM<\/strong><\/p>\n<ul>\n<li>Wei\u00dfe Hintergrundbeleuchtung<\/li>\n<li>Gro\u00dfer Bildschirm: 80 x 34 mm \u2013 drei Zeilen<\/li>\n<li>14 Digitalzahlen, 16 Buchstaben<\/li>\n<li>Sechs w\u00e4hlbare Sprachen: Deutsch, Englisch, Franz\u00f6sisch, Italienisch, Niederl\u00e4ndisch, Spanisch.<\/li>\n<li>Navigationsmen\u00fc<\/li>\n<li>Kontrast einstellbar<\/li>\n<li>Uhrzeitanzeige (24 h)<\/li>\n<li>Anzeige der Gespr\u00e4chsdauer<\/li>\n<\/ul>\n<p>&nbsp;<\/p>\n<p><strong>SPRACHANSAGE<\/strong><\/p>\n<ul>\n<li>Ansage der gedr\u00fcckten Zifferntaste<\/li>\n<\/ul>\n<p><strong>\u00a0<\/strong><\/p>\n<p><strong>ANRUFERKENNEUNG<\/strong><\/p>\n<ul>\n<li>Name (aufnehmbar) oder Ansage der Nummer<\/li>\n<li>Permanenter Speicher der letzten 64 eingegangenen Anrufe (Datum und Uhrzeit)<\/li>\n<\/ul>\n<p>&nbsp;<\/p>\n<p><strong>NOTRUF-ARMBAND<\/strong><\/p>\n<ul>\n<li>Wasserdichtes Notrufarmband 433 MHz: Ein-Tasten-Steuerung mit LED-Anzeige<\/li>\n<li>Bis zu 30 Notrufnummern speicherbar<\/li>\n<li>Erm\u00f6glicht Anrufannahme im Freisprechmodus und Auflegen (auf Distanz im selben Raum)<\/li>\n<li>Notrufansage individualisierbar<\/li>\n<\/ul>\n<p>&nbsp;<\/p>\n<div id=\"threesixty-slider-9671_qKxVdB\" class=\"threesixty-loading threesixty-image threesixty-dark-blue threesixty-vintage threesixty-no-border\" style=\"width: 800px;\">\r\n\t<div class=\"threesixty-preview-9671_qKxVdB\"><img class=\"threesixty-preview-image\" src=\"https:\/\/geemarc.com\/de\/wp-content\/uploads\/sites\/5\/2023\/05\/DSC_0524.jpg\"\/><\/div>\r\n\t<div class=\"threesixty-spinner threesixty-spinner-9671_qKxVdB\">\r\n\t\t<span>0%<\/span>\r\n\t<\/div>\r\n\t<ol class=\"threesixty-images threesixty-images-9671_qKxVdB\"><\/ol>\r\n\t\t\t<a href=\"#threesixty-slider-9671_qKxVdB\" class=\"threesixty-mfp-anchor\"><\/a>\r\n\t<\/div>\r\n<!--SPV--><script type=\"text\/javascript\">\/\/SPV\r\n(function($) {\r\n\t\t$('#threesixty-slider-9671_qKxVdB .threesixty-mfp-anchor').magnificPopup({\r\n\t\ttype:'inline',\r\n\t\tcloseOnBgClick: true,\r\n\t\tmidClick: true,\r\n\t\t\/\/removalDelay: 300,\r\n  \t\t\/\/mainClass: 'mfp-fade',\r\n\t\tcallbacks: {\r\n\t\t\t resize: function() {\r\n\t\t\t \tvar originalHeight \t= 595,\r\n\t\t\t \t\toriginalWidth \t= 800,\r\n\t\t\t \t\tmfpHeight \t\t= 595,\r\n\t\t\t \t\tmfpWidth \t\t= 800,\r\n\t\t\t \t\tratio \t\t\t= originalWidth \/ originalHeight,\r\n\t\t\t \t\twinHeight \t\t= $(window).height(),\r\n\t\t\t \t\twinWidth \t\t= $(window).width();\r\n\t\t\t \t\r\n\t\t\t \tif ( originalHeight > winHeight * 0.9 ) {\r\n\t\t\t \t\tmfpHeight \t\t= winHeight * 0.9;\r\n\t\t\t \t\tmfpWidth \t\t= mfpHeight * ratio;\r\n\t\t\t\t}\r\n\t\t\t\tif ( mfpWidth > winWidth * 0.9 ) {\r\n\t\t\t \t\tmfpWidth \t\t= winWidth * 0.9;\r\n\t\t\t \t\tmfpHeight \t\t= mfpWidth \/ ratio;\r\n\t\t\t\t}\r\n\t\t\t \tif ( mfpHeight < originalHeight && mfpWidth < originalWidth ) {\r\n\t\t\t\t    $('#threesixty-slider-9671_qKxVdB').height(mfpHeight);\r\n\t\t\t\t    $('#threesixty-slider-9671_qKxVdB').width(mfpWidth);\r\n\t\t\t\t} \r\n\t\t\t\telse {\r\n\t\t\t\t    $('#threesixty-slider-9671_qKxVdB').height(originalHeight);\r\n\t\t\t\t    $('#threesixty-slider-9671_qKxVdB').width(originalWidth);\r\n\t\t\t\t}\r\n\t\t\t},\r\n\t\t\tclose: function() {\r\n\t\t\t    $('#threesixty-slider-9671_qKxVdB').height('auto');\r\n\t\t\t    $('#threesixty-slider-9671_qKxVdB').width(800);\r\n\t\t\t}\r\n\t\t},\r\n\t\tcloseMarkup :\"<button class=\\\"mfp-close\\\"><\/button>\"\r\n\t});\r\n\t\tvar product_9671_qKxVdB = $('#threesixty-slider-9671_qKxVdB').ThreeSixty({\r\n\t\ttotalFrames: 36,\r\n\t\tendFrame: 0,\r\n\t\tcurrentFrame: 36,\r\n\t\timgList: '.threesixty-images-9671_qKxVdB',\r\n\t\tprogress: '.threesixty-spinner-9671_qKxVdB',\r\n\t\tpreview: '.threesixty-preview-9671_qKxVdB',\r\n\t\timages: ['https:\/\/geemarc.com\/de\/wp-content\/uploads\/sites\/5\/2023\/05\/DSC_0523.jpg','https:\/\/geemarc.com\/de\/wp-content\/uploads\/sites\/5\/2023\/05\/DSC_0522.jpg','https:\/\/geemarc.com\/de\/wp-content\/uploads\/sites\/5\/2023\/05\/DSC_0557.jpg','https:\/\/geemarc.com\/de\/wp-content\/uploads\/sites\/5\/2023\/05\/DSC_0556.jpg','https:\/\/geemarc.com\/de\/wp-content\/uploads\/sites\/5\/2023\/05\/DSC_0555.jpg','https:\/\/geemarc.com\/de\/wp-content\/uploads\/sites\/5\/2023\/05\/DSC_0554.jpg','https:\/\/geemarc.com\/de\/wp-content\/uploads\/sites\/5\/2023\/05\/DSC_0553.jpg','https:\/\/geemarc.com\/de\/wp-content\/uploads\/sites\/5\/2023\/05\/DSC_0552.jpg','https:\/\/geemarc.com\/de\/wp-content\/uploads\/sites\/5\/2023\/05\/DSC_0551.jpg','https:\/\/geemarc.com\/de\/wp-content\/uploads\/sites\/5\/2023\/05\/DSC_0550.jpg','https:\/\/geemarc.com\/de\/wp-content\/uploads\/sites\/5\/2023\/05\/DSC_0549.jpg','https:\/\/geemarc.com\/de\/wp-content\/uploads\/sites\/5\/2023\/05\/DSC_0548.jpg','https:\/\/geemarc.com\/de\/wp-content\/uploads\/sites\/5\/2023\/05\/DSC_0547.jpg','https:\/\/geemarc.com\/de\/wp-content\/uploads\/sites\/5\/2023\/05\/DSC_0546.jpg','https:\/\/geemarc.com\/de\/wp-content\/uploads\/sites\/5\/2023\/05\/DSC_0545.jpg','https:\/\/geemarc.com\/de\/wp-content\/uploads\/sites\/5\/2023\/05\/DSC_0544.jpg','https:\/\/geemarc.com\/de\/wp-content\/uploads\/sites\/5\/2023\/05\/DSC_0543.jpg','https:\/\/geemarc.com\/de\/wp-content\/uploads\/sites\/5\/2023\/05\/DSC_0542.jpg','https:\/\/geemarc.com\/de\/wp-content\/uploads\/sites\/5\/2023\/05\/DSC_0541.jpg','https:\/\/geemarc.com\/de\/wp-content\/uploads\/sites\/5\/2023\/05\/DSC_0540.jpg','https:\/\/geemarc.com\/de\/wp-content\/uploads\/sites\/5\/2023\/05\/DSC_0539.jpg','https:\/\/geemarc.com\/de\/wp-content\/uploads\/sites\/5\/2023\/05\/DSC_0538.jpg','https:\/\/geemarc.com\/de\/wp-content\/uploads\/sites\/5\/2023\/05\/DSC_0537.jpg','https:\/\/geemarc.com\/de\/wp-content\/uploads\/sites\/5\/2023\/05\/DSC_0536.jpg','https:\/\/geemarc.com\/de\/wp-content\/uploads\/sites\/5\/2023\/05\/DSC_0535.jpg','https:\/\/geemarc.com\/de\/wp-content\/uploads\/sites\/5\/2023\/05\/DSC_0534.jpg','https:\/\/geemarc.com\/de\/wp-content\/uploads\/sites\/5\/2023\/05\/DSC_0533.jpg','https:\/\/geemarc.com\/de\/wp-content\/uploads\/sites\/5\/2023\/05\/DSC_0532.jpg','https:\/\/geemarc.com\/de\/wp-content\/uploads\/sites\/5\/2023\/05\/DSC_0531.jpg','https:\/\/geemarc.com\/de\/wp-content\/uploads\/sites\/5\/2023\/05\/DSC_0530.jpg','https:\/\/geemarc.com\/de\/wp-content\/uploads\/sites\/5\/2023\/05\/DSC_0529.jpg','https:\/\/geemarc.com\/de\/wp-content\/uploads\/sites\/5\/2023\/05\/DSC_0528.jpg','https:\/\/geemarc.com\/de\/wp-content\/uploads\/sites\/5\/2023\/05\/DSC_0527.jpg','https:\/\/geemarc.com\/de\/wp-content\/uploads\/sites\/5\/2023\/05\/DSC_0526.jpg','https:\/\/geemarc.com\/de\/wp-content\/uploads\/sites\/5\/2023\/05\/DSC_0525.jpg','https:\/\/geemarc.com\/de\/wp-content\/uploads\/sites\/5\/2023\/05\/DSC_0524.jpg'],\r\n\t\theight: 0,\r\n\t\twidth: 800,\r\n\t\tnavigation: true,\r\n\t\tdrag: true,\r\n\t\tshowCursor: true,\r\n\t\tinterval: 120,\r\n\t\tspeedMultiplier: 3,\r\n\t\t\t\tstartAutoplay: true,\r\n\t\t\t\tonReady: function() {\r\n\t\t\t$(\"#threesixty-slider-9671_qKxVdB\").removeClass('threesixty-loading');\r\n\t\t\t\t\t\tproduct_9671_qKxVdB.play();\r\n\t\t\t\t\t\t\t\t}\r\n\t\t\t});\r\n\t\t\t}(jQuery));\r\n<\/script>\n<div class=\"success p-tmpl-wrap primary-background\">\n<p><img class=\"p1\" src=\"https:\/\/geemarc.com\/uk\/wp-content\/uploads\/sites\/2\/2019\/04\/Photo-template-Urgence.png\" \/><img class=\"p2\" src=\"https:\/\/geemarc.com\/uk\/wp-content\/uploads\/sites\/2\/2019\/04\/Photo-template-portrait.png\" \/><span class=\"h3 bold\">AUSDRUCKEN IHRER FOTOS<\/span><span class=\"h3\" data-wahfont=\"20\">Exklusive Neuheit Geemarc Telecom<\/span><\/p>\n<div style=\"margin: 10px 0 15px; line-height: 17px;\">Laden Sie die Bilder f\u00fcr die Fototasten hoch und f\u00fcgen Sie sie in die Schablonen ein.<\/div>\n<div><\/div>\n<div class=\"table-cell button-right\" style=\"margin-top: 10px;\"><a class=\"button filled\" href=\"https:\/\/geemarc.com\/p_editor\/cl610\/f\/editor\/\" target=\"_blank\" rel=\"noopener\" data-wahfont=\"12\">Foto schablone<\/a><\/div>\n<\/div>\n","protected":false},"excerpt":{"rendered":"<p>Verst\u00e4rktes Notruftelefon mit Notruf-Armband<\/p>\n","protected":false},"featured_media":9669,"template":"","meta":[],"product_cat":[123],"product_tag":[],"yoast_head":"<!-- This site is optimized with the Yoast SEO plugin v16.9 - https:\/\/yoast.com\/wordpress\/plugins\/seo\/ -->\n<title>CL610 - Geemarc Germany<\/title>\n<meta name=\"robots\" content=\"index, follow, max-snippet:-1, max-image-preview:large, max-video-preview:-1\" \/>\n<link rel=\"canonical\" href=\"https:\/\/geemarc.com\/de\/produkt\/cl610\/\" \/>\n<meta property=\"og:locale\" content=\"de_DE\" \/>\n<meta property=\"og:type\" content=\"article\" \/>\n<meta property=\"og:title\" content=\"CL610 - Geemarc Germany\" \/>\n<meta property=\"og:description\" content=\"Verst\u00e4rktes Notruftelefon mit Notruf-Armband\" \/>\n<meta property=\"og:url\" content=\"https:\/\/geemarc.com\/de\/produkt\/cl610\/\" \/>\n<meta property=\"og:site_name\" content=\"Geemarc Germany\" \/>\n<meta property=\"article:modified_time\" content=\"2023-05-16T09:04:29+00:00\" \/>\n<meta property=\"og:image\" content=\"https:\/\/geemarc.com\/de\/wp-content\/uploads\/sites\/5\/2023\/05\/CL610_1-scaled.jpg\" \/>\n\t<meta property=\"og:image:width\" content=\"2560\" \/>\n\t<meta property=\"og:image:height\" content=\"1702\" \/>\n<meta name=\"twitter:card\" content=\"summary_large_image\" \/>\n<meta name=\"twitter:label1\" content=\"Gesch\u00e4tzte Lesezeit\" \/>\n\t<meta name=\"twitter:data1\" content=\"1\u00a0Minute\" \/>\n<script type=\"application\/ld+json\" class=\"yoast-schema-graph\">{\"@context\":\"https:\/\/schema.org\",\"@graph\":[{\"@type\":\"WebSite\",\"@id\":\"https:\/\/geemarc.com\/de\/#website\",\"url\":\"https:\/\/geemarc.com\/de\/\",\"name\":\"Geemarc Germany\",\"description\":\"\",\"potentialAction\":[{\"@type\":\"SearchAction\",\"target\":{\"@type\":\"EntryPoint\",\"urlTemplate\":\"https:\/\/geemarc.com\/de\/?s={search_term_string}\"},\"query-input\":\"required name=search_term_string\"}],\"inLanguage\":\"de\"},{\"@type\":\"ImageObject\",\"@id\":\"https:\/\/geemarc.com\/de\/produkt\/cl610\/#primaryimage\",\"inLanguage\":\"de\",\"url\":\"https:\/\/geemarc.com\/de\/wp-content\/uploads\/sites\/5\/2023\/05\/CL610_1-scaled.jpg\",\"contentUrl\":\"https:\/\/geemarc.com\/de\/wp-content\/uploads\/sites\/5\/2023\/05\/CL610_1-scaled.jpg\",\"width\":2560,\"height\":1702},{\"@type\":\"WebPage\",\"@id\":\"https:\/\/geemarc.com\/de\/produkt\/cl610\/#webpage\",\"url\":\"https:\/\/geemarc.com\/de\/produkt\/cl610\/\",\"name\":\"CL610 - Geemarc Germany\",\"isPartOf\":{\"@id\":\"https:\/\/geemarc.com\/de\/#website\"},\"primaryImageOfPage\":{\"@id\":\"https:\/\/geemarc.com\/de\/produkt\/cl610\/#primaryimage\"},\"datePublished\":\"2023-05-05T10:27:41+00:00\",\"dateModified\":\"2023-05-16T09:04:29+00:00\",\"breadcrumb\":{\"@id\":\"https:\/\/geemarc.com\/de\/produkt\/cl610\/#breadcrumb\"},\"inLanguage\":\"de\",\"potentialAction\":[{\"@type\":\"ReadAction\",\"target\":[\"https:\/\/geemarc.com\/de\/produkt\/cl610\/\"]}]},{\"@type\":\"BreadcrumbList\",\"@id\":\"https:\/\/geemarc.com\/de\/produkt\/cl610\/#breadcrumb\",\"itemListElement\":[{\"@type\":\"ListItem\",\"position\":1,\"name\":\"Home\",\"item\":\"https:\/\/geemarc.com\/de\/\"},{\"@type\":\"ListItem\",\"position\":2,\"name\":\"Shop\",\"item\":\"https:\/\/geemarc.com\/de\/shop\/\"},{\"@type\":\"ListItem\",\"position\":3,\"name\":\"CL610\"}]}]}<\/script>\n<!-- \/ Yoast SEO plugin. -->","yoast_head_json":{"title":"CL610 - Geemarc Germany","robots":{"index":"index","follow":"follow","max-snippet":"max-snippet:-1","max-image-preview":"max-image-preview:large","max-video-preview":"max-video-preview:-1"},"canonical":"https:\/\/geemarc.com\/de\/produkt\/cl610\/","og_locale":"de_DE","og_type":"article","og_title":"CL610 - Geemarc Germany","og_description":"Verst\u00e4rktes Notruftelefon mit Notruf-Armband","og_url":"https:\/\/geemarc.com\/de\/produkt\/cl610\/","og_site_name":"Geemarc Germany","article_modified_time":"2023-05-16T09:04:29+00:00","og_image":[{"width":2560,"height":1702,"url":"https:\/\/geemarc.com\/de\/wp-content\/uploads\/sites\/5\/2023\/05\/CL610_1-scaled.jpg","path":"\/home\/g\/e\/geemarcwp\/public_html\/wp-content\/uploads\/sites\/5\/2023\/05\/CL610_1-scaled.jpg","size":"full","id":9669,"alt":"","pixels":4357120,"type":"image\/jpeg"}],"twitter_card":"summary_large_image","twitter_misc":{"Gesch\u00e4tzte Lesezeit":"1\u00a0Minute"},"schema":{"@context":"https:\/\/schema.org","@graph":[{"@type":"WebSite","@id":"https:\/\/geemarc.com\/de\/#website","url":"https:\/\/geemarc.com\/de\/","name":"Geemarc Germany","description":"","potentialAction":[{"@type":"SearchAction","target":{"@type":"EntryPoint","urlTemplate":"https:\/\/geemarc.com\/de\/?s={search_term_string}"},"query-input":"required name=search_term_string"}],"inLanguage":"de"},{"@type":"ImageObject","@id":"https:\/\/geemarc.com\/de\/produkt\/cl610\/#primaryimage","inLanguage":"de","url":"https:\/\/geemarc.com\/de\/wp-content\/uploads\/sites\/5\/2023\/05\/CL610_1-scaled.jpg","contentUrl":"https:\/\/geemarc.com\/de\/wp-content\/uploads\/sites\/5\/2023\/05\/CL610_1-scaled.jpg","width":2560,"height":1702},{"@type":"WebPage","@id":"https:\/\/geemarc.com\/de\/produkt\/cl610\/#webpage","url":"https:\/\/geemarc.com\/de\/produkt\/cl610\/","name":"CL610 - Geemarc Germany","isPartOf":{"@id":"https:\/\/geemarc.com\/de\/#website"},"primaryImageOfPage":{"@id":"https:\/\/geemarc.com\/de\/produkt\/cl610\/#primaryimage"},"datePublished":"2023-05-05T10:27:41+00:00","dateModified":"2023-05-16T09:04:29+00:00","breadcrumb":{"@id":"https:\/\/geemarc.com\/de\/produkt\/cl610\/#breadcrumb"},"inLanguage":"de","potentialAction":[{"@type":"ReadAction","target":["https:\/\/geemarc.com\/de\/produkt\/cl610\/"]}]},{"@type":"BreadcrumbList","@id":"https:\/\/geemarc.com\/de\/produkt\/cl610\/#breadcrumb","itemListElement":[{"@type":"ListItem","position":1,"name":"Home","item":"https:\/\/geemarc.com\/de\/"},{"@type":"ListItem","position":2,"name":"Shop","item":"https:\/\/geemarc.com\/de\/shop\/"},{"@type":"ListItem","position":3,"name":"CL610"}]}]}},"acf":[],"_links":{"self":[{"href":"https:\/\/geemarc.com\/de\/wp-json\/wp\/v2\/product\/9716"}],"collection":[{"href":"https:\/\/geemarc.com\/de\/wp-json\/wp\/v2\/product"}],"about":[{"href":"https:\/\/geemarc.com\/de\/wp-json\/wp\/v2\/types\/product"}],"wp:featuredmedia":[{"embeddable":true,"href":"https:\/\/geemarc.com\/de\/wp-json\/wp\/v2\/media\/9669"}],"wp:attachment":[{"href":"https:\/\/geemarc.com\/de\/wp-json\/wp\/v2\/media?parent=9716"}],"wp:term":[{"taxonomy":"product_cat","embeddable":true,"href":"https:\/\/geemarc.com\/de\/wp-json\/wp\/v2\/product_cat?post=9716"},{"taxonomy":"product_tag","embeddable":true,"href":"https:\/\/geemarc.com\/de\/wp-json\/wp\/v2\/product_tag?post=9716"}],"curies":[{"name":"wp","href":"https:\/\/api.w.org\/{rel}","templated":true}]}}