{"id":9738,"date":"2023-06-28T12:38:35","date_gmt":"2023-06-28T12:38:35","guid":{"rendered":"https:\/\/geemarc.com\/de\/?post_type=product&#038;p=9738"},"modified":"2025-06-05T12:35:26","modified_gmt":"2025-06-05T12:35:26","slug":"cl8000","status":"publish","type":"product","link":"https:\/\/geemarc.com\/de\/produkt\/cl8000\/","title":{"rendered":"CL8000"},"content":{"rendered":"<p><strong>ANRUFEN\/ANRUFE ENTGEGENNEHMEN<\/strong><\/p>\n<ul>\n<li>H\u00f6rger\u00e4tekompatibel M4\/T4<\/li>\n<li>Max. Empfangslautst\u00e4rke: 40dB mit + und &#8211; Tasten seitlich rechts<\/li>\n<li>4 Fotodirektwahltasten<\/li>\n<li>Tastatur<br \/>\no Gro\u00dfe Tasten<br \/>\no Wei\u00dfe Hintergrundbeleuchtung<br \/>\no Hoher Kontrast<\/li>\n<li>Taste zum Entsperren der Tastatur<\/li>\n<li>M\u00f6glichkeit, Anruf anzunehmen, wenn Tastatur gesperrt<\/li>\n<li>Telefonbuch: 2.000 Kontakte auf Telefon, 250 auf SIM-Karte (schwankt je nach Anbieter)<\/li>\n<li>Anzeige \u00fcber verpassten Anruf und \u00fcber Nachricht auf Anrufbeantworter<\/li>\n<li>Mehrere Profile: leise, Besprechung, drinnen, drau\u00dfen<\/li>\n<\/ul>\n<p>&nbsp;<\/p>\n<p><strong>LCD DISPLAY<\/strong><\/p>\n<ul>\n<li>LCD Farbbildschirm -2.8&#8243;<\/li>\n<li>16 Sprachen: Deutsch, Englisch, Franz\u00f6sisch, Niederl\u00e4ndisch, Spanisch, Italienisch, Portugiesisch, D\u00e4nisch, Norwegisch, Schwedisch, Finnisch, Polnisch, Ungarisch, Hebr\u00e4isch, vereinfachtes und traditionelles Chinesisch<\/li>\n<li>Zeit- und Datumsanzeige<\/li>\n<li>Anzeige der Gespr\u00e4chszeit<\/li>\n<\/ul>\n<p>&nbsp;<\/p>\n<p><strong>SPRECHENDES TELEFON<\/strong><\/p>\n<ul>\n<li>Sprachansage eingehender Anruf<br \/>\n(Name statt Klingelton, nur Telefonbuch-, nicht SIM-Kontakte)<\/li>\n<li>Sprachansage Telefonbuch<br \/>\n(gew\u00e4hlte Nummer wird angesagt)<\/li>\n<li>Sprechende Tastatur 16 Sprachen (s. \u201eLCD Display&#8221;)<\/li>\n<\/ul>\n<p><strong>\u00a0<\/strong><\/p>\n<p><strong>NOTRUFFUNKTION<\/strong><\/p>\n<ul>\n<li>SOS-Taste zum Ausl\u00f6sen eines Notrufs<\/li>\n<li>F\u00fcnf programmierbare Notrufnummern<\/li>\n<li>Best\u00e4tigung des Notrufs durch ein akustisches Signal.<\/li>\n<li>Geolokalisierungssystem: Durch das W\u00e4hlen der<br \/>\nSOS-Taste sendet das Handy automatisch eine<br \/>\nNachricht mit der derzeitigen GPS-Position an die<br \/>\neingespeicherten Notrufnummern.<\/li>\n<li>M\u00f6glichkeit, den\/die BesitzerIn des CL8000 zu<br \/>\nlokalisieren, indem man ihr\/ihm eine SMS schickt (nur wenn die Nummer als SOS-Nummer gespeichert ist).<\/li>\n<\/ul>\n<p>&nbsp;<\/p>\n<div id=\"threesixty-slider-9739_pY20uu\" class=\"threesixty-loading threesixty-image threesixty-dark-blue threesixty-vintage threesixty-no-border\" style=\"width: 800px;\">\r\n\t<div class=\"threesixty-preview-9739_pY20uu\"><img class=\"threesixty-preview-image\" src=\"https:\/\/geemarc.com\/de\/wp-content\/uploads\/sites\/5\/2023\/06\/DSC_0479.jpg\"\/><\/div>\r\n\t<div class=\"threesixty-spinner threesixty-spinner-9739_pY20uu\">\r\n\t\t<span>0%<\/span>\r\n\t<\/div>\r\n\t<ol class=\"threesixty-images threesixty-images-9739_pY20uu\"><\/ol>\r\n\t\t\t<a href=\"#threesixty-slider-9739_pY20uu\" class=\"threesixty-mfp-anchor\"><\/a>\r\n\t<\/div>\r\n<!--SPV--><script type=\"text\/javascript\">\/\/SPV\r\n(function($) {\r\n\t\t$('#threesixty-slider-9739_pY20uu .threesixty-mfp-anchor').magnificPopup({\r\n\t\ttype:'inline',\r\n\t\tcloseOnBgClick: true,\r\n\t\tmidClick: true,\r\n\t\t\/\/removalDelay: 300,\r\n  \t\t\/\/mainClass: 'mfp-fade',\r\n\t\tcallbacks: {\r\n\t\t\t resize: function() {\r\n\t\t\t \tvar originalHeight \t= 563,\r\n\t\t\t \t\toriginalWidth \t= 800,\r\n\t\t\t \t\tmfpHeight \t\t= 563,\r\n\t\t\t \t\tmfpWidth \t\t= 800,\r\n\t\t\t \t\tratio \t\t\t= originalWidth \/ originalHeight,\r\n\t\t\t \t\twinHeight \t\t= $(window).height(),\r\n\t\t\t \t\twinWidth \t\t= $(window).width();\r\n\t\t\t \t\r\n\t\t\t \tif ( originalHeight > winHeight * 0.9 ) {\r\n\t\t\t \t\tmfpHeight \t\t= winHeight * 0.9;\r\n\t\t\t \t\tmfpWidth \t\t= mfpHeight * ratio;\r\n\t\t\t\t}\r\n\t\t\t\tif ( mfpWidth > winWidth * 0.9 ) {\r\n\t\t\t \t\tmfpWidth \t\t= winWidth * 0.9;\r\n\t\t\t \t\tmfpHeight \t\t= mfpWidth \/ ratio;\r\n\t\t\t\t}\r\n\t\t\t \tif ( mfpHeight < originalHeight && mfpWidth < originalWidth ) {\r\n\t\t\t\t    $('#threesixty-slider-9739_pY20uu').height(mfpHeight);\r\n\t\t\t\t    $('#threesixty-slider-9739_pY20uu').width(mfpWidth);\r\n\t\t\t\t} \r\n\t\t\t\telse {\r\n\t\t\t\t    $('#threesixty-slider-9739_pY20uu').height(originalHeight);\r\n\t\t\t\t    $('#threesixty-slider-9739_pY20uu').width(originalWidth);\r\n\t\t\t\t}\r\n\t\t\t},\r\n\t\t\tclose: function() {\r\n\t\t\t    $('#threesixty-slider-9739_pY20uu').height('auto');\r\n\t\t\t    $('#threesixty-slider-9739_pY20uu').width(800);\r\n\t\t\t}\r\n\t\t},\r\n\t\tcloseMarkup :\"<button class=\\\"mfp-close\\\"><\/button>\"\r\n\t});\r\n\t\tvar product_9739_pY20uu = $('#threesixty-slider-9739_pY20uu').ThreeSixty({\r\n\t\ttotalFrames: 36,\r\n\t\tendFrame: 0,\r\n\t\tcurrentFrame: 36,\r\n\t\timgList: '.threesixty-images-9739_pY20uu',\r\n\t\tprogress: '.threesixty-spinner-9739_pY20uu',\r\n\t\tpreview: '.threesixty-preview-9739_pY20uu',\r\n\t\timages: ['https:\/\/geemarc.com\/de\/wp-content\/uploads\/sites\/5\/2023\/06\/DSC_0478.jpg','https:\/\/geemarc.com\/de\/wp-content\/uploads\/sites\/5\/2023\/06\/DSC_0513.jpg','https:\/\/geemarc.com\/de\/wp-content\/uploads\/sites\/5\/2023\/06\/DSC_0512.jpg','https:\/\/geemarc.com\/de\/wp-content\/uploads\/sites\/5\/2023\/06\/DSC_0511.jpg','https:\/\/geemarc.com\/de\/wp-content\/uploads\/sites\/5\/2023\/06\/DSC_0510.jpg','https:\/\/geemarc.com\/de\/wp-content\/uploads\/sites\/5\/2023\/06\/DSC_0509.jpg','https:\/\/geemarc.com\/de\/wp-content\/uploads\/sites\/5\/2023\/06\/DSC_0508.jpg','https:\/\/geemarc.com\/de\/wp-content\/uploads\/sites\/5\/2023\/06\/DSC_0507.jpg','https:\/\/geemarc.com\/de\/wp-content\/uploads\/sites\/5\/2023\/06\/DSC_0506.jpg','https:\/\/geemarc.com\/de\/wp-content\/uploads\/sites\/5\/2023\/06\/DSC_0505.jpg','https:\/\/geemarc.com\/de\/wp-content\/uploads\/sites\/5\/2023\/06\/DSC_0504.jpg','https:\/\/geemarc.com\/de\/wp-content\/uploads\/sites\/5\/2023\/06\/DSC_0503.jpg','https:\/\/geemarc.com\/de\/wp-content\/uploads\/sites\/5\/2023\/06\/DSC_0502.jpg','https:\/\/geemarc.com\/de\/wp-content\/uploads\/sites\/5\/2023\/06\/DSC_0501.jpg','https:\/\/geemarc.com\/de\/wp-content\/uploads\/sites\/5\/2023\/06\/DSC_0500.jpg','https:\/\/geemarc.com\/de\/wp-content\/uploads\/sites\/5\/2023\/06\/DSC_0499.jpg','https:\/\/geemarc.com\/de\/wp-content\/uploads\/sites\/5\/2023\/06\/DSC_0498.jpg','https:\/\/geemarc.com\/de\/wp-content\/uploads\/sites\/5\/2023\/06\/DSC_0497.jpg','https:\/\/geemarc.com\/de\/wp-content\/uploads\/sites\/5\/2023\/06\/DSC_0496.jpg','https:\/\/geemarc.com\/de\/wp-content\/uploads\/sites\/5\/2023\/06\/DSC_0495.jpg','https:\/\/geemarc.com\/de\/wp-content\/uploads\/sites\/5\/2023\/06\/DSC_0494.jpg','https:\/\/geemarc.com\/de\/wp-content\/uploads\/sites\/5\/2023\/06\/DSC_0493.jpg','https:\/\/geemarc.com\/de\/wp-content\/uploads\/sites\/5\/2023\/06\/DSC_0492.jpg','https:\/\/geemarc.com\/de\/wp-content\/uploads\/sites\/5\/2023\/06\/DSC_0491.jpg','https:\/\/geemarc.com\/de\/wp-content\/uploads\/sites\/5\/2023\/06\/DSC_0490.jpg','https:\/\/geemarc.com\/de\/wp-content\/uploads\/sites\/5\/2023\/06\/DSC_0489.jpg','https:\/\/geemarc.com\/de\/wp-content\/uploads\/sites\/5\/2023\/06\/DSC_0488.jpg','https:\/\/geemarc.com\/de\/wp-content\/uploads\/sites\/5\/2023\/06\/DSC_0487.jpg','https:\/\/geemarc.com\/de\/wp-content\/uploads\/sites\/5\/2023\/06\/DSC_0486.jpg','https:\/\/geemarc.com\/de\/wp-content\/uploads\/sites\/5\/2023\/06\/DSC_0485.jpg','https:\/\/geemarc.com\/de\/wp-content\/uploads\/sites\/5\/2023\/06\/DSC_0484.jpg','https:\/\/geemarc.com\/de\/wp-content\/uploads\/sites\/5\/2023\/06\/DSC_0483.jpg','https:\/\/geemarc.com\/de\/wp-content\/uploads\/sites\/5\/2023\/06\/DSC_0482.jpg','https:\/\/geemarc.com\/de\/wp-content\/uploads\/sites\/5\/2023\/06\/DSC_0481.jpg','https:\/\/geemarc.com\/de\/wp-content\/uploads\/sites\/5\/2023\/06\/DSC_0480.jpg','https:\/\/geemarc.com\/de\/wp-content\/uploads\/sites\/5\/2023\/06\/DSC_0479.jpg'],\r\n\t\theight: 0,\r\n\t\twidth: 800,\r\n\t\tnavigation: true,\r\n\t\tdrag: true,\r\n\t\tshowCursor: true,\r\n\t\tinterval: 120,\r\n\t\tspeedMultiplier: 3,\r\n\t\t\t\tstartAutoplay: true,\r\n\t\t\t\tonReady: function() {\r\n\t\t\t$(\"#threesixty-slider-9739_pY20uu\").removeClass('threesixty-loading');\r\n\t\t\t\t\t\tproduct_9739_pY20uu.play();\r\n\t\t\t\t\t\t\t\t}\r\n\t\t\t});\r\n\t\t\t}(jQuery));\r\n<\/script>\n<p>&nbsp;<\/p>\n<div class=\"success p-tmpl-wrap primary-background\">\n<p><img class=\"p1\" src=\"https:\/\/geemarc.com\/uk\/wp-content\/uploads\/sites\/2\/2019\/04\/Photo-template-Urgence.png\" \/><img class=\"p2\" src=\"https:\/\/geemarc.com\/uk\/wp-content\/uploads\/sites\/2\/2019\/04\/Photo-template-portrait.png\" \/><span class=\"h3 bold\">AUSDRUCKEN IHRER FOTOS<\/span><span class=\"h3\" data-wahfont=\"20\">Exklusive Neuheit Geemarc Telecom<\/span><\/p>\n<div style=\"margin: 10px 0 15px; line-height: 17px;\">Laden Sie die Bilder f\u00fcr die Fototasten hoch und f\u00fcgen Sie sie in die Schablonen ein.<\/div>\n<div><\/div>\n<div class=\"table-cell button-right\" style=\"margin-top: 10px;\"><a class=\"button filled\" href=\"https:\/\/geemarc.com\/p_editor\/cl8000\/f\/editor\/\" target=\"_blank\" rel=\"noopener\" data-wahfont=\"12\">Foto schablone<\/a><\/div>\n<\/div>\n","protected":false},"excerpt":{"rendered":"<p>Verst\u00e4rktes 4G-Handy mit Fototasten, SOS-Taste und gro\u00dfem Display<\/p>\n","protected":false},"featured_media":9778,"template":"","meta":[],"product_cat":[129],"product_tag":[],"yoast_head":"<!-- This site is optimized with the Yoast SEO plugin v16.9 - https:\/\/yoast.com\/wordpress\/plugins\/seo\/ -->\n<title>CL8000 - Geemarc Germany<\/title>\n<meta name=\"robots\" content=\"index, follow, max-snippet:-1, max-image-preview:large, max-video-preview:-1\" \/>\n<link rel=\"canonical\" href=\"https:\/\/geemarc.com\/de\/produkt\/cl8000\/\" \/>\n<meta property=\"og:locale\" content=\"de_DE\" \/>\n<meta property=\"og:type\" content=\"article\" \/>\n<meta property=\"og:title\" content=\"CL8000 - Geemarc Germany\" \/>\n<meta property=\"og:description\" content=\"Verst\u00e4rktes 4G-Handy mit Fototasten, SOS-Taste und gro\u00dfem Display\" \/>\n<meta property=\"og:url\" content=\"https:\/\/geemarc.com\/de\/produkt\/cl8000\/\" \/>\n<meta property=\"og:site_name\" content=\"Geemarc Germany\" \/>\n<meta property=\"article:modified_time\" content=\"2025-06-05T12:35:26+00:00\" \/>\n<meta property=\"og:image\" content=\"https:\/\/geemarc.com\/de\/wp-content\/uploads\/sites\/5\/2023\/06\/CL8000_HSPOD_Angle2.2-scaled.jpg\" \/>\n\t<meta property=\"og:image:width\" content=\"1811\" \/>\n\t<meta property=\"og:image:height\" content=\"2560\" \/>\n<meta name=\"twitter:card\" content=\"summary_large_image\" \/>\n<meta name=\"twitter:label1\" content=\"Gesch\u00e4tzte Lesezeit\" \/>\n\t<meta name=\"twitter:data1\" content=\"2\u00a0Minuten\" \/>\n<script type=\"application\/ld+json\" class=\"yoast-schema-graph\">{\"@context\":\"https:\/\/schema.org\",\"@graph\":[{\"@type\":\"WebSite\",\"@id\":\"https:\/\/geemarc.com\/de\/#website\",\"url\":\"https:\/\/geemarc.com\/de\/\",\"name\":\"Geemarc Germany\",\"description\":\"\",\"potentialAction\":[{\"@type\":\"SearchAction\",\"target\":{\"@type\":\"EntryPoint\",\"urlTemplate\":\"https:\/\/geemarc.com\/de\/?s={search_term_string}\"},\"query-input\":\"required name=search_term_string\"}],\"inLanguage\":\"de\"},{\"@type\":\"ImageObject\",\"@id\":\"https:\/\/geemarc.com\/de\/produkt\/cl8000\/#primaryimage\",\"inLanguage\":\"de\",\"url\":\"https:\/\/geemarc.com\/de\/wp-content\/uploads\/sites\/5\/2023\/06\/CL8000_HSPOD_Angle2.2-scaled.jpg\",\"contentUrl\":\"https:\/\/geemarc.com\/de\/wp-content\/uploads\/sites\/5\/2023\/06\/CL8000_HSPOD_Angle2.2-scaled.jpg\",\"width\":1811,\"height\":2560,\"caption\":\"OLYMPUS DIGITAL CAMERA\"},{\"@type\":\"WebPage\",\"@id\":\"https:\/\/geemarc.com\/de\/produkt\/cl8000\/#webpage\",\"url\":\"https:\/\/geemarc.com\/de\/produkt\/cl8000\/\",\"name\":\"CL8000 - Geemarc Germany\",\"isPartOf\":{\"@id\":\"https:\/\/geemarc.com\/de\/#website\"},\"primaryImageOfPage\":{\"@id\":\"https:\/\/geemarc.com\/de\/produkt\/cl8000\/#primaryimage\"},\"datePublished\":\"2023-06-28T12:38:35+00:00\",\"dateModified\":\"2025-06-05T12:35:26+00:00\",\"breadcrumb\":{\"@id\":\"https:\/\/geemarc.com\/de\/produkt\/cl8000\/#breadcrumb\"},\"inLanguage\":\"de\",\"potentialAction\":[{\"@type\":\"ReadAction\",\"target\":[\"https:\/\/geemarc.com\/de\/produkt\/cl8000\/\"]}]},{\"@type\":\"BreadcrumbList\",\"@id\":\"https:\/\/geemarc.com\/de\/produkt\/cl8000\/#breadcrumb\",\"itemListElement\":[{\"@type\":\"ListItem\",\"position\":1,\"name\":\"Home\",\"item\":\"https:\/\/geemarc.com\/de\/\"},{\"@type\":\"ListItem\",\"position\":2,\"name\":\"Shop\",\"item\":\"https:\/\/geemarc.com\/de\/shop\/\"},{\"@type\":\"ListItem\",\"position\":3,\"name\":\"CL8000\"}]}]}<\/script>\n<!-- \/ Yoast SEO plugin. -->","yoast_head_json":{"title":"CL8000 - Geemarc Germany","robots":{"index":"index","follow":"follow","max-snippet":"max-snippet:-1","max-image-preview":"max-image-preview:large","max-video-preview":"max-video-preview:-1"},"canonical":"https:\/\/geemarc.com\/de\/produkt\/cl8000\/","og_locale":"de_DE","og_type":"article","og_title":"CL8000 - Geemarc Germany","og_description":"Verst\u00e4rktes 4G-Handy mit Fototasten, SOS-Taste und gro\u00dfem Display","og_url":"https:\/\/geemarc.com\/de\/produkt\/cl8000\/","og_site_name":"Geemarc Germany","article_modified_time":"2025-06-05T12:35:26+00:00","og_image":[{"width":1811,"height":2560,"url":"https:\/\/geemarc.com\/de\/wp-content\/uploads\/sites\/5\/2023\/06\/CL8000_HSPOD_Angle2.2-scaled.jpg","path":"\/home\/g\/e\/geemarcwp\/public_html\/wp-content\/uploads\/sites\/5\/2023\/06\/CL8000_HSPOD_Angle2.2-scaled.jpg","size":"full","id":9778,"alt":"","pixels":4636160,"type":"image\/jpeg"}],"twitter_card":"summary_large_image","twitter_misc":{"Gesch\u00e4tzte Lesezeit":"2\u00a0Minuten"},"schema":{"@context":"https:\/\/schema.org","@graph":[{"@type":"WebSite","@id":"https:\/\/geemarc.com\/de\/#website","url":"https:\/\/geemarc.com\/de\/","name":"Geemarc Germany","description":"","potentialAction":[{"@type":"SearchAction","target":{"@type":"EntryPoint","urlTemplate":"https:\/\/geemarc.com\/de\/?s={search_term_string}"},"query-input":"required name=search_term_string"}],"inLanguage":"de"},{"@type":"ImageObject","@id":"https:\/\/geemarc.com\/de\/produkt\/cl8000\/#primaryimage","inLanguage":"de","url":"https:\/\/geemarc.com\/de\/wp-content\/uploads\/sites\/5\/2023\/06\/CL8000_HSPOD_Angle2.2-scaled.jpg","contentUrl":"https:\/\/geemarc.com\/de\/wp-content\/uploads\/sites\/5\/2023\/06\/CL8000_HSPOD_Angle2.2-scaled.jpg","width":1811,"height":2560,"caption":"OLYMPUS DIGITAL CAMERA"},{"@type":"WebPage","@id":"https:\/\/geemarc.com\/de\/produkt\/cl8000\/#webpage","url":"https:\/\/geemarc.com\/de\/produkt\/cl8000\/","name":"CL8000 - Geemarc Germany","isPartOf":{"@id":"https:\/\/geemarc.com\/de\/#website"},"primaryImageOfPage":{"@id":"https:\/\/geemarc.com\/de\/produkt\/cl8000\/#primaryimage"},"datePublished":"2023-06-28T12:38:35+00:00","dateModified":"2025-06-05T12:35:26+00:00","breadcrumb":{"@id":"https:\/\/geemarc.com\/de\/produkt\/cl8000\/#breadcrumb"},"inLanguage":"de","potentialAction":[{"@type":"ReadAction","target":["https:\/\/geemarc.com\/de\/produkt\/cl8000\/"]}]},{"@type":"BreadcrumbList","@id":"https:\/\/geemarc.com\/de\/produkt\/cl8000\/#breadcrumb","itemListElement":[{"@type":"ListItem","position":1,"name":"Home","item":"https:\/\/geemarc.com\/de\/"},{"@type":"ListItem","position":2,"name":"Shop","item":"https:\/\/geemarc.com\/de\/shop\/"},{"@type":"ListItem","position":3,"name":"CL8000"}]}]}},"acf":[],"_links":{"self":[{"href":"https:\/\/geemarc.com\/de\/wp-json\/wp\/v2\/product\/9738"}],"collection":[{"href":"https:\/\/geemarc.com\/de\/wp-json\/wp\/v2\/product"}],"about":[{"href":"https:\/\/geemarc.com\/de\/wp-json\/wp\/v2\/types\/product"}],"wp:featuredmedia":[{"embeddable":true,"href":"https:\/\/geemarc.com\/de\/wp-json\/wp\/v2\/media\/9778"}],"wp:attachment":[{"href":"https:\/\/geemarc.com\/de\/wp-json\/wp\/v2\/media?parent=9738"}],"wp:term":[{"taxonomy":"product_cat","embeddable":true,"href":"https:\/\/geemarc.com\/de\/wp-json\/wp\/v2\/product_cat?post=9738"},{"taxonomy":"product_tag","embeddable":true,"href":"https:\/\/geemarc.com\/de\/wp-json\/wp\/v2\/product_tag?post=9738"}],"curies":[{"name":"wp","href":"https:\/\/api.w.org\/{rel}","templated":true}]}}