{"id":9941,"date":"2023-09-05T13:33:27","date_gmt":"2023-09-05T13:33:27","guid":{"rendered":"https:\/\/geemarc.com\/de\/?post_type=product&#038;p=9941"},"modified":"2023-12-13T13:40:30","modified_gmt":"2023-12-13T13:40:30","slug":"tv-photo-100","status":"publish","type":"product","link":"https:\/\/geemarc.com\/de\/produkt\/tv-photo-100\/","title":{"rendered":"TV PHOTO 100"},"content":{"rendered":"<p>Die Universal-Fernbedienung <strong>TV Photo 100<\/strong> ist insbesondere dank der Fototasten sehr leicht zu bedienen. Drucken Sie die Logos Ihrer Lieblingssender aus und legen Sie sie unter die Folie der jeweiligen Taste.<\/p>\n<p>Dank der gro\u00dfen Tasten k\u00f6nnen Sie ganz einfach das Programm wechseln oder die Lautst\u00e4rke regulieren.<\/p>\n<p>Besuchen Sie unsere Webseite, um die Software herunterzuladen!<\/p>\n<p>&nbsp;<\/p>\n<p><span style=\"text-decoration: underline;\"><a href=\"https:\/\/geemarc.com\/de\/wp-content\/uploads\/sites\/5\/2023\/09\/Geemarc-V2.1.2.zip\"><strong>HERUNTERLADEN DER SOFTWARE<\/strong><\/a><\/span><\/p>\n<p>&nbsp;<\/p>\n<p><strong>EIGENSCHAFTEN<\/strong><\/p>\n<ul>\n<li>Funktioniert mit zwei Batterien AAA 1.5V (nicht enthalten)<\/li>\n<li>20 Tasten, davon 10 Fototasten individuell programmierbar<\/li>\n<li>Mittels einer Software (verf\u00fcgbar auf unserer Webseite) besteht die M\u00f6glichkeit, einer Taste 1- bis 3-stellige Sender zuzuordnen (z. B.: Sender 230 = Taste 1) Die TV Photo 100 funktioniert ausschlie\u00dflich mit Windows (sie ist nicht kompatibel mit MAC).<\/li>\n<li>Herunterladen der Software via USB-Kabel (enthalten)<\/li>\n<li>Unterst\u00fctzt Mehrheit der Infrarotger\u00e4te, wie z. B. Fernseher, SAT Receiver.<\/li>\n<li>Zwei Bedienungsmodi: klassisch oder via Fototasten<\/li>\n<li>LED zur Anzeige des Bedienungsmodus (klassisch\/Fototasten)<\/li>\n<li>Ma\u00dfe: 21 x 6 x 2,6 cm<\/li>\n<li>Gewicht (inkl. Batterien): 130 g<\/li>\n<\/ul>\n","protected":false},"excerpt":{"rendered":"<p>Universal-Fernbedienung Infrarot mit 10 programmierbaren Fototasten<\/p>\n","protected":false},"featured_media":9949,"template":"","meta":[],"product_cat":[146],"product_tag":[],"yoast_head":"<!-- This site is optimized with the Yoast SEO plugin v16.9 - https:\/\/yoast.com\/wordpress\/plugins\/seo\/ -->\n<title>TV PHOTO 100 - Geemarc Germany<\/title>\n<meta name=\"robots\" content=\"index, follow, max-snippet:-1, max-image-preview:large, max-video-preview:-1\" \/>\n<link rel=\"canonical\" href=\"https:\/\/geemarc.com\/de\/produkt\/tv-photo-100\/\" \/>\n<meta property=\"og:locale\" content=\"de_DE\" \/>\n<meta property=\"og:type\" content=\"article\" \/>\n<meta property=\"og:title\" content=\"TV PHOTO 100 - Geemarc Germany\" \/>\n<meta property=\"og:description\" content=\"Universal-Fernbedienung Infrarot mit 10 programmierbaren Fototasten\" \/>\n<meta property=\"og:url\" content=\"https:\/\/geemarc.com\/de\/produkt\/tv-photo-100\/\" \/>\n<meta property=\"og:site_name\" content=\"Geemarc Germany\" \/>\n<meta property=\"article:modified_time\" content=\"2023-12-13T13:40:30+00:00\" \/>\n<meta property=\"og:image\" content=\"https:\/\/geemarc.com\/de\/wp-content\/uploads\/sites\/5\/2023\/09\/TVPHOTO100_3_newsletter_GE-scaled.jpg\" \/>\n\t<meta property=\"og:image:width\" content=\"1978\" \/>\n\t<meta property=\"og:image:height\" content=\"2560\" \/>\n<meta name=\"twitter:card\" content=\"summary_large_image\" \/>\n<meta name=\"twitter:label1\" content=\"Gesch\u00e4tzte Lesezeit\" \/>\n\t<meta name=\"twitter:data1\" content=\"1\u00a0Minute\" \/>\n<script type=\"application\/ld+json\" class=\"yoast-schema-graph\">{\"@context\":\"https:\/\/schema.org\",\"@graph\":[{\"@type\":\"WebSite\",\"@id\":\"https:\/\/geemarc.com\/de\/#website\",\"url\":\"https:\/\/geemarc.com\/de\/\",\"name\":\"Geemarc Germany\",\"description\":\"\",\"potentialAction\":[{\"@type\":\"SearchAction\",\"target\":{\"@type\":\"EntryPoint\",\"urlTemplate\":\"https:\/\/geemarc.com\/de\/?s={search_term_string}\"},\"query-input\":\"required name=search_term_string\"}],\"inLanguage\":\"de\"},{\"@type\":\"ImageObject\",\"@id\":\"https:\/\/geemarc.com\/de\/produkt\/tv-photo-100\/#primaryimage\",\"inLanguage\":\"de\",\"url\":\"https:\/\/geemarc.com\/de\/wp-content\/uploads\/sites\/5\/2023\/09\/TVPHOTO100_3_newsletter_GE-scaled.jpg\",\"contentUrl\":\"https:\/\/geemarc.com\/de\/wp-content\/uploads\/sites\/5\/2023\/09\/TVPHOTO100_3_newsletter_GE-scaled.jpg\",\"width\":1978,\"height\":2560},{\"@type\":\"WebPage\",\"@id\":\"https:\/\/geemarc.com\/de\/produkt\/tv-photo-100\/#webpage\",\"url\":\"https:\/\/geemarc.com\/de\/produkt\/tv-photo-100\/\",\"name\":\"TV PHOTO 100 - Geemarc Germany\",\"isPartOf\":{\"@id\":\"https:\/\/geemarc.com\/de\/#website\"},\"primaryImageOfPage\":{\"@id\":\"https:\/\/geemarc.com\/de\/produkt\/tv-photo-100\/#primaryimage\"},\"datePublished\":\"2023-09-05T13:33:27+00:00\",\"dateModified\":\"2023-12-13T13:40:30+00:00\",\"breadcrumb\":{\"@id\":\"https:\/\/geemarc.com\/de\/produkt\/tv-photo-100\/#breadcrumb\"},\"inLanguage\":\"de\",\"potentialAction\":[{\"@type\":\"ReadAction\",\"target\":[\"https:\/\/geemarc.com\/de\/produkt\/tv-photo-100\/\"]}]},{\"@type\":\"BreadcrumbList\",\"@id\":\"https:\/\/geemarc.com\/de\/produkt\/tv-photo-100\/#breadcrumb\",\"itemListElement\":[{\"@type\":\"ListItem\",\"position\":1,\"name\":\"Home\",\"item\":\"https:\/\/geemarc.com\/de\/\"},{\"@type\":\"ListItem\",\"position\":2,\"name\":\"Shop\",\"item\":\"https:\/\/geemarc.com\/de\/shop\/\"},{\"@type\":\"ListItem\",\"position\":3,\"name\":\"TV PHOTO 100\"}]}]}<\/script>\n<!-- \/ Yoast SEO plugin. -->","yoast_head_json":{"title":"TV PHOTO 100 - Geemarc Germany","robots":{"index":"index","follow":"follow","max-snippet":"max-snippet:-1","max-image-preview":"max-image-preview:large","max-video-preview":"max-video-preview:-1"},"canonical":"https:\/\/geemarc.com\/de\/produkt\/tv-photo-100\/","og_locale":"de_DE","og_type":"article","og_title":"TV PHOTO 100 - Geemarc Germany","og_description":"Universal-Fernbedienung Infrarot mit 10 programmierbaren Fototasten","og_url":"https:\/\/geemarc.com\/de\/produkt\/tv-photo-100\/","og_site_name":"Geemarc Germany","article_modified_time":"2023-12-13T13:40:30+00:00","og_image":[{"width":1978,"height":2560,"url":"https:\/\/geemarc.com\/de\/wp-content\/uploads\/sites\/5\/2023\/09\/TVPHOTO100_3_newsletter_GE-scaled.jpg","path":"\/home\/g\/e\/geemarcwp\/public_html\/wp-content\/uploads\/sites\/5\/2023\/09\/TVPHOTO100_3_newsletter_GE-scaled.jpg","size":"full","id":9949,"alt":"","pixels":5063680,"type":"image\/jpeg"}],"twitter_card":"summary_large_image","twitter_misc":{"Gesch\u00e4tzte Lesezeit":"1\u00a0Minute"},"schema":{"@context":"https:\/\/schema.org","@graph":[{"@type":"WebSite","@id":"https:\/\/geemarc.com\/de\/#website","url":"https:\/\/geemarc.com\/de\/","name":"Geemarc Germany","description":"","potentialAction":[{"@type":"SearchAction","target":{"@type":"EntryPoint","urlTemplate":"https:\/\/geemarc.com\/de\/?s={search_term_string}"},"query-input":"required name=search_term_string"}],"inLanguage":"de"},{"@type":"ImageObject","@id":"https:\/\/geemarc.com\/de\/produkt\/tv-photo-100\/#primaryimage","inLanguage":"de","url":"https:\/\/geemarc.com\/de\/wp-content\/uploads\/sites\/5\/2023\/09\/TVPHOTO100_3_newsletter_GE-scaled.jpg","contentUrl":"https:\/\/geemarc.com\/de\/wp-content\/uploads\/sites\/5\/2023\/09\/TVPHOTO100_3_newsletter_GE-scaled.jpg","width":1978,"height":2560},{"@type":"WebPage","@id":"https:\/\/geemarc.com\/de\/produkt\/tv-photo-100\/#webpage","url":"https:\/\/geemarc.com\/de\/produkt\/tv-photo-100\/","name":"TV PHOTO 100 - Geemarc Germany","isPartOf":{"@id":"https:\/\/geemarc.com\/de\/#website"},"primaryImageOfPage":{"@id":"https:\/\/geemarc.com\/de\/produkt\/tv-photo-100\/#primaryimage"},"datePublished":"2023-09-05T13:33:27+00:00","dateModified":"2023-12-13T13:40:30+00:00","breadcrumb":{"@id":"https:\/\/geemarc.com\/de\/produkt\/tv-photo-100\/#breadcrumb"},"inLanguage":"de","potentialAction":[{"@type":"ReadAction","target":["https:\/\/geemarc.com\/de\/produkt\/tv-photo-100\/"]}]},{"@type":"BreadcrumbList","@id":"https:\/\/geemarc.com\/de\/produkt\/tv-photo-100\/#breadcrumb","itemListElement":[{"@type":"ListItem","position":1,"name":"Home","item":"https:\/\/geemarc.com\/de\/"},{"@type":"ListItem","position":2,"name":"Shop","item":"https:\/\/geemarc.com\/de\/shop\/"},{"@type":"ListItem","position":3,"name":"TV PHOTO 100"}]}]}},"acf":[],"_links":{"self":[{"href":"https:\/\/geemarc.com\/de\/wp-json\/wp\/v2\/product\/9941"}],"collection":[{"href":"https:\/\/geemarc.com\/de\/wp-json\/wp\/v2\/product"}],"about":[{"href":"https:\/\/geemarc.com\/de\/wp-json\/wp\/v2\/types\/product"}],"wp:featuredmedia":[{"embeddable":true,"href":"https:\/\/geemarc.com\/de\/wp-json\/wp\/v2\/media\/9949"}],"wp:attachment":[{"href":"https:\/\/geemarc.com\/de\/wp-json\/wp\/v2\/media?parent=9941"}],"wp:term":[{"taxonomy":"product_cat","embeddable":true,"href":"https:\/\/geemarc.com\/de\/wp-json\/wp\/v2\/product_cat?post=9941"},{"taxonomy":"product_tag","embeddable":true,"href":"https:\/\/geemarc.com\/de\/wp-json\/wp\/v2\/product_tag?post=9941"}],"curies":[{"name":"wp","href":"https:\/\/api.w.org\/{rel}","templated":true}]}}