{"id":9976,"date":"2023-11-08T10:02:11","date_gmt":"2023-11-08T10:02:11","guid":{"rendered":"https:\/\/geemarc.com\/de\/?post_type=product&#038;p=9976"},"modified":"2025-01-07T13:48:10","modified_gmt":"2025-01-07T13:48:10","slug":"cl7700","status":"publish","type":"product","link":"https:\/\/geemarc.com\/de\/produkt\/cl7700\/","title":{"rendered":"CL7700 OPTI"},"content":{"rendered":"<p><strong>FUNKTIONEN<\/strong><\/p>\n<ul>\n<li>Stereo-Empfang<\/li>\n<li>Komfortabel und leicht<\/li>\n<li>Optischer und Audio-Anschluss (3,5 mm) auf der Basisstation*<\/li>\n<li>M\u00f6glichkeit, den Kopfh\u00f6rer an zwei Ger\u00e4te gleichzeitig anzuschlie\u00dfen. Nachfolgend zwei Beispiele:<\/li>\n<\/ul>\n<p>&#8211;\u00a0 \u00a0mit dem optischen Kabel an einen Fernseher (Basisstation CL7700) + \u00fcber Bluetooth an Ihr Mobiltelefon.<\/p>\n<p>&#8211;\u00a0 \u00a0mit dem Audioeingang an einen Fernseher (Basisstation CL7700) + per Bluetooth an Ihren Computer<\/p>\n<ul>\n<li>Wenn Sie den Kopfh\u00f6rer an eine Audioquelle anschlie\u00dfen und gleichzeitig per Bluetooth mit Ihrem Mobiltelefon verbunden sind, h\u00f6ren Sie bei einem Anruf den Klingelton im Kopfh\u00f6rer und haben die M\u00f6glichkeit, den Anruf direkt \u00fcber den Kopfh\u00f6rer anzunehmen.<\/li>\n<li>Leicht zug\u00e4ngliche Einstellungen auf dem Kopfh\u00f6rer:<\/li>\n<li>Lautst\u00e4rke bis zu 125dB spl<\/li>\n<li>Balanceeinstellung Links\/Rechts<\/li>\n<li>Toneinstellung gem\u00e4\u00df Ihrer Bed\u00fcrfnisse<\/li>\n<li>Automatischer Standby-Modus (wenn kein Signal an der Basisstation erkannt wird)<\/li>\n<\/ul>\n<p>&nbsp;<\/p>\n<p><strong>TECHNISCHE ANGABEN<\/strong><\/p>\n<ul>\n<li>Bluetooth 5.2<\/li>\n<li>Betriebsfrequenz: 2.402-2.480GHz<\/li>\n<li>Frequenzbereich (A2DP, AVRCP, HSP, HFP): 20Hz \u2013 20 kHz<\/li>\n<li>Bitrate des Senders: 1Mbps<\/li>\n<li>Antennen-Typ: Interne Antenne<\/li>\n<li>Schnellladesystem<\/li>\n<\/ul>\n<p>&#8211;\u00a0 \u00a0Zeit zum vollst\u00e4ndigen Aufladen: 4 Stunden.<\/p>\n<p>&#8211;\u00a0 \u00a0Der Kopfh\u00f6rer l\u00e4dt automatisch, wenn er in die Basisstation gestellt wird.<\/p>\n<ul>\n<li>Reichweite: 10 m im Freien<\/li>\n<li>Optischer Audioeingang<\/li>\n<li>Analoger Audioeingang (3,5-mm-Klinkenbuchse)<\/li>\n<li>Betriebszeit: 10 Stunden<\/li>\n<li>Gewicht des Kopfh\u00f6rers: 50g<\/li>\n<li>Gewicht der Basisstation: 80g<\/li>\n<\/ul>\n<p>&nbsp;<\/p>\n<div id=\"threesixty-slider-9975_0KqJOq\" class=\"threesixty-loading threesixty-image threesixty-dark-blue threesixty-vintage threesixty-no-border\" style=\"width: 756px;\">\r\n\t<div class=\"threesixty-preview-9975_0KqJOq\"><img class=\"threesixty-preview-image\" src=\"https:\/\/geemarc.com\/de\/wp-content\/uploads\/sites\/5\/2023\/11\/DSC_0691.jpg\"\/><\/div>\r\n\t<div class=\"threesixty-spinner threesixty-spinner-9975_0KqJOq\">\r\n\t\t<span>0%<\/span>\r\n\t<\/div>\r\n\t<ol class=\"threesixty-images threesixty-images-9975_0KqJOq\"><\/ol>\r\n\t\t\t<a href=\"#threesixty-slider-9975_0KqJOq\" class=\"threesixty-mfp-anchor\"><\/a>\r\n\t<\/div>\r\n<!--SPV--><script type=\"text\/javascript\">\/\/SPV\r\n(function($) {\r\n\t\t$('#threesixty-slider-9975_0KqJOq .threesixty-mfp-anchor').magnificPopup({\r\n\t\ttype:'inline',\r\n\t\tcloseOnBgClick: true,\r\n\t\tmidClick: true,\r\n\t\t\/\/removalDelay: 300,\r\n  \t\t\/\/mainClass: 'mfp-fade',\r\n\t\tcallbacks: {\r\n\t\t\t resize: function() {\r\n\t\t\t \tvar originalHeight \t= 800,\r\n\t\t\t \t\toriginalWidth \t= 756,\r\n\t\t\t \t\tmfpHeight \t\t= 800,\r\n\t\t\t \t\tmfpWidth \t\t= 756,\r\n\t\t\t \t\tratio \t\t\t= originalWidth \/ originalHeight,\r\n\t\t\t \t\twinHeight \t\t= $(window).height(),\r\n\t\t\t \t\twinWidth \t\t= $(window).width();\r\n\t\t\t \t\r\n\t\t\t \tif ( originalHeight > winHeight * 0.9 ) {\r\n\t\t\t \t\tmfpHeight \t\t= winHeight * 0.9;\r\n\t\t\t \t\tmfpWidth \t\t= mfpHeight * ratio;\r\n\t\t\t\t}\r\n\t\t\t\tif ( mfpWidth > winWidth * 0.9 ) {\r\n\t\t\t \t\tmfpWidth \t\t= winWidth * 0.9;\r\n\t\t\t \t\tmfpHeight \t\t= mfpWidth \/ ratio;\r\n\t\t\t\t}\r\n\t\t\t \tif ( mfpHeight < originalHeight && mfpWidth < originalWidth ) {\r\n\t\t\t\t    $('#threesixty-slider-9975_0KqJOq').height(mfpHeight);\r\n\t\t\t\t    $('#threesixty-slider-9975_0KqJOq').width(mfpWidth);\r\n\t\t\t\t} \r\n\t\t\t\telse {\r\n\t\t\t\t    $('#threesixty-slider-9975_0KqJOq').height(originalHeight);\r\n\t\t\t\t    $('#threesixty-slider-9975_0KqJOq').width(originalWidth);\r\n\t\t\t\t}\r\n\t\t\t},\r\n\t\t\tclose: function() {\r\n\t\t\t    $('#threesixty-slider-9975_0KqJOq').height('auto');\r\n\t\t\t    $('#threesixty-slider-9975_0KqJOq').width(756);\r\n\t\t\t}\r\n\t\t},\r\n\t\tcloseMarkup :\"<button class=\\\"mfp-close\\\"><\/button>\"\r\n\t});\r\n\t\tvar product_9975_0KqJOq = $('#threesixty-slider-9975_0KqJOq').ThreeSixty({\r\n\t\ttotalFrames: 36,\r\n\t\tendFrame: 0,\r\n\t\tcurrentFrame: 36,\r\n\t\timgList: '.threesixty-images-9975_0KqJOq',\r\n\t\tprogress: '.threesixty-spinner-9975_0KqJOq',\r\n\t\tpreview: '.threesixty-preview-9975_0KqJOq',\r\n\t\timages: ['https:\/\/geemarc.com\/de\/wp-content\/uploads\/sites\/5\/2023\/11\/DSC_0690.jpg','https:\/\/geemarc.com\/de\/wp-content\/uploads\/sites\/5\/2023\/11\/DSC_0725.jpg','https:\/\/geemarc.com\/de\/wp-content\/uploads\/sites\/5\/2023\/11\/DSC_0724.jpg','https:\/\/geemarc.com\/de\/wp-content\/uploads\/sites\/5\/2023\/11\/DSC_0723.jpg','https:\/\/geemarc.com\/de\/wp-content\/uploads\/sites\/5\/2023\/11\/DSC_0722.jpg','https:\/\/geemarc.com\/de\/wp-content\/uploads\/sites\/5\/2023\/11\/DSC_0721.jpg','https:\/\/geemarc.com\/de\/wp-content\/uploads\/sites\/5\/2023\/11\/DSC_0720.jpg','https:\/\/geemarc.com\/de\/wp-content\/uploads\/sites\/5\/2023\/11\/DSC_0719.jpg','https:\/\/geemarc.com\/de\/wp-content\/uploads\/sites\/5\/2023\/11\/DSC_0718.jpg','https:\/\/geemarc.com\/de\/wp-content\/uploads\/sites\/5\/2023\/11\/DSC_0717.jpg','https:\/\/geemarc.com\/de\/wp-content\/uploads\/sites\/5\/2023\/11\/DSC_0716.jpg','https:\/\/geemarc.com\/de\/wp-content\/uploads\/sites\/5\/2023\/11\/DSC_0715.jpg','https:\/\/geemarc.com\/de\/wp-content\/uploads\/sites\/5\/2023\/11\/DSC_0714.jpg','https:\/\/geemarc.com\/de\/wp-content\/uploads\/sites\/5\/2023\/11\/DSC_0713.jpg','https:\/\/geemarc.com\/de\/wp-content\/uploads\/sites\/5\/2023\/11\/DSC_0712.jpg','https:\/\/geemarc.com\/de\/wp-content\/uploads\/sites\/5\/2023\/11\/DSC_0711.jpg','https:\/\/geemarc.com\/de\/wp-content\/uploads\/sites\/5\/2023\/11\/DSC_0710.jpg','https:\/\/geemarc.com\/de\/wp-content\/uploads\/sites\/5\/2023\/11\/DSC_0709.jpg','https:\/\/geemarc.com\/de\/wp-content\/uploads\/sites\/5\/2023\/11\/DSC_0708.jpg','https:\/\/geemarc.com\/de\/wp-content\/uploads\/sites\/5\/2023\/11\/DSC_0707.jpg','https:\/\/geemarc.com\/de\/wp-content\/uploads\/sites\/5\/2023\/11\/DSC_0706.jpg','https:\/\/geemarc.com\/de\/wp-content\/uploads\/sites\/5\/2023\/11\/DSC_0705.jpg','https:\/\/geemarc.com\/de\/wp-content\/uploads\/sites\/5\/2023\/11\/DSC_0704.jpg','https:\/\/geemarc.com\/de\/wp-content\/uploads\/sites\/5\/2023\/11\/DSC_0703.jpg','https:\/\/geemarc.com\/de\/wp-content\/uploads\/sites\/5\/2023\/11\/DSC_0702.jpg','https:\/\/geemarc.com\/de\/wp-content\/uploads\/sites\/5\/2023\/11\/DSC_0701.jpg','https:\/\/geemarc.com\/de\/wp-content\/uploads\/sites\/5\/2023\/11\/DSC_0700.jpg','https:\/\/geemarc.com\/de\/wp-content\/uploads\/sites\/5\/2023\/11\/DSC_0699.jpg','https:\/\/geemarc.com\/de\/wp-content\/uploads\/sites\/5\/2023\/11\/DSC_0698.jpg','https:\/\/geemarc.com\/de\/wp-content\/uploads\/sites\/5\/2023\/11\/DSC_0697.jpg','https:\/\/geemarc.com\/de\/wp-content\/uploads\/sites\/5\/2023\/11\/DSC_0696.jpg','https:\/\/geemarc.com\/de\/wp-content\/uploads\/sites\/5\/2023\/11\/DSC_0695.jpg','https:\/\/geemarc.com\/de\/wp-content\/uploads\/sites\/5\/2023\/11\/DSC_0694.jpg','https:\/\/geemarc.com\/de\/wp-content\/uploads\/sites\/5\/2023\/11\/DSC_0693.jpg','https:\/\/geemarc.com\/de\/wp-content\/uploads\/sites\/5\/2023\/11\/DSC_0692.jpg','https:\/\/geemarc.com\/de\/wp-content\/uploads\/sites\/5\/2023\/11\/DSC_0691.jpg'],\r\n\t\theight: 0,\r\n\t\twidth: 756,\r\n\t\tnavigation: true,\r\n\t\tdrag: true,\r\n\t\tshowCursor: true,\r\n\t\tinterval: 120,\r\n\t\tspeedMultiplier: 3,\r\n\t\t\t\tstartAutoplay: true,\r\n\t\t\t\tonReady: function() {\r\n\t\t\t$(\"#threesixty-slider-9975_0KqJOq\").removeClass('threesixty-loading');\r\n\t\t\t\t\t\tproduct_9975_0KqJOq.play();\r\n\t\t\t\t\t\t\t\t}\r\n\t\t\t});\r\n\t\t\t}(jQuery));\r\n<\/script>\n","protected":false},"excerpt":{"rendered":"<p>Verst\u00e4rkter TV-Kopfh\u00f6rer mit optischem Anschluss &amp; Bluetooth<\/p>\n","protected":false},"featured_media":10024,"template":"","meta":[],"product_cat":[134],"product_tag":[],"yoast_head":"<!-- This site is optimized with the Yoast SEO plugin v16.9 - https:\/\/yoast.com\/wordpress\/plugins\/seo\/ -->\n<title>CL7700 OPTI - Geemarc Germany<\/title>\n<meta name=\"robots\" content=\"index, follow, max-snippet:-1, max-image-preview:large, max-video-preview:-1\" \/>\n<link rel=\"canonical\" href=\"https:\/\/geemarc.com\/de\/produkt\/cl7700\/\" \/>\n<meta property=\"og:locale\" content=\"de_DE\" \/>\n<meta property=\"og:type\" content=\"article\" \/>\n<meta property=\"og:title\" content=\"CL7700 OPTI - Geemarc Germany\" \/>\n<meta property=\"og:description\" content=\"Verst\u00e4rkter TV-Kopfh\u00f6rer mit optischem Anschluss &amp; Bluetooth\" \/>\n<meta property=\"og:url\" content=\"https:\/\/geemarc.com\/de\/produkt\/cl7700\/\" \/>\n<meta property=\"og:site_name\" content=\"Geemarc Germany\" \/>\n<meta property=\"article:modified_time\" content=\"2025-01-07T13:48:10+00:00\" \/>\n<meta property=\"og:image\" content=\"https:\/\/geemarc.com\/de\/wp-content\/uploads\/sites\/5\/2023\/11\/CL7700_1.1_website.jpg\" \/>\n\t<meta property=\"og:image:width\" content=\"2198\" \/>\n\t<meta property=\"og:image:height\" content=\"2000\" \/>\n<meta name=\"twitter:card\" content=\"summary_large_image\" \/>\n<meta name=\"twitter:label1\" content=\"Gesch\u00e4tzte Lesezeit\" \/>\n\t<meta name=\"twitter:data1\" content=\"1\u00a0Minute\" \/>\n<script type=\"application\/ld+json\" class=\"yoast-schema-graph\">{\"@context\":\"https:\/\/schema.org\",\"@graph\":[{\"@type\":\"WebSite\",\"@id\":\"https:\/\/geemarc.com\/de\/#website\",\"url\":\"https:\/\/geemarc.com\/de\/\",\"name\":\"Geemarc Germany\",\"description\":\"\",\"potentialAction\":[{\"@type\":\"SearchAction\",\"target\":{\"@type\":\"EntryPoint\",\"urlTemplate\":\"https:\/\/geemarc.com\/de\/?s={search_term_string}\"},\"query-input\":\"required name=search_term_string\"}],\"inLanguage\":\"de\"},{\"@type\":\"ImageObject\",\"@id\":\"https:\/\/geemarc.com\/de\/produkt\/cl7700\/#primaryimage\",\"inLanguage\":\"de\",\"url\":\"https:\/\/geemarc.com\/de\/wp-content\/uploads\/sites\/5\/2023\/11\/CL7700_1.1_website.jpg\",\"contentUrl\":\"https:\/\/geemarc.com\/de\/wp-content\/uploads\/sites\/5\/2023\/11\/CL7700_1.1_website.jpg\",\"width\":2198,\"height\":2000},{\"@type\":\"WebPage\",\"@id\":\"https:\/\/geemarc.com\/de\/produkt\/cl7700\/#webpage\",\"url\":\"https:\/\/geemarc.com\/de\/produkt\/cl7700\/\",\"name\":\"CL7700 OPTI - Geemarc Germany\",\"isPartOf\":{\"@id\":\"https:\/\/geemarc.com\/de\/#website\"},\"primaryImageOfPage\":{\"@id\":\"https:\/\/geemarc.com\/de\/produkt\/cl7700\/#primaryimage\"},\"datePublished\":\"2023-11-08T10:02:11+00:00\",\"dateModified\":\"2025-01-07T13:48:10+00:00\",\"breadcrumb\":{\"@id\":\"https:\/\/geemarc.com\/de\/produkt\/cl7700\/#breadcrumb\"},\"inLanguage\":\"de\",\"potentialAction\":[{\"@type\":\"ReadAction\",\"target\":[\"https:\/\/geemarc.com\/de\/produkt\/cl7700\/\"]}]},{\"@type\":\"BreadcrumbList\",\"@id\":\"https:\/\/geemarc.com\/de\/produkt\/cl7700\/#breadcrumb\",\"itemListElement\":[{\"@type\":\"ListItem\",\"position\":1,\"name\":\"Home\",\"item\":\"https:\/\/geemarc.com\/de\/\"},{\"@type\":\"ListItem\",\"position\":2,\"name\":\"Shop\",\"item\":\"https:\/\/geemarc.com\/de\/shop\/\"},{\"@type\":\"ListItem\",\"position\":3,\"name\":\"CL7700 OPTI\"}]}]}<\/script>\n<!-- \/ Yoast SEO plugin. -->","yoast_head_json":{"title":"CL7700 OPTI - Geemarc Germany","robots":{"index":"index","follow":"follow","max-snippet":"max-snippet:-1","max-image-preview":"max-image-preview:large","max-video-preview":"max-video-preview:-1"},"canonical":"https:\/\/geemarc.com\/de\/produkt\/cl7700\/","og_locale":"de_DE","og_type":"article","og_title":"CL7700 OPTI - Geemarc Germany","og_description":"Verst\u00e4rkter TV-Kopfh\u00f6rer mit optischem Anschluss &amp; Bluetooth","og_url":"https:\/\/geemarc.com\/de\/produkt\/cl7700\/","og_site_name":"Geemarc Germany","article_modified_time":"2025-01-07T13:48:10+00:00","og_image":[{"width":2198,"height":2000,"url":"https:\/\/geemarc.com\/de\/wp-content\/uploads\/sites\/5\/2023\/11\/CL7700_1.1_website.jpg","path":"\/home\/g\/e\/geemarcwp\/public_html\/wp-content\/uploads\/sites\/5\/2023\/11\/CL7700_1.1_website.jpg","size":"full","id":10024,"alt":"","pixels":4396000,"type":"image\/jpeg"}],"twitter_card":"summary_large_image","twitter_misc":{"Gesch\u00e4tzte Lesezeit":"1\u00a0Minute"},"schema":{"@context":"https:\/\/schema.org","@graph":[{"@type":"WebSite","@id":"https:\/\/geemarc.com\/de\/#website","url":"https:\/\/geemarc.com\/de\/","name":"Geemarc Germany","description":"","potentialAction":[{"@type":"SearchAction","target":{"@type":"EntryPoint","urlTemplate":"https:\/\/geemarc.com\/de\/?s={search_term_string}"},"query-input":"required name=search_term_string"}],"inLanguage":"de"},{"@type":"ImageObject","@id":"https:\/\/geemarc.com\/de\/produkt\/cl7700\/#primaryimage","inLanguage":"de","url":"https:\/\/geemarc.com\/de\/wp-content\/uploads\/sites\/5\/2023\/11\/CL7700_1.1_website.jpg","contentUrl":"https:\/\/geemarc.com\/de\/wp-content\/uploads\/sites\/5\/2023\/11\/CL7700_1.1_website.jpg","width":2198,"height":2000},{"@type":"WebPage","@id":"https:\/\/geemarc.com\/de\/produkt\/cl7700\/#webpage","url":"https:\/\/geemarc.com\/de\/produkt\/cl7700\/","name":"CL7700 OPTI - Geemarc Germany","isPartOf":{"@id":"https:\/\/geemarc.com\/de\/#website"},"primaryImageOfPage":{"@id":"https:\/\/geemarc.com\/de\/produkt\/cl7700\/#primaryimage"},"datePublished":"2023-11-08T10:02:11+00:00","dateModified":"2025-01-07T13:48:10+00:00","breadcrumb":{"@id":"https:\/\/geemarc.com\/de\/produkt\/cl7700\/#breadcrumb"},"inLanguage":"de","potentialAction":[{"@type":"ReadAction","target":["https:\/\/geemarc.com\/de\/produkt\/cl7700\/"]}]},{"@type":"BreadcrumbList","@id":"https:\/\/geemarc.com\/de\/produkt\/cl7700\/#breadcrumb","itemListElement":[{"@type":"ListItem","position":1,"name":"Home","item":"https:\/\/geemarc.com\/de\/"},{"@type":"ListItem","position":2,"name":"Shop","item":"https:\/\/geemarc.com\/de\/shop\/"},{"@type":"ListItem","position":3,"name":"CL7700 OPTI"}]}]}},"acf":[],"_links":{"self":[{"href":"https:\/\/geemarc.com\/de\/wp-json\/wp\/v2\/product\/9976"}],"collection":[{"href":"https:\/\/geemarc.com\/de\/wp-json\/wp\/v2\/product"}],"about":[{"href":"https:\/\/geemarc.com\/de\/wp-json\/wp\/v2\/types\/product"}],"wp:featuredmedia":[{"embeddable":true,"href":"https:\/\/geemarc.com\/de\/wp-json\/wp\/v2\/media\/10024"}],"wp:attachment":[{"href":"https:\/\/geemarc.com\/de\/wp-json\/wp\/v2\/media?parent=9976"}],"wp:term":[{"taxonomy":"product_cat","embeddable":true,"href":"https:\/\/geemarc.com\/de\/wp-json\/wp\/v2\/product_cat?post=9976"},{"taxonomy":"product_tag","embeddable":true,"href":"https:\/\/geemarc.com\/de\/wp-json\/wp\/v2\/product_tag?post=9976"}],"curies":[{"name":"wp","href":"https:\/\/api.w.org\/{rel}","templated":true}]}}