{"id":10476,"date":"2023-02-21T09:15:57","date_gmt":"2023-02-21T09:15:57","guid":{"rendered":"https:\/\/geemarc.com\/fr\/?page_id=10476"},"modified":"2023-02-22T11:53:32","modified_gmt":"2023-02-22T11:53:32","slug":"recommandations-pour-le-recyclage","status":"publish","type":"page","link":"https:\/\/geemarc.com\/fr\/recommandations-pour-le-recyclage\/","title":{"rendered":"Recommandations pour le recyclage"},"content":{"rendered":"<p>[vc_row][vc_column][vc_column_text]<\/p>\n<p style=\"text-align: center;\" data-wahfont=\"13\"><span style=\"text-decoration: underline;\"><strong>IDENTIFIANTS UNIQUES<\/strong><\/span><\/p>\n<p data-wahfont=\"13\">En application de l\u2019article L. 541-10-13 du Code de l\u2019environnement, notre Soci\u00e9t\u00e9 Geemarc Telecom S.A. (code SIRET 400 892 600 00026) s\u2019est vu attribu\u00e9e par l\u2019ADEME les identifiants uniques suivants :<\/p>\n<p data-wahfont=\"13\">\u2013 fili\u00e8re DEEE :\u00a0 \u00a0 \u00a0 \u00a0 \u00a0 \u00a0 \u00a0 \u00a0 \u00a0 \u00a0 \u00a0 \u00a0 \u00a0 \u00a0 \u00a0 \u00a0 \u00a0 \u00a0 \u00a0 \u00a0 IDU FR000988_05Z6CP<br \/>\n\u2013 fili\u00e8re Piles et Accumulateurs :\u00a0 \u00a0 \u00a0 \u00a0 IDU FR000988_06XDE6<br \/>\n\u2013 fili\u00e8re Emballages :\u00a0 \u00a0 \u00a0 \u00a0 \u00a0 \u00a0 \u00a0 \u00a0 \u00a0 \u00a0 \u00a0 \u00a0 \u00a0 \u00a0 IDU FR210913_01GVOO<\/p>\n<p data-wahfont=\"13\">Ces identifiants attestent que notre soci\u00e9t\u00e9 s\u2019est acquitt\u00e9e de ces obligations d\u2019enregistrement aux registres des Producteurs des cat\u00e9gories de produits pr\u00e9cit\u00e9es et de ses obligations de d\u00e9clarations de mises sur le march\u00e9 aupr\u00e8s des \u00e9co-organismes agr\u00e9\u00e9s pour chacune de ces cat\u00e9gories de produits.<\/p>\n<p>[\/vc_column_text][\/vc_column][\/vc_row][vc_row][vc_column][vc_separator type=&#8221;dashed&#8221;][\/vc_column][\/vc_row][vc_row][vc_column][vc_single_image image=&#8221;10478&#8243; img_size=&#8221;large&#8221; alignment=&#8221;center&#8221; onclick=&#8221;zoom&#8221;][\/vc_column][\/vc_row]<\/p>\n","protected":false},"excerpt":{"rendered":"<p>[vc_row][vc_column][vc_column_text] IDENTIFIANTS UNIQUES En application de l\u2019article L. 541-10-13 du Code de l\u2019environnement, notre Soci\u00e9t\u00e9 Geemarc Telecom S.A. (code SIRET 400 892 600 00026) s\u2019est vu attribu\u00e9e par l\u2019ADEME les identifiants uniques suivants : \u2013 fili\u00e8re DEEE :\u00a0 \u00a0 \u00a0 \u00a0 \u00a0 \u00a0 \u00a0 \u00a0 \u00a0 \u00a0 \u00a0 \u00a0 \u00a0&#8230;<\/p>\n","protected":false},"author":1188,"featured_media":0,"parent":0,"menu_order":0,"comment_status":"closed","ping_status":"closed","template":"","meta":[],"yoast_head":"<!-- This site is optimized with the Yoast SEO plugin v16.9 - https:\/\/yoast.com\/wordpress\/plugins\/seo\/ -->\n<title>Recommandations pour le recyclage - Geemarc France<\/title>\n<meta name=\"robots\" content=\"index, follow, max-snippet:-1, max-image-preview:large, max-video-preview:-1\" \/>\n<link rel=\"canonical\" href=\"https:\/\/geemarc.com\/fr\/recommandations-pour-le-recyclage\/\" \/>\n<meta property=\"og:locale\" content=\"fr_FR\" \/>\n<meta property=\"og:type\" content=\"article\" \/>\n<meta property=\"og:title\" content=\"Recommandations pour le recyclage - Geemarc France\" \/>\n<meta property=\"og:description\" content=\"[vc_row][vc_column][vc_column_text] IDENTIFIANTS UNIQUES En application de l\u2019article L. 541-10-13 du Code de l\u2019environnement, notre Soci\u00e9t\u00e9 Geemarc Telecom S.A. (code SIRET 400 892 600 00026) s\u2019est vu attribu\u00e9e par l\u2019ADEME les identifiants uniques suivants : \u2013 fili\u00e8re DEEE :\u00a0 \u00a0 \u00a0 \u00a0 \u00a0 \u00a0 \u00a0 \u00a0 \u00a0 \u00a0 \u00a0 \u00a0 \u00a0...\" \/>\n<meta property=\"og:url\" content=\"https:\/\/geemarc.com\/fr\/recommandations-pour-le-recyclage\/\" \/>\n<meta property=\"og:site_name\" content=\"Geemarc France\" \/>\n<meta property=\"article:modified_time\" content=\"2023-02-22T11:53:32+00:00\" \/>\n<meta name=\"twitter:card\" content=\"summary_large_image\" \/>\n<meta name=\"twitter:label1\" content=\"Dur\u00e9e de lecture est.\" \/>\n\t<meta name=\"twitter:data1\" content=\"1 minute\" \/>\n<script type=\"application\/ld+json\" class=\"yoast-schema-graph\">{\"@context\":\"https:\/\/schema.org\",\"@graph\":[{\"@type\":\"WebSite\",\"@id\":\"https:\/\/geemarc.com\/fr\/#website\",\"url\":\"https:\/\/geemarc.com\/fr\/\",\"name\":\"Geemarc France\",\"description\":\"\",\"potentialAction\":[{\"@type\":\"SearchAction\",\"target\":{\"@type\":\"EntryPoint\",\"urlTemplate\":\"https:\/\/geemarc.com\/fr\/?s={search_term_string}\"},\"query-input\":\"required name=search_term_string\"}],\"inLanguage\":\"fr-FR\"},{\"@type\":\"WebPage\",\"@id\":\"https:\/\/geemarc.com\/fr\/recommandations-pour-le-recyclage\/#webpage\",\"url\":\"https:\/\/geemarc.com\/fr\/recommandations-pour-le-recyclage\/\",\"name\":\"Recommandations pour le recyclage - Geemarc France\",\"isPartOf\":{\"@id\":\"https:\/\/geemarc.com\/fr\/#website\"},\"datePublished\":\"2023-02-21T09:15:57+00:00\",\"dateModified\":\"2023-02-22T11:53:32+00:00\",\"breadcrumb\":{\"@id\":\"https:\/\/geemarc.com\/fr\/recommandations-pour-le-recyclage\/#breadcrumb\"},\"inLanguage\":\"fr-FR\",\"potentialAction\":[{\"@type\":\"ReadAction\",\"target\":[\"https:\/\/geemarc.com\/fr\/recommandations-pour-le-recyclage\/\"]}]},{\"@type\":\"BreadcrumbList\",\"@id\":\"https:\/\/geemarc.com\/fr\/recommandations-pour-le-recyclage\/#breadcrumb\",\"itemListElement\":[{\"@type\":\"ListItem\",\"position\":1,\"name\":\"Home\",\"item\":\"https:\/\/geemarc.com\/fr\/\"},{\"@type\":\"ListItem\",\"position\":2,\"name\":\"Recommandations pour le recyclage\"}]}]}<\/script>\n<!-- \/ Yoast SEO plugin. -->","yoast_head_json":{"title":"Recommandations pour le recyclage - Geemarc France","robots":{"index":"index","follow":"follow","max-snippet":"max-snippet:-1","max-image-preview":"max-image-preview:large","max-video-preview":"max-video-preview:-1"},"canonical":"https:\/\/geemarc.com\/fr\/recommandations-pour-le-recyclage\/","og_locale":"fr_FR","og_type":"article","og_title":"Recommandations pour le recyclage - Geemarc France","og_description":"[vc_row][vc_column][vc_column_text] IDENTIFIANTS UNIQUES En application de l\u2019article L. 541-10-13 du Code de l\u2019environnement, notre Soci\u00e9t\u00e9 Geemarc Telecom S.A. (code SIRET 400 892 600 00026) s\u2019est vu attribu\u00e9e par l\u2019ADEME les identifiants uniques suivants : \u2013 fili\u00e8re DEEE :\u00a0 \u00a0 \u00a0 \u00a0 \u00a0 \u00a0 \u00a0 \u00a0 \u00a0 \u00a0 \u00a0 \u00a0 \u00a0...","og_url":"https:\/\/geemarc.com\/fr\/recommandations-pour-le-recyclage\/","og_site_name":"Geemarc France","article_modified_time":"2023-02-22T11:53:32+00:00","twitter_card":"summary_large_image","twitter_misc":{"Dur\u00e9e de lecture est.":"1 minute"},"schema":{"@context":"https:\/\/schema.org","@graph":[{"@type":"WebSite","@id":"https:\/\/geemarc.com\/fr\/#website","url":"https:\/\/geemarc.com\/fr\/","name":"Geemarc France","description":"","potentialAction":[{"@type":"SearchAction","target":{"@type":"EntryPoint","urlTemplate":"https:\/\/geemarc.com\/fr\/?s={search_term_string}"},"query-input":"required name=search_term_string"}],"inLanguage":"fr-FR"},{"@type":"WebPage","@id":"https:\/\/geemarc.com\/fr\/recommandations-pour-le-recyclage\/#webpage","url":"https:\/\/geemarc.com\/fr\/recommandations-pour-le-recyclage\/","name":"Recommandations pour le recyclage - Geemarc France","isPartOf":{"@id":"https:\/\/geemarc.com\/fr\/#website"},"datePublished":"2023-02-21T09:15:57+00:00","dateModified":"2023-02-22T11:53:32+00:00","breadcrumb":{"@id":"https:\/\/geemarc.com\/fr\/recommandations-pour-le-recyclage\/#breadcrumb"},"inLanguage":"fr-FR","potentialAction":[{"@type":"ReadAction","target":["https:\/\/geemarc.com\/fr\/recommandations-pour-le-recyclage\/"]}]},{"@type":"BreadcrumbList","@id":"https:\/\/geemarc.com\/fr\/recommandations-pour-le-recyclage\/#breadcrumb","itemListElement":[{"@type":"ListItem","position":1,"name":"Home","item":"https:\/\/geemarc.com\/fr\/"},{"@type":"ListItem","position":2,"name":"Recommandations pour le recyclage"}]}]}},"acf":[],"_links":{"self":[{"href":"https:\/\/geemarc.com\/fr\/wp-json\/wp\/v2\/pages\/10476"}],"collection":[{"href":"https:\/\/geemarc.com\/fr\/wp-json\/wp\/v2\/pages"}],"about":[{"href":"https:\/\/geemarc.com\/fr\/wp-json\/wp\/v2\/types\/page"}],"author":[{"embeddable":true,"href":"https:\/\/geemarc.com\/fr\/wp-json\/wp\/v2\/users\/1188"}],"replies":[{"embeddable":true,"href":"https:\/\/geemarc.com\/fr\/wp-json\/wp\/v2\/comments?post=10476"}],"version-history":[{"count":10,"href":"https:\/\/geemarc.com\/fr\/wp-json\/wp\/v2\/pages\/10476\/revisions"}],"predecessor-version":[{"id":10490,"href":"https:\/\/geemarc.com\/fr\/wp-json\/wp\/v2\/pages\/10476\/revisions\/10490"}],"wp:attachment":[{"href":"https:\/\/geemarc.com\/fr\/wp-json\/wp\/v2\/media?parent=10476"}],"curies":[{"name":"wp","href":"https:\/\/api.w.org\/{rel}","templated":true}]}}