{"id":13,"date":"2011-07-07T13:20:10","date_gmt":"2011-07-07T13:20:10","guid":{"rendered":"http:\/\/geemarc.com\/fr\/2011\/07\/07\/contact-us\/"},"modified":"2025-01-16T09:52:52","modified_gmt":"2025-01-16T09:52:52","slug":"contact-us","status":"publish","type":"page","link":"https:\/\/geemarc.com\/fr\/contact-us\/","title":{"rendered":"Contactez-nous"},"content":{"rendered":"<div align=\"left\">\n<p><strong>Geemarc Telecom S.A.<img loading=\"lazy\" class=\" wp-image-9568 alignright\" src=\"https:\/\/geemarc.com\/fr\/wp-content\/uploads\/sites\/3\/2022\/03\/shutterstock_1177476724_resized-300x200.jpg\" alt=\"\" width=\"590\" height=\"393\" srcset=\"https:\/\/geemarc.com\/fr\/wp-content\/uploads\/sites\/3\/2022\/03\/shutterstock_1177476724_resized-300x200.jpg 300w, https:\/\/geemarc.com\/fr\/wp-content\/uploads\/sites\/3\/2022\/03\/shutterstock_1177476724_resized-1024x683.jpg 1024w, https:\/\/geemarc.com\/fr\/wp-content\/uploads\/sites\/3\/2022\/03\/shutterstock_1177476724_resized-768x512.jpg 768w, https:\/\/geemarc.com\/fr\/wp-content\/uploads\/sites\/3\/2022\/03\/shutterstock_1177476724_resized-30x20.jpg 30w, https:\/\/geemarc.com\/fr\/wp-content\/uploads\/sites\/3\/2022\/03\/shutterstock_1177476724_resized-100x67.jpg 100w, https:\/\/geemarc.com\/fr\/wp-content\/uploads\/sites\/3\/2022\/03\/shutterstock_1177476724_resized-600x400.jpg 600w, https:\/\/geemarc.com\/fr\/wp-content\/uploads\/sites\/3\/2022\/03\/shutterstock_1177476724_resized.jpg 1048w\" sizes=\"(max-width: 590px) 100vw, 590px\" \/><\/strong><br \/>\nParc de l&#8217;\u00e9toile\u00a0, 2 rue Galil\u00e9e<br \/>\n59760 GRANDE SYNTHE, FRANCE<\/p>\n<p>Tel : + 33 (0) 3 28 58 75 75<br \/>\nFax : + 33 (0) 3 28 58 75 76<\/p>\n<p><strong>Assistance technique :<\/strong><\/p>\n<p>Merci d&#8217;avoir choisi un produit Geemarc. Nous esp\u00e9rons qu&#8217;il vous donnera enti\u00e8re satisfaction. N&#8217;h\u00e9sitez pas \u00e0 partager votre opinion en laissant un commentaire positif chez votre vendeur. Toutefois si vous rencontrez des difficult\u00e9s avec ce produit, faites-le nous savoir soit par email \u00e0\u00a0 <a href=\"mailto:sav@geemarc.fr\"><strong>sav@geemarc.fr<\/strong><\/a> soit par t\u00e9l\u00e9phone au<strong> 03 28 58 75 99 <\/strong>du lundi au jeudi de<strong> 8h30 <\/strong>\u00e0<strong> 17h00 <\/strong>et le\u00a0vendredi de<strong> 8h30 <\/strong>\u00e0<strong> 16h00.<\/strong><\/p>\n<p><strong>Soci\u00e9t\u00e9 anonyme au capital de 1\u00a0391\u00a0859. 53 euros<\/strong><\/p>\n<p><span style=\"text-decoration: underline;\">Num\u00e9ro d\u2019immatriculation au Registre du Commerce et des Soci\u00e9t\u00e9s\u00a0:<\/span><\/p>\n<p>400\u00a0892\u00a0600 RCS DUNKERQUE<\/p>\n<p><span style=\"text-decoration: underline;\">Num\u00e9ro TVA Intracommunautaire :<\/span><\/p>\n<p>FR32400892600<\/p>\n<p>&nbsp;<\/p>\n<p><span style=\"text-decoration: underline;\"><strong>Renseignements g\u00e9n\u00e9raux:<\/strong><\/span><\/p>\n<p><a href=\"mailto:reception@geemarc.fr\">reception@geemarc.fr<\/a><\/p>\n<p><span style=\"text-decoration: underline;\"><strong>Renseignements techniques :<\/strong><\/span><\/p>\n<p><a href=\"mailto:sav@geemarc.fr\">sav@geemarc.fr<\/a><\/p>\n<p>&nbsp;<\/p>\n<p><strong><span style=\"text-decoration: underline;\">Responsable publication site internet :<\/span><\/strong><\/p>\n<p>Gabriel Lherbier<\/p>\n<p>&nbsp;<\/p>\n<\/div>\n<p>&nbsp;<\/p>\n","protected":false},"excerpt":{"rendered":"<p>Geemarc Telecom S.A. Parc de l&#8217;\u00e9toile\u00a0, 2 rue Galil\u00e9e 59760 GRANDE SYNTHE, FRANCE Tel : + 33 (0) 3 28 58 75 75 Fax : + 33 (0) 3 28 58 75 76 Assistance technique : Merci d&#8217;avoir choisi un produit Geemarc. Nous esp\u00e9rons qu&#8217;il vous donnera enti\u00e8re satisfaction. N&#8217;h\u00e9sitez&#8230;<\/p>\n","protected":false},"author":2,"featured_media":0,"parent":0,"menu_order":5,"comment_status":"open","ping_status":"open","template":"","meta":[],"yoast_head":"<!-- This site is optimized with the Yoast SEO plugin v16.9 - https:\/\/yoast.com\/wordpress\/plugins\/seo\/ -->\n<title>Contactez-nous - Geemarc France<\/title>\n<meta name=\"robots\" content=\"index, follow, max-snippet:-1, max-image-preview:large, max-video-preview:-1\" \/>\n<link rel=\"canonical\" href=\"https:\/\/geemarc.com\/fr\/contact-us\/\" \/>\n<meta property=\"og:locale\" content=\"fr_FR\" \/>\n<meta property=\"og:type\" content=\"article\" \/>\n<meta property=\"og:title\" content=\"Contactez-nous - Geemarc France\" \/>\n<meta property=\"og:description\" content=\"Geemarc Telecom S.A. Parc de l&#8217;\u00e9toile\u00a0, 2 rue Galil\u00e9e 59760 GRANDE SYNTHE, FRANCE Tel : + 33 (0) 3 28 58 75 75 Fax : + 33 (0) 3 28 58 75 76 Assistance technique : Merci d&#8217;avoir choisi un produit Geemarc. Nous esp\u00e9rons qu&#8217;il vous donnera enti\u00e8re satisfaction. N&#8217;h\u00e9sitez...\" \/>\n<meta property=\"og:url\" content=\"https:\/\/geemarc.com\/fr\/contact-us\/\" \/>\n<meta property=\"og:site_name\" content=\"Geemarc France\" \/>\n<meta property=\"article:modified_time\" content=\"2025-01-16T09:52:52+00:00\" \/>\n<meta property=\"og:image\" content=\"https:\/\/geemarc.com\/fr\/wp-content\/uploads\/sites\/3\/2022\/03\/shutterstock_1177476724_resized-300x200.jpg\" \/>\n<meta name=\"twitter:card\" content=\"summary_large_image\" \/>\n<meta name=\"twitter:label1\" content=\"Dur\u00e9e de lecture est.\" \/>\n\t<meta name=\"twitter:data1\" content=\"1 minute\" \/>\n<script type=\"application\/ld+json\" class=\"yoast-schema-graph\">{\"@context\":\"https:\/\/schema.org\",\"@graph\":[{\"@type\":\"WebSite\",\"@id\":\"https:\/\/geemarc.com\/fr\/#website\",\"url\":\"https:\/\/geemarc.com\/fr\/\",\"name\":\"Geemarc France\",\"description\":\"\",\"potentialAction\":[{\"@type\":\"SearchAction\",\"target\":{\"@type\":\"EntryPoint\",\"urlTemplate\":\"https:\/\/geemarc.com\/fr\/?s={search_term_string}\"},\"query-input\":\"required name=search_term_string\"}],\"inLanguage\":\"fr-FR\"},{\"@type\":\"ImageObject\",\"@id\":\"https:\/\/geemarc.com\/fr\/contact-us\/#primaryimage\",\"inLanguage\":\"fr-FR\",\"url\":\"https:\/\/geemarc.com\/fr\/wp-content\/uploads\/sites\/3\/2022\/03\/shutterstock_1177476724_resized.jpg\",\"contentUrl\":\"https:\/\/geemarc.com\/fr\/wp-content\/uploads\/sites\/3\/2022\/03\/shutterstock_1177476724_resized.jpg\",\"width\":1048,\"height\":699},{\"@type\":\"WebPage\",\"@id\":\"https:\/\/geemarc.com\/fr\/contact-us\/#webpage\",\"url\":\"https:\/\/geemarc.com\/fr\/contact-us\/\",\"name\":\"Contactez-nous - Geemarc France\",\"isPartOf\":{\"@id\":\"https:\/\/geemarc.com\/fr\/#website\"},\"primaryImageOfPage\":{\"@id\":\"https:\/\/geemarc.com\/fr\/contact-us\/#primaryimage\"},\"datePublished\":\"2011-07-07T13:20:10+00:00\",\"dateModified\":\"2025-01-16T09:52:52+00:00\",\"breadcrumb\":{\"@id\":\"https:\/\/geemarc.com\/fr\/contact-us\/#breadcrumb\"},\"inLanguage\":\"fr-FR\",\"potentialAction\":[{\"@type\":\"ReadAction\",\"target\":[\"https:\/\/geemarc.com\/fr\/contact-us\/\"]}]},{\"@type\":\"BreadcrumbList\",\"@id\":\"https:\/\/geemarc.com\/fr\/contact-us\/#breadcrumb\",\"itemListElement\":[{\"@type\":\"ListItem\",\"position\":1,\"name\":\"Home\",\"item\":\"https:\/\/geemarc.com\/fr\/\"},{\"@type\":\"ListItem\",\"position\":2,\"name\":\"Contactez-nous\"}]}]}<\/script>\n<!-- \/ Yoast SEO plugin. -->","yoast_head_json":{"title":"Contactez-nous - Geemarc France","robots":{"index":"index","follow":"follow","max-snippet":"max-snippet:-1","max-image-preview":"max-image-preview:large","max-video-preview":"max-video-preview:-1"},"canonical":"https:\/\/geemarc.com\/fr\/contact-us\/","og_locale":"fr_FR","og_type":"article","og_title":"Contactez-nous - Geemarc France","og_description":"Geemarc Telecom S.A. Parc de l&#8217;\u00e9toile\u00a0, 2 rue Galil\u00e9e 59760 GRANDE SYNTHE, FRANCE Tel : + 33 (0) 3 28 58 75 75 Fax : + 33 (0) 3 28 58 75 76 Assistance technique : Merci d&#8217;avoir choisi un produit Geemarc. Nous esp\u00e9rons qu&#8217;il vous donnera enti\u00e8re satisfaction. N&#8217;h\u00e9sitez...","og_url":"https:\/\/geemarc.com\/fr\/contact-us\/","og_site_name":"Geemarc France","article_modified_time":"2025-01-16T09:52:52+00:00","og_image":[{"url":"https:\/\/geemarc.com\/fr\/wp-content\/uploads\/sites\/3\/2022\/03\/shutterstock_1177476724_resized-300x200.jpg"}],"twitter_card":"summary_large_image","twitter_misc":{"Dur\u00e9e de lecture est.":"1 minute"},"schema":{"@context":"https:\/\/schema.org","@graph":[{"@type":"WebSite","@id":"https:\/\/geemarc.com\/fr\/#website","url":"https:\/\/geemarc.com\/fr\/","name":"Geemarc France","description":"","potentialAction":[{"@type":"SearchAction","target":{"@type":"EntryPoint","urlTemplate":"https:\/\/geemarc.com\/fr\/?s={search_term_string}"},"query-input":"required name=search_term_string"}],"inLanguage":"fr-FR"},{"@type":"ImageObject","@id":"https:\/\/geemarc.com\/fr\/contact-us\/#primaryimage","inLanguage":"fr-FR","url":"https:\/\/geemarc.com\/fr\/wp-content\/uploads\/sites\/3\/2022\/03\/shutterstock_1177476724_resized.jpg","contentUrl":"https:\/\/geemarc.com\/fr\/wp-content\/uploads\/sites\/3\/2022\/03\/shutterstock_1177476724_resized.jpg","width":1048,"height":699},{"@type":"WebPage","@id":"https:\/\/geemarc.com\/fr\/contact-us\/#webpage","url":"https:\/\/geemarc.com\/fr\/contact-us\/","name":"Contactez-nous - Geemarc France","isPartOf":{"@id":"https:\/\/geemarc.com\/fr\/#website"},"primaryImageOfPage":{"@id":"https:\/\/geemarc.com\/fr\/contact-us\/#primaryimage"},"datePublished":"2011-07-07T13:20:10+00:00","dateModified":"2025-01-16T09:52:52+00:00","breadcrumb":{"@id":"https:\/\/geemarc.com\/fr\/contact-us\/#breadcrumb"},"inLanguage":"fr-FR","potentialAction":[{"@type":"ReadAction","target":["https:\/\/geemarc.com\/fr\/contact-us\/"]}]},{"@type":"BreadcrumbList","@id":"https:\/\/geemarc.com\/fr\/contact-us\/#breadcrumb","itemListElement":[{"@type":"ListItem","position":1,"name":"Home","item":"https:\/\/geemarc.com\/fr\/"},{"@type":"ListItem","position":2,"name":"Contactez-nous"}]}]}},"acf":[],"_links":{"self":[{"href":"https:\/\/geemarc.com\/fr\/wp-json\/wp\/v2\/pages\/13"}],"collection":[{"href":"https:\/\/geemarc.com\/fr\/wp-json\/wp\/v2\/pages"}],"about":[{"href":"https:\/\/geemarc.com\/fr\/wp-json\/wp\/v2\/types\/page"}],"author":[{"embeddable":true,"href":"https:\/\/geemarc.com\/fr\/wp-json\/wp\/v2\/users\/2"}],"replies":[{"embeddable":true,"href":"https:\/\/geemarc.com\/fr\/wp-json\/wp\/v2\/comments?post=13"}],"version-history":[{"count":25,"href":"https:\/\/geemarc.com\/fr\/wp-json\/wp\/v2\/pages\/13\/revisions"}],"predecessor-version":[{"id":11495,"href":"https:\/\/geemarc.com\/fr\/wp-json\/wp\/v2\/pages\/13\/revisions\/11495"}],"wp:attachment":[{"href":"https:\/\/geemarc.com\/fr\/wp-json\/wp\/v2\/media?parent=13"}],"curies":[{"name":"wp","href":"https:\/\/api.w.org\/{rel}","templated":true}]}}