{"id":10019,"date":"2022-07-12T07:34:11","date_gmt":"2022-07-12T07:34:11","guid":{"rendered":"https:\/\/geemarc.com\/fr\/?post_type=product&#038;p=10019"},"modified":"2025-06-05T12:34:47","modified_gmt":"2025-06-05T12:34:47","slug":"cl8600","status":"publish","type":"product","link":"https:\/\/geemarc.com\/fr\/product\/cl8600\/","title":{"rendered":"CL8600"},"content":{"rendered":"<p><strong>APPELER\/R\u00c9PONDRE<\/strong><\/p>\n<ul>\n<li>Compatible appareil auditif M4\/T4<\/li>\n<li>Volume de r\u00e9ceptions max : 40dB avec touches + et &#8211;<\/li>\n<li>2 m\u00e9moires directes, M1, M2<\/li>\n<li>Clavier :\n<ul>\n<li>Larges touches<\/li>\n<li>Clavier parlant<\/li>\n<li>R\u00e9tro-\u00e9clairage blanc<\/li>\n<li>Fort contraste<\/li>\n<\/ul>\n<\/li>\n<li>R\u00e9pertoire : 2000 contacts sur le t\u00e9l\u00e9phone, 250 sur la carte SIM<\/li>\n<li>Touche d\u2019acc\u00e8s rapide au menu<\/li>\n<li>Message d\u2019appel en absence et de message en attente<\/li>\n<li>Fonction silencieux<\/li>\n<\/ul>\n<p>&nbsp;<\/p>\n<p><strong>\u00c9CRAN LCD<\/strong><\/p>\n<ul>\n<li>Grand \u00e9cran LCD couleur -2.8\u201d<\/li>\n<li>16 langages : Anglais, Fran\u00e7ais, Allemand, N\u00e9erlandais, Espagnol, Italien, Portugais, Danois, Norv\u00e9gien, Su\u00e9dois, Finnois, Polonais, Hongrois, H\u00e9breu, Chinois simplifi\u00e9 et Chinois traditionnel<\/li>\n<li>Menu navigation<\/li>\n<li>Horodatage<\/li>\n<li>Indication du temps de communication<\/li>\n<\/ul>\n<p>&nbsp;<\/p>\n<p><strong>T\u00c9L\u00c9PHONE PARLANT<\/strong><\/p>\n<ul>\n<li>Annonce vocale de l\u2019appel entrant<\/li>\n<li>Clavier parlant 16 langages (voir \u201c\u00c9CRAN LCD\u201d)<\/li>\n<\/ul>\n<p>&nbsp;<\/p>\n<p><strong>FONCTION D\u2019APPEL D\u2019URGENCE<\/strong><\/p>\n<ul>\n<li>Bouton SOS pour lancer un appel d\u2019urgence<\/li>\n<li>5 num\u00e9ros programmables<\/li>\n<li>Confirmation de l\u2019appel d\u2019urgence par un signal sonore<\/li>\n<li>Syst\u00e8me de G\u00e9olocalisation\u00a0: appuyez sur le bouton SOS et le t\u00e9l\u00e9phone enverra automatiquement un message avec votre position actuelle aux num\u00e9ros programm\u00e9s<\/li>\n<li>Possibilit\u00e9 de g\u00e9olocaliser la personne poss\u00e9dant le CL8600 en lui envoyant un SMS (seulement si le num\u00e9ro est dans la liste SOS)<\/li>\n<\/ul>\n<p>&nbsp;<\/p>\n<div id=\"threesixty-slider-10024_1ooqea\" class=\"threesixty-loading threesixty-image threesixty-dark-blue threesixty-vintage threesixty-no-border\" style=\"width: 600px;\">\r\n\t<div class=\"threesixty-preview-10024_1ooqea\"><img class=\"threesixty-preview-image\" src=\"https:\/\/geemarc.com\/fr\/wp-content\/uploads\/sites\/3\/2022\/07\/DSC_0082.jpg\"\/><\/div>\r\n\t<div class=\"threesixty-spinner threesixty-spinner-10024_1ooqea\">\r\n\t\t<span>0%<\/span>\r\n\t<\/div>\r\n\t<ol class=\"threesixty-images threesixty-images-10024_1ooqea\"><\/ol>\r\n\t\t\t<a href=\"#threesixty-slider-10024_1ooqea\" class=\"threesixty-mfp-anchor\"><\/a>\r\n\t<\/div>\r\n<!--SPV--><script type=\"text\/javascript\">\/\/SPV\r\n(function($) {\r\n\t\t$('#threesixty-slider-10024_1ooqea .threesixty-mfp-anchor').magnificPopup({\r\n\t\ttype:'inline',\r\n\t\tcloseOnBgClick: true,\r\n\t\tmidClick: true,\r\n\t\t\/\/removalDelay: 300,\r\n  \t\t\/\/mainClass: 'mfp-fade',\r\n\t\tcallbacks: {\r\n\t\t\t resize: function() {\r\n\t\t\t \tvar originalHeight \t= 424,\r\n\t\t\t \t\toriginalWidth \t= 600,\r\n\t\t\t \t\tmfpHeight \t\t= 424,\r\n\t\t\t \t\tmfpWidth \t\t= 600,\r\n\t\t\t \t\tratio \t\t\t= originalWidth \/ originalHeight,\r\n\t\t\t \t\twinHeight \t\t= $(window).height(),\r\n\t\t\t \t\twinWidth \t\t= $(window).width();\r\n\t\t\t \t\r\n\t\t\t \tif ( originalHeight > winHeight * 0.9 ) {\r\n\t\t\t \t\tmfpHeight \t\t= winHeight * 0.9;\r\n\t\t\t \t\tmfpWidth \t\t= mfpHeight * ratio;\r\n\t\t\t\t}\r\n\t\t\t\tif ( mfpWidth > winWidth * 0.9 ) {\r\n\t\t\t \t\tmfpWidth \t\t= winWidth * 0.9;\r\n\t\t\t \t\tmfpHeight \t\t= mfpWidth \/ ratio;\r\n\t\t\t\t}\r\n\t\t\t \tif ( mfpHeight < originalHeight && mfpWidth < originalWidth ) {\r\n\t\t\t\t    $('#threesixty-slider-10024_1ooqea').height(mfpHeight);\r\n\t\t\t\t    $('#threesixty-slider-10024_1ooqea').width(mfpWidth);\r\n\t\t\t\t} \r\n\t\t\t\telse {\r\n\t\t\t\t    $('#threesixty-slider-10024_1ooqea').height(originalHeight);\r\n\t\t\t\t    $('#threesixty-slider-10024_1ooqea').width(originalWidth);\r\n\t\t\t\t}\r\n\t\t\t},\r\n\t\t\tclose: function() {\r\n\t\t\t    $('#threesixty-slider-10024_1ooqea').height('auto');\r\n\t\t\t    $('#threesixty-slider-10024_1ooqea').width(600);\r\n\t\t\t}\r\n\t\t},\r\n\t\tcloseMarkup :\"<button class=\\\"mfp-close\\\"><\/button>\"\r\n\t});\r\n\t\tvar product_10024_1ooqea = $('#threesixty-slider-10024_1ooqea').ThreeSixty({\r\n\t\ttotalFrames: 36,\r\n\t\tendFrame: 0,\r\n\t\tcurrentFrame: 36,\r\n\t\timgList: '.threesixty-images-10024_1ooqea',\r\n\t\tprogress: '.threesixty-spinner-10024_1ooqea',\r\n\t\tpreview: '.threesixty-preview-10024_1ooqea',\r\n\t\timages: ['https:\/\/geemarc.com\/fr\/wp-content\/uploads\/sites\/3\/2022\/07\/DSC_0117.jpg','https:\/\/geemarc.com\/fr\/wp-content\/uploads\/sites\/3\/2022\/07\/DSC_0116.jpg','https:\/\/geemarc.com\/fr\/wp-content\/uploads\/sites\/3\/2022\/07\/DSC_0115.jpg','https:\/\/geemarc.com\/fr\/wp-content\/uploads\/sites\/3\/2022\/07\/DSC_0114.jpg','https:\/\/geemarc.com\/fr\/wp-content\/uploads\/sites\/3\/2022\/07\/DSC_0113.jpg','https:\/\/geemarc.com\/fr\/wp-content\/uploads\/sites\/3\/2022\/07\/DSC_0112.jpg','https:\/\/geemarc.com\/fr\/wp-content\/uploads\/sites\/3\/2022\/07\/DSC_0111.jpg','https:\/\/geemarc.com\/fr\/wp-content\/uploads\/sites\/3\/2022\/07\/DSC_0110.jpg','https:\/\/geemarc.com\/fr\/wp-content\/uploads\/sites\/3\/2022\/07\/DSC_0109.jpg','https:\/\/geemarc.com\/fr\/wp-content\/uploads\/sites\/3\/2022\/07\/DSC_0108.jpg','https:\/\/geemarc.com\/fr\/wp-content\/uploads\/sites\/3\/2022\/07\/DSC_0107.jpg','https:\/\/geemarc.com\/fr\/wp-content\/uploads\/sites\/3\/2022\/07\/DSC_0106.jpg','https:\/\/geemarc.com\/fr\/wp-content\/uploads\/sites\/3\/2022\/07\/DSC_0105.jpg','https:\/\/geemarc.com\/fr\/wp-content\/uploads\/sites\/3\/2022\/07\/DSC_0104.jpg','https:\/\/geemarc.com\/fr\/wp-content\/uploads\/sites\/3\/2022\/07\/DSC_0103.jpg','https:\/\/geemarc.com\/fr\/wp-content\/uploads\/sites\/3\/2022\/07\/DSC_0102.jpg','https:\/\/geemarc.com\/fr\/wp-content\/uploads\/sites\/3\/2022\/07\/DSC_0101.jpg','https:\/\/geemarc.com\/fr\/wp-content\/uploads\/sites\/3\/2022\/07\/DSC_0100.jpg','https:\/\/geemarc.com\/fr\/wp-content\/uploads\/sites\/3\/2022\/07\/DSC_0099.jpg','https:\/\/geemarc.com\/fr\/wp-content\/uploads\/sites\/3\/2022\/07\/DSC_0098.jpg','https:\/\/geemarc.com\/fr\/wp-content\/uploads\/sites\/3\/2022\/07\/DSC_0097.jpg','https:\/\/geemarc.com\/fr\/wp-content\/uploads\/sites\/3\/2022\/07\/DSC_0096.jpg','https:\/\/geemarc.com\/fr\/wp-content\/uploads\/sites\/3\/2022\/07\/DSC_0095.jpg','https:\/\/geemarc.com\/fr\/wp-content\/uploads\/sites\/3\/2022\/07\/DSC_0094.jpg','https:\/\/geemarc.com\/fr\/wp-content\/uploads\/sites\/3\/2022\/07\/DSC_0093.jpg','https:\/\/geemarc.com\/fr\/wp-content\/uploads\/sites\/3\/2022\/07\/DSC_0092.jpg','https:\/\/geemarc.com\/fr\/wp-content\/uploads\/sites\/3\/2022\/07\/DSC_0091.jpg','https:\/\/geemarc.com\/fr\/wp-content\/uploads\/sites\/3\/2022\/07\/DSC_0090.jpg','https:\/\/geemarc.com\/fr\/wp-content\/uploads\/sites\/3\/2022\/07\/DSC_0089.jpg','https:\/\/geemarc.com\/fr\/wp-content\/uploads\/sites\/3\/2022\/07\/DSC_0088.jpg','https:\/\/geemarc.com\/fr\/wp-content\/uploads\/sites\/3\/2022\/07\/DSC_0087.jpg','https:\/\/geemarc.com\/fr\/wp-content\/uploads\/sites\/3\/2022\/07\/DSC_0086.jpg','https:\/\/geemarc.com\/fr\/wp-content\/uploads\/sites\/3\/2022\/07\/DSC_0085.jpg','https:\/\/geemarc.com\/fr\/wp-content\/uploads\/sites\/3\/2022\/07\/DSC_0084.jpg','https:\/\/geemarc.com\/fr\/wp-content\/uploads\/sites\/3\/2022\/07\/DSC_0083.jpg','https:\/\/geemarc.com\/fr\/wp-content\/uploads\/sites\/3\/2022\/07\/DSC_0082.jpg'],\r\n\t\theight: 0,\r\n\t\twidth: 600,\r\n\t\tnavigation: true,\r\n\t\tdrag: true,\r\n\t\tshowCursor: true,\r\n\t\tinterval: 120,\r\n\t\tspeedMultiplier: 3,\r\n\t\t\t\tstartAutoplay: true,\r\n\t\t\t\tonReady: function() {\r\n\t\t\t$(\"#threesixty-slider-10024_1ooqea\").removeClass('threesixty-loading');\r\n\t\t\t\t\t\tproduct_10024_1ooqea.play();\r\n\t\t\t\t\t\t\t\t}\r\n\t\t\t});\r\n\t\t\t}(jQuery));\r\n<\/script>\n","protected":false},"excerpt":{"rendered":"<p>T\u00e9l\u00e9phone portable 4G amplifi\u00e9 avec grand \u00e9cran et appareil photo<\/p>\n","protected":false},"featured_media":10016,"template":"","meta":[],"product_cat":[135],"product_tag":[],"yoast_head":"<!-- This site is optimized with the Yoast SEO plugin v16.9 - https:\/\/yoast.com\/wordpress\/plugins\/seo\/ -->\n<title>CL8600 - Geemarc France<\/title>\n<meta name=\"robots\" content=\"index, follow, max-snippet:-1, max-image-preview:large, max-video-preview:-1\" \/>\n<link rel=\"canonical\" href=\"https:\/\/geemarc.com\/fr\/product\/cl8600\/\" \/>\n<meta property=\"og:locale\" content=\"fr_FR\" \/>\n<meta property=\"og:type\" content=\"article\" \/>\n<meta property=\"og:title\" content=\"CL8600 - Geemarc France\" \/>\n<meta property=\"og:description\" content=\"T\u00e9l\u00e9phone portable 4G amplifi\u00e9 avec grand \u00e9cran et appareil photo\" \/>\n<meta property=\"og:url\" content=\"https:\/\/geemarc.com\/fr\/product\/cl8600\/\" \/>\n<meta property=\"og:site_name\" content=\"Geemarc France\" \/>\n<meta property=\"article:modified_time\" content=\"2025-06-05T12:34:47+00:00\" \/>\n<meta property=\"og:image\" content=\"https:\/\/geemarc.com\/fr\/wp-content\/uploads\/sites\/3\/2022\/07\/CL8600-4_screen-on-scaled.jpg\" \/>\n\t<meta property=\"og:image:width\" content=\"1739\" \/>\n\t<meta property=\"og:image:height\" content=\"2560\" \/>\n<meta name=\"twitter:card\" content=\"summary_large_image\" \/>\n<meta name=\"twitter:label1\" content=\"Dur\u00e9e de lecture est.\" \/>\n\t<meta name=\"twitter:data1\" content=\"1 minute\" \/>\n<script type=\"application\/ld+json\" class=\"yoast-schema-graph\">{\"@context\":\"https:\/\/schema.org\",\"@graph\":[{\"@type\":\"WebSite\",\"@id\":\"https:\/\/geemarc.com\/fr\/#website\",\"url\":\"https:\/\/geemarc.com\/fr\/\",\"name\":\"Geemarc France\",\"description\":\"\",\"potentialAction\":[{\"@type\":\"SearchAction\",\"target\":{\"@type\":\"EntryPoint\",\"urlTemplate\":\"https:\/\/geemarc.com\/fr\/?s={search_term_string}\"},\"query-input\":\"required name=search_term_string\"}],\"inLanguage\":\"fr-FR\"},{\"@type\":\"ImageObject\",\"@id\":\"https:\/\/geemarc.com\/fr\/product\/cl8600\/#primaryimage\",\"inLanguage\":\"fr-FR\",\"url\":\"https:\/\/geemarc.com\/fr\/wp-content\/uploads\/sites\/3\/2022\/07\/CL8600-4_screen-on-scaled.jpg\",\"contentUrl\":\"https:\/\/geemarc.com\/fr\/wp-content\/uploads\/sites\/3\/2022\/07\/CL8600-4_screen-on-scaled.jpg\",\"width\":1739,\"height\":2560,\"caption\":\"T\\u00e9l\\u00e9phone portable 4G amplifi\\u00e9 avec grand \\u00e9cran et appareil photo\"},{\"@type\":\"WebPage\",\"@id\":\"https:\/\/geemarc.com\/fr\/product\/cl8600\/#webpage\",\"url\":\"https:\/\/geemarc.com\/fr\/product\/cl8600\/\",\"name\":\"CL8600 - Geemarc France\",\"isPartOf\":{\"@id\":\"https:\/\/geemarc.com\/fr\/#website\"},\"primaryImageOfPage\":{\"@id\":\"https:\/\/geemarc.com\/fr\/product\/cl8600\/#primaryimage\"},\"datePublished\":\"2022-07-12T07:34:11+00:00\",\"dateModified\":\"2025-06-05T12:34:47+00:00\",\"breadcrumb\":{\"@id\":\"https:\/\/geemarc.com\/fr\/product\/cl8600\/#breadcrumb\"},\"inLanguage\":\"fr-FR\",\"potentialAction\":[{\"@type\":\"ReadAction\",\"target\":[\"https:\/\/geemarc.com\/fr\/product\/cl8600\/\"]}]},{\"@type\":\"BreadcrumbList\",\"@id\":\"https:\/\/geemarc.com\/fr\/product\/cl8600\/#breadcrumb\",\"itemListElement\":[{\"@type\":\"ListItem\",\"position\":1,\"name\":\"Home\",\"item\":\"https:\/\/geemarc.com\/fr\/\"},{\"@type\":\"ListItem\",\"position\":2,\"name\":\"Shop\",\"item\":\"https:\/\/geemarc.com\/fr\/shop\/\"},{\"@type\":\"ListItem\",\"position\":3,\"name\":\"CL8600\"}]}]}<\/script>\n<!-- \/ Yoast SEO plugin. -->","yoast_head_json":{"title":"CL8600 - Geemarc France","robots":{"index":"index","follow":"follow","max-snippet":"max-snippet:-1","max-image-preview":"max-image-preview:large","max-video-preview":"max-video-preview:-1"},"canonical":"https:\/\/geemarc.com\/fr\/product\/cl8600\/","og_locale":"fr_FR","og_type":"article","og_title":"CL8600 - Geemarc France","og_description":"T\u00e9l\u00e9phone portable 4G amplifi\u00e9 avec grand \u00e9cran et appareil photo","og_url":"https:\/\/geemarc.com\/fr\/product\/cl8600\/","og_site_name":"Geemarc France","article_modified_time":"2025-06-05T12:34:47+00:00","og_image":[{"width":1739,"height":2560,"url":"https:\/\/geemarc.com\/fr\/wp-content\/uploads\/sites\/3\/2022\/07\/CL8600-4_screen-on-scaled.jpg","path":"\/home\/g\/e\/geemarcwp\/public_html\/wp-content\/uploads\/sites\/3\/2022\/07\/CL8600-4_screen-on-scaled.jpg","size":"full","id":10016,"alt":"T\u00e9l\u00e9phone portable 4G amplifi\u00e9 avec grand \u00e9cran et appareil photo","pixels":4451840,"type":"image\/jpeg"}],"twitter_card":"summary_large_image","twitter_misc":{"Dur\u00e9e de lecture est.":"1 minute"},"schema":{"@context":"https:\/\/schema.org","@graph":[{"@type":"WebSite","@id":"https:\/\/geemarc.com\/fr\/#website","url":"https:\/\/geemarc.com\/fr\/","name":"Geemarc France","description":"","potentialAction":[{"@type":"SearchAction","target":{"@type":"EntryPoint","urlTemplate":"https:\/\/geemarc.com\/fr\/?s={search_term_string}"},"query-input":"required name=search_term_string"}],"inLanguage":"fr-FR"},{"@type":"ImageObject","@id":"https:\/\/geemarc.com\/fr\/product\/cl8600\/#primaryimage","inLanguage":"fr-FR","url":"https:\/\/geemarc.com\/fr\/wp-content\/uploads\/sites\/3\/2022\/07\/CL8600-4_screen-on-scaled.jpg","contentUrl":"https:\/\/geemarc.com\/fr\/wp-content\/uploads\/sites\/3\/2022\/07\/CL8600-4_screen-on-scaled.jpg","width":1739,"height":2560,"caption":"T\u00e9l\u00e9phone portable 4G amplifi\u00e9 avec grand \u00e9cran et appareil photo"},{"@type":"WebPage","@id":"https:\/\/geemarc.com\/fr\/product\/cl8600\/#webpage","url":"https:\/\/geemarc.com\/fr\/product\/cl8600\/","name":"CL8600 - Geemarc France","isPartOf":{"@id":"https:\/\/geemarc.com\/fr\/#website"},"primaryImageOfPage":{"@id":"https:\/\/geemarc.com\/fr\/product\/cl8600\/#primaryimage"},"datePublished":"2022-07-12T07:34:11+00:00","dateModified":"2025-06-05T12:34:47+00:00","breadcrumb":{"@id":"https:\/\/geemarc.com\/fr\/product\/cl8600\/#breadcrumb"},"inLanguage":"fr-FR","potentialAction":[{"@type":"ReadAction","target":["https:\/\/geemarc.com\/fr\/product\/cl8600\/"]}]},{"@type":"BreadcrumbList","@id":"https:\/\/geemarc.com\/fr\/product\/cl8600\/#breadcrumb","itemListElement":[{"@type":"ListItem","position":1,"name":"Home","item":"https:\/\/geemarc.com\/fr\/"},{"@type":"ListItem","position":2,"name":"Shop","item":"https:\/\/geemarc.com\/fr\/shop\/"},{"@type":"ListItem","position":3,"name":"CL8600"}]}]}},"acf":[],"_links":{"self":[{"href":"https:\/\/geemarc.com\/fr\/wp-json\/wp\/v2\/product\/10019"}],"collection":[{"href":"https:\/\/geemarc.com\/fr\/wp-json\/wp\/v2\/product"}],"about":[{"href":"https:\/\/geemarc.com\/fr\/wp-json\/wp\/v2\/types\/product"}],"wp:featuredmedia":[{"embeddable":true,"href":"https:\/\/geemarc.com\/fr\/wp-json\/wp\/v2\/media\/10016"}],"wp:attachment":[{"href":"https:\/\/geemarc.com\/fr\/wp-json\/wp\/v2\/media?parent=10019"}],"wp:term":[{"taxonomy":"product_cat","embeddable":true,"href":"https:\/\/geemarc.com\/fr\/wp-json\/wp\/v2\/product_cat?post=10019"},{"taxonomy":"product_tag","embeddable":true,"href":"https:\/\/geemarc.com\/fr\/wp-json\/wp\/v2\/product_tag?post=10019"}],"curies":[{"name":"wp","href":"https:\/\/api.w.org\/{rel}","templated":true}]}}