{"id":10231,"date":"2022-11-02T14:08:11","date_gmt":"2022-11-02T14:08:11","guid":{"rendered":"https:\/\/geemarc.com\/fr\/?post_type=product&#038;p=10231"},"modified":"2023-11-14T14:33:57","modified_gmt":"2023-11-14T14:33:57","slug":"photophone110","status":"publish","type":"product","link":"https:\/\/geemarc.com\/fr\/product\/photophone110\/","title":{"rendered":"PHOTOPHONE110"},"content":{"rendered":"<p><strong>APPELER\/R\u00c9PONDRE<\/strong><\/p>\n<ul>\n<li>Conception ergonomique unique pour une utilisation facile<\/li>\n<li>Compatible appareil auditif<\/li>\n<li>Volume de r\u00e9ception r\u00e9glable jusqu\u2019\u00e0 <strong>30dB<\/strong><\/li>\n<li>Fonction \u201cMains-libres\u201d r\u00e9glable<\/li>\n<li>8 touches m\u00e9moire directe personnalisables<\/li>\n<li>Flash: 100ms\/300ms<\/li>\n<li>Touche R pour double appel<\/li>\n<li>Touche Bis (rappel du dernier num\u00e9ro compos\u00e9)<\/li>\n<li>\u00a0Clavier\n<ul>\n<li>Larges touches<\/li>\n<li>Grands caract\u00e8res 12mm<\/li>\n<li>Contraste \u00e9lev\u00e9 : \u00e9criture noire sur fond blanc<\/li>\n<\/ul>\n<\/li>\n<\/ul>\n<p>&nbsp;<\/p>\n<p><strong>SONNERIE<\/strong><\/p>\n<ul>\n<li>Sonneries puissantes (<strong>85dB<\/strong>) r\u00e9glables sur 3 niveaux : Haut \/ Bas \/ Arr\u00eat<\/li>\n<li>Indicateur lumineux de sonnerie<\/li>\n<\/ul>\n<p>&nbsp;<\/p>\n<div id=\"threesixty-slider-10237_MIcsEj\" class=\"threesixty-loading threesixty-image threesixty-dark-blue threesixty-vintage threesixty-no-border\" style=\"width: 800px;\">\r\n\t<div class=\"threesixty-preview-10237_MIcsEj\"><img class=\"threesixty-preview-image\" src=\"https:\/\/geemarc.com\/fr\/wp-content\/uploads\/sites\/3\/2022\/11\/DSC_0297-copie.jpg\"\/><\/div>\r\n\t<div class=\"threesixty-spinner threesixty-spinner-10237_MIcsEj\">\r\n\t\t<span>0%<\/span>\r\n\t<\/div>\r\n\t<ol class=\"threesixty-images threesixty-images-10237_MIcsEj\"><\/ol>\r\n\t\t\t<a href=\"#threesixty-slider-10237_MIcsEj\" class=\"threesixty-mfp-anchor\"><\/a>\r\n\t<\/div>\r\n<!--SPV--><script type=\"text\/javascript\">\/\/SPV\r\n(function($) {\r\n\t\t$('#threesixty-slider-10237_MIcsEj .threesixty-mfp-anchor').magnificPopup({\r\n\t\ttype:'inline',\r\n\t\tcloseOnBgClick: true,\r\n\t\tmidClick: true,\r\n\t\t\/\/removalDelay: 300,\r\n  \t\t\/\/mainClass: 'mfp-fade',\r\n\t\tcallbacks: {\r\n\t\t\t resize: function() {\r\n\t\t\t \tvar originalHeight \t= 620,\r\n\t\t\t \t\toriginalWidth \t= 800,\r\n\t\t\t \t\tmfpHeight \t\t= 620,\r\n\t\t\t \t\tmfpWidth \t\t= 800,\r\n\t\t\t \t\tratio \t\t\t= originalWidth \/ originalHeight,\r\n\t\t\t \t\twinHeight \t\t= $(window).height(),\r\n\t\t\t \t\twinWidth \t\t= $(window).width();\r\n\t\t\t \t\r\n\t\t\t \tif ( originalHeight > winHeight * 0.9 ) {\r\n\t\t\t \t\tmfpHeight \t\t= winHeight * 0.9;\r\n\t\t\t \t\tmfpWidth \t\t= mfpHeight * ratio;\r\n\t\t\t\t}\r\n\t\t\t\tif ( mfpWidth > winWidth * 0.9 ) {\r\n\t\t\t \t\tmfpWidth \t\t= winWidth * 0.9;\r\n\t\t\t \t\tmfpHeight \t\t= mfpWidth \/ ratio;\r\n\t\t\t\t}\r\n\t\t\t \tif ( mfpHeight < originalHeight && mfpWidth < originalWidth ) {\r\n\t\t\t\t    $('#threesixty-slider-10237_MIcsEj').height(mfpHeight);\r\n\t\t\t\t    $('#threesixty-slider-10237_MIcsEj').width(mfpWidth);\r\n\t\t\t\t} \r\n\t\t\t\telse {\r\n\t\t\t\t    $('#threesixty-slider-10237_MIcsEj').height(originalHeight);\r\n\t\t\t\t    $('#threesixty-slider-10237_MIcsEj').width(originalWidth);\r\n\t\t\t\t}\r\n\t\t\t},\r\n\t\t\tclose: function() {\r\n\t\t\t    $('#threesixty-slider-10237_MIcsEj').height('auto');\r\n\t\t\t    $('#threesixty-slider-10237_MIcsEj').width(800);\r\n\t\t\t}\r\n\t\t},\r\n\t\tcloseMarkup :\"<button class=\\\"mfp-close\\\"><\/button>\"\r\n\t});\r\n\t\tvar product_10237_MIcsEj = $('#threesixty-slider-10237_MIcsEj').ThreeSixty({\r\n\t\ttotalFrames: 36,\r\n\t\tendFrame: 0,\r\n\t\tcurrentFrame: 36,\r\n\t\timgList: '.threesixty-images-10237_MIcsEj',\r\n\t\tprogress: '.threesixty-spinner-10237_MIcsEj',\r\n\t\tpreview: '.threesixty-preview-10237_MIcsEj',\r\n\t\timages: ['https:\/\/geemarc.com\/fr\/wp-content\/uploads\/sites\/3\/2022\/11\/DSC_0296-copie.jpg','https:\/\/geemarc.com\/fr\/wp-content\/uploads\/sites\/3\/2022\/11\/DSC_0331-copie.jpg','https:\/\/geemarc.com\/fr\/wp-content\/uploads\/sites\/3\/2022\/11\/DSC_0330-copie.jpg','https:\/\/geemarc.com\/fr\/wp-content\/uploads\/sites\/3\/2022\/11\/DSC_0329-copie.jpg','https:\/\/geemarc.com\/fr\/wp-content\/uploads\/sites\/3\/2022\/11\/DSC_0328-copie.jpg','https:\/\/geemarc.com\/fr\/wp-content\/uploads\/sites\/3\/2022\/11\/DSC_0327-copie.jpg','https:\/\/geemarc.com\/fr\/wp-content\/uploads\/sites\/3\/2022\/11\/DSC_0326-copie.jpg','https:\/\/geemarc.com\/fr\/wp-content\/uploads\/sites\/3\/2022\/11\/DSC_0325-copie.jpg','https:\/\/geemarc.com\/fr\/wp-content\/uploads\/sites\/3\/2022\/11\/DSC_0324-copie.jpg','https:\/\/geemarc.com\/fr\/wp-content\/uploads\/sites\/3\/2022\/11\/DSC_0323-copie.jpg','https:\/\/geemarc.com\/fr\/wp-content\/uploads\/sites\/3\/2022\/11\/DSC_0322-copie.jpg','https:\/\/geemarc.com\/fr\/wp-content\/uploads\/sites\/3\/2022\/11\/DSC_0321-copie.jpg','https:\/\/geemarc.com\/fr\/wp-content\/uploads\/sites\/3\/2022\/11\/DSC_0320-copie.jpg','https:\/\/geemarc.com\/fr\/wp-content\/uploads\/sites\/3\/2022\/11\/DSC_0319-copie.jpg','https:\/\/geemarc.com\/fr\/wp-content\/uploads\/sites\/3\/2022\/11\/DSC_0318-copie.jpg','https:\/\/geemarc.com\/fr\/wp-content\/uploads\/sites\/3\/2022\/11\/DSC_0317-copie.jpg','https:\/\/geemarc.com\/fr\/wp-content\/uploads\/sites\/3\/2022\/11\/DSC_0316-copie.jpg','https:\/\/geemarc.com\/fr\/wp-content\/uploads\/sites\/3\/2022\/11\/DSC_0315-copie.jpg','https:\/\/geemarc.com\/fr\/wp-content\/uploads\/sites\/3\/2022\/11\/DSC_0314-copie.jpg','https:\/\/geemarc.com\/fr\/wp-content\/uploads\/sites\/3\/2022\/11\/DSC_0313-copie.jpg','https:\/\/geemarc.com\/fr\/wp-content\/uploads\/sites\/3\/2022\/11\/DSC_0312-copie.jpg','https:\/\/geemarc.com\/fr\/wp-content\/uploads\/sites\/3\/2022\/11\/DSC_0311-copie.jpg','https:\/\/geemarc.com\/fr\/wp-content\/uploads\/sites\/3\/2022\/11\/DSC_0310-copie.jpg','https:\/\/geemarc.com\/fr\/wp-content\/uploads\/sites\/3\/2022\/11\/DSC_0309-copie.jpg','https:\/\/geemarc.com\/fr\/wp-content\/uploads\/sites\/3\/2022\/11\/DSC_0308-copie.jpg','https:\/\/geemarc.com\/fr\/wp-content\/uploads\/sites\/3\/2022\/11\/DSC_0307-copie.jpg','https:\/\/geemarc.com\/fr\/wp-content\/uploads\/sites\/3\/2022\/11\/DSC_0306-copie.jpg','https:\/\/geemarc.com\/fr\/wp-content\/uploads\/sites\/3\/2022\/11\/DSC_0305-copie.jpg','https:\/\/geemarc.com\/fr\/wp-content\/uploads\/sites\/3\/2022\/11\/DSC_0304-copie.jpg','https:\/\/geemarc.com\/fr\/wp-content\/uploads\/sites\/3\/2022\/11\/DSC_0303-copie.jpg','https:\/\/geemarc.com\/fr\/wp-content\/uploads\/sites\/3\/2022\/11\/DSC_0302-copie.jpg','https:\/\/geemarc.com\/fr\/wp-content\/uploads\/sites\/3\/2022\/11\/DSC_0301-copie.jpg','https:\/\/geemarc.com\/fr\/wp-content\/uploads\/sites\/3\/2022\/11\/DSC_0300-copie.jpg','https:\/\/geemarc.com\/fr\/wp-content\/uploads\/sites\/3\/2022\/11\/DSC_0299-copie.jpg','https:\/\/geemarc.com\/fr\/wp-content\/uploads\/sites\/3\/2022\/11\/DSC_0298-copie.jpg','https:\/\/geemarc.com\/fr\/wp-content\/uploads\/sites\/3\/2022\/11\/DSC_0297-copie.jpg'],\r\n\t\theight: 0,\r\n\t\twidth: 800,\r\n\t\tnavigation: true,\r\n\t\tdrag: true,\r\n\t\tshowCursor: true,\r\n\t\tinterval: 120,\r\n\t\tspeedMultiplier: 3,\r\n\t\t\t\tstartAutoplay: true,\r\n\t\t\t\tonReady: function() {\r\n\t\t\t$(\"#threesixty-slider-10237_MIcsEj\").removeClass('threesixty-loading');\r\n\t\t\t\t\t\tproduct_10237_MIcsEj.play();\r\n\t\t\t\t\t\t\t\t}\r\n\t\t\t});\r\n\t\t\t}(jQuery));\r\n<\/script>\n<div class=\"success p-tmpl-wrap primary-background\">\n<p><img class=\"p1\" src=\"https:\/\/geemarc.com\/uk\/wp-content\/uploads\/sites\/2\/2019\/04\/Photo-template-Urgence.png\" \/><img class=\"p2\" src=\"https:\/\/geemarc.com\/uk\/wp-content\/uploads\/sites\/2\/2019\/04\/Photo-template-portrait.png\" \/><span class=\"h3 bold\" data-wahfont=\"20\">IMPRESSION DE VOS PHOTOS<\/span><span class=\"h3\" data-wahfont=\"20\">Nouveaut\u00e9s et exclusivit\u00e9 Geemarc Telecom<\/span><\/p>\n<div style=\"margin: 10px 0 15px; line-height: 17px;\">Un mod\u00e8le facile \u00e0 utiliser pour t\u00e9l\u00e9charger vos images et les imprimer pour les boutons des photophones.<br \/>\nCliquez sur le bouton ci-dessous.<\/div>\n<div class=\"table-cell button-right\" style=\"margin-top: 10px;\"><a class=\"button filled\" href=\"https:\/\/geemarc.com\/p_editor\/photophone110\/f\/editor\/\" data-wahfont=\"12\">Mod\u00e8le de photos<\/a><\/div>\n<\/div>\n","protected":false},"excerpt":{"rendered":"<p>T\u00e9l\u00e9phone fixe amplifi\u00e9 avec m\u00e9moires photo<\/p>\n","protected":false},"featured_media":10987,"template":"","meta":[],"product_cat":[129],"product_tag":[],"yoast_head":"<!-- This site is optimized with the Yoast SEO plugin v16.9 - https:\/\/yoast.com\/wordpress\/plugins\/seo\/ -->\n<title>PHOTOPHONE110 - Geemarc France<\/title>\n<meta name=\"robots\" content=\"index, follow, max-snippet:-1, max-image-preview:large, max-video-preview:-1\" \/>\n<link rel=\"canonical\" href=\"https:\/\/geemarc.com\/fr\/product\/photophone110\/\" \/>\n<meta property=\"og:locale\" content=\"fr_FR\" \/>\n<meta property=\"og:type\" content=\"article\" \/>\n<meta property=\"og:title\" content=\"PHOTOPHONE110 - Geemarc France\" \/>\n<meta property=\"og:description\" content=\"T\u00e9l\u00e9phone fixe amplifi\u00e9 avec m\u00e9moires photo\" \/>\n<meta property=\"og:url\" content=\"https:\/\/geemarc.com\/fr\/product\/photophone110\/\" \/>\n<meta property=\"og:site_name\" content=\"Geemarc France\" \/>\n<meta property=\"article:modified_time\" content=\"2023-11-14T14:33:57+00:00\" \/>\n<meta property=\"og:image\" content=\"https:\/\/geemarc.com\/fr\/wp-content\/uploads\/sites\/3\/2022\/11\/Photophone-110_name.jpg\" \/>\n\t<meta property=\"og:image:width\" content=\"2561\" \/>\n\t<meta property=\"og:image:height\" content=\"1588\" \/>\n<meta name=\"twitter:card\" content=\"summary_large_image\" \/>\n<meta name=\"twitter:label1\" content=\"Dur\u00e9e de lecture est.\" \/>\n\t<meta name=\"twitter:data1\" content=\"1 minute\" \/>\n<script type=\"application\/ld+json\" class=\"yoast-schema-graph\">{\"@context\":\"https:\/\/schema.org\",\"@graph\":[{\"@type\":\"WebSite\",\"@id\":\"https:\/\/geemarc.com\/fr\/#website\",\"url\":\"https:\/\/geemarc.com\/fr\/\",\"name\":\"Geemarc France\",\"description\":\"\",\"potentialAction\":[{\"@type\":\"SearchAction\",\"target\":{\"@type\":\"EntryPoint\",\"urlTemplate\":\"https:\/\/geemarc.com\/fr\/?s={search_term_string}\"},\"query-input\":\"required name=search_term_string\"}],\"inLanguage\":\"fr-FR\"},{\"@type\":\"ImageObject\",\"@id\":\"https:\/\/geemarc.com\/fr\/product\/photophone110\/#primaryimage\",\"inLanguage\":\"fr-FR\",\"url\":\"https:\/\/geemarc.com\/fr\/wp-content\/uploads\/sites\/3\/2022\/11\/Photophone-110_name.jpg\",\"contentUrl\":\"https:\/\/geemarc.com\/fr\/wp-content\/uploads\/sites\/3\/2022\/11\/Photophone-110_name.jpg\",\"width\":2561,\"height\":1588},{\"@type\":\"WebPage\",\"@id\":\"https:\/\/geemarc.com\/fr\/product\/photophone110\/#webpage\",\"url\":\"https:\/\/geemarc.com\/fr\/product\/photophone110\/\",\"name\":\"PHOTOPHONE110 - Geemarc France\",\"isPartOf\":{\"@id\":\"https:\/\/geemarc.com\/fr\/#website\"},\"primaryImageOfPage\":{\"@id\":\"https:\/\/geemarc.com\/fr\/product\/photophone110\/#primaryimage\"},\"datePublished\":\"2022-11-02T14:08:11+00:00\",\"dateModified\":\"2023-11-14T14:33:57+00:00\",\"breadcrumb\":{\"@id\":\"https:\/\/geemarc.com\/fr\/product\/photophone110\/#breadcrumb\"},\"inLanguage\":\"fr-FR\",\"potentialAction\":[{\"@type\":\"ReadAction\",\"target\":[\"https:\/\/geemarc.com\/fr\/product\/photophone110\/\"]}]},{\"@type\":\"BreadcrumbList\",\"@id\":\"https:\/\/geemarc.com\/fr\/product\/photophone110\/#breadcrumb\",\"itemListElement\":[{\"@type\":\"ListItem\",\"position\":1,\"name\":\"Home\",\"item\":\"https:\/\/geemarc.com\/fr\/\"},{\"@type\":\"ListItem\",\"position\":2,\"name\":\"Shop\",\"item\":\"https:\/\/geemarc.com\/fr\/shop\/\"},{\"@type\":\"ListItem\",\"position\":3,\"name\":\"PHOTOPHONE110\"}]}]}<\/script>\n<!-- \/ Yoast SEO plugin. -->","yoast_head_json":{"title":"PHOTOPHONE110 - Geemarc France","robots":{"index":"index","follow":"follow","max-snippet":"max-snippet:-1","max-image-preview":"max-image-preview:large","max-video-preview":"max-video-preview:-1"},"canonical":"https:\/\/geemarc.com\/fr\/product\/photophone110\/","og_locale":"fr_FR","og_type":"article","og_title":"PHOTOPHONE110 - Geemarc France","og_description":"T\u00e9l\u00e9phone fixe amplifi\u00e9 avec m\u00e9moires photo","og_url":"https:\/\/geemarc.com\/fr\/product\/photophone110\/","og_site_name":"Geemarc France","article_modified_time":"2023-11-14T14:33:57+00:00","og_image":[{"width":2561,"height":1588,"url":"https:\/\/geemarc.com\/fr\/wp-content\/uploads\/sites\/3\/2022\/11\/Photophone-110_name.jpg","path":"\/home\/g\/e\/geemarcwp\/public_html\/wp-content\/uploads\/sites\/3\/2022\/11\/Photophone-110_name.jpg","size":"full","id":10987,"alt":"","pixels":4066868,"type":"image\/jpeg"}],"twitter_card":"summary_large_image","twitter_misc":{"Dur\u00e9e de lecture est.":"1 minute"},"schema":{"@context":"https:\/\/schema.org","@graph":[{"@type":"WebSite","@id":"https:\/\/geemarc.com\/fr\/#website","url":"https:\/\/geemarc.com\/fr\/","name":"Geemarc France","description":"","potentialAction":[{"@type":"SearchAction","target":{"@type":"EntryPoint","urlTemplate":"https:\/\/geemarc.com\/fr\/?s={search_term_string}"},"query-input":"required name=search_term_string"}],"inLanguage":"fr-FR"},{"@type":"ImageObject","@id":"https:\/\/geemarc.com\/fr\/product\/photophone110\/#primaryimage","inLanguage":"fr-FR","url":"https:\/\/geemarc.com\/fr\/wp-content\/uploads\/sites\/3\/2022\/11\/Photophone-110_name.jpg","contentUrl":"https:\/\/geemarc.com\/fr\/wp-content\/uploads\/sites\/3\/2022\/11\/Photophone-110_name.jpg","width":2561,"height":1588},{"@type":"WebPage","@id":"https:\/\/geemarc.com\/fr\/product\/photophone110\/#webpage","url":"https:\/\/geemarc.com\/fr\/product\/photophone110\/","name":"PHOTOPHONE110 - Geemarc France","isPartOf":{"@id":"https:\/\/geemarc.com\/fr\/#website"},"primaryImageOfPage":{"@id":"https:\/\/geemarc.com\/fr\/product\/photophone110\/#primaryimage"},"datePublished":"2022-11-02T14:08:11+00:00","dateModified":"2023-11-14T14:33:57+00:00","breadcrumb":{"@id":"https:\/\/geemarc.com\/fr\/product\/photophone110\/#breadcrumb"},"inLanguage":"fr-FR","potentialAction":[{"@type":"ReadAction","target":["https:\/\/geemarc.com\/fr\/product\/photophone110\/"]}]},{"@type":"BreadcrumbList","@id":"https:\/\/geemarc.com\/fr\/product\/photophone110\/#breadcrumb","itemListElement":[{"@type":"ListItem","position":1,"name":"Home","item":"https:\/\/geemarc.com\/fr\/"},{"@type":"ListItem","position":2,"name":"Shop","item":"https:\/\/geemarc.com\/fr\/shop\/"},{"@type":"ListItem","position":3,"name":"PHOTOPHONE110"}]}]}},"acf":[],"_links":{"self":[{"href":"https:\/\/geemarc.com\/fr\/wp-json\/wp\/v2\/product\/10231"}],"collection":[{"href":"https:\/\/geemarc.com\/fr\/wp-json\/wp\/v2\/product"}],"about":[{"href":"https:\/\/geemarc.com\/fr\/wp-json\/wp\/v2\/types\/product"}],"wp:featuredmedia":[{"embeddable":true,"href":"https:\/\/geemarc.com\/fr\/wp-json\/wp\/v2\/media\/10987"}],"wp:attachment":[{"href":"https:\/\/geemarc.com\/fr\/wp-json\/wp\/v2\/media?parent=10231"}],"wp:term":[{"taxonomy":"product_cat","embeddable":true,"href":"https:\/\/geemarc.com\/fr\/wp-json\/wp\/v2\/product_cat?post=10231"},{"taxonomy":"product_tag","embeddable":true,"href":"https:\/\/geemarc.com\/fr\/wp-json\/wp\/v2\/product_tag?post=10231"}],"curies":[{"name":"wp","href":"https:\/\/api.w.org\/{rel}","templated":true}]}}