{"id":10453,"date":"2023-02-08T15:56:00","date_gmt":"2023-02-08T15:56:00","guid":{"rendered":"https:\/\/geemarc.com\/fr\/?post_type=product&#038;p=10453"},"modified":"2025-07-11T06:51:29","modified_gmt":"2025-07-11T06:51:29","slug":"amplicall-sentinel","status":"publish","type":"product","link":"https:\/\/geemarc.com\/fr\/product\/amplicall-sentinel\/","title":{"rendered":"AMPLICALL SENTINEL"},"content":{"rendered":"<p><strong>CARACT<\/strong><strong>\u00c9<\/strong><strong>RISTIQUES<\/strong><\/p>\n<ul>\n<li>Bouton converser\/zoom : appuyer pour utiliser le zoom digital (x2) et maintenir pour converser<\/li>\n<li>Fonction \u201crotation de l\u2019image\u201d* : vous pouvez placer la camera \u00e0 l\u2019envers tout en ayant la possibilit\u00e9 d\u2019afficher le retour vid\u00e9o sur l\u2019\u00e9cran dans le bon sens<\/li>\n<li>D\u00e9tection de mouvement : l\u2019alarme se d\u00e9clenche lorsqu\u2019un mouvement est d\u00e9tect\u00e9<\/li>\n<li>D\u00e9tection de temp\u00e9rature : possibilit\u00e9 de param\u00e9trer une temp\u00e9rature limite entre 0\u00b0C et 40\u00b0C et l\u2019alarme se d\u00e9clenchera si une fluctuation est d\u00e9tect\u00e9e<\/li>\n<li>D\u00e9tection de bruit : r\u00e9glable sur 3 niveaux pour \u00e9viter de d\u00e9tecter les bruits dans la rue<\/li>\n<li>Rappel de repas avec compte \u00e0 rebours sous forme de barre sur l\u2019\u00e9cran<\/li>\n<li>Mode \u00e9conomie de batterie : l\u2019\u00e9cran s\u2019\u00e9teint apr\u00e8s 10 secondes d\u2019inactivit\u00e9 (pas de mouvement ni de bruit ou de changement de temp\u00e9rature)<\/li>\n<li>Cam\u00e9ra mode nuit<\/li>\n<li>Flash lumineux<\/li>\n<li>Alarme puissante<\/li>\n<li>Coussin vibrant<\/li>\n<li>Volume r\u00e9glable avec les boutons +\/-<\/li>\n<li>4 m\u00e9lodies<\/li>\n<li>Bouton ON\/OFF<\/li>\n<li>Touche de navigation (croix directionnel)<\/li>\n<li>Affichage de la date et de l\u2019heure<\/li>\n<li>Affichage de la temp\u00e9rature en Celsius ou Fahrenheit<\/li>\n<li>Luminosit\u00e9 r\u00e9glable sur 5 niveaux<\/li>\n<li>Indicateur de batterie faible<\/li>\n<li>Choix de langues : Anglais, Fran\u00e7ais, Allemand, Espagnol et N\u00e9erlandais<\/li>\n<li>4 cam\u00e9ras peuvent \u00eatre connect\u00e9s au m\u00eame moniteur<\/li>\n<\/ul>\n<p>&nbsp;<\/p>\n<p><strong>TECHNIQUE<\/strong><\/p>\n<ul>\n<li>Respecte les normes CE, UKCA, FCC, IC<\/li>\n<li>Fr\u00e9quence : FHSS 2.4GHz<\/li>\n<\/ul>\n<p><strong><u>\u00c9<\/u><\/strong><strong><u>cran<\/u><\/strong><\/p>\n<ul>\n<li>LCD : 4.3 pouces TFT<\/li>\n<li>R\u00e9solution de l\u2019\u00e9cran : 480&#215;272 px<\/li>\n<li>Batterie : Li-ion 3300mAh<\/li>\n<li>Entr\u00e9e : 5VDC\/1.5A<\/li>\n<\/ul>\n<p><strong><u>Camera<\/u><\/strong><\/p>\n<ul>\n<li>Connexion : FHSS 2.4G<\/li>\n<li>R\u00e9solution cam\u00e9ra : 0,3MP<\/li>\n<li>Entr\u00e9e : 5VDC\/1A<\/li>\n<li>Capteur de lumi\u00e8re<\/li>\n<li>Capteur de temp\u00e9rature<\/li>\n<\/ul>\n<p>&nbsp;<\/p>\n<p>&nbsp;<\/p>\n<div id=\"threesixty-slider-10416_bCUnQL\" class=\"threesixty-loading threesixty-image threesixty-dark-blue threesixty-vintage threesixty-no-border\" style=\"width: 800px;\">\r\n\t<div class=\"threesixty-preview-10416_bCUnQL\"><img class=\"threesixty-preview-image\" src=\"https:\/\/geemarc.com\/fr\/wp-content\/uploads\/sites\/3\/2023\/02\/DSC_0342.jpg\"\/><\/div>\r\n\t<div class=\"threesixty-spinner threesixty-spinner-10416_bCUnQL\">\r\n\t\t<span>0%<\/span>\r\n\t<\/div>\r\n\t<ol class=\"threesixty-images threesixty-images-10416_bCUnQL\"><\/ol>\r\n\t\t\t<a href=\"#threesixty-slider-10416_bCUnQL\" class=\"threesixty-mfp-anchor\"><\/a>\r\n\t<\/div>\r\n<!--SPV--><script type=\"text\/javascript\">\/\/SPV\r\n(function($) {\r\n\t\t$('#threesixty-slider-10416_bCUnQL .threesixty-mfp-anchor').magnificPopup({\r\n\t\ttype:'inline',\r\n\t\tcloseOnBgClick: true,\r\n\t\tmidClick: true,\r\n\t\t\/\/removalDelay: 300,\r\n  \t\t\/\/mainClass: 'mfp-fade',\r\n\t\tcallbacks: {\r\n\t\t\t resize: function() {\r\n\t\t\t \tvar originalHeight \t= 671,\r\n\t\t\t \t\toriginalWidth \t= 800,\r\n\t\t\t \t\tmfpHeight \t\t= 671,\r\n\t\t\t \t\tmfpWidth \t\t= 800,\r\n\t\t\t \t\tratio \t\t\t= originalWidth \/ originalHeight,\r\n\t\t\t \t\twinHeight \t\t= $(window).height(),\r\n\t\t\t \t\twinWidth \t\t= $(window).width();\r\n\t\t\t \t\r\n\t\t\t \tif ( originalHeight > winHeight * 0.9 ) {\r\n\t\t\t \t\tmfpHeight \t\t= winHeight * 0.9;\r\n\t\t\t \t\tmfpWidth \t\t= mfpHeight * ratio;\r\n\t\t\t\t}\r\n\t\t\t\tif ( mfpWidth > winWidth * 0.9 ) {\r\n\t\t\t \t\tmfpWidth \t\t= winWidth * 0.9;\r\n\t\t\t \t\tmfpHeight \t\t= mfpWidth \/ ratio;\r\n\t\t\t\t}\r\n\t\t\t \tif ( mfpHeight < originalHeight && mfpWidth < originalWidth ) {\r\n\t\t\t\t    $('#threesixty-slider-10416_bCUnQL').height(mfpHeight);\r\n\t\t\t\t    $('#threesixty-slider-10416_bCUnQL').width(mfpWidth);\r\n\t\t\t\t} \r\n\t\t\t\telse {\r\n\t\t\t\t    $('#threesixty-slider-10416_bCUnQL').height(originalHeight);\r\n\t\t\t\t    $('#threesixty-slider-10416_bCUnQL').width(originalWidth);\r\n\t\t\t\t}\r\n\t\t\t},\r\n\t\t\tclose: function() {\r\n\t\t\t    $('#threesixty-slider-10416_bCUnQL').height('auto');\r\n\t\t\t    $('#threesixty-slider-10416_bCUnQL').width(800);\r\n\t\t\t}\r\n\t\t},\r\n\t\tcloseMarkup :\"<button class=\\\"mfp-close\\\"><\/button>\"\r\n\t});\r\n\t\tvar product_10416_bCUnQL = $('#threesixty-slider-10416_bCUnQL').ThreeSixty({\r\n\t\ttotalFrames: 36,\r\n\t\tendFrame: 0,\r\n\t\tcurrentFrame: 36,\r\n\t\timgList: '.threesixty-images-10416_bCUnQL',\r\n\t\tprogress: '.threesixty-spinner-10416_bCUnQL',\r\n\t\tpreview: '.threesixty-preview-10416_bCUnQL',\r\n\t\timages: ['https:\/\/geemarc.com\/fr\/wp-content\/uploads\/sites\/3\/2023\/02\/DSC_0341.jpg','https:\/\/geemarc.com\/fr\/wp-content\/uploads\/sites\/3\/2023\/02\/DSC_0340.jpg','https:\/\/geemarc.com\/fr\/wp-content\/uploads\/sites\/3\/2023\/02\/DSC_0339.jpg','https:\/\/geemarc.com\/fr\/wp-content\/uploads\/sites\/3\/2023\/02\/DSC_0338.jpg','https:\/\/geemarc.com\/fr\/wp-content\/uploads\/sites\/3\/2023\/02\/DSC_0337.jpg','https:\/\/geemarc.com\/fr\/wp-content\/uploads\/sites\/3\/2023\/02\/DSC_0336.jpg','https:\/\/geemarc.com\/fr\/wp-content\/uploads\/sites\/3\/2023\/02\/DSC_0335.jpg','https:\/\/geemarc.com\/fr\/wp-content\/uploads\/sites\/3\/2023\/02\/DSC_0334.jpg','https:\/\/geemarc.com\/fr\/wp-content\/uploads\/sites\/3\/2023\/02\/DSC_0333.jpg','https:\/\/geemarc.com\/fr\/wp-content\/uploads\/sites\/3\/2023\/02\/DSC_0332.jpg','https:\/\/geemarc.com\/fr\/wp-content\/uploads\/sites\/3\/2023\/02\/DSC_0367.jpg','https:\/\/geemarc.com\/fr\/wp-content\/uploads\/sites\/3\/2023\/02\/DSC_0366.jpg','https:\/\/geemarc.com\/fr\/wp-content\/uploads\/sites\/3\/2023\/02\/DSC_0365.jpg','https:\/\/geemarc.com\/fr\/wp-content\/uploads\/sites\/3\/2023\/02\/DSC_0364.jpg','https:\/\/geemarc.com\/fr\/wp-content\/uploads\/sites\/3\/2023\/02\/DSC_0363.jpg','https:\/\/geemarc.com\/fr\/wp-content\/uploads\/sites\/3\/2023\/02\/DSC_0362.jpg','https:\/\/geemarc.com\/fr\/wp-content\/uploads\/sites\/3\/2023\/02\/DSC_0361.jpg','https:\/\/geemarc.com\/fr\/wp-content\/uploads\/sites\/3\/2023\/02\/DSC_0360.jpg','https:\/\/geemarc.com\/fr\/wp-content\/uploads\/sites\/3\/2023\/02\/DSC_0359.jpg','https:\/\/geemarc.com\/fr\/wp-content\/uploads\/sites\/3\/2023\/02\/DSC_0358.jpg','https:\/\/geemarc.com\/fr\/wp-content\/uploads\/sites\/3\/2023\/02\/DSC_0357.jpg','https:\/\/geemarc.com\/fr\/wp-content\/uploads\/sites\/3\/2023\/02\/DSC_0356.jpg','https:\/\/geemarc.com\/fr\/wp-content\/uploads\/sites\/3\/2023\/02\/DSC_0355.jpg','https:\/\/geemarc.com\/fr\/wp-content\/uploads\/sites\/3\/2023\/02\/DSC_0354.jpg','https:\/\/geemarc.com\/fr\/wp-content\/uploads\/sites\/3\/2023\/02\/DSC_0353.jpg','https:\/\/geemarc.com\/fr\/wp-content\/uploads\/sites\/3\/2023\/02\/DSC_0352.jpg','https:\/\/geemarc.com\/fr\/wp-content\/uploads\/sites\/3\/2023\/02\/DSC_0351.jpg','https:\/\/geemarc.com\/fr\/wp-content\/uploads\/sites\/3\/2023\/02\/DSC_0350.jpg','https:\/\/geemarc.com\/fr\/wp-content\/uploads\/sites\/3\/2023\/02\/DSC_0349.jpg','https:\/\/geemarc.com\/fr\/wp-content\/uploads\/sites\/3\/2023\/02\/DSC_0348.jpg','https:\/\/geemarc.com\/fr\/wp-content\/uploads\/sites\/3\/2023\/02\/DSC_0347.jpg','https:\/\/geemarc.com\/fr\/wp-content\/uploads\/sites\/3\/2023\/02\/DSC_0346.jpg','https:\/\/geemarc.com\/fr\/wp-content\/uploads\/sites\/3\/2023\/02\/DSC_0345.jpg','https:\/\/geemarc.com\/fr\/wp-content\/uploads\/sites\/3\/2023\/02\/DSC_0344.jpg','https:\/\/geemarc.com\/fr\/wp-content\/uploads\/sites\/3\/2023\/02\/DSC_0343.jpg','https:\/\/geemarc.com\/fr\/wp-content\/uploads\/sites\/3\/2023\/02\/DSC_0342.jpg'],\r\n\t\theight: 0,\r\n\t\twidth: 800,\r\n\t\tnavigation: true,\r\n\t\tdrag: true,\r\n\t\tshowCursor: true,\r\n\t\tinterval: 120,\r\n\t\tspeedMultiplier: 3,\r\n\t\t\t\tstartAutoplay: true,\r\n\t\t\t\tonReady: function() {\r\n\t\t\t$(\"#threesixty-slider-10416_bCUnQL\").removeClass('threesixty-loading');\r\n\t\t\t\t\t\tproduct_10416_bCUnQL.play();\r\n\t\t\t\t\t\t\t\t}\r\n\t\t\t});\r\n\t\t\t}(jQuery));\r\n<\/script>\n","protected":false},"excerpt":{"rendered":"<p>B\u00e9b\u00e9 vid\u00e9o alerteur avec coussin vibrant<\/p>\n","protected":false},"featured_media":10460,"template":"","meta":[],"product_cat":[145],"product_tag":[],"yoast_head":"<!-- This site is optimized with the Yoast SEO plugin v16.9 - https:\/\/yoast.com\/wordpress\/plugins\/seo\/ -->\n<title>AMPLICALL SENTINEL - Geemarc France<\/title>\n<meta name=\"robots\" content=\"index, follow, max-snippet:-1, max-image-preview:large, max-video-preview:-1\" \/>\n<link rel=\"canonical\" href=\"https:\/\/geemarc.com\/fr\/product\/amplicall-sentinel\/\" \/>\n<meta property=\"og:locale\" content=\"fr_FR\" \/>\n<meta property=\"og:type\" content=\"article\" \/>\n<meta property=\"og:title\" content=\"AMPLICALL SENTINEL - Geemarc France\" \/>\n<meta property=\"og:description\" content=\"B\u00e9b\u00e9 vid\u00e9o alerteur avec coussin vibrant\" \/>\n<meta property=\"og:url\" content=\"https:\/\/geemarc.com\/fr\/product\/amplicall-sentinel\/\" \/>\n<meta property=\"og:site_name\" content=\"Geemarc France\" \/>\n<meta property=\"article:modified_time\" content=\"2025-07-11T06:51:29+00:00\" \/>\n<meta property=\"og:image\" content=\"https:\/\/geemarc.com\/fr\/wp-content\/uploads\/sites\/3\/2023\/02\/AMPLICALL-SENTINEL_screen-and-cam-on-standcushion-scaled.jpg\" \/>\n\t<meta property=\"og:image:width\" content=\"2560\" \/>\n\t<meta property=\"og:image:height\" content=\"1543\" \/>\n<meta name=\"twitter:card\" content=\"summary_large_image\" \/>\n<meta name=\"twitter:label1\" content=\"Dur\u00e9e de lecture est.\" \/>\n\t<meta name=\"twitter:data1\" content=\"2 minutes\" \/>\n<script type=\"application\/ld+json\" class=\"yoast-schema-graph\">{\"@context\":\"https:\/\/schema.org\",\"@graph\":[{\"@type\":\"WebSite\",\"@id\":\"https:\/\/geemarc.com\/fr\/#website\",\"url\":\"https:\/\/geemarc.com\/fr\/\",\"name\":\"Geemarc France\",\"description\":\"\",\"potentialAction\":[{\"@type\":\"SearchAction\",\"target\":{\"@type\":\"EntryPoint\",\"urlTemplate\":\"https:\/\/geemarc.com\/fr\/?s={search_term_string}\"},\"query-input\":\"required name=search_term_string\"}],\"inLanguage\":\"fr-FR\"},{\"@type\":\"ImageObject\",\"@id\":\"https:\/\/geemarc.com\/fr\/product\/amplicall-sentinel\/#primaryimage\",\"inLanguage\":\"fr-FR\",\"url\":\"https:\/\/geemarc.com\/fr\/wp-content\/uploads\/sites\/3\/2023\/02\/AMPLICALL-SENTINEL_screen-and-cam-on-standcushion-scaled.jpg\",\"contentUrl\":\"https:\/\/geemarc.com\/fr\/wp-content\/uploads\/sites\/3\/2023\/02\/AMPLICALL-SENTINEL_screen-and-cam-on-standcushion-scaled.jpg\",\"width\":2560,\"height\":1543},{\"@type\":\"WebPage\",\"@id\":\"https:\/\/geemarc.com\/fr\/product\/amplicall-sentinel\/#webpage\",\"url\":\"https:\/\/geemarc.com\/fr\/product\/amplicall-sentinel\/\",\"name\":\"AMPLICALL SENTINEL - Geemarc France\",\"isPartOf\":{\"@id\":\"https:\/\/geemarc.com\/fr\/#website\"},\"primaryImageOfPage\":{\"@id\":\"https:\/\/geemarc.com\/fr\/product\/amplicall-sentinel\/#primaryimage\"},\"datePublished\":\"2023-02-08T15:56:00+00:00\",\"dateModified\":\"2025-07-11T06:51:29+00:00\",\"breadcrumb\":{\"@id\":\"https:\/\/geemarc.com\/fr\/product\/amplicall-sentinel\/#breadcrumb\"},\"inLanguage\":\"fr-FR\",\"potentialAction\":[{\"@type\":\"ReadAction\",\"target\":[\"https:\/\/geemarc.com\/fr\/product\/amplicall-sentinel\/\"]}]},{\"@type\":\"BreadcrumbList\",\"@id\":\"https:\/\/geemarc.com\/fr\/product\/amplicall-sentinel\/#breadcrumb\",\"itemListElement\":[{\"@type\":\"ListItem\",\"position\":1,\"name\":\"Home\",\"item\":\"https:\/\/geemarc.com\/fr\/\"},{\"@type\":\"ListItem\",\"position\":2,\"name\":\"Shop\",\"item\":\"https:\/\/geemarc.com\/fr\/shop\/\"},{\"@type\":\"ListItem\",\"position\":3,\"name\":\"AMPLICALL SENTINEL\"}]}]}<\/script>\n<!-- \/ Yoast SEO plugin. -->","yoast_head_json":{"title":"AMPLICALL SENTINEL - Geemarc France","robots":{"index":"index","follow":"follow","max-snippet":"max-snippet:-1","max-image-preview":"max-image-preview:large","max-video-preview":"max-video-preview:-1"},"canonical":"https:\/\/geemarc.com\/fr\/product\/amplicall-sentinel\/","og_locale":"fr_FR","og_type":"article","og_title":"AMPLICALL SENTINEL - Geemarc France","og_description":"B\u00e9b\u00e9 vid\u00e9o alerteur avec coussin vibrant","og_url":"https:\/\/geemarc.com\/fr\/product\/amplicall-sentinel\/","og_site_name":"Geemarc France","article_modified_time":"2025-07-11T06:51:29+00:00","og_image":[{"width":2560,"height":1543,"url":"https:\/\/geemarc.com\/fr\/wp-content\/uploads\/sites\/3\/2023\/02\/AMPLICALL-SENTINEL_screen-and-cam-on-standcushion-scaled.jpg","path":"\/home\/g\/e\/geemarcwp\/public_html\/wp-content\/uploads\/sites\/3\/2023\/02\/AMPLICALL-SENTINEL_screen-and-cam-on-standcushion-scaled.jpg","size":"full","id":10460,"alt":"","pixels":3950080,"type":"image\/jpeg"}],"twitter_card":"summary_large_image","twitter_misc":{"Dur\u00e9e de lecture est.":"2 minutes"},"schema":{"@context":"https:\/\/schema.org","@graph":[{"@type":"WebSite","@id":"https:\/\/geemarc.com\/fr\/#website","url":"https:\/\/geemarc.com\/fr\/","name":"Geemarc France","description":"","potentialAction":[{"@type":"SearchAction","target":{"@type":"EntryPoint","urlTemplate":"https:\/\/geemarc.com\/fr\/?s={search_term_string}"},"query-input":"required name=search_term_string"}],"inLanguage":"fr-FR"},{"@type":"ImageObject","@id":"https:\/\/geemarc.com\/fr\/product\/amplicall-sentinel\/#primaryimage","inLanguage":"fr-FR","url":"https:\/\/geemarc.com\/fr\/wp-content\/uploads\/sites\/3\/2023\/02\/AMPLICALL-SENTINEL_screen-and-cam-on-standcushion-scaled.jpg","contentUrl":"https:\/\/geemarc.com\/fr\/wp-content\/uploads\/sites\/3\/2023\/02\/AMPLICALL-SENTINEL_screen-and-cam-on-standcushion-scaled.jpg","width":2560,"height":1543},{"@type":"WebPage","@id":"https:\/\/geemarc.com\/fr\/product\/amplicall-sentinel\/#webpage","url":"https:\/\/geemarc.com\/fr\/product\/amplicall-sentinel\/","name":"AMPLICALL SENTINEL - Geemarc France","isPartOf":{"@id":"https:\/\/geemarc.com\/fr\/#website"},"primaryImageOfPage":{"@id":"https:\/\/geemarc.com\/fr\/product\/amplicall-sentinel\/#primaryimage"},"datePublished":"2023-02-08T15:56:00+00:00","dateModified":"2025-07-11T06:51:29+00:00","breadcrumb":{"@id":"https:\/\/geemarc.com\/fr\/product\/amplicall-sentinel\/#breadcrumb"},"inLanguage":"fr-FR","potentialAction":[{"@type":"ReadAction","target":["https:\/\/geemarc.com\/fr\/product\/amplicall-sentinel\/"]}]},{"@type":"BreadcrumbList","@id":"https:\/\/geemarc.com\/fr\/product\/amplicall-sentinel\/#breadcrumb","itemListElement":[{"@type":"ListItem","position":1,"name":"Home","item":"https:\/\/geemarc.com\/fr\/"},{"@type":"ListItem","position":2,"name":"Shop","item":"https:\/\/geemarc.com\/fr\/shop\/"},{"@type":"ListItem","position":3,"name":"AMPLICALL SENTINEL"}]}]}},"acf":[],"_links":{"self":[{"href":"https:\/\/geemarc.com\/fr\/wp-json\/wp\/v2\/product\/10453"}],"collection":[{"href":"https:\/\/geemarc.com\/fr\/wp-json\/wp\/v2\/product"}],"about":[{"href":"https:\/\/geemarc.com\/fr\/wp-json\/wp\/v2\/types\/product"}],"wp:featuredmedia":[{"embeddable":true,"href":"https:\/\/geemarc.com\/fr\/wp-json\/wp\/v2\/media\/10460"}],"wp:attachment":[{"href":"https:\/\/geemarc.com\/fr\/wp-json\/wp\/v2\/media?parent=10453"}],"wp:term":[{"taxonomy":"product_cat","embeddable":true,"href":"https:\/\/geemarc.com\/fr\/wp-json\/wp\/v2\/product_cat?post=10453"},{"taxonomy":"product_tag","embeddable":true,"href":"https:\/\/geemarc.com\/fr\/wp-json\/wp\/v2\/product_tag?post=10453"}],"curies":[{"name":"wp","href":"https:\/\/api.w.org\/{rel}","templated":true}]}}