{"id":10549,"date":"2023-03-02T15:45:12","date_gmt":"2023-03-02T15:45:12","guid":{"rendered":"https:\/\/geemarc.com\/fr\/?post_type=product&#038;p=10549"},"modified":"2024-06-20T08:43:24","modified_gmt":"2024-06-20T08:43:24","slug":"amplicall-psa200","status":"publish","type":"product","link":"https:\/\/geemarc.com\/fr\/product\/amplicall-psa200\/","title":{"rendered":"AMPLICALL PSA200"},"content":{"rendered":"<p><strong>CARACTERISTIQUE<\/strong><\/p>\n<ul>\n<li>Le coussin, \u00e9quip\u00e9 de capteurs, d\u00e9tecte quand une personne n\u2019est plus assise dessus et active une alarme.<\/li>\n<li>Le transmetteur sonne afin qu\u2019il puisse \u00eatre localis\u00e9 rapidement.<\/li>\n<li>Le r\u00e9cepteur sonne et clignote avec deux types d\u2019alarme<\/li>\n<li>Le transmetteur et le r\u00e9cepteur sont compatibles avec le mod\u00e8le Amplicall Mat PSA 201 adapt\u00e9 au lit. *<\/li>\n<\/ul>\n<p>&nbsp;<\/p>\n<p><strong>TECHNIQUE<\/strong><\/p>\n<p><span style=\"text-decoration: underline;\">R\u00e9cepteur<\/span><\/p>\n<ul>\n<li>Volume de sonnerie r\u00e9glable : 85dB (HI) ou 70dB (LO)<\/li>\n<li>Indicateur lumineux &#8211; flash<\/li>\n<li>Interrupteur avec 3 positions :<br \/>\no ALARM : alterne entre 30 secondes de sonnerie + flash puis 10 secondes de pause<br \/>\no OFF : appareil \u00e9teint<br \/>\no CHIME : alterne entre 5 secondes de bip + flash puis 30 secondes de pause<\/li>\n<li>Indicateur de batterie faible<\/li>\n<li>Rayon de d\u00e9tection : 30 m\u00e8tres<\/li>\n<li>Dimensions : 89 x 126 mm<\/li>\n<li>Poids du r\u00e9cepteur :122g<\/li>\n<li>3 Piles 1.5V de type LR14 (non incluses)<\/li>\n<li>Prise Adaptateur DC (6V DC\/0.3A)<\/li>\n<\/ul>\n<p>&nbsp;<\/p>\n<p><span style=\"text-decoration: underline;\">Transmetteur<\/span><\/p>\n<ul>\n<li>Volume de sonnerie : 75 dB<\/li>\n<li>Interrupteur avec 3 positions :<br \/>\no ALERT : seul le r\u00e9cepteur r\u00e9agit selon le mode choisi<br \/>\n(ALARM \/ CHIME \/ OFF)<br \/>\no OFF : appareil \u00e9teint<br \/>\no ARM : le transmetteur alterne entre 5 secondes de bip puis 40 secondes de pause afin d\u2019\u00eatre localis\u00e9, et le r\u00e9cepteur r\u00e9agit selon le mode choisi (ALARM \/ CHIME \/ OFF)<\/li>\n<li>Fr\u00e9quence de fonctionnement : 433,92MHz<\/li>\n<li>Puissance de la fr\u00e9quence radio : &lt; 1 mW<\/li>\n<li>Dimensions du transmetteur : 120mm x 50mm<\/li>\n<li>Poids du transmetteur : 67g<\/li>\n<li>1 pile 9V de type PP3 pour le transmetteur (non inclus)<\/li>\n<\/ul>\n<p>&nbsp;<\/p>\n<p><span style=\"text-decoration: underline;\">Coussin<\/span><\/p>\n<ul>\n<li>Le coussin s\u2019adapte \u00e0 tout type d\u2019assise<\/li>\n<li>Mati\u00e8re : plastique PVC<\/li>\n<li>Taille du coussin : 360 x 360 mm<\/li>\n<li>Poids du coussin :106g<\/li>\n<\/ul>\n<p>&nbsp;<\/p>\n<p><span style=\"text-decoration: underline;\">En option<\/span><\/p>\n<ul>\n<li>Adaptateur secteur DC (6V DC\/0.3A)<\/li>\n<li>Amplicall MAT PSA 201 (lit) *<\/li>\n<\/ul>\n<p>&nbsp;<\/p>\n<div id=\"threesixty-slider-10557_6JGHDo\" class=\"threesixty-loading threesixty-image threesixty-dark-blue threesixty-vintage threesixty-no-border\" style=\"width: 800px;\">\r\n\t<div class=\"threesixty-preview-10557_6JGHDo\"><img class=\"threesixty-preview-image\" src=\"https:\/\/geemarc.com\/fr\/wp-content\/uploads\/sites\/3\/2023\/03\/DSC_0505.jpg\"\/><\/div>\r\n\t<div class=\"threesixty-spinner threesixty-spinner-10557_6JGHDo\">\r\n\t\t<span>0%<\/span>\r\n\t<\/div>\r\n\t<ol class=\"threesixty-images threesixty-images-10557_6JGHDo\"><\/ol>\r\n\t\t\t<a href=\"#threesixty-slider-10557_6JGHDo\" class=\"threesixty-mfp-anchor\"><\/a>\r\n\t<\/div>\r\n<!--SPV--><script type=\"text\/javascript\">\/\/SPV\r\n(function($) {\r\n\t\t$('#threesixty-slider-10557_6JGHDo .threesixty-mfp-anchor').magnificPopup({\r\n\t\ttype:'inline',\r\n\t\tcloseOnBgClick: true,\r\n\t\tmidClick: true,\r\n\t\t\/\/removalDelay: 300,\r\n  \t\t\/\/mainClass: 'mfp-fade',\r\n\t\tcallbacks: {\r\n\t\t\t resize: function() {\r\n\t\t\t \tvar originalHeight \t= 636,\r\n\t\t\t \t\toriginalWidth \t= 800,\r\n\t\t\t \t\tmfpHeight \t\t= 636,\r\n\t\t\t \t\tmfpWidth \t\t= 800,\r\n\t\t\t \t\tratio \t\t\t= originalWidth \/ originalHeight,\r\n\t\t\t \t\twinHeight \t\t= $(window).height(),\r\n\t\t\t \t\twinWidth \t\t= $(window).width();\r\n\t\t\t \t\r\n\t\t\t \tif ( originalHeight > winHeight * 0.9 ) {\r\n\t\t\t \t\tmfpHeight \t\t= winHeight * 0.9;\r\n\t\t\t \t\tmfpWidth \t\t= mfpHeight * ratio;\r\n\t\t\t\t}\r\n\t\t\t\tif ( mfpWidth > winWidth * 0.9 ) {\r\n\t\t\t \t\tmfpWidth \t\t= winWidth * 0.9;\r\n\t\t\t \t\tmfpHeight \t\t= mfpWidth \/ ratio;\r\n\t\t\t\t}\r\n\t\t\t \tif ( mfpHeight < originalHeight && mfpWidth < originalWidth ) {\r\n\t\t\t\t    $('#threesixty-slider-10557_6JGHDo').height(mfpHeight);\r\n\t\t\t\t    $('#threesixty-slider-10557_6JGHDo').width(mfpWidth);\r\n\t\t\t\t} \r\n\t\t\t\telse {\r\n\t\t\t\t    $('#threesixty-slider-10557_6JGHDo').height(originalHeight);\r\n\t\t\t\t    $('#threesixty-slider-10557_6JGHDo').width(originalWidth);\r\n\t\t\t\t}\r\n\t\t\t},\r\n\t\t\tclose: function() {\r\n\t\t\t    $('#threesixty-slider-10557_6JGHDo').height('auto');\r\n\t\t\t    $('#threesixty-slider-10557_6JGHDo').width(800);\r\n\t\t\t}\r\n\t\t},\r\n\t\tcloseMarkup :\"<button class=\\\"mfp-close\\\"><\/button>\"\r\n\t});\r\n\t\tvar product_10557_6JGHDo = $('#threesixty-slider-10557_6JGHDo').ThreeSixty({\r\n\t\ttotalFrames: 36,\r\n\t\tendFrame: 0,\r\n\t\tcurrentFrame: 36,\r\n\t\timgList: '.threesixty-images-10557_6JGHDo',\r\n\t\tprogress: '.threesixty-spinner-10557_6JGHDo',\r\n\t\tpreview: '.threesixty-preview-10557_6JGHDo',\r\n\t\timages: ['https:\/\/geemarc.com\/fr\/wp-content\/uploads\/sites\/3\/2023\/03\/DSC_0540.jpg','https:\/\/geemarc.com\/fr\/wp-content\/uploads\/sites\/3\/2023\/03\/DSC_0539.jpg','https:\/\/geemarc.com\/fr\/wp-content\/uploads\/sites\/3\/2023\/03\/DSC_0538.jpg','https:\/\/geemarc.com\/fr\/wp-content\/uploads\/sites\/3\/2023\/03\/DSC_0537.jpg','https:\/\/geemarc.com\/fr\/wp-content\/uploads\/sites\/3\/2023\/03\/DSC_0536.jpg','https:\/\/geemarc.com\/fr\/wp-content\/uploads\/sites\/3\/2023\/03\/DSC_0535.jpg','https:\/\/geemarc.com\/fr\/wp-content\/uploads\/sites\/3\/2023\/03\/DSC_0534.jpg','https:\/\/geemarc.com\/fr\/wp-content\/uploads\/sites\/3\/2023\/03\/DSC_0533.jpg','https:\/\/geemarc.com\/fr\/wp-content\/uploads\/sites\/3\/2023\/03\/DSC_0532.jpg','https:\/\/geemarc.com\/fr\/wp-content\/uploads\/sites\/3\/2023\/03\/DSC_0531.jpg','https:\/\/geemarc.com\/fr\/wp-content\/uploads\/sites\/3\/2023\/03\/DSC_0530.jpg','https:\/\/geemarc.com\/fr\/wp-content\/uploads\/sites\/3\/2023\/03\/DSC_0529.jpg','https:\/\/geemarc.com\/fr\/wp-content\/uploads\/sites\/3\/2023\/03\/DSC_0528.jpg','https:\/\/geemarc.com\/fr\/wp-content\/uploads\/sites\/3\/2023\/03\/DSC_0527.jpg','https:\/\/geemarc.com\/fr\/wp-content\/uploads\/sites\/3\/2023\/03\/DSC_0526.jpg','https:\/\/geemarc.com\/fr\/wp-content\/uploads\/sites\/3\/2023\/03\/DSC_0525.jpg','https:\/\/geemarc.com\/fr\/wp-content\/uploads\/sites\/3\/2023\/03\/DSC_0524.jpg','https:\/\/geemarc.com\/fr\/wp-content\/uploads\/sites\/3\/2023\/03\/DSC_0523.jpg','https:\/\/geemarc.com\/fr\/wp-content\/uploads\/sites\/3\/2023\/03\/DSC_0522.jpg','https:\/\/geemarc.com\/fr\/wp-content\/uploads\/sites\/3\/2023\/03\/DSC_0521.jpg','https:\/\/geemarc.com\/fr\/wp-content\/uploads\/sites\/3\/2023\/03\/DSC_0520.jpg','https:\/\/geemarc.com\/fr\/wp-content\/uploads\/sites\/3\/2023\/03\/DSC_0519.jpg','https:\/\/geemarc.com\/fr\/wp-content\/uploads\/sites\/3\/2023\/03\/DSC_0518.jpg','https:\/\/geemarc.com\/fr\/wp-content\/uploads\/sites\/3\/2023\/03\/DSC_0517.jpg','https:\/\/geemarc.com\/fr\/wp-content\/uploads\/sites\/3\/2023\/03\/DSC_0516.jpg','https:\/\/geemarc.com\/fr\/wp-content\/uploads\/sites\/3\/2023\/03\/DSC_0515.jpg','https:\/\/geemarc.com\/fr\/wp-content\/uploads\/sites\/3\/2023\/03\/DSC_0514.jpg','https:\/\/geemarc.com\/fr\/wp-content\/uploads\/sites\/3\/2023\/03\/DSC_0513.jpg','https:\/\/geemarc.com\/fr\/wp-content\/uploads\/sites\/3\/2023\/03\/DSC_0512.jpg','https:\/\/geemarc.com\/fr\/wp-content\/uploads\/sites\/3\/2023\/03\/DSC_0511.jpg','https:\/\/geemarc.com\/fr\/wp-content\/uploads\/sites\/3\/2023\/03\/DSC_0510.jpg','https:\/\/geemarc.com\/fr\/wp-content\/uploads\/sites\/3\/2023\/03\/DSC_0509.jpg','https:\/\/geemarc.com\/fr\/wp-content\/uploads\/sites\/3\/2023\/03\/DSC_0508.jpg','https:\/\/geemarc.com\/fr\/wp-content\/uploads\/sites\/3\/2023\/03\/DSC_0507.jpg','https:\/\/geemarc.com\/fr\/wp-content\/uploads\/sites\/3\/2023\/03\/DSC_0506.jpg','https:\/\/geemarc.com\/fr\/wp-content\/uploads\/sites\/3\/2023\/03\/DSC_0505.jpg'],\r\n\t\theight: 0,\r\n\t\twidth: 800,\r\n\t\tnavigation: true,\r\n\t\tdrag: true,\r\n\t\tshowCursor: true,\r\n\t\tinterval: 120,\r\n\t\tspeedMultiplier: 3,\r\n\t\t\t\tstartAutoplay: true,\r\n\t\t\t\tonReady: function() {\r\n\t\t\t$(\"#threesixty-slider-10557_6JGHDo\").removeClass('threesixty-loading');\r\n\t\t\t\t\t\tproduct_10557_6JGHDo.play();\r\n\t\t\t\t\t\t\t\t}\r\n\t\t\t});\r\n\t\t\t}(jQuery));\r\n<\/script>\n","protected":false},"excerpt":{"rendered":"<p>D\u00e9tecteur de chute<\/p>\n","protected":false},"featured_media":10633,"template":"","meta":[],"product_cat":[145],"product_tag":[],"yoast_head":"<!-- This site is optimized with the Yoast SEO plugin v16.9 - https:\/\/yoast.com\/wordpress\/plugins\/seo\/ -->\n<title>AMPLICALL PSA200 - Geemarc France<\/title>\n<meta name=\"robots\" content=\"index, follow, max-snippet:-1, max-image-preview:large, max-video-preview:-1\" \/>\n<link rel=\"canonical\" href=\"https:\/\/geemarc.com\/fr\/product\/amplicall-psa200\/\" \/>\n<meta property=\"og:locale\" content=\"fr_FR\" \/>\n<meta property=\"og:type\" content=\"article\" \/>\n<meta property=\"og:title\" content=\"AMPLICALL PSA200 - Geemarc France\" \/>\n<meta property=\"og:description\" content=\"D\u00e9tecteur de chute\" \/>\n<meta property=\"og:url\" content=\"https:\/\/geemarc.com\/fr\/product\/amplicall-psa200\/\" \/>\n<meta property=\"og:site_name\" content=\"Geemarc France\" \/>\n<meta property=\"article:modified_time\" content=\"2024-06-20T08:43:24+00:00\" \/>\n<meta property=\"og:image\" content=\"https:\/\/geemarc.com\/fr\/wp-content\/uploads\/sites\/3\/2023\/03\/Amplicall-PSA-200_lights-on-scaled.jpg\" \/>\n\t<meta property=\"og:image:width\" content=\"2560\" \/>\n\t<meta property=\"og:image:height\" content=\"1702\" \/>\n<meta name=\"twitter:card\" content=\"summary_large_image\" \/>\n<meta name=\"twitter:label1\" content=\"Dur\u00e9e de lecture est.\" \/>\n\t<meta name=\"twitter:data1\" content=\"2 minutes\" \/>\n<script type=\"application\/ld+json\" class=\"yoast-schema-graph\">{\"@context\":\"https:\/\/schema.org\",\"@graph\":[{\"@type\":\"WebSite\",\"@id\":\"https:\/\/geemarc.com\/fr\/#website\",\"url\":\"https:\/\/geemarc.com\/fr\/\",\"name\":\"Geemarc France\",\"description\":\"\",\"potentialAction\":[{\"@type\":\"SearchAction\",\"target\":{\"@type\":\"EntryPoint\",\"urlTemplate\":\"https:\/\/geemarc.com\/fr\/?s={search_term_string}\"},\"query-input\":\"required name=search_term_string\"}],\"inLanguage\":\"fr-FR\"},{\"@type\":\"ImageObject\",\"@id\":\"https:\/\/geemarc.com\/fr\/product\/amplicall-psa200\/#primaryimage\",\"inLanguage\":\"fr-FR\",\"url\":\"https:\/\/geemarc.com\/fr\/wp-content\/uploads\/sites\/3\/2023\/03\/Amplicall-PSA-200_lights-on-scaled.jpg\",\"contentUrl\":\"https:\/\/geemarc.com\/fr\/wp-content\/uploads\/sites\/3\/2023\/03\/Amplicall-PSA-200_lights-on-scaled.jpg\",\"width\":2560,\"height\":1702},{\"@type\":\"WebPage\",\"@id\":\"https:\/\/geemarc.com\/fr\/product\/amplicall-psa200\/#webpage\",\"url\":\"https:\/\/geemarc.com\/fr\/product\/amplicall-psa200\/\",\"name\":\"AMPLICALL PSA200 - Geemarc France\",\"isPartOf\":{\"@id\":\"https:\/\/geemarc.com\/fr\/#website\"},\"primaryImageOfPage\":{\"@id\":\"https:\/\/geemarc.com\/fr\/product\/amplicall-psa200\/#primaryimage\"},\"datePublished\":\"2023-03-02T15:45:12+00:00\",\"dateModified\":\"2024-06-20T08:43:24+00:00\",\"breadcrumb\":{\"@id\":\"https:\/\/geemarc.com\/fr\/product\/amplicall-psa200\/#breadcrumb\"},\"inLanguage\":\"fr-FR\",\"potentialAction\":[{\"@type\":\"ReadAction\",\"target\":[\"https:\/\/geemarc.com\/fr\/product\/amplicall-psa200\/\"]}]},{\"@type\":\"BreadcrumbList\",\"@id\":\"https:\/\/geemarc.com\/fr\/product\/amplicall-psa200\/#breadcrumb\",\"itemListElement\":[{\"@type\":\"ListItem\",\"position\":1,\"name\":\"Home\",\"item\":\"https:\/\/geemarc.com\/fr\/\"},{\"@type\":\"ListItem\",\"position\":2,\"name\":\"Shop\",\"item\":\"https:\/\/geemarc.com\/fr\/shop\/\"},{\"@type\":\"ListItem\",\"position\":3,\"name\":\"AMPLICALL PSA200\"}]}]}<\/script>\n<!-- \/ Yoast SEO plugin. -->","yoast_head_json":{"title":"AMPLICALL PSA200 - Geemarc France","robots":{"index":"index","follow":"follow","max-snippet":"max-snippet:-1","max-image-preview":"max-image-preview:large","max-video-preview":"max-video-preview:-1"},"canonical":"https:\/\/geemarc.com\/fr\/product\/amplicall-psa200\/","og_locale":"fr_FR","og_type":"article","og_title":"AMPLICALL PSA200 - Geemarc France","og_description":"D\u00e9tecteur de chute","og_url":"https:\/\/geemarc.com\/fr\/product\/amplicall-psa200\/","og_site_name":"Geemarc France","article_modified_time":"2024-06-20T08:43:24+00:00","og_image":[{"width":2560,"height":1702,"url":"https:\/\/geemarc.com\/fr\/wp-content\/uploads\/sites\/3\/2023\/03\/Amplicall-PSA-200_lights-on-scaled.jpg","path":"\/home\/g\/e\/geemarcwp\/public_html\/wp-content\/uploads\/sites\/3\/2023\/03\/Amplicall-PSA-200_lights-on-scaled.jpg","size":"full","id":10633,"alt":"","pixels":4357120,"type":"image\/jpeg"}],"twitter_card":"summary_large_image","twitter_misc":{"Dur\u00e9e de lecture est.":"2 minutes"},"schema":{"@context":"https:\/\/schema.org","@graph":[{"@type":"WebSite","@id":"https:\/\/geemarc.com\/fr\/#website","url":"https:\/\/geemarc.com\/fr\/","name":"Geemarc France","description":"","potentialAction":[{"@type":"SearchAction","target":{"@type":"EntryPoint","urlTemplate":"https:\/\/geemarc.com\/fr\/?s={search_term_string}"},"query-input":"required name=search_term_string"}],"inLanguage":"fr-FR"},{"@type":"ImageObject","@id":"https:\/\/geemarc.com\/fr\/product\/amplicall-psa200\/#primaryimage","inLanguage":"fr-FR","url":"https:\/\/geemarc.com\/fr\/wp-content\/uploads\/sites\/3\/2023\/03\/Amplicall-PSA-200_lights-on-scaled.jpg","contentUrl":"https:\/\/geemarc.com\/fr\/wp-content\/uploads\/sites\/3\/2023\/03\/Amplicall-PSA-200_lights-on-scaled.jpg","width":2560,"height":1702},{"@type":"WebPage","@id":"https:\/\/geemarc.com\/fr\/product\/amplicall-psa200\/#webpage","url":"https:\/\/geemarc.com\/fr\/product\/amplicall-psa200\/","name":"AMPLICALL PSA200 - Geemarc France","isPartOf":{"@id":"https:\/\/geemarc.com\/fr\/#website"},"primaryImageOfPage":{"@id":"https:\/\/geemarc.com\/fr\/product\/amplicall-psa200\/#primaryimage"},"datePublished":"2023-03-02T15:45:12+00:00","dateModified":"2024-06-20T08:43:24+00:00","breadcrumb":{"@id":"https:\/\/geemarc.com\/fr\/product\/amplicall-psa200\/#breadcrumb"},"inLanguage":"fr-FR","potentialAction":[{"@type":"ReadAction","target":["https:\/\/geemarc.com\/fr\/product\/amplicall-psa200\/"]}]},{"@type":"BreadcrumbList","@id":"https:\/\/geemarc.com\/fr\/product\/amplicall-psa200\/#breadcrumb","itemListElement":[{"@type":"ListItem","position":1,"name":"Home","item":"https:\/\/geemarc.com\/fr\/"},{"@type":"ListItem","position":2,"name":"Shop","item":"https:\/\/geemarc.com\/fr\/shop\/"},{"@type":"ListItem","position":3,"name":"AMPLICALL PSA200"}]}]}},"acf":[],"_links":{"self":[{"href":"https:\/\/geemarc.com\/fr\/wp-json\/wp\/v2\/product\/10549"}],"collection":[{"href":"https:\/\/geemarc.com\/fr\/wp-json\/wp\/v2\/product"}],"about":[{"href":"https:\/\/geemarc.com\/fr\/wp-json\/wp\/v2\/types\/product"}],"wp:featuredmedia":[{"embeddable":true,"href":"https:\/\/geemarc.com\/fr\/wp-json\/wp\/v2\/media\/10633"}],"wp:attachment":[{"href":"https:\/\/geemarc.com\/fr\/wp-json\/wp\/v2\/media?parent=10549"}],"wp:term":[{"taxonomy":"product_cat","embeddable":true,"href":"https:\/\/geemarc.com\/fr\/wp-json\/wp\/v2\/product_cat?post=10549"},{"taxonomy":"product_tag","embeddable":true,"href":"https:\/\/geemarc.com\/fr\/wp-json\/wp\/v2\/product_tag?post=10549"}],"curies":[{"name":"wp","href":"https:\/\/api.w.org\/{rel}","templated":true}]}}